{"id":5182,"date":"2018-09-07T15:19:11","date_gmt":"2018-09-07T13:19:11","guid":{"rendered":"https:\/\/ptmsrl.com\/prodotto\/telerf\/"},"modified":"2019-07-23T10:30:46","modified_gmt":"2019-07-23T08:30:46","slug":"telerf","status":"publish","type":"product","link":"https:\/\/ptmsrl.com\/es\/prodotto\/telerf\/","title":{"rendered":"Telerf"},"content":{"rendered":"<ul>\n<li>Posibilidad de programaci\u00f3n personalizada<\/li>\n<li>Extrema versatilidad para diferentes aplicaciones (corta pajas, carros mezcladores, sembradoras, rotoembaladoras, vag\u00f3nes cisternas, gr\u00faas, plataformas etc.)<\/li>\n<li>Posibilidad de tener 6 ingresos gestionados por sensores, bot\u00f3nes externos o micro interruptores<\/li>\n<li>Funcionamiento hasta 50 m (Wireless)<\/li>\n<li>Teclado intuitivo con simbolog\u00edas personalizable<\/li>\n<li>Caja ergon\u00f3mica<\/li>\n<li>Posibilidad de un soporte para la fijaci\u00f3n<\/li>\n<li>Bot\u00f3n de emergencia para interrumpir de manera instant\u00e1nea las operaciones<\/li>\n<li>Protecci\u00f3n de las v\u00e1lvulas contra posibles cortocircuitos<\/li>\n<li>Resistencia a vibraciones y fuertes solicitaciones mec\u00e1nicas<\/li>\n<li>Bater\u00edas Est\u00e1ndar<\/li>\n<li>Opcional: sensores que registran la presencia del usuario<\/li>\n<\/ul>\n","protected":false},"excerpt":{"rendered":"<h3><strong>Mando a distancia para el controle y la automatizaci\u00f3n de las operaciones<\/strong><\/h3>\n<p align=\"justify\">El mando a distancia TELERF ha sido dise\u0148ado para satisfacer las exigencias de control y automatizaci\u00f3n a distancia con trasmisi\u00f3n wireless o por cable.<br \/>\nEs posible controlar <strong>dispositivos de cualquier tipo<\/strong>: el\u00e9ctricos, electrohidr\u00e1ulicos, electromec\u00f3nicos etc..es posible controlar las funciones de diferentes maquinarias (corta pajas, carros mezcladores, sembradoras, rotoembaladoras, vag\u00f3nes cisternas, gr\u00faas, plataformas etc.) mandando directamente las salidas asociadas a una determinada operaci\u00f3n. Adem\u00e1s para una mejor claridad de las operaciones en curso, todos los mandos activos son <strong>visualizados en la pantalla<\/strong>.<\/p>\n<p align=\"justify\">El dispositivo ha sido dise\u0148ado para la gesti\u00f3n de hasta 28 electrov\u00e1lvulas, de las cuales 4 de tipo proporcional y 4 rel\u00e9s, permitiendo as\u00ed de emplear tanto dispositivos on\/off como dispositivos programables.<br \/>\nEl TELERF es un dispositivo muy vers\u00e1til porque se puede utilizar con diferentes aplicaciones gracias a un n\u00famero ilimitado de combinaciones y de configuraciones disponibles.<\/p>\n<p align=\"justify\">El mando a distancia wireless permite de controlar maquinarias a una distancia de hasta 50 m; el mando con cable en lugar est\u00e1 aconsejado para las maquinarias que tienen partes mec\u00e1nicas en movimiento pontecialmente peligrosas.<\/p>\n","protected":false},"featured_media":10498,"template":"","meta":{"inline_featured_image":false},"product_brand":[],"product_cat":[234],"product_tag":[],"class_list":{"0":"post-5182","1":"product","2":"type-product","3":"status-publish","4":"has-post-thumbnail","6":"product_cat-soluciones-personalizadas","8":"first","9":"instock","10":"downloadable","11":"shipping-taxable","12":"product-type-simple"},"yoast_head":"<!-- This site is optimized with the Yoast SEO plugin v25.3 - https:\/\/yoast.com\/wordpress\/plugins\/seo\/ -->\n<title>PTM Srl | Telerf<\/title>\n<meta name=\"robots\" content=\"index, follow, max-snippet:-1, max-image-preview:large, max-video-preview:-1\" \/>\n<link rel=\"canonical\" href=\"https:\/\/ptmsrl.com\/es\/prodotto\/telerf\/\" \/>\n<meta property=\"og:locale\" content=\"es_ES\" \/>\n<meta property=\"og:type\" content=\"article\" \/>\n<meta property=\"og:title\" content=\"PTM Srl | Telerf\" \/>\n<meta property=\"og:description\" content=\"Mando a distancia para el controle y la automatizaci\u00f3n de las operaciones El mando a distancia TELERF ha sido dise\u0148ado para satisfacer las exigencias de control y automatizaci\u00f3n a distancia con trasmisi\u00f3n wireless o por cable. Es posible controlar dispositivos de cualquier tipo: el\u00e9ctricos, electrohidr\u00e1ulicos, electromec\u00f3nicos etc..es posible controlar las funciones de diferentes maquinarias (corta pajas, carros mezcladores, sembradoras, rotoembaladoras, vag\u00f3nes cisternas, gr\u00faas, plataformas etc.) mandando directamente las salidas asociadas a una determinada operaci\u00f3n. Adem\u00e1s para una mejor claridad de las operaciones en curso, todos los mandos activos son visualizados en la pantalla. El dispositivo ha sido dise\u0148ado para la gesti\u00f3n de hasta 28 electrov\u00e1lvulas, de las cuales 4 de tipo proporcional y 4 rel\u00e9s, permitiendo as\u00ed de emplear tanto dispositivos on\/off como dispositivos programables. El TELERF es un dispositivo muy vers\u00e1til porque se puede utilizar con diferentes aplicaciones gracias a un n\u00famero ilimitado de combinaciones y de configuraciones disponibles.  El mando a distancia wireless permite de controlar maquinarias a una distancia de hasta 50 m; el mando con cable en lugar est\u00e1 aconsejado para las maquinarias que tienen partes mec\u00e1nicas en movimiento pontecialmente peligrosas.\" \/>\n<meta property=\"og:url\" content=\"https:\/\/ptmsrl.com\/es\/prodotto\/telerf\/\" \/>\n<meta property=\"og:site_name\" content=\"PTM Srl\" \/>\n<meta property=\"article:publisher\" content=\"https:\/\/www.facebook.com\/believingintechnology\/\" \/>\n<meta property=\"article:modified_time\" content=\"2019-07-23T08:30:46+00:00\" \/>\n<meta property=\"og:image\" content=\"https:\/\/ptmsrl.com\/wp-content\/uploads\/2018\/09\/Telerf2_image.jpg\" \/>\n\t<meta property=\"og:image:width\" content=\"1024\" \/>\n\t<meta property=\"og:image:height\" content=\"1024\" \/>\n\t<meta property=\"og:image:type\" content=\"image\/jpeg\" \/>\n<meta name=\"twitter:card\" content=\"summary_large_image\" \/>\n<meta name=\"twitter:site\" content=\"@ptm\" \/>\n<script type=\"application\/ld+json\" class=\"yoast-schema-graph\">{\"@context\":\"https:\/\/schema.org\",\"@graph\":[{\"@type\":\"WebPage\",\"@id\":\"https:\/\/ptmsrl.com\/es\/prodotto\/telerf\/\",\"url\":\"https:\/\/ptmsrl.com\/es\/prodotto\/telerf\/\",\"name\":\"PTM Srl | Telerf\",\"isPartOf\":{\"@id\":\"https:\/\/ptmsrl.com\/#website\"},\"primaryImageOfPage\":{\"@id\":\"https:\/\/ptmsrl.com\/es\/prodotto\/telerf\/#primaryimage\"},\"image\":{\"@id\":\"https:\/\/ptmsrl.com\/es\/prodotto\/telerf\/#primaryimage\"},\"thumbnailUrl\":\"https:\/\/ptmsrl.com\/wp-content\/uploads\/2018\/09\/Telerf2_image.jpg\",\"datePublished\":\"2018-09-07T13:19:11+00:00\",\"dateModified\":\"2019-07-23T08:30:46+00:00\",\"breadcrumb\":{\"@id\":\"https:\/\/ptmsrl.com\/es\/prodotto\/telerf\/#breadcrumb\"},\"inLanguage\":\"es\",\"potentialAction\":[{\"@type\":\"ReadAction\",\"target\":[\"https:\/\/ptmsrl.com\/es\/prodotto\/telerf\/\"]}]},{\"@type\":\"ImageObject\",\"inLanguage\":\"es\",\"@id\":\"https:\/\/ptmsrl.com\/es\/prodotto\/telerf\/#primaryimage\",\"url\":\"https:\/\/ptmsrl.com\/wp-content\/uploads\/2018\/09\/Telerf2_image.jpg\",\"contentUrl\":\"https:\/\/ptmsrl.com\/wp-content\/uploads\/2018\/09\/Telerf2_image.jpg\",\"width\":1024,\"height\":1024,\"caption\":\"telerf2_image\"},{\"@type\":\"BreadcrumbList\",\"@id\":\"https:\/\/ptmsrl.com\/es\/prodotto\/telerf\/#breadcrumb\",\"itemListElement\":[{\"@type\":\"ListItem\",\"position\":1,\"name\":\"Home\",\"item\":\"https:\/\/ptmsrl.com\/es\/\"},{\"@type\":\"ListItem\",\"position\":2,\"name\":\"Shop\",\"item\":\"https:\/\/ptmsrl.com\/shop\/\"},{\"@type\":\"ListItem\",\"position\":3,\"name\":\"Telerf\"}]},{\"@type\":\"WebSite\",\"@id\":\"https:\/\/ptmsrl.com\/#website\",\"url\":\"https:\/\/ptmsrl.com\/\",\"name\":\"PTM Srl\",\"description\":\"\u041c\u042b \u041f\u0420\u041e\u0418\u0417\u0412\u041e\u0414\u0418\u041c \u041a\u0410\u0427\u0415\u0421\u0422\u0412\u041e, \u041a\u041e\u0422\u041e\u0420\u041e\u0415 \u0418\u041c\u0415\u0415\u0422 \u041e\u0421\u041e\u0411\u042b\u0419 \u0412\u0415\u0421\",\"publisher\":{\"@id\":\"https:\/\/ptmsrl.com\/#organization\"},\"potentialAction\":[{\"@type\":\"SearchAction\",\"target\":{\"@type\":\"EntryPoint\",\"urlTemplate\":\"https:\/\/ptmsrl.com\/?s={search_term_string}\"},\"query-input\":{\"@type\":\"PropertyValueSpecification\",\"valueRequired\":true,\"valueName\":\"search_term_string\"}}],\"inLanguage\":\"es\"},{\"@type\":\"Organization\",\"@id\":\"https:\/\/ptmsrl.com\/#organization\",\"name\":\"PTM srl\",\"url\":\"https:\/\/ptmsrl.com\/\",\"logo\":{\"@type\":\"ImageObject\",\"inLanguage\":\"es\",\"@id\":\"https:\/\/ptmsrl.com\/#\/schema\/logo\/image\/\",\"url\":\"https:\/\/ptmsrl.com\/wp-content\/uploads\/2018\/10\/LOGO-PTM.png\",\"contentUrl\":\"https:\/\/ptmsrl.com\/wp-content\/uploads\/2018\/10\/LOGO-PTM.png\",\"width\":1000,\"height\":500,\"caption\":\"PTM srl\"},\"image\":{\"@id\":\"https:\/\/ptmsrl.com\/#\/schema\/logo\/image\/\"},\"sameAs\":[\"https:\/\/www.facebook.com\/believingintechnology\/\",\"https:\/\/x.com\/ptm\",\"https:\/\/www.linkedin.com\/company\/ptm-s-r-l\/\",\"https:\/\/www.youtube.com\/channel\/UCPSOS0MaR-4jDkAD3HkAC7A\"]}]}<\/script>\n<!-- \/ Yoast SEO plugin. -->","yoast_head_json":{"title":"PTM Srl | Telerf","robots":{"index":"index","follow":"follow","max-snippet":"max-snippet:-1","max-image-preview":"max-image-preview:large","max-video-preview":"max-video-preview:-1"},"canonical":"https:\/\/ptmsrl.com\/es\/prodotto\/telerf\/","og_locale":"es_ES","og_type":"article","og_title":"PTM Srl | Telerf","og_description":"Mando a distancia para el controle y la automatizaci\u00f3n de las operaciones El mando a distancia TELERF ha sido dise\u0148ado para satisfacer las exigencias de control y automatizaci\u00f3n a distancia con trasmisi\u00f3n wireless o por cable. Es posible controlar dispositivos de cualquier tipo: el\u00e9ctricos, electrohidr\u00e1ulicos, electromec\u00f3nicos etc..es posible controlar las funciones de diferentes maquinarias (corta pajas, carros mezcladores, sembradoras, rotoembaladoras, vag\u00f3nes cisternas, gr\u00faas, plataformas etc.) mandando directamente las salidas asociadas a una determinada operaci\u00f3n. Adem\u00e1s para una mejor claridad de las operaciones en curso, todos los mandos activos son visualizados en la pantalla. El dispositivo ha sido dise\u0148ado para la gesti\u00f3n de hasta 28 electrov\u00e1lvulas, de las cuales 4 de tipo proporcional y 4 rel\u00e9s, permitiendo as\u00ed de emplear tanto dispositivos on\/off como dispositivos programables. El TELERF es un dispositivo muy vers\u00e1til porque se puede utilizar con diferentes aplicaciones gracias a un n\u00famero ilimitado de combinaciones y de configuraciones disponibles.  El mando a distancia wireless permite de controlar maquinarias a una distancia de hasta 50 m; el mando con cable en lugar est\u00e1 aconsejado para las maquinarias que tienen partes mec\u00e1nicas en movimiento pontecialmente peligrosas.","og_url":"https:\/\/ptmsrl.com\/es\/prodotto\/telerf\/","og_site_name":"PTM Srl","article_publisher":"https:\/\/www.facebook.com\/believingintechnology\/","article_modified_time":"2019-07-23T08:30:46+00:00","og_image":[{"width":1024,"height":1024,"url":"https:\/\/ptmsrl.com\/wp-content\/uploads\/2018\/09\/Telerf2_image.jpg","type":"image\/jpeg"}],"twitter_card":"summary_large_image","twitter_site":"@ptm","schema":{"@context":"https:\/\/schema.org","@graph":[{"@type":"WebPage","@id":"https:\/\/ptmsrl.com\/es\/prodotto\/telerf\/","url":"https:\/\/ptmsrl.com\/es\/prodotto\/telerf\/","name":"PTM Srl | Telerf","isPartOf":{"@id":"https:\/\/ptmsrl.com\/#website"},"primaryImageOfPage":{"@id":"https:\/\/ptmsrl.com\/es\/prodotto\/telerf\/#primaryimage"},"image":{"@id":"https:\/\/ptmsrl.com\/es\/prodotto\/telerf\/#primaryimage"},"thumbnailUrl":"https:\/\/ptmsrl.com\/wp-content\/uploads\/2018\/09\/Telerf2_image.jpg","datePublished":"2018-09-07T13:19:11+00:00","dateModified":"2019-07-23T08:30:46+00:00","breadcrumb":{"@id":"https:\/\/ptmsrl.com\/es\/prodotto\/telerf\/#breadcrumb"},"inLanguage":"es","potentialAction":[{"@type":"ReadAction","target":["https:\/\/ptmsrl.com\/es\/prodotto\/telerf\/"]}]},{"@type":"ImageObject","inLanguage":"es","@id":"https:\/\/ptmsrl.com\/es\/prodotto\/telerf\/#primaryimage","url":"https:\/\/ptmsrl.com\/wp-content\/uploads\/2018\/09\/Telerf2_image.jpg","contentUrl":"https:\/\/ptmsrl.com\/wp-content\/uploads\/2018\/09\/Telerf2_image.jpg","width":1024,"height":1024,"caption":"telerf2_image"},{"@type":"BreadcrumbList","@id":"https:\/\/ptmsrl.com\/es\/prodotto\/telerf\/#breadcrumb","itemListElement":[{"@type":"ListItem","position":1,"name":"Home","item":"https:\/\/ptmsrl.com\/es\/"},{"@type":"ListItem","position":2,"name":"Shop","item":"https:\/\/ptmsrl.com\/shop\/"},{"@type":"ListItem","position":3,"name":"Telerf"}]},{"@type":"WebSite","@id":"https:\/\/ptmsrl.com\/#website","url":"https:\/\/ptmsrl.com\/","name":"PTM Srl","description":"\u041c\u042b \u041f\u0420\u041e\u0418\u0417\u0412\u041e\u0414\u0418\u041c \u041a\u0410\u0427\u0415\u0421\u0422\u0412\u041e, \u041a\u041e\u0422\u041e\u0420\u041e\u0415 \u0418\u041c\u0415\u0415\u0422 \u041e\u0421\u041e\u0411\u042b\u0419 \u0412\u0415\u0421","publisher":{"@id":"https:\/\/ptmsrl.com\/#organization"},"potentialAction":[{"@type":"SearchAction","target":{"@type":"EntryPoint","urlTemplate":"https:\/\/ptmsrl.com\/?s={search_term_string}"},"query-input":{"@type":"PropertyValueSpecification","valueRequired":true,"valueName":"search_term_string"}}],"inLanguage":"es"},{"@type":"Organization","@id":"https:\/\/ptmsrl.com\/#organization","name":"PTM srl","url":"https:\/\/ptmsrl.com\/","logo":{"@type":"ImageObject","inLanguage":"es","@id":"https:\/\/ptmsrl.com\/#\/schema\/logo\/image\/","url":"https:\/\/ptmsrl.com\/wp-content\/uploads\/2018\/10\/LOGO-PTM.png","contentUrl":"https:\/\/ptmsrl.com\/wp-content\/uploads\/2018\/10\/LOGO-PTM.png","width":1000,"height":500,"caption":"PTM srl"},"image":{"@id":"https:\/\/ptmsrl.com\/#\/schema\/logo\/image\/"},"sameAs":["https:\/\/www.facebook.com\/believingintechnology\/","https:\/\/x.com\/ptm","https:\/\/www.linkedin.com\/company\/ptm-s-r-l\/","https:\/\/www.youtube.com\/channel\/UCPSOS0MaR-4jDkAD3HkAC7A"]}]}},"_links":{"self":[{"href":"https:\/\/ptmsrl.com\/es\/wp-json\/wp\/v2\/product\/5182","targetHints":{"allow":["GET"]}}],"collection":[{"href":"https:\/\/ptmsrl.com\/es\/wp-json\/wp\/v2\/product"}],"about":[{"href":"https:\/\/ptmsrl.com\/es\/wp-json\/wp\/v2\/types\/product"}],"wp:featuredmedia":[{"embeddable":true,"href":"https:\/\/ptmsrl.com\/es\/wp-json\/wp\/v2\/media\/10498"}],"wp:attachment":[{"href":"https:\/\/ptmsrl.com\/es\/wp-json\/wp\/v2\/media?parent=5182"}],"wp:term":[{"taxonomy":"product_brand","embeddable":true,"href":"https:\/\/ptmsrl.com\/es\/wp-json\/wp\/v2\/product_brand?post=5182"},{"taxonomy":"product_cat","embeddable":true,"href":"https:\/\/ptmsrl.com\/es\/wp-json\/wp\/v2\/product_cat?post=5182"},{"taxonomy":"product_tag","embeddable":true,"href":"https:\/\/ptmsrl.com\/es\/wp-json\/wp\/v2\/product_tag?post=5182"}],"curies":[{"name":"wp","href":"https:\/\/api.w.org\/{rel}","templated":true}]}}