{"id":5197,"date":"2018-09-07T15:50:18","date_gmt":"2018-09-07T13:50:18","guid":{"rendered":"https:\/\/ptmsrl.com\/prodotto\/telerf-spanditore-adv-dribble\/"},"modified":"2019-07-23T10:32:32","modified_gmt":"2019-07-23T08:32:32","slug":"telerf-spanditore-adv-dribble","status":"publish","type":"product","link":"https:\/\/ptmsrl.com\/es\/prodotto\/telerf-spanditore-adv-dribble\/","title":{"rendered":"Telerf Spanditore ADV Dribble"},"content":{"rendered":"","protected":false},"excerpt":{"rendered":"<h3><strong>El sistema est\u00e1 utilizado para la gesti\u00f3n de los mando hidr\u00e1ulicos en m\u00e1quinas operadoras<\/strong><\/h3>\n<p align=\"justify\">Esta electr\u00f3nica permite de gestionar hasta 28 salidas, 4 de las cuales mandadas por rel\u00e9 y 14 entradas. Las salidas pueden activar de las v\u00e1lvulas hidr\u00e1ulicas especificas con un amperaje sobre solo canal de 6A Max, por un total de 40A Max. El sistema est\u00e1 formado por una b\u00e1scula montada en la m\u00e1quina operadora y por un port\u00e1til gr\u00e1fico equipado por pantalla a colores y transmisi\u00f3n RF; el port\u00e1til est\u00e1 equipado por un teclado Custom que manda las funciones hidr\u00e1ulicas.<\/p>\n<p align=\"justify\">Las funciones hidr\u00e1ulicas pueden abrir y cerrar las secciones del esparcidor, activar los motores hidr\u00e1ulicos y otras funciones conexas. Posibilidad de modificar algunas entradas \/ salidas por determinados ajuste del port\u00e1til. Posibilidad de solicitar un software dedicado para gestionar especificas funciones hidr\u00e1ulicas.<br \/>\nEl contenedor en resina especial del port\u00e1til gr\u00e1fico es un material que puede resistir a los rayos UV, a las variaciones de temperatura y a una amplia gama de substancias qu\u00edmicas, incluido muchos solventes.<\/p>\n","protected":false},"featured_media":5198,"template":"","meta":{"inline_featured_image":false},"product_brand":[],"product_cat":[234],"product_tag":[],"class_list":{"0":"post-5197","1":"product","2":"type-product","3":"status-publish","4":"has-post-thumbnail","6":"product_cat-soluciones-personalizadas","8":"first","9":"instock","10":"downloadable","11":"shipping-taxable","12":"product-type-simple"},"yoast_head":"<!-- This site is optimized with the Yoast SEO plugin v25.3 - https:\/\/yoast.com\/wordpress\/plugins\/seo\/ -->\n<title>PTM Srl | Telerf Spanditore ADV Dribble<\/title>\n<meta name=\"robots\" content=\"index, follow, max-snippet:-1, max-image-preview:large, max-video-preview:-1\" \/>\n<link rel=\"canonical\" href=\"https:\/\/ptmsrl.com\/es\/prodotto\/telerf-spanditore-adv-dribble\/\" \/>\n<meta property=\"og:locale\" content=\"es_ES\" \/>\n<meta property=\"og:type\" content=\"article\" \/>\n<meta property=\"og:title\" content=\"PTM Srl | Telerf Spanditore ADV Dribble\" \/>\n<meta property=\"og:description\" content=\"El sistema est\u00e1 utilizado para la gesti\u00f3n de los mando hidr\u00e1ulicos en m\u00e1quinas operadoras Esta electr\u00f3nica permite de gestionar hasta 28 salidas, 4 de las cuales mandadas por rel\u00e9 y 14 entradas. Las salidas pueden activar de las v\u00e1lvulas hidr\u00e1ulicas especificas con un amperaje sobre solo canal de 6A Max, por un total de 40A Max. El sistema est\u00e1 formado por una b\u00e1scula montada en la m\u00e1quina operadora y por un port\u00e1til gr\u00e1fico equipado por pantalla a colores y transmisi\u00f3n RF; el port\u00e1til est\u00e1 equipado por un teclado Custom que manda las funciones hidr\u00e1ulicas.   Las funciones hidr\u00e1ulicas pueden abrir y cerrar las secciones del esparcidor, activar los motores hidr\u00e1ulicos y otras funciones conexas. Posibilidad de modificar algunas entradas \/ salidas por determinados ajuste del port\u00e1til. Posibilidad de solicitar un software dedicado para gestionar especificas funciones hidr\u00e1ulicas. El contenedor en resina especial del port\u00e1til gr\u00e1fico es un material que puede resistir a los rayos UV, a las variaciones de temperatura y a una amplia gama de substancias qu\u00edmicas, incluido muchos solventes.\" \/>\n<meta property=\"og:url\" content=\"https:\/\/ptmsrl.com\/es\/prodotto\/telerf-spanditore-adv-dribble\/\" \/>\n<meta property=\"og:site_name\" content=\"PTM Srl\" \/>\n<meta property=\"article:publisher\" content=\"https:\/\/www.facebook.com\/believingintechnology\/\" \/>\n<meta property=\"article:modified_time\" content=\"2019-07-23T08:32:32+00:00\" \/>\n<meta property=\"og:image\" content=\"https:\/\/ptmsrl.com\/wp-content\/uploads\/2018\/09\/VISION-SPANDI-LIQUAME-FGDISPLIQ001.jpg\" \/>\n\t<meta property=\"og:image:width\" content=\"1024\" \/>\n\t<meta property=\"og:image:height\" content=\"1024\" \/>\n\t<meta property=\"og:image:type\" content=\"image\/jpeg\" \/>\n<meta name=\"twitter:card\" content=\"summary_large_image\" \/>\n<meta name=\"twitter:site\" content=\"@ptm\" \/>\n<script type=\"application\/ld+json\" class=\"yoast-schema-graph\">{\"@context\":\"https:\/\/schema.org\",\"@graph\":[{\"@type\":\"WebPage\",\"@id\":\"https:\/\/ptmsrl.com\/es\/prodotto\/telerf-spanditore-adv-dribble\/\",\"url\":\"https:\/\/ptmsrl.com\/es\/prodotto\/telerf-spanditore-adv-dribble\/\",\"name\":\"PTM Srl | Telerf Spanditore ADV Dribble\",\"isPartOf\":{\"@id\":\"https:\/\/ptmsrl.com\/#website\"},\"primaryImageOfPage\":{\"@id\":\"https:\/\/ptmsrl.com\/es\/prodotto\/telerf-spanditore-adv-dribble\/#primaryimage\"},\"image\":{\"@id\":\"https:\/\/ptmsrl.com\/es\/prodotto\/telerf-spanditore-adv-dribble\/#primaryimage\"},\"thumbnailUrl\":\"https:\/\/ptmsrl.com\/wp-content\/uploads\/2018\/09\/VISION-SPANDI-LIQUAME-FGDISPLIQ001.jpg\",\"datePublished\":\"2018-09-07T13:50:18+00:00\",\"dateModified\":\"2019-07-23T08:32:32+00:00\",\"breadcrumb\":{\"@id\":\"https:\/\/ptmsrl.com\/es\/prodotto\/telerf-spanditore-adv-dribble\/#breadcrumb\"},\"inLanguage\":\"es\",\"potentialAction\":[{\"@type\":\"ReadAction\",\"target\":[\"https:\/\/ptmsrl.com\/es\/prodotto\/telerf-spanditore-adv-dribble\/\"]}]},{\"@type\":\"ImageObject\",\"inLanguage\":\"es\",\"@id\":\"https:\/\/ptmsrl.com\/es\/prodotto\/telerf-spanditore-adv-dribble\/#primaryimage\",\"url\":\"https:\/\/ptmsrl.com\/wp-content\/uploads\/2018\/09\/VISION-SPANDI-LIQUAME-FGDISPLIQ001.jpg\",\"contentUrl\":\"https:\/\/ptmsrl.com\/wp-content\/uploads\/2018\/09\/VISION-SPANDI-LIQUAME-FGDISPLIQ001.jpg\",\"width\":1024,\"height\":1024,\"caption\":\"vision-spandi-liquame-fgdispliq001\"},{\"@type\":\"BreadcrumbList\",\"@id\":\"https:\/\/ptmsrl.com\/es\/prodotto\/telerf-spanditore-adv-dribble\/#breadcrumb\",\"itemListElement\":[{\"@type\":\"ListItem\",\"position\":1,\"name\":\"Home\",\"item\":\"https:\/\/ptmsrl.com\/es\/\"},{\"@type\":\"ListItem\",\"position\":2,\"name\":\"Shop\",\"item\":\"https:\/\/ptmsrl.com\/shop\/\"},{\"@type\":\"ListItem\",\"position\":3,\"name\":\"Telerf Spanditore ADV Dribble\"}]},{\"@type\":\"WebSite\",\"@id\":\"https:\/\/ptmsrl.com\/#website\",\"url\":\"https:\/\/ptmsrl.com\/\",\"name\":\"PTM Srl\",\"description\":\"\u041c\u042b \u041f\u0420\u041e\u0418\u0417\u0412\u041e\u0414\u0418\u041c \u041a\u0410\u0427\u0415\u0421\u0422\u0412\u041e, \u041a\u041e\u0422\u041e\u0420\u041e\u0415 \u0418\u041c\u0415\u0415\u0422 \u041e\u0421\u041e\u0411\u042b\u0419 \u0412\u0415\u0421\",\"publisher\":{\"@id\":\"https:\/\/ptmsrl.com\/#organization\"},\"potentialAction\":[{\"@type\":\"SearchAction\",\"target\":{\"@type\":\"EntryPoint\",\"urlTemplate\":\"https:\/\/ptmsrl.com\/?s={search_term_string}\"},\"query-input\":{\"@type\":\"PropertyValueSpecification\",\"valueRequired\":true,\"valueName\":\"search_term_string\"}}],\"inLanguage\":\"es\"},{\"@type\":\"Organization\",\"@id\":\"https:\/\/ptmsrl.com\/#organization\",\"name\":\"PTM srl\",\"url\":\"https:\/\/ptmsrl.com\/\",\"logo\":{\"@type\":\"ImageObject\",\"inLanguage\":\"es\",\"@id\":\"https:\/\/ptmsrl.com\/#\/schema\/logo\/image\/\",\"url\":\"https:\/\/ptmsrl.com\/wp-content\/uploads\/2018\/10\/LOGO-PTM.png\",\"contentUrl\":\"https:\/\/ptmsrl.com\/wp-content\/uploads\/2018\/10\/LOGO-PTM.png\",\"width\":1000,\"height\":500,\"caption\":\"PTM srl\"},\"image\":{\"@id\":\"https:\/\/ptmsrl.com\/#\/schema\/logo\/image\/\"},\"sameAs\":[\"https:\/\/www.facebook.com\/believingintechnology\/\",\"https:\/\/x.com\/ptm\",\"https:\/\/www.linkedin.com\/company\/ptm-s-r-l\/\",\"https:\/\/www.youtube.com\/channel\/UCPSOS0MaR-4jDkAD3HkAC7A\"]}]}<\/script>\n<!-- \/ Yoast SEO plugin. -->","yoast_head_json":{"title":"PTM Srl | Telerf Spanditore ADV Dribble","robots":{"index":"index","follow":"follow","max-snippet":"max-snippet:-1","max-image-preview":"max-image-preview:large","max-video-preview":"max-video-preview:-1"},"canonical":"https:\/\/ptmsrl.com\/es\/prodotto\/telerf-spanditore-adv-dribble\/","og_locale":"es_ES","og_type":"article","og_title":"PTM Srl | Telerf Spanditore ADV Dribble","og_description":"El sistema est\u00e1 utilizado para la gesti\u00f3n de los mando hidr\u00e1ulicos en m\u00e1quinas operadoras Esta electr\u00f3nica permite de gestionar hasta 28 salidas, 4 de las cuales mandadas por rel\u00e9 y 14 entradas. Las salidas pueden activar de las v\u00e1lvulas hidr\u00e1ulicas especificas con un amperaje sobre solo canal de 6A Max, por un total de 40A Max. El sistema est\u00e1 formado por una b\u00e1scula montada en la m\u00e1quina operadora y por un port\u00e1til gr\u00e1fico equipado por pantalla a colores y transmisi\u00f3n RF; el port\u00e1til est\u00e1 equipado por un teclado Custom que manda las funciones hidr\u00e1ulicas.   Las funciones hidr\u00e1ulicas pueden abrir y cerrar las secciones del esparcidor, activar los motores hidr\u00e1ulicos y otras funciones conexas. Posibilidad de modificar algunas entradas \/ salidas por determinados ajuste del port\u00e1til. Posibilidad de solicitar un software dedicado para gestionar especificas funciones hidr\u00e1ulicas. El contenedor en resina especial del port\u00e1til gr\u00e1fico es un material que puede resistir a los rayos UV, a las variaciones de temperatura y a una amplia gama de substancias qu\u00edmicas, incluido muchos solventes.","og_url":"https:\/\/ptmsrl.com\/es\/prodotto\/telerf-spanditore-adv-dribble\/","og_site_name":"PTM Srl","article_publisher":"https:\/\/www.facebook.com\/believingintechnology\/","article_modified_time":"2019-07-23T08:32:32+00:00","og_image":[{"width":1024,"height":1024,"url":"https:\/\/ptmsrl.com\/wp-content\/uploads\/2018\/09\/VISION-SPANDI-LIQUAME-FGDISPLIQ001.jpg","type":"image\/jpeg"}],"twitter_card":"summary_large_image","twitter_site":"@ptm","schema":{"@context":"https:\/\/schema.org","@graph":[{"@type":"WebPage","@id":"https:\/\/ptmsrl.com\/es\/prodotto\/telerf-spanditore-adv-dribble\/","url":"https:\/\/ptmsrl.com\/es\/prodotto\/telerf-spanditore-adv-dribble\/","name":"PTM Srl | Telerf Spanditore ADV Dribble","isPartOf":{"@id":"https:\/\/ptmsrl.com\/#website"},"primaryImageOfPage":{"@id":"https:\/\/ptmsrl.com\/es\/prodotto\/telerf-spanditore-adv-dribble\/#primaryimage"},"image":{"@id":"https:\/\/ptmsrl.com\/es\/prodotto\/telerf-spanditore-adv-dribble\/#primaryimage"},"thumbnailUrl":"https:\/\/ptmsrl.com\/wp-content\/uploads\/2018\/09\/VISION-SPANDI-LIQUAME-FGDISPLIQ001.jpg","datePublished":"2018-09-07T13:50:18+00:00","dateModified":"2019-07-23T08:32:32+00:00","breadcrumb":{"@id":"https:\/\/ptmsrl.com\/es\/prodotto\/telerf-spanditore-adv-dribble\/#breadcrumb"},"inLanguage":"es","potentialAction":[{"@type":"ReadAction","target":["https:\/\/ptmsrl.com\/es\/prodotto\/telerf-spanditore-adv-dribble\/"]}]},{"@type":"ImageObject","inLanguage":"es","@id":"https:\/\/ptmsrl.com\/es\/prodotto\/telerf-spanditore-adv-dribble\/#primaryimage","url":"https:\/\/ptmsrl.com\/wp-content\/uploads\/2018\/09\/VISION-SPANDI-LIQUAME-FGDISPLIQ001.jpg","contentUrl":"https:\/\/ptmsrl.com\/wp-content\/uploads\/2018\/09\/VISION-SPANDI-LIQUAME-FGDISPLIQ001.jpg","width":1024,"height":1024,"caption":"vision-spandi-liquame-fgdispliq001"},{"@type":"BreadcrumbList","@id":"https:\/\/ptmsrl.com\/es\/prodotto\/telerf-spanditore-adv-dribble\/#breadcrumb","itemListElement":[{"@type":"ListItem","position":1,"name":"Home","item":"https:\/\/ptmsrl.com\/es\/"},{"@type":"ListItem","position":2,"name":"Shop","item":"https:\/\/ptmsrl.com\/shop\/"},{"@type":"ListItem","position":3,"name":"Telerf Spanditore ADV Dribble"}]},{"@type":"WebSite","@id":"https:\/\/ptmsrl.com\/#website","url":"https:\/\/ptmsrl.com\/","name":"PTM Srl","description":"\u041c\u042b \u041f\u0420\u041e\u0418\u0417\u0412\u041e\u0414\u0418\u041c \u041a\u0410\u0427\u0415\u0421\u0422\u0412\u041e, \u041a\u041e\u0422\u041e\u0420\u041e\u0415 \u0418\u041c\u0415\u0415\u0422 \u041e\u0421\u041e\u0411\u042b\u0419 \u0412\u0415\u0421","publisher":{"@id":"https:\/\/ptmsrl.com\/#organization"},"potentialAction":[{"@type":"SearchAction","target":{"@type":"EntryPoint","urlTemplate":"https:\/\/ptmsrl.com\/?s={search_term_string}"},"query-input":{"@type":"PropertyValueSpecification","valueRequired":true,"valueName":"search_term_string"}}],"inLanguage":"es"},{"@type":"Organization","@id":"https:\/\/ptmsrl.com\/#organization","name":"PTM srl","url":"https:\/\/ptmsrl.com\/","logo":{"@type":"ImageObject","inLanguage":"es","@id":"https:\/\/ptmsrl.com\/#\/schema\/logo\/image\/","url":"https:\/\/ptmsrl.com\/wp-content\/uploads\/2018\/10\/LOGO-PTM.png","contentUrl":"https:\/\/ptmsrl.com\/wp-content\/uploads\/2018\/10\/LOGO-PTM.png","width":1000,"height":500,"caption":"PTM srl"},"image":{"@id":"https:\/\/ptmsrl.com\/#\/schema\/logo\/image\/"},"sameAs":["https:\/\/www.facebook.com\/believingintechnology\/","https:\/\/x.com\/ptm","https:\/\/www.linkedin.com\/company\/ptm-s-r-l\/","https:\/\/www.youtube.com\/channel\/UCPSOS0MaR-4jDkAD3HkAC7A"]}]}},"_links":{"self":[{"href":"https:\/\/ptmsrl.com\/es\/wp-json\/wp\/v2\/product\/5197","targetHints":{"allow":["GET"]}}],"collection":[{"href":"https:\/\/ptmsrl.com\/es\/wp-json\/wp\/v2\/product"}],"about":[{"href":"https:\/\/ptmsrl.com\/es\/wp-json\/wp\/v2\/types\/product"}],"wp:featuredmedia":[{"embeddable":true,"href":"https:\/\/ptmsrl.com\/es\/wp-json\/wp\/v2\/media\/5198"}],"wp:attachment":[{"href":"https:\/\/ptmsrl.com\/es\/wp-json\/wp\/v2\/media?parent=5197"}],"wp:term":[{"taxonomy":"product_brand","embeddable":true,"href":"https:\/\/ptmsrl.com\/es\/wp-json\/wp\/v2\/product_brand?post=5197"},{"taxonomy":"product_cat","embeddable":true,"href":"https:\/\/ptmsrl.com\/es\/wp-json\/wp\/v2\/product_cat?post=5197"},{"taxonomy":"product_tag","embeddable":true,"href":"https:\/\/ptmsrl.com\/es\/wp-json\/wp\/v2\/product_tag?post=5197"}],"curies":[{"name":"wp","href":"https:\/\/api.w.org\/{rel}","templated":true}]}}