{"id":5246,"date":"2018-09-07T16:43:33","date_gmt":"2018-09-07T14:43:33","guid":{"rendered":"https:\/\/ptmsrl.com\/prodotto\/pesa-a-tre-punti-wd-2-1-bogballe\/"},"modified":"2019-07-25T17:34:53","modified_gmt":"2019-07-25T15:34:53","slug":"instrumento-de-pesaje-a-tres-puntos-wd-2-1-bogballe","status":"publish","type":"product","link":"https:\/\/ptmsrl.com\/es\/prodotto\/instrumento-de-pesaje-a-tres-puntos-wd-2-1-bogballe\/","title":{"rendered":"Instrumento de pesaje a tres puntos WD 2.1 Bogballe"},"content":{"rendered":"<ul>\n<li>Pesaje preciso<\/li>\n<li>Calidad de carga optimal<\/li>\n<li>Estructura compacta<\/li>\n<li>Control simple<\/li>\n<li>Flexibilidad<\/li>\n<li>Econ\u00f3mico<\/li>\n<\/ul>\n","protected":false},"excerpt":{"rendered":"<p align=\"justify\">El instrumento de pesaje a tres puntos WD 2.1-B ha sido concebido para el empleo con la distribuidora de esti\u00e9rcol Bogballe. Por este instrumento de pesaje hemos creado una soluci\u00f3n para el reglaje del esparcimiento.<\/p>\n<p align=\"justify\">Por el WD2.1-B pueden ser f\u00e1cilmente actualizadas y mejoradas tambi\u00e9n todas las distribuidoras \/ pulverizadoras de la empresa Bogballe.<\/p>\n<p align=\"justify\"><strong>\u201cInstrumento de pesaje a tres puntos para todos\u201d<\/strong><\/p>\n<p align=\"justify\">El instrumento de pesaje a tres puntos \u201cWD 2.1-B\u201d est\u00e1 apto para todas las aplicaciones que necesitan de m\u00e1s espacio para el \u00e1rbol de transmisi\u00f3n o de otros componentes, adaptados a las dimensiones de la II categor\u00eda. La carga m\u00e1xima del instrumento de pesaje a tres puntos WD 2.1-B es 5.000 kg.<\/p>\n","protected":false},"featured_media":5228,"template":"","meta":{"inline_featured_image":false},"product_brand":[],"product_cat":[248],"product_tag":[],"class_list":{"0":"post-5246","1":"product","2":"type-product","3":"status-publish","4":"has-post-thumbnail","6":"product_cat-accesorios-estandar","8":"first","9":"instock","10":"downloadable","11":"shipping-taxable","12":"product-type-simple"},"yoast_head":"<!-- This site is optimized with the Yoast SEO plugin v25.3 - https:\/\/yoast.com\/wordpress\/plugins\/seo\/ -->\n<title>PTM Srl | Instrumento de pesaje a tres puntos WD 2.1 Bogballe<\/title>\n<meta name=\"robots\" content=\"index, follow, max-snippet:-1, max-image-preview:large, max-video-preview:-1\" \/>\n<link rel=\"canonical\" href=\"https:\/\/ptmsrl.com\/es\/prodotto\/instrumento-de-pesaje-a-tres-puntos-wd-2-1-bogballe\/\" \/>\n<meta property=\"og:locale\" content=\"es_ES\" \/>\n<meta property=\"og:type\" content=\"article\" \/>\n<meta property=\"og:title\" content=\"PTM Srl | Instrumento de pesaje a tres puntos WD 2.1 Bogballe\" \/>\n<meta property=\"og:description\" content=\"El instrumento de pesaje a tres puntos WD 2.1-B ha sido concebido para el empleo con la distribuidora de esti\u00e9rcol Bogballe. Por este instrumento de pesaje hemos creado una soluci\u00f3n para el reglaje del esparcimiento. Por el WD2.1-B pueden ser f\u00e1cilmente actualizadas y mejoradas tambi\u00e9n todas las distribuidoras \/ pulverizadoras de la empresa Bogballe.  \u201cInstrumento de pesaje a tres puntos para todos\u201d El instrumento de pesaje a tres puntos \u201cWD 2.1-B\u201d est\u00e1 apto para todas las aplicaciones que necesitan de m\u00e1s espacio para el \u00e1rbol de transmisi\u00f3n o de otros componentes, adaptados a las dimensiones de la II categor\u00eda. La carga m\u00e1xima del instrumento de pesaje a tres puntos WD 2.1-B es 5.000 kg.\" \/>\n<meta property=\"og:url\" content=\"https:\/\/ptmsrl.com\/es\/prodotto\/instrumento-de-pesaje-a-tres-puntos-wd-2-1-bogballe\/\" \/>\n<meta property=\"og:site_name\" content=\"PTM Srl\" \/>\n<meta property=\"article:publisher\" content=\"https:\/\/www.facebook.com\/believingintechnology\/\" \/>\n<meta property=\"article:modified_time\" content=\"2019-07-25T15:34:53+00:00\" \/>\n<meta property=\"og:image\" content=\"https:\/\/ptmsrl.com\/wp-content\/uploads\/2018\/09\/PESA-3-PUNTI-WD-2.jpg\" \/>\n\t<meta property=\"og:image:width\" content=\"1024\" \/>\n\t<meta property=\"og:image:height\" content=\"1024\" \/>\n\t<meta property=\"og:image:type\" content=\"image\/jpeg\" \/>\n<meta name=\"twitter:card\" content=\"summary_large_image\" \/>\n<meta name=\"twitter:site\" content=\"@ptm\" \/>\n<script type=\"application\/ld+json\" class=\"yoast-schema-graph\">{\"@context\":\"https:\/\/schema.org\",\"@graph\":[{\"@type\":\"WebPage\",\"@id\":\"https:\/\/ptmsrl.com\/es\/prodotto\/instrumento-de-pesaje-a-tres-puntos-wd-2-1-bogballe\/\",\"url\":\"https:\/\/ptmsrl.com\/es\/prodotto\/instrumento-de-pesaje-a-tres-puntos-wd-2-1-bogballe\/\",\"name\":\"PTM Srl | Instrumento de pesaje a tres puntos WD 2.1 Bogballe\",\"isPartOf\":{\"@id\":\"https:\/\/ptmsrl.com\/#website\"},\"primaryImageOfPage\":{\"@id\":\"https:\/\/ptmsrl.com\/es\/prodotto\/instrumento-de-pesaje-a-tres-puntos-wd-2-1-bogballe\/#primaryimage\"},\"image\":{\"@id\":\"https:\/\/ptmsrl.com\/es\/prodotto\/instrumento-de-pesaje-a-tres-puntos-wd-2-1-bogballe\/#primaryimage\"},\"thumbnailUrl\":\"https:\/\/ptmsrl.com\/wp-content\/uploads\/2018\/09\/PESA-3-PUNTI-WD-2.jpg\",\"datePublished\":\"2018-09-07T14:43:33+00:00\",\"dateModified\":\"2019-07-25T15:34:53+00:00\",\"breadcrumb\":{\"@id\":\"https:\/\/ptmsrl.com\/es\/prodotto\/instrumento-de-pesaje-a-tres-puntos-wd-2-1-bogballe\/#breadcrumb\"},\"inLanguage\":\"es\",\"potentialAction\":[{\"@type\":\"ReadAction\",\"target\":[\"https:\/\/ptmsrl.com\/es\/prodotto\/instrumento-de-pesaje-a-tres-puntos-wd-2-1-bogballe\/\"]}]},{\"@type\":\"ImageObject\",\"inLanguage\":\"es\",\"@id\":\"https:\/\/ptmsrl.com\/es\/prodotto\/instrumento-de-pesaje-a-tres-puntos-wd-2-1-bogballe\/#primaryimage\",\"url\":\"https:\/\/ptmsrl.com\/wp-content\/uploads\/2018\/09\/PESA-3-PUNTI-WD-2.jpg\",\"contentUrl\":\"https:\/\/ptmsrl.com\/wp-content\/uploads\/2018\/09\/PESA-3-PUNTI-WD-2.jpg\",\"width\":1024,\"height\":1024,\"caption\":\"pesa-3-punti-wd-2\"},{\"@type\":\"BreadcrumbList\",\"@id\":\"https:\/\/ptmsrl.com\/es\/prodotto\/instrumento-de-pesaje-a-tres-puntos-wd-2-1-bogballe\/#breadcrumb\",\"itemListElement\":[{\"@type\":\"ListItem\",\"position\":1,\"name\":\"Home\",\"item\":\"https:\/\/ptmsrl.com\/es\/\"},{\"@type\":\"ListItem\",\"position\":2,\"name\":\"Shop\",\"item\":\"https:\/\/ptmsrl.com\/shop\/\"},{\"@type\":\"ListItem\",\"position\":3,\"name\":\"Instrumento de pesaje a tres puntos WD 2.1 Bogballe\"}]},{\"@type\":\"WebSite\",\"@id\":\"https:\/\/ptmsrl.com\/#website\",\"url\":\"https:\/\/ptmsrl.com\/\",\"name\":\"PTM Srl\",\"description\":\"\u041c\u042b \u041f\u0420\u041e\u0418\u0417\u0412\u041e\u0414\u0418\u041c \u041a\u0410\u0427\u0415\u0421\u0422\u0412\u041e, \u041a\u041e\u0422\u041e\u0420\u041e\u0415 \u0418\u041c\u0415\u0415\u0422 \u041e\u0421\u041e\u0411\u042b\u0419 \u0412\u0415\u0421\",\"publisher\":{\"@id\":\"https:\/\/ptmsrl.com\/#organization\"},\"potentialAction\":[{\"@type\":\"SearchAction\",\"target\":{\"@type\":\"EntryPoint\",\"urlTemplate\":\"https:\/\/ptmsrl.com\/?s={search_term_string}\"},\"query-input\":{\"@type\":\"PropertyValueSpecification\",\"valueRequired\":true,\"valueName\":\"search_term_string\"}}],\"inLanguage\":\"es\"},{\"@type\":\"Organization\",\"@id\":\"https:\/\/ptmsrl.com\/#organization\",\"name\":\"PTM srl\",\"url\":\"https:\/\/ptmsrl.com\/\",\"logo\":{\"@type\":\"ImageObject\",\"inLanguage\":\"es\",\"@id\":\"https:\/\/ptmsrl.com\/#\/schema\/logo\/image\/\",\"url\":\"https:\/\/ptmsrl.com\/wp-content\/uploads\/2018\/10\/LOGO-PTM.png\",\"contentUrl\":\"https:\/\/ptmsrl.com\/wp-content\/uploads\/2018\/10\/LOGO-PTM.png\",\"width\":1000,\"height\":500,\"caption\":\"PTM srl\"},\"image\":{\"@id\":\"https:\/\/ptmsrl.com\/#\/schema\/logo\/image\/\"},\"sameAs\":[\"https:\/\/www.facebook.com\/believingintechnology\/\",\"https:\/\/x.com\/ptm\",\"https:\/\/www.linkedin.com\/company\/ptm-s-r-l\/\",\"https:\/\/www.youtube.com\/channel\/UCPSOS0MaR-4jDkAD3HkAC7A\"]}]}<\/script>\n<!-- \/ Yoast SEO plugin. -->","yoast_head_json":{"title":"PTM Srl | Instrumento de pesaje a tres puntos WD 2.1 Bogballe","robots":{"index":"index","follow":"follow","max-snippet":"max-snippet:-1","max-image-preview":"max-image-preview:large","max-video-preview":"max-video-preview:-1"},"canonical":"https:\/\/ptmsrl.com\/es\/prodotto\/instrumento-de-pesaje-a-tres-puntos-wd-2-1-bogballe\/","og_locale":"es_ES","og_type":"article","og_title":"PTM Srl | Instrumento de pesaje a tres puntos WD 2.1 Bogballe","og_description":"El instrumento de pesaje a tres puntos WD 2.1-B ha sido concebido para el empleo con la distribuidora de esti\u00e9rcol Bogballe. Por este instrumento de pesaje hemos creado una soluci\u00f3n para el reglaje del esparcimiento. Por el WD2.1-B pueden ser f\u00e1cilmente actualizadas y mejoradas tambi\u00e9n todas las distribuidoras \/ pulverizadoras de la empresa Bogballe.  \u201cInstrumento de pesaje a tres puntos para todos\u201d El instrumento de pesaje a tres puntos \u201cWD 2.1-B\u201d est\u00e1 apto para todas las aplicaciones que necesitan de m\u00e1s espacio para el \u00e1rbol de transmisi\u00f3n o de otros componentes, adaptados a las dimensiones de la II categor\u00eda. La carga m\u00e1xima del instrumento de pesaje a tres puntos WD 2.1-B es 5.000 kg.","og_url":"https:\/\/ptmsrl.com\/es\/prodotto\/instrumento-de-pesaje-a-tres-puntos-wd-2-1-bogballe\/","og_site_name":"PTM Srl","article_publisher":"https:\/\/www.facebook.com\/believingintechnology\/","article_modified_time":"2019-07-25T15:34:53+00:00","og_image":[{"width":1024,"height":1024,"url":"https:\/\/ptmsrl.com\/wp-content\/uploads\/2018\/09\/PESA-3-PUNTI-WD-2.jpg","type":"image\/jpeg"}],"twitter_card":"summary_large_image","twitter_site":"@ptm","schema":{"@context":"https:\/\/schema.org","@graph":[{"@type":"WebPage","@id":"https:\/\/ptmsrl.com\/es\/prodotto\/instrumento-de-pesaje-a-tres-puntos-wd-2-1-bogballe\/","url":"https:\/\/ptmsrl.com\/es\/prodotto\/instrumento-de-pesaje-a-tres-puntos-wd-2-1-bogballe\/","name":"PTM Srl | Instrumento de pesaje a tres puntos WD 2.1 Bogballe","isPartOf":{"@id":"https:\/\/ptmsrl.com\/#website"},"primaryImageOfPage":{"@id":"https:\/\/ptmsrl.com\/es\/prodotto\/instrumento-de-pesaje-a-tres-puntos-wd-2-1-bogballe\/#primaryimage"},"image":{"@id":"https:\/\/ptmsrl.com\/es\/prodotto\/instrumento-de-pesaje-a-tres-puntos-wd-2-1-bogballe\/#primaryimage"},"thumbnailUrl":"https:\/\/ptmsrl.com\/wp-content\/uploads\/2018\/09\/PESA-3-PUNTI-WD-2.jpg","datePublished":"2018-09-07T14:43:33+00:00","dateModified":"2019-07-25T15:34:53+00:00","breadcrumb":{"@id":"https:\/\/ptmsrl.com\/es\/prodotto\/instrumento-de-pesaje-a-tres-puntos-wd-2-1-bogballe\/#breadcrumb"},"inLanguage":"es","potentialAction":[{"@type":"ReadAction","target":["https:\/\/ptmsrl.com\/es\/prodotto\/instrumento-de-pesaje-a-tres-puntos-wd-2-1-bogballe\/"]}]},{"@type":"ImageObject","inLanguage":"es","@id":"https:\/\/ptmsrl.com\/es\/prodotto\/instrumento-de-pesaje-a-tres-puntos-wd-2-1-bogballe\/#primaryimage","url":"https:\/\/ptmsrl.com\/wp-content\/uploads\/2018\/09\/PESA-3-PUNTI-WD-2.jpg","contentUrl":"https:\/\/ptmsrl.com\/wp-content\/uploads\/2018\/09\/PESA-3-PUNTI-WD-2.jpg","width":1024,"height":1024,"caption":"pesa-3-punti-wd-2"},{"@type":"BreadcrumbList","@id":"https:\/\/ptmsrl.com\/es\/prodotto\/instrumento-de-pesaje-a-tres-puntos-wd-2-1-bogballe\/#breadcrumb","itemListElement":[{"@type":"ListItem","position":1,"name":"Home","item":"https:\/\/ptmsrl.com\/es\/"},{"@type":"ListItem","position":2,"name":"Shop","item":"https:\/\/ptmsrl.com\/shop\/"},{"@type":"ListItem","position":3,"name":"Instrumento de pesaje a tres puntos WD 2.1 Bogballe"}]},{"@type":"WebSite","@id":"https:\/\/ptmsrl.com\/#website","url":"https:\/\/ptmsrl.com\/","name":"PTM Srl","description":"\u041c\u042b \u041f\u0420\u041e\u0418\u0417\u0412\u041e\u0414\u0418\u041c \u041a\u0410\u0427\u0415\u0421\u0422\u0412\u041e, \u041a\u041e\u0422\u041e\u0420\u041e\u0415 \u0418\u041c\u0415\u0415\u0422 \u041e\u0421\u041e\u0411\u042b\u0419 \u0412\u0415\u0421","publisher":{"@id":"https:\/\/ptmsrl.com\/#organization"},"potentialAction":[{"@type":"SearchAction","target":{"@type":"EntryPoint","urlTemplate":"https:\/\/ptmsrl.com\/?s={search_term_string}"},"query-input":{"@type":"PropertyValueSpecification","valueRequired":true,"valueName":"search_term_string"}}],"inLanguage":"es"},{"@type":"Organization","@id":"https:\/\/ptmsrl.com\/#organization","name":"PTM srl","url":"https:\/\/ptmsrl.com\/","logo":{"@type":"ImageObject","inLanguage":"es","@id":"https:\/\/ptmsrl.com\/#\/schema\/logo\/image\/","url":"https:\/\/ptmsrl.com\/wp-content\/uploads\/2018\/10\/LOGO-PTM.png","contentUrl":"https:\/\/ptmsrl.com\/wp-content\/uploads\/2018\/10\/LOGO-PTM.png","width":1000,"height":500,"caption":"PTM srl"},"image":{"@id":"https:\/\/ptmsrl.com\/#\/schema\/logo\/image\/"},"sameAs":["https:\/\/www.facebook.com\/believingintechnology\/","https:\/\/x.com\/ptm","https:\/\/www.linkedin.com\/company\/ptm-s-r-l\/","https:\/\/www.youtube.com\/channel\/UCPSOS0MaR-4jDkAD3HkAC7A"]}]}},"_links":{"self":[{"href":"https:\/\/ptmsrl.com\/es\/wp-json\/wp\/v2\/product\/5246","targetHints":{"allow":["GET"]}}],"collection":[{"href":"https:\/\/ptmsrl.com\/es\/wp-json\/wp\/v2\/product"}],"about":[{"href":"https:\/\/ptmsrl.com\/es\/wp-json\/wp\/v2\/types\/product"}],"wp:featuredmedia":[{"embeddable":true,"href":"https:\/\/ptmsrl.com\/es\/wp-json\/wp\/v2\/media\/5228"}],"wp:attachment":[{"href":"https:\/\/ptmsrl.com\/es\/wp-json\/wp\/v2\/media?parent=5246"}],"wp:term":[{"taxonomy":"product_brand","embeddable":true,"href":"https:\/\/ptmsrl.com\/es\/wp-json\/wp\/v2\/product_brand?post=5246"},{"taxonomy":"product_cat","embeddable":true,"href":"https:\/\/ptmsrl.com\/es\/wp-json\/wp\/v2\/product_cat?post=5246"},{"taxonomy":"product_tag","embeddable":true,"href":"https:\/\/ptmsrl.com\/es\/wp-json\/wp\/v2\/product_tag?post=5246"}],"curies":[{"name":"wp","href":"https:\/\/api.w.org\/{rel}","templated":true}]}}