{"id":5272,"date":"2018-09-07T16:47:11","date_gmt":"2018-09-07T14:47:11","guid":{"rendered":"https:\/\/ptmsrl.com\/prodotto\/display-portatile-milk\/"},"modified":"2019-07-23T10:36:30","modified_gmt":"2019-07-23T08:36:30","slug":"display-portatile-milk","status":"publish","type":"product","link":"https:\/\/ptmsrl.com\/es\/prodotto\/display-portatile-milk\/","title":{"rendered":"Display Portatile Milk"},"content":{"rendered":"<p>Cuando no est\u00e1 en funci\u00f3n la descarga es posible configurar algunos par\u00e1metros sobre la centralita:<\/p>\n<ul>\n<li>Tiempo de ajuste a cero (dec): expresado en d\u00e9cimas, indica el tiempo despu\u00e9s del cual el peso visualizado, si es estable, se ajusta a cero, pata poder iniciar una nueva operaci\u00f3n de descarga.<\/li>\n<li>M\u00ednimo de tanque (Kg): es la cantidad por debajo de la cual, despu\u00e9s de un cierto tiempo (tiempo m\u00ednimo de tanque), la descarga es bloqueada y sobre el display aparecer\u00e1 el mensaje \u201cStop\u201d.<\/li>\n<li>Tiempo min de tanque (s): tiempo de espera antes de bloquear la fase de descarga.<\/li>\n<li>Descarga en autom\u00e1tico \/ manual.<\/li>\n<\/ul>\n","protected":false},"excerpt":{"rendered":"<h3>Display Portat\u00edl para la distribuci\u00f3n de l\u00edquidos por peso<\/h3>\n<p align=\"justify\">El sistema se compone de una centralita modelo MILK 200 y de un display port\u00e1til con transmisi\u00f3n por radio.<br \/>\nEl objeto del sistema es distribuir cantidades conocidas leyendo sobre el display el valor. La cantidad a distribuir est\u00e1 contenida en el tanque que utiliza el sistema de peso. Milk 200.<\/p>\n<p align=\"justify\">El Display, por medio de esta tecla ON, visualiza el peso efectivo de la leche descargada, relevando al operador de la obligaci\u00f3n de calcular esta cantidad por diferencia respecto al total presente en el tanque.<\/p>\n","protected":false},"featured_media":5273,"template":"","meta":{"inline_featured_image":false},"product_brand":[],"product_cat":[234],"product_tag":[],"class_list":{"0":"post-5272","1":"product","2":"type-product","3":"status-publish","4":"has-post-thumbnail","6":"product_cat-soluciones-personalizadas","8":"first","9":"instock","10":"downloadable","11":"shipping-taxable","12":"product-type-simple"},"yoast_head":"<!-- This site is optimized with the Yoast SEO plugin v25.3 - https:\/\/yoast.com\/wordpress\/plugins\/seo\/ -->\n<title>PTM Srl | Display Portatile Milk<\/title>\n<meta name=\"robots\" content=\"index, follow, max-snippet:-1, max-image-preview:large, max-video-preview:-1\" \/>\n<link rel=\"canonical\" href=\"https:\/\/ptmsrl.com\/es\/prodotto\/display-portatile-milk\/\" \/>\n<meta property=\"og:locale\" content=\"es_ES\" \/>\n<meta property=\"og:type\" content=\"article\" \/>\n<meta property=\"og:title\" content=\"PTM Srl | Display Portatile Milk\" \/>\n<meta property=\"og:description\" content=\"Display Portat\u00edl para la distribuci\u00f3n de l\u00edquidos por peso El sistema se compone de una centralita modelo MILK 200 y de un display port\u00e1til con transmisi\u00f3n por radio. El objeto del sistema es distribuir cantidades conocidas leyendo sobre el display el valor. La cantidad a distribuir est\u00e1 contenida en el tanque que utiliza el sistema de peso. Milk 200. El Display, por medio de esta tecla ON, visualiza el peso efectivo de la leche descargada, relevando al operador de la obligaci\u00f3n de calcular esta cantidad por diferencia respecto al total presente en el tanque.\" \/>\n<meta property=\"og:url\" content=\"https:\/\/ptmsrl.com\/es\/prodotto\/display-portatile-milk\/\" \/>\n<meta property=\"og:site_name\" content=\"PTM Srl\" \/>\n<meta property=\"article:publisher\" content=\"https:\/\/www.facebook.com\/believingintechnology\/\" \/>\n<meta property=\"article:modified_time\" content=\"2019-07-23T08:36:30+00:00\" \/>\n<meta property=\"og:image\" content=\"https:\/\/ptmsrl.com\/wp-content\/uploads\/2018\/09\/Display-Portatile-per-Milk-200.jpg\" \/>\n\t<meta property=\"og:image:width\" content=\"1024\" \/>\n\t<meta property=\"og:image:height\" content=\"1024\" \/>\n\t<meta property=\"og:image:type\" content=\"image\/jpeg\" \/>\n<meta name=\"twitter:card\" content=\"summary_large_image\" \/>\n<meta name=\"twitter:site\" content=\"@ptm\" \/>\n<meta name=\"twitter:label1\" content=\"Tiempo de lectura\" \/>\n\t<meta name=\"twitter:data1\" content=\"1 minuto\" \/>\n<script type=\"application\/ld+json\" class=\"yoast-schema-graph\">{\"@context\":\"https:\/\/schema.org\",\"@graph\":[{\"@type\":\"WebPage\",\"@id\":\"https:\/\/ptmsrl.com\/es\/prodotto\/display-portatile-milk\/\",\"url\":\"https:\/\/ptmsrl.com\/es\/prodotto\/display-portatile-milk\/\",\"name\":\"PTM Srl | Display Portatile Milk\",\"isPartOf\":{\"@id\":\"https:\/\/ptmsrl.com\/#website\"},\"primaryImageOfPage\":{\"@id\":\"https:\/\/ptmsrl.com\/es\/prodotto\/display-portatile-milk\/#primaryimage\"},\"image\":{\"@id\":\"https:\/\/ptmsrl.com\/es\/prodotto\/display-portatile-milk\/#primaryimage\"},\"thumbnailUrl\":\"https:\/\/ptmsrl.com\/wp-content\/uploads\/2018\/09\/Display-Portatile-per-Milk-200.jpg\",\"datePublished\":\"2018-09-07T14:47:11+00:00\",\"dateModified\":\"2019-07-23T08:36:30+00:00\",\"breadcrumb\":{\"@id\":\"https:\/\/ptmsrl.com\/es\/prodotto\/display-portatile-milk\/#breadcrumb\"},\"inLanguage\":\"es\",\"potentialAction\":[{\"@type\":\"ReadAction\",\"target\":[\"https:\/\/ptmsrl.com\/es\/prodotto\/display-portatile-milk\/\"]}]},{\"@type\":\"ImageObject\",\"inLanguage\":\"es\",\"@id\":\"https:\/\/ptmsrl.com\/es\/prodotto\/display-portatile-milk\/#primaryimage\",\"url\":\"https:\/\/ptmsrl.com\/wp-content\/uploads\/2018\/09\/Display-Portatile-per-Milk-200.jpg\",\"contentUrl\":\"https:\/\/ptmsrl.com\/wp-content\/uploads\/2018\/09\/Display-Portatile-per-Milk-200.jpg\",\"width\":1024,\"height\":1024,\"caption\":\"display-portatile-per-milk-200\"},{\"@type\":\"BreadcrumbList\",\"@id\":\"https:\/\/ptmsrl.com\/es\/prodotto\/display-portatile-milk\/#breadcrumb\",\"itemListElement\":[{\"@type\":\"ListItem\",\"position\":1,\"name\":\"Home\",\"item\":\"https:\/\/ptmsrl.com\/es\/\"},{\"@type\":\"ListItem\",\"position\":2,\"name\":\"Shop\",\"item\":\"https:\/\/ptmsrl.com\/shop\/\"},{\"@type\":\"ListItem\",\"position\":3,\"name\":\"Display Portatile Milk\"}]},{\"@type\":\"WebSite\",\"@id\":\"https:\/\/ptmsrl.com\/#website\",\"url\":\"https:\/\/ptmsrl.com\/\",\"name\":\"PTM Srl\",\"description\":\"\u041c\u042b \u041f\u0420\u041e\u0418\u0417\u0412\u041e\u0414\u0418\u041c \u041a\u0410\u0427\u0415\u0421\u0422\u0412\u041e, \u041a\u041e\u0422\u041e\u0420\u041e\u0415 \u0418\u041c\u0415\u0415\u0422 \u041e\u0421\u041e\u0411\u042b\u0419 \u0412\u0415\u0421\",\"publisher\":{\"@id\":\"https:\/\/ptmsrl.com\/#organization\"},\"potentialAction\":[{\"@type\":\"SearchAction\",\"target\":{\"@type\":\"EntryPoint\",\"urlTemplate\":\"https:\/\/ptmsrl.com\/?s={search_term_string}\"},\"query-input\":{\"@type\":\"PropertyValueSpecification\",\"valueRequired\":true,\"valueName\":\"search_term_string\"}}],\"inLanguage\":\"es\"},{\"@type\":\"Organization\",\"@id\":\"https:\/\/ptmsrl.com\/#organization\",\"name\":\"PTM srl\",\"url\":\"https:\/\/ptmsrl.com\/\",\"logo\":{\"@type\":\"ImageObject\",\"inLanguage\":\"es\",\"@id\":\"https:\/\/ptmsrl.com\/#\/schema\/logo\/image\/\",\"url\":\"https:\/\/ptmsrl.com\/wp-content\/uploads\/2018\/10\/LOGO-PTM.png\",\"contentUrl\":\"https:\/\/ptmsrl.com\/wp-content\/uploads\/2018\/10\/LOGO-PTM.png\",\"width\":1000,\"height\":500,\"caption\":\"PTM srl\"},\"image\":{\"@id\":\"https:\/\/ptmsrl.com\/#\/schema\/logo\/image\/\"},\"sameAs\":[\"https:\/\/www.facebook.com\/believingintechnology\/\",\"https:\/\/x.com\/ptm\",\"https:\/\/www.linkedin.com\/company\/ptm-s-r-l\/\",\"https:\/\/www.youtube.com\/channel\/UCPSOS0MaR-4jDkAD3HkAC7A\"]}]}<\/script>\n<!-- \/ Yoast SEO plugin. -->","yoast_head_json":{"title":"PTM Srl | Display Portatile Milk","robots":{"index":"index","follow":"follow","max-snippet":"max-snippet:-1","max-image-preview":"max-image-preview:large","max-video-preview":"max-video-preview:-1"},"canonical":"https:\/\/ptmsrl.com\/es\/prodotto\/display-portatile-milk\/","og_locale":"es_ES","og_type":"article","og_title":"PTM Srl | Display Portatile Milk","og_description":"Display Portat\u00edl para la distribuci\u00f3n de l\u00edquidos por peso El sistema se compone de una centralita modelo MILK 200 y de un display port\u00e1til con transmisi\u00f3n por radio. El objeto del sistema es distribuir cantidades conocidas leyendo sobre el display el valor. La cantidad a distribuir est\u00e1 contenida en el tanque que utiliza el sistema de peso. Milk 200. El Display, por medio de esta tecla ON, visualiza el peso efectivo de la leche descargada, relevando al operador de la obligaci\u00f3n de calcular esta cantidad por diferencia respecto al total presente en el tanque.","og_url":"https:\/\/ptmsrl.com\/es\/prodotto\/display-portatile-milk\/","og_site_name":"PTM Srl","article_publisher":"https:\/\/www.facebook.com\/believingintechnology\/","article_modified_time":"2019-07-23T08:36:30+00:00","og_image":[{"width":1024,"height":1024,"url":"https:\/\/ptmsrl.com\/wp-content\/uploads\/2018\/09\/Display-Portatile-per-Milk-200.jpg","type":"image\/jpeg"}],"twitter_card":"summary_large_image","twitter_site":"@ptm","twitter_misc":{"Tiempo de lectura":"1 minuto"},"schema":{"@context":"https:\/\/schema.org","@graph":[{"@type":"WebPage","@id":"https:\/\/ptmsrl.com\/es\/prodotto\/display-portatile-milk\/","url":"https:\/\/ptmsrl.com\/es\/prodotto\/display-portatile-milk\/","name":"PTM Srl | Display Portatile Milk","isPartOf":{"@id":"https:\/\/ptmsrl.com\/#website"},"primaryImageOfPage":{"@id":"https:\/\/ptmsrl.com\/es\/prodotto\/display-portatile-milk\/#primaryimage"},"image":{"@id":"https:\/\/ptmsrl.com\/es\/prodotto\/display-portatile-milk\/#primaryimage"},"thumbnailUrl":"https:\/\/ptmsrl.com\/wp-content\/uploads\/2018\/09\/Display-Portatile-per-Milk-200.jpg","datePublished":"2018-09-07T14:47:11+00:00","dateModified":"2019-07-23T08:36:30+00:00","breadcrumb":{"@id":"https:\/\/ptmsrl.com\/es\/prodotto\/display-portatile-milk\/#breadcrumb"},"inLanguage":"es","potentialAction":[{"@type":"ReadAction","target":["https:\/\/ptmsrl.com\/es\/prodotto\/display-portatile-milk\/"]}]},{"@type":"ImageObject","inLanguage":"es","@id":"https:\/\/ptmsrl.com\/es\/prodotto\/display-portatile-milk\/#primaryimage","url":"https:\/\/ptmsrl.com\/wp-content\/uploads\/2018\/09\/Display-Portatile-per-Milk-200.jpg","contentUrl":"https:\/\/ptmsrl.com\/wp-content\/uploads\/2018\/09\/Display-Portatile-per-Milk-200.jpg","width":1024,"height":1024,"caption":"display-portatile-per-milk-200"},{"@type":"BreadcrumbList","@id":"https:\/\/ptmsrl.com\/es\/prodotto\/display-portatile-milk\/#breadcrumb","itemListElement":[{"@type":"ListItem","position":1,"name":"Home","item":"https:\/\/ptmsrl.com\/es\/"},{"@type":"ListItem","position":2,"name":"Shop","item":"https:\/\/ptmsrl.com\/shop\/"},{"@type":"ListItem","position":3,"name":"Display Portatile Milk"}]},{"@type":"WebSite","@id":"https:\/\/ptmsrl.com\/#website","url":"https:\/\/ptmsrl.com\/","name":"PTM Srl","description":"\u041c\u042b \u041f\u0420\u041e\u0418\u0417\u0412\u041e\u0414\u0418\u041c \u041a\u0410\u0427\u0415\u0421\u0422\u0412\u041e, \u041a\u041e\u0422\u041e\u0420\u041e\u0415 \u0418\u041c\u0415\u0415\u0422 \u041e\u0421\u041e\u0411\u042b\u0419 \u0412\u0415\u0421","publisher":{"@id":"https:\/\/ptmsrl.com\/#organization"},"potentialAction":[{"@type":"SearchAction","target":{"@type":"EntryPoint","urlTemplate":"https:\/\/ptmsrl.com\/?s={search_term_string}"},"query-input":{"@type":"PropertyValueSpecification","valueRequired":true,"valueName":"search_term_string"}}],"inLanguage":"es"},{"@type":"Organization","@id":"https:\/\/ptmsrl.com\/#organization","name":"PTM srl","url":"https:\/\/ptmsrl.com\/","logo":{"@type":"ImageObject","inLanguage":"es","@id":"https:\/\/ptmsrl.com\/#\/schema\/logo\/image\/","url":"https:\/\/ptmsrl.com\/wp-content\/uploads\/2018\/10\/LOGO-PTM.png","contentUrl":"https:\/\/ptmsrl.com\/wp-content\/uploads\/2018\/10\/LOGO-PTM.png","width":1000,"height":500,"caption":"PTM srl"},"image":{"@id":"https:\/\/ptmsrl.com\/#\/schema\/logo\/image\/"},"sameAs":["https:\/\/www.facebook.com\/believingintechnology\/","https:\/\/x.com\/ptm","https:\/\/www.linkedin.com\/company\/ptm-s-r-l\/","https:\/\/www.youtube.com\/channel\/UCPSOS0MaR-4jDkAD3HkAC7A"]}]}},"_links":{"self":[{"href":"https:\/\/ptmsrl.com\/es\/wp-json\/wp\/v2\/product\/5272","targetHints":{"allow":["GET"]}}],"collection":[{"href":"https:\/\/ptmsrl.com\/es\/wp-json\/wp\/v2\/product"}],"about":[{"href":"https:\/\/ptmsrl.com\/es\/wp-json\/wp\/v2\/types\/product"}],"wp:featuredmedia":[{"embeddable":true,"href":"https:\/\/ptmsrl.com\/es\/wp-json\/wp\/v2\/media\/5273"}],"wp:attachment":[{"href":"https:\/\/ptmsrl.com\/es\/wp-json\/wp\/v2\/media?parent=5272"}],"wp:term":[{"taxonomy":"product_brand","embeddable":true,"href":"https:\/\/ptmsrl.com\/es\/wp-json\/wp\/v2\/product_brand?post=5272"},{"taxonomy":"product_cat","embeddable":true,"href":"https:\/\/ptmsrl.com\/es\/wp-json\/wp\/v2\/product_cat?post=5272"},{"taxonomy":"product_tag","embeddable":true,"href":"https:\/\/ptmsrl.com\/es\/wp-json\/wp\/v2\/product_tag?post=5272"}],"curies":[{"name":"wp","href":"https:\/\/api.w.org\/{rel}","templated":true}]}}