{"id":5442,"date":"2018-09-07T17:37:22","date_gmt":"2018-09-07T15:37:22","guid":{"rendered":"https:\/\/ptmsrl.com\/prodotto\/ptm-management\/"},"modified":"2022-07-25T11:40:04","modified_gmt":"2022-07-25T09:40:04","slug":"ptm-management","status":"publish","type":"product","link":"https:\/\/ptmsrl.com\/es\/prodotto\/ptm-management\/","title":{"rendered":"PTM Management"},"content":{"rendered":"<ul>\n<li>SOFTWARE SIEMPRE ACTUALIZADO: las actualizaciones y las mejoras del programa viendr\u00e1n implementadas autom\u00e1ticamente, ya no ser\u00e1 necesario pedir por el CD de actualizaci\u00f3n del software.<\/li>\n<li>SERVICIO DE ASISTENCIA M\u00c1S R\u00c1PIDO: PTM puede intervenir directamente en la cuenta del cliente para resolver posibles problemas.<\/li>\n<li>REDUCCI\u00d3N INTERRUPCIONES E INMUNIDAD DE LOS VIRUS: el sistema en la nube elimina todos problemas de incompatibilidad de los softwares instalados en el ordenador, y Virus y rupturas del hardware tampoco ser\u00e1n causa de interrupciones de los procesos de trabajo.<\/li>\n<li>SEGURIDAD Y PROTECCI\u00d3N DE LOS DATOS: la seguridad est\u00e1 garantizada, pues los datos residen en un sistema protegido, controlado 24 horas al d\u00eda, y vien efectuado un respaldo diario de los datos.<\/li>\n<\/ul>\n","protected":false},"excerpt":{"rendered":"<h3><strong>Software Cloud<\/strong><\/h3>\n<p><strong>Software dedicado al Precision Feeding<\/strong>: sistema de gesti\u00f3n avanzado para la creaci\u00f3n y <strong>programaci\u00f3n de recetas<\/strong> para alimentaci\u00f3n para animales.<br \/>\nLas aplicaciones y los recursos de este software alojan en un servidor y est\u00e1n distribuidas en la red, sobre <strong>plataforma en la nube<\/strong>.<\/p>\n<ul>\n<li>Pantalla responsiva<\/li>\n<li>Informes actualizados para mayor facilidad de lectura<\/li>\n<li>Nuevos gr\u00e1ficos para las recetas, simples e intuitivas<\/li>\n<li>DRY: Gesti<em>\u00f3<\/em>n de la materia seca<\/li>\n<li>IOFC: Beneficio restante tr<span class=\"ILfuVd\"><span class=\"hgKElc\">\u00e1<\/span><\/span>s gastos de alimentaci<em>\u00f3<\/em>n<\/li>\n<li>API: para software de terceros<\/li>\n<li>Live Chat para pedir ayuda en l\u00ednea directamente a nuestros t\u00e9cnicos<\/li>\n<\/ul>\n<p>El Software est\u00e1 disponible en las versiones siguientes:<\/p>\n<ul>\n<li>EST\u00c1NDAR Gesti\u00f3n estand\u00e1r de los componentes, gesti\u00f3n recetas, programaci\u00f3n de las b\u00e1sculas y archivo datos.<\/li>\n<li>PROFESSIONAL Gesti\u00f3n avanzada de las recetas con c\u00e1lculo adicional de la materia seca, gesti\u00f3n de las cantidades de almac\u00e9n, costes y producci\u00f3n.<\/li>\n<li>PREMIUM Paquete completo que incluie la versi\u00f3n Estand\u00e1r, Professional y adem\u00e1s el listado clientes y gesti\u00f3n suministros.<\/li>\n<\/ul>\n","protected":false},"featured_media":20597,"template":"","meta":{"inline_featured_image":false},"product_brand":[],"product_cat":[257],"product_tag":[],"class_list":{"0":"post-5442","1":"product","2":"type-product","3":"status-publish","4":"has-post-thumbnail","6":"product_cat-software-de-gestion-es","8":"first","9":"instock","10":"downloadable","11":"shipping-taxable","12":"product-type-simple"},"yoast_head":"<!-- This site is optimized with the Yoast SEO plugin v25.3 - https:\/\/yoast.com\/wordpress\/plugins\/seo\/ -->\n<title>PTM Srl | PTM Management<\/title>\n<meta name=\"robots\" content=\"index, follow, max-snippet:-1, max-image-preview:large, max-video-preview:-1\" \/>\n<link rel=\"canonical\" href=\"https:\/\/ptmsrl.com\/es\/prodotto\/ptm-management\/\" \/>\n<meta property=\"og:locale\" content=\"es_ES\" \/>\n<meta property=\"og:type\" content=\"article\" \/>\n<meta property=\"og:title\" content=\"PTM Srl | PTM Management\" \/>\n<meta property=\"og:description\" content=\"Software Cloud Software dedicado al Precision Feeding: sistema de gesti\u00f3n avanzado para la creaci\u00f3n y programaci\u00f3n de recetas para alimentaci\u00f3n para animales. Las aplicaciones y los recursos de este software alojan en un servidor y est\u00e1n distribuidas en la red, sobre plataforma en la nube.   Pantalla responsiva  Informes actualizados para mayor facilidad de lectura  Nuevos gr\u00e1ficos para las recetas, simples e intuitivas  DRY: Gesti\u00f3n de la materia seca  IOFC: Beneficio restante tr\u00e1s gastos de alimentaci\u00f3n  API: para software de terceros  Live Chat para pedir ayuda en l\u00ednea directamente a nuestros t\u00e9cnicos  El Software est\u00e1 disponible en las versiones siguientes:   EST\u00c1NDAR Gesti\u00f3n estand\u00e1r de los componentes, gesti\u00f3n recetas, programaci\u00f3n de las b\u00e1sculas y archivo datos.  PROFESSIONAL Gesti\u00f3n avanzada de las recetas con c\u00e1lculo adicional de la materia seca, gesti\u00f3n de las cantidades de almac\u00e9n, costes y producci\u00f3n.  PREMIUM Paquete completo que incluie la versi\u00f3n Estand\u00e1r, Professional y adem\u00e1s el listado clientes y gesti\u00f3n suministros.\" \/>\n<meta property=\"og:url\" content=\"https:\/\/ptmsrl.com\/es\/prodotto\/ptm-management\/\" \/>\n<meta property=\"og:site_name\" content=\"PTM Srl\" \/>\n<meta property=\"article:publisher\" content=\"https:\/\/www.facebook.com\/believingintechnology\/\" \/>\n<meta property=\"article:modified_time\" content=\"2022-07-25T09:40:04+00:00\" \/>\n<meta property=\"og:image\" content=\"https:\/\/ptmsrl.com\/wp-content\/uploads\/2018\/09\/ptm-management-software-cloud-dedicato-al-precision-feeding.jpg\" \/>\n\t<meta property=\"og:image:width\" content=\"1200\" \/>\n\t<meta property=\"og:image:height\" content=\"1200\" \/>\n\t<meta property=\"og:image:type\" content=\"image\/jpeg\" \/>\n<meta name=\"twitter:card\" content=\"summary_large_image\" \/>\n<meta name=\"twitter:site\" content=\"@ptm\" \/>\n<meta name=\"twitter:label1\" content=\"Tiempo de lectura\" \/>\n\t<meta name=\"twitter:data1\" content=\"1 minuto\" \/>\n<script type=\"application\/ld+json\" class=\"yoast-schema-graph\">{\"@context\":\"https:\/\/schema.org\",\"@graph\":[{\"@type\":\"WebPage\",\"@id\":\"https:\/\/ptmsrl.com\/es\/prodotto\/ptm-management\/\",\"url\":\"https:\/\/ptmsrl.com\/es\/prodotto\/ptm-management\/\",\"name\":\"PTM Srl | PTM Management\",\"isPartOf\":{\"@id\":\"https:\/\/ptmsrl.com\/#website\"},\"primaryImageOfPage\":{\"@id\":\"https:\/\/ptmsrl.com\/es\/prodotto\/ptm-management\/#primaryimage\"},\"image\":{\"@id\":\"https:\/\/ptmsrl.com\/es\/prodotto\/ptm-management\/#primaryimage\"},\"thumbnailUrl\":\"https:\/\/ptmsrl.com\/wp-content\/uploads\/2018\/09\/ptm-management-software-cloud-dedicato-al-precision-feeding.jpg\",\"datePublished\":\"2018-09-07T15:37:22+00:00\",\"dateModified\":\"2022-07-25T09:40:04+00:00\",\"breadcrumb\":{\"@id\":\"https:\/\/ptmsrl.com\/es\/prodotto\/ptm-management\/#breadcrumb\"},\"inLanguage\":\"es\",\"potentialAction\":[{\"@type\":\"ReadAction\",\"target\":[\"https:\/\/ptmsrl.com\/es\/prodotto\/ptm-management\/\"]}]},{\"@type\":\"ImageObject\",\"inLanguage\":\"es\",\"@id\":\"https:\/\/ptmsrl.com\/es\/prodotto\/ptm-management\/#primaryimage\",\"url\":\"https:\/\/ptmsrl.com\/wp-content\/uploads\/2018\/09\/ptm-management-software-cloud-dedicato-al-precision-feeding.jpg\",\"contentUrl\":\"https:\/\/ptmsrl.com\/wp-content\/uploads\/2018\/09\/ptm-management-software-cloud-dedicato-al-precision-feeding.jpg\",\"width\":1200,\"height\":1200,\"caption\":\"ptm-management-software-cloud-dedicato-al-precision-feeding\"},{\"@type\":\"BreadcrumbList\",\"@id\":\"https:\/\/ptmsrl.com\/es\/prodotto\/ptm-management\/#breadcrumb\",\"itemListElement\":[{\"@type\":\"ListItem\",\"position\":1,\"name\":\"Home\",\"item\":\"https:\/\/ptmsrl.com\/es\/\"},{\"@type\":\"ListItem\",\"position\":2,\"name\":\"Shop\",\"item\":\"https:\/\/ptmsrl.com\/shop\/\"},{\"@type\":\"ListItem\",\"position\":3,\"name\":\"PTM Management\"}]},{\"@type\":\"WebSite\",\"@id\":\"https:\/\/ptmsrl.com\/#website\",\"url\":\"https:\/\/ptmsrl.com\/\",\"name\":\"PTM Srl\",\"description\":\"\u041c\u042b \u041f\u0420\u041e\u0418\u0417\u0412\u041e\u0414\u0418\u041c \u041a\u0410\u0427\u0415\u0421\u0422\u0412\u041e, \u041a\u041e\u0422\u041e\u0420\u041e\u0415 \u0418\u041c\u0415\u0415\u0422 \u041e\u0421\u041e\u0411\u042b\u0419 \u0412\u0415\u0421\",\"publisher\":{\"@id\":\"https:\/\/ptmsrl.com\/#organization\"},\"potentialAction\":[{\"@type\":\"SearchAction\",\"target\":{\"@type\":\"EntryPoint\",\"urlTemplate\":\"https:\/\/ptmsrl.com\/?s={search_term_string}\"},\"query-input\":{\"@type\":\"PropertyValueSpecification\",\"valueRequired\":true,\"valueName\":\"search_term_string\"}}],\"inLanguage\":\"es\"},{\"@type\":\"Organization\",\"@id\":\"https:\/\/ptmsrl.com\/#organization\",\"name\":\"PTM srl\",\"url\":\"https:\/\/ptmsrl.com\/\",\"logo\":{\"@type\":\"ImageObject\",\"inLanguage\":\"es\",\"@id\":\"https:\/\/ptmsrl.com\/#\/schema\/logo\/image\/\",\"url\":\"https:\/\/ptmsrl.com\/wp-content\/uploads\/2018\/10\/LOGO-PTM.png\",\"contentUrl\":\"https:\/\/ptmsrl.com\/wp-content\/uploads\/2018\/10\/LOGO-PTM.png\",\"width\":1000,\"height\":500,\"caption\":\"PTM srl\"},\"image\":{\"@id\":\"https:\/\/ptmsrl.com\/#\/schema\/logo\/image\/\"},\"sameAs\":[\"https:\/\/www.facebook.com\/believingintechnology\/\",\"https:\/\/x.com\/ptm\",\"https:\/\/www.linkedin.com\/company\/ptm-s-r-l\/\",\"https:\/\/www.youtube.com\/channel\/UCPSOS0MaR-4jDkAD3HkAC7A\"]}]}<\/script>\n<!-- \/ Yoast SEO plugin. -->","yoast_head_json":{"title":"PTM Srl | PTM Management","robots":{"index":"index","follow":"follow","max-snippet":"max-snippet:-1","max-image-preview":"max-image-preview:large","max-video-preview":"max-video-preview:-1"},"canonical":"https:\/\/ptmsrl.com\/es\/prodotto\/ptm-management\/","og_locale":"es_ES","og_type":"article","og_title":"PTM Srl | PTM Management","og_description":"Software Cloud Software dedicado al Precision Feeding: sistema de gesti\u00f3n avanzado para la creaci\u00f3n y programaci\u00f3n de recetas para alimentaci\u00f3n para animales. Las aplicaciones y los recursos de este software alojan en un servidor y est\u00e1n distribuidas en la red, sobre plataforma en la nube.   Pantalla responsiva  Informes actualizados para mayor facilidad de lectura  Nuevos gr\u00e1ficos para las recetas, simples e intuitivas  DRY: Gesti\u00f3n de la materia seca  IOFC: Beneficio restante tr\u00e1s gastos de alimentaci\u00f3n  API: para software de terceros  Live Chat para pedir ayuda en l\u00ednea directamente a nuestros t\u00e9cnicos  El Software est\u00e1 disponible en las versiones siguientes:   EST\u00c1NDAR Gesti\u00f3n estand\u00e1r de los componentes, gesti\u00f3n recetas, programaci\u00f3n de las b\u00e1sculas y archivo datos.  PROFESSIONAL Gesti\u00f3n avanzada de las recetas con c\u00e1lculo adicional de la materia seca, gesti\u00f3n de las cantidades de almac\u00e9n, costes y producci\u00f3n.  PREMIUM Paquete completo que incluie la versi\u00f3n Estand\u00e1r, Professional y adem\u00e1s el listado clientes y gesti\u00f3n suministros.","og_url":"https:\/\/ptmsrl.com\/es\/prodotto\/ptm-management\/","og_site_name":"PTM Srl","article_publisher":"https:\/\/www.facebook.com\/believingintechnology\/","article_modified_time":"2022-07-25T09:40:04+00:00","og_image":[{"width":1200,"height":1200,"url":"https:\/\/ptmsrl.com\/wp-content\/uploads\/2018\/09\/ptm-management-software-cloud-dedicato-al-precision-feeding.jpg","type":"image\/jpeg"}],"twitter_card":"summary_large_image","twitter_site":"@ptm","twitter_misc":{"Tiempo de lectura":"1 minuto"},"schema":{"@context":"https:\/\/schema.org","@graph":[{"@type":"WebPage","@id":"https:\/\/ptmsrl.com\/es\/prodotto\/ptm-management\/","url":"https:\/\/ptmsrl.com\/es\/prodotto\/ptm-management\/","name":"PTM Srl | PTM Management","isPartOf":{"@id":"https:\/\/ptmsrl.com\/#website"},"primaryImageOfPage":{"@id":"https:\/\/ptmsrl.com\/es\/prodotto\/ptm-management\/#primaryimage"},"image":{"@id":"https:\/\/ptmsrl.com\/es\/prodotto\/ptm-management\/#primaryimage"},"thumbnailUrl":"https:\/\/ptmsrl.com\/wp-content\/uploads\/2018\/09\/ptm-management-software-cloud-dedicato-al-precision-feeding.jpg","datePublished":"2018-09-07T15:37:22+00:00","dateModified":"2022-07-25T09:40:04+00:00","breadcrumb":{"@id":"https:\/\/ptmsrl.com\/es\/prodotto\/ptm-management\/#breadcrumb"},"inLanguage":"es","potentialAction":[{"@type":"ReadAction","target":["https:\/\/ptmsrl.com\/es\/prodotto\/ptm-management\/"]}]},{"@type":"ImageObject","inLanguage":"es","@id":"https:\/\/ptmsrl.com\/es\/prodotto\/ptm-management\/#primaryimage","url":"https:\/\/ptmsrl.com\/wp-content\/uploads\/2018\/09\/ptm-management-software-cloud-dedicato-al-precision-feeding.jpg","contentUrl":"https:\/\/ptmsrl.com\/wp-content\/uploads\/2018\/09\/ptm-management-software-cloud-dedicato-al-precision-feeding.jpg","width":1200,"height":1200,"caption":"ptm-management-software-cloud-dedicato-al-precision-feeding"},{"@type":"BreadcrumbList","@id":"https:\/\/ptmsrl.com\/es\/prodotto\/ptm-management\/#breadcrumb","itemListElement":[{"@type":"ListItem","position":1,"name":"Home","item":"https:\/\/ptmsrl.com\/es\/"},{"@type":"ListItem","position":2,"name":"Shop","item":"https:\/\/ptmsrl.com\/shop\/"},{"@type":"ListItem","position":3,"name":"PTM Management"}]},{"@type":"WebSite","@id":"https:\/\/ptmsrl.com\/#website","url":"https:\/\/ptmsrl.com\/","name":"PTM Srl","description":"\u041c\u042b \u041f\u0420\u041e\u0418\u0417\u0412\u041e\u0414\u0418\u041c \u041a\u0410\u0427\u0415\u0421\u0422\u0412\u041e, \u041a\u041e\u0422\u041e\u0420\u041e\u0415 \u0418\u041c\u0415\u0415\u0422 \u041e\u0421\u041e\u0411\u042b\u0419 \u0412\u0415\u0421","publisher":{"@id":"https:\/\/ptmsrl.com\/#organization"},"potentialAction":[{"@type":"SearchAction","target":{"@type":"EntryPoint","urlTemplate":"https:\/\/ptmsrl.com\/?s={search_term_string}"},"query-input":{"@type":"PropertyValueSpecification","valueRequired":true,"valueName":"search_term_string"}}],"inLanguage":"es"},{"@type":"Organization","@id":"https:\/\/ptmsrl.com\/#organization","name":"PTM srl","url":"https:\/\/ptmsrl.com\/","logo":{"@type":"ImageObject","inLanguage":"es","@id":"https:\/\/ptmsrl.com\/#\/schema\/logo\/image\/","url":"https:\/\/ptmsrl.com\/wp-content\/uploads\/2018\/10\/LOGO-PTM.png","contentUrl":"https:\/\/ptmsrl.com\/wp-content\/uploads\/2018\/10\/LOGO-PTM.png","width":1000,"height":500,"caption":"PTM srl"},"image":{"@id":"https:\/\/ptmsrl.com\/#\/schema\/logo\/image\/"},"sameAs":["https:\/\/www.facebook.com\/believingintechnology\/","https:\/\/x.com\/ptm","https:\/\/www.linkedin.com\/company\/ptm-s-r-l\/","https:\/\/www.youtube.com\/channel\/UCPSOS0MaR-4jDkAD3HkAC7A"]}]}},"_links":{"self":[{"href":"https:\/\/ptmsrl.com\/es\/wp-json\/wp\/v2\/product\/5442","targetHints":{"allow":["GET"]}}],"collection":[{"href":"https:\/\/ptmsrl.com\/es\/wp-json\/wp\/v2\/product"}],"about":[{"href":"https:\/\/ptmsrl.com\/es\/wp-json\/wp\/v2\/types\/product"}],"wp:featuredmedia":[{"embeddable":true,"href":"https:\/\/ptmsrl.com\/es\/wp-json\/wp\/v2\/media\/20597"}],"wp:attachment":[{"href":"https:\/\/ptmsrl.com\/es\/wp-json\/wp\/v2\/media?parent=5442"}],"wp:term":[{"taxonomy":"product_brand","embeddable":true,"href":"https:\/\/ptmsrl.com\/es\/wp-json\/wp\/v2\/product_brand?post=5442"},{"taxonomy":"product_cat","embeddable":true,"href":"https:\/\/ptmsrl.com\/es\/wp-json\/wp\/v2\/product_cat?post=5442"},{"taxonomy":"product_tag","embeddable":true,"href":"https:\/\/ptmsrl.com\/es\/wp-json\/wp\/v2\/product_tag?post=5442"}],"curies":[{"name":"wp","href":"https:\/\/api.w.org\/{rel}","templated":true}]}}