{"id":5503,"date":"2018-09-10T09:37:55","date_gmt":"2018-09-10T07:37:55","guid":{"rendered":"https:\/\/ptmsrl.com\/prodotto\/bio-mix\/"},"modified":"2022-07-25T11:39:37","modified_gmt":"2022-07-25T09:39:37","slug":"bio-mix","status":"publish","type":"product","link":"https:\/\/ptmsrl.com\/es\/prodotto\/bio-mix\/","title":{"rendered":"Bio Mix"},"content":{"rendered":"<p>El programa Biomix trabajando con las centralitas ADVANCE BIO USB, ADVANCE BIO USB TWIN y BioMemory ofrece las siguientes posibilidades:<\/p>\n<ul>\n<li>Posibilidad de trabajar y seleccionar entre 3 diferentes modalidades de carga: Carga Manual, Carga de las recetas o Carga manual+ Carga recetas<\/li>\n<li>Posibilidad de controlar desde 20 hasta 80 recetas<\/li>\n<li>Posibilidad de controlar hasta 20 componentes para cada receta<\/li>\n<li>Posibilidad de controlar hasta 20 componentes en manual<\/li>\n<li>Multi- idioma<\/li>\n<li>Posibilidad de variar en % el valor total de cargar para cada receta<\/li>\n<li>Representaci\u00f3n gr\u00e1fica de la % de cada componente de distribuir<\/li>\n<li>Posibilidad de programar uno o m\u00e1s componentes como pur\u00edn<\/li>\n<li>Posibilidad de programaci\u00f3n manual de una cantidad de pur\u00edn<\/li>\n<li>Transmisi\u00f3n de los datos de la centralita por medio de la Pendrive USB al ordenador<\/li>\n<li>Gesti\u00f3n del backup de los datos de trabajo por medio de la Pendrive USB<\/li>\n<li>Posibilidad de controlar en el mismo tiempo m\u00e1s plantas<\/li>\n<li>Programaci\u00f3n de una lista de componentes con la posibilidad de inserir el coste al Kg;<\/li>\n<li>Controle dal almac\u00e9n y f\u00e1cil representaci\u00f3n de las cantidades disponibles<\/li>\n<li>Funci\u00f3n de alarma establecida en relaci\u00f3n a un l\u00edmite m\u00ednimo del almac\u00e9n<\/li>\n<li>Posibilidad de transmitir los datos directamente en Excel<\/li>\n<li>Posibilidad de enviar los datos por correo electr\u00f3nico<\/li>\n<li>Posibilidad de realizar un Backup del database<\/li>\n<li>Posibilidad de controlar los costes de cada componente<\/li>\n<li>Posibilidad de introducir el precio de venta de un m3 de gas<\/li>\n<li>Posibilidad de introducir el precio de venta de un Kw sacado por la combusti\u00f3n del gas<\/li>\n<li>Posibilidad de programar la cantidad de gas producido y de su precio de venta para cada m3 para el c\u00e1lculo autom\u00e1tico de los montos y de la relaci\u00f3n montos\/costes.<\/li>\n<\/ul>\n","protected":false},"excerpt":{"rendered":"<h3 align=\"justify\"><strong>Programa para la gesti\u00f3n de plantas de Biogas por medio del uso de las centralitas de la serie \u201cBio\u201d<\/strong><\/h3>\n<p>El programa Biomix se basa en la experiencia de la PTM para la gesti\u00f3n de la producci\u00f3n del biogas.<\/p>\n<p>Gracias a este programa es posible lograr, sin malgastar tiempo, una representaci\u00f3n clara y confiable de las cantidades de los componentes cargados en el fermentador para la producci\u00f3n de Biogas.<br \/>\nSe pueden utilizar las informaciones recibidas para administrar y controlar la producci\u00f3n de gas y Kw como base para el c\u00e1lculo de cada receta.<\/p>\n","protected":false},"featured_media":20583,"template":"","meta":{"inline_featured_image":false},"product_brand":[],"product_cat":[257],"product_tag":[],"class_list":{"0":"post-5503","1":"product","2":"type-product","3":"status-publish","4":"has-post-thumbnail","6":"product_cat-software-de-gestion-es","8":"first","9":"instock","10":"downloadable","11":"shipping-taxable","12":"product-type-simple"},"yoast_head":"<!-- This site is optimized with the Yoast SEO plugin v25.3 - https:\/\/yoast.com\/wordpress\/plugins\/seo\/ -->\n<title>PTM Srl | Bio Mix<\/title>\n<meta name=\"robots\" content=\"index, follow, max-snippet:-1, max-image-preview:large, max-video-preview:-1\" \/>\n<link rel=\"canonical\" href=\"https:\/\/ptmsrl.com\/es\/prodotto\/bio-mix\/\" \/>\n<meta property=\"og:locale\" content=\"es_ES\" \/>\n<meta property=\"og:type\" content=\"article\" \/>\n<meta property=\"og:title\" content=\"PTM Srl | Bio Mix\" \/>\n<meta property=\"og:description\" content=\"Programa para la gesti\u00f3n de plantas de Biogas por medio del uso de las centralitas de la serie \u201cBio\u201d El programa Biomix se basa en la experiencia de la PTM para la gesti\u00f3n de la producci\u00f3n del biogas.  Gracias a este programa es posible lograr, sin malgastar tiempo, una representaci\u00f3n clara y confiable de las cantidades de los componentes cargados en el fermentador para la producci\u00f3n de Biogas. Se pueden utilizar las informaciones recibidas para administrar y controlar la producci\u00f3n de gas y Kw como base para el c\u00e1lculo de cada receta.\" \/>\n<meta property=\"og:url\" content=\"https:\/\/ptmsrl.com\/es\/prodotto\/bio-mix\/\" \/>\n<meta property=\"og:site_name\" content=\"PTM Srl\" \/>\n<meta property=\"article:publisher\" content=\"https:\/\/www.facebook.com\/believingintechnology\/\" \/>\n<meta property=\"article:modified_time\" content=\"2022-07-25T09:39:37+00:00\" \/>\n<meta property=\"og:image\" content=\"https:\/\/ptmsrl.com\/wp-content\/uploads\/2018\/09\/ptm-biomix-software-per-la-gestione-di-impianti-biogas.jpg\" \/>\n\t<meta property=\"og:image:width\" content=\"1200\" \/>\n\t<meta property=\"og:image:height\" content=\"1200\" \/>\n\t<meta property=\"og:image:type\" content=\"image\/jpeg\" \/>\n<meta name=\"twitter:card\" content=\"summary_large_image\" \/>\n<meta name=\"twitter:site\" content=\"@ptm\" \/>\n<meta name=\"twitter:label1\" content=\"Tiempo de lectura\" \/>\n\t<meta name=\"twitter:data1\" content=\"1 minuto\" \/>\n<script type=\"application\/ld+json\" class=\"yoast-schema-graph\">{\"@context\":\"https:\/\/schema.org\",\"@graph\":[{\"@type\":\"WebPage\",\"@id\":\"https:\/\/ptmsrl.com\/es\/prodotto\/bio-mix\/\",\"url\":\"https:\/\/ptmsrl.com\/es\/prodotto\/bio-mix\/\",\"name\":\"PTM Srl | Bio Mix\",\"isPartOf\":{\"@id\":\"https:\/\/ptmsrl.com\/#website\"},\"primaryImageOfPage\":{\"@id\":\"https:\/\/ptmsrl.com\/es\/prodotto\/bio-mix\/#primaryimage\"},\"image\":{\"@id\":\"https:\/\/ptmsrl.com\/es\/prodotto\/bio-mix\/#primaryimage\"},\"thumbnailUrl\":\"https:\/\/ptmsrl.com\/wp-content\/uploads\/2018\/09\/ptm-biomix-software-per-la-gestione-di-impianti-biogas.jpg\",\"datePublished\":\"2018-09-10T07:37:55+00:00\",\"dateModified\":\"2022-07-25T09:39:37+00:00\",\"breadcrumb\":{\"@id\":\"https:\/\/ptmsrl.com\/es\/prodotto\/bio-mix\/#breadcrumb\"},\"inLanguage\":\"es\",\"potentialAction\":[{\"@type\":\"ReadAction\",\"target\":[\"https:\/\/ptmsrl.com\/es\/prodotto\/bio-mix\/\"]}]},{\"@type\":\"ImageObject\",\"inLanguage\":\"es\",\"@id\":\"https:\/\/ptmsrl.com\/es\/prodotto\/bio-mix\/#primaryimage\",\"url\":\"https:\/\/ptmsrl.com\/wp-content\/uploads\/2018\/09\/ptm-biomix-software-per-la-gestione-di-impianti-biogas.jpg\",\"contentUrl\":\"https:\/\/ptmsrl.com\/wp-content\/uploads\/2018\/09\/ptm-biomix-software-per-la-gestione-di-impianti-biogas.jpg\",\"width\":1200,\"height\":1200,\"caption\":\"ptm-biomix-software-per-la-gestione-di-impianti-biogas\"},{\"@type\":\"BreadcrumbList\",\"@id\":\"https:\/\/ptmsrl.com\/es\/prodotto\/bio-mix\/#breadcrumb\",\"itemListElement\":[{\"@type\":\"ListItem\",\"position\":1,\"name\":\"Home\",\"item\":\"https:\/\/ptmsrl.com\/es\/\"},{\"@type\":\"ListItem\",\"position\":2,\"name\":\"Shop\",\"item\":\"https:\/\/ptmsrl.com\/shop\/\"},{\"@type\":\"ListItem\",\"position\":3,\"name\":\"Bio Mix\"}]},{\"@type\":\"WebSite\",\"@id\":\"https:\/\/ptmsrl.com\/#website\",\"url\":\"https:\/\/ptmsrl.com\/\",\"name\":\"PTM Srl\",\"description\":\"\u041c\u042b \u041f\u0420\u041e\u0418\u0417\u0412\u041e\u0414\u0418\u041c \u041a\u0410\u0427\u0415\u0421\u0422\u0412\u041e, \u041a\u041e\u0422\u041e\u0420\u041e\u0415 \u0418\u041c\u0415\u0415\u0422 \u041e\u0421\u041e\u0411\u042b\u0419 \u0412\u0415\u0421\",\"publisher\":{\"@id\":\"https:\/\/ptmsrl.com\/#organization\"},\"potentialAction\":[{\"@type\":\"SearchAction\",\"target\":{\"@type\":\"EntryPoint\",\"urlTemplate\":\"https:\/\/ptmsrl.com\/?s={search_term_string}\"},\"query-input\":{\"@type\":\"PropertyValueSpecification\",\"valueRequired\":true,\"valueName\":\"search_term_string\"}}],\"inLanguage\":\"es\"},{\"@type\":\"Organization\",\"@id\":\"https:\/\/ptmsrl.com\/#organization\",\"name\":\"PTM srl\",\"url\":\"https:\/\/ptmsrl.com\/\",\"logo\":{\"@type\":\"ImageObject\",\"inLanguage\":\"es\",\"@id\":\"https:\/\/ptmsrl.com\/#\/schema\/logo\/image\/\",\"url\":\"https:\/\/ptmsrl.com\/wp-content\/uploads\/2018\/10\/LOGO-PTM.png\",\"contentUrl\":\"https:\/\/ptmsrl.com\/wp-content\/uploads\/2018\/10\/LOGO-PTM.png\",\"width\":1000,\"height\":500,\"caption\":\"PTM srl\"},\"image\":{\"@id\":\"https:\/\/ptmsrl.com\/#\/schema\/logo\/image\/\"},\"sameAs\":[\"https:\/\/www.facebook.com\/believingintechnology\/\",\"https:\/\/x.com\/ptm\",\"https:\/\/www.linkedin.com\/company\/ptm-s-r-l\/\",\"https:\/\/www.youtube.com\/channel\/UCPSOS0MaR-4jDkAD3HkAC7A\"]}]}<\/script>\n<!-- \/ Yoast SEO plugin. -->","yoast_head_json":{"title":"PTM Srl | Bio Mix","robots":{"index":"index","follow":"follow","max-snippet":"max-snippet:-1","max-image-preview":"max-image-preview:large","max-video-preview":"max-video-preview:-1"},"canonical":"https:\/\/ptmsrl.com\/es\/prodotto\/bio-mix\/","og_locale":"es_ES","og_type":"article","og_title":"PTM Srl | Bio Mix","og_description":"Programa para la gesti\u00f3n de plantas de Biogas por medio del uso de las centralitas de la serie \u201cBio\u201d El programa Biomix se basa en la experiencia de la PTM para la gesti\u00f3n de la producci\u00f3n del biogas.  Gracias a este programa es posible lograr, sin malgastar tiempo, una representaci\u00f3n clara y confiable de las cantidades de los componentes cargados en el fermentador para la producci\u00f3n de Biogas. Se pueden utilizar las informaciones recibidas para administrar y controlar la producci\u00f3n de gas y Kw como base para el c\u00e1lculo de cada receta.","og_url":"https:\/\/ptmsrl.com\/es\/prodotto\/bio-mix\/","og_site_name":"PTM Srl","article_publisher":"https:\/\/www.facebook.com\/believingintechnology\/","article_modified_time":"2022-07-25T09:39:37+00:00","og_image":[{"width":1200,"height":1200,"url":"https:\/\/ptmsrl.com\/wp-content\/uploads\/2018\/09\/ptm-biomix-software-per-la-gestione-di-impianti-biogas.jpg","type":"image\/jpeg"}],"twitter_card":"summary_large_image","twitter_site":"@ptm","twitter_misc":{"Tiempo de lectura":"1 minuto"},"schema":{"@context":"https:\/\/schema.org","@graph":[{"@type":"WebPage","@id":"https:\/\/ptmsrl.com\/es\/prodotto\/bio-mix\/","url":"https:\/\/ptmsrl.com\/es\/prodotto\/bio-mix\/","name":"PTM Srl | Bio Mix","isPartOf":{"@id":"https:\/\/ptmsrl.com\/#website"},"primaryImageOfPage":{"@id":"https:\/\/ptmsrl.com\/es\/prodotto\/bio-mix\/#primaryimage"},"image":{"@id":"https:\/\/ptmsrl.com\/es\/prodotto\/bio-mix\/#primaryimage"},"thumbnailUrl":"https:\/\/ptmsrl.com\/wp-content\/uploads\/2018\/09\/ptm-biomix-software-per-la-gestione-di-impianti-biogas.jpg","datePublished":"2018-09-10T07:37:55+00:00","dateModified":"2022-07-25T09:39:37+00:00","breadcrumb":{"@id":"https:\/\/ptmsrl.com\/es\/prodotto\/bio-mix\/#breadcrumb"},"inLanguage":"es","potentialAction":[{"@type":"ReadAction","target":["https:\/\/ptmsrl.com\/es\/prodotto\/bio-mix\/"]}]},{"@type":"ImageObject","inLanguage":"es","@id":"https:\/\/ptmsrl.com\/es\/prodotto\/bio-mix\/#primaryimage","url":"https:\/\/ptmsrl.com\/wp-content\/uploads\/2018\/09\/ptm-biomix-software-per-la-gestione-di-impianti-biogas.jpg","contentUrl":"https:\/\/ptmsrl.com\/wp-content\/uploads\/2018\/09\/ptm-biomix-software-per-la-gestione-di-impianti-biogas.jpg","width":1200,"height":1200,"caption":"ptm-biomix-software-per-la-gestione-di-impianti-biogas"},{"@type":"BreadcrumbList","@id":"https:\/\/ptmsrl.com\/es\/prodotto\/bio-mix\/#breadcrumb","itemListElement":[{"@type":"ListItem","position":1,"name":"Home","item":"https:\/\/ptmsrl.com\/es\/"},{"@type":"ListItem","position":2,"name":"Shop","item":"https:\/\/ptmsrl.com\/shop\/"},{"@type":"ListItem","position":3,"name":"Bio Mix"}]},{"@type":"WebSite","@id":"https:\/\/ptmsrl.com\/#website","url":"https:\/\/ptmsrl.com\/","name":"PTM Srl","description":"\u041c\u042b \u041f\u0420\u041e\u0418\u0417\u0412\u041e\u0414\u0418\u041c \u041a\u0410\u0427\u0415\u0421\u0422\u0412\u041e, \u041a\u041e\u0422\u041e\u0420\u041e\u0415 \u0418\u041c\u0415\u0415\u0422 \u041e\u0421\u041e\u0411\u042b\u0419 \u0412\u0415\u0421","publisher":{"@id":"https:\/\/ptmsrl.com\/#organization"},"potentialAction":[{"@type":"SearchAction","target":{"@type":"EntryPoint","urlTemplate":"https:\/\/ptmsrl.com\/?s={search_term_string}"},"query-input":{"@type":"PropertyValueSpecification","valueRequired":true,"valueName":"search_term_string"}}],"inLanguage":"es"},{"@type":"Organization","@id":"https:\/\/ptmsrl.com\/#organization","name":"PTM srl","url":"https:\/\/ptmsrl.com\/","logo":{"@type":"ImageObject","inLanguage":"es","@id":"https:\/\/ptmsrl.com\/#\/schema\/logo\/image\/","url":"https:\/\/ptmsrl.com\/wp-content\/uploads\/2018\/10\/LOGO-PTM.png","contentUrl":"https:\/\/ptmsrl.com\/wp-content\/uploads\/2018\/10\/LOGO-PTM.png","width":1000,"height":500,"caption":"PTM srl"},"image":{"@id":"https:\/\/ptmsrl.com\/#\/schema\/logo\/image\/"},"sameAs":["https:\/\/www.facebook.com\/believingintechnology\/","https:\/\/x.com\/ptm","https:\/\/www.linkedin.com\/company\/ptm-s-r-l\/","https:\/\/www.youtube.com\/channel\/UCPSOS0MaR-4jDkAD3HkAC7A"]}]}},"_links":{"self":[{"href":"https:\/\/ptmsrl.com\/es\/wp-json\/wp\/v2\/product\/5503","targetHints":{"allow":["GET"]}}],"collection":[{"href":"https:\/\/ptmsrl.com\/es\/wp-json\/wp\/v2\/product"}],"about":[{"href":"https:\/\/ptmsrl.com\/es\/wp-json\/wp\/v2\/types\/product"}],"wp:featuredmedia":[{"embeddable":true,"href":"https:\/\/ptmsrl.com\/es\/wp-json\/wp\/v2\/media\/20583"}],"wp:attachment":[{"href":"https:\/\/ptmsrl.com\/es\/wp-json\/wp\/v2\/media?parent=5503"}],"wp:term":[{"taxonomy":"product_brand","embeddable":true,"href":"https:\/\/ptmsrl.com\/es\/wp-json\/wp\/v2\/product_brand?post=5503"},{"taxonomy":"product_cat","embeddable":true,"href":"https:\/\/ptmsrl.com\/es\/wp-json\/wp\/v2\/product_cat?post=5503"},{"taxonomy":"product_tag","embeddable":true,"href":"https:\/\/ptmsrl.com\/es\/wp-json\/wp\/v2\/product_tag?post=5503"}],"curies":[{"name":"wp","href":"https:\/\/api.w.org\/{rel}","templated":true}]}}