{"id":19579,"date":"2021-04-21T17:28:56","date_gmt":"2021-04-21T15:28:56","guid":{"rendered":"https:\/\/ptmsrl.com\/?post_type=product&#038;p=19579"},"modified":"2022-07-25T11:20:37","modified_gmt":"2022-07-25T09:20:37","slug":"ptm-bio-management","status":"publish","type":"product","link":"https:\/\/ptmsrl.com\/fr\/prodotto\/ptm-bio-management\/","title":{"rendered":"PTM BIO Management"},"content":{"rendered":"<ul>\n<li>LOGICIEL TOUJOURS ACTUALIS\u00c9: les actualisations et les am\u00e9liorations du programme viendront appliqu\u00e9es automatiquement, il ne faudra plus demander CD pour l\u2019update du logiciel.<\/li>\n<li>SERVICE APR\u00c8S-VENTE PLUS RAPIDE: PTM peut intervenir directement sur le compte su client pour r\u00e9soudre probl\u00e8mes \u00e9ventuels.<\/li>\n<li>REDUCTION INTERRUPTIONS ET IMMUNIT\u00c9 DES VIRUS: le syst\u00e8me \u00e9limine tous les probl\u00e8mes d\u2019incompatibilit\u00e9 des logiciels install\u00e9s sur l\u2019ordinateur, les Virus et les ruptures du mat\u00e9riel ne seront plus cause de interruptions des processus de travail.<\/li>\n<li>S\u00c9CURIT\u00c9 ET PROTECTION DES DONN\u00c9ES: la s\u00e9curit\u00e9 est garantie, car les donn\u00e9es se trouvent dans un syst\u00e8me prot\u00e9g\u00e9, surveill\u00e9 24 heures sur 24 et vient effectu\u00e9 une sauvegarde quotidienne des donn\u00e9es.<\/li>\n<\/ul>\n","protected":false},"excerpt":{"rendered":"<h3><strong>Logiciel Cloud<\/strong><\/h3>\n<p>Logiciel d\u00e9di\u00e9e \u00e0 les syst\u00e8mes de Biogaz : logiciel de gestion avanc\u00e9e destin\u00e9 \u00e0 la cr\u00e9ation et programmation des recettes pour la production de gaz et \u00e9nergie. Les applications et les ressources de ce logiciel-ci logent dans un serveur et sont distribu\u00e9es dans le r\u00e9seau, sur plateforme Cloud.<\/p>\n<p><strong>AVANTAGES PTM BIO MANAGEMENT:<\/strong><\/p>\n<ul>\n<li>SIMPLE GESTION DES DONN\u00c9ES ET RAPIDE MODIFICATION DES RECETTES<\/li>\n<li>ACC\u00c8S TOUJOURS ET PARTOUT PAR SMARTPHONE ET TABLETTE<\/li>\n<li>CONTR\u00d4LER, ANALYSER ET OPTIMISER LA PRODUCTION DE BIOGAZ<\/li>\n<li>MAGASIN TOUJOURS SOUS CONTR\u00d4LE<\/li>\n<li>AUCUNE INSTALLATION SUR ORDINATEUR<\/li>\n<\/ul>\n","protected":false},"featured_media":20558,"template":"","meta":{"inline_featured_image":false},"product_brand":[],"product_cat":[258],"product_tag":[],"class_list":{"0":"post-19579","1":"product","2":"type-product","3":"status-publish","4":"has-post-thumbnail","6":"product_cat-logiciel-de-gestion-fr","8":"first","9":"instock","10":"downloadable","11":"shipping-taxable","12":"product-type-simple"},"yoast_head":"<!-- This site is optimized with the Yoast SEO plugin v25.3 - https:\/\/yoast.com\/wordpress\/plugins\/seo\/ -->\n<title>PTM Srl | PTM BIO Management<\/title>\n<meta name=\"robots\" content=\"index, follow, max-snippet:-1, max-image-preview:large, max-video-preview:-1\" \/>\n<link rel=\"canonical\" href=\"https:\/\/ptmsrl.com\/fr\/prodotto\/ptm-bio-management\/\" \/>\n<meta property=\"og:locale\" content=\"fr_FR\" \/>\n<meta property=\"og:type\" content=\"article\" \/>\n<meta property=\"og:title\" content=\"PTM Srl | PTM BIO Management\" \/>\n<meta property=\"og:description\" content=\"Logiciel Cloud Logiciel d\u00e9di\u00e9e \u00e0 les syst\u00e8mes de Biogaz : logiciel de gestion avanc\u00e9e destin\u00e9 \u00e0 la cr\u00e9ation et programmation des recettes pour la production de gaz et \u00e9nergie. Les applications et les ressources de ce logiciel-ci logent dans un serveur et sont distribu\u00e9es dans le r\u00e9seau, sur plateforme Cloud.  AVANTAGES PTM BIO MANAGEMENT:   SIMPLE GESTION DES DONN\u00c9ES ET RAPIDE MODIFICATION DES RECETTES  ACC\u00c8S TOUJOURS ET PARTOUT PAR SMARTPHONE ET TABLETTE  CONTR\u00d4LER, ANALYSER ET OPTIMISER LA PRODUCTION DE BIOGAZ  MAGASIN TOUJOURS SOUS CONTR\u00d4LE  AUCUNE INSTALLATION SUR ORDINATEUR\" \/>\n<meta property=\"og:url\" content=\"https:\/\/ptmsrl.com\/fr\/prodotto\/ptm-bio-management\/\" \/>\n<meta property=\"og:site_name\" content=\"PTM Srl\" \/>\n<meta property=\"article:publisher\" content=\"https:\/\/www.facebook.com\/believingintechnology\/\" \/>\n<meta property=\"article:modified_time\" content=\"2022-07-25T09:20:37+00:00\" \/>\n<meta property=\"og:image\" content=\"https:\/\/ptmsrl.com\/wp-content\/uploads\/2021\/04\/ptm-bio-management-software-per-impianti-biogas.jpg\" \/>\n\t<meta property=\"og:image:width\" content=\"1200\" \/>\n\t<meta property=\"og:image:height\" content=\"1200\" \/>\n\t<meta property=\"og:image:type\" content=\"image\/jpeg\" \/>\n<meta name=\"twitter:card\" content=\"summary_large_image\" \/>\n<meta name=\"twitter:site\" content=\"@ptm\" \/>\n<meta name=\"twitter:label1\" content=\"Dur\u00e9e de lecture estim\u00e9e\" \/>\n\t<meta name=\"twitter:data1\" content=\"1 minute\" \/>\n<script type=\"application\/ld+json\" class=\"yoast-schema-graph\">{\"@context\":\"https:\/\/schema.org\",\"@graph\":[{\"@type\":\"WebPage\",\"@id\":\"https:\/\/ptmsrl.com\/fr\/prodotto\/ptm-bio-management\/\",\"url\":\"https:\/\/ptmsrl.com\/fr\/prodotto\/ptm-bio-management\/\",\"name\":\"PTM Srl | PTM BIO Management\",\"isPartOf\":{\"@id\":\"https:\/\/ptmsrl.com\/#website\"},\"primaryImageOfPage\":{\"@id\":\"https:\/\/ptmsrl.com\/fr\/prodotto\/ptm-bio-management\/#primaryimage\"},\"image\":{\"@id\":\"https:\/\/ptmsrl.com\/fr\/prodotto\/ptm-bio-management\/#primaryimage\"},\"thumbnailUrl\":\"https:\/\/ptmsrl.com\/wp-content\/uploads\/2021\/04\/ptm-bio-management-software-per-impianti-biogas.jpg\",\"datePublished\":\"2021-04-21T15:28:56+00:00\",\"dateModified\":\"2022-07-25T09:20:37+00:00\",\"breadcrumb\":{\"@id\":\"https:\/\/ptmsrl.com\/fr\/prodotto\/ptm-bio-management\/#breadcrumb\"},\"inLanguage\":\"fr-FR\",\"potentialAction\":[{\"@type\":\"ReadAction\",\"target\":[\"https:\/\/ptmsrl.com\/fr\/prodotto\/ptm-bio-management\/\"]}]},{\"@type\":\"ImageObject\",\"inLanguage\":\"fr-FR\",\"@id\":\"https:\/\/ptmsrl.com\/fr\/prodotto\/ptm-bio-management\/#primaryimage\",\"url\":\"https:\/\/ptmsrl.com\/wp-content\/uploads\/2021\/04\/ptm-bio-management-software-per-impianti-biogas.jpg\",\"contentUrl\":\"https:\/\/ptmsrl.com\/wp-content\/uploads\/2021\/04\/ptm-bio-management-software-per-impianti-biogas.jpg\",\"width\":1200,\"height\":1200,\"caption\":\"ptm-bio-management-software-per-impianti-biogas\"},{\"@type\":\"BreadcrumbList\",\"@id\":\"https:\/\/ptmsrl.com\/fr\/prodotto\/ptm-bio-management\/#breadcrumb\",\"itemListElement\":[{\"@type\":\"ListItem\",\"position\":1,\"name\":\"Home\",\"item\":\"https:\/\/ptmsrl.com\/fr\/\"},{\"@type\":\"ListItem\",\"position\":2,\"name\":\"Shop\",\"item\":\"https:\/\/ptmsrl.com\/shop\/\"},{\"@type\":\"ListItem\",\"position\":3,\"name\":\"PTM BIO Management\"}]},{\"@type\":\"WebSite\",\"@id\":\"https:\/\/ptmsrl.com\/#website\",\"url\":\"https:\/\/ptmsrl.com\/\",\"name\":\"PTM Srl\",\"description\":\"\u041c\u042b \u041f\u0420\u041e\u0418\u0417\u0412\u041e\u0414\u0418\u041c \u041a\u0410\u0427\u0415\u0421\u0422\u0412\u041e, \u041a\u041e\u0422\u041e\u0420\u041e\u0415 \u0418\u041c\u0415\u0415\u0422 \u041e\u0421\u041e\u0411\u042b\u0419 \u0412\u0415\u0421\",\"publisher\":{\"@id\":\"https:\/\/ptmsrl.com\/#organization\"},\"potentialAction\":[{\"@type\":\"SearchAction\",\"target\":{\"@type\":\"EntryPoint\",\"urlTemplate\":\"https:\/\/ptmsrl.com\/?s={search_term_string}\"},\"query-input\":{\"@type\":\"PropertyValueSpecification\",\"valueRequired\":true,\"valueName\":\"search_term_string\"}}],\"inLanguage\":\"fr-FR\"},{\"@type\":\"Organization\",\"@id\":\"https:\/\/ptmsrl.com\/#organization\",\"name\":\"PTM srl\",\"url\":\"https:\/\/ptmsrl.com\/\",\"logo\":{\"@type\":\"ImageObject\",\"inLanguage\":\"fr-FR\",\"@id\":\"https:\/\/ptmsrl.com\/#\/schema\/logo\/image\/\",\"url\":\"https:\/\/ptmsrl.com\/wp-content\/uploads\/2018\/10\/LOGO-PTM.png\",\"contentUrl\":\"https:\/\/ptmsrl.com\/wp-content\/uploads\/2018\/10\/LOGO-PTM.png\",\"width\":1000,\"height\":500,\"caption\":\"PTM srl\"},\"image\":{\"@id\":\"https:\/\/ptmsrl.com\/#\/schema\/logo\/image\/\"},\"sameAs\":[\"https:\/\/www.facebook.com\/believingintechnology\/\",\"https:\/\/x.com\/ptm\",\"https:\/\/www.linkedin.com\/company\/ptm-s-r-l\/\",\"https:\/\/www.youtube.com\/channel\/UCPSOS0MaR-4jDkAD3HkAC7A\"]}]}<\/script>\n<!-- \/ Yoast SEO plugin. -->","yoast_head_json":{"title":"PTM Srl | PTM BIO Management","robots":{"index":"index","follow":"follow","max-snippet":"max-snippet:-1","max-image-preview":"max-image-preview:large","max-video-preview":"max-video-preview:-1"},"canonical":"https:\/\/ptmsrl.com\/fr\/prodotto\/ptm-bio-management\/","og_locale":"fr_FR","og_type":"article","og_title":"PTM Srl | PTM BIO Management","og_description":"Logiciel Cloud Logiciel d\u00e9di\u00e9e \u00e0 les syst\u00e8mes de Biogaz : logiciel de gestion avanc\u00e9e destin\u00e9 \u00e0 la cr\u00e9ation et programmation des recettes pour la production de gaz et \u00e9nergie. Les applications et les ressources de ce logiciel-ci logent dans un serveur et sont distribu\u00e9es dans le r\u00e9seau, sur plateforme Cloud.  AVANTAGES PTM BIO MANAGEMENT:   SIMPLE GESTION DES DONN\u00c9ES ET RAPIDE MODIFICATION DES RECETTES  ACC\u00c8S TOUJOURS ET PARTOUT PAR SMARTPHONE ET TABLETTE  CONTR\u00d4LER, ANALYSER ET OPTIMISER LA PRODUCTION DE BIOGAZ  MAGASIN TOUJOURS SOUS CONTR\u00d4LE  AUCUNE INSTALLATION SUR ORDINATEUR","og_url":"https:\/\/ptmsrl.com\/fr\/prodotto\/ptm-bio-management\/","og_site_name":"PTM Srl","article_publisher":"https:\/\/www.facebook.com\/believingintechnology\/","article_modified_time":"2022-07-25T09:20:37+00:00","og_image":[{"width":1200,"height":1200,"url":"https:\/\/ptmsrl.com\/wp-content\/uploads\/2021\/04\/ptm-bio-management-software-per-impianti-biogas.jpg","type":"image\/jpeg"}],"twitter_card":"summary_large_image","twitter_site":"@ptm","twitter_misc":{"Dur\u00e9e de lecture estim\u00e9e":"1 minute"},"schema":{"@context":"https:\/\/schema.org","@graph":[{"@type":"WebPage","@id":"https:\/\/ptmsrl.com\/fr\/prodotto\/ptm-bio-management\/","url":"https:\/\/ptmsrl.com\/fr\/prodotto\/ptm-bio-management\/","name":"PTM Srl | PTM BIO Management","isPartOf":{"@id":"https:\/\/ptmsrl.com\/#website"},"primaryImageOfPage":{"@id":"https:\/\/ptmsrl.com\/fr\/prodotto\/ptm-bio-management\/#primaryimage"},"image":{"@id":"https:\/\/ptmsrl.com\/fr\/prodotto\/ptm-bio-management\/#primaryimage"},"thumbnailUrl":"https:\/\/ptmsrl.com\/wp-content\/uploads\/2021\/04\/ptm-bio-management-software-per-impianti-biogas.jpg","datePublished":"2021-04-21T15:28:56+00:00","dateModified":"2022-07-25T09:20:37+00:00","breadcrumb":{"@id":"https:\/\/ptmsrl.com\/fr\/prodotto\/ptm-bio-management\/#breadcrumb"},"inLanguage":"fr-FR","potentialAction":[{"@type":"ReadAction","target":["https:\/\/ptmsrl.com\/fr\/prodotto\/ptm-bio-management\/"]}]},{"@type":"ImageObject","inLanguage":"fr-FR","@id":"https:\/\/ptmsrl.com\/fr\/prodotto\/ptm-bio-management\/#primaryimage","url":"https:\/\/ptmsrl.com\/wp-content\/uploads\/2021\/04\/ptm-bio-management-software-per-impianti-biogas.jpg","contentUrl":"https:\/\/ptmsrl.com\/wp-content\/uploads\/2021\/04\/ptm-bio-management-software-per-impianti-biogas.jpg","width":1200,"height":1200,"caption":"ptm-bio-management-software-per-impianti-biogas"},{"@type":"BreadcrumbList","@id":"https:\/\/ptmsrl.com\/fr\/prodotto\/ptm-bio-management\/#breadcrumb","itemListElement":[{"@type":"ListItem","position":1,"name":"Home","item":"https:\/\/ptmsrl.com\/fr\/"},{"@type":"ListItem","position":2,"name":"Shop","item":"https:\/\/ptmsrl.com\/shop\/"},{"@type":"ListItem","position":3,"name":"PTM BIO Management"}]},{"@type":"WebSite","@id":"https:\/\/ptmsrl.com\/#website","url":"https:\/\/ptmsrl.com\/","name":"PTM Srl","description":"\u041c\u042b \u041f\u0420\u041e\u0418\u0417\u0412\u041e\u0414\u0418\u041c \u041a\u0410\u0427\u0415\u0421\u0422\u0412\u041e, \u041a\u041e\u0422\u041e\u0420\u041e\u0415 \u0418\u041c\u0415\u0415\u0422 \u041e\u0421\u041e\u0411\u042b\u0419 \u0412\u0415\u0421","publisher":{"@id":"https:\/\/ptmsrl.com\/#organization"},"potentialAction":[{"@type":"SearchAction","target":{"@type":"EntryPoint","urlTemplate":"https:\/\/ptmsrl.com\/?s={search_term_string}"},"query-input":{"@type":"PropertyValueSpecification","valueRequired":true,"valueName":"search_term_string"}}],"inLanguage":"fr-FR"},{"@type":"Organization","@id":"https:\/\/ptmsrl.com\/#organization","name":"PTM srl","url":"https:\/\/ptmsrl.com\/","logo":{"@type":"ImageObject","inLanguage":"fr-FR","@id":"https:\/\/ptmsrl.com\/#\/schema\/logo\/image\/","url":"https:\/\/ptmsrl.com\/wp-content\/uploads\/2018\/10\/LOGO-PTM.png","contentUrl":"https:\/\/ptmsrl.com\/wp-content\/uploads\/2018\/10\/LOGO-PTM.png","width":1000,"height":500,"caption":"PTM srl"},"image":{"@id":"https:\/\/ptmsrl.com\/#\/schema\/logo\/image\/"},"sameAs":["https:\/\/www.facebook.com\/believingintechnology\/","https:\/\/x.com\/ptm","https:\/\/www.linkedin.com\/company\/ptm-s-r-l\/","https:\/\/www.youtube.com\/channel\/UCPSOS0MaR-4jDkAD3HkAC7A"]}]}},"_links":{"self":[{"href":"https:\/\/ptmsrl.com\/fr\/wp-json\/wp\/v2\/product\/19579","targetHints":{"allow":["GET"]}}],"collection":[{"href":"https:\/\/ptmsrl.com\/fr\/wp-json\/wp\/v2\/product"}],"about":[{"href":"https:\/\/ptmsrl.com\/fr\/wp-json\/wp\/v2\/types\/product"}],"wp:featuredmedia":[{"embeddable":true,"href":"https:\/\/ptmsrl.com\/fr\/wp-json\/wp\/v2\/media\/20558"}],"wp:attachment":[{"href":"https:\/\/ptmsrl.com\/fr\/wp-json\/wp\/v2\/media?parent=19579"}],"wp:term":[{"taxonomy":"product_brand","embeddable":true,"href":"https:\/\/ptmsrl.com\/fr\/wp-json\/wp\/v2\/product_brand?post=19579"},{"taxonomy":"product_cat","embeddable":true,"href":"https:\/\/ptmsrl.com\/fr\/wp-json\/wp\/v2\/product_cat?post=19579"},{"taxonomy":"product_tag","embeddable":true,"href":"https:\/\/ptmsrl.com\/fr\/wp-json\/wp\/v2\/product_tag?post=19579"}],"curies":[{"name":"wp","href":"https:\/\/api.w.org\/{rel}","templated":true}]}}