{"id":22290,"date":"2023-07-04T12:49:36","date_gmt":"2023-07-04T10:49:38","guid":{"rendered":"https:\/\/ptmsrl.com\/?post_type=product&#038;p=22290"},"modified":"2023-07-04T12:52:36","modified_gmt":"2023-07-04T10:52:36","slug":"as122","status":"publish","type":"product","link":"https:\/\/ptmsrl.com\/fr\/prodotto\/as122\/","title":{"rendered":"AS122"},"content":{"rendered":"","protected":false},"excerpt":{"rendered":"<h3>Bo\u00eetiers industriels<\/h3>\n<p align=\"justify\">Les bo\u00eetiers AS110-122 ont \u00e9t\u00e9s projet\u00e9s pour le pesage dans environnements industriels, contenus dans bo\u00eetes avec dimensions r\u00e9duites et \u00e9quip\u00e9s de coupe-circuits auto-r\u00e9tablissant comme protection contre les inversions de alimentation et les surcourants, en r\u00e9sultant indiqu\u00e9s pour l&rsquo;installation dans un armoire \u00e9lectrique. La s\u00e9rie AS110 &#8211; 122 est \u00e9quip\u00e9e de double display, un LCD retro-\u00e9clair\u00e9 pour la visualisation des menus et des poids et un \u00e0 DEL avec 6 digit \u00e0 luminosit\u00e9 et visibilit\u00e9 \u00e9lev\u00e9es, utilis\u00e9 exclusivement pour la visualisation des poids. Ces \u00e9lectroniques ont la possibilit\u00e9 de commander 4 relais avec seuil d&rsquo;activation programmable du clavier. Les versions AS111 et AS122 ont respectivement une et deux sorties en courante 4-20 mA (ou 0-20mA) s\u00e9par\u00e9es galvaniquement.<\/p>\n<p align=\"justify\">Les bo\u00eetiers de la s\u00e9rie AS110 \u2014 122 sont \u00e9quip\u00e9s de syst\u00e8me multi-langue, contr\u00f4le de la garantie et relev\u00e9 de date et heure d&rsquo;\u00e9ventuels surcharges.<\/p>\n","protected":false},"featured_media":4607,"template":"","meta":{"inline_featured_image":false},"product_brand":[],"product_cat":[229],"product_tag":[],"class_list":{"0":"post-22290","1":"product","2":"type-product","3":"status-publish","4":"has-post-thumbnail","6":"product_cat-serie-as-fr","8":"first","9":"instock","10":"downloadable","11":"shipping-taxable","12":"product-type-simple"},"yoast_head":"<!-- This site is optimized with the Yoast SEO plugin v25.3 - https:\/\/yoast.com\/wordpress\/plugins\/seo\/ -->\n<title>PTM Srl | AS122<\/title>\n<meta name=\"robots\" content=\"index, follow, max-snippet:-1, max-image-preview:large, max-video-preview:-1\" \/>\n<link rel=\"canonical\" href=\"https:\/\/ptmsrl.com\/fr\/prodotto\/as122\/\" \/>\n<meta property=\"og:locale\" content=\"fr_FR\" \/>\n<meta property=\"og:type\" content=\"article\" \/>\n<meta property=\"og:title\" content=\"PTM Srl | AS122\" \/>\n<meta property=\"og:description\" content=\"Bo\u00eetiers industriels Les bo\u00eetiers AS110-122 ont \u00e9t\u00e9s projet\u00e9s pour le pesage dans environnements industriels, contenus dans bo\u00eetes avec dimensions r\u00e9duites et \u00e9quip\u00e9s de coupe-circuits auto-r\u00e9tablissant comme protection contre les inversions de alimentation et les surcourants, en r\u00e9sultant indiqu\u00e9s pour l&#039;installation dans un armoire \u00e9lectrique. La s\u00e9rie AS110 - 122 est \u00e9quip\u00e9e de double display, un LCD retro-\u00e9clair\u00e9 pour la visualisation des menus et des poids et un \u00e0 DEL avec 6 digit \u00e0 luminosit\u00e9 et visibilit\u00e9 \u00e9lev\u00e9es, utilis\u00e9 exclusivement pour la visualisation des poids. Ces \u00e9lectroniques ont la possibilit\u00e9 de commander 4 relais avec seuil d&#039;activation programmable du clavier. Les versions AS111 et AS122 ont respectivement une et deux sorties en courante 4-20 mA (ou 0-20mA) s\u00e9par\u00e9es galvaniquement. Les bo\u00eetiers de la s\u00e9rie AS110 \u2014 122 sont \u00e9quip\u00e9s de syst\u00e8me multi-langue, contr\u00f4le de la garantie et relev\u00e9 de date et heure d&#039;\u00e9ventuels surcharges.\" \/>\n<meta property=\"og:url\" content=\"https:\/\/ptmsrl.com\/fr\/prodotto\/as122\/\" \/>\n<meta property=\"og:site_name\" content=\"PTM Srl\" \/>\n<meta property=\"article:publisher\" content=\"https:\/\/www.facebook.com\/believingintechnology\/\" \/>\n<meta property=\"article:modified_time\" content=\"2023-07-04T10:52:36+00:00\" \/>\n<meta property=\"og:image\" content=\"https:\/\/ptmsrl.com\/wp-content\/uploads\/2018\/09\/AS.jpg\" \/>\n\t<meta property=\"og:image:width\" content=\"1024\" \/>\n\t<meta property=\"og:image:height\" content=\"1024\" \/>\n\t<meta property=\"og:image:type\" content=\"image\/jpeg\" \/>\n<meta name=\"twitter:card\" content=\"summary_large_image\" \/>\n<meta name=\"twitter:site\" content=\"@ptm\" \/>\n<script type=\"application\/ld+json\" class=\"yoast-schema-graph\">{\"@context\":\"https:\/\/schema.org\",\"@graph\":[{\"@type\":\"WebPage\",\"@id\":\"https:\/\/ptmsrl.com\/fr\/prodotto\/as122\/\",\"url\":\"https:\/\/ptmsrl.com\/fr\/prodotto\/as122\/\",\"name\":\"PTM Srl | AS122\",\"isPartOf\":{\"@id\":\"https:\/\/ptmsrl.com\/#website\"},\"primaryImageOfPage\":{\"@id\":\"https:\/\/ptmsrl.com\/fr\/prodotto\/as122\/#primaryimage\"},\"image\":{\"@id\":\"https:\/\/ptmsrl.com\/fr\/prodotto\/as122\/#primaryimage\"},\"thumbnailUrl\":\"https:\/\/ptmsrl.com\/wp-content\/uploads\/2018\/09\/AS.jpg\",\"datePublished\":\"2023-07-04T10:49:38+00:00\",\"dateModified\":\"2023-07-04T10:52:36+00:00\",\"breadcrumb\":{\"@id\":\"https:\/\/ptmsrl.com\/fr\/prodotto\/as122\/#breadcrumb\"},\"inLanguage\":\"fr-FR\",\"potentialAction\":[{\"@type\":\"ReadAction\",\"target\":[\"https:\/\/ptmsrl.com\/fr\/prodotto\/as122\/\"]}]},{\"@type\":\"ImageObject\",\"inLanguage\":\"fr-FR\",\"@id\":\"https:\/\/ptmsrl.com\/fr\/prodotto\/as122\/#primaryimage\",\"url\":\"https:\/\/ptmsrl.com\/wp-content\/uploads\/2018\/09\/AS.jpg\",\"contentUrl\":\"https:\/\/ptmsrl.com\/wp-content\/uploads\/2018\/09\/AS.jpg\",\"width\":1024,\"height\":1024,\"caption\":\"as\"},{\"@type\":\"BreadcrumbList\",\"@id\":\"https:\/\/ptmsrl.com\/fr\/prodotto\/as122\/#breadcrumb\",\"itemListElement\":[{\"@type\":\"ListItem\",\"position\":1,\"name\":\"Home\",\"item\":\"https:\/\/ptmsrl.com\/fr\/\"},{\"@type\":\"ListItem\",\"position\":2,\"name\":\"Shop\",\"item\":\"https:\/\/ptmsrl.com\/shop\/\"},{\"@type\":\"ListItem\",\"position\":3,\"name\":\"AS122\"}]},{\"@type\":\"WebSite\",\"@id\":\"https:\/\/ptmsrl.com\/#website\",\"url\":\"https:\/\/ptmsrl.com\/\",\"name\":\"PTM Srl\",\"description\":\"\u041c\u042b \u041f\u0420\u041e\u0418\u0417\u0412\u041e\u0414\u0418\u041c \u041a\u0410\u0427\u0415\u0421\u0422\u0412\u041e, \u041a\u041e\u0422\u041e\u0420\u041e\u0415 \u0418\u041c\u0415\u0415\u0422 \u041e\u0421\u041e\u0411\u042b\u0419 \u0412\u0415\u0421\",\"publisher\":{\"@id\":\"https:\/\/ptmsrl.com\/#organization\"},\"potentialAction\":[{\"@type\":\"SearchAction\",\"target\":{\"@type\":\"EntryPoint\",\"urlTemplate\":\"https:\/\/ptmsrl.com\/?s={search_term_string}\"},\"query-input\":{\"@type\":\"PropertyValueSpecification\",\"valueRequired\":true,\"valueName\":\"search_term_string\"}}],\"inLanguage\":\"fr-FR\"},{\"@type\":\"Organization\",\"@id\":\"https:\/\/ptmsrl.com\/#organization\",\"name\":\"PTM srl\",\"url\":\"https:\/\/ptmsrl.com\/\",\"logo\":{\"@type\":\"ImageObject\",\"inLanguage\":\"fr-FR\",\"@id\":\"https:\/\/ptmsrl.com\/#\/schema\/logo\/image\/\",\"url\":\"https:\/\/ptmsrl.com\/wp-content\/uploads\/2018\/10\/LOGO-PTM.png\",\"contentUrl\":\"https:\/\/ptmsrl.com\/wp-content\/uploads\/2018\/10\/LOGO-PTM.png\",\"width\":1000,\"height\":500,\"caption\":\"PTM srl\"},\"image\":{\"@id\":\"https:\/\/ptmsrl.com\/#\/schema\/logo\/image\/\"},\"sameAs\":[\"https:\/\/www.facebook.com\/believingintechnology\/\",\"https:\/\/x.com\/ptm\",\"https:\/\/www.linkedin.com\/company\/ptm-s-r-l\/\",\"https:\/\/www.youtube.com\/channel\/UCPSOS0MaR-4jDkAD3HkAC7A\"]}]}<\/script>\n<!-- \/ Yoast SEO plugin. -->","yoast_head_json":{"title":"PTM Srl | AS122","robots":{"index":"index","follow":"follow","max-snippet":"max-snippet:-1","max-image-preview":"max-image-preview:large","max-video-preview":"max-video-preview:-1"},"canonical":"https:\/\/ptmsrl.com\/fr\/prodotto\/as122\/","og_locale":"fr_FR","og_type":"article","og_title":"PTM Srl | AS122","og_description":"Bo\u00eetiers industriels Les bo\u00eetiers AS110-122 ont \u00e9t\u00e9s projet\u00e9s pour le pesage dans environnements industriels, contenus dans bo\u00eetes avec dimensions r\u00e9duites et \u00e9quip\u00e9s de coupe-circuits auto-r\u00e9tablissant comme protection contre les inversions de alimentation et les surcourants, en r\u00e9sultant indiqu\u00e9s pour l'installation dans un armoire \u00e9lectrique. La s\u00e9rie AS110 - 122 est \u00e9quip\u00e9e de double display, un LCD retro-\u00e9clair\u00e9 pour la visualisation des menus et des poids et un \u00e0 DEL avec 6 digit \u00e0 luminosit\u00e9 et visibilit\u00e9 \u00e9lev\u00e9es, utilis\u00e9 exclusivement pour la visualisation des poids. Ces \u00e9lectroniques ont la possibilit\u00e9 de commander 4 relais avec seuil d'activation programmable du clavier. Les versions AS111 et AS122 ont respectivement une et deux sorties en courante 4-20 mA (ou 0-20mA) s\u00e9par\u00e9es galvaniquement. Les bo\u00eetiers de la s\u00e9rie AS110 \u2014 122 sont \u00e9quip\u00e9s de syst\u00e8me multi-langue, contr\u00f4le de la garantie et relev\u00e9 de date et heure d'\u00e9ventuels surcharges.","og_url":"https:\/\/ptmsrl.com\/fr\/prodotto\/as122\/","og_site_name":"PTM Srl","article_publisher":"https:\/\/www.facebook.com\/believingintechnology\/","article_modified_time":"2023-07-04T10:52:36+00:00","og_image":[{"width":1024,"height":1024,"url":"https:\/\/ptmsrl.com\/wp-content\/uploads\/2018\/09\/AS.jpg","type":"image\/jpeg"}],"twitter_card":"summary_large_image","twitter_site":"@ptm","schema":{"@context":"https:\/\/schema.org","@graph":[{"@type":"WebPage","@id":"https:\/\/ptmsrl.com\/fr\/prodotto\/as122\/","url":"https:\/\/ptmsrl.com\/fr\/prodotto\/as122\/","name":"PTM Srl | AS122","isPartOf":{"@id":"https:\/\/ptmsrl.com\/#website"},"primaryImageOfPage":{"@id":"https:\/\/ptmsrl.com\/fr\/prodotto\/as122\/#primaryimage"},"image":{"@id":"https:\/\/ptmsrl.com\/fr\/prodotto\/as122\/#primaryimage"},"thumbnailUrl":"https:\/\/ptmsrl.com\/wp-content\/uploads\/2018\/09\/AS.jpg","datePublished":"2023-07-04T10:49:38+00:00","dateModified":"2023-07-04T10:52:36+00:00","breadcrumb":{"@id":"https:\/\/ptmsrl.com\/fr\/prodotto\/as122\/#breadcrumb"},"inLanguage":"fr-FR","potentialAction":[{"@type":"ReadAction","target":["https:\/\/ptmsrl.com\/fr\/prodotto\/as122\/"]}]},{"@type":"ImageObject","inLanguage":"fr-FR","@id":"https:\/\/ptmsrl.com\/fr\/prodotto\/as122\/#primaryimage","url":"https:\/\/ptmsrl.com\/wp-content\/uploads\/2018\/09\/AS.jpg","contentUrl":"https:\/\/ptmsrl.com\/wp-content\/uploads\/2018\/09\/AS.jpg","width":1024,"height":1024,"caption":"as"},{"@type":"BreadcrumbList","@id":"https:\/\/ptmsrl.com\/fr\/prodotto\/as122\/#breadcrumb","itemListElement":[{"@type":"ListItem","position":1,"name":"Home","item":"https:\/\/ptmsrl.com\/fr\/"},{"@type":"ListItem","position":2,"name":"Shop","item":"https:\/\/ptmsrl.com\/shop\/"},{"@type":"ListItem","position":3,"name":"AS122"}]},{"@type":"WebSite","@id":"https:\/\/ptmsrl.com\/#website","url":"https:\/\/ptmsrl.com\/","name":"PTM Srl","description":"\u041c\u042b \u041f\u0420\u041e\u0418\u0417\u0412\u041e\u0414\u0418\u041c \u041a\u0410\u0427\u0415\u0421\u0422\u0412\u041e, \u041a\u041e\u0422\u041e\u0420\u041e\u0415 \u0418\u041c\u0415\u0415\u0422 \u041e\u0421\u041e\u0411\u042b\u0419 \u0412\u0415\u0421","publisher":{"@id":"https:\/\/ptmsrl.com\/#organization"},"potentialAction":[{"@type":"SearchAction","target":{"@type":"EntryPoint","urlTemplate":"https:\/\/ptmsrl.com\/?s={search_term_string}"},"query-input":{"@type":"PropertyValueSpecification","valueRequired":true,"valueName":"search_term_string"}}],"inLanguage":"fr-FR"},{"@type":"Organization","@id":"https:\/\/ptmsrl.com\/#organization","name":"PTM srl","url":"https:\/\/ptmsrl.com\/","logo":{"@type":"ImageObject","inLanguage":"fr-FR","@id":"https:\/\/ptmsrl.com\/#\/schema\/logo\/image\/","url":"https:\/\/ptmsrl.com\/wp-content\/uploads\/2018\/10\/LOGO-PTM.png","contentUrl":"https:\/\/ptmsrl.com\/wp-content\/uploads\/2018\/10\/LOGO-PTM.png","width":1000,"height":500,"caption":"PTM srl"},"image":{"@id":"https:\/\/ptmsrl.com\/#\/schema\/logo\/image\/"},"sameAs":["https:\/\/www.facebook.com\/believingintechnology\/","https:\/\/x.com\/ptm","https:\/\/www.linkedin.com\/company\/ptm-s-r-l\/","https:\/\/www.youtube.com\/channel\/UCPSOS0MaR-4jDkAD3HkAC7A"]}]}},"_links":{"self":[{"href":"https:\/\/ptmsrl.com\/fr\/wp-json\/wp\/v2\/product\/22290","targetHints":{"allow":["GET"]}}],"collection":[{"href":"https:\/\/ptmsrl.com\/fr\/wp-json\/wp\/v2\/product"}],"about":[{"href":"https:\/\/ptmsrl.com\/fr\/wp-json\/wp\/v2\/types\/product"}],"wp:featuredmedia":[{"embeddable":true,"href":"https:\/\/ptmsrl.com\/fr\/wp-json\/wp\/v2\/media\/4607"}],"wp:attachment":[{"href":"https:\/\/ptmsrl.com\/fr\/wp-json\/wp\/v2\/media?parent=22290"}],"wp:term":[{"taxonomy":"product_brand","embeddable":true,"href":"https:\/\/ptmsrl.com\/fr\/wp-json\/wp\/v2\/product_brand?post=22290"},{"taxonomy":"product_cat","embeddable":true,"href":"https:\/\/ptmsrl.com\/fr\/wp-json\/wp\/v2\/product_cat?post=22290"},{"taxonomy":"product_tag","embeddable":true,"href":"https:\/\/ptmsrl.com\/fr\/wp-json\/wp\/v2\/product_tag?post=22290"}],"curies":[{"name":"wp","href":"https:\/\/api.w.org\/{rel}","templated":true}]}}