{"id":22486,"date":"2023-07-17T16:01:35","date_gmt":"2023-07-17T14:01:36","guid":{"rendered":"https:\/\/ptmsrl.com\/?post_type=product&#038;p=22486"},"modified":"2023-07-17T16:26:07","modified_gmt":"2023-07-17T14:26:07","slug":"av70","status":"publish","type":"product","link":"https:\/\/ptmsrl.com\/fr\/prodotto\/av70\/","title":{"rendered":"AV70"},"content":{"rendered":"<p>Ce dispositif portable a \u00e9t\u00e9 con\u00e7u pour le contr\u00f4le RF des centrales des s\u00e9ries GRAPHIC, HL20-50, ADVANCE, EVOLUTION et GSA.<br \/>\nIl est fabriqu\u00e9 en mati\u00e8re plastique avec une antenne int\u00e9gr\u00e9e et un grand \u00e9cran graphique en couleur. En connectant l&rsquo;\u00e9metteur-r\u00e9cepteur aux unit\u00e9s de contr\u00f4le de poids, l&rsquo;AV70 permet de contr\u00f4ler le travail \u00e0 distance, ce qui permet \u00e0 l&rsquo;op\u00e9rateur de ne pas quitter son poste de travail ou m\u00eame de se d\u00e9placer librement.<br \/>\nL&rsquo;AV70 permet de ne pas quitter son poste de travail ou m\u00eame de se d\u00e9placer librement pendant l&rsquo;utilisation. Il peut \u00e9galement \u00eatre recharg\u00e9 de mani\u00e8re pratique en le connectant directement \u00e0 la batterie du tracteur, ce qui permet de poursuivre le travail sans interruption.<\/p>\n","protected":false},"excerpt":{"rendered":"<p>Portatif \u00e0 radiofr\u00e9quence, avec commande \u00e0 distance du syst\u00e8me de pesage.<\/p>\n<p>L&rsquo;article n&rsquo;est plus en production.<br \/>\nDans le lien ci-dessous, nous indiquons le produit de production le plus r\u00e9cent dot\u00e9 des m\u00eames fonctions.<\/p>\n<a href=\"https:\/\/ptmsrl.com\/fr\/prodotto\/av75\/\" target=\"Blank\" class=\"button primary is-primary is-medium\"  >\n\t\t<span>AV75<\/span>\n\t<\/a>\n\n","protected":false},"featured_media":22491,"template":"","meta":{"inline_featured_image":false},"product_brand":[],"product_cat":[243,252],"product_tag":[],"class_list":{"0":"post-22486","1":"product","2":"type-product","3":"status-publish","4":"has-post-thumbnail","6":"product_cat-accessoires","7":"product_cat-mettre-a-jour-votre-produit-fr","9":"first","10":"instock","11":"shipping-taxable","12":"product-type-simple"},"yoast_head":"<!-- This site is optimized with the Yoast SEO plugin v25.3 - https:\/\/yoast.com\/wordpress\/plugins\/seo\/ -->\n<title>PTM Srl | AV70<\/title>\n<meta name=\"robots\" content=\"index, follow, max-snippet:-1, max-image-preview:large, max-video-preview:-1\" \/>\n<link rel=\"canonical\" href=\"https:\/\/ptmsrl.com\/fr\/prodotto\/av70\/\" \/>\n<meta property=\"og:locale\" content=\"fr_FR\" \/>\n<meta property=\"og:type\" content=\"article\" \/>\n<meta property=\"og:title\" content=\"PTM Srl | AV70\" \/>\n<meta property=\"og:description\" content=\"Portatif \u00e0 radiofr\u00e9quence, avec commande \u00e0 distance du syst\u00e8me de pesage.  L&#039;article n&#039;est plus en production. Dans le lien ci-dessous, nous indiquons le produit de production le plus r\u00e9cent dot\u00e9 des m\u00eames fonctions.\" \/>\n<meta property=\"og:url\" content=\"https:\/\/ptmsrl.com\/fr\/prodotto\/av70\/\" \/>\n<meta property=\"og:site_name\" content=\"PTM Srl\" \/>\n<meta property=\"article:publisher\" content=\"https:\/\/www.facebook.com\/believingintechnology\/\" \/>\n<meta property=\"article:modified_time\" content=\"2023-07-17T14:26:07+00:00\" \/>\n<meta property=\"og:image\" content=\"https:\/\/ptmsrl.com\/wp-content\/uploads\/2023\/07\/ptm-av-70.jpg\" \/>\n\t<meta property=\"og:image:width\" content=\"617\" \/>\n\t<meta property=\"og:image:height\" content=\"600\" \/>\n\t<meta property=\"og:image:type\" content=\"image\/jpeg\" \/>\n<meta name=\"twitter:card\" content=\"summary_large_image\" \/>\n<meta name=\"twitter:site\" content=\"@ptm\" \/>\n<meta name=\"twitter:label1\" content=\"Dur\u00e9e de lecture estim\u00e9e\" \/>\n\t<meta name=\"twitter:data1\" content=\"1 minute\" \/>\n<script type=\"application\/ld+json\" class=\"yoast-schema-graph\">{\"@context\":\"https:\/\/schema.org\",\"@graph\":[{\"@type\":\"WebPage\",\"@id\":\"https:\/\/ptmsrl.com\/fr\/prodotto\/av70\/\",\"url\":\"https:\/\/ptmsrl.com\/fr\/prodotto\/av70\/\",\"name\":\"PTM Srl | AV70\",\"isPartOf\":{\"@id\":\"https:\/\/ptmsrl.com\/#website\"},\"primaryImageOfPage\":{\"@id\":\"https:\/\/ptmsrl.com\/fr\/prodotto\/av70\/#primaryimage\"},\"image\":{\"@id\":\"https:\/\/ptmsrl.com\/fr\/prodotto\/av70\/#primaryimage\"},\"thumbnailUrl\":\"https:\/\/ptmsrl.com\/wp-content\/uploads\/2023\/07\/ptm-av-70.jpg\",\"datePublished\":\"2023-07-17T14:01:36+00:00\",\"dateModified\":\"2023-07-17T14:26:07+00:00\",\"breadcrumb\":{\"@id\":\"https:\/\/ptmsrl.com\/fr\/prodotto\/av70\/#breadcrumb\"},\"inLanguage\":\"fr-FR\",\"potentialAction\":[{\"@type\":\"ReadAction\",\"target\":[\"https:\/\/ptmsrl.com\/fr\/prodotto\/av70\/\"]}]},{\"@type\":\"ImageObject\",\"inLanguage\":\"fr-FR\",\"@id\":\"https:\/\/ptmsrl.com\/fr\/prodotto\/av70\/#primaryimage\",\"url\":\"https:\/\/ptmsrl.com\/wp-content\/uploads\/2023\/07\/ptm-av-70.jpg\",\"contentUrl\":\"https:\/\/ptmsrl.com\/wp-content\/uploads\/2023\/07\/ptm-av-70.jpg\",\"width\":617,\"height\":600,\"caption\":\"ptm-av-70\"},{\"@type\":\"BreadcrumbList\",\"@id\":\"https:\/\/ptmsrl.com\/fr\/prodotto\/av70\/#breadcrumb\",\"itemListElement\":[{\"@type\":\"ListItem\",\"position\":1,\"name\":\"Home\",\"item\":\"https:\/\/ptmsrl.com\/fr\/\"},{\"@type\":\"ListItem\",\"position\":2,\"name\":\"Shop\",\"item\":\"https:\/\/ptmsrl.com\/shop\/\"},{\"@type\":\"ListItem\",\"position\":3,\"name\":\"AV70\"}]},{\"@type\":\"WebSite\",\"@id\":\"https:\/\/ptmsrl.com\/#website\",\"url\":\"https:\/\/ptmsrl.com\/\",\"name\":\"PTM Srl\",\"description\":\"\u041c\u042b \u041f\u0420\u041e\u0418\u0417\u0412\u041e\u0414\u0418\u041c \u041a\u0410\u0427\u0415\u0421\u0422\u0412\u041e, \u041a\u041e\u0422\u041e\u0420\u041e\u0415 \u0418\u041c\u0415\u0415\u0422 \u041e\u0421\u041e\u0411\u042b\u0419 \u0412\u0415\u0421\",\"publisher\":{\"@id\":\"https:\/\/ptmsrl.com\/#organization\"},\"potentialAction\":[{\"@type\":\"SearchAction\",\"target\":{\"@type\":\"EntryPoint\",\"urlTemplate\":\"https:\/\/ptmsrl.com\/?s={search_term_string}\"},\"query-input\":{\"@type\":\"PropertyValueSpecification\",\"valueRequired\":true,\"valueName\":\"search_term_string\"}}],\"inLanguage\":\"fr-FR\"},{\"@type\":\"Organization\",\"@id\":\"https:\/\/ptmsrl.com\/#organization\",\"name\":\"PTM srl\",\"url\":\"https:\/\/ptmsrl.com\/\",\"logo\":{\"@type\":\"ImageObject\",\"inLanguage\":\"fr-FR\",\"@id\":\"https:\/\/ptmsrl.com\/#\/schema\/logo\/image\/\",\"url\":\"https:\/\/ptmsrl.com\/wp-content\/uploads\/2018\/10\/LOGO-PTM.png\",\"contentUrl\":\"https:\/\/ptmsrl.com\/wp-content\/uploads\/2018\/10\/LOGO-PTM.png\",\"width\":1000,\"height\":500,\"caption\":\"PTM srl\"},\"image\":{\"@id\":\"https:\/\/ptmsrl.com\/#\/schema\/logo\/image\/\"},\"sameAs\":[\"https:\/\/www.facebook.com\/believingintechnology\/\",\"https:\/\/x.com\/ptm\",\"https:\/\/www.linkedin.com\/company\/ptm-s-r-l\/\",\"https:\/\/www.youtube.com\/channel\/UCPSOS0MaR-4jDkAD3HkAC7A\"]}]}<\/script>\n<!-- \/ Yoast SEO plugin. -->","yoast_head_json":{"title":"PTM Srl | AV70","robots":{"index":"index","follow":"follow","max-snippet":"max-snippet:-1","max-image-preview":"max-image-preview:large","max-video-preview":"max-video-preview:-1"},"canonical":"https:\/\/ptmsrl.com\/fr\/prodotto\/av70\/","og_locale":"fr_FR","og_type":"article","og_title":"PTM Srl | AV70","og_description":"Portatif \u00e0 radiofr\u00e9quence, avec commande \u00e0 distance du syst\u00e8me de pesage.  L'article n'est plus en production. Dans le lien ci-dessous, nous indiquons le produit de production le plus r\u00e9cent dot\u00e9 des m\u00eames fonctions.","og_url":"https:\/\/ptmsrl.com\/fr\/prodotto\/av70\/","og_site_name":"PTM Srl","article_publisher":"https:\/\/www.facebook.com\/believingintechnology\/","article_modified_time":"2023-07-17T14:26:07+00:00","og_image":[{"width":617,"height":600,"url":"https:\/\/ptmsrl.com\/wp-content\/uploads\/2023\/07\/ptm-av-70.jpg","type":"image\/jpeg"}],"twitter_card":"summary_large_image","twitter_site":"@ptm","twitter_misc":{"Dur\u00e9e de lecture estim\u00e9e":"1 minute"},"schema":{"@context":"https:\/\/schema.org","@graph":[{"@type":"WebPage","@id":"https:\/\/ptmsrl.com\/fr\/prodotto\/av70\/","url":"https:\/\/ptmsrl.com\/fr\/prodotto\/av70\/","name":"PTM Srl | AV70","isPartOf":{"@id":"https:\/\/ptmsrl.com\/#website"},"primaryImageOfPage":{"@id":"https:\/\/ptmsrl.com\/fr\/prodotto\/av70\/#primaryimage"},"image":{"@id":"https:\/\/ptmsrl.com\/fr\/prodotto\/av70\/#primaryimage"},"thumbnailUrl":"https:\/\/ptmsrl.com\/wp-content\/uploads\/2023\/07\/ptm-av-70.jpg","datePublished":"2023-07-17T14:01:36+00:00","dateModified":"2023-07-17T14:26:07+00:00","breadcrumb":{"@id":"https:\/\/ptmsrl.com\/fr\/prodotto\/av70\/#breadcrumb"},"inLanguage":"fr-FR","potentialAction":[{"@type":"ReadAction","target":["https:\/\/ptmsrl.com\/fr\/prodotto\/av70\/"]}]},{"@type":"ImageObject","inLanguage":"fr-FR","@id":"https:\/\/ptmsrl.com\/fr\/prodotto\/av70\/#primaryimage","url":"https:\/\/ptmsrl.com\/wp-content\/uploads\/2023\/07\/ptm-av-70.jpg","contentUrl":"https:\/\/ptmsrl.com\/wp-content\/uploads\/2023\/07\/ptm-av-70.jpg","width":617,"height":600,"caption":"ptm-av-70"},{"@type":"BreadcrumbList","@id":"https:\/\/ptmsrl.com\/fr\/prodotto\/av70\/#breadcrumb","itemListElement":[{"@type":"ListItem","position":1,"name":"Home","item":"https:\/\/ptmsrl.com\/fr\/"},{"@type":"ListItem","position":2,"name":"Shop","item":"https:\/\/ptmsrl.com\/shop\/"},{"@type":"ListItem","position":3,"name":"AV70"}]},{"@type":"WebSite","@id":"https:\/\/ptmsrl.com\/#website","url":"https:\/\/ptmsrl.com\/","name":"PTM Srl","description":"\u041c\u042b \u041f\u0420\u041e\u0418\u0417\u0412\u041e\u0414\u0418\u041c \u041a\u0410\u0427\u0415\u0421\u0422\u0412\u041e, \u041a\u041e\u0422\u041e\u0420\u041e\u0415 \u0418\u041c\u0415\u0415\u0422 \u041e\u0421\u041e\u0411\u042b\u0419 \u0412\u0415\u0421","publisher":{"@id":"https:\/\/ptmsrl.com\/#organization"},"potentialAction":[{"@type":"SearchAction","target":{"@type":"EntryPoint","urlTemplate":"https:\/\/ptmsrl.com\/?s={search_term_string}"},"query-input":{"@type":"PropertyValueSpecification","valueRequired":true,"valueName":"search_term_string"}}],"inLanguage":"fr-FR"},{"@type":"Organization","@id":"https:\/\/ptmsrl.com\/#organization","name":"PTM srl","url":"https:\/\/ptmsrl.com\/","logo":{"@type":"ImageObject","inLanguage":"fr-FR","@id":"https:\/\/ptmsrl.com\/#\/schema\/logo\/image\/","url":"https:\/\/ptmsrl.com\/wp-content\/uploads\/2018\/10\/LOGO-PTM.png","contentUrl":"https:\/\/ptmsrl.com\/wp-content\/uploads\/2018\/10\/LOGO-PTM.png","width":1000,"height":500,"caption":"PTM srl"},"image":{"@id":"https:\/\/ptmsrl.com\/#\/schema\/logo\/image\/"},"sameAs":["https:\/\/www.facebook.com\/believingintechnology\/","https:\/\/x.com\/ptm","https:\/\/www.linkedin.com\/company\/ptm-s-r-l\/","https:\/\/www.youtube.com\/channel\/UCPSOS0MaR-4jDkAD3HkAC7A"]}]}},"_links":{"self":[{"href":"https:\/\/ptmsrl.com\/fr\/wp-json\/wp\/v2\/product\/22486","targetHints":{"allow":["GET"]}}],"collection":[{"href":"https:\/\/ptmsrl.com\/fr\/wp-json\/wp\/v2\/product"}],"about":[{"href":"https:\/\/ptmsrl.com\/fr\/wp-json\/wp\/v2\/types\/product"}],"wp:featuredmedia":[{"embeddable":true,"href":"https:\/\/ptmsrl.com\/fr\/wp-json\/wp\/v2\/media\/22491"}],"wp:attachment":[{"href":"https:\/\/ptmsrl.com\/fr\/wp-json\/wp\/v2\/media?parent=22486"}],"wp:term":[{"taxonomy":"product_brand","embeddable":true,"href":"https:\/\/ptmsrl.com\/fr\/wp-json\/wp\/v2\/product_brand?post=22486"},{"taxonomy":"product_cat","embeddable":true,"href":"https:\/\/ptmsrl.com\/fr\/wp-json\/wp\/v2\/product_cat?post=22486"},{"taxonomy":"product_tag","embeddable":true,"href":"https:\/\/ptmsrl.com\/fr\/wp-json\/wp\/v2\/product_tag?post=22486"}],"curies":[{"name":"wp","href":"https:\/\/api.w.org\/{rel}","templated":true}]}}