{"id":24658,"date":"2024-05-09T10:48:24","date_gmt":"2024-05-09T08:48:24","guid":{"rendered":"https:\/\/ptmsrl.com\/?post_type=product&#038;p=24658"},"modified":"2024-05-29T10:30:56","modified_gmt":"2024-05-29T08:30:56","slug":"pd10-20-com-series","status":"publish","type":"product","link":"https:\/\/ptmsrl.com\/fr\/prodotto\/pd10-20-com-series\/","title":{"rendered":"PD10-20\/COM SERIES"},"content":{"rendered":"","protected":false},"excerpt":{"rendered":"<h4>Les bo\u00eetiers PD10, PD20 et PDCOM SERIES ont \u00e9t\u00e9 cr\u00e9\u00e9es sp\u00e9cifiquement pour le pesage industriel.<br \/>\nElles sont \u00e9quip\u00e9s de protocoles et de sorties analogiques pour la connexion avec PLC. De plus, ils peuvent \u00eatre \u00e9quip\u00e9s d\u2019afficheurs r\u00e9p\u00e9titeurs et d\u2019autres accessoires.<\/h4>\n<p><strong>Les bo\u00eetiers PD10 et PD20 SERIES<\/strong> convertissent la valeur du poids en une sortie 4-20 mA (ou 0-20 mA).<br \/>\nDans la PD20 SERIES, les deux valeurs de poids peuvent \u00eatre s\u00e9lectionn\u00e9es \u00e0 partir du clavier. Le bo\u00eetier PDCOM SERIES convertit la valeur de poids en sortie Can-Bus. Ils peuvent \u00eatre mont\u00e9s sur un panneau avant ou arri\u00e8re Omega\/DIN ou dans une bo\u00eete \u00e9tanche. Possibilit\u00e9 de connecter 1 ou 2 groupes de capteurs et d&rsquo;afficher le poids d\u00e9tect\u00e9 sur l&rsquo;\u00e9cran LCD alphanum\u00e9rique. Il est possible d&rsquo;effectuer des charges partielles sur chaque unit\u00e9 de pesage en reconnaissant visuellement le poids.<\/p>\n","protected":false},"featured_media":24663,"template":"","meta":{"inline_featured_image":false},"product_brand":[],"product_cat":[231],"product_tag":[],"class_list":{"0":"post-24658","1":"product","2":"type-product","3":"status-publish","4":"has-post-thumbnail","6":"product_cat-pd-series-fr","8":"first","9":"instock","10":"shipping-taxable","11":"product-type-simple"},"yoast_head":"<!-- This site is optimized with the Yoast SEO plugin v25.3 - https:\/\/yoast.com\/wordpress\/plugins\/seo\/ -->\n<title>PTM Srl | PD10-20\/COM SERIES<\/title>\n<meta name=\"robots\" content=\"index, follow, max-snippet:-1, max-image-preview:large, max-video-preview:-1\" \/>\n<link rel=\"canonical\" href=\"https:\/\/ptmsrl.com\/fr\/prodotto\/pd10-20-com-series\/\" \/>\n<meta property=\"og:locale\" content=\"fr_FR\" \/>\n<meta property=\"og:type\" content=\"article\" \/>\n<meta property=\"og:title\" content=\"PTM Srl | PD10-20\/COM SERIES\" \/>\n<meta property=\"og:description\" content=\"Les bo\u00eetiers PD10, PD20 et PDCOM SERIES ont \u00e9t\u00e9 cr\u00e9\u00e9es sp\u00e9cifiquement pour le pesage industriel.  Elles sont \u00e9quip\u00e9s de protocoles et de sorties analogiques pour la connexion avec PLC. De plus, ils peuvent \u00eatre \u00e9quip\u00e9s d\u2019afficheurs r\u00e9p\u00e9titeurs et d\u2019autres accessoires.  Les bo\u00eetiers PD10 et PD20 SERIES convertissent la valeur du poids en une sortie 4-20 mA (ou 0-20 mA).  Dans la PD20 SERIES, les deux valeurs de poids peuvent \u00eatre s\u00e9lectionn\u00e9es \u00e0 partir du clavier. Le bo\u00eetier PDCOM SERIES convertit la valeur de poids en sortie Can-Bus. Ils peuvent \u00eatre mont\u00e9s sur un panneau avant ou arri\u00e8re Omega\/DIN ou dans une bo\u00eete \u00e9tanche. Possibilit\u00e9 de connecter 1 ou 2 groupes de capteurs et d&#039;afficher le poids d\u00e9tect\u00e9 sur l&#039;\u00e9cran LCD alphanum\u00e9rique. Il est possible d&#039;effectuer des charges partielles sur chaque unit\u00e9 de pesage en reconnaissant visuellement le poids.\" \/>\n<meta property=\"og:url\" content=\"https:\/\/ptmsrl.com\/fr\/prodotto\/pd10-20-com-series\/\" \/>\n<meta property=\"og:site_name\" content=\"PTM Srl\" \/>\n<meta property=\"article:publisher\" content=\"https:\/\/www.facebook.com\/believingintechnology\/\" \/>\n<meta property=\"article:modified_time\" content=\"2024-05-29T08:30:56+00:00\" \/>\n<meta property=\"og:image\" content=\"https:\/\/ptmsrl.com\/wp-content\/uploads\/2024\/05\/centralina-industriale-ptm-pd-10-20-com-series.jpg\" \/>\n\t<meta property=\"og:image:width\" content=\"1024\" \/>\n\t<meta property=\"og:image:height\" content=\"1024\" \/>\n\t<meta property=\"og:image:type\" content=\"image\/jpeg\" \/>\n<meta name=\"twitter:card\" content=\"summary_large_image\" \/>\n<meta name=\"twitter:site\" content=\"@ptm\" \/>\n<meta name=\"twitter:label1\" content=\"Dur\u00e9e de lecture estim\u00e9e\" \/>\n\t<meta name=\"twitter:data1\" content=\"1 minute\" \/>\n<script type=\"application\/ld+json\" class=\"yoast-schema-graph\">{\"@context\":\"https:\/\/schema.org\",\"@graph\":[{\"@type\":\"WebPage\",\"@id\":\"https:\/\/ptmsrl.com\/fr\/prodotto\/pd10-20-com-series\/\",\"url\":\"https:\/\/ptmsrl.com\/fr\/prodotto\/pd10-20-com-series\/\",\"name\":\"PTM Srl | PD10-20\/COM SERIES\",\"isPartOf\":{\"@id\":\"https:\/\/ptmsrl.com\/#website\"},\"primaryImageOfPage\":{\"@id\":\"https:\/\/ptmsrl.com\/fr\/prodotto\/pd10-20-com-series\/#primaryimage\"},\"image\":{\"@id\":\"https:\/\/ptmsrl.com\/fr\/prodotto\/pd10-20-com-series\/#primaryimage\"},\"thumbnailUrl\":\"https:\/\/ptmsrl.com\/wp-content\/uploads\/2024\/05\/centralina-industriale-ptm-pd-10-20-com-series.jpg\",\"datePublished\":\"2024-05-09T08:48:24+00:00\",\"dateModified\":\"2024-05-29T08:30:56+00:00\",\"breadcrumb\":{\"@id\":\"https:\/\/ptmsrl.com\/fr\/prodotto\/pd10-20-com-series\/#breadcrumb\"},\"inLanguage\":\"fr-FR\",\"potentialAction\":[{\"@type\":\"ReadAction\",\"target\":[\"https:\/\/ptmsrl.com\/fr\/prodotto\/pd10-20-com-series\/\"]}]},{\"@type\":\"ImageObject\",\"inLanguage\":\"fr-FR\",\"@id\":\"https:\/\/ptmsrl.com\/fr\/prodotto\/pd10-20-com-series\/#primaryimage\",\"url\":\"https:\/\/ptmsrl.com\/wp-content\/uploads\/2024\/05\/centralina-industriale-ptm-pd-10-20-com-series.jpg\",\"contentUrl\":\"https:\/\/ptmsrl.com\/wp-content\/uploads\/2024\/05\/centralina-industriale-ptm-pd-10-20-com-series.jpg\",\"width\":1024,\"height\":1024},{\"@type\":\"BreadcrumbList\",\"@id\":\"https:\/\/ptmsrl.com\/fr\/prodotto\/pd10-20-com-series\/#breadcrumb\",\"itemListElement\":[{\"@type\":\"ListItem\",\"position\":1,\"name\":\"Home\",\"item\":\"https:\/\/ptmsrl.com\/fr\/\"},{\"@type\":\"ListItem\",\"position\":2,\"name\":\"Shop\",\"item\":\"https:\/\/ptmsrl.com\/shop\/\"},{\"@type\":\"ListItem\",\"position\":3,\"name\":\"PD10-20\/COM SERIES\"}]},{\"@type\":\"WebSite\",\"@id\":\"https:\/\/ptmsrl.com\/#website\",\"url\":\"https:\/\/ptmsrl.com\/\",\"name\":\"PTM Srl\",\"description\":\"\u041c\u042b \u041f\u0420\u041e\u0418\u0417\u0412\u041e\u0414\u0418\u041c \u041a\u0410\u0427\u0415\u0421\u0422\u0412\u041e, \u041a\u041e\u0422\u041e\u0420\u041e\u0415 \u0418\u041c\u0415\u0415\u0422 \u041e\u0421\u041e\u0411\u042b\u0419 \u0412\u0415\u0421\",\"publisher\":{\"@id\":\"https:\/\/ptmsrl.com\/#organization\"},\"potentialAction\":[{\"@type\":\"SearchAction\",\"target\":{\"@type\":\"EntryPoint\",\"urlTemplate\":\"https:\/\/ptmsrl.com\/?s={search_term_string}\"},\"query-input\":{\"@type\":\"PropertyValueSpecification\",\"valueRequired\":true,\"valueName\":\"search_term_string\"}}],\"inLanguage\":\"fr-FR\"},{\"@type\":\"Organization\",\"@id\":\"https:\/\/ptmsrl.com\/#organization\",\"name\":\"PTM srl\",\"url\":\"https:\/\/ptmsrl.com\/\",\"logo\":{\"@type\":\"ImageObject\",\"inLanguage\":\"fr-FR\",\"@id\":\"https:\/\/ptmsrl.com\/#\/schema\/logo\/image\/\",\"url\":\"https:\/\/ptmsrl.com\/wp-content\/uploads\/2018\/10\/LOGO-PTM.png\",\"contentUrl\":\"https:\/\/ptmsrl.com\/wp-content\/uploads\/2018\/10\/LOGO-PTM.png\",\"width\":1000,\"height\":500,\"caption\":\"PTM srl\"},\"image\":{\"@id\":\"https:\/\/ptmsrl.com\/#\/schema\/logo\/image\/\"},\"sameAs\":[\"https:\/\/www.facebook.com\/believingintechnology\/\",\"https:\/\/x.com\/ptm\",\"https:\/\/www.linkedin.com\/company\/ptm-s-r-l\/\",\"https:\/\/www.youtube.com\/channel\/UCPSOS0MaR-4jDkAD3HkAC7A\"]}]}<\/script>\n<!-- \/ Yoast SEO plugin. -->","yoast_head_json":{"title":"PTM Srl | PD10-20\/COM SERIES","robots":{"index":"index","follow":"follow","max-snippet":"max-snippet:-1","max-image-preview":"max-image-preview:large","max-video-preview":"max-video-preview:-1"},"canonical":"https:\/\/ptmsrl.com\/fr\/prodotto\/pd10-20-com-series\/","og_locale":"fr_FR","og_type":"article","og_title":"PTM Srl | PD10-20\/COM SERIES","og_description":"Les bo\u00eetiers PD10, PD20 et PDCOM SERIES ont \u00e9t\u00e9 cr\u00e9\u00e9es sp\u00e9cifiquement pour le pesage industriel.  Elles sont \u00e9quip\u00e9s de protocoles et de sorties analogiques pour la connexion avec PLC. De plus, ils peuvent \u00eatre \u00e9quip\u00e9s d\u2019afficheurs r\u00e9p\u00e9titeurs et d\u2019autres accessoires.  Les bo\u00eetiers PD10 et PD20 SERIES convertissent la valeur du poids en une sortie 4-20 mA (ou 0-20 mA).  Dans la PD20 SERIES, les deux valeurs de poids peuvent \u00eatre s\u00e9lectionn\u00e9es \u00e0 partir du clavier. Le bo\u00eetier PDCOM SERIES convertit la valeur de poids en sortie Can-Bus. Ils peuvent \u00eatre mont\u00e9s sur un panneau avant ou arri\u00e8re Omega\/DIN ou dans une bo\u00eete \u00e9tanche. Possibilit\u00e9 de connecter 1 ou 2 groupes de capteurs et d'afficher le poids d\u00e9tect\u00e9 sur l'\u00e9cran LCD alphanum\u00e9rique. Il est possible d'effectuer des charges partielles sur chaque unit\u00e9 de pesage en reconnaissant visuellement le poids.","og_url":"https:\/\/ptmsrl.com\/fr\/prodotto\/pd10-20-com-series\/","og_site_name":"PTM Srl","article_publisher":"https:\/\/www.facebook.com\/believingintechnology\/","article_modified_time":"2024-05-29T08:30:56+00:00","og_image":[{"width":1024,"height":1024,"url":"https:\/\/ptmsrl.com\/wp-content\/uploads\/2024\/05\/centralina-industriale-ptm-pd-10-20-com-series.jpg","type":"image\/jpeg"}],"twitter_card":"summary_large_image","twitter_site":"@ptm","twitter_misc":{"Dur\u00e9e de lecture estim\u00e9e":"1 minute"},"schema":{"@context":"https:\/\/schema.org","@graph":[{"@type":"WebPage","@id":"https:\/\/ptmsrl.com\/fr\/prodotto\/pd10-20-com-series\/","url":"https:\/\/ptmsrl.com\/fr\/prodotto\/pd10-20-com-series\/","name":"PTM Srl | PD10-20\/COM SERIES","isPartOf":{"@id":"https:\/\/ptmsrl.com\/#website"},"primaryImageOfPage":{"@id":"https:\/\/ptmsrl.com\/fr\/prodotto\/pd10-20-com-series\/#primaryimage"},"image":{"@id":"https:\/\/ptmsrl.com\/fr\/prodotto\/pd10-20-com-series\/#primaryimage"},"thumbnailUrl":"https:\/\/ptmsrl.com\/wp-content\/uploads\/2024\/05\/centralina-industriale-ptm-pd-10-20-com-series.jpg","datePublished":"2024-05-09T08:48:24+00:00","dateModified":"2024-05-29T08:30:56+00:00","breadcrumb":{"@id":"https:\/\/ptmsrl.com\/fr\/prodotto\/pd10-20-com-series\/#breadcrumb"},"inLanguage":"fr-FR","potentialAction":[{"@type":"ReadAction","target":["https:\/\/ptmsrl.com\/fr\/prodotto\/pd10-20-com-series\/"]}]},{"@type":"ImageObject","inLanguage":"fr-FR","@id":"https:\/\/ptmsrl.com\/fr\/prodotto\/pd10-20-com-series\/#primaryimage","url":"https:\/\/ptmsrl.com\/wp-content\/uploads\/2024\/05\/centralina-industriale-ptm-pd-10-20-com-series.jpg","contentUrl":"https:\/\/ptmsrl.com\/wp-content\/uploads\/2024\/05\/centralina-industriale-ptm-pd-10-20-com-series.jpg","width":1024,"height":1024},{"@type":"BreadcrumbList","@id":"https:\/\/ptmsrl.com\/fr\/prodotto\/pd10-20-com-series\/#breadcrumb","itemListElement":[{"@type":"ListItem","position":1,"name":"Home","item":"https:\/\/ptmsrl.com\/fr\/"},{"@type":"ListItem","position":2,"name":"Shop","item":"https:\/\/ptmsrl.com\/shop\/"},{"@type":"ListItem","position":3,"name":"PD10-20\/COM SERIES"}]},{"@type":"WebSite","@id":"https:\/\/ptmsrl.com\/#website","url":"https:\/\/ptmsrl.com\/","name":"PTM Srl","description":"\u041c\u042b \u041f\u0420\u041e\u0418\u0417\u0412\u041e\u0414\u0418\u041c \u041a\u0410\u0427\u0415\u0421\u0422\u0412\u041e, \u041a\u041e\u0422\u041e\u0420\u041e\u0415 \u0418\u041c\u0415\u0415\u0422 \u041e\u0421\u041e\u0411\u042b\u0419 \u0412\u0415\u0421","publisher":{"@id":"https:\/\/ptmsrl.com\/#organization"},"potentialAction":[{"@type":"SearchAction","target":{"@type":"EntryPoint","urlTemplate":"https:\/\/ptmsrl.com\/?s={search_term_string}"},"query-input":{"@type":"PropertyValueSpecification","valueRequired":true,"valueName":"search_term_string"}}],"inLanguage":"fr-FR"},{"@type":"Organization","@id":"https:\/\/ptmsrl.com\/#organization","name":"PTM srl","url":"https:\/\/ptmsrl.com\/","logo":{"@type":"ImageObject","inLanguage":"fr-FR","@id":"https:\/\/ptmsrl.com\/#\/schema\/logo\/image\/","url":"https:\/\/ptmsrl.com\/wp-content\/uploads\/2018\/10\/LOGO-PTM.png","contentUrl":"https:\/\/ptmsrl.com\/wp-content\/uploads\/2018\/10\/LOGO-PTM.png","width":1000,"height":500,"caption":"PTM srl"},"image":{"@id":"https:\/\/ptmsrl.com\/#\/schema\/logo\/image\/"},"sameAs":["https:\/\/www.facebook.com\/believingintechnology\/","https:\/\/x.com\/ptm","https:\/\/www.linkedin.com\/company\/ptm-s-r-l\/","https:\/\/www.youtube.com\/channel\/UCPSOS0MaR-4jDkAD3HkAC7A"]}]}},"_links":{"self":[{"href":"https:\/\/ptmsrl.com\/fr\/wp-json\/wp\/v2\/product\/24658","targetHints":{"allow":["GET"]}}],"collection":[{"href":"https:\/\/ptmsrl.com\/fr\/wp-json\/wp\/v2\/product"}],"about":[{"href":"https:\/\/ptmsrl.com\/fr\/wp-json\/wp\/v2\/types\/product"}],"wp:featuredmedia":[{"embeddable":true,"href":"https:\/\/ptmsrl.com\/fr\/wp-json\/wp\/v2\/media\/24663"}],"wp:attachment":[{"href":"https:\/\/ptmsrl.com\/fr\/wp-json\/wp\/v2\/media?parent=24658"}],"wp:term":[{"taxonomy":"product_brand","embeddable":true,"href":"https:\/\/ptmsrl.com\/fr\/wp-json\/wp\/v2\/product_brand?post=24658"},{"taxonomy":"product_cat","embeddable":true,"href":"https:\/\/ptmsrl.com\/fr\/wp-json\/wp\/v2\/product_cat?post=24658"},{"taxonomy":"product_tag","embeddable":true,"href":"https:\/\/ptmsrl.com\/fr\/wp-json\/wp\/v2\/product_tag?post=24658"}],"curies":[{"name":"wp","href":"https:\/\/api.w.org\/{rel}","templated":true}]}}