{"id":25090,"date":"2024-06-26T12:49:02","date_gmt":"2024-06-27T09:02:04","guid":{"rendered":"https:\/\/ptmsrl.com\/?post_type=product&#038;p=25090"},"modified":"2024-06-27T11:02:04","modified_gmt":"2024-06-27T09:02:04","slug":"as-410-series","status":"publish","type":"product","link":"https:\/\/ptmsrl.com\/fr\/prodotto\/as-410-series\/","title":{"rendered":"AS 410 SERIES"},"content":{"rendered":"<h2>Fonctions:<\/h2>\n<ul>\n<li>Alimentation par 230V de r\u00e9seau \u00e9lectrique ou de connexion 24Vd.c.<\/li>\n<li>Pesage dynamique d\u2019objets de format diff\u00e9rent<\/li>\n<li>Pesage statique d\u2019objets de format diff\u00e9rent<\/li>\n<li>Param\u00e8tres de s\u00e9lections configurables<\/li>\n<li>Temps de cycle de pesage librement modifiables<\/li>\n<li>Programmation du format avec valeur de poids INSUFFISANT et ABONDANT<\/li>\n<li>Possibilit\u00e9 de programmer et s\u00e9lectionner 50 formats diff\u00e9rents<\/li>\n<li>Possibilit\u00e9 de mise \u00e0 z\u00e9ro automatique du Bo\u00eetier au d\u00e9but du cycle Start<\/li>\n<li>Comptage des num\u00e9ros de pes\u00e9es OK (Pes\u00e9es correctes)<\/li>\n<li>Comptage des num\u00e9ros de pes\u00e9es INSUFFISANTES (Pes\u00e9es au dessous de la valeur s\u00e9lectionn\u00e9e)<\/li>\n<li>Comptage des num\u00e9ros de pes\u00e9es ABONDANTES (Pes\u00e9es au dessus de la valeur s\u00e9lectionn\u00e9e)<\/li>\n<li>Comptage de la valeur moyenne des pes\u00e9es OK (Pes\u00e9es correctes)<\/li>\n<li>Mise \u00e0 z\u00e9ro du compteur du cycle pes\u00e9es<\/li>\n<li>M\u00e9morisation de 10 cycles dans l\u2019archive pes\u00e9es<\/li>\n<li>M\u00e9morisation jusqu\u2019\u00e0 5000 cycles de pesage par platine USB (Optionnelle)<\/li>\n<li>M\u00e9morisation de pesage par platine USB (Optionnelle)<\/li>\n<li>Divisions disponibles 1-2-5-10<\/li>\n<li>Calibrage par valeur de plaque des capteurs<\/li>\n<li>Calibrage par tableau capteurs<\/li>\n<li>Calibrage par poids \u00e9talon<\/li>\n<li>Contr\u00f4le int\u00e9rieur de la garantie<\/li>\n<li>Syst\u00e8me de contr\u00f4le des surcharges<\/li>\n<li>Multilingue<\/li>\n<\/ul>\n","protected":false},"excerpt":{"rendered":"<h3>Le bo\u00eetier AS410 a \u00e9t\u00e9 con\u00e7u pour le pesage sur bandes transporteuses et pour le contr\u00f4le du format des objets.<\/h3>\n<p>Sur la base de la valeur pr\u00e9s\u00e9lectionn\u00e9e, des sorties qui identifient si la valeur de poids est suffisant ou INSUFFISANT \/ ABONDANT s\u2019activent.<\/p>\n<p>Les donn\u00e9es des cycles de pesage sont m\u00e9moris\u00e9s pour effectuer des contr\u00f4les suivants. Ce bo\u00eetier-ci en plus peut travailler dans deux fa\u00e7ons:<\/p>\n<ul>\n<li>Pesage dynamique<\/li>\n<li>Pesage statique<\/li>\n<\/ul>\n<p>C\u2019est possible acheter un module optionnel qui m\u00e9morise les valeurs des cycles de pesage pour pouvoir \u00eatre transf\u00e9r\u00e9s sur cl\u00e9 USB (en format .csv) pour une suivante r\u00e9vision au PC.<\/p>\n","protected":false},"featured_media":25034,"template":"","meta":{"inline_featured_image":false},"product_brand":[],"product_cat":[216,229],"product_tag":[],"class_list":{"0":"post-25090","1":"product","2":"type-product","3":"status-publish","4":"has-post-thumbnail","6":"product_cat-boitiers","7":"product_cat-serie-as-fr","9":"first","10":"instock","11":"shipping-taxable","12":"product-type-simple"},"yoast_head":"<!-- This site is optimized with the Yoast SEO plugin v25.3 - https:\/\/yoast.com\/wordpress\/plugins\/seo\/ -->\n<title>PTM Srl | AS 410 SERIES<\/title>\n<meta name=\"robots\" content=\"index, follow, max-snippet:-1, max-image-preview:large, max-video-preview:-1\" \/>\n<link rel=\"canonical\" href=\"https:\/\/ptmsrl.com\/fr\/prodotto\/as-410-series\/\" \/>\n<meta property=\"og:locale\" content=\"fr_FR\" \/>\n<meta property=\"og:type\" content=\"article\" \/>\n<meta property=\"og:title\" content=\"PTM Srl | AS 410 SERIES\" \/>\n<meta property=\"og:description\" content=\"Le bo\u00eetier AS410 a \u00e9t\u00e9 con\u00e7u pour le pesage sur bandes transporteuses et pour le contr\u00f4le du format des objets. Sur la base de la valeur pr\u00e9s\u00e9lectionn\u00e9e, des sorties qui identifient si la valeur de poids est suffisant ou INSUFFISANT \/ ABONDANT s\u2019activent.  Les donn\u00e9es des cycles de pesage sont m\u00e9moris\u00e9s pour effectuer des contr\u00f4les suivants. Ce bo\u00eetier-ci en plus peut travailler dans deux fa\u00e7ons:   Pesage dynamique  Pesage statique  C\u2019est possible acheter un module optionnel qui m\u00e9morise les valeurs des cycles de pesage pour pouvoir \u00eatre transf\u00e9r\u00e9s sur cl\u00e9 USB (en format .csv) pour une suivante r\u00e9vision au PC.\" \/>\n<meta property=\"og:url\" content=\"https:\/\/ptmsrl.com\/fr\/prodotto\/as-410-series\/\" \/>\n<meta property=\"og:site_name\" content=\"PTM Srl\" \/>\n<meta property=\"article:publisher\" content=\"https:\/\/www.facebook.com\/believingintechnology\/\" \/>\n<meta property=\"og:image\" content=\"https:\/\/ptmsrl.com\/wp-content\/uploads\/2024\/06\/centralina-ptm-pesatura-nastrini-as-410-series.jpg\" \/>\n\t<meta property=\"og:image:width\" content=\"1024\" \/>\n\t<meta property=\"og:image:height\" content=\"1024\" \/>\n\t<meta property=\"og:image:type\" content=\"image\/jpeg\" \/>\n<meta name=\"twitter:card\" content=\"summary_large_image\" \/>\n<meta name=\"twitter:site\" content=\"@ptm\" \/>\n<meta name=\"twitter:label1\" content=\"Dur\u00e9e de lecture estim\u00e9e\" \/>\n\t<meta name=\"twitter:data1\" content=\"2 minutes\" \/>\n<script type=\"application\/ld+json\" class=\"yoast-schema-graph\">{\"@context\":\"https:\/\/schema.org\",\"@graph\":[{\"@type\":\"WebPage\",\"@id\":\"https:\/\/ptmsrl.com\/fr\/prodotto\/as-410-series\/\",\"url\":\"https:\/\/ptmsrl.com\/fr\/prodotto\/as-410-series\/\",\"name\":\"PTM Srl | AS 410 SERIES\",\"isPartOf\":{\"@id\":\"https:\/\/ptmsrl.com\/#website\"},\"primaryImageOfPage\":{\"@id\":\"https:\/\/ptmsrl.com\/fr\/prodotto\/as-410-series\/#primaryimage\"},\"image\":{\"@id\":\"https:\/\/ptmsrl.com\/fr\/prodotto\/as-410-series\/#primaryimage\"},\"thumbnailUrl\":\"https:\/\/ptmsrl.com\/wp-content\/uploads\/2024\/06\/centralina-ptm-pesatura-nastrini-as-410-series.jpg\",\"datePublished\":\"2024-06-27T09:02:04+00:00\",\"breadcrumb\":{\"@id\":\"https:\/\/ptmsrl.com\/fr\/prodotto\/as-410-series\/#breadcrumb\"},\"inLanguage\":\"fr-FR\",\"potentialAction\":[{\"@type\":\"ReadAction\",\"target\":[\"https:\/\/ptmsrl.com\/fr\/prodotto\/as-410-series\/\"]}]},{\"@type\":\"ImageObject\",\"inLanguage\":\"fr-FR\",\"@id\":\"https:\/\/ptmsrl.com\/fr\/prodotto\/as-410-series\/#primaryimage\",\"url\":\"https:\/\/ptmsrl.com\/wp-content\/uploads\/2024\/06\/centralina-ptm-pesatura-nastrini-as-410-series.jpg\",\"contentUrl\":\"https:\/\/ptmsrl.com\/wp-content\/uploads\/2024\/06\/centralina-ptm-pesatura-nastrini-as-410-series.jpg\",\"width\":1024,\"height\":1024},{\"@type\":\"BreadcrumbList\",\"@id\":\"https:\/\/ptmsrl.com\/fr\/prodotto\/as-410-series\/#breadcrumb\",\"itemListElement\":[{\"@type\":\"ListItem\",\"position\":1,\"name\":\"Home\",\"item\":\"https:\/\/ptmsrl.com\/fr\/\"},{\"@type\":\"ListItem\",\"position\":2,\"name\":\"Shop\",\"item\":\"https:\/\/ptmsrl.com\/shop\/\"},{\"@type\":\"ListItem\",\"position\":3,\"name\":\"AS 410 SERIES\"}]},{\"@type\":\"WebSite\",\"@id\":\"https:\/\/ptmsrl.com\/#website\",\"url\":\"https:\/\/ptmsrl.com\/\",\"name\":\"PTM Srl\",\"description\":\"\u041c\u042b \u041f\u0420\u041e\u0418\u0417\u0412\u041e\u0414\u0418\u041c \u041a\u0410\u0427\u0415\u0421\u0422\u0412\u041e, \u041a\u041e\u0422\u041e\u0420\u041e\u0415 \u0418\u041c\u0415\u0415\u0422 \u041e\u0421\u041e\u0411\u042b\u0419 \u0412\u0415\u0421\",\"publisher\":{\"@id\":\"https:\/\/ptmsrl.com\/#organization\"},\"potentialAction\":[{\"@type\":\"SearchAction\",\"target\":{\"@type\":\"EntryPoint\",\"urlTemplate\":\"https:\/\/ptmsrl.com\/?s={search_term_string}\"},\"query-input\":{\"@type\":\"PropertyValueSpecification\",\"valueRequired\":true,\"valueName\":\"search_term_string\"}}],\"inLanguage\":\"fr-FR\"},{\"@type\":\"Organization\",\"@id\":\"https:\/\/ptmsrl.com\/#organization\",\"name\":\"PTM srl\",\"url\":\"https:\/\/ptmsrl.com\/\",\"logo\":{\"@type\":\"ImageObject\",\"inLanguage\":\"fr-FR\",\"@id\":\"https:\/\/ptmsrl.com\/#\/schema\/logo\/image\/\",\"url\":\"https:\/\/ptmsrl.com\/wp-content\/uploads\/2018\/10\/LOGO-PTM.png\",\"contentUrl\":\"https:\/\/ptmsrl.com\/wp-content\/uploads\/2018\/10\/LOGO-PTM.png\",\"width\":1000,\"height\":500,\"caption\":\"PTM srl\"},\"image\":{\"@id\":\"https:\/\/ptmsrl.com\/#\/schema\/logo\/image\/\"},\"sameAs\":[\"https:\/\/www.facebook.com\/believingintechnology\/\",\"https:\/\/x.com\/ptm\",\"https:\/\/www.linkedin.com\/company\/ptm-s-r-l\/\",\"https:\/\/www.youtube.com\/channel\/UCPSOS0MaR-4jDkAD3HkAC7A\"]}]}<\/script>\n<!-- \/ Yoast SEO plugin. -->","yoast_head_json":{"title":"PTM Srl | AS 410 SERIES","robots":{"index":"index","follow":"follow","max-snippet":"max-snippet:-1","max-image-preview":"max-image-preview:large","max-video-preview":"max-video-preview:-1"},"canonical":"https:\/\/ptmsrl.com\/fr\/prodotto\/as-410-series\/","og_locale":"fr_FR","og_type":"article","og_title":"PTM Srl | AS 410 SERIES","og_description":"Le bo\u00eetier AS410 a \u00e9t\u00e9 con\u00e7u pour le pesage sur bandes transporteuses et pour le contr\u00f4le du format des objets. Sur la base de la valeur pr\u00e9s\u00e9lectionn\u00e9e, des sorties qui identifient si la valeur de poids est suffisant ou INSUFFISANT \/ ABONDANT s\u2019activent.  Les donn\u00e9es des cycles de pesage sont m\u00e9moris\u00e9s pour effectuer des contr\u00f4les suivants. Ce bo\u00eetier-ci en plus peut travailler dans deux fa\u00e7ons:   Pesage dynamique  Pesage statique  C\u2019est possible acheter un module optionnel qui m\u00e9morise les valeurs des cycles de pesage pour pouvoir \u00eatre transf\u00e9r\u00e9s sur cl\u00e9 USB (en format .csv) pour une suivante r\u00e9vision au PC.","og_url":"https:\/\/ptmsrl.com\/fr\/prodotto\/as-410-series\/","og_site_name":"PTM Srl","article_publisher":"https:\/\/www.facebook.com\/believingintechnology\/","og_image":[{"width":1024,"height":1024,"url":"https:\/\/ptmsrl.com\/wp-content\/uploads\/2024\/06\/centralina-ptm-pesatura-nastrini-as-410-series.jpg","type":"image\/jpeg"}],"twitter_card":"summary_large_image","twitter_site":"@ptm","twitter_misc":{"Dur\u00e9e de lecture estim\u00e9e":"2 minutes"},"schema":{"@context":"https:\/\/schema.org","@graph":[{"@type":"WebPage","@id":"https:\/\/ptmsrl.com\/fr\/prodotto\/as-410-series\/","url":"https:\/\/ptmsrl.com\/fr\/prodotto\/as-410-series\/","name":"PTM Srl | AS 410 SERIES","isPartOf":{"@id":"https:\/\/ptmsrl.com\/#website"},"primaryImageOfPage":{"@id":"https:\/\/ptmsrl.com\/fr\/prodotto\/as-410-series\/#primaryimage"},"image":{"@id":"https:\/\/ptmsrl.com\/fr\/prodotto\/as-410-series\/#primaryimage"},"thumbnailUrl":"https:\/\/ptmsrl.com\/wp-content\/uploads\/2024\/06\/centralina-ptm-pesatura-nastrini-as-410-series.jpg","datePublished":"2024-06-27T09:02:04+00:00","breadcrumb":{"@id":"https:\/\/ptmsrl.com\/fr\/prodotto\/as-410-series\/#breadcrumb"},"inLanguage":"fr-FR","potentialAction":[{"@type":"ReadAction","target":["https:\/\/ptmsrl.com\/fr\/prodotto\/as-410-series\/"]}]},{"@type":"ImageObject","inLanguage":"fr-FR","@id":"https:\/\/ptmsrl.com\/fr\/prodotto\/as-410-series\/#primaryimage","url":"https:\/\/ptmsrl.com\/wp-content\/uploads\/2024\/06\/centralina-ptm-pesatura-nastrini-as-410-series.jpg","contentUrl":"https:\/\/ptmsrl.com\/wp-content\/uploads\/2024\/06\/centralina-ptm-pesatura-nastrini-as-410-series.jpg","width":1024,"height":1024},{"@type":"BreadcrumbList","@id":"https:\/\/ptmsrl.com\/fr\/prodotto\/as-410-series\/#breadcrumb","itemListElement":[{"@type":"ListItem","position":1,"name":"Home","item":"https:\/\/ptmsrl.com\/fr\/"},{"@type":"ListItem","position":2,"name":"Shop","item":"https:\/\/ptmsrl.com\/shop\/"},{"@type":"ListItem","position":3,"name":"AS 410 SERIES"}]},{"@type":"WebSite","@id":"https:\/\/ptmsrl.com\/#website","url":"https:\/\/ptmsrl.com\/","name":"PTM Srl","description":"\u041c\u042b \u041f\u0420\u041e\u0418\u0417\u0412\u041e\u0414\u0418\u041c \u041a\u0410\u0427\u0415\u0421\u0422\u0412\u041e, \u041a\u041e\u0422\u041e\u0420\u041e\u0415 \u0418\u041c\u0415\u0415\u0422 \u041e\u0421\u041e\u0411\u042b\u0419 \u0412\u0415\u0421","publisher":{"@id":"https:\/\/ptmsrl.com\/#organization"},"potentialAction":[{"@type":"SearchAction","target":{"@type":"EntryPoint","urlTemplate":"https:\/\/ptmsrl.com\/?s={search_term_string}"},"query-input":{"@type":"PropertyValueSpecification","valueRequired":true,"valueName":"search_term_string"}}],"inLanguage":"fr-FR"},{"@type":"Organization","@id":"https:\/\/ptmsrl.com\/#organization","name":"PTM srl","url":"https:\/\/ptmsrl.com\/","logo":{"@type":"ImageObject","inLanguage":"fr-FR","@id":"https:\/\/ptmsrl.com\/#\/schema\/logo\/image\/","url":"https:\/\/ptmsrl.com\/wp-content\/uploads\/2018\/10\/LOGO-PTM.png","contentUrl":"https:\/\/ptmsrl.com\/wp-content\/uploads\/2018\/10\/LOGO-PTM.png","width":1000,"height":500,"caption":"PTM srl"},"image":{"@id":"https:\/\/ptmsrl.com\/#\/schema\/logo\/image\/"},"sameAs":["https:\/\/www.facebook.com\/believingintechnology\/","https:\/\/x.com\/ptm","https:\/\/www.linkedin.com\/company\/ptm-s-r-l\/","https:\/\/www.youtube.com\/channel\/UCPSOS0MaR-4jDkAD3HkAC7A"]}]}},"_links":{"self":[{"href":"https:\/\/ptmsrl.com\/fr\/wp-json\/wp\/v2\/product\/25090","targetHints":{"allow":["GET"]}}],"collection":[{"href":"https:\/\/ptmsrl.com\/fr\/wp-json\/wp\/v2\/product"}],"about":[{"href":"https:\/\/ptmsrl.com\/fr\/wp-json\/wp\/v2\/types\/product"}],"wp:featuredmedia":[{"embeddable":true,"href":"https:\/\/ptmsrl.com\/fr\/wp-json\/wp\/v2\/media\/25034"}],"wp:attachment":[{"href":"https:\/\/ptmsrl.com\/fr\/wp-json\/wp\/v2\/media?parent=25090"}],"wp:term":[{"taxonomy":"product_brand","embeddable":true,"href":"https:\/\/ptmsrl.com\/fr\/wp-json\/wp\/v2\/product_brand?post=25090"},{"taxonomy":"product_cat","embeddable":true,"href":"https:\/\/ptmsrl.com\/fr\/wp-json\/wp\/v2\/product_cat?post=25090"},{"taxonomy":"product_tag","embeddable":true,"href":"https:\/\/ptmsrl.com\/fr\/wp-json\/wp\/v2\/product_tag?post=25090"}],"curies":[{"name":"wp","href":"https:\/\/api.w.org\/{rel}","templated":true}]}}