{"id":25358,"date":"2024-09-23T12:06:49","date_gmt":"2024-09-23T10:06:51","guid":{"rendered":"https:\/\/ptmsrl.com\/?post_type=product&#038;p=25358"},"modified":"2024-09-25T17:01:00","modified_gmt":"2024-09-25T15:01:00","slug":"twin-tac-300-series","status":"publish","type":"product","link":"https:\/\/ptmsrl.com\/fr\/prodotto\/twin-tac-300-series\/","title":{"rendered":"Twin Tac 300 Series"},"content":{"rendered":"<ul>\n<li>Poids total<\/li>\n<li>Poids partiel<\/li>\n<li>Unit\u00e9 de mesure en morceaux au lieu de kilogrammes<\/li>\n<li>Alarme<\/li>\n<\/ul>\n","protected":false},"excerpt":{"rendered":"<h3>La S\u00c9RIE TWIN TAC 300 est une unit\u00e9 de contr\u00f4le avec fonctions balance de comptage de pi\u00e8ces \/ comptage d&rsquo;animaux, avec deux sections distinctes P1 et P2, qui peuvent fonctionner ind\u00e9pendamment.<br \/>\nL&rsquo;unit\u00e9 de contr\u00f4le est \u00e9quip\u00e9e d&rsquo;un \u00e9cran graphique qui montre toutes les fonctions disponibles et donne la possibilit\u00e9 d&rsquo;effectuer les premiers \u00e9talonnages et de suivre toutes les op\u00e9rations de pes\u00e9e.<\/h3>\n<p>Apr\u00e8s avoir associ\u00e9 un certain nombre de pi\u00e8ces au poids d\u00e9tect\u00e9, le syst\u00e8me utilise les pi\u00e8ces plut\u00f4t que le poids comme unit\u00e9 de mesure.<br \/>\nEn MODE PES\u00c9E, le conteneur d&rsquo;objets vide est positionn\u00e9.<br \/>\nLa tare est remise \u00e0 z\u00e9ro et le nombre d&rsquo;objets formant le poids de l&rsquo;\u00e9chantillon est charg\u00e9 dans le conteneur.<br \/>\nEn appuyant sur la touche \u00ab M1 ou M2 \u00bb de la centrale, vous confirmez le nombre 100 normalement affich\u00e9 comme num\u00e9ro d&rsquo;\u00e9chantillon.<br \/>\nApr\u00e8s chaque chargement, nous pouvons d\u00e9cider de nous arr\u00eater et de changer de station, de continuer avec la m\u00eame ou de nous arr\u00eater avec le bouton d&rsquo;arr\u00eat.<\/p>\n","protected":false},"featured_media":25365,"template":"","meta":{"inline_featured_image":false},"product_brand":[],"product_cat":[235],"product_tag":[],"class_list":{"0":"post-25358","1":"product","2":"type-product","3":"status-publish","4":"has-post-thumbnail","6":"product_cat-solutions-sur-mesure","8":"first","9":"instock","10":"downloadable","11":"shipping-taxable","12":"product-type-simple"},"yoast_head":"<!-- This site is optimized with the Yoast SEO plugin v25.3 - https:\/\/yoast.com\/wordpress\/plugins\/seo\/ -->\n<title>PTM Srl | Twin Tac 300 Series<\/title>\n<meta name=\"robots\" content=\"index, follow, max-snippet:-1, max-image-preview:large, max-video-preview:-1\" \/>\n<link rel=\"canonical\" href=\"https:\/\/ptmsrl.com\/fr\/prodotto\/twin-tac-300-series\/\" \/>\n<meta property=\"og:locale\" content=\"fr_FR\" \/>\n<meta property=\"og:type\" content=\"article\" \/>\n<meta property=\"og:title\" content=\"PTM Srl | Twin Tac 300 Series\" \/>\n<meta property=\"og:description\" content=\"La S\u00c9RIE TWIN TAC 300 est une unit\u00e9 de contr\u00f4le avec fonctions balance de comptage de pi\u00e8ces \/ comptage d&#039;animaux, avec deux sections distinctes P1 et P2, qui peuvent fonctionner ind\u00e9pendamment. L&#039;unit\u00e9 de contr\u00f4le est \u00e9quip\u00e9e d&#039;un \u00e9cran graphique qui montre toutes les fonctions disponibles et donne la possibilit\u00e9 d&#039;effectuer les premiers \u00e9talonnages et de suivre toutes les op\u00e9rations de pes\u00e9e. Apr\u00e8s avoir associ\u00e9 un certain nombre de pi\u00e8ces au poids d\u00e9tect\u00e9, le syst\u00e8me utilise les pi\u00e8ces plut\u00f4t que le poids comme unit\u00e9 de mesure. En MODE PES\u00c9E, le conteneur d&#039;objets vide est positionn\u00e9. La tare est remise \u00e0 z\u00e9ro et le nombre d&#039;objets formant le poids de l&#039;\u00e9chantillon est charg\u00e9 dans le conteneur. En appuyant sur la touche \u00ab M1 ou M2 \u00bb de la centrale, vous confirmez le nombre 100 normalement affich\u00e9 comme num\u00e9ro d&#039;\u00e9chantillon. Apr\u00e8s chaque chargement, nous pouvons d\u00e9cider de nous arr\u00eater et de changer de station, de continuer avec la m\u00eame ou de nous arr\u00eater avec le bouton d&#039;arr\u00eat.\" \/>\n<meta property=\"og:url\" content=\"https:\/\/ptmsrl.com\/fr\/prodotto\/twin-tac-300-series\/\" \/>\n<meta property=\"og:site_name\" content=\"PTM Srl\" \/>\n<meta property=\"article:publisher\" content=\"https:\/\/www.facebook.com\/believingintechnology\/\" \/>\n<meta property=\"article:modified_time\" content=\"2024-09-25T15:01:00+00:00\" \/>\n<meta property=\"og:image\" content=\"https:\/\/ptmsrl.com\/wp-content\/uploads\/2024\/09\/PTM-TWIN-TAC-300-SERIES-Centralina-soluzioni-custom.jpg\" \/>\n\t<meta property=\"og:image:width\" content=\"800\" \/>\n\t<meta property=\"og:image:height\" content=\"800\" \/>\n\t<meta property=\"og:image:type\" content=\"image\/jpeg\" \/>\n<meta name=\"twitter:card\" content=\"summary_large_image\" \/>\n<meta name=\"twitter:site\" content=\"@ptm\" \/>\n<meta name=\"twitter:label1\" content=\"Dur\u00e9e de lecture estim\u00e9e\" \/>\n\t<meta name=\"twitter:data1\" content=\"1 minute\" \/>\n<script type=\"application\/ld+json\" class=\"yoast-schema-graph\">{\"@context\":\"https:\/\/schema.org\",\"@graph\":[{\"@type\":\"WebPage\",\"@id\":\"https:\/\/ptmsrl.com\/fr\/prodotto\/twin-tac-300-series\/\",\"url\":\"https:\/\/ptmsrl.com\/fr\/prodotto\/twin-tac-300-series\/\",\"name\":\"PTM Srl | Twin Tac 300 Series\",\"isPartOf\":{\"@id\":\"https:\/\/ptmsrl.com\/#website\"},\"primaryImageOfPage\":{\"@id\":\"https:\/\/ptmsrl.com\/fr\/prodotto\/twin-tac-300-series\/#primaryimage\"},\"image\":{\"@id\":\"https:\/\/ptmsrl.com\/fr\/prodotto\/twin-tac-300-series\/#primaryimage\"},\"thumbnailUrl\":\"https:\/\/ptmsrl.com\/wp-content\/uploads\/2024\/09\/PTM-TWIN-TAC-300-SERIES-Centralina-soluzioni-custom.jpg\",\"datePublished\":\"2024-09-23T10:06:51+00:00\",\"dateModified\":\"2024-09-25T15:01:00+00:00\",\"breadcrumb\":{\"@id\":\"https:\/\/ptmsrl.com\/fr\/prodotto\/twin-tac-300-series\/#breadcrumb\"},\"inLanguage\":\"fr-FR\",\"potentialAction\":[{\"@type\":\"ReadAction\",\"target\":[\"https:\/\/ptmsrl.com\/fr\/prodotto\/twin-tac-300-series\/\"]}]},{\"@type\":\"ImageObject\",\"inLanguage\":\"fr-FR\",\"@id\":\"https:\/\/ptmsrl.com\/fr\/prodotto\/twin-tac-300-series\/#primaryimage\",\"url\":\"https:\/\/ptmsrl.com\/wp-content\/uploads\/2024\/09\/PTM-TWIN-TAC-300-SERIES-Centralina-soluzioni-custom.jpg\",\"contentUrl\":\"https:\/\/ptmsrl.com\/wp-content\/uploads\/2024\/09\/PTM-TWIN-TAC-300-SERIES-Centralina-soluzioni-custom.jpg\",\"width\":800,\"height\":800},{\"@type\":\"BreadcrumbList\",\"@id\":\"https:\/\/ptmsrl.com\/fr\/prodotto\/twin-tac-300-series\/#breadcrumb\",\"itemListElement\":[{\"@type\":\"ListItem\",\"position\":1,\"name\":\"Home\",\"item\":\"https:\/\/ptmsrl.com\/fr\/\"},{\"@type\":\"ListItem\",\"position\":2,\"name\":\"Shop\",\"item\":\"https:\/\/ptmsrl.com\/shop\/\"},{\"@type\":\"ListItem\",\"position\":3,\"name\":\"Twin Tac 300 Series\"}]},{\"@type\":\"WebSite\",\"@id\":\"https:\/\/ptmsrl.com\/#website\",\"url\":\"https:\/\/ptmsrl.com\/\",\"name\":\"PTM Srl\",\"description\":\"\u041c\u042b \u041f\u0420\u041e\u0418\u0417\u0412\u041e\u0414\u0418\u041c \u041a\u0410\u0427\u0415\u0421\u0422\u0412\u041e, \u041a\u041e\u0422\u041e\u0420\u041e\u0415 \u0418\u041c\u0415\u0415\u0422 \u041e\u0421\u041e\u0411\u042b\u0419 \u0412\u0415\u0421\",\"publisher\":{\"@id\":\"https:\/\/ptmsrl.com\/#organization\"},\"potentialAction\":[{\"@type\":\"SearchAction\",\"target\":{\"@type\":\"EntryPoint\",\"urlTemplate\":\"https:\/\/ptmsrl.com\/?s={search_term_string}\"},\"query-input\":{\"@type\":\"PropertyValueSpecification\",\"valueRequired\":true,\"valueName\":\"search_term_string\"}}],\"inLanguage\":\"fr-FR\"},{\"@type\":\"Organization\",\"@id\":\"https:\/\/ptmsrl.com\/#organization\",\"name\":\"PTM srl\",\"url\":\"https:\/\/ptmsrl.com\/\",\"logo\":{\"@type\":\"ImageObject\",\"inLanguage\":\"fr-FR\",\"@id\":\"https:\/\/ptmsrl.com\/#\/schema\/logo\/image\/\",\"url\":\"https:\/\/ptmsrl.com\/wp-content\/uploads\/2018\/10\/LOGO-PTM.png\",\"contentUrl\":\"https:\/\/ptmsrl.com\/wp-content\/uploads\/2018\/10\/LOGO-PTM.png\",\"width\":1000,\"height\":500,\"caption\":\"PTM srl\"},\"image\":{\"@id\":\"https:\/\/ptmsrl.com\/#\/schema\/logo\/image\/\"},\"sameAs\":[\"https:\/\/www.facebook.com\/believingintechnology\/\",\"https:\/\/x.com\/ptm\",\"https:\/\/www.linkedin.com\/company\/ptm-s-r-l\/\",\"https:\/\/www.youtube.com\/channel\/UCPSOS0MaR-4jDkAD3HkAC7A\"]}]}<\/script>\n<!-- \/ Yoast SEO plugin. -->","yoast_head_json":{"title":"PTM Srl | Twin Tac 300 Series","robots":{"index":"index","follow":"follow","max-snippet":"max-snippet:-1","max-image-preview":"max-image-preview:large","max-video-preview":"max-video-preview:-1"},"canonical":"https:\/\/ptmsrl.com\/fr\/prodotto\/twin-tac-300-series\/","og_locale":"fr_FR","og_type":"article","og_title":"PTM Srl | Twin Tac 300 Series","og_description":"La S\u00c9RIE TWIN TAC 300 est une unit\u00e9 de contr\u00f4le avec fonctions balance de comptage de pi\u00e8ces \/ comptage d'animaux, avec deux sections distinctes P1 et P2, qui peuvent fonctionner ind\u00e9pendamment. L'unit\u00e9 de contr\u00f4le est \u00e9quip\u00e9e d'un \u00e9cran graphique qui montre toutes les fonctions disponibles et donne la possibilit\u00e9 d'effectuer les premiers \u00e9talonnages et de suivre toutes les op\u00e9rations de pes\u00e9e. Apr\u00e8s avoir associ\u00e9 un certain nombre de pi\u00e8ces au poids d\u00e9tect\u00e9, le syst\u00e8me utilise les pi\u00e8ces plut\u00f4t que le poids comme unit\u00e9 de mesure. En MODE PES\u00c9E, le conteneur d'objets vide est positionn\u00e9. La tare est remise \u00e0 z\u00e9ro et le nombre d'objets formant le poids de l'\u00e9chantillon est charg\u00e9 dans le conteneur. En appuyant sur la touche \u00ab M1 ou M2 \u00bb de la centrale, vous confirmez le nombre 100 normalement affich\u00e9 comme num\u00e9ro d'\u00e9chantillon. Apr\u00e8s chaque chargement, nous pouvons d\u00e9cider de nous arr\u00eater et de changer de station, de continuer avec la m\u00eame ou de nous arr\u00eater avec le bouton d'arr\u00eat.","og_url":"https:\/\/ptmsrl.com\/fr\/prodotto\/twin-tac-300-series\/","og_site_name":"PTM Srl","article_publisher":"https:\/\/www.facebook.com\/believingintechnology\/","article_modified_time":"2024-09-25T15:01:00+00:00","og_image":[{"width":800,"height":800,"url":"https:\/\/ptmsrl.com\/wp-content\/uploads\/2024\/09\/PTM-TWIN-TAC-300-SERIES-Centralina-soluzioni-custom.jpg","type":"image\/jpeg"}],"twitter_card":"summary_large_image","twitter_site":"@ptm","twitter_misc":{"Dur\u00e9e de lecture estim\u00e9e":"1 minute"},"schema":{"@context":"https:\/\/schema.org","@graph":[{"@type":"WebPage","@id":"https:\/\/ptmsrl.com\/fr\/prodotto\/twin-tac-300-series\/","url":"https:\/\/ptmsrl.com\/fr\/prodotto\/twin-tac-300-series\/","name":"PTM Srl | Twin Tac 300 Series","isPartOf":{"@id":"https:\/\/ptmsrl.com\/#website"},"primaryImageOfPage":{"@id":"https:\/\/ptmsrl.com\/fr\/prodotto\/twin-tac-300-series\/#primaryimage"},"image":{"@id":"https:\/\/ptmsrl.com\/fr\/prodotto\/twin-tac-300-series\/#primaryimage"},"thumbnailUrl":"https:\/\/ptmsrl.com\/wp-content\/uploads\/2024\/09\/PTM-TWIN-TAC-300-SERIES-Centralina-soluzioni-custom.jpg","datePublished":"2024-09-23T10:06:51+00:00","dateModified":"2024-09-25T15:01:00+00:00","breadcrumb":{"@id":"https:\/\/ptmsrl.com\/fr\/prodotto\/twin-tac-300-series\/#breadcrumb"},"inLanguage":"fr-FR","potentialAction":[{"@type":"ReadAction","target":["https:\/\/ptmsrl.com\/fr\/prodotto\/twin-tac-300-series\/"]}]},{"@type":"ImageObject","inLanguage":"fr-FR","@id":"https:\/\/ptmsrl.com\/fr\/prodotto\/twin-tac-300-series\/#primaryimage","url":"https:\/\/ptmsrl.com\/wp-content\/uploads\/2024\/09\/PTM-TWIN-TAC-300-SERIES-Centralina-soluzioni-custom.jpg","contentUrl":"https:\/\/ptmsrl.com\/wp-content\/uploads\/2024\/09\/PTM-TWIN-TAC-300-SERIES-Centralina-soluzioni-custom.jpg","width":800,"height":800},{"@type":"BreadcrumbList","@id":"https:\/\/ptmsrl.com\/fr\/prodotto\/twin-tac-300-series\/#breadcrumb","itemListElement":[{"@type":"ListItem","position":1,"name":"Home","item":"https:\/\/ptmsrl.com\/fr\/"},{"@type":"ListItem","position":2,"name":"Shop","item":"https:\/\/ptmsrl.com\/shop\/"},{"@type":"ListItem","position":3,"name":"Twin Tac 300 Series"}]},{"@type":"WebSite","@id":"https:\/\/ptmsrl.com\/#website","url":"https:\/\/ptmsrl.com\/","name":"PTM Srl","description":"\u041c\u042b \u041f\u0420\u041e\u0418\u0417\u0412\u041e\u0414\u0418\u041c \u041a\u0410\u0427\u0415\u0421\u0422\u0412\u041e, \u041a\u041e\u0422\u041e\u0420\u041e\u0415 \u0418\u041c\u0415\u0415\u0422 \u041e\u0421\u041e\u0411\u042b\u0419 \u0412\u0415\u0421","publisher":{"@id":"https:\/\/ptmsrl.com\/#organization"},"potentialAction":[{"@type":"SearchAction","target":{"@type":"EntryPoint","urlTemplate":"https:\/\/ptmsrl.com\/?s={search_term_string}"},"query-input":{"@type":"PropertyValueSpecification","valueRequired":true,"valueName":"search_term_string"}}],"inLanguage":"fr-FR"},{"@type":"Organization","@id":"https:\/\/ptmsrl.com\/#organization","name":"PTM srl","url":"https:\/\/ptmsrl.com\/","logo":{"@type":"ImageObject","inLanguage":"fr-FR","@id":"https:\/\/ptmsrl.com\/#\/schema\/logo\/image\/","url":"https:\/\/ptmsrl.com\/wp-content\/uploads\/2018\/10\/LOGO-PTM.png","contentUrl":"https:\/\/ptmsrl.com\/wp-content\/uploads\/2018\/10\/LOGO-PTM.png","width":1000,"height":500,"caption":"PTM srl"},"image":{"@id":"https:\/\/ptmsrl.com\/#\/schema\/logo\/image\/"},"sameAs":["https:\/\/www.facebook.com\/believingintechnology\/","https:\/\/x.com\/ptm","https:\/\/www.linkedin.com\/company\/ptm-s-r-l\/","https:\/\/www.youtube.com\/channel\/UCPSOS0MaR-4jDkAD3HkAC7A"]}]}},"_links":{"self":[{"href":"https:\/\/ptmsrl.com\/fr\/wp-json\/wp\/v2\/product\/25358","targetHints":{"allow":["GET"]}}],"collection":[{"href":"https:\/\/ptmsrl.com\/fr\/wp-json\/wp\/v2\/product"}],"about":[{"href":"https:\/\/ptmsrl.com\/fr\/wp-json\/wp\/v2\/types\/product"}],"wp:featuredmedia":[{"embeddable":true,"href":"https:\/\/ptmsrl.com\/fr\/wp-json\/wp\/v2\/media\/25365"}],"wp:attachment":[{"href":"https:\/\/ptmsrl.com\/fr\/wp-json\/wp\/v2\/media?parent=25358"}],"wp:term":[{"taxonomy":"product_brand","embeddable":true,"href":"https:\/\/ptmsrl.com\/fr\/wp-json\/wp\/v2\/product_brand?post=25358"},{"taxonomy":"product_cat","embeddable":true,"href":"https:\/\/ptmsrl.com\/fr\/wp-json\/wp\/v2\/product_cat?post=25358"},{"taxonomy":"product_tag","embeddable":true,"href":"https:\/\/ptmsrl.com\/fr\/wp-json\/wp\/v2\/product_tag?post=25358"}],"curies":[{"name":"wp","href":"https:\/\/api.w.org\/{rel}","templated":true}]}}