{"id":27353,"date":"2026-03-23T09:56:54","date_gmt":"2026-03-23T08:56:58","guid":{"rendered":"https:\/\/ptmsrl.com\/?post_type=product&#038;p=27353"},"modified":"2026-03-23T11:45:19","modified_gmt":"2026-03-23T10:45:19","slug":"advance-iso-feed","status":"publish","type":"product","link":"https:\/\/ptmsrl.com\/fr\/prodotto\/advance-iso-feed\/","title":{"rendered":"Advance ISO FEED"},"content":{"rendered":"<ul>\n<li>Graphique intuitive<\/li>\n<li>Clavier alphanum\u00e9rique facile \u00e0 utiliser<\/li>\n<li>Syst\u00e8me Multilink<\/li>\n<li>Protocole ISOBUS<\/li>\n<\/ul>\n","protected":false},"excerpt":{"rendered":"<h2>Bo\u00eetier \u00e9lectronique ISOBUS pour m\u00e9langeuses unifeed.<\/h2>\n<h3 align=\"justify\"><strong>Le bo\u00eetier ISO FEED est optimis\u00e9 pour la gestion des op\u00e9rations de chargement et de d\u00e9chargement des m\u00e9langeuses unifeed \u00e9quip\u00e9es du syst\u00e8me ISOBUS.<\/strong><\/h3>\n<p>Cette \u00e9lectronique permet de programmer et de g\u00e9rer jusqu\u2019\u00e0 144 rations, avec un maximum de 96 composants dont 28 par ration. Elle est \u00e9quip\u00e9e d\u2019un \u00e9cran graphique de 5,7 pouces et d\u2019un clavier simple d\u2019utilisation. Gr\u00e2ce \u00e0 un menu de navigation intuitif, la programmation et l\u2019ex\u00e9cution des rations deviennent des op\u00e9rations simples et imm\u00e9diates. Le bo\u00eetier peut \u00eatre interfac\u00e9 avec PTM Management.<br \/>\nGr\u00e2ce au syst\u00e8me de connexion des p\u00e9riph\u00e9riques \u00ab PTM Multilink \u00bb, il est possible de connecter simultan\u00e9ment diff\u00e9rents \u00e9quipements optionnels (ex. imprimante, AV45, AV75, AV85, cartes relais suppl\u00e9mentaires pour la gestion du topcut, m\u00e9langeur, etc.). Le bo\u00eetier est \u00e9quip\u00e9 de contacts dor\u00e9s, d\u2019un connecteur pour le raccordement des options, d\u2019un bo\u00eetier en aluminium, d\u2019une protection contre les inversions de polarit\u00e9 et les surintensit\u00e9s avec fusibles \u00e0 r\u00e9armement automatique.<\/p>\n","protected":false},"featured_media":27358,"template":"","meta":{"inline_featured_image":false},"product_brand":[],"product_cat":[217],"product_tag":[],"class_list":{"0":"post-27353","1":"product","2":"type-product","3":"status-publish","4":"has-post-thumbnail","6":"product_cat-serie-advance-fr","8":"first","9":"instock","10":"downloadable","11":"shipping-taxable","12":"product-type-simple"},"yoast_head":"<!-- This site is optimized with the Yoast SEO plugin v25.3 - https:\/\/yoast.com\/wordpress\/plugins\/seo\/ -->\n<title>PTM Srl | Advance ISO FEED<\/title>\n<meta name=\"robots\" content=\"index, follow, max-snippet:-1, max-image-preview:large, max-video-preview:-1\" \/>\n<link rel=\"canonical\" href=\"https:\/\/ptmsrl.com\/fr\/prodotto\/advance-iso-feed\/\" \/>\n<meta property=\"og:locale\" content=\"fr_FR\" \/>\n<meta property=\"og:type\" content=\"article\" \/>\n<meta property=\"og:title\" content=\"PTM Srl | Advance ISO FEED\" \/>\n<meta property=\"og:description\" content=\"Bo\u00eetier \u00e9lectronique ISOBUS pour m\u00e9langeuses unifeed. Le bo\u00eetier ISO FEED est optimis\u00e9 pour la gestion des op\u00e9rations de chargement et de d\u00e9chargement des m\u00e9langeuses unifeed \u00e9quip\u00e9es du syst\u00e8me ISOBUS. Cette \u00e9lectronique permet de programmer et de g\u00e9rer jusqu\u2019\u00e0 144 rations, avec un maximum de 96 composants dont 28 par ration. Elle est \u00e9quip\u00e9e d\u2019un \u00e9cran graphique de 5,7 pouces et d\u2019un clavier simple d\u2019utilisation. Gr\u00e2ce \u00e0 un menu de navigation intuitif, la programmation et l\u2019ex\u00e9cution des rations deviennent des op\u00e9rations simples et imm\u00e9diates. Le bo\u00eetier peut \u00eatre interfac\u00e9 avec PTM Management. Gr\u00e2ce au syst\u00e8me de connexion des p\u00e9riph\u00e9riques \u00ab PTM Multilink \u00bb, il est possible de connecter simultan\u00e9ment diff\u00e9rents \u00e9quipements optionnels (ex. imprimante, AV45, AV75, AV85, cartes relais suppl\u00e9mentaires pour la gestion du topcut, m\u00e9langeur, etc.). Le bo\u00eetier est \u00e9quip\u00e9 de contacts dor\u00e9s, d\u2019un connecteur pour le raccordement des options, d\u2019un bo\u00eetier en aluminium, d\u2019une protection contre les inversions de polarit\u00e9 et les surintensit\u00e9s avec fusibles \u00e0 r\u00e9armement automatique.\" \/>\n<meta property=\"og:url\" content=\"https:\/\/ptmsrl.com\/fr\/prodotto\/advance-iso-feed\/\" \/>\n<meta property=\"og:site_name\" content=\"PTM Srl\" \/>\n<meta property=\"article:publisher\" content=\"https:\/\/www.facebook.com\/believingintechnology\/\" \/>\n<meta property=\"article:modified_time\" content=\"2026-03-23T10:45:19+00:00\" \/>\n<meta property=\"og:image\" content=\"https:\/\/ptmsrl.com\/wp-content\/uploads\/2026\/03\/advance-iso-feed-ptm-srl-isobus.jpg\" \/>\n\t<meta property=\"og:image:width\" content=\"1024\" \/>\n\t<meta property=\"og:image:height\" content=\"1024\" \/>\n\t<meta property=\"og:image:type\" content=\"image\/jpeg\" \/>\n<meta name=\"twitter:card\" content=\"summary_large_image\" \/>\n<meta name=\"twitter:site\" content=\"@ptm\" \/>\n<meta name=\"twitter:label1\" content=\"Dur\u00e9e de lecture estim\u00e9e\" \/>\n\t<meta name=\"twitter:data1\" content=\"1 minute\" \/>\n<script type=\"application\/ld+json\" class=\"yoast-schema-graph\">{\"@context\":\"https:\/\/schema.org\",\"@graph\":[{\"@type\":\"WebPage\",\"@id\":\"https:\/\/ptmsrl.com\/fr\/prodotto\/advance-iso-feed\/\",\"url\":\"https:\/\/ptmsrl.com\/fr\/prodotto\/advance-iso-feed\/\",\"name\":\"PTM Srl | Advance ISO FEED\",\"isPartOf\":{\"@id\":\"https:\/\/ptmsrl.com\/#website\"},\"primaryImageOfPage\":{\"@id\":\"https:\/\/ptmsrl.com\/fr\/prodotto\/advance-iso-feed\/#primaryimage\"},\"image\":{\"@id\":\"https:\/\/ptmsrl.com\/fr\/prodotto\/advance-iso-feed\/#primaryimage\"},\"thumbnailUrl\":\"https:\/\/ptmsrl.com\/wp-content\/uploads\/2026\/03\/advance-iso-feed-ptm-srl-isobus.jpg\",\"datePublished\":\"2026-03-23T08:56:58+00:00\",\"dateModified\":\"2026-03-23T10:45:19+00:00\",\"breadcrumb\":{\"@id\":\"https:\/\/ptmsrl.com\/fr\/prodotto\/advance-iso-feed\/#breadcrumb\"},\"inLanguage\":\"fr-FR\",\"potentialAction\":[{\"@type\":\"ReadAction\",\"target\":[\"https:\/\/ptmsrl.com\/fr\/prodotto\/advance-iso-feed\/\"]}]},{\"@type\":\"ImageObject\",\"inLanguage\":\"fr-FR\",\"@id\":\"https:\/\/ptmsrl.com\/fr\/prodotto\/advance-iso-feed\/#primaryimage\",\"url\":\"https:\/\/ptmsrl.com\/wp-content\/uploads\/2026\/03\/advance-iso-feed-ptm-srl-isobus.jpg\",\"contentUrl\":\"https:\/\/ptmsrl.com\/wp-content\/uploads\/2026\/03\/advance-iso-feed-ptm-srl-isobus.jpg\",\"width\":1024,\"height\":1024},{\"@type\":\"BreadcrumbList\",\"@id\":\"https:\/\/ptmsrl.com\/fr\/prodotto\/advance-iso-feed\/#breadcrumb\",\"itemListElement\":[{\"@type\":\"ListItem\",\"position\":1,\"name\":\"Home\",\"item\":\"https:\/\/ptmsrl.com\/fr\/\"},{\"@type\":\"ListItem\",\"position\":2,\"name\":\"Shop\",\"item\":\"https:\/\/ptmsrl.com\/shop\/\"},{\"@type\":\"ListItem\",\"position\":3,\"name\":\"Advance ISO FEED\"}]},{\"@type\":\"WebSite\",\"@id\":\"https:\/\/ptmsrl.com\/#website\",\"url\":\"https:\/\/ptmsrl.com\/\",\"name\":\"PTM Srl\",\"description\":\"\u041c\u042b \u041f\u0420\u041e\u0418\u0417\u0412\u041e\u0414\u0418\u041c \u041a\u0410\u0427\u0415\u0421\u0422\u0412\u041e, \u041a\u041e\u0422\u041e\u0420\u041e\u0415 \u0418\u041c\u0415\u0415\u0422 \u041e\u0421\u041e\u0411\u042b\u0419 \u0412\u0415\u0421\",\"publisher\":{\"@id\":\"https:\/\/ptmsrl.com\/#organization\"},\"potentialAction\":[{\"@type\":\"SearchAction\",\"target\":{\"@type\":\"EntryPoint\",\"urlTemplate\":\"https:\/\/ptmsrl.com\/?s={search_term_string}\"},\"query-input\":{\"@type\":\"PropertyValueSpecification\",\"valueRequired\":true,\"valueName\":\"search_term_string\"}}],\"inLanguage\":\"fr-FR\"},{\"@type\":\"Organization\",\"@id\":\"https:\/\/ptmsrl.com\/#organization\",\"name\":\"PTM srl\",\"url\":\"https:\/\/ptmsrl.com\/\",\"logo\":{\"@type\":\"ImageObject\",\"inLanguage\":\"fr-FR\",\"@id\":\"https:\/\/ptmsrl.com\/#\/schema\/logo\/image\/\",\"url\":\"https:\/\/ptmsrl.com\/wp-content\/uploads\/2018\/10\/LOGO-PTM.png\",\"contentUrl\":\"https:\/\/ptmsrl.com\/wp-content\/uploads\/2018\/10\/LOGO-PTM.png\",\"width\":1000,\"height\":500,\"caption\":\"PTM srl\"},\"image\":{\"@id\":\"https:\/\/ptmsrl.com\/#\/schema\/logo\/image\/\"},\"sameAs\":[\"https:\/\/www.facebook.com\/believingintechnology\/\",\"https:\/\/x.com\/ptm\",\"https:\/\/www.linkedin.com\/company\/ptm-s-r-l\/\",\"https:\/\/www.youtube.com\/channel\/UCPSOS0MaR-4jDkAD3HkAC7A\"]}]}<\/script>\n<!-- \/ Yoast SEO plugin. -->","yoast_head_json":{"title":"PTM Srl | Advance ISO FEED","robots":{"index":"index","follow":"follow","max-snippet":"max-snippet:-1","max-image-preview":"max-image-preview:large","max-video-preview":"max-video-preview:-1"},"canonical":"https:\/\/ptmsrl.com\/fr\/prodotto\/advance-iso-feed\/","og_locale":"fr_FR","og_type":"article","og_title":"PTM Srl | Advance ISO FEED","og_description":"Bo\u00eetier \u00e9lectronique ISOBUS pour m\u00e9langeuses unifeed. Le bo\u00eetier ISO FEED est optimis\u00e9 pour la gestion des op\u00e9rations de chargement et de d\u00e9chargement des m\u00e9langeuses unifeed \u00e9quip\u00e9es du syst\u00e8me ISOBUS. Cette \u00e9lectronique permet de programmer et de g\u00e9rer jusqu\u2019\u00e0 144 rations, avec un maximum de 96 composants dont 28 par ration. Elle est \u00e9quip\u00e9e d\u2019un \u00e9cran graphique de 5,7 pouces et d\u2019un clavier simple d\u2019utilisation. Gr\u00e2ce \u00e0 un menu de navigation intuitif, la programmation et l\u2019ex\u00e9cution des rations deviennent des op\u00e9rations simples et imm\u00e9diates. Le bo\u00eetier peut \u00eatre interfac\u00e9 avec PTM Management. Gr\u00e2ce au syst\u00e8me de connexion des p\u00e9riph\u00e9riques \u00ab PTM Multilink \u00bb, il est possible de connecter simultan\u00e9ment diff\u00e9rents \u00e9quipements optionnels (ex. imprimante, AV45, AV75, AV85, cartes relais suppl\u00e9mentaires pour la gestion du topcut, m\u00e9langeur, etc.). Le bo\u00eetier est \u00e9quip\u00e9 de contacts dor\u00e9s, d\u2019un connecteur pour le raccordement des options, d\u2019un bo\u00eetier en aluminium, d\u2019une protection contre les inversions de polarit\u00e9 et les surintensit\u00e9s avec fusibles \u00e0 r\u00e9armement automatique.","og_url":"https:\/\/ptmsrl.com\/fr\/prodotto\/advance-iso-feed\/","og_site_name":"PTM Srl","article_publisher":"https:\/\/www.facebook.com\/believingintechnology\/","article_modified_time":"2026-03-23T10:45:19+00:00","og_image":[{"width":1024,"height":1024,"url":"https:\/\/ptmsrl.com\/wp-content\/uploads\/2026\/03\/advance-iso-feed-ptm-srl-isobus.jpg","type":"image\/jpeg"}],"twitter_card":"summary_large_image","twitter_site":"@ptm","twitter_misc":{"Dur\u00e9e de lecture estim\u00e9e":"1 minute"},"schema":{"@context":"https:\/\/schema.org","@graph":[{"@type":"WebPage","@id":"https:\/\/ptmsrl.com\/fr\/prodotto\/advance-iso-feed\/","url":"https:\/\/ptmsrl.com\/fr\/prodotto\/advance-iso-feed\/","name":"PTM Srl | Advance ISO FEED","isPartOf":{"@id":"https:\/\/ptmsrl.com\/#website"},"primaryImageOfPage":{"@id":"https:\/\/ptmsrl.com\/fr\/prodotto\/advance-iso-feed\/#primaryimage"},"image":{"@id":"https:\/\/ptmsrl.com\/fr\/prodotto\/advance-iso-feed\/#primaryimage"},"thumbnailUrl":"https:\/\/ptmsrl.com\/wp-content\/uploads\/2026\/03\/advance-iso-feed-ptm-srl-isobus.jpg","datePublished":"2026-03-23T08:56:58+00:00","dateModified":"2026-03-23T10:45:19+00:00","breadcrumb":{"@id":"https:\/\/ptmsrl.com\/fr\/prodotto\/advance-iso-feed\/#breadcrumb"},"inLanguage":"fr-FR","potentialAction":[{"@type":"ReadAction","target":["https:\/\/ptmsrl.com\/fr\/prodotto\/advance-iso-feed\/"]}]},{"@type":"ImageObject","inLanguage":"fr-FR","@id":"https:\/\/ptmsrl.com\/fr\/prodotto\/advance-iso-feed\/#primaryimage","url":"https:\/\/ptmsrl.com\/wp-content\/uploads\/2026\/03\/advance-iso-feed-ptm-srl-isobus.jpg","contentUrl":"https:\/\/ptmsrl.com\/wp-content\/uploads\/2026\/03\/advance-iso-feed-ptm-srl-isobus.jpg","width":1024,"height":1024},{"@type":"BreadcrumbList","@id":"https:\/\/ptmsrl.com\/fr\/prodotto\/advance-iso-feed\/#breadcrumb","itemListElement":[{"@type":"ListItem","position":1,"name":"Home","item":"https:\/\/ptmsrl.com\/fr\/"},{"@type":"ListItem","position":2,"name":"Shop","item":"https:\/\/ptmsrl.com\/shop\/"},{"@type":"ListItem","position":3,"name":"Advance ISO FEED"}]},{"@type":"WebSite","@id":"https:\/\/ptmsrl.com\/#website","url":"https:\/\/ptmsrl.com\/","name":"PTM Srl","description":"\u041c\u042b \u041f\u0420\u041e\u0418\u0417\u0412\u041e\u0414\u0418\u041c \u041a\u0410\u0427\u0415\u0421\u0422\u0412\u041e, \u041a\u041e\u0422\u041e\u0420\u041e\u0415 \u0418\u041c\u0415\u0415\u0422 \u041e\u0421\u041e\u0411\u042b\u0419 \u0412\u0415\u0421","publisher":{"@id":"https:\/\/ptmsrl.com\/#organization"},"potentialAction":[{"@type":"SearchAction","target":{"@type":"EntryPoint","urlTemplate":"https:\/\/ptmsrl.com\/?s={search_term_string}"},"query-input":{"@type":"PropertyValueSpecification","valueRequired":true,"valueName":"search_term_string"}}],"inLanguage":"fr-FR"},{"@type":"Organization","@id":"https:\/\/ptmsrl.com\/#organization","name":"PTM srl","url":"https:\/\/ptmsrl.com\/","logo":{"@type":"ImageObject","inLanguage":"fr-FR","@id":"https:\/\/ptmsrl.com\/#\/schema\/logo\/image\/","url":"https:\/\/ptmsrl.com\/wp-content\/uploads\/2018\/10\/LOGO-PTM.png","contentUrl":"https:\/\/ptmsrl.com\/wp-content\/uploads\/2018\/10\/LOGO-PTM.png","width":1000,"height":500,"caption":"PTM srl"},"image":{"@id":"https:\/\/ptmsrl.com\/#\/schema\/logo\/image\/"},"sameAs":["https:\/\/www.facebook.com\/believingintechnology\/","https:\/\/x.com\/ptm","https:\/\/www.linkedin.com\/company\/ptm-s-r-l\/","https:\/\/www.youtube.com\/channel\/UCPSOS0MaR-4jDkAD3HkAC7A"]}]}},"_links":{"self":[{"href":"https:\/\/ptmsrl.com\/fr\/wp-json\/wp\/v2\/product\/27353","targetHints":{"allow":["GET"]}}],"collection":[{"href":"https:\/\/ptmsrl.com\/fr\/wp-json\/wp\/v2\/product"}],"about":[{"href":"https:\/\/ptmsrl.com\/fr\/wp-json\/wp\/v2\/types\/product"}],"wp:featuredmedia":[{"embeddable":true,"href":"https:\/\/ptmsrl.com\/fr\/wp-json\/wp\/v2\/media\/27358"}],"wp:attachment":[{"href":"https:\/\/ptmsrl.com\/fr\/wp-json\/wp\/v2\/media?parent=27353"}],"wp:term":[{"taxonomy":"product_brand","embeddable":true,"href":"https:\/\/ptmsrl.com\/fr\/wp-json\/wp\/v2\/product_brand?post=27353"},{"taxonomy":"product_cat","embeddable":true,"href":"https:\/\/ptmsrl.com\/fr\/wp-json\/wp\/v2\/product_cat?post=27353"},{"taxonomy":"product_tag","embeddable":true,"href":"https:\/\/ptmsrl.com\/fr\/wp-json\/wp\/v2\/product_tag?post=27353"}],"curies":[{"name":"wp","href":"https:\/\/api.w.org\/{rel}","templated":true}]}}