{"id":4386,"date":"2018-09-05T15:10:54","date_gmt":"2018-09-05T13:10:54","guid":{"rendered":"https:\/\/ptmsrl.com\/prodotto\/advance-l200-l200-usb\/"},"modified":"2020-10-02T16:38:39","modified_gmt":"2020-10-02T14:38:39","slug":"advance-l200-l200-usb","status":"publish","type":"product","link":"https:\/\/ptmsrl.com\/fr\/prodotto\/advance-l200-l200-usb\/","title":{"rendered":"Advance L200 &#8211; L200 USB"},"content":{"rendered":"<ul>\n<li>Visualisation parfaite aussi avec peu de lumi\u00e8re ou lumi\u00e8re intense<\/li>\n<li>Graphique intuitive<\/li>\n<li>Interface avec menu en style windows<\/li>\n<li>Clavier alphanum\u00e9rique d&rsquo;utilisation simple<\/li>\n<li>Polyvalent et personnalisable<\/li>\n<li>Syst\u00e8me multilink<\/li>\n<\/ul>\n","protected":false},"excerpt":{"rendered":"<h3 align=\"justify\"><strong>Les bo\u00eetiers de la s\u00e9rie ADVANCE de cette ligne sont sp\u00e9cifiques pour g\u00e9rer les op\u00e9rations de chargement et d\u00e9chargement de r\u00e9servoirs pour lait, citernes, cuves, silos et pesage statique et dynamique (essieux).<\/strong><\/h3>\n<p align=\"justify\">Elles sont equip\u00e9es avec un grand \u00e9cran graphique <strong>5,7 pouces<\/strong>, et avec un clavier tr\u00e8s simple \u00e0 utiliser.<br \/>\nPar moyen d&rsquo;un <strong>menu d&rsquo;exploration intuitif<\/strong>, l&rsquo;utilisation est simple et imm\u00e9diate.<br \/>\nGrace au syst\u00e8me de connexion \u201c<strong>PTM Multilink<\/strong>\u201d, on peut connecter dans le <strong>m\u00eame moment diff\u00e9rents accessoires<\/strong> (par exemple: imprimante, \u00e9cran r\u00e9p\u00e9titeur, commande radio, relais additionnels pour g\u00e9rer moteurs, cochl\u00e9es, etc. etc.).<br \/>\nTous les boitiers de la s\u00e9rie Advance disposent de contacts dor\u00e9s, connecteur pour brancher les optionnels, boite en aluminium, protection contre les inversions d&rsquo;alimentation et les surcharges \u00e9lectriques par moyen des fusibles autor\u00e9tablissant.<\/p>\n","protected":false},"featured_media":4383,"template":"","meta":{"inline_featured_image":false},"product_brand":[],"product_cat":[217],"product_tag":[],"class_list":{"0":"post-4386","1":"product","2":"type-product","3":"status-publish","4":"has-post-thumbnail","6":"product_cat-serie-advance-fr","8":"first","9":"instock","10":"downloadable","11":"shipping-taxable","12":"product-type-simple"},"yoast_head":"<!-- This site is optimized with the Yoast SEO plugin v25.3 - https:\/\/yoast.com\/wordpress\/plugins\/seo\/ -->\n<title>PTM Srl | Advance L200 - L200 USB<\/title>\n<meta name=\"robots\" content=\"index, follow, max-snippet:-1, max-image-preview:large, max-video-preview:-1\" \/>\n<link rel=\"canonical\" href=\"https:\/\/ptmsrl.com\/fr\/prodotto\/advance-l200-l200-usb\/\" \/>\n<meta property=\"og:locale\" content=\"fr_FR\" \/>\n<meta property=\"og:type\" content=\"article\" \/>\n<meta property=\"og:title\" content=\"PTM Srl | Advance L200 - L200 USB\" \/>\n<meta property=\"og:description\" content=\"Les bo\u00eetiers de la s\u00e9rie ADVANCE de cette ligne sont sp\u00e9cifiques pour g\u00e9rer les op\u00e9rations de chargement et d\u00e9chargement de r\u00e9servoirs pour lait, citernes, cuves, silos et pesage statique et dynamique (essieux). Elles sont equip\u00e9es avec un grand \u00e9cran graphique 5,7 pouces, et avec un clavier tr\u00e8s simple \u00e0 utiliser. Par moyen d&#039;un menu d&#039;exploration intuitif, l&#039;utilisation est simple et imm\u00e9diate. Grace au syst\u00e8me de connexion \u201cPTM Multilink\u201d, on peut connecter dans le m\u00eame moment diff\u00e9rents accessoires (par exemple: imprimante, \u00e9cran r\u00e9p\u00e9titeur, commande radio, relais additionnels pour g\u00e9rer moteurs, cochl\u00e9es, etc. etc.). Tous les boitiers de la s\u00e9rie Advance disposent de contacts dor\u00e9s, connecteur pour brancher les optionnels, boite en aluminium, protection contre les inversions d&#039;alimentation et les surcharges \u00e9lectriques par moyen des fusibles autor\u00e9tablissant.\" \/>\n<meta property=\"og:url\" content=\"https:\/\/ptmsrl.com\/fr\/prodotto\/advance-l200-l200-usb\/\" \/>\n<meta property=\"og:site_name\" content=\"PTM Srl\" \/>\n<meta property=\"article:publisher\" content=\"https:\/\/www.facebook.com\/believingintechnology\/\" \/>\n<meta property=\"article:modified_time\" content=\"2020-10-02T14:38:39+00:00\" \/>\n<meta property=\"og:image\" content=\"https:\/\/ptmsrl.com\/wp-content\/uploads\/2018\/09\/ADVANCE-L200-USB-FGCEADL20011.jpg\" \/>\n\t<meta property=\"og:image:width\" content=\"1024\" \/>\n\t<meta property=\"og:image:height\" content=\"1024\" \/>\n\t<meta property=\"og:image:type\" content=\"image\/jpeg\" \/>\n<meta name=\"twitter:card\" content=\"summary_large_image\" \/>\n<meta name=\"twitter:site\" content=\"@ptm\" \/>\n<script type=\"application\/ld+json\" class=\"yoast-schema-graph\">{\"@context\":\"https:\/\/schema.org\",\"@graph\":[{\"@type\":\"WebPage\",\"@id\":\"https:\/\/ptmsrl.com\/fr\/prodotto\/advance-l200-l200-usb\/\",\"url\":\"https:\/\/ptmsrl.com\/fr\/prodotto\/advance-l200-l200-usb\/\",\"name\":\"PTM Srl | Advance L200 - L200 USB\",\"isPartOf\":{\"@id\":\"https:\/\/ptmsrl.com\/#website\"},\"primaryImageOfPage\":{\"@id\":\"https:\/\/ptmsrl.com\/fr\/prodotto\/advance-l200-l200-usb\/#primaryimage\"},\"image\":{\"@id\":\"https:\/\/ptmsrl.com\/fr\/prodotto\/advance-l200-l200-usb\/#primaryimage\"},\"thumbnailUrl\":\"https:\/\/ptmsrl.com\/wp-content\/uploads\/2018\/09\/ADVANCE-L200-USB-FGCEADL20011.jpg\",\"datePublished\":\"2018-09-05T13:10:54+00:00\",\"dateModified\":\"2020-10-02T14:38:39+00:00\",\"breadcrumb\":{\"@id\":\"https:\/\/ptmsrl.com\/fr\/prodotto\/advance-l200-l200-usb\/#breadcrumb\"},\"inLanguage\":\"fr-FR\",\"potentialAction\":[{\"@type\":\"ReadAction\",\"target\":[\"https:\/\/ptmsrl.com\/fr\/prodotto\/advance-l200-l200-usb\/\"]}]},{\"@type\":\"ImageObject\",\"inLanguage\":\"fr-FR\",\"@id\":\"https:\/\/ptmsrl.com\/fr\/prodotto\/advance-l200-l200-usb\/#primaryimage\",\"url\":\"https:\/\/ptmsrl.com\/wp-content\/uploads\/2018\/09\/ADVANCE-L200-USB-FGCEADL20011.jpg\",\"contentUrl\":\"https:\/\/ptmsrl.com\/wp-content\/uploads\/2018\/09\/ADVANCE-L200-USB-FGCEADL20011.jpg\",\"width\":1024,\"height\":1024,\"caption\":\"advance-l200-usb-fgceadl20011\"},{\"@type\":\"BreadcrumbList\",\"@id\":\"https:\/\/ptmsrl.com\/fr\/prodotto\/advance-l200-l200-usb\/#breadcrumb\",\"itemListElement\":[{\"@type\":\"ListItem\",\"position\":1,\"name\":\"Home\",\"item\":\"https:\/\/ptmsrl.com\/fr\/\"},{\"@type\":\"ListItem\",\"position\":2,\"name\":\"Shop\",\"item\":\"https:\/\/ptmsrl.com\/shop\/\"},{\"@type\":\"ListItem\",\"position\":3,\"name\":\"Advance L200 &#8211; L200 USB\"}]},{\"@type\":\"WebSite\",\"@id\":\"https:\/\/ptmsrl.com\/#website\",\"url\":\"https:\/\/ptmsrl.com\/\",\"name\":\"PTM Srl\",\"description\":\"\u041c\u042b \u041f\u0420\u041e\u0418\u0417\u0412\u041e\u0414\u0418\u041c \u041a\u0410\u0427\u0415\u0421\u0422\u0412\u041e, \u041a\u041e\u0422\u041e\u0420\u041e\u0415 \u0418\u041c\u0415\u0415\u0422 \u041e\u0421\u041e\u0411\u042b\u0419 \u0412\u0415\u0421\",\"publisher\":{\"@id\":\"https:\/\/ptmsrl.com\/#organization\"},\"potentialAction\":[{\"@type\":\"SearchAction\",\"target\":{\"@type\":\"EntryPoint\",\"urlTemplate\":\"https:\/\/ptmsrl.com\/?s={search_term_string}\"},\"query-input\":{\"@type\":\"PropertyValueSpecification\",\"valueRequired\":true,\"valueName\":\"search_term_string\"}}],\"inLanguage\":\"fr-FR\"},{\"@type\":\"Organization\",\"@id\":\"https:\/\/ptmsrl.com\/#organization\",\"name\":\"PTM srl\",\"url\":\"https:\/\/ptmsrl.com\/\",\"logo\":{\"@type\":\"ImageObject\",\"inLanguage\":\"fr-FR\",\"@id\":\"https:\/\/ptmsrl.com\/#\/schema\/logo\/image\/\",\"url\":\"https:\/\/ptmsrl.com\/wp-content\/uploads\/2018\/10\/LOGO-PTM.png\",\"contentUrl\":\"https:\/\/ptmsrl.com\/wp-content\/uploads\/2018\/10\/LOGO-PTM.png\",\"width\":1000,\"height\":500,\"caption\":\"PTM srl\"},\"image\":{\"@id\":\"https:\/\/ptmsrl.com\/#\/schema\/logo\/image\/\"},\"sameAs\":[\"https:\/\/www.facebook.com\/believingintechnology\/\",\"https:\/\/x.com\/ptm\",\"https:\/\/www.linkedin.com\/company\/ptm-s-r-l\/\",\"https:\/\/www.youtube.com\/channel\/UCPSOS0MaR-4jDkAD3HkAC7A\"]}]}<\/script>\n<!-- \/ Yoast SEO plugin. -->","yoast_head_json":{"title":"PTM Srl | Advance L200 - L200 USB","robots":{"index":"index","follow":"follow","max-snippet":"max-snippet:-1","max-image-preview":"max-image-preview:large","max-video-preview":"max-video-preview:-1"},"canonical":"https:\/\/ptmsrl.com\/fr\/prodotto\/advance-l200-l200-usb\/","og_locale":"fr_FR","og_type":"article","og_title":"PTM Srl | Advance L200 - L200 USB","og_description":"Les bo\u00eetiers de la s\u00e9rie ADVANCE de cette ligne sont sp\u00e9cifiques pour g\u00e9rer les op\u00e9rations de chargement et d\u00e9chargement de r\u00e9servoirs pour lait, citernes, cuves, silos et pesage statique et dynamique (essieux). Elles sont equip\u00e9es avec un grand \u00e9cran graphique 5,7 pouces, et avec un clavier tr\u00e8s simple \u00e0 utiliser. Par moyen d'un menu d'exploration intuitif, l'utilisation est simple et imm\u00e9diate. Grace au syst\u00e8me de connexion \u201cPTM Multilink\u201d, on peut connecter dans le m\u00eame moment diff\u00e9rents accessoires (par exemple: imprimante, \u00e9cran r\u00e9p\u00e9titeur, commande radio, relais additionnels pour g\u00e9rer moteurs, cochl\u00e9es, etc. etc.). Tous les boitiers de la s\u00e9rie Advance disposent de contacts dor\u00e9s, connecteur pour brancher les optionnels, boite en aluminium, protection contre les inversions d'alimentation et les surcharges \u00e9lectriques par moyen des fusibles autor\u00e9tablissant.","og_url":"https:\/\/ptmsrl.com\/fr\/prodotto\/advance-l200-l200-usb\/","og_site_name":"PTM Srl","article_publisher":"https:\/\/www.facebook.com\/believingintechnology\/","article_modified_time":"2020-10-02T14:38:39+00:00","og_image":[{"width":1024,"height":1024,"url":"https:\/\/ptmsrl.com\/wp-content\/uploads\/2018\/09\/ADVANCE-L200-USB-FGCEADL20011.jpg","type":"image\/jpeg"}],"twitter_card":"summary_large_image","twitter_site":"@ptm","schema":{"@context":"https:\/\/schema.org","@graph":[{"@type":"WebPage","@id":"https:\/\/ptmsrl.com\/fr\/prodotto\/advance-l200-l200-usb\/","url":"https:\/\/ptmsrl.com\/fr\/prodotto\/advance-l200-l200-usb\/","name":"PTM Srl | Advance L200 - L200 USB","isPartOf":{"@id":"https:\/\/ptmsrl.com\/#website"},"primaryImageOfPage":{"@id":"https:\/\/ptmsrl.com\/fr\/prodotto\/advance-l200-l200-usb\/#primaryimage"},"image":{"@id":"https:\/\/ptmsrl.com\/fr\/prodotto\/advance-l200-l200-usb\/#primaryimage"},"thumbnailUrl":"https:\/\/ptmsrl.com\/wp-content\/uploads\/2018\/09\/ADVANCE-L200-USB-FGCEADL20011.jpg","datePublished":"2018-09-05T13:10:54+00:00","dateModified":"2020-10-02T14:38:39+00:00","breadcrumb":{"@id":"https:\/\/ptmsrl.com\/fr\/prodotto\/advance-l200-l200-usb\/#breadcrumb"},"inLanguage":"fr-FR","potentialAction":[{"@type":"ReadAction","target":["https:\/\/ptmsrl.com\/fr\/prodotto\/advance-l200-l200-usb\/"]}]},{"@type":"ImageObject","inLanguage":"fr-FR","@id":"https:\/\/ptmsrl.com\/fr\/prodotto\/advance-l200-l200-usb\/#primaryimage","url":"https:\/\/ptmsrl.com\/wp-content\/uploads\/2018\/09\/ADVANCE-L200-USB-FGCEADL20011.jpg","contentUrl":"https:\/\/ptmsrl.com\/wp-content\/uploads\/2018\/09\/ADVANCE-L200-USB-FGCEADL20011.jpg","width":1024,"height":1024,"caption":"advance-l200-usb-fgceadl20011"},{"@type":"BreadcrumbList","@id":"https:\/\/ptmsrl.com\/fr\/prodotto\/advance-l200-l200-usb\/#breadcrumb","itemListElement":[{"@type":"ListItem","position":1,"name":"Home","item":"https:\/\/ptmsrl.com\/fr\/"},{"@type":"ListItem","position":2,"name":"Shop","item":"https:\/\/ptmsrl.com\/shop\/"},{"@type":"ListItem","position":3,"name":"Advance L200 &#8211; L200 USB"}]},{"@type":"WebSite","@id":"https:\/\/ptmsrl.com\/#website","url":"https:\/\/ptmsrl.com\/","name":"PTM Srl","description":"\u041c\u042b \u041f\u0420\u041e\u0418\u0417\u0412\u041e\u0414\u0418\u041c \u041a\u0410\u0427\u0415\u0421\u0422\u0412\u041e, \u041a\u041e\u0422\u041e\u0420\u041e\u0415 \u0418\u041c\u0415\u0415\u0422 \u041e\u0421\u041e\u0411\u042b\u0419 \u0412\u0415\u0421","publisher":{"@id":"https:\/\/ptmsrl.com\/#organization"},"potentialAction":[{"@type":"SearchAction","target":{"@type":"EntryPoint","urlTemplate":"https:\/\/ptmsrl.com\/?s={search_term_string}"},"query-input":{"@type":"PropertyValueSpecification","valueRequired":true,"valueName":"search_term_string"}}],"inLanguage":"fr-FR"},{"@type":"Organization","@id":"https:\/\/ptmsrl.com\/#organization","name":"PTM srl","url":"https:\/\/ptmsrl.com\/","logo":{"@type":"ImageObject","inLanguage":"fr-FR","@id":"https:\/\/ptmsrl.com\/#\/schema\/logo\/image\/","url":"https:\/\/ptmsrl.com\/wp-content\/uploads\/2018\/10\/LOGO-PTM.png","contentUrl":"https:\/\/ptmsrl.com\/wp-content\/uploads\/2018\/10\/LOGO-PTM.png","width":1000,"height":500,"caption":"PTM srl"},"image":{"@id":"https:\/\/ptmsrl.com\/#\/schema\/logo\/image\/"},"sameAs":["https:\/\/www.facebook.com\/believingintechnology\/","https:\/\/x.com\/ptm","https:\/\/www.linkedin.com\/company\/ptm-s-r-l\/","https:\/\/www.youtube.com\/channel\/UCPSOS0MaR-4jDkAD3HkAC7A"]}]}},"_links":{"self":[{"href":"https:\/\/ptmsrl.com\/fr\/wp-json\/wp\/v2\/product\/4386","targetHints":{"allow":["GET"]}}],"collection":[{"href":"https:\/\/ptmsrl.com\/fr\/wp-json\/wp\/v2\/product"}],"about":[{"href":"https:\/\/ptmsrl.com\/fr\/wp-json\/wp\/v2\/types\/product"}],"wp:featuredmedia":[{"embeddable":true,"href":"https:\/\/ptmsrl.com\/fr\/wp-json\/wp\/v2\/media\/4383"}],"wp:attachment":[{"href":"https:\/\/ptmsrl.com\/fr\/wp-json\/wp\/v2\/media?parent=4386"}],"wp:term":[{"taxonomy":"product_brand","embeddable":true,"href":"https:\/\/ptmsrl.com\/fr\/wp-json\/wp\/v2\/product_brand?post=4386"},{"taxonomy":"product_cat","embeddable":true,"href":"https:\/\/ptmsrl.com\/fr\/wp-json\/wp\/v2\/product_cat?post=4386"},{"taxonomy":"product_tag","embeddable":true,"href":"https:\/\/ptmsrl.com\/fr\/wp-json\/wp\/v2\/product_tag?post=4386"}],"curies":[{"name":"wp","href":"https:\/\/api.w.org\/{rel}","templated":true}]}}