{"id":4464,"date":"2018-09-05T17:14:46","date_gmt":"2018-09-05T15:14:46","guid":{"rendered":"https:\/\/ptmsrl.com\/prodotto\/advance-bio-usb-bio-usb-twin\/"},"modified":"2019-07-17T09:33:31","modified_gmt":"2019-07-17T07:33:31","slug":"advance-bio-usb-bio-usb-twin","status":"publish","type":"product","link":"https:\/\/ptmsrl.com\/fr\/prodotto\/advance-bio-usb-bio-usb-twin\/","title":{"rendered":"Advance Bio USB &#8211; Bio USB Twin"},"content":{"rendered":"","protected":false},"excerpt":{"rendered":"<ul>\n<li>Bo\u00eetier de pesage \u00e0 utiliser en syst\u00e8mes Bio Gaz et industriels, qui transforme le poids visualis\u00e9 en sortie 4-20mA.<\/li>\n<li>On peut connecter un module optionnel qui permet la sortie du poids par le PROFIBUS.<\/li>\n<li>Par un module additionnel Multilink on peut g\u00e9rer tous les fonctions d\u2019entr\u00e9e et sortie disponibles.<\/li>\n<li>Par le syst\u00e8me Multilink on peut visualiser les valeurs de poids \u00e0 distance, en connectant des afficheurs r\u00e9p\u00e9titeurs par c\u00e2ble ou RF.<\/li>\n<li>Possibilit\u00e9 d\u2019effectuer de 1 \u00e0 3 d\u00e9chargements automatis\u00e9s \u00e0 travers Entr\u00e9es et Sorties par la platine DRIVE 7.6.<\/li>\n<li>La version TWIN a deux entr\u00e9es s\u00e9par\u00e9es qui d\u00e9tectent le poids de deux groupes de capteurs, les deux poids d\u00e9tect\u00e9s sont donc additionn\u00e9s en un poids total unique visualis\u00e9. Dans ce cas les deux poids seront convertis en deux sorties s\u00e9par\u00e9es 4-20mA et\/ou PROFIBUS.<\/li>\n<li>Possibilit\u00e9 de m\u00e9moriser 40 noms composants.<\/li>\n<li>Modalit\u00e9 Chargement Recettes &gt; possibilit\u00e9 de m\u00e9moriser jusqu\u2019\u00e0 80 recettes chacune compos\u00e9e par 20 composants. On peut effectuer les chargements programm\u00e9s des recettes diff\u00e9rentes, en voyant en plus sur l\u2019\u00e9cran du bo\u00eetier la quantit\u00e9 par jour d\u00e9j\u00e0 charg\u00e9e.<\/li>\n<li>Modalit\u00e9 Chargement Manuel &gt; possibilit\u00e9 de programmer une liste max. de 20 composants et en suite les charger librement en les choisissant de la liste. Le chargement est libre de contrainte de poids quelconque, donc il est possible de charger une quantit\u00e9 d\u00e9sir\u00e9e du composant; il sera possible en plus de contr\u00f4ler sur l\u2019\u00e9cran du bo\u00eetier la quantit\u00e9 journali\u00e8re d\u00e9j\u00e0 charg\u00e9e.<\/li>\n<li>Possibilit\u00e9 de connecter le bo\u00eetier par la cl\u00e9 USB avec le logiciel de gestion BioMix.<\/li>\n<li>Possibilit\u00e9 d\u2019effectuer des impressions digitales en format CSV des consommations composants, consommations journali\u00e8res et des op\u00e9rations de chargement.<\/li>\n<li>Possibilit\u00e9 de contr\u00f4ler la quantit\u00e9 journali\u00e8re charg\u00e9e dans les composants pour un maximum de 30 jours.<\/li>\n<li>Possibilit\u00e9 de g\u00e9rer un entrep\u00f4t, en contr\u00f4lant \u00e0 son int\u00e9rieur la quantit\u00e9 consomm\u00e9e et disponible pour chaque composant.<\/li>\n<\/ul>\n","protected":false},"featured_media":4465,"template":"","meta":{"inline_featured_image":false},"product_brand":[],"product_cat":[218],"product_tag":[],"class_list":{"0":"post-4464","1":"product","2":"type-product","3":"status-publish","4":"has-post-thumbnail","6":"product_cat-serie-advance-bio-fr","8":"first","9":"instock","10":"downloadable","11":"shipping-taxable","12":"product-type-simple"},"yoast_head":"<!-- This site is optimized with the Yoast SEO plugin v25.3 - https:\/\/yoast.com\/wordpress\/plugins\/seo\/ -->\n<title>PTM Srl | Advance Bio USB - Bio USB Twin<\/title>\n<meta name=\"robots\" content=\"index, follow, max-snippet:-1, max-image-preview:large, max-video-preview:-1\" \/>\n<link rel=\"canonical\" href=\"https:\/\/ptmsrl.com\/fr\/prodotto\/advance-bio-usb-bio-usb-twin\/\" \/>\n<meta property=\"og:locale\" content=\"fr_FR\" \/>\n<meta property=\"og:type\" content=\"article\" \/>\n<meta property=\"og:title\" content=\"PTM Srl | Advance Bio USB - Bio USB Twin\" \/>\n<meta property=\"og:description\" content=\"Bo\u00eetier de pesage \u00e0 utiliser en syst\u00e8mes Bio Gaz et industriels, qui transforme le poids visualis\u00e9 en sortie 4-20mA.  On peut connecter un module optionnel qui permet la sortie du poids par le PROFIBUS.  Par un module additionnel Multilink on peut g\u00e9rer tous les fonctions d\u2019entr\u00e9e et sortie disponibles.  Par le syst\u00e8me Multilink on peut visualiser les valeurs de poids \u00e0 distance, en connectant des afficheurs r\u00e9p\u00e9titeurs par c\u00e2ble ou RF.  Possibilit\u00e9 d\u2019effectuer de 1 \u00e0 3 d\u00e9chargements automatis\u00e9s \u00e0 travers Entr\u00e9es et Sorties par la platine DRIVE 7.6.  La version TWIN a deux entr\u00e9es s\u00e9par\u00e9es qui d\u00e9tectent le poids de deux groupes de capteurs, les deux poids d\u00e9tect\u00e9s sont donc additionn\u00e9s en un poids total unique visualis\u00e9. Dans ce cas les deux poids seront convertis en deux sorties s\u00e9par\u00e9es 4-20mA et\/ou PROFIBUS.  Possibilit\u00e9 de m\u00e9moriser 40 noms composants.  Modalit\u00e9 Chargement Recettes &gt; possibilit\u00e9 de m\u00e9moriser jusqu\u2019\u00e0 80 recettes chacune compos\u00e9e par 20 composants. On peut effectuer les chargements programm\u00e9s des recettes diff\u00e9rentes, en voyant en plus sur l\u2019\u00e9cran du bo\u00eetier la quantit\u00e9 par jour d\u00e9j\u00e0 charg\u00e9e.  Modalit\u00e9 Chargement Manuel &gt; possibilit\u00e9 de programmer une liste max. de 20 composants et en suite les charger librement en les choisissant de la liste. Le chargement est libre de contrainte de poids quelconque, donc il est possible de charger une quantit\u00e9 d\u00e9sir\u00e9e du composant; il sera possible en plus de contr\u00f4ler sur l\u2019\u00e9cran du bo\u00eetier la quantit\u00e9 journali\u00e8re d\u00e9j\u00e0 charg\u00e9e.  Possibilit\u00e9 de connecter le bo\u00eetier par la cl\u00e9 USB avec le logiciel de gestion BioMix.  Possibilit\u00e9 d\u2019effectuer des impressions digitales en format CSV des consommations composants, consommations journali\u00e8res et des op\u00e9rations de chargement.  Possibilit\u00e9 de contr\u00f4ler la quantit\u00e9 journali\u00e8re charg\u00e9e dans les composants pour un maximum de 30 jours.  Possibilit\u00e9 de g\u00e9rer un entrep\u00f4t, en contr\u00f4lant \u00e0 son int\u00e9rieur la quantit\u00e9 consomm\u00e9e et disponible pour chaque composant.\" \/>\n<meta property=\"og:url\" content=\"https:\/\/ptmsrl.com\/fr\/prodotto\/advance-bio-usb-bio-usb-twin\/\" \/>\n<meta property=\"og:site_name\" content=\"PTM Srl\" \/>\n<meta property=\"article:publisher\" content=\"https:\/\/www.facebook.com\/believingintechnology\/\" \/>\n<meta property=\"article:modified_time\" content=\"2019-07-17T07:33:31+00:00\" \/>\n<meta property=\"og:image\" content=\"https:\/\/ptmsrl.com\/wp-content\/uploads\/2018\/09\/Advance-Bio2.jpg\" \/>\n\t<meta property=\"og:image:width\" content=\"1024\" \/>\n\t<meta property=\"og:image:height\" content=\"1024\" \/>\n\t<meta property=\"og:image:type\" content=\"image\/jpeg\" \/>\n<meta name=\"twitter:card\" content=\"summary_large_image\" \/>\n<meta name=\"twitter:site\" content=\"@ptm\" \/>\n<script type=\"application\/ld+json\" class=\"yoast-schema-graph\">{\"@context\":\"https:\/\/schema.org\",\"@graph\":[{\"@type\":\"WebPage\",\"@id\":\"https:\/\/ptmsrl.com\/fr\/prodotto\/advance-bio-usb-bio-usb-twin\/\",\"url\":\"https:\/\/ptmsrl.com\/fr\/prodotto\/advance-bio-usb-bio-usb-twin\/\",\"name\":\"PTM Srl | Advance Bio USB - Bio USB Twin\",\"isPartOf\":{\"@id\":\"https:\/\/ptmsrl.com\/#website\"},\"primaryImageOfPage\":{\"@id\":\"https:\/\/ptmsrl.com\/fr\/prodotto\/advance-bio-usb-bio-usb-twin\/#primaryimage\"},\"image\":{\"@id\":\"https:\/\/ptmsrl.com\/fr\/prodotto\/advance-bio-usb-bio-usb-twin\/#primaryimage\"},\"thumbnailUrl\":\"https:\/\/ptmsrl.com\/wp-content\/uploads\/2018\/09\/Advance-Bio2.jpg\",\"datePublished\":\"2018-09-05T15:14:46+00:00\",\"dateModified\":\"2019-07-17T07:33:31+00:00\",\"breadcrumb\":{\"@id\":\"https:\/\/ptmsrl.com\/fr\/prodotto\/advance-bio-usb-bio-usb-twin\/#breadcrumb\"},\"inLanguage\":\"fr-FR\",\"potentialAction\":[{\"@type\":\"ReadAction\",\"target\":[\"https:\/\/ptmsrl.com\/fr\/prodotto\/advance-bio-usb-bio-usb-twin\/\"]}]},{\"@type\":\"ImageObject\",\"inLanguage\":\"fr-FR\",\"@id\":\"https:\/\/ptmsrl.com\/fr\/prodotto\/advance-bio-usb-bio-usb-twin\/#primaryimage\",\"url\":\"https:\/\/ptmsrl.com\/wp-content\/uploads\/2018\/09\/Advance-Bio2.jpg\",\"contentUrl\":\"https:\/\/ptmsrl.com\/wp-content\/uploads\/2018\/09\/Advance-Bio2.jpg\",\"width\":1024,\"height\":1024,\"caption\":\"advance-bio2\"},{\"@type\":\"BreadcrumbList\",\"@id\":\"https:\/\/ptmsrl.com\/fr\/prodotto\/advance-bio-usb-bio-usb-twin\/#breadcrumb\",\"itemListElement\":[{\"@type\":\"ListItem\",\"position\":1,\"name\":\"Home\",\"item\":\"https:\/\/ptmsrl.com\/fr\/\"},{\"@type\":\"ListItem\",\"position\":2,\"name\":\"Shop\",\"item\":\"https:\/\/ptmsrl.com\/shop\/\"},{\"@type\":\"ListItem\",\"position\":3,\"name\":\"Advance Bio USB &#8211; Bio USB Twin\"}]},{\"@type\":\"WebSite\",\"@id\":\"https:\/\/ptmsrl.com\/#website\",\"url\":\"https:\/\/ptmsrl.com\/\",\"name\":\"PTM Srl\",\"description\":\"\u041c\u042b \u041f\u0420\u041e\u0418\u0417\u0412\u041e\u0414\u0418\u041c \u041a\u0410\u0427\u0415\u0421\u0422\u0412\u041e, \u041a\u041e\u0422\u041e\u0420\u041e\u0415 \u0418\u041c\u0415\u0415\u0422 \u041e\u0421\u041e\u0411\u042b\u0419 \u0412\u0415\u0421\",\"publisher\":{\"@id\":\"https:\/\/ptmsrl.com\/#organization\"},\"potentialAction\":[{\"@type\":\"SearchAction\",\"target\":{\"@type\":\"EntryPoint\",\"urlTemplate\":\"https:\/\/ptmsrl.com\/?s={search_term_string}\"},\"query-input\":{\"@type\":\"PropertyValueSpecification\",\"valueRequired\":true,\"valueName\":\"search_term_string\"}}],\"inLanguage\":\"fr-FR\"},{\"@type\":\"Organization\",\"@id\":\"https:\/\/ptmsrl.com\/#organization\",\"name\":\"PTM srl\",\"url\":\"https:\/\/ptmsrl.com\/\",\"logo\":{\"@type\":\"ImageObject\",\"inLanguage\":\"fr-FR\",\"@id\":\"https:\/\/ptmsrl.com\/#\/schema\/logo\/image\/\",\"url\":\"https:\/\/ptmsrl.com\/wp-content\/uploads\/2018\/10\/LOGO-PTM.png\",\"contentUrl\":\"https:\/\/ptmsrl.com\/wp-content\/uploads\/2018\/10\/LOGO-PTM.png\",\"width\":1000,\"height\":500,\"caption\":\"PTM srl\"},\"image\":{\"@id\":\"https:\/\/ptmsrl.com\/#\/schema\/logo\/image\/\"},\"sameAs\":[\"https:\/\/www.facebook.com\/believingintechnology\/\",\"https:\/\/x.com\/ptm\",\"https:\/\/www.linkedin.com\/company\/ptm-s-r-l\/\",\"https:\/\/www.youtube.com\/channel\/UCPSOS0MaR-4jDkAD3HkAC7A\"]}]}<\/script>\n<!-- \/ Yoast SEO plugin. -->","yoast_head_json":{"title":"PTM Srl | Advance Bio USB - Bio USB Twin","robots":{"index":"index","follow":"follow","max-snippet":"max-snippet:-1","max-image-preview":"max-image-preview:large","max-video-preview":"max-video-preview:-1"},"canonical":"https:\/\/ptmsrl.com\/fr\/prodotto\/advance-bio-usb-bio-usb-twin\/","og_locale":"fr_FR","og_type":"article","og_title":"PTM Srl | Advance Bio USB - Bio USB Twin","og_description":"Bo\u00eetier de pesage \u00e0 utiliser en syst\u00e8mes Bio Gaz et industriels, qui transforme le poids visualis\u00e9 en sortie 4-20mA.  On peut connecter un module optionnel qui permet la sortie du poids par le PROFIBUS.  Par un module additionnel Multilink on peut g\u00e9rer tous les fonctions d\u2019entr\u00e9e et sortie disponibles.  Par le syst\u00e8me Multilink on peut visualiser les valeurs de poids \u00e0 distance, en connectant des afficheurs r\u00e9p\u00e9titeurs par c\u00e2ble ou RF.  Possibilit\u00e9 d\u2019effectuer de 1 \u00e0 3 d\u00e9chargements automatis\u00e9s \u00e0 travers Entr\u00e9es et Sorties par la platine DRIVE 7.6.  La version TWIN a deux entr\u00e9es s\u00e9par\u00e9es qui d\u00e9tectent le poids de deux groupes de capteurs, les deux poids d\u00e9tect\u00e9s sont donc additionn\u00e9s en un poids total unique visualis\u00e9. Dans ce cas les deux poids seront convertis en deux sorties s\u00e9par\u00e9es 4-20mA et\/ou PROFIBUS.  Possibilit\u00e9 de m\u00e9moriser 40 noms composants.  Modalit\u00e9 Chargement Recettes &gt; possibilit\u00e9 de m\u00e9moriser jusqu\u2019\u00e0 80 recettes chacune compos\u00e9e par 20 composants. On peut effectuer les chargements programm\u00e9s des recettes diff\u00e9rentes, en voyant en plus sur l\u2019\u00e9cran du bo\u00eetier la quantit\u00e9 par jour d\u00e9j\u00e0 charg\u00e9e.  Modalit\u00e9 Chargement Manuel &gt; possibilit\u00e9 de programmer une liste max. de 20 composants et en suite les charger librement en les choisissant de la liste. Le chargement est libre de contrainte de poids quelconque, donc il est possible de charger une quantit\u00e9 d\u00e9sir\u00e9e du composant; il sera possible en plus de contr\u00f4ler sur l\u2019\u00e9cran du bo\u00eetier la quantit\u00e9 journali\u00e8re d\u00e9j\u00e0 charg\u00e9e.  Possibilit\u00e9 de connecter le bo\u00eetier par la cl\u00e9 USB avec le logiciel de gestion BioMix.  Possibilit\u00e9 d\u2019effectuer des impressions digitales en format CSV des consommations composants, consommations journali\u00e8res et des op\u00e9rations de chargement.  Possibilit\u00e9 de contr\u00f4ler la quantit\u00e9 journali\u00e8re charg\u00e9e dans les composants pour un maximum de 30 jours.  Possibilit\u00e9 de g\u00e9rer un entrep\u00f4t, en contr\u00f4lant \u00e0 son int\u00e9rieur la quantit\u00e9 consomm\u00e9e et disponible pour chaque composant.","og_url":"https:\/\/ptmsrl.com\/fr\/prodotto\/advance-bio-usb-bio-usb-twin\/","og_site_name":"PTM Srl","article_publisher":"https:\/\/www.facebook.com\/believingintechnology\/","article_modified_time":"2019-07-17T07:33:31+00:00","og_image":[{"width":1024,"height":1024,"url":"https:\/\/ptmsrl.com\/wp-content\/uploads\/2018\/09\/Advance-Bio2.jpg","type":"image\/jpeg"}],"twitter_card":"summary_large_image","twitter_site":"@ptm","schema":{"@context":"https:\/\/schema.org","@graph":[{"@type":"WebPage","@id":"https:\/\/ptmsrl.com\/fr\/prodotto\/advance-bio-usb-bio-usb-twin\/","url":"https:\/\/ptmsrl.com\/fr\/prodotto\/advance-bio-usb-bio-usb-twin\/","name":"PTM Srl | Advance Bio USB - Bio USB Twin","isPartOf":{"@id":"https:\/\/ptmsrl.com\/#website"},"primaryImageOfPage":{"@id":"https:\/\/ptmsrl.com\/fr\/prodotto\/advance-bio-usb-bio-usb-twin\/#primaryimage"},"image":{"@id":"https:\/\/ptmsrl.com\/fr\/prodotto\/advance-bio-usb-bio-usb-twin\/#primaryimage"},"thumbnailUrl":"https:\/\/ptmsrl.com\/wp-content\/uploads\/2018\/09\/Advance-Bio2.jpg","datePublished":"2018-09-05T15:14:46+00:00","dateModified":"2019-07-17T07:33:31+00:00","breadcrumb":{"@id":"https:\/\/ptmsrl.com\/fr\/prodotto\/advance-bio-usb-bio-usb-twin\/#breadcrumb"},"inLanguage":"fr-FR","potentialAction":[{"@type":"ReadAction","target":["https:\/\/ptmsrl.com\/fr\/prodotto\/advance-bio-usb-bio-usb-twin\/"]}]},{"@type":"ImageObject","inLanguage":"fr-FR","@id":"https:\/\/ptmsrl.com\/fr\/prodotto\/advance-bio-usb-bio-usb-twin\/#primaryimage","url":"https:\/\/ptmsrl.com\/wp-content\/uploads\/2018\/09\/Advance-Bio2.jpg","contentUrl":"https:\/\/ptmsrl.com\/wp-content\/uploads\/2018\/09\/Advance-Bio2.jpg","width":1024,"height":1024,"caption":"advance-bio2"},{"@type":"BreadcrumbList","@id":"https:\/\/ptmsrl.com\/fr\/prodotto\/advance-bio-usb-bio-usb-twin\/#breadcrumb","itemListElement":[{"@type":"ListItem","position":1,"name":"Home","item":"https:\/\/ptmsrl.com\/fr\/"},{"@type":"ListItem","position":2,"name":"Shop","item":"https:\/\/ptmsrl.com\/shop\/"},{"@type":"ListItem","position":3,"name":"Advance Bio USB &#8211; Bio USB Twin"}]},{"@type":"WebSite","@id":"https:\/\/ptmsrl.com\/#website","url":"https:\/\/ptmsrl.com\/","name":"PTM Srl","description":"\u041c\u042b \u041f\u0420\u041e\u0418\u0417\u0412\u041e\u0414\u0418\u041c \u041a\u0410\u0427\u0415\u0421\u0422\u0412\u041e, \u041a\u041e\u0422\u041e\u0420\u041e\u0415 \u0418\u041c\u0415\u0415\u0422 \u041e\u0421\u041e\u0411\u042b\u0419 \u0412\u0415\u0421","publisher":{"@id":"https:\/\/ptmsrl.com\/#organization"},"potentialAction":[{"@type":"SearchAction","target":{"@type":"EntryPoint","urlTemplate":"https:\/\/ptmsrl.com\/?s={search_term_string}"},"query-input":{"@type":"PropertyValueSpecification","valueRequired":true,"valueName":"search_term_string"}}],"inLanguage":"fr-FR"},{"@type":"Organization","@id":"https:\/\/ptmsrl.com\/#organization","name":"PTM srl","url":"https:\/\/ptmsrl.com\/","logo":{"@type":"ImageObject","inLanguage":"fr-FR","@id":"https:\/\/ptmsrl.com\/#\/schema\/logo\/image\/","url":"https:\/\/ptmsrl.com\/wp-content\/uploads\/2018\/10\/LOGO-PTM.png","contentUrl":"https:\/\/ptmsrl.com\/wp-content\/uploads\/2018\/10\/LOGO-PTM.png","width":1000,"height":500,"caption":"PTM srl"},"image":{"@id":"https:\/\/ptmsrl.com\/#\/schema\/logo\/image\/"},"sameAs":["https:\/\/www.facebook.com\/believingintechnology\/","https:\/\/x.com\/ptm","https:\/\/www.linkedin.com\/company\/ptm-s-r-l\/","https:\/\/www.youtube.com\/channel\/UCPSOS0MaR-4jDkAD3HkAC7A"]}]}},"_links":{"self":[{"href":"https:\/\/ptmsrl.com\/fr\/wp-json\/wp\/v2\/product\/4464","targetHints":{"allow":["GET"]}}],"collection":[{"href":"https:\/\/ptmsrl.com\/fr\/wp-json\/wp\/v2\/product"}],"about":[{"href":"https:\/\/ptmsrl.com\/fr\/wp-json\/wp\/v2\/types\/product"}],"wp:featuredmedia":[{"embeddable":true,"href":"https:\/\/ptmsrl.com\/fr\/wp-json\/wp\/v2\/media\/4465"}],"wp:attachment":[{"href":"https:\/\/ptmsrl.com\/fr\/wp-json\/wp\/v2\/media?parent=4464"}],"wp:term":[{"taxonomy":"product_brand","embeddable":true,"href":"https:\/\/ptmsrl.com\/fr\/wp-json\/wp\/v2\/product_brand?post=4464"},{"taxonomy":"product_cat","embeddable":true,"href":"https:\/\/ptmsrl.com\/fr\/wp-json\/wp\/v2\/product_cat?post=4464"},{"taxonomy":"product_tag","embeddable":true,"href":"https:\/\/ptmsrl.com\/fr\/wp-json\/wp\/v2\/product_tag?post=4464"}],"curies":[{"name":"wp","href":"https:\/\/api.w.org\/{rel}","templated":true}]}}