{"id":4481,"date":"2018-09-05T18:16:41","date_gmt":"2018-10-10T16:07:31","guid":{"rendered":"https:\/\/ptmsrl.com\/prodotto\/hl-10-hl-15\/"},"modified":"2023-07-18T11:40:43","modified_gmt":"2023-07-18T09:40:43","slug":"hl-10-hl-15","status":"publish","type":"product","link":"https:\/\/ptmsrl.com\/fr\/prodotto\/hl-10-hl-15\/","title":{"rendered":"HL 10 &#8211; HL 15"},"content":{"rendered":"","protected":false},"excerpt":{"rendered":"<h3>Bo\u00eetiers de pesage indiqu\u00e9s pour utilisations \u00e0 encombrement minimum. Pratiques et faciles \u00e0 installer sur les tracteurs<\/h3>\n<p>Les bo\u00eetiers HL10 et HL15 ont \u00e9t\u00e9s projet\u00e9s pour le pesage en tous les cas dans lesquels on a \u00e0 disposition peu d&rsquo;espace pour l&rsquo;installation du bo\u00eetier, en effet ils pr\u00e9sentent minimes dimensions d&rsquo;encombrement et une consid\u00e9rable simplicit\u00e9 d&rsquo;utilisation.<\/p>\n<p>Ils sont equip\u00e9s d&rsquo;un afficheur DEL \u00e0 16 segments et 6 digits \u00e0 luminosit\u00e9 et visibilit\u00e9 \u00e9lev\u00e9es, connecteurs avec contacts dor\u00e9s, protection contre les inversions d&rsquo;alimentation et les surcourants par coupe-circuits autor\u00e9tablissent. La version HL10 permet la fonction de pesage total et partiel, la version HL15 permet aussi d&rsquo;\u00e9tablir jusqu&rsquo;\u00e0 15 recettes et 20 composants, en modalit\u00e9 pour animaux ou pour totaux, avec la possibilit\u00e9 de changer le nom de la recette m\u00eame; l&rsquo;alarme pour signaler la fin du chargement peut \u00eatre int\u00e9gr\u00e9e directement dans le bo\u00eetier ou avec sir\u00e8ne ext\u00e9rieure.<\/p>\n<p>Les bo\u00eetiers sont \u00e9quip\u00e9s de syst\u00e8me multi-langue, contr\u00f4le de la garantie et relev\u00e9 de date et heure d&rsquo;\u00e9ventuels surcharges.<\/p>\n<p>L&rsquo;article n&rsquo;est plus en production.<br \/>\nDans le lien ci-dessous, nous indiquons le produit de production le plus r\u00e9cent dot\u00e9 des m\u00eames fonctions.<\/p>\n<a href=\"https:\/\/ptmsrl.com\/fr\/prodotti\/centraline\/hl-10-15-series\/\" target=\"Blank\" class=\"button primary is-primary is-medium\"  >\n\t\t<span>HL 10-15 SERIES<\/span>\n\t<\/a>\n\n","protected":false},"featured_media":4484,"template":"","meta":{"inline_featured_image":false},"product_brand":[],"product_cat":[216,238],"product_tag":[],"class_list":{"0":"post-4481","1":"product","2":"type-product","3":"status-publish","4":"has-post-thumbnail","6":"product_cat-boitiers","7":"product_cat-mettre-a-jour-votre-produit","9":"first","10":"instock","11":"downloadable","12":"shipping-taxable","13":"product-type-simple"},"yoast_head":"<!-- This site is optimized with the Yoast SEO plugin v25.3 - https:\/\/yoast.com\/wordpress\/plugins\/seo\/ -->\n<title>PTM Srl | HL 10 - HL 15<\/title>\n<meta name=\"robots\" content=\"index, follow, max-snippet:-1, max-image-preview:large, max-video-preview:-1\" \/>\n<link rel=\"canonical\" href=\"https:\/\/ptmsrl.com\/fr\/prodotto\/hl-10-hl-15\/\" \/>\n<meta property=\"og:locale\" content=\"fr_FR\" \/>\n<meta property=\"og:type\" content=\"article\" \/>\n<meta property=\"og:title\" content=\"PTM Srl | HL 10 - HL 15\" \/>\n<meta property=\"og:description\" content=\"Bo\u00eetiers de pesage indiqu\u00e9s pour utilisations \u00e0 encombrement minimum. Pratiques et faciles \u00e0 installer sur les tracteurs Les bo\u00eetiers HL10 et HL15 ont \u00e9t\u00e9s projet\u00e9s pour le pesage en tous les cas dans lesquels on a \u00e0 disposition peu d&#039;espace pour l&#039;installation du bo\u00eetier, en effet ils pr\u00e9sentent minimes dimensions d&#039;encombrement et une consid\u00e9rable simplicit\u00e9 d&#039;utilisation.  Ils sont equip\u00e9s d&#039;un afficheur DEL \u00e0 16 segments et 6 digits \u00e0 luminosit\u00e9 et visibilit\u00e9 \u00e9lev\u00e9es, connecteurs avec contacts dor\u00e9s, protection contre les inversions d&#039;alimentation et les surcourants par coupe-circuits autor\u00e9tablissent. La version HL10 permet la fonction de pesage total et partiel, la version HL15 permet aussi d&#039;\u00e9tablir jusqu&#039;\u00e0 15 recettes et 20 composants, en modalit\u00e9 pour animaux ou pour totaux, avec la possibilit\u00e9 de changer le nom de la recette m\u00eame; l&#039;alarme pour signaler la fin du chargement peut \u00eatre int\u00e9gr\u00e9e directement dans le bo\u00eetier ou avec sir\u00e8ne ext\u00e9rieure.  Les bo\u00eetiers sont \u00e9quip\u00e9s de syst\u00e8me multi-langue, contr\u00f4le de la garantie et relev\u00e9 de date et heure d&#039;\u00e9ventuels surcharges.  L&#039;article n&#039;est plus en production. Dans le lien ci-dessous, nous indiquons le produit de production le plus r\u00e9cent dot\u00e9 des m\u00eames fonctions.\" \/>\n<meta property=\"og:url\" content=\"https:\/\/ptmsrl.com\/fr\/prodotto\/hl-10-hl-15\/\" \/>\n<meta property=\"og:site_name\" content=\"PTM Srl\" \/>\n<meta property=\"article:publisher\" content=\"https:\/\/www.facebook.com\/believingintechnology\/\" \/>\n<meta property=\"article:modified_time\" content=\"2023-07-18T09:40:43+00:00\" \/>\n<meta property=\"og:image\" content=\"https:\/\/ptmsrl.com\/wp-content\/uploads\/2018\/09\/HL15-con-mascherina.jpg\" \/>\n\t<meta property=\"og:image:width\" content=\"1024\" \/>\n\t<meta property=\"og:image:height\" content=\"1024\" \/>\n\t<meta property=\"og:image:type\" content=\"image\/jpeg\" \/>\n<meta name=\"twitter:card\" content=\"summary_large_image\" \/>\n<meta name=\"twitter:site\" content=\"@ptm\" \/>\n<script type=\"application\/ld+json\" class=\"yoast-schema-graph\">{\"@context\":\"https:\/\/schema.org\",\"@graph\":[{\"@type\":\"WebPage\",\"@id\":\"https:\/\/ptmsrl.com\/fr\/prodotto\/hl-10-hl-15\/\",\"url\":\"https:\/\/ptmsrl.com\/fr\/prodotto\/hl-10-hl-15\/\",\"name\":\"PTM Srl | HL 10 - HL 15\",\"isPartOf\":{\"@id\":\"https:\/\/ptmsrl.com\/#website\"},\"primaryImageOfPage\":{\"@id\":\"https:\/\/ptmsrl.com\/fr\/prodotto\/hl-10-hl-15\/#primaryimage\"},\"image\":{\"@id\":\"https:\/\/ptmsrl.com\/fr\/prodotto\/hl-10-hl-15\/#primaryimage\"},\"thumbnailUrl\":\"https:\/\/ptmsrl.com\/wp-content\/uploads\/2018\/09\/HL15-con-mascherina.jpg\",\"datePublished\":\"2018-10-10T16:07:31+00:00\",\"dateModified\":\"2023-07-18T09:40:43+00:00\",\"breadcrumb\":{\"@id\":\"https:\/\/ptmsrl.com\/fr\/prodotto\/hl-10-hl-15\/#breadcrumb\"},\"inLanguage\":\"fr-FR\",\"potentialAction\":[{\"@type\":\"ReadAction\",\"target\":[\"https:\/\/ptmsrl.com\/fr\/prodotto\/hl-10-hl-15\/\"]}]},{\"@type\":\"ImageObject\",\"inLanguage\":\"fr-FR\",\"@id\":\"https:\/\/ptmsrl.com\/fr\/prodotto\/hl-10-hl-15\/#primaryimage\",\"url\":\"https:\/\/ptmsrl.com\/wp-content\/uploads\/2018\/09\/HL15-con-mascherina.jpg\",\"contentUrl\":\"https:\/\/ptmsrl.com\/wp-content\/uploads\/2018\/09\/HL15-con-mascherina.jpg\",\"width\":1024,\"height\":1024,\"caption\":\"hl15-con-mascherina\"},{\"@type\":\"BreadcrumbList\",\"@id\":\"https:\/\/ptmsrl.com\/fr\/prodotto\/hl-10-hl-15\/#breadcrumb\",\"itemListElement\":[{\"@type\":\"ListItem\",\"position\":1,\"name\":\"Home\",\"item\":\"https:\/\/ptmsrl.com\/fr\/\"},{\"@type\":\"ListItem\",\"position\":2,\"name\":\"Shop\",\"item\":\"https:\/\/ptmsrl.com\/shop\/\"},{\"@type\":\"ListItem\",\"position\":3,\"name\":\"HL 10 &#8211; HL 15\"}]},{\"@type\":\"WebSite\",\"@id\":\"https:\/\/ptmsrl.com\/#website\",\"url\":\"https:\/\/ptmsrl.com\/\",\"name\":\"PTM Srl\",\"description\":\"\u041c\u042b \u041f\u0420\u041e\u0418\u0417\u0412\u041e\u0414\u0418\u041c \u041a\u0410\u0427\u0415\u0421\u0422\u0412\u041e, \u041a\u041e\u0422\u041e\u0420\u041e\u0415 \u0418\u041c\u0415\u0415\u0422 \u041e\u0421\u041e\u0411\u042b\u0419 \u0412\u0415\u0421\",\"publisher\":{\"@id\":\"https:\/\/ptmsrl.com\/#organization\"},\"potentialAction\":[{\"@type\":\"SearchAction\",\"target\":{\"@type\":\"EntryPoint\",\"urlTemplate\":\"https:\/\/ptmsrl.com\/?s={search_term_string}\"},\"query-input\":{\"@type\":\"PropertyValueSpecification\",\"valueRequired\":true,\"valueName\":\"search_term_string\"}}],\"inLanguage\":\"fr-FR\"},{\"@type\":\"Organization\",\"@id\":\"https:\/\/ptmsrl.com\/#organization\",\"name\":\"PTM srl\",\"url\":\"https:\/\/ptmsrl.com\/\",\"logo\":{\"@type\":\"ImageObject\",\"inLanguage\":\"fr-FR\",\"@id\":\"https:\/\/ptmsrl.com\/#\/schema\/logo\/image\/\",\"url\":\"https:\/\/ptmsrl.com\/wp-content\/uploads\/2018\/10\/LOGO-PTM.png\",\"contentUrl\":\"https:\/\/ptmsrl.com\/wp-content\/uploads\/2018\/10\/LOGO-PTM.png\",\"width\":1000,\"height\":500,\"caption\":\"PTM srl\"},\"image\":{\"@id\":\"https:\/\/ptmsrl.com\/#\/schema\/logo\/image\/\"},\"sameAs\":[\"https:\/\/www.facebook.com\/believingintechnology\/\",\"https:\/\/x.com\/ptm\",\"https:\/\/www.linkedin.com\/company\/ptm-s-r-l\/\",\"https:\/\/www.youtube.com\/channel\/UCPSOS0MaR-4jDkAD3HkAC7A\"]}]}<\/script>\n<!-- \/ Yoast SEO plugin. -->","yoast_head_json":{"title":"PTM Srl | HL 10 - HL 15","robots":{"index":"index","follow":"follow","max-snippet":"max-snippet:-1","max-image-preview":"max-image-preview:large","max-video-preview":"max-video-preview:-1"},"canonical":"https:\/\/ptmsrl.com\/fr\/prodotto\/hl-10-hl-15\/","og_locale":"fr_FR","og_type":"article","og_title":"PTM Srl | HL 10 - HL 15","og_description":"Bo\u00eetiers de pesage indiqu\u00e9s pour utilisations \u00e0 encombrement minimum. Pratiques et faciles \u00e0 installer sur les tracteurs Les bo\u00eetiers HL10 et HL15 ont \u00e9t\u00e9s projet\u00e9s pour le pesage en tous les cas dans lesquels on a \u00e0 disposition peu d'espace pour l'installation du bo\u00eetier, en effet ils pr\u00e9sentent minimes dimensions d'encombrement et une consid\u00e9rable simplicit\u00e9 d'utilisation.  Ils sont equip\u00e9s d'un afficheur DEL \u00e0 16 segments et 6 digits \u00e0 luminosit\u00e9 et visibilit\u00e9 \u00e9lev\u00e9es, connecteurs avec contacts dor\u00e9s, protection contre les inversions d'alimentation et les surcourants par coupe-circuits autor\u00e9tablissent. La version HL10 permet la fonction de pesage total et partiel, la version HL15 permet aussi d'\u00e9tablir jusqu'\u00e0 15 recettes et 20 composants, en modalit\u00e9 pour animaux ou pour totaux, avec la possibilit\u00e9 de changer le nom de la recette m\u00eame; l'alarme pour signaler la fin du chargement peut \u00eatre int\u00e9gr\u00e9e directement dans le bo\u00eetier ou avec sir\u00e8ne ext\u00e9rieure.  Les bo\u00eetiers sont \u00e9quip\u00e9s de syst\u00e8me multi-langue, contr\u00f4le de la garantie et relev\u00e9 de date et heure d'\u00e9ventuels surcharges.  L'article n'est plus en production. Dans le lien ci-dessous, nous indiquons le produit de production le plus r\u00e9cent dot\u00e9 des m\u00eames fonctions.","og_url":"https:\/\/ptmsrl.com\/fr\/prodotto\/hl-10-hl-15\/","og_site_name":"PTM Srl","article_publisher":"https:\/\/www.facebook.com\/believingintechnology\/","article_modified_time":"2023-07-18T09:40:43+00:00","og_image":[{"width":1024,"height":1024,"url":"https:\/\/ptmsrl.com\/wp-content\/uploads\/2018\/09\/HL15-con-mascherina.jpg","type":"image\/jpeg"}],"twitter_card":"summary_large_image","twitter_site":"@ptm","schema":{"@context":"https:\/\/schema.org","@graph":[{"@type":"WebPage","@id":"https:\/\/ptmsrl.com\/fr\/prodotto\/hl-10-hl-15\/","url":"https:\/\/ptmsrl.com\/fr\/prodotto\/hl-10-hl-15\/","name":"PTM Srl | HL 10 - HL 15","isPartOf":{"@id":"https:\/\/ptmsrl.com\/#website"},"primaryImageOfPage":{"@id":"https:\/\/ptmsrl.com\/fr\/prodotto\/hl-10-hl-15\/#primaryimage"},"image":{"@id":"https:\/\/ptmsrl.com\/fr\/prodotto\/hl-10-hl-15\/#primaryimage"},"thumbnailUrl":"https:\/\/ptmsrl.com\/wp-content\/uploads\/2018\/09\/HL15-con-mascherina.jpg","datePublished":"2018-10-10T16:07:31+00:00","dateModified":"2023-07-18T09:40:43+00:00","breadcrumb":{"@id":"https:\/\/ptmsrl.com\/fr\/prodotto\/hl-10-hl-15\/#breadcrumb"},"inLanguage":"fr-FR","potentialAction":[{"@type":"ReadAction","target":["https:\/\/ptmsrl.com\/fr\/prodotto\/hl-10-hl-15\/"]}]},{"@type":"ImageObject","inLanguage":"fr-FR","@id":"https:\/\/ptmsrl.com\/fr\/prodotto\/hl-10-hl-15\/#primaryimage","url":"https:\/\/ptmsrl.com\/wp-content\/uploads\/2018\/09\/HL15-con-mascherina.jpg","contentUrl":"https:\/\/ptmsrl.com\/wp-content\/uploads\/2018\/09\/HL15-con-mascherina.jpg","width":1024,"height":1024,"caption":"hl15-con-mascherina"},{"@type":"BreadcrumbList","@id":"https:\/\/ptmsrl.com\/fr\/prodotto\/hl-10-hl-15\/#breadcrumb","itemListElement":[{"@type":"ListItem","position":1,"name":"Home","item":"https:\/\/ptmsrl.com\/fr\/"},{"@type":"ListItem","position":2,"name":"Shop","item":"https:\/\/ptmsrl.com\/shop\/"},{"@type":"ListItem","position":3,"name":"HL 10 &#8211; HL 15"}]},{"@type":"WebSite","@id":"https:\/\/ptmsrl.com\/#website","url":"https:\/\/ptmsrl.com\/","name":"PTM Srl","description":"\u041c\u042b \u041f\u0420\u041e\u0418\u0417\u0412\u041e\u0414\u0418\u041c \u041a\u0410\u0427\u0415\u0421\u0422\u0412\u041e, \u041a\u041e\u0422\u041e\u0420\u041e\u0415 \u0418\u041c\u0415\u0415\u0422 \u041e\u0421\u041e\u0411\u042b\u0419 \u0412\u0415\u0421","publisher":{"@id":"https:\/\/ptmsrl.com\/#organization"},"potentialAction":[{"@type":"SearchAction","target":{"@type":"EntryPoint","urlTemplate":"https:\/\/ptmsrl.com\/?s={search_term_string}"},"query-input":{"@type":"PropertyValueSpecification","valueRequired":true,"valueName":"search_term_string"}}],"inLanguage":"fr-FR"},{"@type":"Organization","@id":"https:\/\/ptmsrl.com\/#organization","name":"PTM srl","url":"https:\/\/ptmsrl.com\/","logo":{"@type":"ImageObject","inLanguage":"fr-FR","@id":"https:\/\/ptmsrl.com\/#\/schema\/logo\/image\/","url":"https:\/\/ptmsrl.com\/wp-content\/uploads\/2018\/10\/LOGO-PTM.png","contentUrl":"https:\/\/ptmsrl.com\/wp-content\/uploads\/2018\/10\/LOGO-PTM.png","width":1000,"height":500,"caption":"PTM srl"},"image":{"@id":"https:\/\/ptmsrl.com\/#\/schema\/logo\/image\/"},"sameAs":["https:\/\/www.facebook.com\/believingintechnology\/","https:\/\/x.com\/ptm","https:\/\/www.linkedin.com\/company\/ptm-s-r-l\/","https:\/\/www.youtube.com\/channel\/UCPSOS0MaR-4jDkAD3HkAC7A"]}]}},"_links":{"self":[{"href":"https:\/\/ptmsrl.com\/fr\/wp-json\/wp\/v2\/product\/4481","targetHints":{"allow":["GET"]}}],"collection":[{"href":"https:\/\/ptmsrl.com\/fr\/wp-json\/wp\/v2\/product"}],"about":[{"href":"https:\/\/ptmsrl.com\/fr\/wp-json\/wp\/v2\/types\/product"}],"wp:featuredmedia":[{"embeddable":true,"href":"https:\/\/ptmsrl.com\/fr\/wp-json\/wp\/v2\/media\/4484"}],"wp:attachment":[{"href":"https:\/\/ptmsrl.com\/fr\/wp-json\/wp\/v2\/media?parent=4481"}],"wp:term":[{"taxonomy":"product_brand","embeddable":true,"href":"https:\/\/ptmsrl.com\/fr\/wp-json\/wp\/v2\/product_brand?post=4481"},{"taxonomy":"product_cat","embeddable":true,"href":"https:\/\/ptmsrl.com\/fr\/wp-json\/wp\/v2\/product_cat?post=4481"},{"taxonomy":"product_tag","embeddable":true,"href":"https:\/\/ptmsrl.com\/fr\/wp-json\/wp\/v2\/product_tag?post=4481"}],"curies":[{"name":"wp","href":"https:\/\/api.w.org\/{rel}","templated":true}]}}