{"id":4580,"date":"2018-09-06T10:36:52","date_gmt":"2018-09-06T08:36:52","guid":{"rendered":"https:\/\/ptmsrl.com\/prodotto\/gsa8-50\/"},"modified":"2023-07-04T14:53:47","modified_gmt":"2023-07-04T12:53:47","slug":"gsa50","status":"publish","type":"product","link":"https:\/\/ptmsrl.com\/fr\/prodotto\/gsa50\/","title":{"rendered":"GSA50"},"content":{"rendered":"<ul>\n<li>M\u00e9morisation de 99 formules et jusqu&rsquo;\u00e0 50 composants pour chaque formule.<\/li>\n<li>Gestion des programmations horaires pour ex\u00e9cuter une s\u00e9quence de recettes<\/li>\n<li>Gestion des consommations pour chaque formule ou pour composant<\/li>\n<li>Gestion du magasin des composants<\/li>\n<li>Exportation des donn\u00e9es sur cl\u00e9 USB (optionnel)<\/li>\n<li>Queues manuelles ou automatiques r\u00e9glables pour chaque composant<\/li>\n<li>Temps de cycle modifiables et possibilit\u00e9 de r\u00e9p\u00e9titions en cycle pour chaque formule<\/li>\n<li>Dosage lent et vite<\/li>\n<li>Gestion du silo aussi en couple, du moulin, de la cochl\u00e9e, des vibreurs, du m\u00e9langeur, etc.<\/li>\n<li>V\u00e9rifie des quantit\u00e9s charg\u00e9es effectivement<\/li>\n<li>Possibilit\u00e9 de chargement manuel pour chaque composant selon poids ou temps<\/li>\n<li>Gestion du chargement des additives<\/li>\n<li>Modalit\u00e9 de chargement composant single (optionnel)<\/li>\n<li>Vidage et mise \u00e0 z\u00e9ro automatiques ou manuelles<\/li>\n<li>Activation, mise \u00e0 z\u00e9ro et pause du chargement r\u00e9glables par moyen du boitier ou par une autre entr\u00e9e<\/li>\n<li>Possibilit\u00e9 de nommer les formules et les composants<\/li>\n<li>Cartographie des sorties programmable librement<\/li>\n<li>Possibilit\u00e9 d&rsquo;ajouter des modules I\/O ult\u00e9rieurs<\/li>\n<li>Connexion \u00e0 diff\u00e9rents optionnels (ex. imprimant, \u00e9cran r\u00e9p\u00e9titeur, etc.)<\/li>\n<li>Syst\u00e8me de contr\u00f4le des surcharges<\/li>\n<li>Horloge interne et date<\/li>\n<li>Multi-langue<\/li>\n<\/ul>\n","protected":false},"excerpt":{"rendered":"<h3 align=\"justify\"><strong>Les s\u00e9ries GSA et GPA sont compos\u00e9es par boitiers de contr\u00f4le et gestion efficaces et compactes, particuli\u00e8rement appropri\u00e9s pour des systems de moulage, de m\u00e9lange et de dosage automatique\/manuel. Cette \u00e9lectronique consent de programmer et g\u00e9rer jusqu&rsquo;\u00e0 99 formules, avec un maximum de 50 composants.<\/strong><\/h3>\n<p align=\"justify\">En outre, on peut contr\u00f4ler les tapis convoyeurs, moulins, pompes, m\u00e9langeurs, vibreurs, etc., ainsi que le vidage automatique du r\u00e9servoir \u00e0 la fin du chargement.<\/p>\n<p align=\"justify\">Par moyen d&rsquo;un \u00e9cran graphique grand et \u00ab\u00a0panoramique\u00a0\u00bb, d&rsquo;un clavier tr\u00e8s facile \u00e0 utiliser et d&rsquo;un menu de navigation intuitif, la programmation et l&rsquo;ex\u00e9cution de formules aussi complexes sont op\u00e9rations simples et imm\u00e9diates.<\/p>\n<p align=\"justify\">La gestion des formules et l&rsquo;activation des moteurs peuvent \u00eatre activ\u00e9es et programm\u00e9es en modalit\u00e9 automatique ou manuelle. L&rsquo;installation du syst\u00e8me est simple et peut \u00eatre \u00e9quip\u00e9 avec jusqu&rsquo;\u00e0 124 contacts libres pour brancher le contr\u00f4le de moteurs, valves, etc.<\/p>\n","protected":false},"featured_media":4581,"template":"","meta":{"inline_featured_image":false},"product_brand":[],"product_cat":[226],"product_tag":[],"class_list":{"0":"post-4580","1":"product","2":"type-product","3":"status-publish","4":"has-post-thumbnail","6":"product_cat-serie-gsa-gpa-fr","8":"first","9":"instock","10":"downloadable","11":"shipping-taxable","12":"product-type-simple"},"yoast_head":"<!-- This site is optimized with the Yoast SEO plugin v25.3 - https:\/\/yoast.com\/wordpress\/plugins\/seo\/ -->\n<title>PTM Srl | GSA50<\/title>\n<meta name=\"robots\" content=\"index, follow, max-snippet:-1, max-image-preview:large, max-video-preview:-1\" \/>\n<link rel=\"canonical\" href=\"https:\/\/ptmsrl.com\/fr\/prodotto\/gsa50\/\" \/>\n<meta property=\"og:locale\" content=\"fr_FR\" \/>\n<meta property=\"og:type\" content=\"article\" \/>\n<meta property=\"og:title\" content=\"PTM Srl | GSA50\" \/>\n<meta property=\"og:description\" content=\"Les s\u00e9ries GSA et GPA sont compos\u00e9es par boitiers de contr\u00f4le et gestion efficaces et compactes, particuli\u00e8rement appropri\u00e9s pour des systems de moulage, de m\u00e9lange et de dosage automatique\/manuel. Cette \u00e9lectronique consent de programmer et g\u00e9rer jusqu&#039;\u00e0 99 formules, avec un maximum de 50 composants. En outre, on peut contr\u00f4ler les tapis convoyeurs, moulins, pompes, m\u00e9langeurs, vibreurs, etc., ainsi que le vidage automatique du r\u00e9servoir \u00e0 la fin du chargement. Par moyen d&#039;un \u00e9cran graphique grand et &quot;panoramique&quot;, d&#039;un clavier tr\u00e8s facile \u00e0 utiliser et d&#039;un menu de navigation intuitif, la programmation et l&#039;ex\u00e9cution de formules aussi complexes sont op\u00e9rations simples et imm\u00e9diates. La gestion des formules et l&#039;activation des moteurs peuvent \u00eatre activ\u00e9es et programm\u00e9es en modalit\u00e9 automatique ou manuelle. L&#039;installation du syst\u00e8me est simple et peut \u00eatre \u00e9quip\u00e9 avec jusqu&#039;\u00e0 124 contacts libres pour brancher le contr\u00f4le de moteurs, valves, etc.\" \/>\n<meta property=\"og:url\" content=\"https:\/\/ptmsrl.com\/fr\/prodotto\/gsa50\/\" \/>\n<meta property=\"og:site_name\" content=\"PTM Srl\" \/>\n<meta property=\"article:publisher\" content=\"https:\/\/www.facebook.com\/believingintechnology\/\" \/>\n<meta property=\"article:modified_time\" content=\"2023-07-04T12:53:47+00:00\" \/>\n<meta property=\"og:image\" content=\"https:\/\/ptmsrl.com\/wp-content\/uploads\/2018\/09\/GSA-50-FGCEGSA50001.jpg\" \/>\n\t<meta property=\"og:image:width\" content=\"1024\" \/>\n\t<meta property=\"og:image:height\" content=\"1024\" \/>\n\t<meta property=\"og:image:type\" content=\"image\/jpeg\" \/>\n<meta name=\"twitter:card\" content=\"summary_large_image\" \/>\n<meta name=\"twitter:site\" content=\"@ptm\" \/>\n<meta name=\"twitter:label1\" content=\"Dur\u00e9e de lecture estim\u00e9e\" \/>\n\t<meta name=\"twitter:data1\" content=\"1 minute\" \/>\n<script type=\"application\/ld+json\" class=\"yoast-schema-graph\">{\"@context\":\"https:\/\/schema.org\",\"@graph\":[{\"@type\":\"WebPage\",\"@id\":\"https:\/\/ptmsrl.com\/fr\/prodotto\/gsa50\/\",\"url\":\"https:\/\/ptmsrl.com\/fr\/prodotto\/gsa50\/\",\"name\":\"PTM Srl | GSA50\",\"isPartOf\":{\"@id\":\"https:\/\/ptmsrl.com\/#website\"},\"primaryImageOfPage\":{\"@id\":\"https:\/\/ptmsrl.com\/fr\/prodotto\/gsa50\/#primaryimage\"},\"image\":{\"@id\":\"https:\/\/ptmsrl.com\/fr\/prodotto\/gsa50\/#primaryimage\"},\"thumbnailUrl\":\"https:\/\/ptmsrl.com\/wp-content\/uploads\/2018\/09\/GSA-50-FGCEGSA50001.jpg\",\"datePublished\":\"2018-09-06T08:36:52+00:00\",\"dateModified\":\"2023-07-04T12:53:47+00:00\",\"breadcrumb\":{\"@id\":\"https:\/\/ptmsrl.com\/fr\/prodotto\/gsa50\/#breadcrumb\"},\"inLanguage\":\"fr-FR\",\"potentialAction\":[{\"@type\":\"ReadAction\",\"target\":[\"https:\/\/ptmsrl.com\/fr\/prodotto\/gsa50\/\"]}]},{\"@type\":\"ImageObject\",\"inLanguage\":\"fr-FR\",\"@id\":\"https:\/\/ptmsrl.com\/fr\/prodotto\/gsa50\/#primaryimage\",\"url\":\"https:\/\/ptmsrl.com\/wp-content\/uploads\/2018\/09\/GSA-50-FGCEGSA50001.jpg\",\"contentUrl\":\"https:\/\/ptmsrl.com\/wp-content\/uploads\/2018\/09\/GSA-50-FGCEGSA50001.jpg\",\"width\":1024,\"height\":1024,\"caption\":\"gsa-50-fgcegsa50001\"},{\"@type\":\"BreadcrumbList\",\"@id\":\"https:\/\/ptmsrl.com\/fr\/prodotto\/gsa50\/#breadcrumb\",\"itemListElement\":[{\"@type\":\"ListItem\",\"position\":1,\"name\":\"Home\",\"item\":\"https:\/\/ptmsrl.com\/fr\/\"},{\"@type\":\"ListItem\",\"position\":2,\"name\":\"Shop\",\"item\":\"https:\/\/ptmsrl.com\/shop\/\"},{\"@type\":\"ListItem\",\"position\":3,\"name\":\"GSA50\"}]},{\"@type\":\"WebSite\",\"@id\":\"https:\/\/ptmsrl.com\/#website\",\"url\":\"https:\/\/ptmsrl.com\/\",\"name\":\"PTM Srl\",\"description\":\"\u041c\u042b \u041f\u0420\u041e\u0418\u0417\u0412\u041e\u0414\u0418\u041c \u041a\u0410\u0427\u0415\u0421\u0422\u0412\u041e, \u041a\u041e\u0422\u041e\u0420\u041e\u0415 \u0418\u041c\u0415\u0415\u0422 \u041e\u0421\u041e\u0411\u042b\u0419 \u0412\u0415\u0421\",\"publisher\":{\"@id\":\"https:\/\/ptmsrl.com\/#organization\"},\"potentialAction\":[{\"@type\":\"SearchAction\",\"target\":{\"@type\":\"EntryPoint\",\"urlTemplate\":\"https:\/\/ptmsrl.com\/?s={search_term_string}\"},\"query-input\":{\"@type\":\"PropertyValueSpecification\",\"valueRequired\":true,\"valueName\":\"search_term_string\"}}],\"inLanguage\":\"fr-FR\"},{\"@type\":\"Organization\",\"@id\":\"https:\/\/ptmsrl.com\/#organization\",\"name\":\"PTM srl\",\"url\":\"https:\/\/ptmsrl.com\/\",\"logo\":{\"@type\":\"ImageObject\",\"inLanguage\":\"fr-FR\",\"@id\":\"https:\/\/ptmsrl.com\/#\/schema\/logo\/image\/\",\"url\":\"https:\/\/ptmsrl.com\/wp-content\/uploads\/2018\/10\/LOGO-PTM.png\",\"contentUrl\":\"https:\/\/ptmsrl.com\/wp-content\/uploads\/2018\/10\/LOGO-PTM.png\",\"width\":1000,\"height\":500,\"caption\":\"PTM srl\"},\"image\":{\"@id\":\"https:\/\/ptmsrl.com\/#\/schema\/logo\/image\/\"},\"sameAs\":[\"https:\/\/www.facebook.com\/believingintechnology\/\",\"https:\/\/x.com\/ptm\",\"https:\/\/www.linkedin.com\/company\/ptm-s-r-l\/\",\"https:\/\/www.youtube.com\/channel\/UCPSOS0MaR-4jDkAD3HkAC7A\"]}]}<\/script>\n<!-- \/ Yoast SEO plugin. -->","yoast_head_json":{"title":"PTM Srl | GSA50","robots":{"index":"index","follow":"follow","max-snippet":"max-snippet:-1","max-image-preview":"max-image-preview:large","max-video-preview":"max-video-preview:-1"},"canonical":"https:\/\/ptmsrl.com\/fr\/prodotto\/gsa50\/","og_locale":"fr_FR","og_type":"article","og_title":"PTM Srl | GSA50","og_description":"Les s\u00e9ries GSA et GPA sont compos\u00e9es par boitiers de contr\u00f4le et gestion efficaces et compactes, particuli\u00e8rement appropri\u00e9s pour des systems de moulage, de m\u00e9lange et de dosage automatique\/manuel. Cette \u00e9lectronique consent de programmer et g\u00e9rer jusqu'\u00e0 99 formules, avec un maximum de 50 composants. En outre, on peut contr\u00f4ler les tapis convoyeurs, moulins, pompes, m\u00e9langeurs, vibreurs, etc., ainsi que le vidage automatique du r\u00e9servoir \u00e0 la fin du chargement. Par moyen d'un \u00e9cran graphique grand et \"panoramique\", d'un clavier tr\u00e8s facile \u00e0 utiliser et d'un menu de navigation intuitif, la programmation et l'ex\u00e9cution de formules aussi complexes sont op\u00e9rations simples et imm\u00e9diates. La gestion des formules et l'activation des moteurs peuvent \u00eatre activ\u00e9es et programm\u00e9es en modalit\u00e9 automatique ou manuelle. L'installation du syst\u00e8me est simple et peut \u00eatre \u00e9quip\u00e9 avec jusqu'\u00e0 124 contacts libres pour brancher le contr\u00f4le de moteurs, valves, etc.","og_url":"https:\/\/ptmsrl.com\/fr\/prodotto\/gsa50\/","og_site_name":"PTM Srl","article_publisher":"https:\/\/www.facebook.com\/believingintechnology\/","article_modified_time":"2023-07-04T12:53:47+00:00","og_image":[{"width":1024,"height":1024,"url":"https:\/\/ptmsrl.com\/wp-content\/uploads\/2018\/09\/GSA-50-FGCEGSA50001.jpg","type":"image\/jpeg"}],"twitter_card":"summary_large_image","twitter_site":"@ptm","twitter_misc":{"Dur\u00e9e de lecture estim\u00e9e":"1 minute"},"schema":{"@context":"https:\/\/schema.org","@graph":[{"@type":"WebPage","@id":"https:\/\/ptmsrl.com\/fr\/prodotto\/gsa50\/","url":"https:\/\/ptmsrl.com\/fr\/prodotto\/gsa50\/","name":"PTM Srl | GSA50","isPartOf":{"@id":"https:\/\/ptmsrl.com\/#website"},"primaryImageOfPage":{"@id":"https:\/\/ptmsrl.com\/fr\/prodotto\/gsa50\/#primaryimage"},"image":{"@id":"https:\/\/ptmsrl.com\/fr\/prodotto\/gsa50\/#primaryimage"},"thumbnailUrl":"https:\/\/ptmsrl.com\/wp-content\/uploads\/2018\/09\/GSA-50-FGCEGSA50001.jpg","datePublished":"2018-09-06T08:36:52+00:00","dateModified":"2023-07-04T12:53:47+00:00","breadcrumb":{"@id":"https:\/\/ptmsrl.com\/fr\/prodotto\/gsa50\/#breadcrumb"},"inLanguage":"fr-FR","potentialAction":[{"@type":"ReadAction","target":["https:\/\/ptmsrl.com\/fr\/prodotto\/gsa50\/"]}]},{"@type":"ImageObject","inLanguage":"fr-FR","@id":"https:\/\/ptmsrl.com\/fr\/prodotto\/gsa50\/#primaryimage","url":"https:\/\/ptmsrl.com\/wp-content\/uploads\/2018\/09\/GSA-50-FGCEGSA50001.jpg","contentUrl":"https:\/\/ptmsrl.com\/wp-content\/uploads\/2018\/09\/GSA-50-FGCEGSA50001.jpg","width":1024,"height":1024,"caption":"gsa-50-fgcegsa50001"},{"@type":"BreadcrumbList","@id":"https:\/\/ptmsrl.com\/fr\/prodotto\/gsa50\/#breadcrumb","itemListElement":[{"@type":"ListItem","position":1,"name":"Home","item":"https:\/\/ptmsrl.com\/fr\/"},{"@type":"ListItem","position":2,"name":"Shop","item":"https:\/\/ptmsrl.com\/shop\/"},{"@type":"ListItem","position":3,"name":"GSA50"}]},{"@type":"WebSite","@id":"https:\/\/ptmsrl.com\/#website","url":"https:\/\/ptmsrl.com\/","name":"PTM Srl","description":"\u041c\u042b \u041f\u0420\u041e\u0418\u0417\u0412\u041e\u0414\u0418\u041c \u041a\u0410\u0427\u0415\u0421\u0422\u0412\u041e, \u041a\u041e\u0422\u041e\u0420\u041e\u0415 \u0418\u041c\u0415\u0415\u0422 \u041e\u0421\u041e\u0411\u042b\u0419 \u0412\u0415\u0421","publisher":{"@id":"https:\/\/ptmsrl.com\/#organization"},"potentialAction":[{"@type":"SearchAction","target":{"@type":"EntryPoint","urlTemplate":"https:\/\/ptmsrl.com\/?s={search_term_string}"},"query-input":{"@type":"PropertyValueSpecification","valueRequired":true,"valueName":"search_term_string"}}],"inLanguage":"fr-FR"},{"@type":"Organization","@id":"https:\/\/ptmsrl.com\/#organization","name":"PTM srl","url":"https:\/\/ptmsrl.com\/","logo":{"@type":"ImageObject","inLanguage":"fr-FR","@id":"https:\/\/ptmsrl.com\/#\/schema\/logo\/image\/","url":"https:\/\/ptmsrl.com\/wp-content\/uploads\/2018\/10\/LOGO-PTM.png","contentUrl":"https:\/\/ptmsrl.com\/wp-content\/uploads\/2018\/10\/LOGO-PTM.png","width":1000,"height":500,"caption":"PTM srl"},"image":{"@id":"https:\/\/ptmsrl.com\/#\/schema\/logo\/image\/"},"sameAs":["https:\/\/www.facebook.com\/believingintechnology\/","https:\/\/x.com\/ptm","https:\/\/www.linkedin.com\/company\/ptm-s-r-l\/","https:\/\/www.youtube.com\/channel\/UCPSOS0MaR-4jDkAD3HkAC7A"]}]}},"_links":{"self":[{"href":"https:\/\/ptmsrl.com\/fr\/wp-json\/wp\/v2\/product\/4580","targetHints":{"allow":["GET"]}}],"collection":[{"href":"https:\/\/ptmsrl.com\/fr\/wp-json\/wp\/v2\/product"}],"about":[{"href":"https:\/\/ptmsrl.com\/fr\/wp-json\/wp\/v2\/types\/product"}],"wp:featuredmedia":[{"embeddable":true,"href":"https:\/\/ptmsrl.com\/fr\/wp-json\/wp\/v2\/media\/4581"}],"wp:attachment":[{"href":"https:\/\/ptmsrl.com\/fr\/wp-json\/wp\/v2\/media?parent=4580"}],"wp:term":[{"taxonomy":"product_brand","embeddable":true,"href":"https:\/\/ptmsrl.com\/fr\/wp-json\/wp\/v2\/product_brand?post=4580"},{"taxonomy":"product_cat","embeddable":true,"href":"https:\/\/ptmsrl.com\/fr\/wp-json\/wp\/v2\/product_cat?post=4580"},{"taxonomy":"product_tag","embeddable":true,"href":"https:\/\/ptmsrl.com\/fr\/wp-json\/wp\/v2\/product_tag?post=4580"}],"curies":[{"name":"wp","href":"https:\/\/api.w.org\/{rel}","templated":true}]}}