{"id":4620,"date":"2018-09-06T11:48:01","date_gmt":"2018-09-06T09:48:01","guid":{"rendered":"https:\/\/ptmsrl.com\/prodotto\/as210\/"},"modified":"2019-07-19T15:45:49","modified_gmt":"2019-07-19T13:45:49","slug":"as210","status":"publish","type":"product","link":"https:\/\/ptmsrl.com\/fr\/prodotto\/as210\/","title":{"rendered":"AS210"},"content":{"rendered":"<ul>\n<li>50 formules<\/li>\n<li>1 Composant pour formule<\/li>\n<li>Vidange automatique ou manuel<\/li>\n<li>Connexion \u00e0 imprimante (optionelle)<\/li>\n<li>Mise \u00e0 z\u00e9ro automatique ou manuelle<\/li>\n<li>Contr\u00f4le de l&rsquo;int\u00e9grit\u00e9 du produit<\/li>\n<li>Cycles qui peuvent \u00eatre num\u00e9rot\u00e9s ou infinis<\/li>\n<li>Mise en train de l&rsquo;acc\u00e8s ext\u00e9rieur de la charge<\/li>\n<li>Mise en train de l&rsquo;acc\u00e8s ext\u00e9rieur de la vidange<\/li>\n<li>Mise \u00e0 z\u00e9ro de l&rsquo;acc\u00e8s ext\u00e9rieur<\/li>\n<li>Pause de l&rsquo;acc\u00e8s ext\u00e9rieur<\/li>\n<li>Mise \u00e0 z\u00e9ro du cycle d&rsquo;acc\u00e8s ext\u00e9rieur<\/li>\n<li>Vols manuels ou automatiques qui peuvent \u00eatre \u00e9tablis pour chaque formule<\/li>\n<li>Temps de cycle chargeables pour chaque formule<\/li>\n<li>Possibilit\u00e9 de nombrer les formules<\/li>\n<li>Calibrage par valeurs de plaque des capteurs<\/li>\n<li>Calibrage par table capteurs<\/li>\n<li>Calibrage par poids \u00e9talon<\/li>\n<li>Compte des cycles ex\u00e9cut\u00e9s avec moyennes sur les consommations par formule<\/li>\n<\/ul>\n","protected":false},"excerpt":{"rendered":"<h3>Bo\u00eetier industriel<\/h3>\n<p align=\"justify\">Le Bo\u00eetier AS210 a \u00e9t\u00e9 con\u00e7u pour le pesage et le dosage pour lignes d&#8217;emballage automatiques, il est contenu dans une bo\u00eete avec dimensions r\u00e9duites et \u00e9quip\u00e9 par coupe-circuits auto-r\u00e9tablissant comme protection contre les inversions d&rsquo;alimentation et les surcourants, en r\u00e9sultant indiqu\u00e9 pour l&rsquo;installation dans une armoire \u00e9lectrique. Le bo\u00eetier AS210 est \u00e9quip\u00e9 de double display, un LCD retro-\u00e9clair\u00e9 pour la visualisation des menus et des travaux en cours, et yun \u00e0 DEL avec 6 digit \u00e0 luminosit\u00e9 et visibilit\u00e9 \u00e9lev\u00e9es, utilis\u00e9 exclusivement pour la visualisation des poids. Le bo\u00eetier AS210 pr\u00e9voit le contr\u00f4le du chargement du composant, la vidange, il g\u00e8re les poids de vol, l&rsquo;alarme d&rsquo;int\u00e9grit\u00e9 du produit et du manque du composant et autres fonctions.<\/p>\n<p align=\"justify\">Comme tous les syst\u00e8mes de pesage PTM, le bo\u00eetier AS210 est \u00e9quip\u00e9 de syst\u00e8me multilangue, contr\u00f4le de la garantie et relev\u00e9 de date et heure d&rsquo;eventuels surcharges.<\/p>\n","protected":false},"featured_media":4601,"template":"","meta":{"inline_featured_image":false},"product_brand":[],"product_cat":[229],"product_tag":[],"class_list":{"0":"post-4620","1":"product","2":"type-product","3":"status-publish","4":"has-post-thumbnail","6":"product_cat-serie-as-fr","8":"first","9":"instock","10":"downloadable","11":"shipping-taxable","12":"product-type-simple"},"yoast_head":"<!-- This site is optimized with the Yoast SEO plugin v25.3 - https:\/\/yoast.com\/wordpress\/plugins\/seo\/ -->\n<title>PTM Srl | AS210<\/title>\n<meta name=\"robots\" content=\"index, follow, max-snippet:-1, max-image-preview:large, max-video-preview:-1\" \/>\n<link rel=\"canonical\" href=\"https:\/\/ptmsrl.com\/fr\/prodotto\/as210\/\" \/>\n<meta property=\"og:locale\" content=\"fr_FR\" \/>\n<meta property=\"og:type\" content=\"article\" \/>\n<meta property=\"og:title\" content=\"PTM Srl | AS210\" \/>\n<meta property=\"og:description\" content=\"Bo\u00eetier industriel Le Bo\u00eetier AS210 a \u00e9t\u00e9 con\u00e7u pour le pesage et le dosage pour lignes d&#039;emballage automatiques, il est contenu dans une bo\u00eete avec dimensions r\u00e9duites et \u00e9quip\u00e9 par coupe-circuits auto-r\u00e9tablissant comme protection contre les inversions d&#039;alimentation et les surcourants, en r\u00e9sultant indiqu\u00e9 pour l&#039;installation dans une armoire \u00e9lectrique. Le bo\u00eetier AS210 est \u00e9quip\u00e9 de double display, un LCD retro-\u00e9clair\u00e9 pour la visualisation des menus et des travaux en cours, et yun \u00e0 DEL avec 6 digit \u00e0 luminosit\u00e9 et visibilit\u00e9 \u00e9lev\u00e9es, utilis\u00e9 exclusivement pour la visualisation des poids. Le bo\u00eetier AS210 pr\u00e9voit le contr\u00f4le du chargement du composant, la vidange, il g\u00e8re les poids de vol, l&#039;alarme d&#039;int\u00e9grit\u00e9 du produit et du manque du composant et autres fonctions. Comme tous les syst\u00e8mes de pesage PTM, le bo\u00eetier AS210 est \u00e9quip\u00e9 de syst\u00e8me multilangue, contr\u00f4le de la garantie et relev\u00e9 de date et heure d&#039;eventuels surcharges.\" \/>\n<meta property=\"og:url\" content=\"https:\/\/ptmsrl.com\/fr\/prodotto\/as210\/\" \/>\n<meta property=\"og:site_name\" content=\"PTM Srl\" \/>\n<meta property=\"article:publisher\" content=\"https:\/\/www.facebook.com\/believingintechnology\/\" \/>\n<meta property=\"article:modified_time\" content=\"2019-07-19T13:45:49+00:00\" \/>\n<meta property=\"og:image\" content=\"https:\/\/ptmsrl.com\/wp-content\/uploads\/2018\/09\/AS.jpg\" \/>\n\t<meta property=\"og:image:width\" content=\"1024\" \/>\n\t<meta property=\"og:image:height\" content=\"1024\" \/>\n\t<meta property=\"og:image:type\" content=\"image\/jpeg\" \/>\n<meta name=\"twitter:card\" content=\"summary_large_image\" \/>\n<meta name=\"twitter:site\" content=\"@ptm\" \/>\n<meta name=\"twitter:label1\" content=\"Dur\u00e9e de lecture estim\u00e9e\" \/>\n\t<meta name=\"twitter:data1\" content=\"1 minute\" \/>\n<script type=\"application\/ld+json\" class=\"yoast-schema-graph\">{\"@context\":\"https:\/\/schema.org\",\"@graph\":[{\"@type\":\"WebPage\",\"@id\":\"https:\/\/ptmsrl.com\/fr\/prodotto\/as210\/\",\"url\":\"https:\/\/ptmsrl.com\/fr\/prodotto\/as210\/\",\"name\":\"PTM Srl | AS210\",\"isPartOf\":{\"@id\":\"https:\/\/ptmsrl.com\/#website\"},\"primaryImageOfPage\":{\"@id\":\"https:\/\/ptmsrl.com\/fr\/prodotto\/as210\/#primaryimage\"},\"image\":{\"@id\":\"https:\/\/ptmsrl.com\/fr\/prodotto\/as210\/#primaryimage\"},\"thumbnailUrl\":\"https:\/\/ptmsrl.com\/wp-content\/uploads\/2018\/09\/AS.jpg\",\"datePublished\":\"2018-09-06T09:48:01+00:00\",\"dateModified\":\"2019-07-19T13:45:49+00:00\",\"breadcrumb\":{\"@id\":\"https:\/\/ptmsrl.com\/fr\/prodotto\/as210\/#breadcrumb\"},\"inLanguage\":\"fr-FR\",\"potentialAction\":[{\"@type\":\"ReadAction\",\"target\":[\"https:\/\/ptmsrl.com\/fr\/prodotto\/as210\/\"]}]},{\"@type\":\"ImageObject\",\"inLanguage\":\"fr-FR\",\"@id\":\"https:\/\/ptmsrl.com\/fr\/prodotto\/as210\/#primaryimage\",\"url\":\"https:\/\/ptmsrl.com\/wp-content\/uploads\/2018\/09\/AS.jpg\",\"contentUrl\":\"https:\/\/ptmsrl.com\/wp-content\/uploads\/2018\/09\/AS.jpg\",\"width\":1024,\"height\":1024,\"caption\":\"as\"},{\"@type\":\"BreadcrumbList\",\"@id\":\"https:\/\/ptmsrl.com\/fr\/prodotto\/as210\/#breadcrumb\",\"itemListElement\":[{\"@type\":\"ListItem\",\"position\":1,\"name\":\"Home\",\"item\":\"https:\/\/ptmsrl.com\/fr\/\"},{\"@type\":\"ListItem\",\"position\":2,\"name\":\"Shop\",\"item\":\"https:\/\/ptmsrl.com\/shop\/\"},{\"@type\":\"ListItem\",\"position\":3,\"name\":\"AS210\"}]},{\"@type\":\"WebSite\",\"@id\":\"https:\/\/ptmsrl.com\/#website\",\"url\":\"https:\/\/ptmsrl.com\/\",\"name\":\"PTM Srl\",\"description\":\"\u041c\u042b \u041f\u0420\u041e\u0418\u0417\u0412\u041e\u0414\u0418\u041c \u041a\u0410\u0427\u0415\u0421\u0422\u0412\u041e, \u041a\u041e\u0422\u041e\u0420\u041e\u0415 \u0418\u041c\u0415\u0415\u0422 \u041e\u0421\u041e\u0411\u042b\u0419 \u0412\u0415\u0421\",\"publisher\":{\"@id\":\"https:\/\/ptmsrl.com\/#organization\"},\"potentialAction\":[{\"@type\":\"SearchAction\",\"target\":{\"@type\":\"EntryPoint\",\"urlTemplate\":\"https:\/\/ptmsrl.com\/?s={search_term_string}\"},\"query-input\":{\"@type\":\"PropertyValueSpecification\",\"valueRequired\":true,\"valueName\":\"search_term_string\"}}],\"inLanguage\":\"fr-FR\"},{\"@type\":\"Organization\",\"@id\":\"https:\/\/ptmsrl.com\/#organization\",\"name\":\"PTM srl\",\"url\":\"https:\/\/ptmsrl.com\/\",\"logo\":{\"@type\":\"ImageObject\",\"inLanguage\":\"fr-FR\",\"@id\":\"https:\/\/ptmsrl.com\/#\/schema\/logo\/image\/\",\"url\":\"https:\/\/ptmsrl.com\/wp-content\/uploads\/2018\/10\/LOGO-PTM.png\",\"contentUrl\":\"https:\/\/ptmsrl.com\/wp-content\/uploads\/2018\/10\/LOGO-PTM.png\",\"width\":1000,\"height\":500,\"caption\":\"PTM srl\"},\"image\":{\"@id\":\"https:\/\/ptmsrl.com\/#\/schema\/logo\/image\/\"},\"sameAs\":[\"https:\/\/www.facebook.com\/believingintechnology\/\",\"https:\/\/x.com\/ptm\",\"https:\/\/www.linkedin.com\/company\/ptm-s-r-l\/\",\"https:\/\/www.youtube.com\/channel\/UCPSOS0MaR-4jDkAD3HkAC7A\"]}]}<\/script>\n<!-- \/ Yoast SEO plugin. -->","yoast_head_json":{"title":"PTM Srl | AS210","robots":{"index":"index","follow":"follow","max-snippet":"max-snippet:-1","max-image-preview":"max-image-preview:large","max-video-preview":"max-video-preview:-1"},"canonical":"https:\/\/ptmsrl.com\/fr\/prodotto\/as210\/","og_locale":"fr_FR","og_type":"article","og_title":"PTM Srl | AS210","og_description":"Bo\u00eetier industriel Le Bo\u00eetier AS210 a \u00e9t\u00e9 con\u00e7u pour le pesage et le dosage pour lignes d'emballage automatiques, il est contenu dans une bo\u00eete avec dimensions r\u00e9duites et \u00e9quip\u00e9 par coupe-circuits auto-r\u00e9tablissant comme protection contre les inversions d'alimentation et les surcourants, en r\u00e9sultant indiqu\u00e9 pour l'installation dans une armoire \u00e9lectrique. Le bo\u00eetier AS210 est \u00e9quip\u00e9 de double display, un LCD retro-\u00e9clair\u00e9 pour la visualisation des menus et des travaux en cours, et yun \u00e0 DEL avec 6 digit \u00e0 luminosit\u00e9 et visibilit\u00e9 \u00e9lev\u00e9es, utilis\u00e9 exclusivement pour la visualisation des poids. Le bo\u00eetier AS210 pr\u00e9voit le contr\u00f4le du chargement du composant, la vidange, il g\u00e8re les poids de vol, l'alarme d'int\u00e9grit\u00e9 du produit et du manque du composant et autres fonctions. Comme tous les syst\u00e8mes de pesage PTM, le bo\u00eetier AS210 est \u00e9quip\u00e9 de syst\u00e8me multilangue, contr\u00f4le de la garantie et relev\u00e9 de date et heure d'eventuels surcharges.","og_url":"https:\/\/ptmsrl.com\/fr\/prodotto\/as210\/","og_site_name":"PTM Srl","article_publisher":"https:\/\/www.facebook.com\/believingintechnology\/","article_modified_time":"2019-07-19T13:45:49+00:00","og_image":[{"width":1024,"height":1024,"url":"https:\/\/ptmsrl.com\/wp-content\/uploads\/2018\/09\/AS.jpg","type":"image\/jpeg"}],"twitter_card":"summary_large_image","twitter_site":"@ptm","twitter_misc":{"Dur\u00e9e de lecture estim\u00e9e":"1 minute"},"schema":{"@context":"https:\/\/schema.org","@graph":[{"@type":"WebPage","@id":"https:\/\/ptmsrl.com\/fr\/prodotto\/as210\/","url":"https:\/\/ptmsrl.com\/fr\/prodotto\/as210\/","name":"PTM Srl | AS210","isPartOf":{"@id":"https:\/\/ptmsrl.com\/#website"},"primaryImageOfPage":{"@id":"https:\/\/ptmsrl.com\/fr\/prodotto\/as210\/#primaryimage"},"image":{"@id":"https:\/\/ptmsrl.com\/fr\/prodotto\/as210\/#primaryimage"},"thumbnailUrl":"https:\/\/ptmsrl.com\/wp-content\/uploads\/2018\/09\/AS.jpg","datePublished":"2018-09-06T09:48:01+00:00","dateModified":"2019-07-19T13:45:49+00:00","breadcrumb":{"@id":"https:\/\/ptmsrl.com\/fr\/prodotto\/as210\/#breadcrumb"},"inLanguage":"fr-FR","potentialAction":[{"@type":"ReadAction","target":["https:\/\/ptmsrl.com\/fr\/prodotto\/as210\/"]}]},{"@type":"ImageObject","inLanguage":"fr-FR","@id":"https:\/\/ptmsrl.com\/fr\/prodotto\/as210\/#primaryimage","url":"https:\/\/ptmsrl.com\/wp-content\/uploads\/2018\/09\/AS.jpg","contentUrl":"https:\/\/ptmsrl.com\/wp-content\/uploads\/2018\/09\/AS.jpg","width":1024,"height":1024,"caption":"as"},{"@type":"BreadcrumbList","@id":"https:\/\/ptmsrl.com\/fr\/prodotto\/as210\/#breadcrumb","itemListElement":[{"@type":"ListItem","position":1,"name":"Home","item":"https:\/\/ptmsrl.com\/fr\/"},{"@type":"ListItem","position":2,"name":"Shop","item":"https:\/\/ptmsrl.com\/shop\/"},{"@type":"ListItem","position":3,"name":"AS210"}]},{"@type":"WebSite","@id":"https:\/\/ptmsrl.com\/#website","url":"https:\/\/ptmsrl.com\/","name":"PTM Srl","description":"\u041c\u042b \u041f\u0420\u041e\u0418\u0417\u0412\u041e\u0414\u0418\u041c \u041a\u0410\u0427\u0415\u0421\u0422\u0412\u041e, \u041a\u041e\u0422\u041e\u0420\u041e\u0415 \u0418\u041c\u0415\u0415\u0422 \u041e\u0421\u041e\u0411\u042b\u0419 \u0412\u0415\u0421","publisher":{"@id":"https:\/\/ptmsrl.com\/#organization"},"potentialAction":[{"@type":"SearchAction","target":{"@type":"EntryPoint","urlTemplate":"https:\/\/ptmsrl.com\/?s={search_term_string}"},"query-input":{"@type":"PropertyValueSpecification","valueRequired":true,"valueName":"search_term_string"}}],"inLanguage":"fr-FR"},{"@type":"Organization","@id":"https:\/\/ptmsrl.com\/#organization","name":"PTM srl","url":"https:\/\/ptmsrl.com\/","logo":{"@type":"ImageObject","inLanguage":"fr-FR","@id":"https:\/\/ptmsrl.com\/#\/schema\/logo\/image\/","url":"https:\/\/ptmsrl.com\/wp-content\/uploads\/2018\/10\/LOGO-PTM.png","contentUrl":"https:\/\/ptmsrl.com\/wp-content\/uploads\/2018\/10\/LOGO-PTM.png","width":1000,"height":500,"caption":"PTM srl"},"image":{"@id":"https:\/\/ptmsrl.com\/#\/schema\/logo\/image\/"},"sameAs":["https:\/\/www.facebook.com\/believingintechnology\/","https:\/\/x.com\/ptm","https:\/\/www.linkedin.com\/company\/ptm-s-r-l\/","https:\/\/www.youtube.com\/channel\/UCPSOS0MaR-4jDkAD3HkAC7A"]}]}},"_links":{"self":[{"href":"https:\/\/ptmsrl.com\/fr\/wp-json\/wp\/v2\/product\/4620","targetHints":{"allow":["GET"]}}],"collection":[{"href":"https:\/\/ptmsrl.com\/fr\/wp-json\/wp\/v2\/product"}],"about":[{"href":"https:\/\/ptmsrl.com\/fr\/wp-json\/wp\/v2\/types\/product"}],"wp:featuredmedia":[{"embeddable":true,"href":"https:\/\/ptmsrl.com\/fr\/wp-json\/wp\/v2\/media\/4601"}],"wp:attachment":[{"href":"https:\/\/ptmsrl.com\/fr\/wp-json\/wp\/v2\/media?parent=4620"}],"wp:term":[{"taxonomy":"product_brand","embeddable":true,"href":"https:\/\/ptmsrl.com\/fr\/wp-json\/wp\/v2\/product_brand?post=4620"},{"taxonomy":"product_cat","embeddable":true,"href":"https:\/\/ptmsrl.com\/fr\/wp-json\/wp\/v2\/product_cat?post=4620"},{"taxonomy":"product_tag","embeddable":true,"href":"https:\/\/ptmsrl.com\/fr\/wp-json\/wp\/v2\/product_tag?post=4620"}],"curies":[{"name":"wp","href":"https:\/\/api.w.org\/{rel}","templated":true}]}}