{"id":4691,"date":"2018-09-06T16:13:03","date_gmt":"2018-09-06T14:13:03","guid":{"rendered":"https:\/\/ptmsrl.com\/prodotto\/wxs\/"},"modified":"2019-07-22T18:03:41","modified_gmt":"2019-07-22T16:03:41","slug":"wxs","status":"publish","type":"product","link":"https:\/\/ptmsrl.com\/fr\/prodotto\/wxs\/","title":{"rendered":"WXs"},"content":{"rendered":"<ul>\n<li>Poids brut<\/li>\n<li>Poids net<\/li>\n<li>Tare<\/li>\n<li>Homologation<\/li>\n<\/ul>\n","protected":false},"excerpt":{"rendered":"<h3>Syst\u00e8me pour le pesage homologu\u00e9<\/h3>\n<p align=\"justify\">La centrale a \u00e9t\u00e9 con\u00e7ue pour \u00eatre utilis\u00e9e exclusivement comme composant de balances non automatiques. Toute autre utilisation n\u2019est pas autoris\u00e9e. Avec des balances homologu\u00e9es (l\u00e9gales pour le commerce), il faudra respecter les r\u00e8glements nationaux pour le pesage et pour la s\u00e9curit\u00e9. Le syst\u00e8me P.O. est un amplificateur de mesure pour la connexion de capteurs de chargement ou balances \u00e0 extensom\u00e8tres de type commercial. Le signal du capteur est amplifi\u00e9 et num\u00e9rique. Toutes les \u00e9laborations ult\u00e9rieures sont num\u00e9riques et sont effectu\u00e9es par un microprocesseur. La t\u00f4le frontale est produite avec des mat\u00e9riaux de qualit\u00e9 \u00e9lev\u00e9e et est adapt\u00e9e pour \u00eatre utilis\u00e9e \u00e0 l\u2019ext\u00e9rieur.<\/p>\n","protected":false},"featured_media":4692,"template":"","meta":{"inline_featured_image":false},"product_brand":[],"product_cat":[235],"product_tag":[],"class_list":{"0":"post-4691","1":"product","2":"type-product","3":"status-publish","4":"has-post-thumbnail","6":"product_cat-solutions-sur-mesure","8":"first","9":"instock","10":"downloadable","11":"shipping-taxable","12":"product-type-simple"},"yoast_head":"<!-- This site is optimized with the Yoast SEO plugin v25.3 - https:\/\/yoast.com\/wordpress\/plugins\/seo\/ -->\n<title>PTM Srl | WXs<\/title>\n<meta name=\"robots\" content=\"index, follow, max-snippet:-1, max-image-preview:large, max-video-preview:-1\" \/>\n<link rel=\"canonical\" href=\"https:\/\/ptmsrl.com\/fr\/prodotto\/wxs\/\" \/>\n<meta property=\"og:locale\" content=\"fr_FR\" \/>\n<meta property=\"og:type\" content=\"article\" \/>\n<meta property=\"og:title\" content=\"PTM Srl | WXs\" \/>\n<meta property=\"og:description\" content=\"Syst\u00e8me pour le pesage homologu\u00e9 La centrale a \u00e9t\u00e9 con\u00e7ue pour \u00eatre utilis\u00e9e exclusivement comme composant de balances non automatiques. Toute autre utilisation n\u2019est pas autoris\u00e9e. Avec des balances homologu\u00e9es (l\u00e9gales pour le commerce), il faudra respecter les r\u00e8glements nationaux pour le pesage et pour la s\u00e9curit\u00e9. Le syst\u00e8me P.O. est un amplificateur de mesure pour la connexion de capteurs de chargement ou balances \u00e0 extensom\u00e8tres de type commercial. Le signal du capteur est amplifi\u00e9 et num\u00e9rique. Toutes les \u00e9laborations ult\u00e9rieures sont num\u00e9riques et sont effectu\u00e9es par un microprocesseur. La t\u00f4le frontale est produite avec des mat\u00e9riaux de qualit\u00e9 \u00e9lev\u00e9e et est adapt\u00e9e pour \u00eatre utilis\u00e9e \u00e0 l\u2019ext\u00e9rieur.\" \/>\n<meta property=\"og:url\" content=\"https:\/\/ptmsrl.com\/fr\/prodotto\/wxs\/\" \/>\n<meta property=\"og:site_name\" content=\"PTM Srl\" \/>\n<meta property=\"article:publisher\" content=\"https:\/\/www.facebook.com\/believingintechnology\/\" \/>\n<meta property=\"article:modified_time\" content=\"2019-07-22T16:03:41+00:00\" \/>\n<meta property=\"og:image\" content=\"https:\/\/ptmsrl.com\/wp-content\/uploads\/2018\/09\/WX20.jpg\" \/>\n\t<meta property=\"og:image:width\" content=\"1024\" \/>\n\t<meta property=\"og:image:height\" content=\"1024\" \/>\n\t<meta property=\"og:image:type\" content=\"image\/jpeg\" \/>\n<meta name=\"twitter:card\" content=\"summary_large_image\" \/>\n<meta name=\"twitter:site\" content=\"@ptm\" \/>\n<script type=\"application\/ld+json\" class=\"yoast-schema-graph\">{\"@context\":\"https:\/\/schema.org\",\"@graph\":[{\"@type\":\"WebPage\",\"@id\":\"https:\/\/ptmsrl.com\/fr\/prodotto\/wxs\/\",\"url\":\"https:\/\/ptmsrl.com\/fr\/prodotto\/wxs\/\",\"name\":\"PTM Srl | WXs\",\"isPartOf\":{\"@id\":\"https:\/\/ptmsrl.com\/#website\"},\"primaryImageOfPage\":{\"@id\":\"https:\/\/ptmsrl.com\/fr\/prodotto\/wxs\/#primaryimage\"},\"image\":{\"@id\":\"https:\/\/ptmsrl.com\/fr\/prodotto\/wxs\/#primaryimage\"},\"thumbnailUrl\":\"https:\/\/ptmsrl.com\/wp-content\/uploads\/2018\/09\/WX20.jpg\",\"datePublished\":\"2018-09-06T14:13:03+00:00\",\"dateModified\":\"2019-07-22T16:03:41+00:00\",\"breadcrumb\":{\"@id\":\"https:\/\/ptmsrl.com\/fr\/prodotto\/wxs\/#breadcrumb\"},\"inLanguage\":\"fr-FR\",\"potentialAction\":[{\"@type\":\"ReadAction\",\"target\":[\"https:\/\/ptmsrl.com\/fr\/prodotto\/wxs\/\"]}]},{\"@type\":\"ImageObject\",\"inLanguage\":\"fr-FR\",\"@id\":\"https:\/\/ptmsrl.com\/fr\/prodotto\/wxs\/#primaryimage\",\"url\":\"https:\/\/ptmsrl.com\/wp-content\/uploads\/2018\/09\/WX20.jpg\",\"contentUrl\":\"https:\/\/ptmsrl.com\/wp-content\/uploads\/2018\/09\/WX20.jpg\",\"width\":1024,\"height\":1024,\"caption\":\"wx20\"},{\"@type\":\"BreadcrumbList\",\"@id\":\"https:\/\/ptmsrl.com\/fr\/prodotto\/wxs\/#breadcrumb\",\"itemListElement\":[{\"@type\":\"ListItem\",\"position\":1,\"name\":\"Home\",\"item\":\"https:\/\/ptmsrl.com\/fr\/\"},{\"@type\":\"ListItem\",\"position\":2,\"name\":\"Shop\",\"item\":\"https:\/\/ptmsrl.com\/shop\/\"},{\"@type\":\"ListItem\",\"position\":3,\"name\":\"WXs\"}]},{\"@type\":\"WebSite\",\"@id\":\"https:\/\/ptmsrl.com\/#website\",\"url\":\"https:\/\/ptmsrl.com\/\",\"name\":\"PTM Srl\",\"description\":\"\u041c\u042b \u041f\u0420\u041e\u0418\u0417\u0412\u041e\u0414\u0418\u041c \u041a\u0410\u0427\u0415\u0421\u0422\u0412\u041e, \u041a\u041e\u0422\u041e\u0420\u041e\u0415 \u0418\u041c\u0415\u0415\u0422 \u041e\u0421\u041e\u0411\u042b\u0419 \u0412\u0415\u0421\",\"publisher\":{\"@id\":\"https:\/\/ptmsrl.com\/#organization\"},\"potentialAction\":[{\"@type\":\"SearchAction\",\"target\":{\"@type\":\"EntryPoint\",\"urlTemplate\":\"https:\/\/ptmsrl.com\/?s={search_term_string}\"},\"query-input\":{\"@type\":\"PropertyValueSpecification\",\"valueRequired\":true,\"valueName\":\"search_term_string\"}}],\"inLanguage\":\"fr-FR\"},{\"@type\":\"Organization\",\"@id\":\"https:\/\/ptmsrl.com\/#organization\",\"name\":\"PTM srl\",\"url\":\"https:\/\/ptmsrl.com\/\",\"logo\":{\"@type\":\"ImageObject\",\"inLanguage\":\"fr-FR\",\"@id\":\"https:\/\/ptmsrl.com\/#\/schema\/logo\/image\/\",\"url\":\"https:\/\/ptmsrl.com\/wp-content\/uploads\/2018\/10\/LOGO-PTM.png\",\"contentUrl\":\"https:\/\/ptmsrl.com\/wp-content\/uploads\/2018\/10\/LOGO-PTM.png\",\"width\":1000,\"height\":500,\"caption\":\"PTM srl\"},\"image\":{\"@id\":\"https:\/\/ptmsrl.com\/#\/schema\/logo\/image\/\"},\"sameAs\":[\"https:\/\/www.facebook.com\/believingintechnology\/\",\"https:\/\/x.com\/ptm\",\"https:\/\/www.linkedin.com\/company\/ptm-s-r-l\/\",\"https:\/\/www.youtube.com\/channel\/UCPSOS0MaR-4jDkAD3HkAC7A\"]}]}<\/script>\n<!-- \/ Yoast SEO plugin. -->","yoast_head_json":{"title":"PTM Srl | WXs","robots":{"index":"index","follow":"follow","max-snippet":"max-snippet:-1","max-image-preview":"max-image-preview:large","max-video-preview":"max-video-preview:-1"},"canonical":"https:\/\/ptmsrl.com\/fr\/prodotto\/wxs\/","og_locale":"fr_FR","og_type":"article","og_title":"PTM Srl | WXs","og_description":"Syst\u00e8me pour le pesage homologu\u00e9 La centrale a \u00e9t\u00e9 con\u00e7ue pour \u00eatre utilis\u00e9e exclusivement comme composant de balances non automatiques. Toute autre utilisation n\u2019est pas autoris\u00e9e. Avec des balances homologu\u00e9es (l\u00e9gales pour le commerce), il faudra respecter les r\u00e8glements nationaux pour le pesage et pour la s\u00e9curit\u00e9. Le syst\u00e8me P.O. est un amplificateur de mesure pour la connexion de capteurs de chargement ou balances \u00e0 extensom\u00e8tres de type commercial. Le signal du capteur est amplifi\u00e9 et num\u00e9rique. Toutes les \u00e9laborations ult\u00e9rieures sont num\u00e9riques et sont effectu\u00e9es par un microprocesseur. La t\u00f4le frontale est produite avec des mat\u00e9riaux de qualit\u00e9 \u00e9lev\u00e9e et est adapt\u00e9e pour \u00eatre utilis\u00e9e \u00e0 l\u2019ext\u00e9rieur.","og_url":"https:\/\/ptmsrl.com\/fr\/prodotto\/wxs\/","og_site_name":"PTM Srl","article_publisher":"https:\/\/www.facebook.com\/believingintechnology\/","article_modified_time":"2019-07-22T16:03:41+00:00","og_image":[{"width":1024,"height":1024,"url":"https:\/\/ptmsrl.com\/wp-content\/uploads\/2018\/09\/WX20.jpg","type":"image\/jpeg"}],"twitter_card":"summary_large_image","twitter_site":"@ptm","schema":{"@context":"https:\/\/schema.org","@graph":[{"@type":"WebPage","@id":"https:\/\/ptmsrl.com\/fr\/prodotto\/wxs\/","url":"https:\/\/ptmsrl.com\/fr\/prodotto\/wxs\/","name":"PTM Srl | WXs","isPartOf":{"@id":"https:\/\/ptmsrl.com\/#website"},"primaryImageOfPage":{"@id":"https:\/\/ptmsrl.com\/fr\/prodotto\/wxs\/#primaryimage"},"image":{"@id":"https:\/\/ptmsrl.com\/fr\/prodotto\/wxs\/#primaryimage"},"thumbnailUrl":"https:\/\/ptmsrl.com\/wp-content\/uploads\/2018\/09\/WX20.jpg","datePublished":"2018-09-06T14:13:03+00:00","dateModified":"2019-07-22T16:03:41+00:00","breadcrumb":{"@id":"https:\/\/ptmsrl.com\/fr\/prodotto\/wxs\/#breadcrumb"},"inLanguage":"fr-FR","potentialAction":[{"@type":"ReadAction","target":["https:\/\/ptmsrl.com\/fr\/prodotto\/wxs\/"]}]},{"@type":"ImageObject","inLanguage":"fr-FR","@id":"https:\/\/ptmsrl.com\/fr\/prodotto\/wxs\/#primaryimage","url":"https:\/\/ptmsrl.com\/wp-content\/uploads\/2018\/09\/WX20.jpg","contentUrl":"https:\/\/ptmsrl.com\/wp-content\/uploads\/2018\/09\/WX20.jpg","width":1024,"height":1024,"caption":"wx20"},{"@type":"BreadcrumbList","@id":"https:\/\/ptmsrl.com\/fr\/prodotto\/wxs\/#breadcrumb","itemListElement":[{"@type":"ListItem","position":1,"name":"Home","item":"https:\/\/ptmsrl.com\/fr\/"},{"@type":"ListItem","position":2,"name":"Shop","item":"https:\/\/ptmsrl.com\/shop\/"},{"@type":"ListItem","position":3,"name":"WXs"}]},{"@type":"WebSite","@id":"https:\/\/ptmsrl.com\/#website","url":"https:\/\/ptmsrl.com\/","name":"PTM Srl","description":"\u041c\u042b \u041f\u0420\u041e\u0418\u0417\u0412\u041e\u0414\u0418\u041c \u041a\u0410\u0427\u0415\u0421\u0422\u0412\u041e, \u041a\u041e\u0422\u041e\u0420\u041e\u0415 \u0418\u041c\u0415\u0415\u0422 \u041e\u0421\u041e\u0411\u042b\u0419 \u0412\u0415\u0421","publisher":{"@id":"https:\/\/ptmsrl.com\/#organization"},"potentialAction":[{"@type":"SearchAction","target":{"@type":"EntryPoint","urlTemplate":"https:\/\/ptmsrl.com\/?s={search_term_string}"},"query-input":{"@type":"PropertyValueSpecification","valueRequired":true,"valueName":"search_term_string"}}],"inLanguage":"fr-FR"},{"@type":"Organization","@id":"https:\/\/ptmsrl.com\/#organization","name":"PTM srl","url":"https:\/\/ptmsrl.com\/","logo":{"@type":"ImageObject","inLanguage":"fr-FR","@id":"https:\/\/ptmsrl.com\/#\/schema\/logo\/image\/","url":"https:\/\/ptmsrl.com\/wp-content\/uploads\/2018\/10\/LOGO-PTM.png","contentUrl":"https:\/\/ptmsrl.com\/wp-content\/uploads\/2018\/10\/LOGO-PTM.png","width":1000,"height":500,"caption":"PTM srl"},"image":{"@id":"https:\/\/ptmsrl.com\/#\/schema\/logo\/image\/"},"sameAs":["https:\/\/www.facebook.com\/believingintechnology\/","https:\/\/x.com\/ptm","https:\/\/www.linkedin.com\/company\/ptm-s-r-l\/","https:\/\/www.youtube.com\/channel\/UCPSOS0MaR-4jDkAD3HkAC7A"]}]}},"_links":{"self":[{"href":"https:\/\/ptmsrl.com\/fr\/wp-json\/wp\/v2\/product\/4691","targetHints":{"allow":["GET"]}}],"collection":[{"href":"https:\/\/ptmsrl.com\/fr\/wp-json\/wp\/v2\/product"}],"about":[{"href":"https:\/\/ptmsrl.com\/fr\/wp-json\/wp\/v2\/types\/product"}],"wp:featuredmedia":[{"embeddable":true,"href":"https:\/\/ptmsrl.com\/fr\/wp-json\/wp\/v2\/media\/4692"}],"wp:attachment":[{"href":"https:\/\/ptmsrl.com\/fr\/wp-json\/wp\/v2\/media?parent=4691"}],"wp:term":[{"taxonomy":"product_brand","embeddable":true,"href":"https:\/\/ptmsrl.com\/fr\/wp-json\/wp\/v2\/product_brand?post=4691"},{"taxonomy":"product_cat","embeddable":true,"href":"https:\/\/ptmsrl.com\/fr\/wp-json\/wp\/v2\/product_cat?post=4691"},{"taxonomy":"product_tag","embeddable":true,"href":"https:\/\/ptmsrl.com\/fr\/wp-json\/wp\/v2\/product_tag?post=4691"}],"curies":[{"name":"wp","href":"https:\/\/api.w.org\/{rel}","templated":true}]}}