{"id":4905,"date":"2018-09-07T09:35:57","date_gmt":"2018-09-07T07:35:57","guid":{"rendered":"https:\/\/ptmsrl.com\/prodotto\/npk2\/"},"modified":"2025-05-26T15:08:52","modified_gmt":"2025-05-26T13:08:52","slug":"npk2","status":"publish","type":"product","link":"https:\/\/ptmsrl.com\/fr\/prodotto\/npk2\/","title":{"rendered":"NPK2"},"content":{"rendered":"<ul>\n<li>Concentration nourissants en kg\/m3<\/li>\n<li>Impression des acquisitiones<\/li>\n<li>Configuration et lecture des acquisitiones par le programme FertiData<\/li>\n<\/ul>\n","protected":false},"excerpt":{"rendered":"<p>L\u2019article n\u2019est plus en production.<br \/>\nDans le lien ci-dessous, nous indiquons le produit de production le plus r\u00e9cent dot\u00e9 des m\u00eames fonctions.<\/p>\n<a href=\"https:\/\/ptmsrl.com\/fr\/prodotto\/npk3\/\" target=\"Blank\" class=\"button primary is-primary is-medium\"  >\n\t\t<span>Fertimeter NPK3<\/span>\n\t<\/a>\n\n<hr>\n<h3><strong>Systeme electronique pour mesurer la concentration des nutritifs dans les d\u00e9jections liquides zootechniques.<\/strong><\/h3>\n<p aling=\"justify\">Le bo\u00eetier est utilis\u00e9 pour mesurer la concentration des nourrissants dans les d\u00e9jections liquides zootechniques.<br \/>\nLa mesure est obtenue par une sonde qui, en contact avec le lisier \u00e0 analyser, permit de calculer la concentration d&rsquo;azote total (TKN), azote ammoniacal (N-NH4), phosphore (P2O5) et potassium (K2O).<\/p>\n<p aling=\"justify\">Pour chaque typologie de lisier on doit connaitre 4 courbes de corr\u00e9lation, c&rsquo;est-\u00e0-dire 4 graphiques qui d\u00e9crivent la liaison entre la conductivit\u00e9 \u00e9lectrique du lisier et la concentration des 4 nourrissants.<br \/>\nLe bo\u00eetier rel\u00e8ve par la sonde la conductivit\u00e9 \u00e9lectrique du lisier, et \u00e0 travers les courbes de corr\u00e9lation recueille la concentration des nourrissants. C&rsquo;est disponible la version portable (avec batteries) et la version fixe. <\/p>\n<p aling=\"justify\">Pour ce bo\u00eetier-ci on a \u00e0 disposition 3 typologies de sondes: manuel, pour wagon-citerne pour le transport de lisier, et avec des petites sondes pour conteneurs de laboratoire.<\/p>\n","protected":false},"featured_media":4906,"template":"","meta":{"inline_featured_image":false},"product_brand":[],"product_cat":[511],"product_tag":[],"class_list":{"0":"post-4905","1":"product","2":"type-product","3":"status-publish","4":"has-post-thumbnail","6":"product_cat-mettre-a-jour-votre-produit-fr-analyse","8":"first","9":"instock","10":"downloadable","11":"shipping-taxable","12":"product-type-simple"},"yoast_head":"<!-- This site is optimized with the Yoast SEO plugin v25.3 - https:\/\/yoast.com\/wordpress\/plugins\/seo\/ -->\n<title>PTM Srl | NPK2<\/title>\n<meta name=\"robots\" content=\"index, follow, max-snippet:-1, max-image-preview:large, max-video-preview:-1\" \/>\n<link rel=\"canonical\" href=\"https:\/\/ptmsrl.com\/fr\/prodotto\/npk2\/\" \/>\n<meta property=\"og:locale\" content=\"fr_FR\" \/>\n<meta property=\"og:type\" content=\"article\" \/>\n<meta property=\"og:title\" content=\"PTM Srl | NPK2\" \/>\n<meta property=\"og:description\" content=\"L\u2019article n\u2019est plus en production. Dans le lien ci-dessous, nous indiquons le produit de production le plus r\u00e9cent dot\u00e9 des m\u00eames fonctions.     Systeme electronique pour mesurer la concentration des nutritifs dans les d\u00e9jections liquides zootechniques. Le bo\u00eetier est utilis\u00e9 pour mesurer la concentration des nourrissants dans les d\u00e9jections liquides zootechniques. La mesure est obtenue par une sonde qui, en contact avec le lisier \u00e0 analyser, permit de calculer la concentration d&#039;azote total (TKN), azote ammoniacal (N-NH4), phosphore (P2O5) et potassium (K2O). Pour chaque typologie de lisier on doit connaitre 4 courbes de corr\u00e9lation, c&#039;est-\u00e0-dire 4 graphiques qui d\u00e9crivent la liaison entre la conductivit\u00e9 \u00e9lectrique du lisier et la concentration des 4 nourrissants. Le bo\u00eetier rel\u00e8ve par la sonde la conductivit\u00e9 \u00e9lectrique du lisier, et \u00e0 travers les courbes de corr\u00e9lation recueille la concentration des nourrissants. C&#039;est disponible la version portable (avec batteries) et la version fixe.  Pour ce bo\u00eetier-ci on a \u00e0 disposition 3 typologies de sondes: manuel, pour wagon-citerne pour le transport de lisier, et avec des petites sondes pour conteneurs de laboratoire.\" \/>\n<meta property=\"og:url\" content=\"https:\/\/ptmsrl.com\/fr\/prodotto\/npk2\/\" \/>\n<meta property=\"og:site_name\" content=\"PTM Srl\" \/>\n<meta property=\"article:publisher\" content=\"https:\/\/www.facebook.com\/believingintechnology\/\" \/>\n<meta property=\"article:modified_time\" content=\"2025-05-26T13:08:52+00:00\" \/>\n<meta property=\"og:image\" content=\"https:\/\/ptmsrl.com\/wp-content\/uploads\/2018\/09\/NPK2.jpg\" \/>\n\t<meta property=\"og:image:width\" content=\"1024\" \/>\n\t<meta property=\"og:image:height\" content=\"1024\" \/>\n\t<meta property=\"og:image:type\" content=\"image\/jpeg\" \/>\n<meta name=\"twitter:card\" content=\"summary_large_image\" \/>\n<meta name=\"twitter:site\" content=\"@ptm\" \/>\n<meta name=\"twitter:label1\" content=\"Dur\u00e9e de lecture estim\u00e9e\" \/>\n\t<meta name=\"twitter:data1\" content=\"1 minute\" \/>\n<script type=\"application\/ld+json\" class=\"yoast-schema-graph\">{\"@context\":\"https:\/\/schema.org\",\"@graph\":[{\"@type\":\"WebPage\",\"@id\":\"https:\/\/ptmsrl.com\/fr\/prodotto\/npk2\/\",\"url\":\"https:\/\/ptmsrl.com\/fr\/prodotto\/npk2\/\",\"name\":\"PTM Srl | NPK2\",\"isPartOf\":{\"@id\":\"https:\/\/ptmsrl.com\/#website\"},\"primaryImageOfPage\":{\"@id\":\"https:\/\/ptmsrl.com\/fr\/prodotto\/npk2\/#primaryimage\"},\"image\":{\"@id\":\"https:\/\/ptmsrl.com\/fr\/prodotto\/npk2\/#primaryimage\"},\"thumbnailUrl\":\"https:\/\/ptmsrl.com\/wp-content\/uploads\/2018\/09\/NPK2.jpg\",\"datePublished\":\"2018-09-07T07:35:57+00:00\",\"dateModified\":\"2025-05-26T13:08:52+00:00\",\"breadcrumb\":{\"@id\":\"https:\/\/ptmsrl.com\/fr\/prodotto\/npk2\/#breadcrumb\"},\"inLanguage\":\"fr-FR\",\"potentialAction\":[{\"@type\":\"ReadAction\",\"target\":[\"https:\/\/ptmsrl.com\/fr\/prodotto\/npk2\/\"]}]},{\"@type\":\"ImageObject\",\"inLanguage\":\"fr-FR\",\"@id\":\"https:\/\/ptmsrl.com\/fr\/prodotto\/npk2\/#primaryimage\",\"url\":\"https:\/\/ptmsrl.com\/wp-content\/uploads\/2018\/09\/NPK2.jpg\",\"contentUrl\":\"https:\/\/ptmsrl.com\/wp-content\/uploads\/2018\/09\/NPK2.jpg\",\"width\":1024,\"height\":1024,\"caption\":\"npk2\"},{\"@type\":\"BreadcrumbList\",\"@id\":\"https:\/\/ptmsrl.com\/fr\/prodotto\/npk2\/#breadcrumb\",\"itemListElement\":[{\"@type\":\"ListItem\",\"position\":1,\"name\":\"Home\",\"item\":\"https:\/\/ptmsrl.com\/fr\/\"},{\"@type\":\"ListItem\",\"position\":2,\"name\":\"Shop\",\"item\":\"https:\/\/ptmsrl.com\/shop\/\"},{\"@type\":\"ListItem\",\"position\":3,\"name\":\"NPK2\"}]},{\"@type\":\"WebSite\",\"@id\":\"https:\/\/ptmsrl.com\/#website\",\"url\":\"https:\/\/ptmsrl.com\/\",\"name\":\"PTM Srl\",\"description\":\"\u041c\u042b \u041f\u0420\u041e\u0418\u0417\u0412\u041e\u0414\u0418\u041c \u041a\u0410\u0427\u0415\u0421\u0422\u0412\u041e, \u041a\u041e\u0422\u041e\u0420\u041e\u0415 \u0418\u041c\u0415\u0415\u0422 \u041e\u0421\u041e\u0411\u042b\u0419 \u0412\u0415\u0421\",\"publisher\":{\"@id\":\"https:\/\/ptmsrl.com\/#organization\"},\"potentialAction\":[{\"@type\":\"SearchAction\",\"target\":{\"@type\":\"EntryPoint\",\"urlTemplate\":\"https:\/\/ptmsrl.com\/?s={search_term_string}\"},\"query-input\":{\"@type\":\"PropertyValueSpecification\",\"valueRequired\":true,\"valueName\":\"search_term_string\"}}],\"inLanguage\":\"fr-FR\"},{\"@type\":\"Organization\",\"@id\":\"https:\/\/ptmsrl.com\/#organization\",\"name\":\"PTM srl\",\"url\":\"https:\/\/ptmsrl.com\/\",\"logo\":{\"@type\":\"ImageObject\",\"inLanguage\":\"fr-FR\",\"@id\":\"https:\/\/ptmsrl.com\/#\/schema\/logo\/image\/\",\"url\":\"https:\/\/ptmsrl.com\/wp-content\/uploads\/2018\/10\/LOGO-PTM.png\",\"contentUrl\":\"https:\/\/ptmsrl.com\/wp-content\/uploads\/2018\/10\/LOGO-PTM.png\",\"width\":1000,\"height\":500,\"caption\":\"PTM srl\"},\"image\":{\"@id\":\"https:\/\/ptmsrl.com\/#\/schema\/logo\/image\/\"},\"sameAs\":[\"https:\/\/www.facebook.com\/believingintechnology\/\",\"https:\/\/x.com\/ptm\",\"https:\/\/www.linkedin.com\/company\/ptm-s-r-l\/\",\"https:\/\/www.youtube.com\/channel\/UCPSOS0MaR-4jDkAD3HkAC7A\"]}]}<\/script>\n<!-- \/ Yoast SEO plugin. -->","yoast_head_json":{"title":"PTM Srl | NPK2","robots":{"index":"index","follow":"follow","max-snippet":"max-snippet:-1","max-image-preview":"max-image-preview:large","max-video-preview":"max-video-preview:-1"},"canonical":"https:\/\/ptmsrl.com\/fr\/prodotto\/npk2\/","og_locale":"fr_FR","og_type":"article","og_title":"PTM Srl | NPK2","og_description":"L\u2019article n\u2019est plus en production. Dans le lien ci-dessous, nous indiquons le produit de production le plus r\u00e9cent dot\u00e9 des m\u00eames fonctions.     Systeme electronique pour mesurer la concentration des nutritifs dans les d\u00e9jections liquides zootechniques. Le bo\u00eetier est utilis\u00e9 pour mesurer la concentration des nourrissants dans les d\u00e9jections liquides zootechniques. La mesure est obtenue par une sonde qui, en contact avec le lisier \u00e0 analyser, permit de calculer la concentration d'azote total (TKN), azote ammoniacal (N-NH4), phosphore (P2O5) et potassium (K2O). Pour chaque typologie de lisier on doit connaitre 4 courbes de corr\u00e9lation, c'est-\u00e0-dire 4 graphiques qui d\u00e9crivent la liaison entre la conductivit\u00e9 \u00e9lectrique du lisier et la concentration des 4 nourrissants. Le bo\u00eetier rel\u00e8ve par la sonde la conductivit\u00e9 \u00e9lectrique du lisier, et \u00e0 travers les courbes de corr\u00e9lation recueille la concentration des nourrissants. C'est disponible la version portable (avec batteries) et la version fixe.  Pour ce bo\u00eetier-ci on a \u00e0 disposition 3 typologies de sondes: manuel, pour wagon-citerne pour le transport de lisier, et avec des petites sondes pour conteneurs de laboratoire.","og_url":"https:\/\/ptmsrl.com\/fr\/prodotto\/npk2\/","og_site_name":"PTM Srl","article_publisher":"https:\/\/www.facebook.com\/believingintechnology\/","article_modified_time":"2025-05-26T13:08:52+00:00","og_image":[{"width":1024,"height":1024,"url":"https:\/\/ptmsrl.com\/wp-content\/uploads\/2018\/09\/NPK2.jpg","type":"image\/jpeg"}],"twitter_card":"summary_large_image","twitter_site":"@ptm","twitter_misc":{"Dur\u00e9e de lecture estim\u00e9e":"1 minute"},"schema":{"@context":"https:\/\/schema.org","@graph":[{"@type":"WebPage","@id":"https:\/\/ptmsrl.com\/fr\/prodotto\/npk2\/","url":"https:\/\/ptmsrl.com\/fr\/prodotto\/npk2\/","name":"PTM Srl | NPK2","isPartOf":{"@id":"https:\/\/ptmsrl.com\/#website"},"primaryImageOfPage":{"@id":"https:\/\/ptmsrl.com\/fr\/prodotto\/npk2\/#primaryimage"},"image":{"@id":"https:\/\/ptmsrl.com\/fr\/prodotto\/npk2\/#primaryimage"},"thumbnailUrl":"https:\/\/ptmsrl.com\/wp-content\/uploads\/2018\/09\/NPK2.jpg","datePublished":"2018-09-07T07:35:57+00:00","dateModified":"2025-05-26T13:08:52+00:00","breadcrumb":{"@id":"https:\/\/ptmsrl.com\/fr\/prodotto\/npk2\/#breadcrumb"},"inLanguage":"fr-FR","potentialAction":[{"@type":"ReadAction","target":["https:\/\/ptmsrl.com\/fr\/prodotto\/npk2\/"]}]},{"@type":"ImageObject","inLanguage":"fr-FR","@id":"https:\/\/ptmsrl.com\/fr\/prodotto\/npk2\/#primaryimage","url":"https:\/\/ptmsrl.com\/wp-content\/uploads\/2018\/09\/NPK2.jpg","contentUrl":"https:\/\/ptmsrl.com\/wp-content\/uploads\/2018\/09\/NPK2.jpg","width":1024,"height":1024,"caption":"npk2"},{"@type":"BreadcrumbList","@id":"https:\/\/ptmsrl.com\/fr\/prodotto\/npk2\/#breadcrumb","itemListElement":[{"@type":"ListItem","position":1,"name":"Home","item":"https:\/\/ptmsrl.com\/fr\/"},{"@type":"ListItem","position":2,"name":"Shop","item":"https:\/\/ptmsrl.com\/shop\/"},{"@type":"ListItem","position":3,"name":"NPK2"}]},{"@type":"WebSite","@id":"https:\/\/ptmsrl.com\/#website","url":"https:\/\/ptmsrl.com\/","name":"PTM Srl","description":"\u041c\u042b \u041f\u0420\u041e\u0418\u0417\u0412\u041e\u0414\u0418\u041c \u041a\u0410\u0427\u0415\u0421\u0422\u0412\u041e, \u041a\u041e\u0422\u041e\u0420\u041e\u0415 \u0418\u041c\u0415\u0415\u0422 \u041e\u0421\u041e\u0411\u042b\u0419 \u0412\u0415\u0421","publisher":{"@id":"https:\/\/ptmsrl.com\/#organization"},"potentialAction":[{"@type":"SearchAction","target":{"@type":"EntryPoint","urlTemplate":"https:\/\/ptmsrl.com\/?s={search_term_string}"},"query-input":{"@type":"PropertyValueSpecification","valueRequired":true,"valueName":"search_term_string"}}],"inLanguage":"fr-FR"},{"@type":"Organization","@id":"https:\/\/ptmsrl.com\/#organization","name":"PTM srl","url":"https:\/\/ptmsrl.com\/","logo":{"@type":"ImageObject","inLanguage":"fr-FR","@id":"https:\/\/ptmsrl.com\/#\/schema\/logo\/image\/","url":"https:\/\/ptmsrl.com\/wp-content\/uploads\/2018\/10\/LOGO-PTM.png","contentUrl":"https:\/\/ptmsrl.com\/wp-content\/uploads\/2018\/10\/LOGO-PTM.png","width":1000,"height":500,"caption":"PTM srl"},"image":{"@id":"https:\/\/ptmsrl.com\/#\/schema\/logo\/image\/"},"sameAs":["https:\/\/www.facebook.com\/believingintechnology\/","https:\/\/x.com\/ptm","https:\/\/www.linkedin.com\/company\/ptm-s-r-l\/","https:\/\/www.youtube.com\/channel\/UCPSOS0MaR-4jDkAD3HkAC7A"]}]}},"_links":{"self":[{"href":"https:\/\/ptmsrl.com\/fr\/wp-json\/wp\/v2\/product\/4905","targetHints":{"allow":["GET"]}}],"collection":[{"href":"https:\/\/ptmsrl.com\/fr\/wp-json\/wp\/v2\/product"}],"about":[{"href":"https:\/\/ptmsrl.com\/fr\/wp-json\/wp\/v2\/types\/product"}],"wp:featuredmedia":[{"embeddable":true,"href":"https:\/\/ptmsrl.com\/fr\/wp-json\/wp\/v2\/media\/4906"}],"wp:attachment":[{"href":"https:\/\/ptmsrl.com\/fr\/wp-json\/wp\/v2\/media?parent=4905"}],"wp:term":[{"taxonomy":"product_brand","embeddable":true,"href":"https:\/\/ptmsrl.com\/fr\/wp-json\/wp\/v2\/product_brand?post=4905"},{"taxonomy":"product_cat","embeddable":true,"href":"https:\/\/ptmsrl.com\/fr\/wp-json\/wp\/v2\/product_cat?post=4905"},{"taxonomy":"product_tag","embeddable":true,"href":"https:\/\/ptmsrl.com\/fr\/wp-json\/wp\/v2\/product_tag?post=4905"}],"curies":[{"name":"wp","href":"https:\/\/api.w.org\/{rel}","templated":true}]}}