{"id":5063,"date":"2018-09-07T12:09:05","date_gmt":"2018-09-07T10:09:05","guid":{"rendered":"https:\/\/ptmsrl.com\/prodotto\/wifi-scale-100\/"},"modified":"2020-07-14T11:23:30","modified_gmt":"2020-07-14T09:23:30","slug":"wifi-scale-100","status":"publish","type":"product","link":"https:\/\/ptmsrl.com\/fr\/prodotto\/wifi-scale-100\/","title":{"rendered":"WiFi Scale 100"},"content":{"rendered":"<ul>\n<li>Possibilit\u00e9 de visualiser nombreux syst\u00e8mes WiFi Scale<\/li>\n<li>Poids TOTAL avec seuils d\u2019alarme qui peuvent \u00eatre \u00e9tablies<\/li>\n<li>Poids PARTIEL<\/li>\n<li>Ex\u00e9cution du CHARGEMENT d\u2019une quantit\u00e9 programm\u00e9e<\/li>\n<li>Ex\u00e9cution du DECHARGEMENT d\u2019une quantit\u00e9 programm\u00e9e<\/li>\n<li>M\u00e9morisation et archivage \u00e9v\u00e9nements<\/li>\n<\/ul>\n","protected":false},"excerpt":{"rendered":"<h3><strong>App Wifi pour le contr\u00f4le \u00e0 distance du syst\u00e8me de pesage<\/strong><\/h3>\n<h4>L\u2019Application MyWiFiScale permet de visualiser et contr\u00f4ler par connexion WiFi les syst\u00e8mes de pesage de la s\u00e9rie WiFi Scale.<\/h4>\n<p align=\"justify\"><strong>Wifi Scale<\/strong> est un syst\u00e8me de pesage \u00e9quip\u00e9 par une interface WiFi. Per l\u2019application, disponible pour Smartphone et ordinateur de poche, on peut contr\u00f4ler et configurer dans le m\u00eame temps un <strong>ou plusieurs syst\u00e8mes de pesage<\/strong> connect\u00e9s \u00e0 un ou plusieurs point d&rsquo;acc\u00e8s Wifi.<br \/>\nGr\u00e2ce \u00e0 sa flexibilit\u00e9 et facilit\u00e9 d\u2019utilisation, le syst\u00e8me <strong>Wifi Scale<\/strong> repr\u00e9sente une solution \u00e9conomique qui s\u2019adapte aux applications les plus diff\u00e9rente.<\/p>\n<p align=\"justify\">DISPONIBLE POUR SMARTPHONE ET ORDINATEURS DE POCHE POUR SYST\u00c8MES ANDROID, L\u2019APP COMMUNIQUE PAR WIFI AVEC LE WIFI SCALE, PAR CONS\u00c9QUENT UNE CONNEXION DONN\u00c9ES AVEC VOTRE OP\u00c9RATEUR T\u00c9L\u00c9PHONIQUE N\u2019EST PAS DEMAND\u00c9E<\/p>\n","protected":false},"featured_media":5064,"template":"","meta":{"inline_featured_image":false},"product_brand":[],"product_cat":[235],"product_tag":[],"class_list":{"0":"post-5063","1":"product","2":"type-product","3":"status-publish","4":"has-post-thumbnail","6":"product_cat-solutions-sur-mesure","8":"first","9":"instock","10":"downloadable","11":"shipping-taxable","12":"product-type-simple"},"yoast_head":"<!-- This site is optimized with the Yoast SEO plugin v25.3 - https:\/\/yoast.com\/wordpress\/plugins\/seo\/ -->\n<title>PTM Srl | WiFi Scale 100<\/title>\n<meta name=\"robots\" content=\"index, follow, max-snippet:-1, max-image-preview:large, max-video-preview:-1\" \/>\n<link rel=\"canonical\" href=\"https:\/\/ptmsrl.com\/fr\/prodotto\/wifi-scale-100\/\" \/>\n<meta property=\"og:locale\" content=\"fr_FR\" \/>\n<meta property=\"og:type\" content=\"article\" \/>\n<meta property=\"og:title\" content=\"PTM Srl | WiFi Scale 100\" \/>\n<meta property=\"og:description\" content=\"App Wifi pour le contr\u00f4le \u00e0 distance du syst\u00e8me de pesage L\u2019Application MyWiFiScale permet de visualiser et contr\u00f4ler par connexion WiFi les syst\u00e8mes de pesage de la s\u00e9rie WiFi Scale. Wifi Scale est un syst\u00e8me de pesage \u00e9quip\u00e9 par une interface WiFi. Per l\u2019application, disponible pour Smartphone et ordinateur de poche, on peut contr\u00f4ler et configurer dans le m\u00eame temps un ou plusieurs syst\u00e8mes de pesage connect\u00e9s \u00e0 un ou plusieurs point d&#039;acc\u00e8s Wifi. Gr\u00e2ce \u00e0 sa flexibilit\u00e9 et facilit\u00e9 d\u2019utilisation, le syst\u00e8me Wifi Scale repr\u00e9sente une solution \u00e9conomique qui s\u2019adapte aux applications les plus diff\u00e9rente.  DISPONIBLE POUR SMARTPHONE ET ORDINATEURS DE POCHE POUR SYST\u00c8MES ANDROID, L\u2019APP COMMUNIQUE PAR WIFI AVEC LE WIFI SCALE, PAR CONS\u00c9QUENT UNE CONNEXION DONN\u00c9ES AVEC VOTRE OP\u00c9RATEUR T\u00c9L\u00c9PHONIQUE N\u2019EST PAS DEMAND\u00c9E\" \/>\n<meta property=\"og:url\" content=\"https:\/\/ptmsrl.com\/fr\/prodotto\/wifi-scale-100\/\" \/>\n<meta property=\"og:site_name\" content=\"PTM Srl\" \/>\n<meta property=\"article:publisher\" content=\"https:\/\/www.facebook.com\/believingintechnology\/\" \/>\n<meta property=\"article:modified_time\" content=\"2020-07-14T09:23:30+00:00\" \/>\n<meta property=\"og:image\" content=\"https:\/\/ptmsrl.com\/wp-content\/uploads\/2018\/09\/WiFi-Scale-100.jpg\" \/>\n\t<meta property=\"og:image:width\" content=\"1024\" \/>\n\t<meta property=\"og:image:height\" content=\"1024\" \/>\n\t<meta property=\"og:image:type\" content=\"image\/jpeg\" \/>\n<meta name=\"twitter:card\" content=\"summary_large_image\" \/>\n<meta name=\"twitter:site\" content=\"@ptm\" \/>\n<script type=\"application\/ld+json\" class=\"yoast-schema-graph\">{\"@context\":\"https:\/\/schema.org\",\"@graph\":[{\"@type\":\"WebPage\",\"@id\":\"https:\/\/ptmsrl.com\/fr\/prodotto\/wifi-scale-100\/\",\"url\":\"https:\/\/ptmsrl.com\/fr\/prodotto\/wifi-scale-100\/\",\"name\":\"PTM Srl | WiFi Scale 100\",\"isPartOf\":{\"@id\":\"https:\/\/ptmsrl.com\/#website\"},\"primaryImageOfPage\":{\"@id\":\"https:\/\/ptmsrl.com\/fr\/prodotto\/wifi-scale-100\/#primaryimage\"},\"image\":{\"@id\":\"https:\/\/ptmsrl.com\/fr\/prodotto\/wifi-scale-100\/#primaryimage\"},\"thumbnailUrl\":\"https:\/\/ptmsrl.com\/wp-content\/uploads\/2018\/09\/WiFi-Scale-100.jpg\",\"datePublished\":\"2018-09-07T10:09:05+00:00\",\"dateModified\":\"2020-07-14T09:23:30+00:00\",\"breadcrumb\":{\"@id\":\"https:\/\/ptmsrl.com\/fr\/prodotto\/wifi-scale-100\/#breadcrumb\"},\"inLanguage\":\"fr-FR\",\"potentialAction\":[{\"@type\":\"ReadAction\",\"target\":[\"https:\/\/ptmsrl.com\/fr\/prodotto\/wifi-scale-100\/\"]}]},{\"@type\":\"ImageObject\",\"inLanguage\":\"fr-FR\",\"@id\":\"https:\/\/ptmsrl.com\/fr\/prodotto\/wifi-scale-100\/#primaryimage\",\"url\":\"https:\/\/ptmsrl.com\/wp-content\/uploads\/2018\/09\/WiFi-Scale-100.jpg\",\"contentUrl\":\"https:\/\/ptmsrl.com\/wp-content\/uploads\/2018\/09\/WiFi-Scale-100.jpg\",\"width\":1024,\"height\":1024,\"caption\":\"wifi-scale-100\"},{\"@type\":\"BreadcrumbList\",\"@id\":\"https:\/\/ptmsrl.com\/fr\/prodotto\/wifi-scale-100\/#breadcrumb\",\"itemListElement\":[{\"@type\":\"ListItem\",\"position\":1,\"name\":\"Home\",\"item\":\"https:\/\/ptmsrl.com\/fr\/\"},{\"@type\":\"ListItem\",\"position\":2,\"name\":\"Shop\",\"item\":\"https:\/\/ptmsrl.com\/shop\/\"},{\"@type\":\"ListItem\",\"position\":3,\"name\":\"WiFi Scale 100\"}]},{\"@type\":\"WebSite\",\"@id\":\"https:\/\/ptmsrl.com\/#website\",\"url\":\"https:\/\/ptmsrl.com\/\",\"name\":\"PTM Srl\",\"description\":\"\u041c\u042b \u041f\u0420\u041e\u0418\u0417\u0412\u041e\u0414\u0418\u041c \u041a\u0410\u0427\u0415\u0421\u0422\u0412\u041e, \u041a\u041e\u0422\u041e\u0420\u041e\u0415 \u0418\u041c\u0415\u0415\u0422 \u041e\u0421\u041e\u0411\u042b\u0419 \u0412\u0415\u0421\",\"publisher\":{\"@id\":\"https:\/\/ptmsrl.com\/#organization\"},\"potentialAction\":[{\"@type\":\"SearchAction\",\"target\":{\"@type\":\"EntryPoint\",\"urlTemplate\":\"https:\/\/ptmsrl.com\/?s={search_term_string}\"},\"query-input\":{\"@type\":\"PropertyValueSpecification\",\"valueRequired\":true,\"valueName\":\"search_term_string\"}}],\"inLanguage\":\"fr-FR\"},{\"@type\":\"Organization\",\"@id\":\"https:\/\/ptmsrl.com\/#organization\",\"name\":\"PTM srl\",\"url\":\"https:\/\/ptmsrl.com\/\",\"logo\":{\"@type\":\"ImageObject\",\"inLanguage\":\"fr-FR\",\"@id\":\"https:\/\/ptmsrl.com\/#\/schema\/logo\/image\/\",\"url\":\"https:\/\/ptmsrl.com\/wp-content\/uploads\/2018\/10\/LOGO-PTM.png\",\"contentUrl\":\"https:\/\/ptmsrl.com\/wp-content\/uploads\/2018\/10\/LOGO-PTM.png\",\"width\":1000,\"height\":500,\"caption\":\"PTM srl\"},\"image\":{\"@id\":\"https:\/\/ptmsrl.com\/#\/schema\/logo\/image\/\"},\"sameAs\":[\"https:\/\/www.facebook.com\/believingintechnology\/\",\"https:\/\/x.com\/ptm\",\"https:\/\/www.linkedin.com\/company\/ptm-s-r-l\/\",\"https:\/\/www.youtube.com\/channel\/UCPSOS0MaR-4jDkAD3HkAC7A\"]}]}<\/script>\n<!-- \/ Yoast SEO plugin. -->","yoast_head_json":{"title":"PTM Srl | WiFi Scale 100","robots":{"index":"index","follow":"follow","max-snippet":"max-snippet:-1","max-image-preview":"max-image-preview:large","max-video-preview":"max-video-preview:-1"},"canonical":"https:\/\/ptmsrl.com\/fr\/prodotto\/wifi-scale-100\/","og_locale":"fr_FR","og_type":"article","og_title":"PTM Srl | WiFi Scale 100","og_description":"App Wifi pour le contr\u00f4le \u00e0 distance du syst\u00e8me de pesage L\u2019Application MyWiFiScale permet de visualiser et contr\u00f4ler par connexion WiFi les syst\u00e8mes de pesage de la s\u00e9rie WiFi Scale. Wifi Scale est un syst\u00e8me de pesage \u00e9quip\u00e9 par une interface WiFi. Per l\u2019application, disponible pour Smartphone et ordinateur de poche, on peut contr\u00f4ler et configurer dans le m\u00eame temps un ou plusieurs syst\u00e8mes de pesage connect\u00e9s \u00e0 un ou plusieurs point d'acc\u00e8s Wifi. Gr\u00e2ce \u00e0 sa flexibilit\u00e9 et facilit\u00e9 d\u2019utilisation, le syst\u00e8me Wifi Scale repr\u00e9sente une solution \u00e9conomique qui s\u2019adapte aux applications les plus diff\u00e9rente.  DISPONIBLE POUR SMARTPHONE ET ORDINATEURS DE POCHE POUR SYST\u00c8MES ANDROID, L\u2019APP COMMUNIQUE PAR WIFI AVEC LE WIFI SCALE, PAR CONS\u00c9QUENT UNE CONNEXION DONN\u00c9ES AVEC VOTRE OP\u00c9RATEUR T\u00c9L\u00c9PHONIQUE N\u2019EST PAS DEMAND\u00c9E","og_url":"https:\/\/ptmsrl.com\/fr\/prodotto\/wifi-scale-100\/","og_site_name":"PTM Srl","article_publisher":"https:\/\/www.facebook.com\/believingintechnology\/","article_modified_time":"2020-07-14T09:23:30+00:00","og_image":[{"width":1024,"height":1024,"url":"https:\/\/ptmsrl.com\/wp-content\/uploads\/2018\/09\/WiFi-Scale-100.jpg","type":"image\/jpeg"}],"twitter_card":"summary_large_image","twitter_site":"@ptm","schema":{"@context":"https:\/\/schema.org","@graph":[{"@type":"WebPage","@id":"https:\/\/ptmsrl.com\/fr\/prodotto\/wifi-scale-100\/","url":"https:\/\/ptmsrl.com\/fr\/prodotto\/wifi-scale-100\/","name":"PTM Srl | WiFi Scale 100","isPartOf":{"@id":"https:\/\/ptmsrl.com\/#website"},"primaryImageOfPage":{"@id":"https:\/\/ptmsrl.com\/fr\/prodotto\/wifi-scale-100\/#primaryimage"},"image":{"@id":"https:\/\/ptmsrl.com\/fr\/prodotto\/wifi-scale-100\/#primaryimage"},"thumbnailUrl":"https:\/\/ptmsrl.com\/wp-content\/uploads\/2018\/09\/WiFi-Scale-100.jpg","datePublished":"2018-09-07T10:09:05+00:00","dateModified":"2020-07-14T09:23:30+00:00","breadcrumb":{"@id":"https:\/\/ptmsrl.com\/fr\/prodotto\/wifi-scale-100\/#breadcrumb"},"inLanguage":"fr-FR","potentialAction":[{"@type":"ReadAction","target":["https:\/\/ptmsrl.com\/fr\/prodotto\/wifi-scale-100\/"]}]},{"@type":"ImageObject","inLanguage":"fr-FR","@id":"https:\/\/ptmsrl.com\/fr\/prodotto\/wifi-scale-100\/#primaryimage","url":"https:\/\/ptmsrl.com\/wp-content\/uploads\/2018\/09\/WiFi-Scale-100.jpg","contentUrl":"https:\/\/ptmsrl.com\/wp-content\/uploads\/2018\/09\/WiFi-Scale-100.jpg","width":1024,"height":1024,"caption":"wifi-scale-100"},{"@type":"BreadcrumbList","@id":"https:\/\/ptmsrl.com\/fr\/prodotto\/wifi-scale-100\/#breadcrumb","itemListElement":[{"@type":"ListItem","position":1,"name":"Home","item":"https:\/\/ptmsrl.com\/fr\/"},{"@type":"ListItem","position":2,"name":"Shop","item":"https:\/\/ptmsrl.com\/shop\/"},{"@type":"ListItem","position":3,"name":"WiFi Scale 100"}]},{"@type":"WebSite","@id":"https:\/\/ptmsrl.com\/#website","url":"https:\/\/ptmsrl.com\/","name":"PTM Srl","description":"\u041c\u042b \u041f\u0420\u041e\u0418\u0417\u0412\u041e\u0414\u0418\u041c \u041a\u0410\u0427\u0415\u0421\u0422\u0412\u041e, \u041a\u041e\u0422\u041e\u0420\u041e\u0415 \u0418\u041c\u0415\u0415\u0422 \u041e\u0421\u041e\u0411\u042b\u0419 \u0412\u0415\u0421","publisher":{"@id":"https:\/\/ptmsrl.com\/#organization"},"potentialAction":[{"@type":"SearchAction","target":{"@type":"EntryPoint","urlTemplate":"https:\/\/ptmsrl.com\/?s={search_term_string}"},"query-input":{"@type":"PropertyValueSpecification","valueRequired":true,"valueName":"search_term_string"}}],"inLanguage":"fr-FR"},{"@type":"Organization","@id":"https:\/\/ptmsrl.com\/#organization","name":"PTM srl","url":"https:\/\/ptmsrl.com\/","logo":{"@type":"ImageObject","inLanguage":"fr-FR","@id":"https:\/\/ptmsrl.com\/#\/schema\/logo\/image\/","url":"https:\/\/ptmsrl.com\/wp-content\/uploads\/2018\/10\/LOGO-PTM.png","contentUrl":"https:\/\/ptmsrl.com\/wp-content\/uploads\/2018\/10\/LOGO-PTM.png","width":1000,"height":500,"caption":"PTM srl"},"image":{"@id":"https:\/\/ptmsrl.com\/#\/schema\/logo\/image\/"},"sameAs":["https:\/\/www.facebook.com\/believingintechnology\/","https:\/\/x.com\/ptm","https:\/\/www.linkedin.com\/company\/ptm-s-r-l\/","https:\/\/www.youtube.com\/channel\/UCPSOS0MaR-4jDkAD3HkAC7A"]}]}},"_links":{"self":[{"href":"https:\/\/ptmsrl.com\/fr\/wp-json\/wp\/v2\/product\/5063","targetHints":{"allow":["GET"]}}],"collection":[{"href":"https:\/\/ptmsrl.com\/fr\/wp-json\/wp\/v2\/product"}],"about":[{"href":"https:\/\/ptmsrl.com\/fr\/wp-json\/wp\/v2\/types\/product"}],"wp:featuredmedia":[{"embeddable":true,"href":"https:\/\/ptmsrl.com\/fr\/wp-json\/wp\/v2\/media\/5064"}],"wp:attachment":[{"href":"https:\/\/ptmsrl.com\/fr\/wp-json\/wp\/v2\/media?parent=5063"}],"wp:term":[{"taxonomy":"product_brand","embeddable":true,"href":"https:\/\/ptmsrl.com\/fr\/wp-json\/wp\/v2\/product_brand?post=5063"},{"taxonomy":"product_cat","embeddable":true,"href":"https:\/\/ptmsrl.com\/fr\/wp-json\/wp\/v2\/product_cat?post=5063"},{"taxonomy":"product_tag","embeddable":true,"href":"https:\/\/ptmsrl.com\/fr\/wp-json\/wp\/v2\/product_tag?post=5063"}],"curies":[{"name":"wp","href":"https:\/\/api.w.org\/{rel}","templated":true}]}}