{"id":5074,"date":"2018-09-07T12:20:16","date_gmt":"2018-09-07T10:20:16","guid":{"rendered":"https:\/\/ptmsrl.com\/prodotto\/wifi-scale-cab\/"},"modified":"2019-07-23T09:13:52","modified_gmt":"2019-07-23T07:13:52","slug":"wifi-scale-cab","status":"publish","type":"product","link":"https:\/\/ptmsrl.com\/fr\/prodotto\/wifi-scale-cab\/","title":{"rendered":"WiFi Scale Cab"},"content":{"rendered":"<ul>\n<li>Poids TOTAL<\/li>\n<li>Poids PARTIEL<\/li>\n<li>Ex\u00e9cution du CHARGEMENT d\u2019une quantit\u00e9 programm\u00e9e<\/li>\n<li>Ex\u00e9cution du DECHARGEMENT d\u2019une quantit\u00e9 programm\u00e9e<\/li>\n<li>M\u00e9morisation et classement \u00e9v\u00e9nements<\/li>\n<\/ul>\n","protected":false},"excerpt":{"rendered":"<h3><strong>App Wifi pour le contr\u00f4le \u00e0 distance du syst\u00e8me de pesage<\/strong><\/h3>\n<h4>L\u2019App MyCabControl,id\u00e9ale pour m\u00e9langeuses, permet de visualiser et contr\u00f4ler par connexion WiFi les syst\u00e8mes de pesage de la s\u00e9rie WiFi Scale<\/h4>\n<p align=\"justify\">L\u2019<strong>App MyCabControl<\/strong> effectue la fonction d\u2019interface entre le syst\u00e8me de pesage <strong>Wi-Fi Scale 100<\/strong> et l\u2019<strong>usager<\/strong>. Elle permet de visualiser les poids, effectuer op\u00e9rations et configurer tous les dispositifs <strong>Wi-Fi Scale 100<\/strong> auxquels elle se connecte. Pour sa <strong>flexibilit\u00e9<\/strong> et <strong>facilit\u00e9 d\u2019utilisation<\/strong>, le syst\u00e8me <strong>Wifi Scale<\/strong> repr\u00e9sente une <strong>solution bon march\u00e9<\/strong> qui se adapte \u00e0 plusieurs applications.<\/p>\n<p align=\"justify\">DISPONIBLE POUR SMARTPHONES ET TABLETTES AVEC SYST\u00c8ME ANDROID, L\u2019APP COMMUNIQUE PAR WIFI AVEC LE WIFI SCALE, DONC IL NE FAUT PAS AVOIR UNE CONNEXION DONN\u00c9ES PAR OP\u00c9RATEUR T\u00c9L\u00c9PHONIQUE.<\/p>\n","protected":false},"featured_media":5075,"template":"","meta":{"inline_featured_image":false},"product_brand":[],"product_cat":[235],"product_tag":[],"class_list":{"0":"post-5074","1":"product","2":"type-product","3":"status-publish","4":"has-post-thumbnail","6":"product_cat-solutions-sur-mesure","8":"first","9":"instock","10":"downloadable","11":"shipping-taxable","12":"product-type-simple"},"yoast_head":"<!-- This site is optimized with the Yoast SEO plugin v25.3 - https:\/\/yoast.com\/wordpress\/plugins\/seo\/ -->\n<title>PTM Srl | WiFi Scale Cab<\/title>\n<meta name=\"robots\" content=\"index, follow, max-snippet:-1, max-image-preview:large, max-video-preview:-1\" \/>\n<link rel=\"canonical\" href=\"https:\/\/ptmsrl.com\/fr\/prodotto\/wifi-scale-cab\/\" \/>\n<meta property=\"og:locale\" content=\"fr_FR\" \/>\n<meta property=\"og:type\" content=\"article\" \/>\n<meta property=\"og:title\" content=\"PTM Srl | WiFi Scale Cab\" \/>\n<meta property=\"og:description\" content=\"App Wifi pour le contr\u00f4le \u00e0 distance du syst\u00e8me de pesage L\u2019App MyCabControl,id\u00e9ale pour m\u00e9langeuses, permet de visualiser et contr\u00f4ler par connexion WiFi les syst\u00e8mes de pesage de la s\u00e9rie WiFi Scale L\u2019App MyCabControl effectue la fonction d\u2019interface entre le syst\u00e8me de pesage Wi-Fi Scale 100 et l\u2019usager. Elle permet de visualiser les poids, effectuer op\u00e9rations et configurer tous les dispositifs Wi-Fi Scale 100 auxquels elle se connecte. Pour sa flexibilit\u00e9 et facilit\u00e9 d\u2019utilisation, le syst\u00e8me Wifi Scale repr\u00e9sente une solution bon march\u00e9 qui se adapte \u00e0 plusieurs applications.  DISPONIBLE POUR SMARTPHONES ET TABLETTES AVEC SYST\u00c8ME ANDROID, L\u2019APP COMMUNIQUE PAR WIFI AVEC LE WIFI SCALE, DONC IL NE FAUT PAS AVOIR UNE CONNEXION DONN\u00c9ES PAR OP\u00c9RATEUR T\u00c9L\u00c9PHONIQUE.\" \/>\n<meta property=\"og:url\" content=\"https:\/\/ptmsrl.com\/fr\/prodotto\/wifi-scale-cab\/\" \/>\n<meta property=\"og:site_name\" content=\"PTM Srl\" \/>\n<meta property=\"article:publisher\" content=\"https:\/\/www.facebook.com\/believingintechnology\/\" \/>\n<meta property=\"article:modified_time\" content=\"2019-07-23T07:13:52+00:00\" \/>\n<meta property=\"og:image\" content=\"https:\/\/ptmsrl.com\/wp-content\/uploads\/2018\/09\/WiFi-Scale-Cab.jpg\" \/>\n\t<meta property=\"og:image:width\" content=\"1024\" \/>\n\t<meta property=\"og:image:height\" content=\"1024\" \/>\n\t<meta property=\"og:image:type\" content=\"image\/jpeg\" \/>\n<meta name=\"twitter:card\" content=\"summary_large_image\" \/>\n<meta name=\"twitter:site\" content=\"@ptm\" \/>\n<script type=\"application\/ld+json\" class=\"yoast-schema-graph\">{\"@context\":\"https:\/\/schema.org\",\"@graph\":[{\"@type\":\"WebPage\",\"@id\":\"https:\/\/ptmsrl.com\/fr\/prodotto\/wifi-scale-cab\/\",\"url\":\"https:\/\/ptmsrl.com\/fr\/prodotto\/wifi-scale-cab\/\",\"name\":\"PTM Srl | WiFi Scale Cab\",\"isPartOf\":{\"@id\":\"https:\/\/ptmsrl.com\/#website\"},\"primaryImageOfPage\":{\"@id\":\"https:\/\/ptmsrl.com\/fr\/prodotto\/wifi-scale-cab\/#primaryimage\"},\"image\":{\"@id\":\"https:\/\/ptmsrl.com\/fr\/prodotto\/wifi-scale-cab\/#primaryimage\"},\"thumbnailUrl\":\"https:\/\/ptmsrl.com\/wp-content\/uploads\/2018\/09\/WiFi-Scale-Cab.jpg\",\"datePublished\":\"2018-09-07T10:20:16+00:00\",\"dateModified\":\"2019-07-23T07:13:52+00:00\",\"breadcrumb\":{\"@id\":\"https:\/\/ptmsrl.com\/fr\/prodotto\/wifi-scale-cab\/#breadcrumb\"},\"inLanguage\":\"fr-FR\",\"potentialAction\":[{\"@type\":\"ReadAction\",\"target\":[\"https:\/\/ptmsrl.com\/fr\/prodotto\/wifi-scale-cab\/\"]}]},{\"@type\":\"ImageObject\",\"inLanguage\":\"fr-FR\",\"@id\":\"https:\/\/ptmsrl.com\/fr\/prodotto\/wifi-scale-cab\/#primaryimage\",\"url\":\"https:\/\/ptmsrl.com\/wp-content\/uploads\/2018\/09\/WiFi-Scale-Cab.jpg\",\"contentUrl\":\"https:\/\/ptmsrl.com\/wp-content\/uploads\/2018\/09\/WiFi-Scale-Cab.jpg\",\"width\":1024,\"height\":1024,\"caption\":\"wifi-scale-cab\"},{\"@type\":\"BreadcrumbList\",\"@id\":\"https:\/\/ptmsrl.com\/fr\/prodotto\/wifi-scale-cab\/#breadcrumb\",\"itemListElement\":[{\"@type\":\"ListItem\",\"position\":1,\"name\":\"Home\",\"item\":\"https:\/\/ptmsrl.com\/fr\/\"},{\"@type\":\"ListItem\",\"position\":2,\"name\":\"Shop\",\"item\":\"https:\/\/ptmsrl.com\/shop\/\"},{\"@type\":\"ListItem\",\"position\":3,\"name\":\"WiFi Scale Cab\"}]},{\"@type\":\"WebSite\",\"@id\":\"https:\/\/ptmsrl.com\/#website\",\"url\":\"https:\/\/ptmsrl.com\/\",\"name\":\"PTM Srl\",\"description\":\"\u041c\u042b \u041f\u0420\u041e\u0418\u0417\u0412\u041e\u0414\u0418\u041c \u041a\u0410\u0427\u0415\u0421\u0422\u0412\u041e, \u041a\u041e\u0422\u041e\u0420\u041e\u0415 \u0418\u041c\u0415\u0415\u0422 \u041e\u0421\u041e\u0411\u042b\u0419 \u0412\u0415\u0421\",\"publisher\":{\"@id\":\"https:\/\/ptmsrl.com\/#organization\"},\"potentialAction\":[{\"@type\":\"SearchAction\",\"target\":{\"@type\":\"EntryPoint\",\"urlTemplate\":\"https:\/\/ptmsrl.com\/?s={search_term_string}\"},\"query-input\":{\"@type\":\"PropertyValueSpecification\",\"valueRequired\":true,\"valueName\":\"search_term_string\"}}],\"inLanguage\":\"fr-FR\"},{\"@type\":\"Organization\",\"@id\":\"https:\/\/ptmsrl.com\/#organization\",\"name\":\"PTM srl\",\"url\":\"https:\/\/ptmsrl.com\/\",\"logo\":{\"@type\":\"ImageObject\",\"inLanguage\":\"fr-FR\",\"@id\":\"https:\/\/ptmsrl.com\/#\/schema\/logo\/image\/\",\"url\":\"https:\/\/ptmsrl.com\/wp-content\/uploads\/2018\/10\/LOGO-PTM.png\",\"contentUrl\":\"https:\/\/ptmsrl.com\/wp-content\/uploads\/2018\/10\/LOGO-PTM.png\",\"width\":1000,\"height\":500,\"caption\":\"PTM srl\"},\"image\":{\"@id\":\"https:\/\/ptmsrl.com\/#\/schema\/logo\/image\/\"},\"sameAs\":[\"https:\/\/www.facebook.com\/believingintechnology\/\",\"https:\/\/x.com\/ptm\",\"https:\/\/www.linkedin.com\/company\/ptm-s-r-l\/\",\"https:\/\/www.youtube.com\/channel\/UCPSOS0MaR-4jDkAD3HkAC7A\"]}]}<\/script>\n<!-- \/ Yoast SEO plugin. -->","yoast_head_json":{"title":"PTM Srl | WiFi Scale Cab","robots":{"index":"index","follow":"follow","max-snippet":"max-snippet:-1","max-image-preview":"max-image-preview:large","max-video-preview":"max-video-preview:-1"},"canonical":"https:\/\/ptmsrl.com\/fr\/prodotto\/wifi-scale-cab\/","og_locale":"fr_FR","og_type":"article","og_title":"PTM Srl | WiFi Scale Cab","og_description":"App Wifi pour le contr\u00f4le \u00e0 distance du syst\u00e8me de pesage L\u2019App MyCabControl,id\u00e9ale pour m\u00e9langeuses, permet de visualiser et contr\u00f4ler par connexion WiFi les syst\u00e8mes de pesage de la s\u00e9rie WiFi Scale L\u2019App MyCabControl effectue la fonction d\u2019interface entre le syst\u00e8me de pesage Wi-Fi Scale 100 et l\u2019usager. Elle permet de visualiser les poids, effectuer op\u00e9rations et configurer tous les dispositifs Wi-Fi Scale 100 auxquels elle se connecte. Pour sa flexibilit\u00e9 et facilit\u00e9 d\u2019utilisation, le syst\u00e8me Wifi Scale repr\u00e9sente une solution bon march\u00e9 qui se adapte \u00e0 plusieurs applications.  DISPONIBLE POUR SMARTPHONES ET TABLETTES AVEC SYST\u00c8ME ANDROID, L\u2019APP COMMUNIQUE PAR WIFI AVEC LE WIFI SCALE, DONC IL NE FAUT PAS AVOIR UNE CONNEXION DONN\u00c9ES PAR OP\u00c9RATEUR T\u00c9L\u00c9PHONIQUE.","og_url":"https:\/\/ptmsrl.com\/fr\/prodotto\/wifi-scale-cab\/","og_site_name":"PTM Srl","article_publisher":"https:\/\/www.facebook.com\/believingintechnology\/","article_modified_time":"2019-07-23T07:13:52+00:00","og_image":[{"width":1024,"height":1024,"url":"https:\/\/ptmsrl.com\/wp-content\/uploads\/2018\/09\/WiFi-Scale-Cab.jpg","type":"image\/jpeg"}],"twitter_card":"summary_large_image","twitter_site":"@ptm","schema":{"@context":"https:\/\/schema.org","@graph":[{"@type":"WebPage","@id":"https:\/\/ptmsrl.com\/fr\/prodotto\/wifi-scale-cab\/","url":"https:\/\/ptmsrl.com\/fr\/prodotto\/wifi-scale-cab\/","name":"PTM Srl | WiFi Scale Cab","isPartOf":{"@id":"https:\/\/ptmsrl.com\/#website"},"primaryImageOfPage":{"@id":"https:\/\/ptmsrl.com\/fr\/prodotto\/wifi-scale-cab\/#primaryimage"},"image":{"@id":"https:\/\/ptmsrl.com\/fr\/prodotto\/wifi-scale-cab\/#primaryimage"},"thumbnailUrl":"https:\/\/ptmsrl.com\/wp-content\/uploads\/2018\/09\/WiFi-Scale-Cab.jpg","datePublished":"2018-09-07T10:20:16+00:00","dateModified":"2019-07-23T07:13:52+00:00","breadcrumb":{"@id":"https:\/\/ptmsrl.com\/fr\/prodotto\/wifi-scale-cab\/#breadcrumb"},"inLanguage":"fr-FR","potentialAction":[{"@type":"ReadAction","target":["https:\/\/ptmsrl.com\/fr\/prodotto\/wifi-scale-cab\/"]}]},{"@type":"ImageObject","inLanguage":"fr-FR","@id":"https:\/\/ptmsrl.com\/fr\/prodotto\/wifi-scale-cab\/#primaryimage","url":"https:\/\/ptmsrl.com\/wp-content\/uploads\/2018\/09\/WiFi-Scale-Cab.jpg","contentUrl":"https:\/\/ptmsrl.com\/wp-content\/uploads\/2018\/09\/WiFi-Scale-Cab.jpg","width":1024,"height":1024,"caption":"wifi-scale-cab"},{"@type":"BreadcrumbList","@id":"https:\/\/ptmsrl.com\/fr\/prodotto\/wifi-scale-cab\/#breadcrumb","itemListElement":[{"@type":"ListItem","position":1,"name":"Home","item":"https:\/\/ptmsrl.com\/fr\/"},{"@type":"ListItem","position":2,"name":"Shop","item":"https:\/\/ptmsrl.com\/shop\/"},{"@type":"ListItem","position":3,"name":"WiFi Scale Cab"}]},{"@type":"WebSite","@id":"https:\/\/ptmsrl.com\/#website","url":"https:\/\/ptmsrl.com\/","name":"PTM Srl","description":"\u041c\u042b \u041f\u0420\u041e\u0418\u0417\u0412\u041e\u0414\u0418\u041c \u041a\u0410\u0427\u0415\u0421\u0422\u0412\u041e, \u041a\u041e\u0422\u041e\u0420\u041e\u0415 \u0418\u041c\u0415\u0415\u0422 \u041e\u0421\u041e\u0411\u042b\u0419 \u0412\u0415\u0421","publisher":{"@id":"https:\/\/ptmsrl.com\/#organization"},"potentialAction":[{"@type":"SearchAction","target":{"@type":"EntryPoint","urlTemplate":"https:\/\/ptmsrl.com\/?s={search_term_string}"},"query-input":{"@type":"PropertyValueSpecification","valueRequired":true,"valueName":"search_term_string"}}],"inLanguage":"fr-FR"},{"@type":"Organization","@id":"https:\/\/ptmsrl.com\/#organization","name":"PTM srl","url":"https:\/\/ptmsrl.com\/","logo":{"@type":"ImageObject","inLanguage":"fr-FR","@id":"https:\/\/ptmsrl.com\/#\/schema\/logo\/image\/","url":"https:\/\/ptmsrl.com\/wp-content\/uploads\/2018\/10\/LOGO-PTM.png","contentUrl":"https:\/\/ptmsrl.com\/wp-content\/uploads\/2018\/10\/LOGO-PTM.png","width":1000,"height":500,"caption":"PTM srl"},"image":{"@id":"https:\/\/ptmsrl.com\/#\/schema\/logo\/image\/"},"sameAs":["https:\/\/www.facebook.com\/believingintechnology\/","https:\/\/x.com\/ptm","https:\/\/www.linkedin.com\/company\/ptm-s-r-l\/","https:\/\/www.youtube.com\/channel\/UCPSOS0MaR-4jDkAD3HkAC7A"]}]}},"_links":{"self":[{"href":"https:\/\/ptmsrl.com\/fr\/wp-json\/wp\/v2\/product\/5074","targetHints":{"allow":["GET"]}}],"collection":[{"href":"https:\/\/ptmsrl.com\/fr\/wp-json\/wp\/v2\/product"}],"about":[{"href":"https:\/\/ptmsrl.com\/fr\/wp-json\/wp\/v2\/types\/product"}],"wp:featuredmedia":[{"embeddable":true,"href":"https:\/\/ptmsrl.com\/fr\/wp-json\/wp\/v2\/media\/5075"}],"wp:attachment":[{"href":"https:\/\/ptmsrl.com\/fr\/wp-json\/wp\/v2\/media?parent=5074"}],"wp:term":[{"taxonomy":"product_brand","embeddable":true,"href":"https:\/\/ptmsrl.com\/fr\/wp-json\/wp\/v2\/product_brand?post=5074"},{"taxonomy":"product_cat","embeddable":true,"href":"https:\/\/ptmsrl.com\/fr\/wp-json\/wp\/v2\/product_cat?post=5074"},{"taxonomy":"product_tag","embeddable":true,"href":"https:\/\/ptmsrl.com\/fr\/wp-json\/wp\/v2\/product_tag?post=5074"}],"curies":[{"name":"wp","href":"https:\/\/api.w.org\/{rel}","templated":true}]}}