{"id":5148,"date":"2018-09-07T14:42:16","date_gmt":"2018-09-07T12:42:16","guid":{"rendered":"https:\/\/ptmsrl.com\/prodotto\/big-display-rf\/"},"modified":"2019-07-25T16:21:01","modified_gmt":"2019-07-25T14:21:01","slug":"big-display-rf","status":"publish","type":"product","link":"https:\/\/ptmsrl.com\/fr\/prodotto\/big-display-rf\/","title":{"rendered":"Big Display RF"},"content":{"rendered":"<ul>\n<li>Visibilit\u00e9 de l&rsquo;\u00e9cran jusqu&rsquo;\u00e0 100 m\u00e8tres<\/li>\n<li>Ecran visible aussi dans espaces ouverts avec grande luminosit\u00e9<\/li>\n<li>R\u00e9glage de l&rsquo;intensit\u00e9 de lumi\u00e8re selon la lumi\u00e8re de l&rsquo;environnement.<\/li>\n<li>Boite INOX IP68 r\u00e9sistante \u00e0 condition extr\u00eames.<\/li>\n<li>Compatible avec tous les mod\u00e8les de boitier PTM<\/li>\n<li>Possibilit\u00e9 de communiquer par moyen du CAN-BUS ou du wireless<\/li>\n<li>Possibilit\u00e9 d&rsquo;interface avec dispositifs pas PTM (requ\u00eate du Protocol de communication pr\u00e9alable)<\/li>\n<\/ul>\n","protected":false},"excerpt":{"rendered":"<h3 align=\"justify\"><strong>Afficheur repetiteur \u00e0 grandes chiffres, visibilit\u00e9 parfaite dans toute condition de lumi\u00e8re naturelle<\/strong><\/h3>\n<p align=\"justify\">Cet \u00e9cran r\u00e9p\u00e9titeur a \u00e9t\u00e9 projet\u00e9 pour visualiser le poids mesur\u00e9 par les boitiers aussi d&rsquo;une longue distance, jusqu&rsquo;\u00e0 100 m\u00e8tres.<\/p>\n<p align=\"justify\">Le BIG DISPLAY est disponible aussi avec caract\u00e8res num\u00e9riques qu&rsquo;avec caract\u00e8res alphanum\u00e9riques; il est dou\u00e9 d&rsquo;une boite en m\u00e9tal IP68, r\u00e9sistant \u00e0 conditions extr\u00eames, filtre optique pour voir en mani\u00e8re claire les valeurs sur l&rsquo;\u00e9cran, aussi en pr\u00e9sence de lumi\u00e8re intense. L&rsquo;\u00e9cran utilise LED \u00e0 6 digits, \u00e0 haute luminosit\u00e9 et visibilit\u00e9, et la luminosit\u00e9 se r\u00e8gle automatiquement selon la lumi\u00e8re environnementale.<\/p>\n<p align=\"justify\">Cet \u00e9cran peut communiquer avec tous les boitiers PTM, est aliment\u00e9 \u00e0 travers la ligne \u00e9lectrique 220V et permet l&rsquo;utilisation avec un c\u00e2ble de connexion au boitier qui peut \u00eatre long jusqu&rsquo;\u00e0 30 m\u00e8tres.<br \/>\nA la demande du client, on peut fournir communication sans fils, CAN-BUS ou avec diff\u00e9rents protocoles de communication, pour interfacer l&rsquo;\u00e9cran \u00e0 des autres dispositifs aussi.<\/p>\n","protected":false},"featured_media":9940,"template":"","meta":{"inline_featured_image":false},"product_brand":[],"product_cat":[249],"product_tag":[],"class_list":{"0":"post-5148","1":"product","2":"type-product","3":"status-publish","4":"has-post-thumbnail","6":"product_cat-accessoires-standard","8":"first","9":"instock","10":"downloadable","11":"shipping-taxable","12":"product-type-simple"},"yoast_head":"<!-- This site is optimized with the Yoast SEO plugin v25.3 - https:\/\/yoast.com\/wordpress\/plugins\/seo\/ -->\n<title>PTM Srl | Big Display RF<\/title>\n<meta name=\"robots\" content=\"index, follow, max-snippet:-1, max-image-preview:large, max-video-preview:-1\" \/>\n<link rel=\"canonical\" href=\"https:\/\/ptmsrl.com\/fr\/prodotto\/big-display-rf\/\" \/>\n<meta property=\"og:locale\" content=\"fr_FR\" \/>\n<meta property=\"og:type\" content=\"article\" \/>\n<meta property=\"og:title\" content=\"PTM Srl | Big Display RF\" \/>\n<meta property=\"og:description\" content=\"Afficheur repetiteur \u00e0 grandes chiffres, visibilit\u00e9 parfaite dans toute condition de lumi\u00e8re naturelle Cet \u00e9cran r\u00e9p\u00e9titeur a \u00e9t\u00e9 projet\u00e9 pour visualiser le poids mesur\u00e9 par les boitiers aussi d&#039;une longue distance, jusqu&#039;\u00e0 100 m\u00e8tres.  Le BIG DISPLAY est disponible aussi avec caract\u00e8res num\u00e9riques qu&#039;avec caract\u00e8res alphanum\u00e9riques; il est dou\u00e9 d&#039;une boite en m\u00e9tal IP68, r\u00e9sistant \u00e0 conditions extr\u00eames, filtre optique pour voir en mani\u00e8re claire les valeurs sur l&#039;\u00e9cran, aussi en pr\u00e9sence de lumi\u00e8re intense. L&#039;\u00e9cran utilise LED \u00e0 6 digits, \u00e0 haute luminosit\u00e9 et visibilit\u00e9, et la luminosit\u00e9 se r\u00e8gle automatiquement selon la lumi\u00e8re environnementale.  Cet \u00e9cran peut communiquer avec tous les boitiers PTM, est aliment\u00e9 \u00e0 travers la ligne \u00e9lectrique 220V et permet l&#039;utilisation avec un c\u00e2ble de connexion au boitier qui peut \u00eatre long jusqu&#039;\u00e0 30 m\u00e8tres. A la demande du client, on peut fournir communication sans fils, CAN-BUS ou avec diff\u00e9rents protocoles de communication, pour interfacer l&#039;\u00e9cran \u00e0 des autres dispositifs aussi.\" \/>\n<meta property=\"og:url\" content=\"https:\/\/ptmsrl.com\/fr\/prodotto\/big-display-rf\/\" \/>\n<meta property=\"og:site_name\" content=\"PTM Srl\" \/>\n<meta property=\"article:publisher\" content=\"https:\/\/www.facebook.com\/believingintechnology\/\" \/>\n<meta property=\"article:modified_time\" content=\"2019-07-25T14:21:01+00:00\" \/>\n<meta property=\"og:image\" content=\"https:\/\/ptmsrl.com\/wp-content\/uploads\/2018\/09\/Big-display_rev2.jpg\" \/>\n\t<meta property=\"og:image:width\" content=\"865\" \/>\n\t<meta property=\"og:image:height\" content=\"768\" \/>\n\t<meta property=\"og:image:type\" content=\"image\/jpeg\" \/>\n<meta name=\"twitter:card\" content=\"summary_large_image\" \/>\n<meta name=\"twitter:site\" content=\"@ptm\" \/>\n<script type=\"application\/ld+json\" class=\"yoast-schema-graph\">{\"@context\":\"https:\/\/schema.org\",\"@graph\":[{\"@type\":\"WebPage\",\"@id\":\"https:\/\/ptmsrl.com\/fr\/prodotto\/big-display-rf\/\",\"url\":\"https:\/\/ptmsrl.com\/fr\/prodotto\/big-display-rf\/\",\"name\":\"PTM Srl | Big Display RF\",\"isPartOf\":{\"@id\":\"https:\/\/ptmsrl.com\/#website\"},\"primaryImageOfPage\":{\"@id\":\"https:\/\/ptmsrl.com\/fr\/prodotto\/big-display-rf\/#primaryimage\"},\"image\":{\"@id\":\"https:\/\/ptmsrl.com\/fr\/prodotto\/big-display-rf\/#primaryimage\"},\"thumbnailUrl\":\"https:\/\/ptmsrl.com\/wp-content\/uploads\/2018\/09\/Big-display_rev2.jpg\",\"datePublished\":\"2018-09-07T12:42:16+00:00\",\"dateModified\":\"2019-07-25T14:21:01+00:00\",\"breadcrumb\":{\"@id\":\"https:\/\/ptmsrl.com\/fr\/prodotto\/big-display-rf\/#breadcrumb\"},\"inLanguage\":\"fr-FR\",\"potentialAction\":[{\"@type\":\"ReadAction\",\"target\":[\"https:\/\/ptmsrl.com\/fr\/prodotto\/big-display-rf\/\"]}]},{\"@type\":\"ImageObject\",\"inLanguage\":\"fr-FR\",\"@id\":\"https:\/\/ptmsrl.com\/fr\/prodotto\/big-display-rf\/#primaryimage\",\"url\":\"https:\/\/ptmsrl.com\/wp-content\/uploads\/2018\/09\/Big-display_rev2.jpg\",\"contentUrl\":\"https:\/\/ptmsrl.com\/wp-content\/uploads\/2018\/09\/Big-display_rev2.jpg\",\"width\":865,\"height\":768,\"caption\":\"????????????????????????????????????\"},{\"@type\":\"BreadcrumbList\",\"@id\":\"https:\/\/ptmsrl.com\/fr\/prodotto\/big-display-rf\/#breadcrumb\",\"itemListElement\":[{\"@type\":\"ListItem\",\"position\":1,\"name\":\"Home\",\"item\":\"https:\/\/ptmsrl.com\/fr\/\"},{\"@type\":\"ListItem\",\"position\":2,\"name\":\"Shop\",\"item\":\"https:\/\/ptmsrl.com\/shop\/\"},{\"@type\":\"ListItem\",\"position\":3,\"name\":\"Big Display RF\"}]},{\"@type\":\"WebSite\",\"@id\":\"https:\/\/ptmsrl.com\/#website\",\"url\":\"https:\/\/ptmsrl.com\/\",\"name\":\"PTM Srl\",\"description\":\"\u041c\u042b \u041f\u0420\u041e\u0418\u0417\u0412\u041e\u0414\u0418\u041c \u041a\u0410\u0427\u0415\u0421\u0422\u0412\u041e, \u041a\u041e\u0422\u041e\u0420\u041e\u0415 \u0418\u041c\u0415\u0415\u0422 \u041e\u0421\u041e\u0411\u042b\u0419 \u0412\u0415\u0421\",\"publisher\":{\"@id\":\"https:\/\/ptmsrl.com\/#organization\"},\"potentialAction\":[{\"@type\":\"SearchAction\",\"target\":{\"@type\":\"EntryPoint\",\"urlTemplate\":\"https:\/\/ptmsrl.com\/?s={search_term_string}\"},\"query-input\":{\"@type\":\"PropertyValueSpecification\",\"valueRequired\":true,\"valueName\":\"search_term_string\"}}],\"inLanguage\":\"fr-FR\"},{\"@type\":\"Organization\",\"@id\":\"https:\/\/ptmsrl.com\/#organization\",\"name\":\"PTM srl\",\"url\":\"https:\/\/ptmsrl.com\/\",\"logo\":{\"@type\":\"ImageObject\",\"inLanguage\":\"fr-FR\",\"@id\":\"https:\/\/ptmsrl.com\/#\/schema\/logo\/image\/\",\"url\":\"https:\/\/ptmsrl.com\/wp-content\/uploads\/2018\/10\/LOGO-PTM.png\",\"contentUrl\":\"https:\/\/ptmsrl.com\/wp-content\/uploads\/2018\/10\/LOGO-PTM.png\",\"width\":1000,\"height\":500,\"caption\":\"PTM srl\"},\"image\":{\"@id\":\"https:\/\/ptmsrl.com\/#\/schema\/logo\/image\/\"},\"sameAs\":[\"https:\/\/www.facebook.com\/believingintechnology\/\",\"https:\/\/x.com\/ptm\",\"https:\/\/www.linkedin.com\/company\/ptm-s-r-l\/\",\"https:\/\/www.youtube.com\/channel\/UCPSOS0MaR-4jDkAD3HkAC7A\"]}]}<\/script>\n<!-- \/ Yoast SEO plugin. -->","yoast_head_json":{"title":"PTM Srl | Big Display RF","robots":{"index":"index","follow":"follow","max-snippet":"max-snippet:-1","max-image-preview":"max-image-preview:large","max-video-preview":"max-video-preview:-1"},"canonical":"https:\/\/ptmsrl.com\/fr\/prodotto\/big-display-rf\/","og_locale":"fr_FR","og_type":"article","og_title":"PTM Srl | Big Display RF","og_description":"Afficheur repetiteur \u00e0 grandes chiffres, visibilit\u00e9 parfaite dans toute condition de lumi\u00e8re naturelle Cet \u00e9cran r\u00e9p\u00e9titeur a \u00e9t\u00e9 projet\u00e9 pour visualiser le poids mesur\u00e9 par les boitiers aussi d'une longue distance, jusqu'\u00e0 100 m\u00e8tres.  Le BIG DISPLAY est disponible aussi avec caract\u00e8res num\u00e9riques qu'avec caract\u00e8res alphanum\u00e9riques; il est dou\u00e9 d'une boite en m\u00e9tal IP68, r\u00e9sistant \u00e0 conditions extr\u00eames, filtre optique pour voir en mani\u00e8re claire les valeurs sur l'\u00e9cran, aussi en pr\u00e9sence de lumi\u00e8re intense. L'\u00e9cran utilise LED \u00e0 6 digits, \u00e0 haute luminosit\u00e9 et visibilit\u00e9, et la luminosit\u00e9 se r\u00e8gle automatiquement selon la lumi\u00e8re environnementale.  Cet \u00e9cran peut communiquer avec tous les boitiers PTM, est aliment\u00e9 \u00e0 travers la ligne \u00e9lectrique 220V et permet l'utilisation avec un c\u00e2ble de connexion au boitier qui peut \u00eatre long jusqu'\u00e0 30 m\u00e8tres. A la demande du client, on peut fournir communication sans fils, CAN-BUS ou avec diff\u00e9rents protocoles de communication, pour interfacer l'\u00e9cran \u00e0 des autres dispositifs aussi.","og_url":"https:\/\/ptmsrl.com\/fr\/prodotto\/big-display-rf\/","og_site_name":"PTM Srl","article_publisher":"https:\/\/www.facebook.com\/believingintechnology\/","article_modified_time":"2019-07-25T14:21:01+00:00","og_image":[{"width":865,"height":768,"url":"https:\/\/ptmsrl.com\/wp-content\/uploads\/2018\/09\/Big-display_rev2.jpg","type":"image\/jpeg"}],"twitter_card":"summary_large_image","twitter_site":"@ptm","schema":{"@context":"https:\/\/schema.org","@graph":[{"@type":"WebPage","@id":"https:\/\/ptmsrl.com\/fr\/prodotto\/big-display-rf\/","url":"https:\/\/ptmsrl.com\/fr\/prodotto\/big-display-rf\/","name":"PTM Srl | Big Display RF","isPartOf":{"@id":"https:\/\/ptmsrl.com\/#website"},"primaryImageOfPage":{"@id":"https:\/\/ptmsrl.com\/fr\/prodotto\/big-display-rf\/#primaryimage"},"image":{"@id":"https:\/\/ptmsrl.com\/fr\/prodotto\/big-display-rf\/#primaryimage"},"thumbnailUrl":"https:\/\/ptmsrl.com\/wp-content\/uploads\/2018\/09\/Big-display_rev2.jpg","datePublished":"2018-09-07T12:42:16+00:00","dateModified":"2019-07-25T14:21:01+00:00","breadcrumb":{"@id":"https:\/\/ptmsrl.com\/fr\/prodotto\/big-display-rf\/#breadcrumb"},"inLanguage":"fr-FR","potentialAction":[{"@type":"ReadAction","target":["https:\/\/ptmsrl.com\/fr\/prodotto\/big-display-rf\/"]}]},{"@type":"ImageObject","inLanguage":"fr-FR","@id":"https:\/\/ptmsrl.com\/fr\/prodotto\/big-display-rf\/#primaryimage","url":"https:\/\/ptmsrl.com\/wp-content\/uploads\/2018\/09\/Big-display_rev2.jpg","contentUrl":"https:\/\/ptmsrl.com\/wp-content\/uploads\/2018\/09\/Big-display_rev2.jpg","width":865,"height":768,"caption":"????????????????????????????????????"},{"@type":"BreadcrumbList","@id":"https:\/\/ptmsrl.com\/fr\/prodotto\/big-display-rf\/#breadcrumb","itemListElement":[{"@type":"ListItem","position":1,"name":"Home","item":"https:\/\/ptmsrl.com\/fr\/"},{"@type":"ListItem","position":2,"name":"Shop","item":"https:\/\/ptmsrl.com\/shop\/"},{"@type":"ListItem","position":3,"name":"Big Display RF"}]},{"@type":"WebSite","@id":"https:\/\/ptmsrl.com\/#website","url":"https:\/\/ptmsrl.com\/","name":"PTM Srl","description":"\u041c\u042b \u041f\u0420\u041e\u0418\u0417\u0412\u041e\u0414\u0418\u041c \u041a\u0410\u0427\u0415\u0421\u0422\u0412\u041e, \u041a\u041e\u0422\u041e\u0420\u041e\u0415 \u0418\u041c\u0415\u0415\u0422 \u041e\u0421\u041e\u0411\u042b\u0419 \u0412\u0415\u0421","publisher":{"@id":"https:\/\/ptmsrl.com\/#organization"},"potentialAction":[{"@type":"SearchAction","target":{"@type":"EntryPoint","urlTemplate":"https:\/\/ptmsrl.com\/?s={search_term_string}"},"query-input":{"@type":"PropertyValueSpecification","valueRequired":true,"valueName":"search_term_string"}}],"inLanguage":"fr-FR"},{"@type":"Organization","@id":"https:\/\/ptmsrl.com\/#organization","name":"PTM srl","url":"https:\/\/ptmsrl.com\/","logo":{"@type":"ImageObject","inLanguage":"fr-FR","@id":"https:\/\/ptmsrl.com\/#\/schema\/logo\/image\/","url":"https:\/\/ptmsrl.com\/wp-content\/uploads\/2018\/10\/LOGO-PTM.png","contentUrl":"https:\/\/ptmsrl.com\/wp-content\/uploads\/2018\/10\/LOGO-PTM.png","width":1000,"height":500,"caption":"PTM srl"},"image":{"@id":"https:\/\/ptmsrl.com\/#\/schema\/logo\/image\/"},"sameAs":["https:\/\/www.facebook.com\/believingintechnology\/","https:\/\/x.com\/ptm","https:\/\/www.linkedin.com\/company\/ptm-s-r-l\/","https:\/\/www.youtube.com\/channel\/UCPSOS0MaR-4jDkAD3HkAC7A"]}]}},"_links":{"self":[{"href":"https:\/\/ptmsrl.com\/fr\/wp-json\/wp\/v2\/product\/5148","targetHints":{"allow":["GET"]}}],"collection":[{"href":"https:\/\/ptmsrl.com\/fr\/wp-json\/wp\/v2\/product"}],"about":[{"href":"https:\/\/ptmsrl.com\/fr\/wp-json\/wp\/v2\/types\/product"}],"wp:featuredmedia":[{"embeddable":true,"href":"https:\/\/ptmsrl.com\/fr\/wp-json\/wp\/v2\/media\/9940"}],"wp:attachment":[{"href":"https:\/\/ptmsrl.com\/fr\/wp-json\/wp\/v2\/media?parent=5148"}],"wp:term":[{"taxonomy":"product_brand","embeddable":true,"href":"https:\/\/ptmsrl.com\/fr\/wp-json\/wp\/v2\/product_brand?post=5148"},{"taxonomy":"product_cat","embeddable":true,"href":"https:\/\/ptmsrl.com\/fr\/wp-json\/wp\/v2\/product_cat?post=5148"},{"taxonomy":"product_tag","embeddable":true,"href":"https:\/\/ptmsrl.com\/fr\/wp-json\/wp\/v2\/product_tag?post=5148"}],"curies":[{"name":"wp","href":"https:\/\/api.w.org\/{rel}","templated":true}]}}