{"id":5175,"date":"2018-09-07T15:03:34","date_gmt":"2018-09-07T13:03:34","guid":{"rendered":"https:\/\/ptmsrl.com\/prodotto\/av65\/"},"modified":"2019-09-09T17:43:05","modified_gmt":"2019-09-09T15:43:05","slug":"av65","status":"publish","type":"product","link":"https:\/\/ptmsrl.com\/fr\/prodotto\/av65\/","title":{"rendered":"AV65"},"content":{"rendered":"<ul>\n<li>\u00c9cran dou\u00e9 de communication RF<\/li>\n<li>Fonctionnement jusqu&rsquo;\u00e0 50 m\u00e8tres<\/li>\n<li>Jusqu&rsquo;\u00e0 4 syst\u00e8mes contr\u00f4l\u00e9s dans le m\u00eame moment par radio, gr\u00e2ce aux 4 canaux disponibles<\/li>\n<li>Antenne interne<\/li>\n<li>Support pour le fixage dou\u00e9 d&rsquo;aimant<\/li>\n<li>Chargeur batterie branch\u00e9 \u00e0 la batterie du tracteur<\/li>\n<li>Chargeur batterie \u00e0 brancher \u00e0 la ligne \u00e9lectrique (OPTIONNEL)<\/li>\n<li>Ecran double<\/li>\n<li>Contr\u00f4le des fonctions principales des boitiers ADVANCE Unifeed<\/li>\n<li>Param\u00e8tres de transmission radio r\u00e9glables<\/li>\n<li>Entretien simple (plaques amovibles)<\/li>\n<li>9 touches fonction pour l&rsquo;activation des usages personnalisables<\/li>\n<li>Drive 8 pour les sorties de puissance connect\u00e9es \u00e0 la pes\u00e9e par moyen du Multilink<\/li>\n<li>Jusqu&rsquo;\u00e0 4 sorties qui peuvent \u00eatre activ\u00e9es par moyen de n&rsquo;importe quelle touche<\/li>\n<li>4 types diff\u00e9rents de fonctions disponibles sur toutes les touches<\/li>\n<li>Choix entre 5 types diff\u00e9rentes de sorties<\/li>\n<li>5A de courante max. pour les sorties<\/li>\n<li>Versatilit\u00e9 extr\u00eame pour plusieurs applications<\/li>\n<li>Possibilit\u00e9 d&rsquo;obtenir 6 entr\u00e9es par senseurs de proximit\u00e9, touches externes ou micro-interrupteurs pour le blocage\/d\u00e9blocage de l&rsquo;usager<\/li>\n<li>Visaulisation des fonctions actives<\/li>\n<\/ul>\n","protected":false},"excerpt":{"rendered":"<h3 align=\"justify\"><strong>Ecran repetiteur de poids a frequence radio, avec controle a distance du systeme de pesage et activation de fonctions<\/strong><\/h3>\n<p align=\"justify\">Ce dispositif portable a \u00e9t\u00e9 projet\u00e9 pour le contr\u00f4le sans \ufb01ls du syst\u00e8me de pesage et de l&rsquo;activation des fonctions pour tous les boitiers de la s\u00e9rie ADVANCE Unifeed. Il est constitu\u00e9 par un mat\u00e9riel plastique avec antenne int\u00e9gr\u00e9e, \u00e9cran double dont un LCD allum\u00e9 arri\u00e8re, l&rsquo;autre \u00e0 led, avec 6 caract\u00e8res \u00e0 haute lumi\u00e8re et visibilit\u00e9. En connectant l&rsquo;\u00e9metteur-r\u00e9cepteur aux boitiers de pesage, le dispositif AV65 permet de contr\u00f4ler le travail \u00e0 distance, et consent \u00e0 l&rsquo;op\u00e9rateur de ne pas abandonner sa place de travail, et aussi de se d\u00e9placer librement pendant l&rsquo;utilisation. Le dispositif peut g\u00e9rer jusqu&rsquo;\u00e0 24 sorties, et pr\u00e9sente 9 touchesfonction, qui permettent l&rsquo;activation directe des op\u00e9rations particuli\u00e8res (par ex. rotation du tapis, activation des contre-couteaux, etc.).<\/p>\n<p align=\"justify\">Chaque touche-fonction peut \u00eatre associ\u00e9e \u00e0 jusqu&rsquo;\u00e0 4 sorties dans le m\u00eame temps, et, pour une meilleure clart\u00e9 sur les op\u00e9rations en cours, les fonctions actives seront visualis\u00e9es sur l&rsquo;\u00e9cran LCD alphanum\u00e9rique. Le dispositif peut \u00eatre utilis\u00e9 pour diff\u00e9rentes applications et, par moyen du logiciel int\u00e9gr\u00e9, on peut adapter et con\ufb01gurer le syst\u00e8me selon vos exigences, simplement en r\u00e9glant les param\u00e8tres d\u00e9sir\u00e9s sur la radiocommande. <\/p>\n<p align=\"justify\">La suret\u00e9 de l&rsquo;op\u00e9rateur est assur\u00e9e par le r\u00e9glage du temps de retard, par le blocage des commandes oppos\u00e9es potentiellement p\u00e9rilleuses, et par l&rsquo;augmentation du control visuel de l&rsquo;op\u00e9rateur gr\u00e2ce aux leds qui signalent l&rsquo;activation d&rsquo;une fonction. La t\u00e9l\u00e9commande sans \ufb01ls (wireless) permet de contr\u00f4ler jusqu&rsquo;\u00e0 4 machines dans le m\u00eame moment, et couvre une distance d&rsquo;action de 50 m\u00e8tres. Le dispositif est dou\u00e9 de syst\u00e8me multi-langue et de contr\u00f4le de la garantie.<\/p>\n","protected":false},"featured_media":5176,"template":"","meta":{"inline_featured_image":false},"product_brand":[],"product_cat":[249],"product_tag":[],"class_list":{"0":"post-5175","1":"product","2":"type-product","3":"status-publish","4":"has-post-thumbnail","6":"product_cat-accessoires-standard","8":"first","9":"instock","10":"downloadable","11":"shipping-taxable","12":"product-type-simple"},"yoast_head":"<!-- This site is optimized with the Yoast SEO plugin v25.3 - https:\/\/yoast.com\/wordpress\/plugins\/seo\/ -->\n<title>PTM Srl | AV65<\/title>\n<meta name=\"robots\" content=\"index, follow, max-snippet:-1, max-image-preview:large, max-video-preview:-1\" \/>\n<link rel=\"canonical\" href=\"https:\/\/ptmsrl.com\/fr\/prodotto\/av65\/\" \/>\n<meta property=\"og:locale\" content=\"fr_FR\" \/>\n<meta property=\"og:type\" content=\"article\" \/>\n<meta property=\"og:title\" content=\"PTM Srl | AV65\" \/>\n<meta property=\"og:description\" content=\"Ecran repetiteur de poids a frequence radio, avec controle a distance du systeme de pesage et activation de fonctions Ce dispositif portable a \u00e9t\u00e9 projet\u00e9 pour le contr\u00f4le sans \ufb01ls du syst\u00e8me de pesage et de l&#039;activation des fonctions pour tous les boitiers de la s\u00e9rie ADVANCE Unifeed. Il est constitu\u00e9 par un mat\u00e9riel plastique avec antenne int\u00e9gr\u00e9e, \u00e9cran double dont un LCD allum\u00e9 arri\u00e8re, l&#039;autre \u00e0 led, avec 6 caract\u00e8res \u00e0 haute lumi\u00e8re et visibilit\u00e9. En connectant l&#039;\u00e9metteur-r\u00e9cepteur aux boitiers de pesage, le dispositif AV65 permet de contr\u00f4ler le travail \u00e0 distance, et consent \u00e0 l&#039;op\u00e9rateur de ne pas abandonner sa place de travail, et aussi de se d\u00e9placer librement pendant l&#039;utilisation. Le dispositif peut g\u00e9rer jusqu&#039;\u00e0 24 sorties, et pr\u00e9sente 9 touchesfonction, qui permettent l&#039;activation directe des op\u00e9rations particuli\u00e8res (par ex. rotation du tapis, activation des contre-couteaux, etc.). Chaque touche-fonction peut \u00eatre associ\u00e9e \u00e0 jusqu&#039;\u00e0 4 sorties dans le m\u00eame temps, et, pour une meilleure clart\u00e9 sur les op\u00e9rations en cours, les fonctions actives seront visualis\u00e9es sur l&#039;\u00e9cran LCD alphanum\u00e9rique. Le dispositif peut \u00eatre utilis\u00e9 pour diff\u00e9rentes applications et, par moyen du logiciel int\u00e9gr\u00e9, on peut adapter et con\ufb01gurer le syst\u00e8me selon vos exigences, simplement en r\u00e9glant les param\u00e8tres d\u00e9sir\u00e9s sur la radiocommande.  La suret\u00e9 de l&#039;op\u00e9rateur est assur\u00e9e par le r\u00e9glage du temps de retard, par le blocage des commandes oppos\u00e9es potentiellement p\u00e9rilleuses, et par l&#039;augmentation du control visuel de l&#039;op\u00e9rateur gr\u00e2ce aux leds qui signalent l&#039;activation d&#039;une fonction. La t\u00e9l\u00e9commande sans \ufb01ls (wireless) permet de contr\u00f4ler jusqu&#039;\u00e0 4 machines dans le m\u00eame moment, et couvre une distance d&#039;action de 50 m\u00e8tres. Le dispositif est dou\u00e9 de syst\u00e8me multi-langue et de contr\u00f4le de la garantie.\" \/>\n<meta property=\"og:url\" content=\"https:\/\/ptmsrl.com\/fr\/prodotto\/av65\/\" \/>\n<meta property=\"og:site_name\" content=\"PTM Srl\" \/>\n<meta property=\"article:publisher\" content=\"https:\/\/www.facebook.com\/believingintechnology\/\" \/>\n<meta property=\"article:modified_time\" content=\"2019-09-09T15:43:05+00:00\" \/>\n<meta property=\"og:image\" content=\"https:\/\/ptmsrl.com\/wp-content\/uploads\/2018\/09\/AV-65-GENERICO-FGDISPLAV650.jpg\" \/>\n\t<meta property=\"og:image:width\" content=\"1024\" \/>\n\t<meta property=\"og:image:height\" content=\"1024\" \/>\n\t<meta property=\"og:image:type\" content=\"image\/jpeg\" \/>\n<meta name=\"twitter:card\" content=\"summary_large_image\" \/>\n<meta name=\"twitter:site\" content=\"@ptm\" \/>\n<meta name=\"twitter:label1\" content=\"Dur\u00e9e de lecture estim\u00e9e\" \/>\n\t<meta name=\"twitter:data1\" content=\"1 minute\" \/>\n<script type=\"application\/ld+json\" class=\"yoast-schema-graph\">{\"@context\":\"https:\/\/schema.org\",\"@graph\":[{\"@type\":\"WebPage\",\"@id\":\"https:\/\/ptmsrl.com\/fr\/prodotto\/av65\/\",\"url\":\"https:\/\/ptmsrl.com\/fr\/prodotto\/av65\/\",\"name\":\"PTM Srl | AV65\",\"isPartOf\":{\"@id\":\"https:\/\/ptmsrl.com\/#website\"},\"primaryImageOfPage\":{\"@id\":\"https:\/\/ptmsrl.com\/fr\/prodotto\/av65\/#primaryimage\"},\"image\":{\"@id\":\"https:\/\/ptmsrl.com\/fr\/prodotto\/av65\/#primaryimage\"},\"thumbnailUrl\":\"https:\/\/ptmsrl.com\/wp-content\/uploads\/2018\/09\/AV-65-GENERICO-FGDISPLAV650.jpg\",\"datePublished\":\"2018-09-07T13:03:34+00:00\",\"dateModified\":\"2019-09-09T15:43:05+00:00\",\"breadcrumb\":{\"@id\":\"https:\/\/ptmsrl.com\/fr\/prodotto\/av65\/#breadcrumb\"},\"inLanguage\":\"fr-FR\",\"potentialAction\":[{\"@type\":\"ReadAction\",\"target\":[\"https:\/\/ptmsrl.com\/fr\/prodotto\/av65\/\"]}]},{\"@type\":\"ImageObject\",\"inLanguage\":\"fr-FR\",\"@id\":\"https:\/\/ptmsrl.com\/fr\/prodotto\/av65\/#primaryimage\",\"url\":\"https:\/\/ptmsrl.com\/wp-content\/uploads\/2018\/09\/AV-65-GENERICO-FGDISPLAV650.jpg\",\"contentUrl\":\"https:\/\/ptmsrl.com\/wp-content\/uploads\/2018\/09\/AV-65-GENERICO-FGDISPLAV650.jpg\",\"width\":1024,\"height\":1024,\"caption\":\"av-65-generico-fgdisplav650\"},{\"@type\":\"BreadcrumbList\",\"@id\":\"https:\/\/ptmsrl.com\/fr\/prodotto\/av65\/#breadcrumb\",\"itemListElement\":[{\"@type\":\"ListItem\",\"position\":1,\"name\":\"Home\",\"item\":\"https:\/\/ptmsrl.com\/fr\/\"},{\"@type\":\"ListItem\",\"position\":2,\"name\":\"Shop\",\"item\":\"https:\/\/ptmsrl.com\/shop\/\"},{\"@type\":\"ListItem\",\"position\":3,\"name\":\"AV65\"}]},{\"@type\":\"WebSite\",\"@id\":\"https:\/\/ptmsrl.com\/#website\",\"url\":\"https:\/\/ptmsrl.com\/\",\"name\":\"PTM Srl\",\"description\":\"\u041c\u042b \u041f\u0420\u041e\u0418\u0417\u0412\u041e\u0414\u0418\u041c \u041a\u0410\u0427\u0415\u0421\u0422\u0412\u041e, \u041a\u041e\u0422\u041e\u0420\u041e\u0415 \u0418\u041c\u0415\u0415\u0422 \u041e\u0421\u041e\u0411\u042b\u0419 \u0412\u0415\u0421\",\"publisher\":{\"@id\":\"https:\/\/ptmsrl.com\/#organization\"},\"potentialAction\":[{\"@type\":\"SearchAction\",\"target\":{\"@type\":\"EntryPoint\",\"urlTemplate\":\"https:\/\/ptmsrl.com\/?s={search_term_string}\"},\"query-input\":{\"@type\":\"PropertyValueSpecification\",\"valueRequired\":true,\"valueName\":\"search_term_string\"}}],\"inLanguage\":\"fr-FR\"},{\"@type\":\"Organization\",\"@id\":\"https:\/\/ptmsrl.com\/#organization\",\"name\":\"PTM srl\",\"url\":\"https:\/\/ptmsrl.com\/\",\"logo\":{\"@type\":\"ImageObject\",\"inLanguage\":\"fr-FR\",\"@id\":\"https:\/\/ptmsrl.com\/#\/schema\/logo\/image\/\",\"url\":\"https:\/\/ptmsrl.com\/wp-content\/uploads\/2018\/10\/LOGO-PTM.png\",\"contentUrl\":\"https:\/\/ptmsrl.com\/wp-content\/uploads\/2018\/10\/LOGO-PTM.png\",\"width\":1000,\"height\":500,\"caption\":\"PTM srl\"},\"image\":{\"@id\":\"https:\/\/ptmsrl.com\/#\/schema\/logo\/image\/\"},\"sameAs\":[\"https:\/\/www.facebook.com\/believingintechnology\/\",\"https:\/\/x.com\/ptm\",\"https:\/\/www.linkedin.com\/company\/ptm-s-r-l\/\",\"https:\/\/www.youtube.com\/channel\/UCPSOS0MaR-4jDkAD3HkAC7A\"]}]}<\/script>\n<!-- \/ Yoast SEO plugin. -->","yoast_head_json":{"title":"PTM Srl | AV65","robots":{"index":"index","follow":"follow","max-snippet":"max-snippet:-1","max-image-preview":"max-image-preview:large","max-video-preview":"max-video-preview:-1"},"canonical":"https:\/\/ptmsrl.com\/fr\/prodotto\/av65\/","og_locale":"fr_FR","og_type":"article","og_title":"PTM Srl | AV65","og_description":"Ecran repetiteur de poids a frequence radio, avec controle a distance du systeme de pesage et activation de fonctions Ce dispositif portable a \u00e9t\u00e9 projet\u00e9 pour le contr\u00f4le sans \ufb01ls du syst\u00e8me de pesage et de l'activation des fonctions pour tous les boitiers de la s\u00e9rie ADVANCE Unifeed. Il est constitu\u00e9 par un mat\u00e9riel plastique avec antenne int\u00e9gr\u00e9e, \u00e9cran double dont un LCD allum\u00e9 arri\u00e8re, l'autre \u00e0 led, avec 6 caract\u00e8res \u00e0 haute lumi\u00e8re et visibilit\u00e9. En connectant l'\u00e9metteur-r\u00e9cepteur aux boitiers de pesage, le dispositif AV65 permet de contr\u00f4ler le travail \u00e0 distance, et consent \u00e0 l'op\u00e9rateur de ne pas abandonner sa place de travail, et aussi de se d\u00e9placer librement pendant l'utilisation. Le dispositif peut g\u00e9rer jusqu'\u00e0 24 sorties, et pr\u00e9sente 9 touchesfonction, qui permettent l'activation directe des op\u00e9rations particuli\u00e8res (par ex. rotation du tapis, activation des contre-couteaux, etc.). Chaque touche-fonction peut \u00eatre associ\u00e9e \u00e0 jusqu'\u00e0 4 sorties dans le m\u00eame temps, et, pour une meilleure clart\u00e9 sur les op\u00e9rations en cours, les fonctions actives seront visualis\u00e9es sur l'\u00e9cran LCD alphanum\u00e9rique. Le dispositif peut \u00eatre utilis\u00e9 pour diff\u00e9rentes applications et, par moyen du logiciel int\u00e9gr\u00e9, on peut adapter et con\ufb01gurer le syst\u00e8me selon vos exigences, simplement en r\u00e9glant les param\u00e8tres d\u00e9sir\u00e9s sur la radiocommande.  La suret\u00e9 de l'op\u00e9rateur est assur\u00e9e par le r\u00e9glage du temps de retard, par le blocage des commandes oppos\u00e9es potentiellement p\u00e9rilleuses, et par l'augmentation du control visuel de l'op\u00e9rateur gr\u00e2ce aux leds qui signalent l'activation d'une fonction. La t\u00e9l\u00e9commande sans \ufb01ls (wireless) permet de contr\u00f4ler jusqu'\u00e0 4 machines dans le m\u00eame moment, et couvre une distance d'action de 50 m\u00e8tres. Le dispositif est dou\u00e9 de syst\u00e8me multi-langue et de contr\u00f4le de la garantie.","og_url":"https:\/\/ptmsrl.com\/fr\/prodotto\/av65\/","og_site_name":"PTM Srl","article_publisher":"https:\/\/www.facebook.com\/believingintechnology\/","article_modified_time":"2019-09-09T15:43:05+00:00","og_image":[{"width":1024,"height":1024,"url":"https:\/\/ptmsrl.com\/wp-content\/uploads\/2018\/09\/AV-65-GENERICO-FGDISPLAV650.jpg","type":"image\/jpeg"}],"twitter_card":"summary_large_image","twitter_site":"@ptm","twitter_misc":{"Dur\u00e9e de lecture estim\u00e9e":"1 minute"},"schema":{"@context":"https:\/\/schema.org","@graph":[{"@type":"WebPage","@id":"https:\/\/ptmsrl.com\/fr\/prodotto\/av65\/","url":"https:\/\/ptmsrl.com\/fr\/prodotto\/av65\/","name":"PTM Srl | AV65","isPartOf":{"@id":"https:\/\/ptmsrl.com\/#website"},"primaryImageOfPage":{"@id":"https:\/\/ptmsrl.com\/fr\/prodotto\/av65\/#primaryimage"},"image":{"@id":"https:\/\/ptmsrl.com\/fr\/prodotto\/av65\/#primaryimage"},"thumbnailUrl":"https:\/\/ptmsrl.com\/wp-content\/uploads\/2018\/09\/AV-65-GENERICO-FGDISPLAV650.jpg","datePublished":"2018-09-07T13:03:34+00:00","dateModified":"2019-09-09T15:43:05+00:00","breadcrumb":{"@id":"https:\/\/ptmsrl.com\/fr\/prodotto\/av65\/#breadcrumb"},"inLanguage":"fr-FR","potentialAction":[{"@type":"ReadAction","target":["https:\/\/ptmsrl.com\/fr\/prodotto\/av65\/"]}]},{"@type":"ImageObject","inLanguage":"fr-FR","@id":"https:\/\/ptmsrl.com\/fr\/prodotto\/av65\/#primaryimage","url":"https:\/\/ptmsrl.com\/wp-content\/uploads\/2018\/09\/AV-65-GENERICO-FGDISPLAV650.jpg","contentUrl":"https:\/\/ptmsrl.com\/wp-content\/uploads\/2018\/09\/AV-65-GENERICO-FGDISPLAV650.jpg","width":1024,"height":1024,"caption":"av-65-generico-fgdisplav650"},{"@type":"BreadcrumbList","@id":"https:\/\/ptmsrl.com\/fr\/prodotto\/av65\/#breadcrumb","itemListElement":[{"@type":"ListItem","position":1,"name":"Home","item":"https:\/\/ptmsrl.com\/fr\/"},{"@type":"ListItem","position":2,"name":"Shop","item":"https:\/\/ptmsrl.com\/shop\/"},{"@type":"ListItem","position":3,"name":"AV65"}]},{"@type":"WebSite","@id":"https:\/\/ptmsrl.com\/#website","url":"https:\/\/ptmsrl.com\/","name":"PTM Srl","description":"\u041c\u042b \u041f\u0420\u041e\u0418\u0417\u0412\u041e\u0414\u0418\u041c \u041a\u0410\u0427\u0415\u0421\u0422\u0412\u041e, \u041a\u041e\u0422\u041e\u0420\u041e\u0415 \u0418\u041c\u0415\u0415\u0422 \u041e\u0421\u041e\u0411\u042b\u0419 \u0412\u0415\u0421","publisher":{"@id":"https:\/\/ptmsrl.com\/#organization"},"potentialAction":[{"@type":"SearchAction","target":{"@type":"EntryPoint","urlTemplate":"https:\/\/ptmsrl.com\/?s={search_term_string}"},"query-input":{"@type":"PropertyValueSpecification","valueRequired":true,"valueName":"search_term_string"}}],"inLanguage":"fr-FR"},{"@type":"Organization","@id":"https:\/\/ptmsrl.com\/#organization","name":"PTM srl","url":"https:\/\/ptmsrl.com\/","logo":{"@type":"ImageObject","inLanguage":"fr-FR","@id":"https:\/\/ptmsrl.com\/#\/schema\/logo\/image\/","url":"https:\/\/ptmsrl.com\/wp-content\/uploads\/2018\/10\/LOGO-PTM.png","contentUrl":"https:\/\/ptmsrl.com\/wp-content\/uploads\/2018\/10\/LOGO-PTM.png","width":1000,"height":500,"caption":"PTM srl"},"image":{"@id":"https:\/\/ptmsrl.com\/#\/schema\/logo\/image\/"},"sameAs":["https:\/\/www.facebook.com\/believingintechnology\/","https:\/\/x.com\/ptm","https:\/\/www.linkedin.com\/company\/ptm-s-r-l\/","https:\/\/www.youtube.com\/channel\/UCPSOS0MaR-4jDkAD3HkAC7A"]}]}},"_links":{"self":[{"href":"https:\/\/ptmsrl.com\/fr\/wp-json\/wp\/v2\/product\/5175","targetHints":{"allow":["GET"]}}],"collection":[{"href":"https:\/\/ptmsrl.com\/fr\/wp-json\/wp\/v2\/product"}],"about":[{"href":"https:\/\/ptmsrl.com\/fr\/wp-json\/wp\/v2\/types\/product"}],"wp:featuredmedia":[{"embeddable":true,"href":"https:\/\/ptmsrl.com\/fr\/wp-json\/wp\/v2\/media\/5176"}],"wp:attachment":[{"href":"https:\/\/ptmsrl.com\/fr\/wp-json\/wp\/v2\/media?parent=5175"}],"wp:term":[{"taxonomy":"product_brand","embeddable":true,"href":"https:\/\/ptmsrl.com\/fr\/wp-json\/wp\/v2\/product_brand?post=5175"},{"taxonomy":"product_cat","embeddable":true,"href":"https:\/\/ptmsrl.com\/fr\/wp-json\/wp\/v2\/product_cat?post=5175"},{"taxonomy":"product_tag","embeddable":true,"href":"https:\/\/ptmsrl.com\/fr\/wp-json\/wp\/v2\/product_tag?post=5175"}],"curies":[{"name":"wp","href":"https:\/\/api.w.org\/{rel}","templated":true}]}}