{"id":5192,"date":"2018-09-07T15:19:11","date_gmt":"2018-10-25T16:12:32","guid":{"rendered":"https:\/\/ptmsrl.com\/prodotto\/telerf\/"},"modified":"2019-07-23T09:15:22","modified_gmt":"2019-07-23T07:15:22","slug":"telerf","status":"publish","type":"product","link":"https:\/\/ptmsrl.com\/fr\/prodotto\/telerf\/","title":{"rendered":"Telerf"},"content":{"rendered":"<ul>\n<li>Possibilit\u00e9 de programmation personnalis\u00e9e<\/li>\n<li>Versatilit\u00e9 extr\u00eame pour plusieurs op\u00e9rations (hachepaille, m\u00e9langeuses, tonnes \u00e0 lisier, grues, plateformes, etc.)<\/li>\n<li>Jusqu&rsquo;\u00e0 6 entr\u00e9es qui peuvent \u00eatre g\u00e9r\u00e9es par senseurs, touche externes ou micro-interrupteurs<\/li>\n<li>Distance de fonctionnement: jusqu&rsquo;\u00e0 50 m\u00e8tres sans fils<\/li>\n<li>Clavier intuitive avec symboles personnalisables<\/li>\n<li>Boite ergonomique<\/li>\n<li>Possibilit\u00e9 de support pour le fixage<\/li>\n<li>Touche d&rsquo;\u00e9mergence pour l&rsquo;interruption instantan\u00e9e<\/li>\n<li>Protection des soupapes contre les courts-circuits<\/li>\n<li>R\u00e9sistant aux vibrations et aux sollicitations m\u00e9caniques<\/li>\n<li>Batteries standard<\/li>\n<li>Senseur optionnel de pr\u00e9sence homme<\/li>\n<\/ul>\n","protected":false},"excerpt":{"rendered":"<h3><strong>T\u00e9l\u00e9commande pour le contr\u00f4le et l&rsquo;automatisation des op\u00e9rations<\/strong><\/h3>\n<p align=\"justify\">La t\u00e9l\u00e9commande TELERF a \u00e9t\u00e9 projet\u00e9e pour satisfaire toutes les exigences de contr\u00f4le et automatisation \u00e0 distance avec communication sans fil ou par c\u00e2ble. On peut contr\u00f4ler <strong>dispositifs de diff\u00e9rents types<\/strong>: \u00e9lectriques, \u00e9lectrohydrauliques, \u00e9lectrom\u00e9caniques, etc. et on peut g\u00e9rer les fonctions des diff\u00e9rentes machines (hache-paille, m\u00e9langeuses, tonnes \u00e0 lisier, grues, plateformes etc.) en contr\u00f4lant directement les contactes (soupapes \u00e9lectriques ou relais) associ\u00e9s \u00e0 une op\u00e9ration, avec la possibilit\u00e9 d&rsquo;activer plusieurs fonctions dans le m\u00eame temps. En plus, pour avoir une majeure clart\u00e9 des op\u00e9rations en cours, <strong>trous les commandes actives sont visualis\u00e9es sur l&rsquo;\u00e9cran LCD<\/strong> alphanum\u00e9rique.\u00a0Le dispositif est dispos\u00e9 pour la gestion de 28 sorties max., 4 desquelles proportionnelles et 4 relais, en permettant de utiliser tant dispositifs on\/off que dispositifs r\u00e9glables.<\/p>\n<p align=\"justify\">Le dispositif peut \u00eatre utilis\u00e9 pour plusieurs applications gr\u00e2ce au num\u00e9ro illimit\u00e9 de combinaisons et configurations disponibles. La t\u00e9l\u00e9commande de type sans fil permit de contr\u00f4ler jusqu&rsquo;\u00e0 4 diff\u00e9rents machines dans le m\u00eame temps et a une distance de fonctionnement jusqu&rsquo;\u00e0 50 m\u00e8tres; le mod\u00e8le avec transmission par c\u00e2ble permit une majeure s\u00fbret\u00e9 de l&rsquo;op\u00e9rateur quand on a parties m\u00e9caniques en mouvement potentiellement dangereuses<\/p>\n","protected":false},"featured_media":5193,"template":"","meta":{"inline_featured_image":false},"product_brand":[],"product_cat":[235],"product_tag":[],"class_list":{"0":"post-5192","1":"product","2":"type-product","3":"status-publish","4":"has-post-thumbnail","6":"product_cat-solutions-sur-mesure","8":"first","9":"instock","10":"downloadable","11":"shipping-taxable","12":"product-type-simple"},"yoast_head":"<!-- This site is optimized with the Yoast SEO plugin v25.3 - https:\/\/yoast.com\/wordpress\/plugins\/seo\/ -->\n<title>PTM Srl | Telerf<\/title>\n<meta name=\"robots\" content=\"index, follow, max-snippet:-1, max-image-preview:large, max-video-preview:-1\" \/>\n<link rel=\"canonical\" href=\"https:\/\/ptmsrl.com\/fr\/prodotto\/telerf\/\" \/>\n<meta property=\"og:locale\" content=\"fr_FR\" \/>\n<meta property=\"og:type\" content=\"article\" \/>\n<meta property=\"og:title\" content=\"PTM Srl | Telerf\" \/>\n<meta property=\"og:description\" content=\"T\u00e9l\u00e9commande pour le contr\u00f4le et l&#039;automatisation des op\u00e9rations La t\u00e9l\u00e9commande TELERF a \u00e9t\u00e9 projet\u00e9e pour satisfaire toutes les exigences de contr\u00f4le et automatisation \u00e0 distance avec communication sans fil ou par c\u00e2ble. On peut contr\u00f4ler dispositifs de diff\u00e9rents types: \u00e9lectriques, \u00e9lectrohydrauliques, \u00e9lectrom\u00e9caniques, etc. et on peut g\u00e9rer les fonctions des diff\u00e9rentes machines (hache-paille, m\u00e9langeuses, tonnes \u00e0 lisier, grues, plateformes etc.) en contr\u00f4lant directement les contactes (soupapes \u00e9lectriques ou relais) associ\u00e9s \u00e0 une op\u00e9ration, avec la possibilit\u00e9 d&#039;activer plusieurs fonctions dans le m\u00eame temps. En plus, pour avoir une majeure clart\u00e9 des op\u00e9rations en cours, trous les commandes actives sont visualis\u00e9es sur l&#039;\u00e9cran LCD alphanum\u00e9rique.\u00a0Le dispositif est dispos\u00e9 pour la gestion de 28 sorties max., 4 desquelles proportionnelles et 4 relais, en permettant de utiliser tant dispositifs on\/off que dispositifs r\u00e9glables.  Le dispositif peut \u00eatre utilis\u00e9 pour plusieurs applications gr\u00e2ce au num\u00e9ro illimit\u00e9 de combinaisons et configurations disponibles. La t\u00e9l\u00e9commande de type sans fil permit de contr\u00f4ler jusqu&#039;\u00e0 4 diff\u00e9rents machines dans le m\u00eame temps et a une distance de fonctionnement jusqu&#039;\u00e0 50 m\u00e8tres; le mod\u00e8le avec transmission par c\u00e2ble permit une majeure s\u00fbret\u00e9 de l&#039;op\u00e9rateur quand on a parties m\u00e9caniques en mouvement potentiellement dangereuses\" \/>\n<meta property=\"og:url\" content=\"https:\/\/ptmsrl.com\/fr\/prodotto\/telerf\/\" \/>\n<meta property=\"og:site_name\" content=\"PTM Srl\" \/>\n<meta property=\"article:publisher\" content=\"https:\/\/www.facebook.com\/believingintechnology\/\" \/>\n<meta property=\"article:modified_time\" content=\"2019-07-23T07:15:22+00:00\" \/>\n<meta property=\"og:image\" content=\"https:\/\/ptmsrl.com\/wp-content\/uploads\/2018\/09\/TELE-RF.jpg\" \/>\n\t<meta property=\"og:image:width\" content=\"1024\" \/>\n\t<meta property=\"og:image:height\" content=\"1024\" \/>\n\t<meta property=\"og:image:type\" content=\"image\/jpeg\" \/>\n<meta name=\"twitter:card\" content=\"summary_large_image\" \/>\n<meta name=\"twitter:site\" content=\"@ptm\" \/>\n<script type=\"application\/ld+json\" class=\"yoast-schema-graph\">{\"@context\":\"https:\/\/schema.org\",\"@graph\":[{\"@type\":\"WebPage\",\"@id\":\"https:\/\/ptmsrl.com\/fr\/prodotto\/telerf\/\",\"url\":\"https:\/\/ptmsrl.com\/fr\/prodotto\/telerf\/\",\"name\":\"PTM Srl | Telerf\",\"isPartOf\":{\"@id\":\"https:\/\/ptmsrl.com\/#website\"},\"primaryImageOfPage\":{\"@id\":\"https:\/\/ptmsrl.com\/fr\/prodotto\/telerf\/#primaryimage\"},\"image\":{\"@id\":\"https:\/\/ptmsrl.com\/fr\/prodotto\/telerf\/#primaryimage\"},\"thumbnailUrl\":\"https:\/\/ptmsrl.com\/wp-content\/uploads\/2018\/09\/TELE-RF.jpg\",\"datePublished\":\"2018-10-25T16:12:32+00:00\",\"dateModified\":\"2019-07-23T07:15:22+00:00\",\"breadcrumb\":{\"@id\":\"https:\/\/ptmsrl.com\/fr\/prodotto\/telerf\/#breadcrumb\"},\"inLanguage\":\"fr-FR\",\"potentialAction\":[{\"@type\":\"ReadAction\",\"target\":[\"https:\/\/ptmsrl.com\/fr\/prodotto\/telerf\/\"]}]},{\"@type\":\"ImageObject\",\"inLanguage\":\"fr-FR\",\"@id\":\"https:\/\/ptmsrl.com\/fr\/prodotto\/telerf\/#primaryimage\",\"url\":\"https:\/\/ptmsrl.com\/wp-content\/uploads\/2018\/09\/TELE-RF.jpg\",\"contentUrl\":\"https:\/\/ptmsrl.com\/wp-content\/uploads\/2018\/09\/TELE-RF.jpg\",\"width\":1024,\"height\":1024,\"caption\":\"tele-rf\"},{\"@type\":\"BreadcrumbList\",\"@id\":\"https:\/\/ptmsrl.com\/fr\/prodotto\/telerf\/#breadcrumb\",\"itemListElement\":[{\"@type\":\"ListItem\",\"position\":1,\"name\":\"Home\",\"item\":\"https:\/\/ptmsrl.com\/fr\/\"},{\"@type\":\"ListItem\",\"position\":2,\"name\":\"Shop\",\"item\":\"https:\/\/ptmsrl.com\/shop\/\"},{\"@type\":\"ListItem\",\"position\":3,\"name\":\"Telerf\"}]},{\"@type\":\"WebSite\",\"@id\":\"https:\/\/ptmsrl.com\/#website\",\"url\":\"https:\/\/ptmsrl.com\/\",\"name\":\"PTM Srl\",\"description\":\"\u041c\u042b \u041f\u0420\u041e\u0418\u0417\u0412\u041e\u0414\u0418\u041c \u041a\u0410\u0427\u0415\u0421\u0422\u0412\u041e, \u041a\u041e\u0422\u041e\u0420\u041e\u0415 \u0418\u041c\u0415\u0415\u0422 \u041e\u0421\u041e\u0411\u042b\u0419 \u0412\u0415\u0421\",\"publisher\":{\"@id\":\"https:\/\/ptmsrl.com\/#organization\"},\"potentialAction\":[{\"@type\":\"SearchAction\",\"target\":{\"@type\":\"EntryPoint\",\"urlTemplate\":\"https:\/\/ptmsrl.com\/?s={search_term_string}\"},\"query-input\":{\"@type\":\"PropertyValueSpecification\",\"valueRequired\":true,\"valueName\":\"search_term_string\"}}],\"inLanguage\":\"fr-FR\"},{\"@type\":\"Organization\",\"@id\":\"https:\/\/ptmsrl.com\/#organization\",\"name\":\"PTM srl\",\"url\":\"https:\/\/ptmsrl.com\/\",\"logo\":{\"@type\":\"ImageObject\",\"inLanguage\":\"fr-FR\",\"@id\":\"https:\/\/ptmsrl.com\/#\/schema\/logo\/image\/\",\"url\":\"https:\/\/ptmsrl.com\/wp-content\/uploads\/2018\/10\/LOGO-PTM.png\",\"contentUrl\":\"https:\/\/ptmsrl.com\/wp-content\/uploads\/2018\/10\/LOGO-PTM.png\",\"width\":1000,\"height\":500,\"caption\":\"PTM srl\"},\"image\":{\"@id\":\"https:\/\/ptmsrl.com\/#\/schema\/logo\/image\/\"},\"sameAs\":[\"https:\/\/www.facebook.com\/believingintechnology\/\",\"https:\/\/x.com\/ptm\",\"https:\/\/www.linkedin.com\/company\/ptm-s-r-l\/\",\"https:\/\/www.youtube.com\/channel\/UCPSOS0MaR-4jDkAD3HkAC7A\"]}]}<\/script>\n<!-- \/ Yoast SEO plugin. -->","yoast_head_json":{"title":"PTM Srl | Telerf","robots":{"index":"index","follow":"follow","max-snippet":"max-snippet:-1","max-image-preview":"max-image-preview:large","max-video-preview":"max-video-preview:-1"},"canonical":"https:\/\/ptmsrl.com\/fr\/prodotto\/telerf\/","og_locale":"fr_FR","og_type":"article","og_title":"PTM Srl | Telerf","og_description":"T\u00e9l\u00e9commande pour le contr\u00f4le et l'automatisation des op\u00e9rations La t\u00e9l\u00e9commande TELERF a \u00e9t\u00e9 projet\u00e9e pour satisfaire toutes les exigences de contr\u00f4le et automatisation \u00e0 distance avec communication sans fil ou par c\u00e2ble. On peut contr\u00f4ler dispositifs de diff\u00e9rents types: \u00e9lectriques, \u00e9lectrohydrauliques, \u00e9lectrom\u00e9caniques, etc. et on peut g\u00e9rer les fonctions des diff\u00e9rentes machines (hache-paille, m\u00e9langeuses, tonnes \u00e0 lisier, grues, plateformes etc.) en contr\u00f4lant directement les contactes (soupapes \u00e9lectriques ou relais) associ\u00e9s \u00e0 une op\u00e9ration, avec la possibilit\u00e9 d'activer plusieurs fonctions dans le m\u00eame temps. En plus, pour avoir une majeure clart\u00e9 des op\u00e9rations en cours, trous les commandes actives sont visualis\u00e9es sur l'\u00e9cran LCD alphanum\u00e9rique.\u00a0Le dispositif est dispos\u00e9 pour la gestion de 28 sorties max., 4 desquelles proportionnelles et 4 relais, en permettant de utiliser tant dispositifs on\/off que dispositifs r\u00e9glables.  Le dispositif peut \u00eatre utilis\u00e9 pour plusieurs applications gr\u00e2ce au num\u00e9ro illimit\u00e9 de combinaisons et configurations disponibles. La t\u00e9l\u00e9commande de type sans fil permit de contr\u00f4ler jusqu'\u00e0 4 diff\u00e9rents machines dans le m\u00eame temps et a une distance de fonctionnement jusqu'\u00e0 50 m\u00e8tres; le mod\u00e8le avec transmission par c\u00e2ble permit une majeure s\u00fbret\u00e9 de l'op\u00e9rateur quand on a parties m\u00e9caniques en mouvement potentiellement dangereuses","og_url":"https:\/\/ptmsrl.com\/fr\/prodotto\/telerf\/","og_site_name":"PTM Srl","article_publisher":"https:\/\/www.facebook.com\/believingintechnology\/","article_modified_time":"2019-07-23T07:15:22+00:00","og_image":[{"width":1024,"height":1024,"url":"https:\/\/ptmsrl.com\/wp-content\/uploads\/2018\/09\/TELE-RF.jpg","type":"image\/jpeg"}],"twitter_card":"summary_large_image","twitter_site":"@ptm","schema":{"@context":"https:\/\/schema.org","@graph":[{"@type":"WebPage","@id":"https:\/\/ptmsrl.com\/fr\/prodotto\/telerf\/","url":"https:\/\/ptmsrl.com\/fr\/prodotto\/telerf\/","name":"PTM Srl | Telerf","isPartOf":{"@id":"https:\/\/ptmsrl.com\/#website"},"primaryImageOfPage":{"@id":"https:\/\/ptmsrl.com\/fr\/prodotto\/telerf\/#primaryimage"},"image":{"@id":"https:\/\/ptmsrl.com\/fr\/prodotto\/telerf\/#primaryimage"},"thumbnailUrl":"https:\/\/ptmsrl.com\/wp-content\/uploads\/2018\/09\/TELE-RF.jpg","datePublished":"2018-10-25T16:12:32+00:00","dateModified":"2019-07-23T07:15:22+00:00","breadcrumb":{"@id":"https:\/\/ptmsrl.com\/fr\/prodotto\/telerf\/#breadcrumb"},"inLanguage":"fr-FR","potentialAction":[{"@type":"ReadAction","target":["https:\/\/ptmsrl.com\/fr\/prodotto\/telerf\/"]}]},{"@type":"ImageObject","inLanguage":"fr-FR","@id":"https:\/\/ptmsrl.com\/fr\/prodotto\/telerf\/#primaryimage","url":"https:\/\/ptmsrl.com\/wp-content\/uploads\/2018\/09\/TELE-RF.jpg","contentUrl":"https:\/\/ptmsrl.com\/wp-content\/uploads\/2018\/09\/TELE-RF.jpg","width":1024,"height":1024,"caption":"tele-rf"},{"@type":"BreadcrumbList","@id":"https:\/\/ptmsrl.com\/fr\/prodotto\/telerf\/#breadcrumb","itemListElement":[{"@type":"ListItem","position":1,"name":"Home","item":"https:\/\/ptmsrl.com\/fr\/"},{"@type":"ListItem","position":2,"name":"Shop","item":"https:\/\/ptmsrl.com\/shop\/"},{"@type":"ListItem","position":3,"name":"Telerf"}]},{"@type":"WebSite","@id":"https:\/\/ptmsrl.com\/#website","url":"https:\/\/ptmsrl.com\/","name":"PTM Srl","description":"\u041c\u042b \u041f\u0420\u041e\u0418\u0417\u0412\u041e\u0414\u0418\u041c \u041a\u0410\u0427\u0415\u0421\u0422\u0412\u041e, \u041a\u041e\u0422\u041e\u0420\u041e\u0415 \u0418\u041c\u0415\u0415\u0422 \u041e\u0421\u041e\u0411\u042b\u0419 \u0412\u0415\u0421","publisher":{"@id":"https:\/\/ptmsrl.com\/#organization"},"potentialAction":[{"@type":"SearchAction","target":{"@type":"EntryPoint","urlTemplate":"https:\/\/ptmsrl.com\/?s={search_term_string}"},"query-input":{"@type":"PropertyValueSpecification","valueRequired":true,"valueName":"search_term_string"}}],"inLanguage":"fr-FR"},{"@type":"Organization","@id":"https:\/\/ptmsrl.com\/#organization","name":"PTM srl","url":"https:\/\/ptmsrl.com\/","logo":{"@type":"ImageObject","inLanguage":"fr-FR","@id":"https:\/\/ptmsrl.com\/#\/schema\/logo\/image\/","url":"https:\/\/ptmsrl.com\/wp-content\/uploads\/2018\/10\/LOGO-PTM.png","contentUrl":"https:\/\/ptmsrl.com\/wp-content\/uploads\/2018\/10\/LOGO-PTM.png","width":1000,"height":500,"caption":"PTM srl"},"image":{"@id":"https:\/\/ptmsrl.com\/#\/schema\/logo\/image\/"},"sameAs":["https:\/\/www.facebook.com\/believingintechnology\/","https:\/\/x.com\/ptm","https:\/\/www.linkedin.com\/company\/ptm-s-r-l\/","https:\/\/www.youtube.com\/channel\/UCPSOS0MaR-4jDkAD3HkAC7A"]}]}},"_links":{"self":[{"href":"https:\/\/ptmsrl.com\/fr\/wp-json\/wp\/v2\/product\/5192","targetHints":{"allow":["GET"]}}],"collection":[{"href":"https:\/\/ptmsrl.com\/fr\/wp-json\/wp\/v2\/product"}],"about":[{"href":"https:\/\/ptmsrl.com\/fr\/wp-json\/wp\/v2\/types\/product"}],"wp:featuredmedia":[{"embeddable":true,"href":"https:\/\/ptmsrl.com\/fr\/wp-json\/wp\/v2\/media\/5193"}],"wp:attachment":[{"href":"https:\/\/ptmsrl.com\/fr\/wp-json\/wp\/v2\/media?parent=5192"}],"wp:term":[{"taxonomy":"product_brand","embeddable":true,"href":"https:\/\/ptmsrl.com\/fr\/wp-json\/wp\/v2\/product_brand?post=5192"},{"taxonomy":"product_cat","embeddable":true,"href":"https:\/\/ptmsrl.com\/fr\/wp-json\/wp\/v2\/product_cat?post=5192"},{"taxonomy":"product_tag","embeddable":true,"href":"https:\/\/ptmsrl.com\/fr\/wp-json\/wp\/v2\/product_tag?post=5192"}],"curies":[{"name":"wp","href":"https:\/\/api.w.org\/{rel}","templated":true}]}}