{"id":5201,"date":"2018-09-07T15:50:18","date_gmt":"2018-09-07T13:50:18","guid":{"rendered":"https:\/\/ptmsrl.com\/prodotto\/telerf-spanditore-adv-dribble\/"},"modified":"2019-07-23T09:17:03","modified_gmt":"2019-07-23T07:17:03","slug":"telerf-spanditore-adv-dribble","status":"publish","type":"product","link":"https:\/\/ptmsrl.com\/fr\/prodotto\/telerf-spanditore-adv-dribble\/","title":{"rendered":"Telerf Spanditore ADV Dribble"},"content":{"rendered":"","protected":false},"excerpt":{"rendered":"<h3><strong>Le syst\u00e8me vient utilis\u00e9 pour la gestion des commandes hydrauliques sur machines op\u00e9ratrices<\/strong><\/h3>\n<p align=\"justify\">Cette \u00e9lectronique consent de g\u00e9rer jusqu\u2019\u00e0 28 sorties, 4 desquelles command\u00e9es par relais, et 14 entr\u00e9es. Les sorties peuvent activer des vannes hydrauliques avec un amp\u00e9rage sur single canal de 6A Max, pour un total de 40A Max.<\/p>\n<p align=\"justify\">Le syst\u00e8me est compos\u00e9 par un bo\u00eetier mont\u00e9 sur la machine op\u00e9ratrice et par un ordinateur de poche graphique \u00e9quip\u00e9 par \u00e9cran \u00e0 couleurs et transmission RF; l\u2019ordinateur de poche est \u00e9quip\u00e9 par un clavier customis\u00e9 qui commandera les fonctions hydrauliques.<br \/>\nLes fonctions hydrauliques peuvent ouvrir et fermer les sections de l\u2019\u00e9pandeur, activer les moteurs hydrauliques et autres fonctions mises en corr\u00e9lation.<br \/>\nPossibilit\u00e9 de modifier quelques entr\u00e9es \/ sorties par d\u00e9termin\u00e9s r\u00e9glages de l\u2019ordinateur de poche. Possibilit\u00e9 de demander un logiciel d\u00e9di\u00e9 pour g\u00e9rer sp\u00e9cifiques fonctions hydrauliques.<\/p>\n<p align=\"justify\">Le conteneur en r\u00e9sine sp\u00e9ciale de l\u2019ordinateur de poche est un mat\u00e9riel qui peut r\u00e9sister aux rayons UV, aux variations de temp\u00e9rature et \u00e0 une vaste gamme de produits chimiques, compris beaucoup de solvants.<\/p>\n","protected":false},"featured_media":5202,"template":"","meta":{"inline_featured_image":false},"product_brand":[],"product_cat":[235],"product_tag":[],"class_list":{"0":"post-5201","1":"product","2":"type-product","3":"status-publish","4":"has-post-thumbnail","6":"product_cat-solutions-sur-mesure","8":"first","9":"instock","10":"downloadable","11":"shipping-taxable","12":"product-type-simple"},"yoast_head":"<!-- This site is optimized with the Yoast SEO plugin v25.3 - https:\/\/yoast.com\/wordpress\/plugins\/seo\/ -->\n<title>PTM Srl | Telerf Spanditore ADV Dribble<\/title>\n<meta name=\"robots\" content=\"index, follow, max-snippet:-1, max-image-preview:large, max-video-preview:-1\" \/>\n<link rel=\"canonical\" href=\"https:\/\/ptmsrl.com\/fr\/prodotto\/telerf-spanditore-adv-dribble\/\" \/>\n<meta property=\"og:locale\" content=\"fr_FR\" \/>\n<meta property=\"og:type\" content=\"article\" \/>\n<meta property=\"og:title\" content=\"PTM Srl | Telerf Spanditore ADV Dribble\" \/>\n<meta property=\"og:description\" content=\"Le syst\u00e8me vient utilis\u00e9 pour la gestion des commandes hydrauliques sur machines op\u00e9ratrices Cette \u00e9lectronique consent de g\u00e9rer jusqu\u2019\u00e0 28 sorties, 4 desquelles command\u00e9es par relais, et 14 entr\u00e9es. Les sorties peuvent activer des vannes hydrauliques avec un amp\u00e9rage sur single canal de 6A Max, pour un total de 40A Max.  Le syst\u00e8me est compos\u00e9 par un bo\u00eetier mont\u00e9 sur la machine op\u00e9ratrice et par un ordinateur de poche graphique \u00e9quip\u00e9 par \u00e9cran \u00e0 couleurs et transmission RF; l\u2019ordinateur de poche est \u00e9quip\u00e9 par un clavier customis\u00e9 qui commandera les fonctions hydrauliques. Les fonctions hydrauliques peuvent ouvrir et fermer les sections de l\u2019\u00e9pandeur, activer les moteurs hydrauliques et autres fonctions mises en corr\u00e9lation. Possibilit\u00e9 de modifier quelques entr\u00e9es \/ sorties par d\u00e9termin\u00e9s r\u00e9glages de l\u2019ordinateur de poche. Possibilit\u00e9 de demander un logiciel d\u00e9di\u00e9 pour g\u00e9rer sp\u00e9cifiques fonctions hydrauliques.  Le conteneur en r\u00e9sine sp\u00e9ciale de l\u2019ordinateur de poche est un mat\u00e9riel qui peut r\u00e9sister aux rayons UV, aux variations de temp\u00e9rature et \u00e0 une vaste gamme de produits chimiques, compris beaucoup de solvants.\" \/>\n<meta property=\"og:url\" content=\"https:\/\/ptmsrl.com\/fr\/prodotto\/telerf-spanditore-adv-dribble\/\" \/>\n<meta property=\"og:site_name\" content=\"PTM Srl\" \/>\n<meta property=\"article:publisher\" content=\"https:\/\/www.facebook.com\/believingintechnology\/\" \/>\n<meta property=\"article:modified_time\" content=\"2019-07-23T07:17:03+00:00\" \/>\n<meta property=\"og:image\" content=\"https:\/\/ptmsrl.com\/wp-content\/uploads\/2018\/09\/VISION-SPANDI-LIQUAME-FGDISPLIQ001.jpg\" \/>\n\t<meta property=\"og:image:width\" content=\"1024\" \/>\n\t<meta property=\"og:image:height\" content=\"1024\" \/>\n\t<meta property=\"og:image:type\" content=\"image\/jpeg\" \/>\n<meta name=\"twitter:card\" content=\"summary_large_image\" \/>\n<meta name=\"twitter:site\" content=\"@ptm\" \/>\n<script type=\"application\/ld+json\" class=\"yoast-schema-graph\">{\"@context\":\"https:\/\/schema.org\",\"@graph\":[{\"@type\":\"WebPage\",\"@id\":\"https:\/\/ptmsrl.com\/fr\/prodotto\/telerf-spanditore-adv-dribble\/\",\"url\":\"https:\/\/ptmsrl.com\/fr\/prodotto\/telerf-spanditore-adv-dribble\/\",\"name\":\"PTM Srl | Telerf Spanditore ADV Dribble\",\"isPartOf\":{\"@id\":\"https:\/\/ptmsrl.com\/#website\"},\"primaryImageOfPage\":{\"@id\":\"https:\/\/ptmsrl.com\/fr\/prodotto\/telerf-spanditore-adv-dribble\/#primaryimage\"},\"image\":{\"@id\":\"https:\/\/ptmsrl.com\/fr\/prodotto\/telerf-spanditore-adv-dribble\/#primaryimage\"},\"thumbnailUrl\":\"https:\/\/ptmsrl.com\/wp-content\/uploads\/2018\/09\/VISION-SPANDI-LIQUAME-FGDISPLIQ001.jpg\",\"datePublished\":\"2018-09-07T13:50:18+00:00\",\"dateModified\":\"2019-07-23T07:17:03+00:00\",\"breadcrumb\":{\"@id\":\"https:\/\/ptmsrl.com\/fr\/prodotto\/telerf-spanditore-adv-dribble\/#breadcrumb\"},\"inLanguage\":\"fr-FR\",\"potentialAction\":[{\"@type\":\"ReadAction\",\"target\":[\"https:\/\/ptmsrl.com\/fr\/prodotto\/telerf-spanditore-adv-dribble\/\"]}]},{\"@type\":\"ImageObject\",\"inLanguage\":\"fr-FR\",\"@id\":\"https:\/\/ptmsrl.com\/fr\/prodotto\/telerf-spanditore-adv-dribble\/#primaryimage\",\"url\":\"https:\/\/ptmsrl.com\/wp-content\/uploads\/2018\/09\/VISION-SPANDI-LIQUAME-FGDISPLIQ001.jpg\",\"contentUrl\":\"https:\/\/ptmsrl.com\/wp-content\/uploads\/2018\/09\/VISION-SPANDI-LIQUAME-FGDISPLIQ001.jpg\",\"width\":1024,\"height\":1024,\"caption\":\"vision-spandi-liquame-fgdispliq001\"},{\"@type\":\"BreadcrumbList\",\"@id\":\"https:\/\/ptmsrl.com\/fr\/prodotto\/telerf-spanditore-adv-dribble\/#breadcrumb\",\"itemListElement\":[{\"@type\":\"ListItem\",\"position\":1,\"name\":\"Home\",\"item\":\"https:\/\/ptmsrl.com\/fr\/\"},{\"@type\":\"ListItem\",\"position\":2,\"name\":\"Shop\",\"item\":\"https:\/\/ptmsrl.com\/shop\/\"},{\"@type\":\"ListItem\",\"position\":3,\"name\":\"Telerf Spanditore ADV Dribble\"}]},{\"@type\":\"WebSite\",\"@id\":\"https:\/\/ptmsrl.com\/#website\",\"url\":\"https:\/\/ptmsrl.com\/\",\"name\":\"PTM Srl\",\"description\":\"\u041c\u042b \u041f\u0420\u041e\u0418\u0417\u0412\u041e\u0414\u0418\u041c \u041a\u0410\u0427\u0415\u0421\u0422\u0412\u041e, \u041a\u041e\u0422\u041e\u0420\u041e\u0415 \u0418\u041c\u0415\u0415\u0422 \u041e\u0421\u041e\u0411\u042b\u0419 \u0412\u0415\u0421\",\"publisher\":{\"@id\":\"https:\/\/ptmsrl.com\/#organization\"},\"potentialAction\":[{\"@type\":\"SearchAction\",\"target\":{\"@type\":\"EntryPoint\",\"urlTemplate\":\"https:\/\/ptmsrl.com\/?s={search_term_string}\"},\"query-input\":{\"@type\":\"PropertyValueSpecification\",\"valueRequired\":true,\"valueName\":\"search_term_string\"}}],\"inLanguage\":\"fr-FR\"},{\"@type\":\"Organization\",\"@id\":\"https:\/\/ptmsrl.com\/#organization\",\"name\":\"PTM srl\",\"url\":\"https:\/\/ptmsrl.com\/\",\"logo\":{\"@type\":\"ImageObject\",\"inLanguage\":\"fr-FR\",\"@id\":\"https:\/\/ptmsrl.com\/#\/schema\/logo\/image\/\",\"url\":\"https:\/\/ptmsrl.com\/wp-content\/uploads\/2018\/10\/LOGO-PTM.png\",\"contentUrl\":\"https:\/\/ptmsrl.com\/wp-content\/uploads\/2018\/10\/LOGO-PTM.png\",\"width\":1000,\"height\":500,\"caption\":\"PTM srl\"},\"image\":{\"@id\":\"https:\/\/ptmsrl.com\/#\/schema\/logo\/image\/\"},\"sameAs\":[\"https:\/\/www.facebook.com\/believingintechnology\/\",\"https:\/\/x.com\/ptm\",\"https:\/\/www.linkedin.com\/company\/ptm-s-r-l\/\",\"https:\/\/www.youtube.com\/channel\/UCPSOS0MaR-4jDkAD3HkAC7A\"]}]}<\/script>\n<!-- \/ Yoast SEO plugin. -->","yoast_head_json":{"title":"PTM Srl | Telerf Spanditore ADV Dribble","robots":{"index":"index","follow":"follow","max-snippet":"max-snippet:-1","max-image-preview":"max-image-preview:large","max-video-preview":"max-video-preview:-1"},"canonical":"https:\/\/ptmsrl.com\/fr\/prodotto\/telerf-spanditore-adv-dribble\/","og_locale":"fr_FR","og_type":"article","og_title":"PTM Srl | Telerf Spanditore ADV Dribble","og_description":"Le syst\u00e8me vient utilis\u00e9 pour la gestion des commandes hydrauliques sur machines op\u00e9ratrices Cette \u00e9lectronique consent de g\u00e9rer jusqu\u2019\u00e0 28 sorties, 4 desquelles command\u00e9es par relais, et 14 entr\u00e9es. Les sorties peuvent activer des vannes hydrauliques avec un amp\u00e9rage sur single canal de 6A Max, pour un total de 40A Max.  Le syst\u00e8me est compos\u00e9 par un bo\u00eetier mont\u00e9 sur la machine op\u00e9ratrice et par un ordinateur de poche graphique \u00e9quip\u00e9 par \u00e9cran \u00e0 couleurs et transmission RF; l\u2019ordinateur de poche est \u00e9quip\u00e9 par un clavier customis\u00e9 qui commandera les fonctions hydrauliques. Les fonctions hydrauliques peuvent ouvrir et fermer les sections de l\u2019\u00e9pandeur, activer les moteurs hydrauliques et autres fonctions mises en corr\u00e9lation. Possibilit\u00e9 de modifier quelques entr\u00e9es \/ sorties par d\u00e9termin\u00e9s r\u00e9glages de l\u2019ordinateur de poche. Possibilit\u00e9 de demander un logiciel d\u00e9di\u00e9 pour g\u00e9rer sp\u00e9cifiques fonctions hydrauliques.  Le conteneur en r\u00e9sine sp\u00e9ciale de l\u2019ordinateur de poche est un mat\u00e9riel qui peut r\u00e9sister aux rayons UV, aux variations de temp\u00e9rature et \u00e0 une vaste gamme de produits chimiques, compris beaucoup de solvants.","og_url":"https:\/\/ptmsrl.com\/fr\/prodotto\/telerf-spanditore-adv-dribble\/","og_site_name":"PTM Srl","article_publisher":"https:\/\/www.facebook.com\/believingintechnology\/","article_modified_time":"2019-07-23T07:17:03+00:00","og_image":[{"width":1024,"height":1024,"url":"https:\/\/ptmsrl.com\/wp-content\/uploads\/2018\/09\/VISION-SPANDI-LIQUAME-FGDISPLIQ001.jpg","type":"image\/jpeg"}],"twitter_card":"summary_large_image","twitter_site":"@ptm","schema":{"@context":"https:\/\/schema.org","@graph":[{"@type":"WebPage","@id":"https:\/\/ptmsrl.com\/fr\/prodotto\/telerf-spanditore-adv-dribble\/","url":"https:\/\/ptmsrl.com\/fr\/prodotto\/telerf-spanditore-adv-dribble\/","name":"PTM Srl | Telerf Spanditore ADV Dribble","isPartOf":{"@id":"https:\/\/ptmsrl.com\/#website"},"primaryImageOfPage":{"@id":"https:\/\/ptmsrl.com\/fr\/prodotto\/telerf-spanditore-adv-dribble\/#primaryimage"},"image":{"@id":"https:\/\/ptmsrl.com\/fr\/prodotto\/telerf-spanditore-adv-dribble\/#primaryimage"},"thumbnailUrl":"https:\/\/ptmsrl.com\/wp-content\/uploads\/2018\/09\/VISION-SPANDI-LIQUAME-FGDISPLIQ001.jpg","datePublished":"2018-09-07T13:50:18+00:00","dateModified":"2019-07-23T07:17:03+00:00","breadcrumb":{"@id":"https:\/\/ptmsrl.com\/fr\/prodotto\/telerf-spanditore-adv-dribble\/#breadcrumb"},"inLanguage":"fr-FR","potentialAction":[{"@type":"ReadAction","target":["https:\/\/ptmsrl.com\/fr\/prodotto\/telerf-spanditore-adv-dribble\/"]}]},{"@type":"ImageObject","inLanguage":"fr-FR","@id":"https:\/\/ptmsrl.com\/fr\/prodotto\/telerf-spanditore-adv-dribble\/#primaryimage","url":"https:\/\/ptmsrl.com\/wp-content\/uploads\/2018\/09\/VISION-SPANDI-LIQUAME-FGDISPLIQ001.jpg","contentUrl":"https:\/\/ptmsrl.com\/wp-content\/uploads\/2018\/09\/VISION-SPANDI-LIQUAME-FGDISPLIQ001.jpg","width":1024,"height":1024,"caption":"vision-spandi-liquame-fgdispliq001"},{"@type":"BreadcrumbList","@id":"https:\/\/ptmsrl.com\/fr\/prodotto\/telerf-spanditore-adv-dribble\/#breadcrumb","itemListElement":[{"@type":"ListItem","position":1,"name":"Home","item":"https:\/\/ptmsrl.com\/fr\/"},{"@type":"ListItem","position":2,"name":"Shop","item":"https:\/\/ptmsrl.com\/shop\/"},{"@type":"ListItem","position":3,"name":"Telerf Spanditore ADV Dribble"}]},{"@type":"WebSite","@id":"https:\/\/ptmsrl.com\/#website","url":"https:\/\/ptmsrl.com\/","name":"PTM Srl","description":"\u041c\u042b \u041f\u0420\u041e\u0418\u0417\u0412\u041e\u0414\u0418\u041c \u041a\u0410\u0427\u0415\u0421\u0422\u0412\u041e, \u041a\u041e\u0422\u041e\u0420\u041e\u0415 \u0418\u041c\u0415\u0415\u0422 \u041e\u0421\u041e\u0411\u042b\u0419 \u0412\u0415\u0421","publisher":{"@id":"https:\/\/ptmsrl.com\/#organization"},"potentialAction":[{"@type":"SearchAction","target":{"@type":"EntryPoint","urlTemplate":"https:\/\/ptmsrl.com\/?s={search_term_string}"},"query-input":{"@type":"PropertyValueSpecification","valueRequired":true,"valueName":"search_term_string"}}],"inLanguage":"fr-FR"},{"@type":"Organization","@id":"https:\/\/ptmsrl.com\/#organization","name":"PTM srl","url":"https:\/\/ptmsrl.com\/","logo":{"@type":"ImageObject","inLanguage":"fr-FR","@id":"https:\/\/ptmsrl.com\/#\/schema\/logo\/image\/","url":"https:\/\/ptmsrl.com\/wp-content\/uploads\/2018\/10\/LOGO-PTM.png","contentUrl":"https:\/\/ptmsrl.com\/wp-content\/uploads\/2018\/10\/LOGO-PTM.png","width":1000,"height":500,"caption":"PTM srl"},"image":{"@id":"https:\/\/ptmsrl.com\/#\/schema\/logo\/image\/"},"sameAs":["https:\/\/www.facebook.com\/believingintechnology\/","https:\/\/x.com\/ptm","https:\/\/www.linkedin.com\/company\/ptm-s-r-l\/","https:\/\/www.youtube.com\/channel\/UCPSOS0MaR-4jDkAD3HkAC7A"]}]}},"_links":{"self":[{"href":"https:\/\/ptmsrl.com\/fr\/wp-json\/wp\/v2\/product\/5201","targetHints":{"allow":["GET"]}}],"collection":[{"href":"https:\/\/ptmsrl.com\/fr\/wp-json\/wp\/v2\/product"}],"about":[{"href":"https:\/\/ptmsrl.com\/fr\/wp-json\/wp\/v2\/types\/product"}],"wp:featuredmedia":[{"embeddable":true,"href":"https:\/\/ptmsrl.com\/fr\/wp-json\/wp\/v2\/media\/5202"}],"wp:attachment":[{"href":"https:\/\/ptmsrl.com\/fr\/wp-json\/wp\/v2\/media?parent=5201"}],"wp:term":[{"taxonomy":"product_brand","embeddable":true,"href":"https:\/\/ptmsrl.com\/fr\/wp-json\/wp\/v2\/product_brand?post=5201"},{"taxonomy":"product_cat","embeddable":true,"href":"https:\/\/ptmsrl.com\/fr\/wp-json\/wp\/v2\/product_cat?post=5201"},{"taxonomy":"product_tag","embeddable":true,"href":"https:\/\/ptmsrl.com\/fr\/wp-json\/wp\/v2\/product_tag?post=5201"}],"curies":[{"name":"wp","href":"https:\/\/api.w.org\/{rel}","templated":true}]}}