{"id":5231,"date":"2018-09-07T16:11:17","date_gmt":"2018-09-07T14:11:17","guid":{"rendered":"https:\/\/ptmsrl.com\/prodotto\/instrumento-de-pesaje-a-tres-puntos-wd-2-1-flex\/"},"modified":"2019-07-25T16:20:38","modified_gmt":"2019-07-25T14:20:38","slug":"pese-a-trois-points-wd-2-1-flex","status":"publish","type":"product","link":"https:\/\/ptmsrl.com\/fr\/prodotto\/pese-a-trois-points-wd-2-1-flex\/","title":{"rendered":"P\u00e8se \u00e0 trois points WD 2.1 Flex"},"content":{"rendered":"<ul>\n<li>Pesage exacte<\/li>\n<li>Quantit\u00e9 de chargement optimale<\/li>\n<li>Structure compacte<\/li>\n<li>Simple contr\u00f4le<\/li>\n<li>Flexibilit\u00e9<\/li>\n<li>\u00c9conomique<\/li>\n<\/ul>\n","protected":false},"excerpt":{"rendered":"<p align=\"justify\">La WD 2.1-Flex est une \u00e9volution d\u00e9riv\u00e9e de la longue exp\u00e9rience qu\u2019on a eu avec notre p\u00e8se \u00e0 trois points WD 2.1 standard. Le grand ampleur de r\u00e9glage dans le largeur 770-1110 mm et le passage encore plus large pour l\u2019arbre \u00e0 cardan font la p\u00e8se WD 2.1-Flex encore plus flexible et utile non seulement pour les \u00e9pandeurs de fumier.<\/p>\n<h3 align=\"justify\"><strong>COMPL\u00c8TEMENT ADAPTABLE \u00c0 VOS EXIGENCES<\/strong><\/h3>\n<p align=\"justify\">La p\u00e8se \u00e0 trois points a un ampleur facilement r\u00e9glable en desserrant les vis de fixation et donc peut \u00eatre adapt\u00e9e aux outils qui ne correspondent pas \u00e0 la cat\u00e9gorie II. Le chargement maximum pour la p\u00e8se \u00e0 trois points WD 2.1 &#8211; Flex est 5.000 kg.<\/p>\n","protected":false},"featured_media":5232,"template":"","meta":{"inline_featured_image":false},"product_brand":[],"product_cat":[249],"product_tag":[],"class_list":{"0":"post-5231","1":"product","2":"type-product","3":"status-publish","4":"has-post-thumbnail","6":"product_cat-accessoires-standard","8":"first","9":"instock","10":"downloadable","11":"shipping-taxable","12":"product-type-simple"},"yoast_head":"<!-- This site is optimized with the Yoast SEO plugin v25.3 - https:\/\/yoast.com\/wordpress\/plugins\/seo\/ -->\n<title>PTM Srl | P\u00e8se \u00e0 trois points WD 2.1 Flex<\/title>\n<meta name=\"robots\" content=\"index, follow, max-snippet:-1, max-image-preview:large, max-video-preview:-1\" \/>\n<link rel=\"canonical\" href=\"https:\/\/ptmsrl.com\/fr\/prodotto\/pese-a-trois-points-wd-2-1-flex\/\" \/>\n<meta property=\"og:locale\" content=\"fr_FR\" \/>\n<meta property=\"og:type\" content=\"article\" \/>\n<meta property=\"og:title\" content=\"PTM Srl | P\u00e8se \u00e0 trois points WD 2.1 Flex\" \/>\n<meta property=\"og:description\" content=\"La WD 2.1-Flex est une \u00e9volution d\u00e9riv\u00e9e de la longue exp\u00e9rience qu\u2019on a eu avec notre p\u00e8se \u00e0 trois points WD 2.1 standard. Le grand ampleur de r\u00e9glage dans le largeur 770-1110 mm et le passage encore plus large pour l\u2019arbre \u00e0 cardan font la p\u00e8se WD 2.1-Flex encore plus flexible et utile non seulement pour les \u00e9pandeurs de fumier. COMPL\u00c8TEMENT ADAPTABLE \u00c0 VOS EXIGENCES La p\u00e8se \u00e0 trois points a un ampleur facilement r\u00e9glable en desserrant les vis de fixation et donc peut \u00eatre adapt\u00e9e aux outils qui ne correspondent pas \u00e0 la cat\u00e9gorie II. Le chargement maximum pour la p\u00e8se \u00e0 trois points WD 2.1 - Flex est 5.000 kg.\" \/>\n<meta property=\"og:url\" content=\"https:\/\/ptmsrl.com\/fr\/prodotto\/pese-a-trois-points-wd-2-1-flex\/\" \/>\n<meta property=\"og:site_name\" content=\"PTM Srl\" \/>\n<meta property=\"article:publisher\" content=\"https:\/\/www.facebook.com\/believingintechnology\/\" \/>\n<meta property=\"article:modified_time\" content=\"2019-07-25T14:20:38+00:00\" \/>\n<meta property=\"og:image\" content=\"https:\/\/ptmsrl.com\/wp-content\/uploads\/2018\/09\/PESA-3-PUNTI-WD-2.jpg\" \/>\n\t<meta property=\"og:image:width\" content=\"1024\" \/>\n\t<meta property=\"og:image:height\" content=\"1024\" \/>\n\t<meta property=\"og:image:type\" content=\"image\/jpeg\" \/>\n<meta name=\"twitter:card\" content=\"summary_large_image\" \/>\n<meta name=\"twitter:site\" content=\"@ptm\" \/>\n<script type=\"application\/ld+json\" class=\"yoast-schema-graph\">{\"@context\":\"https:\/\/schema.org\",\"@graph\":[{\"@type\":\"WebPage\",\"@id\":\"https:\/\/ptmsrl.com\/fr\/prodotto\/pese-a-trois-points-wd-2-1-flex\/\",\"url\":\"https:\/\/ptmsrl.com\/fr\/prodotto\/pese-a-trois-points-wd-2-1-flex\/\",\"name\":\"PTM Srl | P\u00e8se \u00e0 trois points WD 2.1 Flex\",\"isPartOf\":{\"@id\":\"https:\/\/ptmsrl.com\/#website\"},\"primaryImageOfPage\":{\"@id\":\"https:\/\/ptmsrl.com\/fr\/prodotto\/pese-a-trois-points-wd-2-1-flex\/#primaryimage\"},\"image\":{\"@id\":\"https:\/\/ptmsrl.com\/fr\/prodotto\/pese-a-trois-points-wd-2-1-flex\/#primaryimage\"},\"thumbnailUrl\":\"https:\/\/ptmsrl.com\/wp-content\/uploads\/2018\/09\/PESA-3-PUNTI-WD-2.jpg\",\"datePublished\":\"2018-09-07T14:11:17+00:00\",\"dateModified\":\"2019-07-25T14:20:38+00:00\",\"breadcrumb\":{\"@id\":\"https:\/\/ptmsrl.com\/fr\/prodotto\/pese-a-trois-points-wd-2-1-flex\/#breadcrumb\"},\"inLanguage\":\"fr-FR\",\"potentialAction\":[{\"@type\":\"ReadAction\",\"target\":[\"https:\/\/ptmsrl.com\/fr\/prodotto\/pese-a-trois-points-wd-2-1-flex\/\"]}]},{\"@type\":\"ImageObject\",\"inLanguage\":\"fr-FR\",\"@id\":\"https:\/\/ptmsrl.com\/fr\/prodotto\/pese-a-trois-points-wd-2-1-flex\/#primaryimage\",\"url\":\"https:\/\/ptmsrl.com\/wp-content\/uploads\/2018\/09\/PESA-3-PUNTI-WD-2.jpg\",\"contentUrl\":\"https:\/\/ptmsrl.com\/wp-content\/uploads\/2018\/09\/PESA-3-PUNTI-WD-2.jpg\",\"width\":1024,\"height\":1024,\"caption\":\"pesa-3-punti-wd-2\"},{\"@type\":\"BreadcrumbList\",\"@id\":\"https:\/\/ptmsrl.com\/fr\/prodotto\/pese-a-trois-points-wd-2-1-flex\/#breadcrumb\",\"itemListElement\":[{\"@type\":\"ListItem\",\"position\":1,\"name\":\"Home\",\"item\":\"https:\/\/ptmsrl.com\/fr\/\"},{\"@type\":\"ListItem\",\"position\":2,\"name\":\"Shop\",\"item\":\"https:\/\/ptmsrl.com\/shop\/\"},{\"@type\":\"ListItem\",\"position\":3,\"name\":\"P\u00e8se \u00e0 trois points WD 2.1 Flex\"}]},{\"@type\":\"WebSite\",\"@id\":\"https:\/\/ptmsrl.com\/#website\",\"url\":\"https:\/\/ptmsrl.com\/\",\"name\":\"PTM Srl\",\"description\":\"\u041c\u042b \u041f\u0420\u041e\u0418\u0417\u0412\u041e\u0414\u0418\u041c \u041a\u0410\u0427\u0415\u0421\u0422\u0412\u041e, \u041a\u041e\u0422\u041e\u0420\u041e\u0415 \u0418\u041c\u0415\u0415\u0422 \u041e\u0421\u041e\u0411\u042b\u0419 \u0412\u0415\u0421\",\"publisher\":{\"@id\":\"https:\/\/ptmsrl.com\/#organization\"},\"potentialAction\":[{\"@type\":\"SearchAction\",\"target\":{\"@type\":\"EntryPoint\",\"urlTemplate\":\"https:\/\/ptmsrl.com\/?s={search_term_string}\"},\"query-input\":{\"@type\":\"PropertyValueSpecification\",\"valueRequired\":true,\"valueName\":\"search_term_string\"}}],\"inLanguage\":\"fr-FR\"},{\"@type\":\"Organization\",\"@id\":\"https:\/\/ptmsrl.com\/#organization\",\"name\":\"PTM srl\",\"url\":\"https:\/\/ptmsrl.com\/\",\"logo\":{\"@type\":\"ImageObject\",\"inLanguage\":\"fr-FR\",\"@id\":\"https:\/\/ptmsrl.com\/#\/schema\/logo\/image\/\",\"url\":\"https:\/\/ptmsrl.com\/wp-content\/uploads\/2018\/10\/LOGO-PTM.png\",\"contentUrl\":\"https:\/\/ptmsrl.com\/wp-content\/uploads\/2018\/10\/LOGO-PTM.png\",\"width\":1000,\"height\":500,\"caption\":\"PTM srl\"},\"image\":{\"@id\":\"https:\/\/ptmsrl.com\/#\/schema\/logo\/image\/\"},\"sameAs\":[\"https:\/\/www.facebook.com\/believingintechnology\/\",\"https:\/\/x.com\/ptm\",\"https:\/\/www.linkedin.com\/company\/ptm-s-r-l\/\",\"https:\/\/www.youtube.com\/channel\/UCPSOS0MaR-4jDkAD3HkAC7A\"]}]}<\/script>\n<!-- \/ Yoast SEO plugin. -->","yoast_head_json":{"title":"PTM Srl | P\u00e8se \u00e0 trois points WD 2.1 Flex","robots":{"index":"index","follow":"follow","max-snippet":"max-snippet:-1","max-image-preview":"max-image-preview:large","max-video-preview":"max-video-preview:-1"},"canonical":"https:\/\/ptmsrl.com\/fr\/prodotto\/pese-a-trois-points-wd-2-1-flex\/","og_locale":"fr_FR","og_type":"article","og_title":"PTM Srl | P\u00e8se \u00e0 trois points WD 2.1 Flex","og_description":"La WD 2.1-Flex est une \u00e9volution d\u00e9riv\u00e9e de la longue exp\u00e9rience qu\u2019on a eu avec notre p\u00e8se \u00e0 trois points WD 2.1 standard. Le grand ampleur de r\u00e9glage dans le largeur 770-1110 mm et le passage encore plus large pour l\u2019arbre \u00e0 cardan font la p\u00e8se WD 2.1-Flex encore plus flexible et utile non seulement pour les \u00e9pandeurs de fumier. COMPL\u00c8TEMENT ADAPTABLE \u00c0 VOS EXIGENCES La p\u00e8se \u00e0 trois points a un ampleur facilement r\u00e9glable en desserrant les vis de fixation et donc peut \u00eatre adapt\u00e9e aux outils qui ne correspondent pas \u00e0 la cat\u00e9gorie II. Le chargement maximum pour la p\u00e8se \u00e0 trois points WD 2.1 - Flex est 5.000 kg.","og_url":"https:\/\/ptmsrl.com\/fr\/prodotto\/pese-a-trois-points-wd-2-1-flex\/","og_site_name":"PTM Srl","article_publisher":"https:\/\/www.facebook.com\/believingintechnology\/","article_modified_time":"2019-07-25T14:20:38+00:00","og_image":[{"width":1024,"height":1024,"url":"https:\/\/ptmsrl.com\/wp-content\/uploads\/2018\/09\/PESA-3-PUNTI-WD-2.jpg","type":"image\/jpeg"}],"twitter_card":"summary_large_image","twitter_site":"@ptm","schema":{"@context":"https:\/\/schema.org","@graph":[{"@type":"WebPage","@id":"https:\/\/ptmsrl.com\/fr\/prodotto\/pese-a-trois-points-wd-2-1-flex\/","url":"https:\/\/ptmsrl.com\/fr\/prodotto\/pese-a-trois-points-wd-2-1-flex\/","name":"PTM Srl | P\u00e8se \u00e0 trois points WD 2.1 Flex","isPartOf":{"@id":"https:\/\/ptmsrl.com\/#website"},"primaryImageOfPage":{"@id":"https:\/\/ptmsrl.com\/fr\/prodotto\/pese-a-trois-points-wd-2-1-flex\/#primaryimage"},"image":{"@id":"https:\/\/ptmsrl.com\/fr\/prodotto\/pese-a-trois-points-wd-2-1-flex\/#primaryimage"},"thumbnailUrl":"https:\/\/ptmsrl.com\/wp-content\/uploads\/2018\/09\/PESA-3-PUNTI-WD-2.jpg","datePublished":"2018-09-07T14:11:17+00:00","dateModified":"2019-07-25T14:20:38+00:00","breadcrumb":{"@id":"https:\/\/ptmsrl.com\/fr\/prodotto\/pese-a-trois-points-wd-2-1-flex\/#breadcrumb"},"inLanguage":"fr-FR","potentialAction":[{"@type":"ReadAction","target":["https:\/\/ptmsrl.com\/fr\/prodotto\/pese-a-trois-points-wd-2-1-flex\/"]}]},{"@type":"ImageObject","inLanguage":"fr-FR","@id":"https:\/\/ptmsrl.com\/fr\/prodotto\/pese-a-trois-points-wd-2-1-flex\/#primaryimage","url":"https:\/\/ptmsrl.com\/wp-content\/uploads\/2018\/09\/PESA-3-PUNTI-WD-2.jpg","contentUrl":"https:\/\/ptmsrl.com\/wp-content\/uploads\/2018\/09\/PESA-3-PUNTI-WD-2.jpg","width":1024,"height":1024,"caption":"pesa-3-punti-wd-2"},{"@type":"BreadcrumbList","@id":"https:\/\/ptmsrl.com\/fr\/prodotto\/pese-a-trois-points-wd-2-1-flex\/#breadcrumb","itemListElement":[{"@type":"ListItem","position":1,"name":"Home","item":"https:\/\/ptmsrl.com\/fr\/"},{"@type":"ListItem","position":2,"name":"Shop","item":"https:\/\/ptmsrl.com\/shop\/"},{"@type":"ListItem","position":3,"name":"P\u00e8se \u00e0 trois points WD 2.1 Flex"}]},{"@type":"WebSite","@id":"https:\/\/ptmsrl.com\/#website","url":"https:\/\/ptmsrl.com\/","name":"PTM Srl","description":"\u041c\u042b \u041f\u0420\u041e\u0418\u0417\u0412\u041e\u0414\u0418\u041c \u041a\u0410\u0427\u0415\u0421\u0422\u0412\u041e, \u041a\u041e\u0422\u041e\u0420\u041e\u0415 \u0418\u041c\u0415\u0415\u0422 \u041e\u0421\u041e\u0411\u042b\u0419 \u0412\u0415\u0421","publisher":{"@id":"https:\/\/ptmsrl.com\/#organization"},"potentialAction":[{"@type":"SearchAction","target":{"@type":"EntryPoint","urlTemplate":"https:\/\/ptmsrl.com\/?s={search_term_string}"},"query-input":{"@type":"PropertyValueSpecification","valueRequired":true,"valueName":"search_term_string"}}],"inLanguage":"fr-FR"},{"@type":"Organization","@id":"https:\/\/ptmsrl.com\/#organization","name":"PTM srl","url":"https:\/\/ptmsrl.com\/","logo":{"@type":"ImageObject","inLanguage":"fr-FR","@id":"https:\/\/ptmsrl.com\/#\/schema\/logo\/image\/","url":"https:\/\/ptmsrl.com\/wp-content\/uploads\/2018\/10\/LOGO-PTM.png","contentUrl":"https:\/\/ptmsrl.com\/wp-content\/uploads\/2018\/10\/LOGO-PTM.png","width":1000,"height":500,"caption":"PTM srl"},"image":{"@id":"https:\/\/ptmsrl.com\/#\/schema\/logo\/image\/"},"sameAs":["https:\/\/www.facebook.com\/believingintechnology\/","https:\/\/x.com\/ptm","https:\/\/www.linkedin.com\/company\/ptm-s-r-l\/","https:\/\/www.youtube.com\/channel\/UCPSOS0MaR-4jDkAD3HkAC7A"]}]}},"_links":{"self":[{"href":"https:\/\/ptmsrl.com\/fr\/wp-json\/wp\/v2\/product\/5231","targetHints":{"allow":["GET"]}}],"collection":[{"href":"https:\/\/ptmsrl.com\/fr\/wp-json\/wp\/v2\/product"}],"about":[{"href":"https:\/\/ptmsrl.com\/fr\/wp-json\/wp\/v2\/types\/product"}],"wp:featuredmedia":[{"embeddable":true,"href":"https:\/\/ptmsrl.com\/fr\/wp-json\/wp\/v2\/media\/5232"}],"wp:attachment":[{"href":"https:\/\/ptmsrl.com\/fr\/wp-json\/wp\/v2\/media?parent=5231"}],"wp:term":[{"taxonomy":"product_brand","embeddable":true,"href":"https:\/\/ptmsrl.com\/fr\/wp-json\/wp\/v2\/product_brand?post=5231"},{"taxonomy":"product_cat","embeddable":true,"href":"https:\/\/ptmsrl.com\/fr\/wp-json\/wp\/v2\/product_cat?post=5231"},{"taxonomy":"product_tag","embeddable":true,"href":"https:\/\/ptmsrl.com\/fr\/wp-json\/wp\/v2\/product_tag?post=5231"}],"curies":[{"name":"wp","href":"https:\/\/api.w.org\/{rel}","templated":true}]}}