{"id":5252,"date":"2018-09-07T16:43:33","date_gmt":"2018-09-07T14:43:33","guid":{"rendered":"https:\/\/ptmsrl.com\/prodotto\/instrumento-de-pesaje-a-tres-puntos-wd-2-1-bogballe\/"},"modified":"2019-07-25T16:26:11","modified_gmt":"2019-07-25T14:26:11","slug":"pese-a-trois-points-wd-2-1-bogballe","status":"publish","type":"product","link":"https:\/\/ptmsrl.com\/fr\/prodotto\/pese-a-trois-points-wd-2-1-bogballe\/","title":{"rendered":"P\u00e8se \u00e0 trois points WD 2.1 Bogballe"},"content":{"rendered":"<ul>\n<li>Pesage exacte<\/li>\n<li>Quantit\u00e9 de chargement optimale<\/li>\n<li>Structure\u00a0compacte<\/li>\n<li>Simple contr\u00f4le<\/li>\n<li>Flexibilit\u00e9<\/li>\n<li>\u00c9conomique<\/li>\n<\/ul>\n","protected":false},"excerpt":{"rendered":"<p>La p\u00e8se \u00e0 trois points WD 2.1-B a \u00e9t\u00e9 con\u00e7ue pour l\u2019emploi avec rampes d&rsquo;\u00e9pandage Bogballe. Par cette p\u00e8se nous avons cr\u00e9e une solution pour le r\u00e9glage de l\u2019\u00e9pandage. Par la p\u00e8se WD2.1-B m\u00eame tous les \u00e9pandeurs\/sprayeurs de la soci\u00e9t\u00e9 Bogballe peuvent \u00eatre mis \u00e0 jour et am\u00e9lior\u00e9s.<\/p>\n<p><strong>\u201cP\u00e8se \u00e0 trois points pour tous\u201d<\/strong><br \/>\nLa p\u00e8se \u00e0 trois points \u201cWD 2.1-B\u201d est appropri\u00e9e m\u00eame pour toutes les applications qui n\u00e9cessitent d\u2019espace en plus pour l\u2019arbre de transmission ou autres composants, adapt\u00e9s aux dimensions de la cat\u00e9gorie II. Le chargement maximum de la p\u00e8se \u00e0 trois points WD 2.1-B est 5.000 kg.<\/p>\n","protected":false},"featured_media":5232,"template":"","meta":{"inline_featured_image":false},"product_brand":[],"product_cat":[249],"product_tag":[],"class_list":{"0":"post-5252","1":"product","2":"type-product","3":"status-publish","4":"has-post-thumbnail","6":"product_cat-accessoires-standard","8":"first","9":"instock","10":"downloadable","11":"shipping-taxable","12":"product-type-simple"},"yoast_head":"<!-- This site is optimized with the Yoast SEO plugin v25.3 - https:\/\/yoast.com\/wordpress\/plugins\/seo\/ -->\n<title>PTM Srl | P\u00e8se \u00e0 trois points WD 2.1 Bogballe<\/title>\n<meta name=\"robots\" content=\"index, follow, max-snippet:-1, max-image-preview:large, max-video-preview:-1\" \/>\n<link rel=\"canonical\" href=\"https:\/\/ptmsrl.com\/fr\/prodotto\/pese-a-trois-points-wd-2-1-bogballe\/\" \/>\n<meta property=\"og:locale\" content=\"fr_FR\" \/>\n<meta property=\"og:type\" content=\"article\" \/>\n<meta property=\"og:title\" content=\"PTM Srl | P\u00e8se \u00e0 trois points WD 2.1 Bogballe\" \/>\n<meta property=\"og:description\" content=\"La p\u00e8se \u00e0 trois points WD 2.1-B a \u00e9t\u00e9 con\u00e7ue pour l\u2019emploi avec rampes d&#039;\u00e9pandage Bogballe. Par cette p\u00e8se nous avons cr\u00e9e une solution pour le r\u00e9glage de l\u2019\u00e9pandage. Par la p\u00e8se WD2.1-B m\u00eame tous les \u00e9pandeurs\/sprayeurs de la soci\u00e9t\u00e9 Bogballe peuvent \u00eatre mis \u00e0 jour et am\u00e9lior\u00e9s.  \u201cP\u00e8se \u00e0 trois points pour tous\u201d La p\u00e8se \u00e0 trois points \u201cWD 2.1-B\u201d est appropri\u00e9e m\u00eame pour toutes les applications qui n\u00e9cessitent d\u2019espace en plus pour l\u2019arbre de transmission ou autres composants, adapt\u00e9s aux dimensions de la cat\u00e9gorie II. Le chargement maximum de la p\u00e8se \u00e0 trois points WD 2.1-B est 5.000 kg.\" \/>\n<meta property=\"og:url\" content=\"https:\/\/ptmsrl.com\/fr\/prodotto\/pese-a-trois-points-wd-2-1-bogballe\/\" \/>\n<meta property=\"og:site_name\" content=\"PTM Srl\" \/>\n<meta property=\"article:publisher\" content=\"https:\/\/www.facebook.com\/believingintechnology\/\" \/>\n<meta property=\"article:modified_time\" content=\"2019-07-25T14:26:11+00:00\" \/>\n<meta property=\"og:image\" content=\"https:\/\/ptmsrl.com\/wp-content\/uploads\/2018\/09\/PESA-3-PUNTI-WD-2.jpg\" \/>\n\t<meta property=\"og:image:width\" content=\"1024\" \/>\n\t<meta property=\"og:image:height\" content=\"1024\" \/>\n\t<meta property=\"og:image:type\" content=\"image\/jpeg\" \/>\n<meta name=\"twitter:card\" content=\"summary_large_image\" \/>\n<meta name=\"twitter:site\" content=\"@ptm\" \/>\n<script type=\"application\/ld+json\" class=\"yoast-schema-graph\">{\"@context\":\"https:\/\/schema.org\",\"@graph\":[{\"@type\":\"WebPage\",\"@id\":\"https:\/\/ptmsrl.com\/fr\/prodotto\/pese-a-trois-points-wd-2-1-bogballe\/\",\"url\":\"https:\/\/ptmsrl.com\/fr\/prodotto\/pese-a-trois-points-wd-2-1-bogballe\/\",\"name\":\"PTM Srl | P\u00e8se \u00e0 trois points WD 2.1 Bogballe\",\"isPartOf\":{\"@id\":\"https:\/\/ptmsrl.com\/#website\"},\"primaryImageOfPage\":{\"@id\":\"https:\/\/ptmsrl.com\/fr\/prodotto\/pese-a-trois-points-wd-2-1-bogballe\/#primaryimage\"},\"image\":{\"@id\":\"https:\/\/ptmsrl.com\/fr\/prodotto\/pese-a-trois-points-wd-2-1-bogballe\/#primaryimage\"},\"thumbnailUrl\":\"https:\/\/ptmsrl.com\/wp-content\/uploads\/2018\/09\/PESA-3-PUNTI-WD-2.jpg\",\"datePublished\":\"2018-09-07T14:43:33+00:00\",\"dateModified\":\"2019-07-25T14:26:11+00:00\",\"breadcrumb\":{\"@id\":\"https:\/\/ptmsrl.com\/fr\/prodotto\/pese-a-trois-points-wd-2-1-bogballe\/#breadcrumb\"},\"inLanguage\":\"fr-FR\",\"potentialAction\":[{\"@type\":\"ReadAction\",\"target\":[\"https:\/\/ptmsrl.com\/fr\/prodotto\/pese-a-trois-points-wd-2-1-bogballe\/\"]}]},{\"@type\":\"ImageObject\",\"inLanguage\":\"fr-FR\",\"@id\":\"https:\/\/ptmsrl.com\/fr\/prodotto\/pese-a-trois-points-wd-2-1-bogballe\/#primaryimage\",\"url\":\"https:\/\/ptmsrl.com\/wp-content\/uploads\/2018\/09\/PESA-3-PUNTI-WD-2.jpg\",\"contentUrl\":\"https:\/\/ptmsrl.com\/wp-content\/uploads\/2018\/09\/PESA-3-PUNTI-WD-2.jpg\",\"width\":1024,\"height\":1024,\"caption\":\"pesa-3-punti-wd-2\"},{\"@type\":\"BreadcrumbList\",\"@id\":\"https:\/\/ptmsrl.com\/fr\/prodotto\/pese-a-trois-points-wd-2-1-bogballe\/#breadcrumb\",\"itemListElement\":[{\"@type\":\"ListItem\",\"position\":1,\"name\":\"Home\",\"item\":\"https:\/\/ptmsrl.com\/fr\/\"},{\"@type\":\"ListItem\",\"position\":2,\"name\":\"Shop\",\"item\":\"https:\/\/ptmsrl.com\/shop\/\"},{\"@type\":\"ListItem\",\"position\":3,\"name\":\"P\u00e8se \u00e0 trois points WD 2.1 Bogballe\"}]},{\"@type\":\"WebSite\",\"@id\":\"https:\/\/ptmsrl.com\/#website\",\"url\":\"https:\/\/ptmsrl.com\/\",\"name\":\"PTM Srl\",\"description\":\"\u041c\u042b \u041f\u0420\u041e\u0418\u0417\u0412\u041e\u0414\u0418\u041c \u041a\u0410\u0427\u0415\u0421\u0422\u0412\u041e, \u041a\u041e\u0422\u041e\u0420\u041e\u0415 \u0418\u041c\u0415\u0415\u0422 \u041e\u0421\u041e\u0411\u042b\u0419 \u0412\u0415\u0421\",\"publisher\":{\"@id\":\"https:\/\/ptmsrl.com\/#organization\"},\"potentialAction\":[{\"@type\":\"SearchAction\",\"target\":{\"@type\":\"EntryPoint\",\"urlTemplate\":\"https:\/\/ptmsrl.com\/?s={search_term_string}\"},\"query-input\":{\"@type\":\"PropertyValueSpecification\",\"valueRequired\":true,\"valueName\":\"search_term_string\"}}],\"inLanguage\":\"fr-FR\"},{\"@type\":\"Organization\",\"@id\":\"https:\/\/ptmsrl.com\/#organization\",\"name\":\"PTM srl\",\"url\":\"https:\/\/ptmsrl.com\/\",\"logo\":{\"@type\":\"ImageObject\",\"inLanguage\":\"fr-FR\",\"@id\":\"https:\/\/ptmsrl.com\/#\/schema\/logo\/image\/\",\"url\":\"https:\/\/ptmsrl.com\/wp-content\/uploads\/2018\/10\/LOGO-PTM.png\",\"contentUrl\":\"https:\/\/ptmsrl.com\/wp-content\/uploads\/2018\/10\/LOGO-PTM.png\",\"width\":1000,\"height\":500,\"caption\":\"PTM srl\"},\"image\":{\"@id\":\"https:\/\/ptmsrl.com\/#\/schema\/logo\/image\/\"},\"sameAs\":[\"https:\/\/www.facebook.com\/believingintechnology\/\",\"https:\/\/x.com\/ptm\",\"https:\/\/www.linkedin.com\/company\/ptm-s-r-l\/\",\"https:\/\/www.youtube.com\/channel\/UCPSOS0MaR-4jDkAD3HkAC7A\"]}]}<\/script>\n<!-- \/ Yoast SEO plugin. -->","yoast_head_json":{"title":"PTM Srl | P\u00e8se \u00e0 trois points WD 2.1 Bogballe","robots":{"index":"index","follow":"follow","max-snippet":"max-snippet:-1","max-image-preview":"max-image-preview:large","max-video-preview":"max-video-preview:-1"},"canonical":"https:\/\/ptmsrl.com\/fr\/prodotto\/pese-a-trois-points-wd-2-1-bogballe\/","og_locale":"fr_FR","og_type":"article","og_title":"PTM Srl | P\u00e8se \u00e0 trois points WD 2.1 Bogballe","og_description":"La p\u00e8se \u00e0 trois points WD 2.1-B a \u00e9t\u00e9 con\u00e7ue pour l\u2019emploi avec rampes d'\u00e9pandage Bogballe. Par cette p\u00e8se nous avons cr\u00e9e une solution pour le r\u00e9glage de l\u2019\u00e9pandage. Par la p\u00e8se WD2.1-B m\u00eame tous les \u00e9pandeurs\/sprayeurs de la soci\u00e9t\u00e9 Bogballe peuvent \u00eatre mis \u00e0 jour et am\u00e9lior\u00e9s.  \u201cP\u00e8se \u00e0 trois points pour tous\u201d La p\u00e8se \u00e0 trois points \u201cWD 2.1-B\u201d est appropri\u00e9e m\u00eame pour toutes les applications qui n\u00e9cessitent d\u2019espace en plus pour l\u2019arbre de transmission ou autres composants, adapt\u00e9s aux dimensions de la cat\u00e9gorie II. Le chargement maximum de la p\u00e8se \u00e0 trois points WD 2.1-B est 5.000 kg.","og_url":"https:\/\/ptmsrl.com\/fr\/prodotto\/pese-a-trois-points-wd-2-1-bogballe\/","og_site_name":"PTM Srl","article_publisher":"https:\/\/www.facebook.com\/believingintechnology\/","article_modified_time":"2019-07-25T14:26:11+00:00","og_image":[{"width":1024,"height":1024,"url":"https:\/\/ptmsrl.com\/wp-content\/uploads\/2018\/09\/PESA-3-PUNTI-WD-2.jpg","type":"image\/jpeg"}],"twitter_card":"summary_large_image","twitter_site":"@ptm","schema":{"@context":"https:\/\/schema.org","@graph":[{"@type":"WebPage","@id":"https:\/\/ptmsrl.com\/fr\/prodotto\/pese-a-trois-points-wd-2-1-bogballe\/","url":"https:\/\/ptmsrl.com\/fr\/prodotto\/pese-a-trois-points-wd-2-1-bogballe\/","name":"PTM Srl | P\u00e8se \u00e0 trois points WD 2.1 Bogballe","isPartOf":{"@id":"https:\/\/ptmsrl.com\/#website"},"primaryImageOfPage":{"@id":"https:\/\/ptmsrl.com\/fr\/prodotto\/pese-a-trois-points-wd-2-1-bogballe\/#primaryimage"},"image":{"@id":"https:\/\/ptmsrl.com\/fr\/prodotto\/pese-a-trois-points-wd-2-1-bogballe\/#primaryimage"},"thumbnailUrl":"https:\/\/ptmsrl.com\/wp-content\/uploads\/2018\/09\/PESA-3-PUNTI-WD-2.jpg","datePublished":"2018-09-07T14:43:33+00:00","dateModified":"2019-07-25T14:26:11+00:00","breadcrumb":{"@id":"https:\/\/ptmsrl.com\/fr\/prodotto\/pese-a-trois-points-wd-2-1-bogballe\/#breadcrumb"},"inLanguage":"fr-FR","potentialAction":[{"@type":"ReadAction","target":["https:\/\/ptmsrl.com\/fr\/prodotto\/pese-a-trois-points-wd-2-1-bogballe\/"]}]},{"@type":"ImageObject","inLanguage":"fr-FR","@id":"https:\/\/ptmsrl.com\/fr\/prodotto\/pese-a-trois-points-wd-2-1-bogballe\/#primaryimage","url":"https:\/\/ptmsrl.com\/wp-content\/uploads\/2018\/09\/PESA-3-PUNTI-WD-2.jpg","contentUrl":"https:\/\/ptmsrl.com\/wp-content\/uploads\/2018\/09\/PESA-3-PUNTI-WD-2.jpg","width":1024,"height":1024,"caption":"pesa-3-punti-wd-2"},{"@type":"BreadcrumbList","@id":"https:\/\/ptmsrl.com\/fr\/prodotto\/pese-a-trois-points-wd-2-1-bogballe\/#breadcrumb","itemListElement":[{"@type":"ListItem","position":1,"name":"Home","item":"https:\/\/ptmsrl.com\/fr\/"},{"@type":"ListItem","position":2,"name":"Shop","item":"https:\/\/ptmsrl.com\/shop\/"},{"@type":"ListItem","position":3,"name":"P\u00e8se \u00e0 trois points WD 2.1 Bogballe"}]},{"@type":"WebSite","@id":"https:\/\/ptmsrl.com\/#website","url":"https:\/\/ptmsrl.com\/","name":"PTM Srl","description":"\u041c\u042b \u041f\u0420\u041e\u0418\u0417\u0412\u041e\u0414\u0418\u041c \u041a\u0410\u0427\u0415\u0421\u0422\u0412\u041e, \u041a\u041e\u0422\u041e\u0420\u041e\u0415 \u0418\u041c\u0415\u0415\u0422 \u041e\u0421\u041e\u0411\u042b\u0419 \u0412\u0415\u0421","publisher":{"@id":"https:\/\/ptmsrl.com\/#organization"},"potentialAction":[{"@type":"SearchAction","target":{"@type":"EntryPoint","urlTemplate":"https:\/\/ptmsrl.com\/?s={search_term_string}"},"query-input":{"@type":"PropertyValueSpecification","valueRequired":true,"valueName":"search_term_string"}}],"inLanguage":"fr-FR"},{"@type":"Organization","@id":"https:\/\/ptmsrl.com\/#organization","name":"PTM srl","url":"https:\/\/ptmsrl.com\/","logo":{"@type":"ImageObject","inLanguage":"fr-FR","@id":"https:\/\/ptmsrl.com\/#\/schema\/logo\/image\/","url":"https:\/\/ptmsrl.com\/wp-content\/uploads\/2018\/10\/LOGO-PTM.png","contentUrl":"https:\/\/ptmsrl.com\/wp-content\/uploads\/2018\/10\/LOGO-PTM.png","width":1000,"height":500,"caption":"PTM srl"},"image":{"@id":"https:\/\/ptmsrl.com\/#\/schema\/logo\/image\/"},"sameAs":["https:\/\/www.facebook.com\/believingintechnology\/","https:\/\/x.com\/ptm","https:\/\/www.linkedin.com\/company\/ptm-s-r-l\/","https:\/\/www.youtube.com\/channel\/UCPSOS0MaR-4jDkAD3HkAC7A"]}]}},"_links":{"self":[{"href":"https:\/\/ptmsrl.com\/fr\/wp-json\/wp\/v2\/product\/5252","targetHints":{"allow":["GET"]}}],"collection":[{"href":"https:\/\/ptmsrl.com\/fr\/wp-json\/wp\/v2\/product"}],"about":[{"href":"https:\/\/ptmsrl.com\/fr\/wp-json\/wp\/v2\/types\/product"}],"wp:featuredmedia":[{"embeddable":true,"href":"https:\/\/ptmsrl.com\/fr\/wp-json\/wp\/v2\/media\/5232"}],"wp:attachment":[{"href":"https:\/\/ptmsrl.com\/fr\/wp-json\/wp\/v2\/media?parent=5252"}],"wp:term":[{"taxonomy":"product_brand","embeddable":true,"href":"https:\/\/ptmsrl.com\/fr\/wp-json\/wp\/v2\/product_brand?post=5252"},{"taxonomy":"product_cat","embeddable":true,"href":"https:\/\/ptmsrl.com\/fr\/wp-json\/wp\/v2\/product_cat?post=5252"},{"taxonomy":"product_tag","embeddable":true,"href":"https:\/\/ptmsrl.com\/fr\/wp-json\/wp\/v2\/product_tag?post=5252"}],"curies":[{"name":"wp","href":"https:\/\/api.w.org\/{rel}","templated":true}]}}