{"id":5276,"date":"2018-09-07T16:47:11","date_gmt":"2018-09-07T14:47:11","guid":{"rendered":"https:\/\/ptmsrl.com\/prodotto\/display-portatile-milk\/"},"modified":"2019-07-23T09:23:35","modified_gmt":"2019-07-23T07:23:35","slug":"display-portatile-milk","status":"publish","type":"product","link":"https:\/\/ptmsrl.com\/fr\/prodotto\/display-portatile-milk\/","title":{"rendered":"Display Portatile Milk"},"content":{"rendered":"<p>Lorsque le d\u00e9chargement n\u2019est pas en fonction il est possible de programmer certains param\u00e8tres sur la centrale:<\/p>\n<ul>\n<li>Temps mise \u00e0 z\u00e9ro (dix.): exprim\u00e9 en dixi\u00e8mes de secondes, il indique le temps apr\u00e8s lequel le poids affich\u00e9, si stable, est remis \u00e0 z\u00e9ro pour pouvoir commencer une nouvelle op\u00e9ration de d\u00e9chargement.<\/li>\n<li>Minimum de cuve (Kg): il s\u2019agit de la quantit\u00e9 en dessous de laquelle, apr\u00e8s un certain temps (temps min de cuve), le d\u00e9chargement est bloqu\u00e9 et sur l\u2019afficheur s\u2019affichera le mot \u201cStop\u201d.<\/li>\n<li>Temps min de cuve (s): temps d\u2019attente avant de bloquer la phase de d\u00e9chargement.<\/li>\n<li>D\u00e9chargement: Automatique\/Manuel.<\/li>\n<\/ul>\n","protected":false},"excerpt":{"rendered":"<h3>Afficheur Portable pour la distribution par poids de liquides<\/h3>\n<p align=\"justify\">L\u2019afficheur portable est un dispositif pratique et fonctionnel et il est en mesure de simplifier le travail de l\u2019\u00e9leveur.<\/p>\n<p align=\"justify\">Le syst\u00e8me se compose d\u2019une centrale MILK 200 et d\u2019un \u00e9cran portable avec transmission radio. Le but de ce syst\u00e8me est de distribuer des quantit\u00e9s connues en lisant la valeur sur l\u2019afficheur. La quantit\u00e9 \u00e0 distribuer est contenue dans la cuve qui utilise le syst\u00e8me de pesage Milk 200.<\/p>\n<p align=\"justify\">Avec cette touche ON, l\u2019afficheur affiche le poids effectif du lait d\u00e9charg\u00e9, en \u00e9vitant \u00e0 l\u2019op\u00e9rateur de devoir calculer cette quantit\u00e9 en faisant la diff\u00e9rence par rapport au total pr\u00e9sent dans la cuve.<\/p>\n","protected":false},"featured_media":5277,"template":"","meta":{"inline_featured_image":false},"product_brand":[],"product_cat":[235],"product_tag":[],"class_list":{"0":"post-5276","1":"product","2":"type-product","3":"status-publish","4":"has-post-thumbnail","6":"product_cat-solutions-sur-mesure","8":"first","9":"instock","10":"downloadable","11":"shipping-taxable","12":"product-type-simple"},"yoast_head":"<!-- This site is optimized with the Yoast SEO plugin v25.3 - https:\/\/yoast.com\/wordpress\/plugins\/seo\/ -->\n<title>PTM Srl | Display Portatile Milk<\/title>\n<meta name=\"robots\" content=\"index, follow, max-snippet:-1, max-image-preview:large, max-video-preview:-1\" \/>\n<link rel=\"canonical\" href=\"https:\/\/ptmsrl.com\/fr\/prodotto\/display-portatile-milk\/\" \/>\n<meta property=\"og:locale\" content=\"fr_FR\" \/>\n<meta property=\"og:type\" content=\"article\" \/>\n<meta property=\"og:title\" content=\"PTM Srl | Display Portatile Milk\" \/>\n<meta property=\"og:description\" content=\"Afficheur Portable pour la distribution par poids de liquides L\u2019afficheur portable est un dispositif pratique et fonctionnel et il est en mesure de simplifier le travail de l\u2019\u00e9leveur. Le syst\u00e8me se compose d\u2019une centrale MILK 200 et d\u2019un \u00e9cran portable avec transmission radio. Le but de ce syst\u00e8me est de distribuer des quantit\u00e9s connues en lisant la valeur sur l\u2019afficheur. La quantit\u00e9 \u00e0 distribuer est contenue dans la cuve qui utilise le syst\u00e8me de pesage Milk 200. Avec cette touche ON, l\u2019afficheur affiche le poids effectif du lait d\u00e9charg\u00e9, en \u00e9vitant \u00e0 l\u2019op\u00e9rateur de devoir calculer cette quantit\u00e9 en faisant la diff\u00e9rence par rapport au total pr\u00e9sent dans la cuve.\" \/>\n<meta property=\"og:url\" content=\"https:\/\/ptmsrl.com\/fr\/prodotto\/display-portatile-milk\/\" \/>\n<meta property=\"og:site_name\" content=\"PTM Srl\" \/>\n<meta property=\"article:publisher\" content=\"https:\/\/www.facebook.com\/believingintechnology\/\" \/>\n<meta property=\"article:modified_time\" content=\"2019-07-23T07:23:35+00:00\" \/>\n<meta property=\"og:image\" content=\"https:\/\/ptmsrl.com\/wp-content\/uploads\/2018\/09\/Display-Portatile-per-Milk-200.jpg\" \/>\n\t<meta property=\"og:image:width\" content=\"1024\" \/>\n\t<meta property=\"og:image:height\" content=\"1024\" \/>\n\t<meta property=\"og:image:type\" content=\"image\/jpeg\" \/>\n<meta name=\"twitter:card\" content=\"summary_large_image\" \/>\n<meta name=\"twitter:site\" content=\"@ptm\" \/>\n<meta name=\"twitter:label1\" content=\"Dur\u00e9e de lecture estim\u00e9e\" \/>\n\t<meta name=\"twitter:data1\" content=\"1 minute\" \/>\n<script type=\"application\/ld+json\" class=\"yoast-schema-graph\">{\"@context\":\"https:\/\/schema.org\",\"@graph\":[{\"@type\":\"WebPage\",\"@id\":\"https:\/\/ptmsrl.com\/fr\/prodotto\/display-portatile-milk\/\",\"url\":\"https:\/\/ptmsrl.com\/fr\/prodotto\/display-portatile-milk\/\",\"name\":\"PTM Srl | Display Portatile Milk\",\"isPartOf\":{\"@id\":\"https:\/\/ptmsrl.com\/#website\"},\"primaryImageOfPage\":{\"@id\":\"https:\/\/ptmsrl.com\/fr\/prodotto\/display-portatile-milk\/#primaryimage\"},\"image\":{\"@id\":\"https:\/\/ptmsrl.com\/fr\/prodotto\/display-portatile-milk\/#primaryimage\"},\"thumbnailUrl\":\"https:\/\/ptmsrl.com\/wp-content\/uploads\/2018\/09\/Display-Portatile-per-Milk-200.jpg\",\"datePublished\":\"2018-09-07T14:47:11+00:00\",\"dateModified\":\"2019-07-23T07:23:35+00:00\",\"breadcrumb\":{\"@id\":\"https:\/\/ptmsrl.com\/fr\/prodotto\/display-portatile-milk\/#breadcrumb\"},\"inLanguage\":\"fr-FR\",\"potentialAction\":[{\"@type\":\"ReadAction\",\"target\":[\"https:\/\/ptmsrl.com\/fr\/prodotto\/display-portatile-milk\/\"]}]},{\"@type\":\"ImageObject\",\"inLanguage\":\"fr-FR\",\"@id\":\"https:\/\/ptmsrl.com\/fr\/prodotto\/display-portatile-milk\/#primaryimage\",\"url\":\"https:\/\/ptmsrl.com\/wp-content\/uploads\/2018\/09\/Display-Portatile-per-Milk-200.jpg\",\"contentUrl\":\"https:\/\/ptmsrl.com\/wp-content\/uploads\/2018\/09\/Display-Portatile-per-Milk-200.jpg\",\"width\":1024,\"height\":1024,\"caption\":\"display-portatile-per-milk-200\"},{\"@type\":\"BreadcrumbList\",\"@id\":\"https:\/\/ptmsrl.com\/fr\/prodotto\/display-portatile-milk\/#breadcrumb\",\"itemListElement\":[{\"@type\":\"ListItem\",\"position\":1,\"name\":\"Home\",\"item\":\"https:\/\/ptmsrl.com\/fr\/\"},{\"@type\":\"ListItem\",\"position\":2,\"name\":\"Shop\",\"item\":\"https:\/\/ptmsrl.com\/shop\/\"},{\"@type\":\"ListItem\",\"position\":3,\"name\":\"Display Portatile Milk\"}]},{\"@type\":\"WebSite\",\"@id\":\"https:\/\/ptmsrl.com\/#website\",\"url\":\"https:\/\/ptmsrl.com\/\",\"name\":\"PTM Srl\",\"description\":\"\u041c\u042b \u041f\u0420\u041e\u0418\u0417\u0412\u041e\u0414\u0418\u041c \u041a\u0410\u0427\u0415\u0421\u0422\u0412\u041e, \u041a\u041e\u0422\u041e\u0420\u041e\u0415 \u0418\u041c\u0415\u0415\u0422 \u041e\u0421\u041e\u0411\u042b\u0419 \u0412\u0415\u0421\",\"publisher\":{\"@id\":\"https:\/\/ptmsrl.com\/#organization\"},\"potentialAction\":[{\"@type\":\"SearchAction\",\"target\":{\"@type\":\"EntryPoint\",\"urlTemplate\":\"https:\/\/ptmsrl.com\/?s={search_term_string}\"},\"query-input\":{\"@type\":\"PropertyValueSpecification\",\"valueRequired\":true,\"valueName\":\"search_term_string\"}}],\"inLanguage\":\"fr-FR\"},{\"@type\":\"Organization\",\"@id\":\"https:\/\/ptmsrl.com\/#organization\",\"name\":\"PTM srl\",\"url\":\"https:\/\/ptmsrl.com\/\",\"logo\":{\"@type\":\"ImageObject\",\"inLanguage\":\"fr-FR\",\"@id\":\"https:\/\/ptmsrl.com\/#\/schema\/logo\/image\/\",\"url\":\"https:\/\/ptmsrl.com\/wp-content\/uploads\/2018\/10\/LOGO-PTM.png\",\"contentUrl\":\"https:\/\/ptmsrl.com\/wp-content\/uploads\/2018\/10\/LOGO-PTM.png\",\"width\":1000,\"height\":500,\"caption\":\"PTM srl\"},\"image\":{\"@id\":\"https:\/\/ptmsrl.com\/#\/schema\/logo\/image\/\"},\"sameAs\":[\"https:\/\/www.facebook.com\/believingintechnology\/\",\"https:\/\/x.com\/ptm\",\"https:\/\/www.linkedin.com\/company\/ptm-s-r-l\/\",\"https:\/\/www.youtube.com\/channel\/UCPSOS0MaR-4jDkAD3HkAC7A\"]}]}<\/script>\n<!-- \/ Yoast SEO plugin. -->","yoast_head_json":{"title":"PTM Srl | Display Portatile Milk","robots":{"index":"index","follow":"follow","max-snippet":"max-snippet:-1","max-image-preview":"max-image-preview:large","max-video-preview":"max-video-preview:-1"},"canonical":"https:\/\/ptmsrl.com\/fr\/prodotto\/display-portatile-milk\/","og_locale":"fr_FR","og_type":"article","og_title":"PTM Srl | Display Portatile Milk","og_description":"Afficheur Portable pour la distribution par poids de liquides L\u2019afficheur portable est un dispositif pratique et fonctionnel et il est en mesure de simplifier le travail de l\u2019\u00e9leveur. Le syst\u00e8me se compose d\u2019une centrale MILK 200 et d\u2019un \u00e9cran portable avec transmission radio. Le but de ce syst\u00e8me est de distribuer des quantit\u00e9s connues en lisant la valeur sur l\u2019afficheur. La quantit\u00e9 \u00e0 distribuer est contenue dans la cuve qui utilise le syst\u00e8me de pesage Milk 200. Avec cette touche ON, l\u2019afficheur affiche le poids effectif du lait d\u00e9charg\u00e9, en \u00e9vitant \u00e0 l\u2019op\u00e9rateur de devoir calculer cette quantit\u00e9 en faisant la diff\u00e9rence par rapport au total pr\u00e9sent dans la cuve.","og_url":"https:\/\/ptmsrl.com\/fr\/prodotto\/display-portatile-milk\/","og_site_name":"PTM Srl","article_publisher":"https:\/\/www.facebook.com\/believingintechnology\/","article_modified_time":"2019-07-23T07:23:35+00:00","og_image":[{"width":1024,"height":1024,"url":"https:\/\/ptmsrl.com\/wp-content\/uploads\/2018\/09\/Display-Portatile-per-Milk-200.jpg","type":"image\/jpeg"}],"twitter_card":"summary_large_image","twitter_site":"@ptm","twitter_misc":{"Dur\u00e9e de lecture estim\u00e9e":"1 minute"},"schema":{"@context":"https:\/\/schema.org","@graph":[{"@type":"WebPage","@id":"https:\/\/ptmsrl.com\/fr\/prodotto\/display-portatile-milk\/","url":"https:\/\/ptmsrl.com\/fr\/prodotto\/display-portatile-milk\/","name":"PTM Srl | Display Portatile Milk","isPartOf":{"@id":"https:\/\/ptmsrl.com\/#website"},"primaryImageOfPage":{"@id":"https:\/\/ptmsrl.com\/fr\/prodotto\/display-portatile-milk\/#primaryimage"},"image":{"@id":"https:\/\/ptmsrl.com\/fr\/prodotto\/display-portatile-milk\/#primaryimage"},"thumbnailUrl":"https:\/\/ptmsrl.com\/wp-content\/uploads\/2018\/09\/Display-Portatile-per-Milk-200.jpg","datePublished":"2018-09-07T14:47:11+00:00","dateModified":"2019-07-23T07:23:35+00:00","breadcrumb":{"@id":"https:\/\/ptmsrl.com\/fr\/prodotto\/display-portatile-milk\/#breadcrumb"},"inLanguage":"fr-FR","potentialAction":[{"@type":"ReadAction","target":["https:\/\/ptmsrl.com\/fr\/prodotto\/display-portatile-milk\/"]}]},{"@type":"ImageObject","inLanguage":"fr-FR","@id":"https:\/\/ptmsrl.com\/fr\/prodotto\/display-portatile-milk\/#primaryimage","url":"https:\/\/ptmsrl.com\/wp-content\/uploads\/2018\/09\/Display-Portatile-per-Milk-200.jpg","contentUrl":"https:\/\/ptmsrl.com\/wp-content\/uploads\/2018\/09\/Display-Portatile-per-Milk-200.jpg","width":1024,"height":1024,"caption":"display-portatile-per-milk-200"},{"@type":"BreadcrumbList","@id":"https:\/\/ptmsrl.com\/fr\/prodotto\/display-portatile-milk\/#breadcrumb","itemListElement":[{"@type":"ListItem","position":1,"name":"Home","item":"https:\/\/ptmsrl.com\/fr\/"},{"@type":"ListItem","position":2,"name":"Shop","item":"https:\/\/ptmsrl.com\/shop\/"},{"@type":"ListItem","position":3,"name":"Display Portatile Milk"}]},{"@type":"WebSite","@id":"https:\/\/ptmsrl.com\/#website","url":"https:\/\/ptmsrl.com\/","name":"PTM Srl","description":"\u041c\u042b \u041f\u0420\u041e\u0418\u0417\u0412\u041e\u0414\u0418\u041c \u041a\u0410\u0427\u0415\u0421\u0422\u0412\u041e, \u041a\u041e\u0422\u041e\u0420\u041e\u0415 \u0418\u041c\u0415\u0415\u0422 \u041e\u0421\u041e\u0411\u042b\u0419 \u0412\u0415\u0421","publisher":{"@id":"https:\/\/ptmsrl.com\/#organization"},"potentialAction":[{"@type":"SearchAction","target":{"@type":"EntryPoint","urlTemplate":"https:\/\/ptmsrl.com\/?s={search_term_string}"},"query-input":{"@type":"PropertyValueSpecification","valueRequired":true,"valueName":"search_term_string"}}],"inLanguage":"fr-FR"},{"@type":"Organization","@id":"https:\/\/ptmsrl.com\/#organization","name":"PTM srl","url":"https:\/\/ptmsrl.com\/","logo":{"@type":"ImageObject","inLanguage":"fr-FR","@id":"https:\/\/ptmsrl.com\/#\/schema\/logo\/image\/","url":"https:\/\/ptmsrl.com\/wp-content\/uploads\/2018\/10\/LOGO-PTM.png","contentUrl":"https:\/\/ptmsrl.com\/wp-content\/uploads\/2018\/10\/LOGO-PTM.png","width":1000,"height":500,"caption":"PTM srl"},"image":{"@id":"https:\/\/ptmsrl.com\/#\/schema\/logo\/image\/"},"sameAs":["https:\/\/www.facebook.com\/believingintechnology\/","https:\/\/x.com\/ptm","https:\/\/www.linkedin.com\/company\/ptm-s-r-l\/","https:\/\/www.youtube.com\/channel\/UCPSOS0MaR-4jDkAD3HkAC7A"]}]}},"_links":{"self":[{"href":"https:\/\/ptmsrl.com\/fr\/wp-json\/wp\/v2\/product\/5276","targetHints":{"allow":["GET"]}}],"collection":[{"href":"https:\/\/ptmsrl.com\/fr\/wp-json\/wp\/v2\/product"}],"about":[{"href":"https:\/\/ptmsrl.com\/fr\/wp-json\/wp\/v2\/types\/product"}],"wp:featuredmedia":[{"embeddable":true,"href":"https:\/\/ptmsrl.com\/fr\/wp-json\/wp\/v2\/media\/5277"}],"wp:attachment":[{"href":"https:\/\/ptmsrl.com\/fr\/wp-json\/wp\/v2\/media?parent=5276"}],"wp:term":[{"taxonomy":"product_brand","embeddable":true,"href":"https:\/\/ptmsrl.com\/fr\/wp-json\/wp\/v2\/product_brand?post=5276"},{"taxonomy":"product_cat","embeddable":true,"href":"https:\/\/ptmsrl.com\/fr\/wp-json\/wp\/v2\/product_cat?post=5276"},{"taxonomy":"product_tag","embeddable":true,"href":"https:\/\/ptmsrl.com\/fr\/wp-json\/wp\/v2\/product_tag?post=5276"}],"curies":[{"name":"wp","href":"https:\/\/api.w.org\/{rel}","templated":true}]}}