{"id":5463,"date":"2018-09-07T17:49:51","date_gmt":"2018-09-07T15:49:51","guid":{"rendered":"https:\/\/ptmsrl.com\/prodotto\/super-data-mix\/"},"modified":"2022-07-25T11:23:03","modified_gmt":"2022-07-25T09:23:03","slug":"super-data-mix","status":"publish","type":"product","link":"https:\/\/ptmsrl.com\/fr\/prodotto\/super-data-mix\/","title":{"rendered":"Super Data Mix"},"content":{"rendered":"<ul>\n<li>Compatibilit\u00e9 avec <strong>Windows Xp, Vista, 7, 8 et 10<\/strong>.<\/li>\n<li>Proc\u00e9dure d&rsquo;<strong>enregistrement praticable en ligne<\/strong>.<\/li>\n<li><strong>Transfert<\/strong> des donn\u00e9es au bo\u00eetier par <strong>USB<\/strong>.<\/li>\n<li>Gestion jusqu&rsquo;\u00e0 <strong>99 card dans le m\u00eame temps<\/strong>.<\/li>\n<li>Gestion des <strong>pourcentages de alarme<\/strong> sur chargements et d\u00e9chargements.<\/li>\n<li>En travaillant par pendrive USB, est active la <strong>fonction de sauvegarde pour la r\u00e9cup\u00e9ration des donn\u00e9s<\/strong>.<\/li>\n<li><strong>150 recettes<\/strong> qui peuvent \u00eatre \u00e9tablies, avec possibilit\u00e9 de insertion de <strong>30 composants<\/strong> pour chaque recette.<\/li>\n<li>Possibilit\u00e9 de changer la quantit\u00e9 \u00e0 charger <strong>en modifiant<\/strong>, en pourcentage, la quantit\u00e9 \u00e0 charger du composant ou de toute la recette.<\/li>\n<li><strong>Repr\u00e9sentation graphique<\/strong> du pourcentage de distribution de chaque composant pendant la programmation des recettes.<\/li>\n<li>Gestion du <strong>pourcentage de substance s\u00e8che<\/strong> pour chaque composant, avec relative <strong>valeur nutritive<\/strong> et <strong>co\u00fbt correspondant<\/strong> (par Kg).<\/li>\n<li>Gestion des <strong>co\u00fbts des composants<\/strong>, des <strong>recettes<\/strong> et de <strong>chaque op\u00e9ration<\/strong>.<\/li>\n<li>Gestion du <strong>prix de vente du lait<\/strong>, avec graphiques relatifs \u00e0 la convenance de la recette.<\/li>\n<li>Gestion de un <strong>data base clients<\/strong> avec les donn\u00e9s de chaque client.<\/li>\n<li>Possibilit\u00e9 de <strong>insertion des fournitures<\/strong> avec relative quantit\u00e9 et la date d&rsquo;arriv\u00e9e du mat\u00e9riel.<\/li>\n<li>Gestion de un <strong>magasin commun<\/strong> et de tous <strong>magasins des clients<\/strong>, avec relative gestion des quantit\u00e9s d&rsquo;alarme.<\/li>\n<li>Gestion des donn\u00e9s relatifs \u00e0 la <strong>temp\u00e9rature environnante<\/strong>.<\/li>\n<li>Gestion de un archive de chargement avec possibilit\u00e9 de recherche de l&rsquo;op\u00e9ration et visualiser le d\u00e9tail de l&rsquo;op\u00e9ration.<\/li>\n<li>Possibilit\u00e9 d&rsquo;exporter et imprimer les suivants rapports de chargement pour chaque op\u00e9ration:\u00a0RAPPORT COMPLET \/\u00a0RAPPORT MINIM \/\u00a0RAPPORT DES CONSOMMATIONS \/ LISTE DES OP\u00c9RATIONS \/\u00a0RAPPORT DES TEMPS DE TRAVAIL DE CHAQUE OP\u00c9RATION \/\u00a0LISTE DES COMPOSANTS DE LA RECETTE CHARG\u00c9S \/\u00a0LISTE DES COMPOSANTS DE LA RECETTE CHARG\u00c9S AVEC LES VALEURS DE SUBSTANCE S\u00c8CHE<\/li>\n<li>Gestion de un <strong>archive de d\u00e9chargement<\/strong> avec possibilit\u00e9 de <strong>recherche op\u00e9rations ponctuelles<\/strong> et insertion de la quantit\u00e9 du lait produite.<\/li>\n<li>Possibilit\u00e9 d&rsquo;exporter et imprimer les suivants rapports de d\u00e9chargement pour chaque op\u00e9ration:\u00a0RAPPORT COMPLET \/\u00a0RAPPORT MINIM \/\u00a0LISTE DES OP\u00c9RATIONS \/\u00a0RAPPORT DES TEMPS DE TRAVAIL DE CHAQUE OP\u00c9RATION \/\u00a0RAPPORT DE LA PROTECTION DU LAIT<\/li>\n<li>Visualisation des <strong>quantit\u00e9s partielles<\/strong> \u00e0 charger pour chaque chariot.<\/li>\n<li>Possibilit\u00e9 d&rsquo;<strong>envoi du data base au bureau technique PTM<\/strong> pour le r\u00e9solution des probl\u00e8mes.<\/li>\n<li>Possibilit\u00e9 de <strong>remplacement, compactage et sauvegarde<\/strong> du data base des donn\u00e9s.<\/li>\n<li>Possibilit\u00e9 de demander un <strong>kit de transmission Wireless<\/strong> pour les donn\u00e9s entre ordinateur et bo\u00eetier (avec <strong>technologie Zig Bee<\/strong>).<\/li>\n<\/ul>\n","protected":false},"excerpt":{"rendered":"<h3><strong>Logiciel<\/strong><\/h3>\n<p align=\"justify\">Logiciel pour transmettre les informations des bo\u00eetiers GRAPHIC SUPER USB et ADVANCE SUPER USB l&rsquo;ordinateur et vice versa par Pen Drive USB.<\/p>\n","protected":false},"featured_media":20586,"template":"","meta":{"inline_featured_image":false},"product_brand":[],"product_cat":[258],"product_tag":[],"class_list":{"0":"post-5463","1":"product","2":"type-product","3":"status-publish","4":"has-post-thumbnail","6":"product_cat-logiciel-de-gestion-fr","8":"first","9":"instock","10":"downloadable","11":"shipping-taxable","12":"product-type-simple"},"yoast_head":"<!-- This site is optimized with the Yoast SEO plugin v25.3 - https:\/\/yoast.com\/wordpress\/plugins\/seo\/ -->\n<title>PTM Srl | Super Data Mix<\/title>\n<meta name=\"robots\" content=\"index, follow, max-snippet:-1, max-image-preview:large, max-video-preview:-1\" \/>\n<link rel=\"canonical\" href=\"https:\/\/ptmsrl.com\/fr\/prodotto\/super-data-mix\/\" \/>\n<meta property=\"og:locale\" content=\"fr_FR\" \/>\n<meta property=\"og:type\" content=\"article\" \/>\n<meta property=\"og:title\" content=\"PTM Srl | Super Data Mix\" \/>\n<meta property=\"og:description\" content=\"Logiciel Logiciel pour transmettre les informations des bo\u00eetiers GRAPHIC SUPER USB et ADVANCE SUPER USB l&#039;ordinateur et vice versa par Pen Drive USB.\" \/>\n<meta property=\"og:url\" content=\"https:\/\/ptmsrl.com\/fr\/prodotto\/super-data-mix\/\" \/>\n<meta property=\"og:site_name\" content=\"PTM Srl\" \/>\n<meta property=\"article:publisher\" content=\"https:\/\/www.facebook.com\/believingintechnology\/\" \/>\n<meta property=\"article:modified_time\" content=\"2022-07-25T09:23:03+00:00\" \/>\n<meta property=\"og:image\" content=\"https:\/\/ptmsrl.com\/wp-content\/uploads\/2018\/09\/ptm-super-data-mix-software-per-trasmettere-informazioni.jpg\" \/>\n\t<meta property=\"og:image:width\" content=\"1200\" \/>\n\t<meta property=\"og:image:height\" content=\"1200\" \/>\n\t<meta property=\"og:image:type\" content=\"image\/jpeg\" \/>\n<meta name=\"twitter:card\" content=\"summary_large_image\" \/>\n<meta name=\"twitter:site\" content=\"@ptm\" \/>\n<meta name=\"twitter:label1\" content=\"Dur\u00e9e de lecture estim\u00e9e\" \/>\n\t<meta name=\"twitter:data1\" content=\"2 minutes\" \/>\n<script type=\"application\/ld+json\" class=\"yoast-schema-graph\">{\"@context\":\"https:\/\/schema.org\",\"@graph\":[{\"@type\":\"WebPage\",\"@id\":\"https:\/\/ptmsrl.com\/fr\/prodotto\/super-data-mix\/\",\"url\":\"https:\/\/ptmsrl.com\/fr\/prodotto\/super-data-mix\/\",\"name\":\"PTM Srl | Super Data Mix\",\"isPartOf\":{\"@id\":\"https:\/\/ptmsrl.com\/#website\"},\"primaryImageOfPage\":{\"@id\":\"https:\/\/ptmsrl.com\/fr\/prodotto\/super-data-mix\/#primaryimage\"},\"image\":{\"@id\":\"https:\/\/ptmsrl.com\/fr\/prodotto\/super-data-mix\/#primaryimage\"},\"thumbnailUrl\":\"https:\/\/ptmsrl.com\/wp-content\/uploads\/2018\/09\/ptm-super-data-mix-software-per-trasmettere-informazioni.jpg\",\"datePublished\":\"2018-09-07T15:49:51+00:00\",\"dateModified\":\"2022-07-25T09:23:03+00:00\",\"breadcrumb\":{\"@id\":\"https:\/\/ptmsrl.com\/fr\/prodotto\/super-data-mix\/#breadcrumb\"},\"inLanguage\":\"fr-FR\",\"potentialAction\":[{\"@type\":\"ReadAction\",\"target\":[\"https:\/\/ptmsrl.com\/fr\/prodotto\/super-data-mix\/\"]}]},{\"@type\":\"ImageObject\",\"inLanguage\":\"fr-FR\",\"@id\":\"https:\/\/ptmsrl.com\/fr\/prodotto\/super-data-mix\/#primaryimage\",\"url\":\"https:\/\/ptmsrl.com\/wp-content\/uploads\/2018\/09\/ptm-super-data-mix-software-per-trasmettere-informazioni.jpg\",\"contentUrl\":\"https:\/\/ptmsrl.com\/wp-content\/uploads\/2018\/09\/ptm-super-data-mix-software-per-trasmettere-informazioni.jpg\",\"width\":1200,\"height\":1200,\"caption\":\"ptm-super-data-mix-software-per-trasmettere-informazioni\"},{\"@type\":\"BreadcrumbList\",\"@id\":\"https:\/\/ptmsrl.com\/fr\/prodotto\/super-data-mix\/#breadcrumb\",\"itemListElement\":[{\"@type\":\"ListItem\",\"position\":1,\"name\":\"Home\",\"item\":\"https:\/\/ptmsrl.com\/fr\/\"},{\"@type\":\"ListItem\",\"position\":2,\"name\":\"Shop\",\"item\":\"https:\/\/ptmsrl.com\/shop\/\"},{\"@type\":\"ListItem\",\"position\":3,\"name\":\"Super Data Mix\"}]},{\"@type\":\"WebSite\",\"@id\":\"https:\/\/ptmsrl.com\/#website\",\"url\":\"https:\/\/ptmsrl.com\/\",\"name\":\"PTM Srl\",\"description\":\"\u041c\u042b \u041f\u0420\u041e\u0418\u0417\u0412\u041e\u0414\u0418\u041c \u041a\u0410\u0427\u0415\u0421\u0422\u0412\u041e, \u041a\u041e\u0422\u041e\u0420\u041e\u0415 \u0418\u041c\u0415\u0415\u0422 \u041e\u0421\u041e\u0411\u042b\u0419 \u0412\u0415\u0421\",\"publisher\":{\"@id\":\"https:\/\/ptmsrl.com\/#organization\"},\"potentialAction\":[{\"@type\":\"SearchAction\",\"target\":{\"@type\":\"EntryPoint\",\"urlTemplate\":\"https:\/\/ptmsrl.com\/?s={search_term_string}\"},\"query-input\":{\"@type\":\"PropertyValueSpecification\",\"valueRequired\":true,\"valueName\":\"search_term_string\"}}],\"inLanguage\":\"fr-FR\"},{\"@type\":\"Organization\",\"@id\":\"https:\/\/ptmsrl.com\/#organization\",\"name\":\"PTM srl\",\"url\":\"https:\/\/ptmsrl.com\/\",\"logo\":{\"@type\":\"ImageObject\",\"inLanguage\":\"fr-FR\",\"@id\":\"https:\/\/ptmsrl.com\/#\/schema\/logo\/image\/\",\"url\":\"https:\/\/ptmsrl.com\/wp-content\/uploads\/2018\/10\/LOGO-PTM.png\",\"contentUrl\":\"https:\/\/ptmsrl.com\/wp-content\/uploads\/2018\/10\/LOGO-PTM.png\",\"width\":1000,\"height\":500,\"caption\":\"PTM srl\"},\"image\":{\"@id\":\"https:\/\/ptmsrl.com\/#\/schema\/logo\/image\/\"},\"sameAs\":[\"https:\/\/www.facebook.com\/believingintechnology\/\",\"https:\/\/x.com\/ptm\",\"https:\/\/www.linkedin.com\/company\/ptm-s-r-l\/\",\"https:\/\/www.youtube.com\/channel\/UCPSOS0MaR-4jDkAD3HkAC7A\"]}]}<\/script>\n<!-- \/ Yoast SEO plugin. -->","yoast_head_json":{"title":"PTM Srl | Super Data Mix","robots":{"index":"index","follow":"follow","max-snippet":"max-snippet:-1","max-image-preview":"max-image-preview:large","max-video-preview":"max-video-preview:-1"},"canonical":"https:\/\/ptmsrl.com\/fr\/prodotto\/super-data-mix\/","og_locale":"fr_FR","og_type":"article","og_title":"PTM Srl | Super Data Mix","og_description":"Logiciel Logiciel pour transmettre les informations des bo\u00eetiers GRAPHIC SUPER USB et ADVANCE SUPER USB l'ordinateur et vice versa par Pen Drive USB.","og_url":"https:\/\/ptmsrl.com\/fr\/prodotto\/super-data-mix\/","og_site_name":"PTM Srl","article_publisher":"https:\/\/www.facebook.com\/believingintechnology\/","article_modified_time":"2022-07-25T09:23:03+00:00","og_image":[{"width":1200,"height":1200,"url":"https:\/\/ptmsrl.com\/wp-content\/uploads\/2018\/09\/ptm-super-data-mix-software-per-trasmettere-informazioni.jpg","type":"image\/jpeg"}],"twitter_card":"summary_large_image","twitter_site":"@ptm","twitter_misc":{"Dur\u00e9e de lecture estim\u00e9e":"2 minutes"},"schema":{"@context":"https:\/\/schema.org","@graph":[{"@type":"WebPage","@id":"https:\/\/ptmsrl.com\/fr\/prodotto\/super-data-mix\/","url":"https:\/\/ptmsrl.com\/fr\/prodotto\/super-data-mix\/","name":"PTM Srl | Super Data Mix","isPartOf":{"@id":"https:\/\/ptmsrl.com\/#website"},"primaryImageOfPage":{"@id":"https:\/\/ptmsrl.com\/fr\/prodotto\/super-data-mix\/#primaryimage"},"image":{"@id":"https:\/\/ptmsrl.com\/fr\/prodotto\/super-data-mix\/#primaryimage"},"thumbnailUrl":"https:\/\/ptmsrl.com\/wp-content\/uploads\/2018\/09\/ptm-super-data-mix-software-per-trasmettere-informazioni.jpg","datePublished":"2018-09-07T15:49:51+00:00","dateModified":"2022-07-25T09:23:03+00:00","breadcrumb":{"@id":"https:\/\/ptmsrl.com\/fr\/prodotto\/super-data-mix\/#breadcrumb"},"inLanguage":"fr-FR","potentialAction":[{"@type":"ReadAction","target":["https:\/\/ptmsrl.com\/fr\/prodotto\/super-data-mix\/"]}]},{"@type":"ImageObject","inLanguage":"fr-FR","@id":"https:\/\/ptmsrl.com\/fr\/prodotto\/super-data-mix\/#primaryimage","url":"https:\/\/ptmsrl.com\/wp-content\/uploads\/2018\/09\/ptm-super-data-mix-software-per-trasmettere-informazioni.jpg","contentUrl":"https:\/\/ptmsrl.com\/wp-content\/uploads\/2018\/09\/ptm-super-data-mix-software-per-trasmettere-informazioni.jpg","width":1200,"height":1200,"caption":"ptm-super-data-mix-software-per-trasmettere-informazioni"},{"@type":"BreadcrumbList","@id":"https:\/\/ptmsrl.com\/fr\/prodotto\/super-data-mix\/#breadcrumb","itemListElement":[{"@type":"ListItem","position":1,"name":"Home","item":"https:\/\/ptmsrl.com\/fr\/"},{"@type":"ListItem","position":2,"name":"Shop","item":"https:\/\/ptmsrl.com\/shop\/"},{"@type":"ListItem","position":3,"name":"Super Data Mix"}]},{"@type":"WebSite","@id":"https:\/\/ptmsrl.com\/#website","url":"https:\/\/ptmsrl.com\/","name":"PTM Srl","description":"\u041c\u042b \u041f\u0420\u041e\u0418\u0417\u0412\u041e\u0414\u0418\u041c \u041a\u0410\u0427\u0415\u0421\u0422\u0412\u041e, \u041a\u041e\u0422\u041e\u0420\u041e\u0415 \u0418\u041c\u0415\u0415\u0422 \u041e\u0421\u041e\u0411\u042b\u0419 \u0412\u0415\u0421","publisher":{"@id":"https:\/\/ptmsrl.com\/#organization"},"potentialAction":[{"@type":"SearchAction","target":{"@type":"EntryPoint","urlTemplate":"https:\/\/ptmsrl.com\/?s={search_term_string}"},"query-input":{"@type":"PropertyValueSpecification","valueRequired":true,"valueName":"search_term_string"}}],"inLanguage":"fr-FR"},{"@type":"Organization","@id":"https:\/\/ptmsrl.com\/#organization","name":"PTM srl","url":"https:\/\/ptmsrl.com\/","logo":{"@type":"ImageObject","inLanguage":"fr-FR","@id":"https:\/\/ptmsrl.com\/#\/schema\/logo\/image\/","url":"https:\/\/ptmsrl.com\/wp-content\/uploads\/2018\/10\/LOGO-PTM.png","contentUrl":"https:\/\/ptmsrl.com\/wp-content\/uploads\/2018\/10\/LOGO-PTM.png","width":1000,"height":500,"caption":"PTM srl"},"image":{"@id":"https:\/\/ptmsrl.com\/#\/schema\/logo\/image\/"},"sameAs":["https:\/\/www.facebook.com\/believingintechnology\/","https:\/\/x.com\/ptm","https:\/\/www.linkedin.com\/company\/ptm-s-r-l\/","https:\/\/www.youtube.com\/channel\/UCPSOS0MaR-4jDkAD3HkAC7A"]}]}},"_links":{"self":[{"href":"https:\/\/ptmsrl.com\/fr\/wp-json\/wp\/v2\/product\/5463","targetHints":{"allow":["GET"]}}],"collection":[{"href":"https:\/\/ptmsrl.com\/fr\/wp-json\/wp\/v2\/product"}],"about":[{"href":"https:\/\/ptmsrl.com\/fr\/wp-json\/wp\/v2\/types\/product"}],"wp:featuredmedia":[{"embeddable":true,"href":"https:\/\/ptmsrl.com\/fr\/wp-json\/wp\/v2\/media\/20586"}],"wp:attachment":[{"href":"https:\/\/ptmsrl.com\/fr\/wp-json\/wp\/v2\/media?parent=5463"}],"wp:term":[{"taxonomy":"product_brand","embeddable":true,"href":"https:\/\/ptmsrl.com\/fr\/wp-json\/wp\/v2\/product_brand?post=5463"},{"taxonomy":"product_cat","embeddable":true,"href":"https:\/\/ptmsrl.com\/fr\/wp-json\/wp\/v2\/product_cat?post=5463"},{"taxonomy":"product_tag","embeddable":true,"href":"https:\/\/ptmsrl.com\/fr\/wp-json\/wp\/v2\/product_tag?post=5463"}],"curies":[{"name":"wp","href":"https:\/\/api.w.org\/{rel}","templated":true}]}}