{"id":5513,"date":"2018-09-10T09:37:55","date_gmt":"2018-09-10T07:37:55","guid":{"rendered":"https:\/\/ptmsrl.com\/prodotto\/bio-mix\/"},"modified":"2022-07-25T11:22:34","modified_gmt":"2022-07-25T09:22:34","slug":"bio-mix","status":"publish","type":"product","link":"https:\/\/ptmsrl.com\/fr\/prodotto\/bio-mix\/","title":{"rendered":"Bio Mix"},"content":{"rendered":"<p>Le logiciel Biomix en relation avec les bo\u00eetiers ADVANCE BIO USB, ADVANCE BIO USB TWIN et BioMemory offre les possibilit\u00e9s suivantes:<\/p>\n<ul>\n<li>Possibilit\u00e9 de op\u00e9rer et s\u00e9lectionner entre diff\u00e9rentes modalit\u00e9s de Chargement: Chargement Manuel, Chargement recettes ou Chargement Manuel + Chargement Recette<\/li>\n<li>Possibilit\u00e9 de g\u00e9rer de 20 \u00e0 80 recettes<\/li>\n<li>Possibilit\u00e9 de g\u00e9rer jusqu\u2019\u00e0 20 composants pour recette<\/li>\n<li>Possibilit\u00e9 de g\u00e9rer jusqu\u2019\u00e0 20 composants en manuel;<\/li>\n<li>Multi langue<\/li>\n<li>Possibilit\u00e9 d\u2019ex\u00e9cuter variations en pourcentage sur le total \u00e0 charger pour chaque recette<\/li>\n<li>Repr\u00e9sentation graphique du pourcentage de chaque composant \u00e0 distribuer<\/li>\n<li>Possibilit\u00e9 de d\u00e9finir un ou plusieurs composants comme lisier<\/li>\n<li>Possibilit\u00e9 d\u2019insertion manuelle d\u2019une quantit\u00e9 de lisier<\/li>\n<li>Transfert de donn\u00e9es du bo\u00eetier \u00e0 l\u2019ordinateur par Pen Drive USB<\/li>\n<li>Gestion du backup des donn\u00e9es de travail par Pen Drive USB<\/li>\n<li>Possibilit\u00e9 de g\u00e9rer plusieurs syst\u00e8mes dans le m\u00eame temps<\/li>\n<li>Etablissement d\u2019une liste des composants avec la possibilit\u00e9 d\u2019ins\u00e9rer le cout par Kg<\/li>\n<li>Gestion de l\u2019entrep\u00f4t et simple repr\u00e9sentation des quantit\u00e9s disponibles<\/li>\n<li>Fonction alarme d\u00e9finissable selon un seuil minimum d\u2019entrep\u00f4t<\/li>\n<li>Possibilit\u00e9 de transmettre les donn\u00e9es directement en Excel<\/li>\n<li>Possibilit\u00e9 d\u2019envoi des donn\u00e9es par e-mail<\/li>\n<li>Possibilit\u00e9 d\u2019ex\u00e9cuter le backup de la base de donn\u00e9es<\/li>\n<li>Possibilit\u00e9 de gestion des couts de chaque composant<\/li>\n<li>Possibilit\u00e9 d\u2019insertion du prix de vente de un m3 de gaz<\/li>\n<li>Possibilit\u00e9 d\u2019insertion du prix de vente de un Kw obtenu par la combustion du gaz<\/li>\n<li>Possibilit\u00e9 d\u2019insertion de la quantit\u00e9 de gaz produit et de son prix de vente au m3 pour le calcule automatique des revenus et du rapport co\u00fbts\/revenus<\/li>\n<\/ul>\n","protected":false},"excerpt":{"rendered":"<h3 align=\"justify\"><strong>Logiciel pour la gestion des syst\u00e8mes Biogaz par l\u2019utilisationdes bo\u00eetier de s\u00e9rie \u201cBio\u201d<\/strong><\/h3>\n<p align=\"justify\">Le logiciel Biomix se base sur l\u2019exp\u00e9rience PTM pour la gestion de la production du Biogaz.<\/p>\n<p align=\"justify\">Par ce logiciel on a la possibilit\u00e9 d\u2019obtenir une repr\u00e9sentation claire et fiable des quantit\u00e9s de composants introduits dans le fermenteur pour la production du biogaz sans pertes de temps.<\/p>\n<p align=\"justify\">On peut utiliser les informations re\u00e7ues pour g\u00e9rer et contr\u00f4ler la production du gaz et des Kw, comme base pour le calcule des singles recettes.<\/p>\n","protected":false},"featured_media":20579,"template":"","meta":{"inline_featured_image":false},"product_brand":[],"product_cat":[258],"product_tag":[],"class_list":{"0":"post-5513","1":"product","2":"type-product","3":"status-publish","4":"has-post-thumbnail","6":"product_cat-logiciel-de-gestion-fr","8":"first","9":"instock","10":"downloadable","11":"shipping-taxable","12":"product-type-simple"},"yoast_head":"<!-- This site is optimized with the Yoast SEO plugin v25.3 - https:\/\/yoast.com\/wordpress\/plugins\/seo\/ -->\n<title>PTM Srl | Bio Mix<\/title>\n<meta name=\"robots\" content=\"index, follow, max-snippet:-1, max-image-preview:large, max-video-preview:-1\" \/>\n<link rel=\"canonical\" href=\"https:\/\/ptmsrl.com\/fr\/prodotto\/bio-mix\/\" \/>\n<meta property=\"og:locale\" content=\"fr_FR\" \/>\n<meta property=\"og:type\" content=\"article\" \/>\n<meta property=\"og:title\" content=\"PTM Srl | Bio Mix\" \/>\n<meta property=\"og:description\" content=\"Logiciel pour la gestion des syst\u00e8mes Biogaz par l\u2019utilisationdes bo\u00eetier de s\u00e9rie \u201cBio\u201d Le logiciel Biomix se base sur l\u2019exp\u00e9rience PTM pour la gestion de la production du Biogaz. Par ce logiciel on a la possibilit\u00e9 d\u2019obtenir une repr\u00e9sentation claire et fiable des quantit\u00e9s de composants introduits dans le fermenteur pour la production du biogaz sans pertes de temps. On peut utiliser les informations re\u00e7ues pour g\u00e9rer et contr\u00f4ler la production du gaz et des Kw, comme base pour le calcule des singles recettes.\" \/>\n<meta property=\"og:url\" content=\"https:\/\/ptmsrl.com\/fr\/prodotto\/bio-mix\/\" \/>\n<meta property=\"og:site_name\" content=\"PTM Srl\" \/>\n<meta property=\"article:publisher\" content=\"https:\/\/www.facebook.com\/believingintechnology\/\" \/>\n<meta property=\"article:modified_time\" content=\"2022-07-25T09:22:34+00:00\" \/>\n<meta property=\"og:image\" content=\"https:\/\/ptmsrl.com\/wp-content\/uploads\/2018\/09\/ptm-biomix-software-per-la-gestione-di-impianti-biogas.jpg\" \/>\n\t<meta property=\"og:image:width\" content=\"1200\" \/>\n\t<meta property=\"og:image:height\" content=\"1200\" \/>\n\t<meta property=\"og:image:type\" content=\"image\/jpeg\" \/>\n<meta name=\"twitter:card\" content=\"summary_large_image\" \/>\n<meta name=\"twitter:site\" content=\"@ptm\" \/>\n<meta name=\"twitter:label1\" content=\"Dur\u00e9e de lecture estim\u00e9e\" \/>\n\t<meta name=\"twitter:data1\" content=\"1 minute\" \/>\n<script type=\"application\/ld+json\" class=\"yoast-schema-graph\">{\"@context\":\"https:\/\/schema.org\",\"@graph\":[{\"@type\":\"WebPage\",\"@id\":\"https:\/\/ptmsrl.com\/fr\/prodotto\/bio-mix\/\",\"url\":\"https:\/\/ptmsrl.com\/fr\/prodotto\/bio-mix\/\",\"name\":\"PTM Srl | Bio Mix\",\"isPartOf\":{\"@id\":\"https:\/\/ptmsrl.com\/#website\"},\"primaryImageOfPage\":{\"@id\":\"https:\/\/ptmsrl.com\/fr\/prodotto\/bio-mix\/#primaryimage\"},\"image\":{\"@id\":\"https:\/\/ptmsrl.com\/fr\/prodotto\/bio-mix\/#primaryimage\"},\"thumbnailUrl\":\"https:\/\/ptmsrl.com\/wp-content\/uploads\/2018\/09\/ptm-biomix-software-per-la-gestione-di-impianti-biogas.jpg\",\"datePublished\":\"2018-09-10T07:37:55+00:00\",\"dateModified\":\"2022-07-25T09:22:34+00:00\",\"breadcrumb\":{\"@id\":\"https:\/\/ptmsrl.com\/fr\/prodotto\/bio-mix\/#breadcrumb\"},\"inLanguage\":\"fr-FR\",\"potentialAction\":[{\"@type\":\"ReadAction\",\"target\":[\"https:\/\/ptmsrl.com\/fr\/prodotto\/bio-mix\/\"]}]},{\"@type\":\"ImageObject\",\"inLanguage\":\"fr-FR\",\"@id\":\"https:\/\/ptmsrl.com\/fr\/prodotto\/bio-mix\/#primaryimage\",\"url\":\"https:\/\/ptmsrl.com\/wp-content\/uploads\/2018\/09\/ptm-biomix-software-per-la-gestione-di-impianti-biogas.jpg\",\"contentUrl\":\"https:\/\/ptmsrl.com\/wp-content\/uploads\/2018\/09\/ptm-biomix-software-per-la-gestione-di-impianti-biogas.jpg\",\"width\":1200,\"height\":1200,\"caption\":\"ptm-biomix-software-per-la-gestione-di-impianti-biogas\"},{\"@type\":\"BreadcrumbList\",\"@id\":\"https:\/\/ptmsrl.com\/fr\/prodotto\/bio-mix\/#breadcrumb\",\"itemListElement\":[{\"@type\":\"ListItem\",\"position\":1,\"name\":\"Home\",\"item\":\"https:\/\/ptmsrl.com\/fr\/\"},{\"@type\":\"ListItem\",\"position\":2,\"name\":\"Shop\",\"item\":\"https:\/\/ptmsrl.com\/shop\/\"},{\"@type\":\"ListItem\",\"position\":3,\"name\":\"Bio Mix\"}]},{\"@type\":\"WebSite\",\"@id\":\"https:\/\/ptmsrl.com\/#website\",\"url\":\"https:\/\/ptmsrl.com\/\",\"name\":\"PTM Srl\",\"description\":\"\u041c\u042b \u041f\u0420\u041e\u0418\u0417\u0412\u041e\u0414\u0418\u041c \u041a\u0410\u0427\u0415\u0421\u0422\u0412\u041e, \u041a\u041e\u0422\u041e\u0420\u041e\u0415 \u0418\u041c\u0415\u0415\u0422 \u041e\u0421\u041e\u0411\u042b\u0419 \u0412\u0415\u0421\",\"publisher\":{\"@id\":\"https:\/\/ptmsrl.com\/#organization\"},\"potentialAction\":[{\"@type\":\"SearchAction\",\"target\":{\"@type\":\"EntryPoint\",\"urlTemplate\":\"https:\/\/ptmsrl.com\/?s={search_term_string}\"},\"query-input\":{\"@type\":\"PropertyValueSpecification\",\"valueRequired\":true,\"valueName\":\"search_term_string\"}}],\"inLanguage\":\"fr-FR\"},{\"@type\":\"Organization\",\"@id\":\"https:\/\/ptmsrl.com\/#organization\",\"name\":\"PTM srl\",\"url\":\"https:\/\/ptmsrl.com\/\",\"logo\":{\"@type\":\"ImageObject\",\"inLanguage\":\"fr-FR\",\"@id\":\"https:\/\/ptmsrl.com\/#\/schema\/logo\/image\/\",\"url\":\"https:\/\/ptmsrl.com\/wp-content\/uploads\/2018\/10\/LOGO-PTM.png\",\"contentUrl\":\"https:\/\/ptmsrl.com\/wp-content\/uploads\/2018\/10\/LOGO-PTM.png\",\"width\":1000,\"height\":500,\"caption\":\"PTM srl\"},\"image\":{\"@id\":\"https:\/\/ptmsrl.com\/#\/schema\/logo\/image\/\"},\"sameAs\":[\"https:\/\/www.facebook.com\/believingintechnology\/\",\"https:\/\/x.com\/ptm\",\"https:\/\/www.linkedin.com\/company\/ptm-s-r-l\/\",\"https:\/\/www.youtube.com\/channel\/UCPSOS0MaR-4jDkAD3HkAC7A\"]}]}<\/script>\n<!-- \/ Yoast SEO plugin. -->","yoast_head_json":{"title":"PTM Srl | Bio Mix","robots":{"index":"index","follow":"follow","max-snippet":"max-snippet:-1","max-image-preview":"max-image-preview:large","max-video-preview":"max-video-preview:-1"},"canonical":"https:\/\/ptmsrl.com\/fr\/prodotto\/bio-mix\/","og_locale":"fr_FR","og_type":"article","og_title":"PTM Srl | Bio Mix","og_description":"Logiciel pour la gestion des syst\u00e8mes Biogaz par l\u2019utilisationdes bo\u00eetier de s\u00e9rie \u201cBio\u201d Le logiciel Biomix se base sur l\u2019exp\u00e9rience PTM pour la gestion de la production du Biogaz. Par ce logiciel on a la possibilit\u00e9 d\u2019obtenir une repr\u00e9sentation claire et fiable des quantit\u00e9s de composants introduits dans le fermenteur pour la production du biogaz sans pertes de temps. On peut utiliser les informations re\u00e7ues pour g\u00e9rer et contr\u00f4ler la production du gaz et des Kw, comme base pour le calcule des singles recettes.","og_url":"https:\/\/ptmsrl.com\/fr\/prodotto\/bio-mix\/","og_site_name":"PTM Srl","article_publisher":"https:\/\/www.facebook.com\/believingintechnology\/","article_modified_time":"2022-07-25T09:22:34+00:00","og_image":[{"width":1200,"height":1200,"url":"https:\/\/ptmsrl.com\/wp-content\/uploads\/2018\/09\/ptm-biomix-software-per-la-gestione-di-impianti-biogas.jpg","type":"image\/jpeg"}],"twitter_card":"summary_large_image","twitter_site":"@ptm","twitter_misc":{"Dur\u00e9e de lecture estim\u00e9e":"1 minute"},"schema":{"@context":"https:\/\/schema.org","@graph":[{"@type":"WebPage","@id":"https:\/\/ptmsrl.com\/fr\/prodotto\/bio-mix\/","url":"https:\/\/ptmsrl.com\/fr\/prodotto\/bio-mix\/","name":"PTM Srl | Bio Mix","isPartOf":{"@id":"https:\/\/ptmsrl.com\/#website"},"primaryImageOfPage":{"@id":"https:\/\/ptmsrl.com\/fr\/prodotto\/bio-mix\/#primaryimage"},"image":{"@id":"https:\/\/ptmsrl.com\/fr\/prodotto\/bio-mix\/#primaryimage"},"thumbnailUrl":"https:\/\/ptmsrl.com\/wp-content\/uploads\/2018\/09\/ptm-biomix-software-per-la-gestione-di-impianti-biogas.jpg","datePublished":"2018-09-10T07:37:55+00:00","dateModified":"2022-07-25T09:22:34+00:00","breadcrumb":{"@id":"https:\/\/ptmsrl.com\/fr\/prodotto\/bio-mix\/#breadcrumb"},"inLanguage":"fr-FR","potentialAction":[{"@type":"ReadAction","target":["https:\/\/ptmsrl.com\/fr\/prodotto\/bio-mix\/"]}]},{"@type":"ImageObject","inLanguage":"fr-FR","@id":"https:\/\/ptmsrl.com\/fr\/prodotto\/bio-mix\/#primaryimage","url":"https:\/\/ptmsrl.com\/wp-content\/uploads\/2018\/09\/ptm-biomix-software-per-la-gestione-di-impianti-biogas.jpg","contentUrl":"https:\/\/ptmsrl.com\/wp-content\/uploads\/2018\/09\/ptm-biomix-software-per-la-gestione-di-impianti-biogas.jpg","width":1200,"height":1200,"caption":"ptm-biomix-software-per-la-gestione-di-impianti-biogas"},{"@type":"BreadcrumbList","@id":"https:\/\/ptmsrl.com\/fr\/prodotto\/bio-mix\/#breadcrumb","itemListElement":[{"@type":"ListItem","position":1,"name":"Home","item":"https:\/\/ptmsrl.com\/fr\/"},{"@type":"ListItem","position":2,"name":"Shop","item":"https:\/\/ptmsrl.com\/shop\/"},{"@type":"ListItem","position":3,"name":"Bio Mix"}]},{"@type":"WebSite","@id":"https:\/\/ptmsrl.com\/#website","url":"https:\/\/ptmsrl.com\/","name":"PTM Srl","description":"\u041c\u042b \u041f\u0420\u041e\u0418\u0417\u0412\u041e\u0414\u0418\u041c \u041a\u0410\u0427\u0415\u0421\u0422\u0412\u041e, \u041a\u041e\u0422\u041e\u0420\u041e\u0415 \u0418\u041c\u0415\u0415\u0422 \u041e\u0421\u041e\u0411\u042b\u0419 \u0412\u0415\u0421","publisher":{"@id":"https:\/\/ptmsrl.com\/#organization"},"potentialAction":[{"@type":"SearchAction","target":{"@type":"EntryPoint","urlTemplate":"https:\/\/ptmsrl.com\/?s={search_term_string}"},"query-input":{"@type":"PropertyValueSpecification","valueRequired":true,"valueName":"search_term_string"}}],"inLanguage":"fr-FR"},{"@type":"Organization","@id":"https:\/\/ptmsrl.com\/#organization","name":"PTM srl","url":"https:\/\/ptmsrl.com\/","logo":{"@type":"ImageObject","inLanguage":"fr-FR","@id":"https:\/\/ptmsrl.com\/#\/schema\/logo\/image\/","url":"https:\/\/ptmsrl.com\/wp-content\/uploads\/2018\/10\/LOGO-PTM.png","contentUrl":"https:\/\/ptmsrl.com\/wp-content\/uploads\/2018\/10\/LOGO-PTM.png","width":1000,"height":500,"caption":"PTM srl"},"image":{"@id":"https:\/\/ptmsrl.com\/#\/schema\/logo\/image\/"},"sameAs":["https:\/\/www.facebook.com\/believingintechnology\/","https:\/\/x.com\/ptm","https:\/\/www.linkedin.com\/company\/ptm-s-r-l\/","https:\/\/www.youtube.com\/channel\/UCPSOS0MaR-4jDkAD3HkAC7A"]}]}},"_links":{"self":[{"href":"https:\/\/ptmsrl.com\/fr\/wp-json\/wp\/v2\/product\/5513","targetHints":{"allow":["GET"]}}],"collection":[{"href":"https:\/\/ptmsrl.com\/fr\/wp-json\/wp\/v2\/product"}],"about":[{"href":"https:\/\/ptmsrl.com\/fr\/wp-json\/wp\/v2\/types\/product"}],"wp:featuredmedia":[{"embeddable":true,"href":"https:\/\/ptmsrl.com\/fr\/wp-json\/wp\/v2\/media\/20579"}],"wp:attachment":[{"href":"https:\/\/ptmsrl.com\/fr\/wp-json\/wp\/v2\/media?parent=5513"}],"wp:term":[{"taxonomy":"product_brand","embeddable":true,"href":"https:\/\/ptmsrl.com\/fr\/wp-json\/wp\/v2\/product_brand?post=5513"},{"taxonomy":"product_cat","embeddable":true,"href":"https:\/\/ptmsrl.com\/fr\/wp-json\/wp\/v2\/product_cat?post=5513"},{"taxonomy":"product_tag","embeddable":true,"href":"https:\/\/ptmsrl.com\/fr\/wp-json\/wp\/v2\/product_tag?post=5513"}],"curies":[{"name":"wp","href":"https:\/\/api.w.org\/{rel}","templated":true}]}}