{"id":5742,"date":"2018-09-10T11:55:36","date_gmt":"2018-09-10T09:55:36","guid":{"rendered":"https:\/\/ptmsrl.com\/prodotto\/5-0-tmo\/"},"modified":"2019-07-29T11:32:31","modified_gmt":"2019-07-29T09:32:31","slug":"5-0-tmo","status":"publish","type":"product","link":"https:\/\/ptmsrl.com\/fr\/prodotto\/5-0-tmo\/","title":{"rendered":"5.0 TMO"},"content":{"rendered":"","protected":false},"excerpt":{"rendered":"<h3><strong>Capteur de chargement avec port\u00e9e de 5.000 Kg<\/strong><\/h3>\n<p align=\"justify\">Les capteurs de pesage de la s\u00e9rie Unifeed sont tr\u00e8s robustes et sont utilis\u00e9s pour l\u2019application des chariots m\u00e9langeurs. Ces capteurs conviennent pour travailler dans des milieux humides. Ils ont en effet une protection particuli\u00e8re qui leur permet d\u2019\u00eatre insensibles \u00e0 certains facteurs. Avec cette ligne de produits PTM illustre son exp\u00e9rience de trente ans dans le secteur de la construction de capteurs de chargement pour applications mobiles.<\/p>\n<p><strong>Raccordement electrique de plusieurs capteurs en parallele<\/strong><\/p>\n<p align=\"justify\">Raccorder plusieurs capteurs en parall\u00e8le en connectant ensemble les fils de la m\u00eame couleur. Dans les syst\u00e8mes qui utilisent plusieurs capteurs en parall\u00e8le la charge nominale est la somme des charges de chaque capteur. La sensibilit\u00e9 du syst\u00e8me peut \u00eatre calcul\u00e9e de mani\u00e8re diff\u00e9rente comme valeur moyenne des sensibilit\u00e9s de chaque capteur. Il est important de contr\u00f4ler si la charge est distribu\u00e9e de mani\u00e8re \u00e9gale sur les capteurs. La charge qui est appliqu\u00e9e \u00e0 un seul capteur ne doit jamais d\u00e9passer la valeur max. admise.<br \/>\nSi possible il faudrait appliquer des protections m\u00e9caniques pour prot\u00e9ger le capteur contre les surcharges.<\/p>\n<p><strong>Longueur cables et connecteur<\/strong><\/p>\n<p align=\"justify\">Les capteurs peuvent \u00eatre command\u00e9s ave une longueur de c\u00e2ble particuli\u00e8re, selon les exigences de la client\u00e8le.<br \/>\nSur le catalogue les longueurs indiqu\u00e9es sont les longueurs standard. Sur demande du client, il est \u00e9galement possible d\u2019appliquer le connecteur au capteur.<\/p>\n","protected":false},"featured_media":3846,"template":"","meta":{"inline_featured_image":false},"product_brand":[],"product_cat":[269],"product_tag":[],"class_list":{"0":"post-5742","1":"product","2":"type-product","3":"status-publish","4":"has-post-thumbnail","6":"product_cat-capteur-de-charge-en-flexion","8":"first","9":"instock","10":"downloadable","11":"shipping-taxable","12":"product-type-simple"},"yoast_head":"<!-- This site is optimized with the Yoast SEO plugin v25.3 - https:\/\/yoast.com\/wordpress\/plugins\/seo\/ -->\n<title>PTM Srl | 5.0 TMO<\/title>\n<meta name=\"robots\" content=\"index, follow, max-snippet:-1, max-image-preview:large, max-video-preview:-1\" \/>\n<link rel=\"canonical\" href=\"https:\/\/ptmsrl.com\/fr\/prodotto\/5-0-tmo\/\" \/>\n<meta property=\"og:locale\" content=\"fr_FR\" \/>\n<meta property=\"og:type\" content=\"article\" \/>\n<meta property=\"og:title\" content=\"PTM Srl | 5.0 TMO\" \/>\n<meta property=\"og:description\" content=\"Capteur de chargement avec port\u00e9e de 5.000 Kg Les capteurs de pesage de la s\u00e9rie Unifeed sont tr\u00e8s robustes et sont utilis\u00e9s pour l\u2019application des chariots m\u00e9langeurs. Ces capteurs conviennent pour travailler dans des milieux humides. Ils ont en effet une protection particuli\u00e8re qui leur permet d\u2019\u00eatre insensibles \u00e0 certains facteurs. Avec cette ligne de produits PTM illustre son exp\u00e9rience de trente ans dans le secteur de la construction de capteurs de chargement pour applications mobiles.  Raccordement electrique de plusieurs capteurs en parallele Raccorder plusieurs capteurs en parall\u00e8le en connectant ensemble les fils de la m\u00eame couleur. Dans les syst\u00e8mes qui utilisent plusieurs capteurs en parall\u00e8le la charge nominale est la somme des charges de chaque capteur. La sensibilit\u00e9 du syst\u00e8me peut \u00eatre calcul\u00e9e de mani\u00e8re diff\u00e9rente comme valeur moyenne des sensibilit\u00e9s de chaque capteur. Il est important de contr\u00f4ler si la charge est distribu\u00e9e de mani\u00e8re \u00e9gale sur les capteurs. La charge qui est appliqu\u00e9e \u00e0 un seul capteur ne doit jamais d\u00e9passer la valeur max. admise. Si possible il faudrait appliquer des protections m\u00e9caniques pour prot\u00e9ger le capteur contre les surcharges.  Longueur cables et connecteur Les capteurs peuvent \u00eatre command\u00e9s ave une longueur de c\u00e2ble particuli\u00e8re, selon les exigences de la client\u00e8le. Sur le catalogue les longueurs indiqu\u00e9es sont les longueurs standard. Sur demande du client, il est \u00e9galement possible d\u2019appliquer le connecteur au capteur.\" \/>\n<meta property=\"og:url\" content=\"https:\/\/ptmsrl.com\/fr\/prodotto\/5-0-tmo\/\" \/>\n<meta property=\"og:site_name\" content=\"PTM Srl\" \/>\n<meta property=\"article:publisher\" content=\"https:\/\/www.facebook.com\/believingintechnology\/\" \/>\n<meta property=\"article:modified_time\" content=\"2019-07-29T09:32:31+00:00\" \/>\n<meta property=\"og:image\" content=\"https:\/\/ptmsrl.com\/wp-content\/uploads\/2018\/09\/ptm-cella-a-flessione-5-0-TMO.jpg\" \/>\n\t<meta property=\"og:image:width\" content=\"1024\" \/>\n\t<meta property=\"og:image:height\" content=\"1024\" \/>\n\t<meta property=\"og:image:type\" content=\"image\/jpeg\" \/>\n<meta name=\"twitter:card\" content=\"summary_large_image\" \/>\n<meta name=\"twitter:site\" content=\"@ptm\" \/>\n<script type=\"application\/ld+json\" class=\"yoast-schema-graph\">{\"@context\":\"https:\/\/schema.org\",\"@graph\":[{\"@type\":\"WebPage\",\"@id\":\"https:\/\/ptmsrl.com\/fr\/prodotto\/5-0-tmo\/\",\"url\":\"https:\/\/ptmsrl.com\/fr\/prodotto\/5-0-tmo\/\",\"name\":\"PTM Srl | 5.0 TMO\",\"isPartOf\":{\"@id\":\"https:\/\/ptmsrl.com\/#website\"},\"primaryImageOfPage\":{\"@id\":\"https:\/\/ptmsrl.com\/fr\/prodotto\/5-0-tmo\/#primaryimage\"},\"image\":{\"@id\":\"https:\/\/ptmsrl.com\/fr\/prodotto\/5-0-tmo\/#primaryimage\"},\"thumbnailUrl\":\"https:\/\/ptmsrl.com\/wp-content\/uploads\/2018\/09\/ptm-cella-a-flessione-5-0-TMO.jpg\",\"datePublished\":\"2018-09-10T09:55:36+00:00\",\"dateModified\":\"2019-07-29T09:32:31+00:00\",\"breadcrumb\":{\"@id\":\"https:\/\/ptmsrl.com\/fr\/prodotto\/5-0-tmo\/#breadcrumb\"},\"inLanguage\":\"fr-FR\",\"potentialAction\":[{\"@type\":\"ReadAction\",\"target\":[\"https:\/\/ptmsrl.com\/fr\/prodotto\/5-0-tmo\/\"]}]},{\"@type\":\"ImageObject\",\"inLanguage\":\"fr-FR\",\"@id\":\"https:\/\/ptmsrl.com\/fr\/prodotto\/5-0-tmo\/#primaryimage\",\"url\":\"https:\/\/ptmsrl.com\/wp-content\/uploads\/2018\/09\/ptm-cella-a-flessione-5-0-TMO.jpg\",\"contentUrl\":\"https:\/\/ptmsrl.com\/wp-content\/uploads\/2018\/09\/ptm-cella-a-flessione-5-0-TMO.jpg\",\"width\":1024,\"height\":1024,\"caption\":\"ptm-cella-a-flessione-5-0-tmo\"},{\"@type\":\"BreadcrumbList\",\"@id\":\"https:\/\/ptmsrl.com\/fr\/prodotto\/5-0-tmo\/#breadcrumb\",\"itemListElement\":[{\"@type\":\"ListItem\",\"position\":1,\"name\":\"Home\",\"item\":\"https:\/\/ptmsrl.com\/fr\/\"},{\"@type\":\"ListItem\",\"position\":2,\"name\":\"Shop\",\"item\":\"https:\/\/ptmsrl.com\/shop\/\"},{\"@type\":\"ListItem\",\"position\":3,\"name\":\"5.0 TMO\"}]},{\"@type\":\"WebSite\",\"@id\":\"https:\/\/ptmsrl.com\/#website\",\"url\":\"https:\/\/ptmsrl.com\/\",\"name\":\"PTM Srl\",\"description\":\"\u041c\u042b \u041f\u0420\u041e\u0418\u0417\u0412\u041e\u0414\u0418\u041c \u041a\u0410\u0427\u0415\u0421\u0422\u0412\u041e, \u041a\u041e\u0422\u041e\u0420\u041e\u0415 \u0418\u041c\u0415\u0415\u0422 \u041e\u0421\u041e\u0411\u042b\u0419 \u0412\u0415\u0421\",\"publisher\":{\"@id\":\"https:\/\/ptmsrl.com\/#organization\"},\"potentialAction\":[{\"@type\":\"SearchAction\",\"target\":{\"@type\":\"EntryPoint\",\"urlTemplate\":\"https:\/\/ptmsrl.com\/?s={search_term_string}\"},\"query-input\":{\"@type\":\"PropertyValueSpecification\",\"valueRequired\":true,\"valueName\":\"search_term_string\"}}],\"inLanguage\":\"fr-FR\"},{\"@type\":\"Organization\",\"@id\":\"https:\/\/ptmsrl.com\/#organization\",\"name\":\"PTM srl\",\"url\":\"https:\/\/ptmsrl.com\/\",\"logo\":{\"@type\":\"ImageObject\",\"inLanguage\":\"fr-FR\",\"@id\":\"https:\/\/ptmsrl.com\/#\/schema\/logo\/image\/\",\"url\":\"https:\/\/ptmsrl.com\/wp-content\/uploads\/2018\/10\/LOGO-PTM.png\",\"contentUrl\":\"https:\/\/ptmsrl.com\/wp-content\/uploads\/2018\/10\/LOGO-PTM.png\",\"width\":1000,\"height\":500,\"caption\":\"PTM srl\"},\"image\":{\"@id\":\"https:\/\/ptmsrl.com\/#\/schema\/logo\/image\/\"},\"sameAs\":[\"https:\/\/www.facebook.com\/believingintechnology\/\",\"https:\/\/x.com\/ptm\",\"https:\/\/www.linkedin.com\/company\/ptm-s-r-l\/\",\"https:\/\/www.youtube.com\/channel\/UCPSOS0MaR-4jDkAD3HkAC7A\"]}]}<\/script>\n<!-- \/ Yoast SEO plugin. -->","yoast_head_json":{"title":"PTM Srl | 5.0 TMO","robots":{"index":"index","follow":"follow","max-snippet":"max-snippet:-1","max-image-preview":"max-image-preview:large","max-video-preview":"max-video-preview:-1"},"canonical":"https:\/\/ptmsrl.com\/fr\/prodotto\/5-0-tmo\/","og_locale":"fr_FR","og_type":"article","og_title":"PTM Srl | 5.0 TMO","og_description":"Capteur de chargement avec port\u00e9e de 5.000 Kg Les capteurs de pesage de la s\u00e9rie Unifeed sont tr\u00e8s robustes et sont utilis\u00e9s pour l\u2019application des chariots m\u00e9langeurs. Ces capteurs conviennent pour travailler dans des milieux humides. Ils ont en effet une protection particuli\u00e8re qui leur permet d\u2019\u00eatre insensibles \u00e0 certains facteurs. Avec cette ligne de produits PTM illustre son exp\u00e9rience de trente ans dans le secteur de la construction de capteurs de chargement pour applications mobiles.  Raccordement electrique de plusieurs capteurs en parallele Raccorder plusieurs capteurs en parall\u00e8le en connectant ensemble les fils de la m\u00eame couleur. Dans les syst\u00e8mes qui utilisent plusieurs capteurs en parall\u00e8le la charge nominale est la somme des charges de chaque capteur. La sensibilit\u00e9 du syst\u00e8me peut \u00eatre calcul\u00e9e de mani\u00e8re diff\u00e9rente comme valeur moyenne des sensibilit\u00e9s de chaque capteur. Il est important de contr\u00f4ler si la charge est distribu\u00e9e de mani\u00e8re \u00e9gale sur les capteurs. La charge qui est appliqu\u00e9e \u00e0 un seul capteur ne doit jamais d\u00e9passer la valeur max. admise. Si possible il faudrait appliquer des protections m\u00e9caniques pour prot\u00e9ger le capteur contre les surcharges.  Longueur cables et connecteur Les capteurs peuvent \u00eatre command\u00e9s ave une longueur de c\u00e2ble particuli\u00e8re, selon les exigences de la client\u00e8le. Sur le catalogue les longueurs indiqu\u00e9es sont les longueurs standard. Sur demande du client, il est \u00e9galement possible d\u2019appliquer le connecteur au capteur.","og_url":"https:\/\/ptmsrl.com\/fr\/prodotto\/5-0-tmo\/","og_site_name":"PTM Srl","article_publisher":"https:\/\/www.facebook.com\/believingintechnology\/","article_modified_time":"2019-07-29T09:32:31+00:00","og_image":[{"width":1024,"height":1024,"url":"https:\/\/ptmsrl.com\/wp-content\/uploads\/2018\/09\/ptm-cella-a-flessione-5-0-TMO.jpg","type":"image\/jpeg"}],"twitter_card":"summary_large_image","twitter_site":"@ptm","schema":{"@context":"https:\/\/schema.org","@graph":[{"@type":"WebPage","@id":"https:\/\/ptmsrl.com\/fr\/prodotto\/5-0-tmo\/","url":"https:\/\/ptmsrl.com\/fr\/prodotto\/5-0-tmo\/","name":"PTM Srl | 5.0 TMO","isPartOf":{"@id":"https:\/\/ptmsrl.com\/#website"},"primaryImageOfPage":{"@id":"https:\/\/ptmsrl.com\/fr\/prodotto\/5-0-tmo\/#primaryimage"},"image":{"@id":"https:\/\/ptmsrl.com\/fr\/prodotto\/5-0-tmo\/#primaryimage"},"thumbnailUrl":"https:\/\/ptmsrl.com\/wp-content\/uploads\/2018\/09\/ptm-cella-a-flessione-5-0-TMO.jpg","datePublished":"2018-09-10T09:55:36+00:00","dateModified":"2019-07-29T09:32:31+00:00","breadcrumb":{"@id":"https:\/\/ptmsrl.com\/fr\/prodotto\/5-0-tmo\/#breadcrumb"},"inLanguage":"fr-FR","potentialAction":[{"@type":"ReadAction","target":["https:\/\/ptmsrl.com\/fr\/prodotto\/5-0-tmo\/"]}]},{"@type":"ImageObject","inLanguage":"fr-FR","@id":"https:\/\/ptmsrl.com\/fr\/prodotto\/5-0-tmo\/#primaryimage","url":"https:\/\/ptmsrl.com\/wp-content\/uploads\/2018\/09\/ptm-cella-a-flessione-5-0-TMO.jpg","contentUrl":"https:\/\/ptmsrl.com\/wp-content\/uploads\/2018\/09\/ptm-cella-a-flessione-5-0-TMO.jpg","width":1024,"height":1024,"caption":"ptm-cella-a-flessione-5-0-tmo"},{"@type":"BreadcrumbList","@id":"https:\/\/ptmsrl.com\/fr\/prodotto\/5-0-tmo\/#breadcrumb","itemListElement":[{"@type":"ListItem","position":1,"name":"Home","item":"https:\/\/ptmsrl.com\/fr\/"},{"@type":"ListItem","position":2,"name":"Shop","item":"https:\/\/ptmsrl.com\/shop\/"},{"@type":"ListItem","position":3,"name":"5.0 TMO"}]},{"@type":"WebSite","@id":"https:\/\/ptmsrl.com\/#website","url":"https:\/\/ptmsrl.com\/","name":"PTM Srl","description":"\u041c\u042b \u041f\u0420\u041e\u0418\u0417\u0412\u041e\u0414\u0418\u041c \u041a\u0410\u0427\u0415\u0421\u0422\u0412\u041e, \u041a\u041e\u0422\u041e\u0420\u041e\u0415 \u0418\u041c\u0415\u0415\u0422 \u041e\u0421\u041e\u0411\u042b\u0419 \u0412\u0415\u0421","publisher":{"@id":"https:\/\/ptmsrl.com\/#organization"},"potentialAction":[{"@type":"SearchAction","target":{"@type":"EntryPoint","urlTemplate":"https:\/\/ptmsrl.com\/?s={search_term_string}"},"query-input":{"@type":"PropertyValueSpecification","valueRequired":true,"valueName":"search_term_string"}}],"inLanguage":"fr-FR"},{"@type":"Organization","@id":"https:\/\/ptmsrl.com\/#organization","name":"PTM srl","url":"https:\/\/ptmsrl.com\/","logo":{"@type":"ImageObject","inLanguage":"fr-FR","@id":"https:\/\/ptmsrl.com\/#\/schema\/logo\/image\/","url":"https:\/\/ptmsrl.com\/wp-content\/uploads\/2018\/10\/LOGO-PTM.png","contentUrl":"https:\/\/ptmsrl.com\/wp-content\/uploads\/2018\/10\/LOGO-PTM.png","width":1000,"height":500,"caption":"PTM srl"},"image":{"@id":"https:\/\/ptmsrl.com\/#\/schema\/logo\/image\/"},"sameAs":["https:\/\/www.facebook.com\/believingintechnology\/","https:\/\/x.com\/ptm","https:\/\/www.linkedin.com\/company\/ptm-s-r-l\/","https:\/\/www.youtube.com\/channel\/UCPSOS0MaR-4jDkAD3HkAC7A"]}]}},"_links":{"self":[{"href":"https:\/\/ptmsrl.com\/fr\/wp-json\/wp\/v2\/product\/5742","targetHints":{"allow":["GET"]}}],"collection":[{"href":"https:\/\/ptmsrl.com\/fr\/wp-json\/wp\/v2\/product"}],"about":[{"href":"https:\/\/ptmsrl.com\/fr\/wp-json\/wp\/v2\/types\/product"}],"wp:featuredmedia":[{"embeddable":true,"href":"https:\/\/ptmsrl.com\/fr\/wp-json\/wp\/v2\/media\/3846"}],"wp:attachment":[{"href":"https:\/\/ptmsrl.com\/fr\/wp-json\/wp\/v2\/media?parent=5742"}],"wp:term":[{"taxonomy":"product_brand","embeddable":true,"href":"https:\/\/ptmsrl.com\/fr\/wp-json\/wp\/v2\/product_brand?post=5742"},{"taxonomy":"product_cat","embeddable":true,"href":"https:\/\/ptmsrl.com\/fr\/wp-json\/wp\/v2\/product_cat?post=5742"},{"taxonomy":"product_tag","embeddable":true,"href":"https:\/\/ptmsrl.com\/fr\/wp-json\/wp\/v2\/product_tag?post=5742"}],"curies":[{"name":"wp","href":"https:\/\/api.w.org\/{rel}","templated":true}]}}