{"id":5980,"date":"2018-09-11T09:37:06","date_gmt":"2018-09-11T07:37:06","guid":{"rendered":"https:\/\/ptmsrl.com\/prodotto\/et-8\/"},"modified":"2019-07-29T15:16:58","modified_gmt":"2019-07-29T13:16:58","slug":"et-8","status":"publish","type":"product","link":"https:\/\/ptmsrl.com\/fr\/prodotto\/et-8\/","title":{"rendered":"ET 8"},"content":{"rendered":"","protected":false},"excerpt":{"rendered":"<h3><strong>Capteur de pesage \u00e0 micro tension<\/strong><\/h3>\n<p align=\"justify\">Capteur de pesage \u00e0 micro tension, en acier inox, sp\u00e9cifique pour la mesure de micro tensions.<br \/>\nBien scell\u00e9, \u00e0 \u00e9preuve d&rsquo;humidit\u00e9, bien compact.<br \/>\nAdapte pour la mesure de ponts-bascules, architecturales \/ pesages pour la construction et les r\u00e9servoirs lourdes.<\/p>\n","protected":false},"featured_media":4018,"template":"","meta":{"inline_featured_image":false},"product_brand":[],"product_cat":[281],"product_tag":[],"class_list":{"0":"post-5980","1":"product","2":"type-product","3":"status-publish","4":"has-post-thumbnail","6":"product_cat-cellules-de-micro-tension","8":"first","9":"instock","10":"downloadable","11":"shipping-taxable","12":"product-type-simple"},"yoast_head":"<!-- This site is optimized with the Yoast SEO plugin v25.3 - https:\/\/yoast.com\/wordpress\/plugins\/seo\/ -->\n<title>PTM Srl | ET 8<\/title>\n<meta name=\"robots\" content=\"index, follow, max-snippet:-1, max-image-preview:large, max-video-preview:-1\" \/>\n<link rel=\"canonical\" href=\"https:\/\/ptmsrl.com\/fr\/prodotto\/et-8\/\" \/>\n<meta property=\"og:locale\" content=\"fr_FR\" \/>\n<meta property=\"og:type\" content=\"article\" \/>\n<meta property=\"og:title\" content=\"PTM Srl | ET 8\" \/>\n<meta property=\"og:description\" content=\"Capteur de pesage \u00e0 micro tension Capteur de pesage \u00e0 micro tension, en acier inox, sp\u00e9cifique pour la mesure de micro tensions. Bien scell\u00e9, \u00e0 \u00e9preuve d&#039;humidit\u00e9, bien compact. Adapte pour la mesure de ponts-bascules, architecturales \/ pesages pour la construction et les r\u00e9servoirs lourdes.\" \/>\n<meta property=\"og:url\" content=\"https:\/\/ptmsrl.com\/fr\/prodotto\/et-8\/\" \/>\n<meta property=\"og:site_name\" content=\"PTM Srl\" \/>\n<meta property=\"article:publisher\" content=\"https:\/\/www.facebook.com\/believingintechnology\/\" \/>\n<meta property=\"article:modified_time\" content=\"2019-07-29T13:16:58+00:00\" \/>\n<meta property=\"og:image\" content=\"https:\/\/ptmsrl.com\/wp-content\/uploads\/2018\/09\/ptm-celle-a-micro-tensione-ET-8.jpg\" \/>\n\t<meta property=\"og:image:width\" content=\"1024\" \/>\n\t<meta property=\"og:image:height\" content=\"1024\" \/>\n\t<meta property=\"og:image:type\" content=\"image\/jpeg\" \/>\n<meta name=\"twitter:card\" content=\"summary_large_image\" \/>\n<meta name=\"twitter:site\" content=\"@ptm\" \/>\n<script type=\"application\/ld+json\" class=\"yoast-schema-graph\">{\"@context\":\"https:\/\/schema.org\",\"@graph\":[{\"@type\":\"WebPage\",\"@id\":\"https:\/\/ptmsrl.com\/fr\/prodotto\/et-8\/\",\"url\":\"https:\/\/ptmsrl.com\/fr\/prodotto\/et-8\/\",\"name\":\"PTM Srl | ET 8\",\"isPartOf\":{\"@id\":\"https:\/\/ptmsrl.com\/#website\"},\"primaryImageOfPage\":{\"@id\":\"https:\/\/ptmsrl.com\/fr\/prodotto\/et-8\/#primaryimage\"},\"image\":{\"@id\":\"https:\/\/ptmsrl.com\/fr\/prodotto\/et-8\/#primaryimage\"},\"thumbnailUrl\":\"https:\/\/ptmsrl.com\/wp-content\/uploads\/2018\/09\/ptm-celle-a-micro-tensione-ET-8.jpg\",\"datePublished\":\"2018-09-11T07:37:06+00:00\",\"dateModified\":\"2019-07-29T13:16:58+00:00\",\"breadcrumb\":{\"@id\":\"https:\/\/ptmsrl.com\/fr\/prodotto\/et-8\/#breadcrumb\"},\"inLanguage\":\"fr-FR\",\"potentialAction\":[{\"@type\":\"ReadAction\",\"target\":[\"https:\/\/ptmsrl.com\/fr\/prodotto\/et-8\/\"]}]},{\"@type\":\"ImageObject\",\"inLanguage\":\"fr-FR\",\"@id\":\"https:\/\/ptmsrl.com\/fr\/prodotto\/et-8\/#primaryimage\",\"url\":\"https:\/\/ptmsrl.com\/wp-content\/uploads\/2018\/09\/ptm-celle-a-micro-tensione-ET-8.jpg\",\"contentUrl\":\"https:\/\/ptmsrl.com\/wp-content\/uploads\/2018\/09\/ptm-celle-a-micro-tensione-ET-8.jpg\",\"width\":1024,\"height\":1024,\"caption\":\"ptm-celle-a-micro-tensione-et-8\"},{\"@type\":\"BreadcrumbList\",\"@id\":\"https:\/\/ptmsrl.com\/fr\/prodotto\/et-8\/#breadcrumb\",\"itemListElement\":[{\"@type\":\"ListItem\",\"position\":1,\"name\":\"Home\",\"item\":\"https:\/\/ptmsrl.com\/fr\/\"},{\"@type\":\"ListItem\",\"position\":2,\"name\":\"Shop\",\"item\":\"https:\/\/ptmsrl.com\/shop\/\"},{\"@type\":\"ListItem\",\"position\":3,\"name\":\"ET 8\"}]},{\"@type\":\"WebSite\",\"@id\":\"https:\/\/ptmsrl.com\/#website\",\"url\":\"https:\/\/ptmsrl.com\/\",\"name\":\"PTM Srl\",\"description\":\"\u041c\u042b \u041f\u0420\u041e\u0418\u0417\u0412\u041e\u0414\u0418\u041c \u041a\u0410\u0427\u0415\u0421\u0422\u0412\u041e, \u041a\u041e\u0422\u041e\u0420\u041e\u0415 \u0418\u041c\u0415\u0415\u0422 \u041e\u0421\u041e\u0411\u042b\u0419 \u0412\u0415\u0421\",\"publisher\":{\"@id\":\"https:\/\/ptmsrl.com\/#organization\"},\"potentialAction\":[{\"@type\":\"SearchAction\",\"target\":{\"@type\":\"EntryPoint\",\"urlTemplate\":\"https:\/\/ptmsrl.com\/?s={search_term_string}\"},\"query-input\":{\"@type\":\"PropertyValueSpecification\",\"valueRequired\":true,\"valueName\":\"search_term_string\"}}],\"inLanguage\":\"fr-FR\"},{\"@type\":\"Organization\",\"@id\":\"https:\/\/ptmsrl.com\/#organization\",\"name\":\"PTM srl\",\"url\":\"https:\/\/ptmsrl.com\/\",\"logo\":{\"@type\":\"ImageObject\",\"inLanguage\":\"fr-FR\",\"@id\":\"https:\/\/ptmsrl.com\/#\/schema\/logo\/image\/\",\"url\":\"https:\/\/ptmsrl.com\/wp-content\/uploads\/2018\/10\/LOGO-PTM.png\",\"contentUrl\":\"https:\/\/ptmsrl.com\/wp-content\/uploads\/2018\/10\/LOGO-PTM.png\",\"width\":1000,\"height\":500,\"caption\":\"PTM srl\"},\"image\":{\"@id\":\"https:\/\/ptmsrl.com\/#\/schema\/logo\/image\/\"},\"sameAs\":[\"https:\/\/www.facebook.com\/believingintechnology\/\",\"https:\/\/x.com\/ptm\",\"https:\/\/www.linkedin.com\/company\/ptm-s-r-l\/\",\"https:\/\/www.youtube.com\/channel\/UCPSOS0MaR-4jDkAD3HkAC7A\"]}]}<\/script>\n<!-- \/ Yoast SEO plugin. -->","yoast_head_json":{"title":"PTM Srl | ET 8","robots":{"index":"index","follow":"follow","max-snippet":"max-snippet:-1","max-image-preview":"max-image-preview:large","max-video-preview":"max-video-preview:-1"},"canonical":"https:\/\/ptmsrl.com\/fr\/prodotto\/et-8\/","og_locale":"fr_FR","og_type":"article","og_title":"PTM Srl | ET 8","og_description":"Capteur de pesage \u00e0 micro tension Capteur de pesage \u00e0 micro tension, en acier inox, sp\u00e9cifique pour la mesure de micro tensions. Bien scell\u00e9, \u00e0 \u00e9preuve d'humidit\u00e9, bien compact. Adapte pour la mesure de ponts-bascules, architecturales \/ pesages pour la construction et les r\u00e9servoirs lourdes.","og_url":"https:\/\/ptmsrl.com\/fr\/prodotto\/et-8\/","og_site_name":"PTM Srl","article_publisher":"https:\/\/www.facebook.com\/believingintechnology\/","article_modified_time":"2019-07-29T13:16:58+00:00","og_image":[{"width":1024,"height":1024,"url":"https:\/\/ptmsrl.com\/wp-content\/uploads\/2018\/09\/ptm-celle-a-micro-tensione-ET-8.jpg","type":"image\/jpeg"}],"twitter_card":"summary_large_image","twitter_site":"@ptm","schema":{"@context":"https:\/\/schema.org","@graph":[{"@type":"WebPage","@id":"https:\/\/ptmsrl.com\/fr\/prodotto\/et-8\/","url":"https:\/\/ptmsrl.com\/fr\/prodotto\/et-8\/","name":"PTM Srl | ET 8","isPartOf":{"@id":"https:\/\/ptmsrl.com\/#website"},"primaryImageOfPage":{"@id":"https:\/\/ptmsrl.com\/fr\/prodotto\/et-8\/#primaryimage"},"image":{"@id":"https:\/\/ptmsrl.com\/fr\/prodotto\/et-8\/#primaryimage"},"thumbnailUrl":"https:\/\/ptmsrl.com\/wp-content\/uploads\/2018\/09\/ptm-celle-a-micro-tensione-ET-8.jpg","datePublished":"2018-09-11T07:37:06+00:00","dateModified":"2019-07-29T13:16:58+00:00","breadcrumb":{"@id":"https:\/\/ptmsrl.com\/fr\/prodotto\/et-8\/#breadcrumb"},"inLanguage":"fr-FR","potentialAction":[{"@type":"ReadAction","target":["https:\/\/ptmsrl.com\/fr\/prodotto\/et-8\/"]}]},{"@type":"ImageObject","inLanguage":"fr-FR","@id":"https:\/\/ptmsrl.com\/fr\/prodotto\/et-8\/#primaryimage","url":"https:\/\/ptmsrl.com\/wp-content\/uploads\/2018\/09\/ptm-celle-a-micro-tensione-ET-8.jpg","contentUrl":"https:\/\/ptmsrl.com\/wp-content\/uploads\/2018\/09\/ptm-celle-a-micro-tensione-ET-8.jpg","width":1024,"height":1024,"caption":"ptm-celle-a-micro-tensione-et-8"},{"@type":"BreadcrumbList","@id":"https:\/\/ptmsrl.com\/fr\/prodotto\/et-8\/#breadcrumb","itemListElement":[{"@type":"ListItem","position":1,"name":"Home","item":"https:\/\/ptmsrl.com\/fr\/"},{"@type":"ListItem","position":2,"name":"Shop","item":"https:\/\/ptmsrl.com\/shop\/"},{"@type":"ListItem","position":3,"name":"ET 8"}]},{"@type":"WebSite","@id":"https:\/\/ptmsrl.com\/#website","url":"https:\/\/ptmsrl.com\/","name":"PTM Srl","description":"\u041c\u042b \u041f\u0420\u041e\u0418\u0417\u0412\u041e\u0414\u0418\u041c \u041a\u0410\u0427\u0415\u0421\u0422\u0412\u041e, \u041a\u041e\u0422\u041e\u0420\u041e\u0415 \u0418\u041c\u0415\u0415\u0422 \u041e\u0421\u041e\u0411\u042b\u0419 \u0412\u0415\u0421","publisher":{"@id":"https:\/\/ptmsrl.com\/#organization"},"potentialAction":[{"@type":"SearchAction","target":{"@type":"EntryPoint","urlTemplate":"https:\/\/ptmsrl.com\/?s={search_term_string}"},"query-input":{"@type":"PropertyValueSpecification","valueRequired":true,"valueName":"search_term_string"}}],"inLanguage":"fr-FR"},{"@type":"Organization","@id":"https:\/\/ptmsrl.com\/#organization","name":"PTM srl","url":"https:\/\/ptmsrl.com\/","logo":{"@type":"ImageObject","inLanguage":"fr-FR","@id":"https:\/\/ptmsrl.com\/#\/schema\/logo\/image\/","url":"https:\/\/ptmsrl.com\/wp-content\/uploads\/2018\/10\/LOGO-PTM.png","contentUrl":"https:\/\/ptmsrl.com\/wp-content\/uploads\/2018\/10\/LOGO-PTM.png","width":1000,"height":500,"caption":"PTM srl"},"image":{"@id":"https:\/\/ptmsrl.com\/#\/schema\/logo\/image\/"},"sameAs":["https:\/\/www.facebook.com\/believingintechnology\/","https:\/\/x.com\/ptm","https:\/\/www.linkedin.com\/company\/ptm-s-r-l\/","https:\/\/www.youtube.com\/channel\/UCPSOS0MaR-4jDkAD3HkAC7A"]}]}},"_links":{"self":[{"href":"https:\/\/ptmsrl.com\/fr\/wp-json\/wp\/v2\/product\/5980","targetHints":{"allow":["GET"]}}],"collection":[{"href":"https:\/\/ptmsrl.com\/fr\/wp-json\/wp\/v2\/product"}],"about":[{"href":"https:\/\/ptmsrl.com\/fr\/wp-json\/wp\/v2\/types\/product"}],"wp:featuredmedia":[{"embeddable":true,"href":"https:\/\/ptmsrl.com\/fr\/wp-json\/wp\/v2\/media\/4018"}],"wp:attachment":[{"href":"https:\/\/ptmsrl.com\/fr\/wp-json\/wp\/v2\/media?parent=5980"}],"wp:term":[{"taxonomy":"product_brand","embeddable":true,"href":"https:\/\/ptmsrl.com\/fr\/wp-json\/wp\/v2\/product_brand?post=5980"},{"taxonomy":"product_cat","embeddable":true,"href":"https:\/\/ptmsrl.com\/fr\/wp-json\/wp\/v2\/product_cat?post=5980"},{"taxonomy":"product_tag","embeddable":true,"href":"https:\/\/ptmsrl.com\/fr\/wp-json\/wp\/v2\/product_tag?post=5980"}],"curies":[{"name":"wp","href":"https:\/\/api.w.org\/{rel}","templated":true}]}}