{"id":6346,"date":"2018-10-24T14:58:35","date_gmt":"2018-10-24T12:58:35","guid":{"rendered":"https:\/\/ptmsrl.com\/prodotto\/hl-series\/"},"modified":"2025-03-31T18:01:15","modified_gmt":"2025-03-31T16:01:15","slug":"hl-50-series-2","status":"publish","type":"product","link":"https:\/\/ptmsrl.com\/fr\/prodotto\/hl-50-series-2\/","title":{"rendered":"HL 50 SERIES"},"content":{"rendered":"<ul>\n<li>\u00c9cran LCD graphique avec luminosit\u00e9 automatique<\/li>\n<li>usage facile avec ic\u00f4nes fonctionnelles<\/li>\n<li>bo\u00cete robuste en aluminium verni<\/li>\n<li>Connecteur optionnel de s\u00e9rie sur tous le models<\/li>\n<li>Personnalisation avec logo client sur le bo\u00eetier<\/li>\n<li>Syst\u00e8me optionnel \u00ab\u00a0PTM Multilink\u00a0\u00bb<\/li>\n<\/ul>\n","protected":false},"excerpt":{"rendered":"<h3><strong>Boitier \u00e9lectronique de pesage et dosage<\/strong><\/h3>\n<p>&nbsp;<\/p>\n<p align=\"justify\">Les bo\u00eetiers HL Series repr\u00e9sentent l&rsquo;\u00e9volution de la gamme HL qui depuis des ann\u00e9es caract\u00e9rise PTM sur le march\u00e9: large \u00e9cran graphique, simplicit\u00e9 et praticit\u00e9 d&rsquo;utilise sont les principales caract\u00e9ristiques nouvelles de cette bo\u00eetiers \u00e9lectroniques.<\/p>\n<p align=\"justify\">Cette \u00e9lectronique permit de programmer jusqu&rsquo;\u00e0 50 recettes, avec un maximum de 30 composants et 30 d\u00e9chargements pour recette. Les bo\u00eetiers HL Series sont \u00e9quip\u00e9es avec un large \u00e9cran r\u00e9tro\u00e9clair\u00e9 LED qui garantit visibilit\u00e9 maximale soit au soleil soit dans l&rsquo;obscurit\u00e9, aussi \u00e0 travers la r\u00e9gulation automatique de la luminosit\u00e9.<\/p>\n<p align=\"justify\">Gr\u00e2ce au menu de navigation intuitif et \u00e0 nombreuses ic\u00f4nes fonctionnelles pour reconna\u00eetre chaque op\u00e9ration, la programmation et l&rsquo;ex\u00e9cution des recettes deviennent op\u00e9rations simples et imm\u00e9diates.<\/p>\n<p align=\"justify\">\u00c0 traves un syst\u00e8me de connexion \u00ab\u00a0PTM Multilink\u00a0\u00bb et gr\u00e2ce au connecteur pour les optionnels de s\u00e9rie, sur les bo\u00eetiers PTM est possible installer et ajouter automatiquement n&rsquo;importe quel accessoire support\u00e9 par le bo\u00eetier: il n&rsquo;est pas n\u00e9cessaire faire des installations ou configurations car le syst\u00e8me fonction plug &amp; play.<\/p>\n","protected":false},"featured_media":8369,"template":"","meta":{"inline_featured_image":false},"product_brand":[],"product_cat":[478],"product_tag":[],"class_list":{"0":"post-6346","1":"product","2":"type-product","3":"status-publish","4":"has-post-thumbnail","6":"product_cat-hl-20-50-series-fr","8":"first","9":"instock","10":"downloadable","11":"shipping-taxable","12":"product-type-simple"},"yoast_head":"<!-- This site is optimized with the Yoast SEO plugin v25.3 - https:\/\/yoast.com\/wordpress\/plugins\/seo\/ -->\n<title>PTM Srl | HL 50 SERIES<\/title>\n<meta name=\"robots\" content=\"index, follow, max-snippet:-1, max-image-preview:large, max-video-preview:-1\" \/>\n<link rel=\"canonical\" href=\"https:\/\/ptmsrl.com\/fr\/prodotto\/hl-50-series-2\/\" \/>\n<meta property=\"og:locale\" content=\"fr_FR\" \/>\n<meta property=\"og:type\" content=\"article\" \/>\n<meta property=\"og:title\" content=\"PTM Srl | HL 50 SERIES\" \/>\n<meta property=\"og:description\" content=\"Boitier \u00e9lectronique de pesage et dosage &nbsp; Les bo\u00eetiers HL Series repr\u00e9sentent l&#039;\u00e9volution de la gamme HL qui depuis des ann\u00e9es caract\u00e9rise PTM sur le march\u00e9: large \u00e9cran graphique, simplicit\u00e9 et praticit\u00e9 d&#039;utilise sont les principales caract\u00e9ristiques nouvelles de cette bo\u00eetiers \u00e9lectroniques. Cette \u00e9lectronique permit de programmer jusqu&#039;\u00e0 50 recettes, avec un maximum de 30 composants et 30 d\u00e9chargements pour recette. Les bo\u00eetiers HL Series sont \u00e9quip\u00e9es avec un large \u00e9cran r\u00e9tro\u00e9clair\u00e9 LED qui garantit visibilit\u00e9 maximale soit au soleil soit dans l&#039;obscurit\u00e9, aussi \u00e0 travers la r\u00e9gulation automatique de la luminosit\u00e9. Gr\u00e2ce au menu de navigation intuitif et \u00e0 nombreuses ic\u00f4nes fonctionnelles pour reconna\u00eetre chaque op\u00e9ration, la programmation et l&#039;ex\u00e9cution des recettes deviennent op\u00e9rations simples et imm\u00e9diates. \u00c0 traves un syst\u00e8me de connexion &quot;PTM Multilink&quot; et gr\u00e2ce au connecteur pour les optionnels de s\u00e9rie, sur les bo\u00eetiers PTM est possible installer et ajouter automatiquement n&#039;importe quel accessoire support\u00e9 par le bo\u00eetier: il n&#039;est pas n\u00e9cessaire faire des installations ou configurations car le syst\u00e8me fonction plug &amp; play.\" \/>\n<meta property=\"og:url\" content=\"https:\/\/ptmsrl.com\/fr\/prodotto\/hl-50-series-2\/\" \/>\n<meta property=\"og:site_name\" content=\"PTM Srl\" \/>\n<meta property=\"article:publisher\" content=\"https:\/\/www.facebook.com\/believingintechnology\/\" \/>\n<meta property=\"article:modified_time\" content=\"2025-03-31T16:01:15+00:00\" \/>\n<meta property=\"og:image\" content=\"https:\/\/ptmsrl.com\/wp-content\/uploads\/2018\/10\/3_rev1-2.jpg\" \/>\n\t<meta property=\"og:image:width\" content=\"617\" \/>\n\t<meta property=\"og:image:height\" content=\"600\" \/>\n\t<meta property=\"og:image:type\" content=\"image\/jpeg\" \/>\n<meta name=\"twitter:card\" content=\"summary_large_image\" \/>\n<meta name=\"twitter:site\" content=\"@ptm\" \/>\n<meta name=\"twitter:label1\" content=\"Dur\u00e9e de lecture estim\u00e9e\" \/>\n\t<meta name=\"twitter:data1\" content=\"1 minute\" \/>\n<script type=\"application\/ld+json\" class=\"yoast-schema-graph\">{\"@context\":\"https:\/\/schema.org\",\"@graph\":[{\"@type\":\"WebPage\",\"@id\":\"https:\/\/ptmsrl.com\/fr\/prodotto\/hl-50-series-2\/\",\"url\":\"https:\/\/ptmsrl.com\/fr\/prodotto\/hl-50-series-2\/\",\"name\":\"PTM Srl | HL 50 SERIES\",\"isPartOf\":{\"@id\":\"https:\/\/ptmsrl.com\/#website\"},\"primaryImageOfPage\":{\"@id\":\"https:\/\/ptmsrl.com\/fr\/prodotto\/hl-50-series-2\/#primaryimage\"},\"image\":{\"@id\":\"https:\/\/ptmsrl.com\/fr\/prodotto\/hl-50-series-2\/#primaryimage\"},\"thumbnailUrl\":\"https:\/\/ptmsrl.com\/wp-content\/uploads\/2018\/10\/3_rev1-2.jpg\",\"datePublished\":\"2018-10-24T12:58:35+00:00\",\"dateModified\":\"2025-03-31T16:01:15+00:00\",\"breadcrumb\":{\"@id\":\"https:\/\/ptmsrl.com\/fr\/prodotto\/hl-50-series-2\/#breadcrumb\"},\"inLanguage\":\"fr-FR\",\"potentialAction\":[{\"@type\":\"ReadAction\",\"target\":[\"https:\/\/ptmsrl.com\/fr\/prodotto\/hl-50-series-2\/\"]}]},{\"@type\":\"ImageObject\",\"inLanguage\":\"fr-FR\",\"@id\":\"https:\/\/ptmsrl.com\/fr\/prodotto\/hl-50-series-2\/#primaryimage\",\"url\":\"https:\/\/ptmsrl.com\/wp-content\/uploads\/2018\/10\/3_rev1-2.jpg\",\"contentUrl\":\"https:\/\/ptmsrl.com\/wp-content\/uploads\/2018\/10\/3_rev1-2.jpg\",\"width\":617,\"height\":600,\"caption\":\"3_rev1\"},{\"@type\":\"BreadcrumbList\",\"@id\":\"https:\/\/ptmsrl.com\/fr\/prodotto\/hl-50-series-2\/#breadcrumb\",\"itemListElement\":[{\"@type\":\"ListItem\",\"position\":1,\"name\":\"Home\",\"item\":\"https:\/\/ptmsrl.com\/fr\/\"},{\"@type\":\"ListItem\",\"position\":2,\"name\":\"Shop\",\"item\":\"https:\/\/ptmsrl.com\/shop\/\"},{\"@type\":\"ListItem\",\"position\":3,\"name\":\"HL 50 SERIES\"}]},{\"@type\":\"WebSite\",\"@id\":\"https:\/\/ptmsrl.com\/#website\",\"url\":\"https:\/\/ptmsrl.com\/\",\"name\":\"PTM Srl\",\"description\":\"\u041c\u042b \u041f\u0420\u041e\u0418\u0417\u0412\u041e\u0414\u0418\u041c \u041a\u0410\u0427\u0415\u0421\u0422\u0412\u041e, \u041a\u041e\u0422\u041e\u0420\u041e\u0415 \u0418\u041c\u0415\u0415\u0422 \u041e\u0421\u041e\u0411\u042b\u0419 \u0412\u0415\u0421\",\"publisher\":{\"@id\":\"https:\/\/ptmsrl.com\/#organization\"},\"potentialAction\":[{\"@type\":\"SearchAction\",\"target\":{\"@type\":\"EntryPoint\",\"urlTemplate\":\"https:\/\/ptmsrl.com\/?s={search_term_string}\"},\"query-input\":{\"@type\":\"PropertyValueSpecification\",\"valueRequired\":true,\"valueName\":\"search_term_string\"}}],\"inLanguage\":\"fr-FR\"},{\"@type\":\"Organization\",\"@id\":\"https:\/\/ptmsrl.com\/#organization\",\"name\":\"PTM srl\",\"url\":\"https:\/\/ptmsrl.com\/\",\"logo\":{\"@type\":\"ImageObject\",\"inLanguage\":\"fr-FR\",\"@id\":\"https:\/\/ptmsrl.com\/#\/schema\/logo\/image\/\",\"url\":\"https:\/\/ptmsrl.com\/wp-content\/uploads\/2018\/10\/LOGO-PTM.png\",\"contentUrl\":\"https:\/\/ptmsrl.com\/wp-content\/uploads\/2018\/10\/LOGO-PTM.png\",\"width\":1000,\"height\":500,\"caption\":\"PTM srl\"},\"image\":{\"@id\":\"https:\/\/ptmsrl.com\/#\/schema\/logo\/image\/\"},\"sameAs\":[\"https:\/\/www.facebook.com\/believingintechnology\/\",\"https:\/\/x.com\/ptm\",\"https:\/\/www.linkedin.com\/company\/ptm-s-r-l\/\",\"https:\/\/www.youtube.com\/channel\/UCPSOS0MaR-4jDkAD3HkAC7A\"]}]}<\/script>\n<!-- \/ Yoast SEO plugin. -->","yoast_head_json":{"title":"PTM Srl | HL 50 SERIES","robots":{"index":"index","follow":"follow","max-snippet":"max-snippet:-1","max-image-preview":"max-image-preview:large","max-video-preview":"max-video-preview:-1"},"canonical":"https:\/\/ptmsrl.com\/fr\/prodotto\/hl-50-series-2\/","og_locale":"fr_FR","og_type":"article","og_title":"PTM Srl | HL 50 SERIES","og_description":"Boitier \u00e9lectronique de pesage et dosage &nbsp; Les bo\u00eetiers HL Series repr\u00e9sentent l'\u00e9volution de la gamme HL qui depuis des ann\u00e9es caract\u00e9rise PTM sur le march\u00e9: large \u00e9cran graphique, simplicit\u00e9 et praticit\u00e9 d'utilise sont les principales caract\u00e9ristiques nouvelles de cette bo\u00eetiers \u00e9lectroniques. Cette \u00e9lectronique permit de programmer jusqu'\u00e0 50 recettes, avec un maximum de 30 composants et 30 d\u00e9chargements pour recette. Les bo\u00eetiers HL Series sont \u00e9quip\u00e9es avec un large \u00e9cran r\u00e9tro\u00e9clair\u00e9 LED qui garantit visibilit\u00e9 maximale soit au soleil soit dans l'obscurit\u00e9, aussi \u00e0 travers la r\u00e9gulation automatique de la luminosit\u00e9. Gr\u00e2ce au menu de navigation intuitif et \u00e0 nombreuses ic\u00f4nes fonctionnelles pour reconna\u00eetre chaque op\u00e9ration, la programmation et l'ex\u00e9cution des recettes deviennent op\u00e9rations simples et imm\u00e9diates. \u00c0 traves un syst\u00e8me de connexion \"PTM Multilink\" et gr\u00e2ce au connecteur pour les optionnels de s\u00e9rie, sur les bo\u00eetiers PTM est possible installer et ajouter automatiquement n'importe quel accessoire support\u00e9 par le bo\u00eetier: il n'est pas n\u00e9cessaire faire des installations ou configurations car le syst\u00e8me fonction plug &amp; play.","og_url":"https:\/\/ptmsrl.com\/fr\/prodotto\/hl-50-series-2\/","og_site_name":"PTM Srl","article_publisher":"https:\/\/www.facebook.com\/believingintechnology\/","article_modified_time":"2025-03-31T16:01:15+00:00","og_image":[{"width":617,"height":600,"url":"https:\/\/ptmsrl.com\/wp-content\/uploads\/2018\/10\/3_rev1-2.jpg","type":"image\/jpeg"}],"twitter_card":"summary_large_image","twitter_site":"@ptm","twitter_misc":{"Dur\u00e9e de lecture estim\u00e9e":"1 minute"},"schema":{"@context":"https:\/\/schema.org","@graph":[{"@type":"WebPage","@id":"https:\/\/ptmsrl.com\/fr\/prodotto\/hl-50-series-2\/","url":"https:\/\/ptmsrl.com\/fr\/prodotto\/hl-50-series-2\/","name":"PTM Srl | HL 50 SERIES","isPartOf":{"@id":"https:\/\/ptmsrl.com\/#website"},"primaryImageOfPage":{"@id":"https:\/\/ptmsrl.com\/fr\/prodotto\/hl-50-series-2\/#primaryimage"},"image":{"@id":"https:\/\/ptmsrl.com\/fr\/prodotto\/hl-50-series-2\/#primaryimage"},"thumbnailUrl":"https:\/\/ptmsrl.com\/wp-content\/uploads\/2018\/10\/3_rev1-2.jpg","datePublished":"2018-10-24T12:58:35+00:00","dateModified":"2025-03-31T16:01:15+00:00","breadcrumb":{"@id":"https:\/\/ptmsrl.com\/fr\/prodotto\/hl-50-series-2\/#breadcrumb"},"inLanguage":"fr-FR","potentialAction":[{"@type":"ReadAction","target":["https:\/\/ptmsrl.com\/fr\/prodotto\/hl-50-series-2\/"]}]},{"@type":"ImageObject","inLanguage":"fr-FR","@id":"https:\/\/ptmsrl.com\/fr\/prodotto\/hl-50-series-2\/#primaryimage","url":"https:\/\/ptmsrl.com\/wp-content\/uploads\/2018\/10\/3_rev1-2.jpg","contentUrl":"https:\/\/ptmsrl.com\/wp-content\/uploads\/2018\/10\/3_rev1-2.jpg","width":617,"height":600,"caption":"3_rev1"},{"@type":"BreadcrumbList","@id":"https:\/\/ptmsrl.com\/fr\/prodotto\/hl-50-series-2\/#breadcrumb","itemListElement":[{"@type":"ListItem","position":1,"name":"Home","item":"https:\/\/ptmsrl.com\/fr\/"},{"@type":"ListItem","position":2,"name":"Shop","item":"https:\/\/ptmsrl.com\/shop\/"},{"@type":"ListItem","position":3,"name":"HL 50 SERIES"}]},{"@type":"WebSite","@id":"https:\/\/ptmsrl.com\/#website","url":"https:\/\/ptmsrl.com\/","name":"PTM Srl","description":"\u041c\u042b \u041f\u0420\u041e\u0418\u0417\u0412\u041e\u0414\u0418\u041c \u041a\u0410\u0427\u0415\u0421\u0422\u0412\u041e, \u041a\u041e\u0422\u041e\u0420\u041e\u0415 \u0418\u041c\u0415\u0415\u0422 \u041e\u0421\u041e\u0411\u042b\u0419 \u0412\u0415\u0421","publisher":{"@id":"https:\/\/ptmsrl.com\/#organization"},"potentialAction":[{"@type":"SearchAction","target":{"@type":"EntryPoint","urlTemplate":"https:\/\/ptmsrl.com\/?s={search_term_string}"},"query-input":{"@type":"PropertyValueSpecification","valueRequired":true,"valueName":"search_term_string"}}],"inLanguage":"fr-FR"},{"@type":"Organization","@id":"https:\/\/ptmsrl.com\/#organization","name":"PTM srl","url":"https:\/\/ptmsrl.com\/","logo":{"@type":"ImageObject","inLanguage":"fr-FR","@id":"https:\/\/ptmsrl.com\/#\/schema\/logo\/image\/","url":"https:\/\/ptmsrl.com\/wp-content\/uploads\/2018\/10\/LOGO-PTM.png","contentUrl":"https:\/\/ptmsrl.com\/wp-content\/uploads\/2018\/10\/LOGO-PTM.png","width":1000,"height":500,"caption":"PTM srl"},"image":{"@id":"https:\/\/ptmsrl.com\/#\/schema\/logo\/image\/"},"sameAs":["https:\/\/www.facebook.com\/believingintechnology\/","https:\/\/x.com\/ptm","https:\/\/www.linkedin.com\/company\/ptm-s-r-l\/","https:\/\/www.youtube.com\/channel\/UCPSOS0MaR-4jDkAD3HkAC7A"]}]}},"_links":{"self":[{"href":"https:\/\/ptmsrl.com\/fr\/wp-json\/wp\/v2\/product\/6346","targetHints":{"allow":["GET"]}}],"collection":[{"href":"https:\/\/ptmsrl.com\/fr\/wp-json\/wp\/v2\/product"}],"about":[{"href":"https:\/\/ptmsrl.com\/fr\/wp-json\/wp\/v2\/types\/product"}],"wp:featuredmedia":[{"embeddable":true,"href":"https:\/\/ptmsrl.com\/fr\/wp-json\/wp\/v2\/media\/8369"}],"wp:attachment":[{"href":"https:\/\/ptmsrl.com\/fr\/wp-json\/wp\/v2\/media?parent=6346"}],"wp:term":[{"taxonomy":"product_brand","embeddable":true,"href":"https:\/\/ptmsrl.com\/fr\/wp-json\/wp\/v2\/product_brand?post=6346"},{"taxonomy":"product_cat","embeddable":true,"href":"https:\/\/ptmsrl.com\/fr\/wp-json\/wp\/v2\/product_cat?post=6346"},{"taxonomy":"product_tag","embeddable":true,"href":"https:\/\/ptmsrl.com\/fr\/wp-json\/wp\/v2\/product_tag?post=6346"}],"curies":[{"name":"wp","href":"https:\/\/api.w.org\/{rel}","templated":true}]}}