{"id":16094,"date":"2019-09-11T18:16:38","date_gmt":"2019-09-11T16:16:38","guid":{"rendered":"https:\/\/ptmsrl.com\/?page_id=16094"},"modified":"2019-09-11T18:29:33","modified_gmt":"2019-09-11T16:29:33","slug":"pesagem-industrial","status":"publish","type":"page","link":"https:\/\/ptmsrl.com\/pt-pt\/industria\/pesagem-industrial\/","title":{"rendered":"Pesagem Industrial"},"content":{"rendered":"  <div id=\"page-header-1568523880\" class=\"page-header-wrapper\">\n  <div class=\"page-title dark featured-title\">\n\n    \n    <div class=\"page-title-inner container align-center flex-row medium-flex-wrap\" >\n              <div class=\"title-wrapper is-small flex-col text-left medium-text-center\">\n          <h1 class=\"entry-title mb-0\">\n            Pesagem Industrial          <\/h1>\n        <\/div>\n                    <div class=\"title-content flex-col flex-right text-right medium-text-center\">\n        <div class=\"title-breadcrumbs pb-half pt-half\"><\/div>      <\/div>\n    <\/div>\n\n       <\/div>\n    <\/div>\n  \n\t<div id=\"gap-114005630\" class=\"gap-element clearfix\" style=\"display:block; height:auto;\">\n\t\t\n<style>\n#gap-114005630 {\n  padding-top: 30px;\n}\n<\/style>\n\t<\/div>\n\t\n<div class=\"row row-large align-middle\"  id=\"row-868582330\">\n\n\t<div id=\"col-631349389\" class=\"col medium-6 small-12 large-6\"  >\n\t\t\t\t<div class=\"col-inner\"  >\n\t\t\t\n\t\t\t\n<!-- imagelinks begin -->\n<style>\n@import url(\"https:\/\/ptmsrl.com\/wp-content\/plugins\/imagelinks\/lib\/imagelinks.theme.default.css?ver=imagelinks\");\n<\/style>\n<div id=\"imgl-data-mo8f7-16097\" style=\"display:none;\">\n<div id=\"imgl-data-mo8f7-popover-0\"><h3><strong>UNIDADES DE CONTROLE<\/strong><\/h3>\n<br\/>\n<p><a href=\"https:\/\/ptmsrl.com\/pt-pt\/prodotto\/advance-420-420-twin\/\">&#8594; Advance 420\/ 420 Twin<\/a><\/p>\n<p><a href=\"https:\/\/ptmsrl.com\/pt-pt\/prodotto\/as110-111-122\/\">&#8594; AS110 \/ 111 \/ 122<\/a><\/p>\n<p><a href=\"https:\/\/ptmsrl.com\/pt-pt\/prodotto\/pd-10-20\/\">&#8594; PD10-20<\/a><\/p>\n<p><a href=\"https:\/\/ptmsrl.com\/pt-pt\/prodotto\/wt-420\/\">&#8594; WT 420<\/a><\/p><\/div>\n<\/div>\n<img decoding=\"async\" id=\"imgl-mo8f7-16097\" src=\"https:\/\/ptmsrl.com\/wp-content\/uploads\/2018\/11\/PTM-Quadro-elettrico-pesatura-industriale.png\" data-imgl-src=\"https:\/\/ptmsrl.com\/wp-content\/uploads\/2018\/11\/PTM-Quadro-elettrico-pesatura-industriale.png\" alt=\"\" style=\"width:100%;height:100%;\"><script type=\"text\/javascript\">\nfunction imgl_init_mo8f7_16097() {\njQuery( \"#imgl-mo8f7-16097\" ).imagelinks({\ntheme: \"imgl-theme-default\",\npopover: true,\npopoverPlacement: \"top\",\npopoverShowTrigger: \"hover\",\npopoverHideTrigger: \"leave\",\nhotSpotBelowPopover: true,\nmobile: true,\nhotSpots: [\n{\nx: 0.73375,\ny: 0.45859,\nlink: \"\",\nlinkNewWindow: false,\nimageUrl: \"https:\/\/ptmsrl.com\/wp-content\/uploads\/\/2018\/10\/A.png\",\nimageWidth: 50,\nimageHeight: 50,\npopover: true,\npopoverHtml: true,\npopoverLazyload: false,\npopoverSelector: \"#imgl-data-mo8f7-popover-0\",\npopoverShow: true,\npopoverPlacement: \"top\",\n},\n]\n});\n}\nif(window.attachEvent) {window.attachEvent(\"onload\",imgl_init_mo8f7_16097)}\nelse if(window.addEventListener) {window.addEventListener(\"load\",imgl_init_mo8f7_16097, false)}\n<\/script>\n<!-- imagelinks end -->\n\n\t\t<\/div>\n\t\t\t\t\t<\/div>\n\n\t\n\n\t<div id=\"col-966545651\" class=\"col medium-6 small-12 large-6\"  >\n\t\t\t\t<div class=\"col-inner\"  >\n\t\t\t\n\t\t\t\n<h2>A &#8211; Unidades de controle<\/h2>\n<ul>\n<li><a href=\"https:\/\/ptmsrl.com\/pt-pt\/prodotto\/advance-420-420-twin\/\">Advance 420\/ 420 Twin<\/a><\/li>\n<li><a href=\"https:\/\/ptmsrl.com\/pt-pt\/prodotto\/as110-111-122\/\">AS110 \/ 111 \/ 122<\/a><\/li>\n<li><a href=\"https:\/\/ptmsrl.com\/pt-pt\/prodotto\/pd-10-20\/\">PD10-20<\/a><\/li>\n<li><a href=\"https:\/\/ptmsrl.com\/pt-pt\/prodotto\/wt-420\/\">WT 420<\/a><\/li>\n<\/ul>\n<div class=\"is-divider divider clearfix\" style=\"max-width:100%;\"><\/div>\n<h2>C\u00e9lulas de carga<\/h2>\n<ul>\n<li><a href=\"https:\/\/ptmsrl.com\/pt-pt\/prodotti\/celulas-de-carga\/celulas-de-compressao\/\">C\u00e9lulas de compress\u00e3o<\/a><\/li>\n<li><a href=\"https:\/\/ptmsrl.com\/pt-pt\/prodotti\/celulas-de-carga\/celulas-de-flexao\/\">C\u00e9lulas de flex\u00e3o<\/a><\/li>\n<li><a href=\"https:\/\/ptmsrl.com\/pt-pt\/prodotti\/celulas-de-carga\/celulas-de-dupla-flexao\/\"> C\u00e9lulas de dupla flex\u00e3o<\/a><\/li>\n<li><a href=\"https:\/\/ptmsrl.com\/pt-pt\/prodotti\/celulas-de-carga\/celulas-de-tracao\/\">C\u00e9lulas de tra\u00e7\u00e3o<\/a><\/li>\n<li><a href=\"https:\/\/ptmsrl.com\/pt-pt\/prodotto\/ms2\/\">MS2<\/a><\/li>\n<li><a href=\"https:\/\/ptmsrl.com\/pt-pt\/prodotti\/celulas-de-carga\/load-pin-pt-pt\/\">Load pin<\/a><\/li>\n<\/ul>\n<\/ul>\n<div class=\"is-divider divider clearfix\" style=\"max-width:100%;\"><\/div>\n<h2>C\u00e9lulas off center<\/h2>\n<ul>\n<li><a href=\"https:\/\/ptmsrl.com\/pt-pt\/prodotto\/oc11\/\">OC11<\/a><\/li>\n<li><a href=\"https:\/\/ptmsrl.com\/pt-pt\/prodotto\/oc15\/\">OC15<\/a><\/li>\n<\/ul>\n\t\t<\/div>\n\t\t\t\t\t<\/div>\n\n\t\n<\/div>\n","protected":false},"excerpt":{"rendered":"","protected":false},"author":1,"featured_media":0,"parent":16074,"menu_order":0,"comment_status":"closed","ping_status":"closed","template":"page-blank.php","meta":{"inline_featured_image":false,"footnotes":""},"class_list":["post-16094","page","type-page","status-publish","hentry"],"yoast_head":"<!-- This site is optimized with the Yoast SEO plugin v25.3 - https:\/\/yoast.com\/wordpress\/plugins\/seo\/ -->\n<title>PTM Srl | Pesagem Industrial<\/title>\n<meta name=\"robots\" content=\"index, follow, max-snippet:-1, max-image-preview:large, max-video-preview:-1\" \/>\n<link rel=\"canonical\" href=\"https:\/\/ptmsrl.com\/pt-pt\/industria\/pesagem-industrial\/\" \/>\n<meta property=\"og:locale\" content=\"pt_PT\" \/>\n<meta property=\"og:type\" content=\"article\" \/>\n<meta property=\"og:title\" content=\"PTM Srl | Pesagem Industrial\" \/>\n<meta property=\"og:url\" content=\"https:\/\/ptmsrl.com\/pt-pt\/industria\/pesagem-industrial\/\" \/>\n<meta property=\"og:site_name\" content=\"PTM Srl\" \/>\n<meta property=\"article:publisher\" content=\"https:\/\/www.facebook.com\/believingintechnology\/\" \/>\n<meta property=\"article:modified_time\" content=\"2019-09-11T16:29:33+00:00\" \/>\n<meta name=\"twitter:card\" content=\"summary_large_image\" \/>\n<meta name=\"twitter:site\" content=\"@ptm\" \/>\n<script type=\"application\/ld+json\" class=\"yoast-schema-graph\">{\"@context\":\"https:\/\/schema.org\",\"@graph\":[{\"@type\":\"WebPage\",\"@id\":\"https:\/\/ptmsrl.com\/pt-pt\/industria\/pesagem-industrial\/\",\"url\":\"https:\/\/ptmsrl.com\/pt-pt\/industria\/pesagem-industrial\/\",\"name\":\"PTM Srl | Pesagem Industrial\",\"isPartOf\":{\"@id\":\"https:\/\/ptmsrl.com\/#website\"},\"datePublished\":\"2019-09-11T16:16:38+00:00\",\"dateModified\":\"2019-09-11T16:29:33+00:00\",\"breadcrumb\":{\"@id\":\"https:\/\/ptmsrl.com\/pt-pt\/industria\/pesagem-industrial\/#breadcrumb\"},\"inLanguage\":\"pt-PT\",\"potentialAction\":[{\"@type\":\"ReadAction\",\"target\":[\"https:\/\/ptmsrl.com\/pt-pt\/industria\/pesagem-industrial\/\"]}]},{\"@type\":\"BreadcrumbList\",\"@id\":\"https:\/\/ptmsrl.com\/pt-pt\/industria\/pesagem-industrial\/#breadcrumb\",\"itemListElement\":[{\"@type\":\"ListItem\",\"position\":1,\"name\":\"Home\",\"item\":\"https:\/\/ptmsrl.com\/pt-pt\/\"},{\"@type\":\"ListItem\",\"position\":2,\"name\":\"Ind\u00fastria\",\"item\":\"https:\/\/ptmsrl.com\/pt-pt\/industria\/\"},{\"@type\":\"ListItem\",\"position\":3,\"name\":\"Pesagem Industrial\"}]},{\"@type\":\"WebSite\",\"@id\":\"https:\/\/ptmsrl.com\/#website\",\"url\":\"https:\/\/ptmsrl.com\/\",\"name\":\"PTM Srl\",\"description\":\"\u041c\u042b \u041f\u0420\u041e\u0418\u0417\u0412\u041e\u0414\u0418\u041c \u041a\u0410\u0427\u0415\u0421\u0422\u0412\u041e, \u041a\u041e\u0422\u041e\u0420\u041e\u0415 \u0418\u041c\u0415\u0415\u0422 \u041e\u0421\u041e\u0411\u042b\u0419 \u0412\u0415\u0421\",\"publisher\":{\"@id\":\"https:\/\/ptmsrl.com\/#organization\"},\"potentialAction\":[{\"@type\":\"SearchAction\",\"target\":{\"@type\":\"EntryPoint\",\"urlTemplate\":\"https:\/\/ptmsrl.com\/?s={search_term_string}\"},\"query-input\":{\"@type\":\"PropertyValueSpecification\",\"valueRequired\":true,\"valueName\":\"search_term_string\"}}],\"inLanguage\":\"pt-PT\"},{\"@type\":\"Organization\",\"@id\":\"https:\/\/ptmsrl.com\/#organization\",\"name\":\"PTM srl\",\"url\":\"https:\/\/ptmsrl.com\/\",\"logo\":{\"@type\":\"ImageObject\",\"inLanguage\":\"pt-PT\",\"@id\":\"https:\/\/ptmsrl.com\/#\/schema\/logo\/image\/\",\"url\":\"https:\/\/ptmsrl.com\/wp-content\/uploads\/2018\/10\/LOGO-PTM.png\",\"contentUrl\":\"https:\/\/ptmsrl.com\/wp-content\/uploads\/2018\/10\/LOGO-PTM.png\",\"width\":1000,\"height\":500,\"caption\":\"PTM srl\"},\"image\":{\"@id\":\"https:\/\/ptmsrl.com\/#\/schema\/logo\/image\/\"},\"sameAs\":[\"https:\/\/www.facebook.com\/believingintechnology\/\",\"https:\/\/x.com\/ptm\",\"https:\/\/www.linkedin.com\/company\/ptm-s-r-l\/\",\"https:\/\/www.youtube.com\/channel\/UCPSOS0MaR-4jDkAD3HkAC7A\"]}]}<\/script>\n<!-- \/ Yoast SEO plugin. -->","yoast_head_json":{"title":"PTM Srl | Pesagem Industrial","robots":{"index":"index","follow":"follow","max-snippet":"max-snippet:-1","max-image-preview":"max-image-preview:large","max-video-preview":"max-video-preview:-1"},"canonical":"https:\/\/ptmsrl.com\/pt-pt\/industria\/pesagem-industrial\/","og_locale":"pt_PT","og_type":"article","og_title":"PTM Srl | Pesagem Industrial","og_url":"https:\/\/ptmsrl.com\/pt-pt\/industria\/pesagem-industrial\/","og_site_name":"PTM Srl","article_publisher":"https:\/\/www.facebook.com\/believingintechnology\/","article_modified_time":"2019-09-11T16:29:33+00:00","twitter_card":"summary_large_image","twitter_site":"@ptm","schema":{"@context":"https:\/\/schema.org","@graph":[{"@type":"WebPage","@id":"https:\/\/ptmsrl.com\/pt-pt\/industria\/pesagem-industrial\/","url":"https:\/\/ptmsrl.com\/pt-pt\/industria\/pesagem-industrial\/","name":"PTM Srl | Pesagem Industrial","isPartOf":{"@id":"https:\/\/ptmsrl.com\/#website"},"datePublished":"2019-09-11T16:16:38+00:00","dateModified":"2019-09-11T16:29:33+00:00","breadcrumb":{"@id":"https:\/\/ptmsrl.com\/pt-pt\/industria\/pesagem-industrial\/#breadcrumb"},"inLanguage":"pt-PT","potentialAction":[{"@type":"ReadAction","target":["https:\/\/ptmsrl.com\/pt-pt\/industria\/pesagem-industrial\/"]}]},{"@type":"BreadcrumbList","@id":"https:\/\/ptmsrl.com\/pt-pt\/industria\/pesagem-industrial\/#breadcrumb","itemListElement":[{"@type":"ListItem","position":1,"name":"Home","item":"https:\/\/ptmsrl.com\/pt-pt\/"},{"@type":"ListItem","position":2,"name":"Ind\u00fastria","item":"https:\/\/ptmsrl.com\/pt-pt\/industria\/"},{"@type":"ListItem","position":3,"name":"Pesagem Industrial"}]},{"@type":"WebSite","@id":"https:\/\/ptmsrl.com\/#website","url":"https:\/\/ptmsrl.com\/","name":"PTM Srl","description":"\u041c\u042b \u041f\u0420\u041e\u0418\u0417\u0412\u041e\u0414\u0418\u041c \u041a\u0410\u0427\u0415\u0421\u0422\u0412\u041e, \u041a\u041e\u0422\u041e\u0420\u041e\u0415 \u0418\u041c\u0415\u0415\u0422 \u041e\u0421\u041e\u0411\u042b\u0419 \u0412\u0415\u0421","publisher":{"@id":"https:\/\/ptmsrl.com\/#organization"},"potentialAction":[{"@type":"SearchAction","target":{"@type":"EntryPoint","urlTemplate":"https:\/\/ptmsrl.com\/?s={search_term_string}"},"query-input":{"@type":"PropertyValueSpecification","valueRequired":true,"valueName":"search_term_string"}}],"inLanguage":"pt-PT"},{"@type":"Organization","@id":"https:\/\/ptmsrl.com\/#organization","name":"PTM srl","url":"https:\/\/ptmsrl.com\/","logo":{"@type":"ImageObject","inLanguage":"pt-PT","@id":"https:\/\/ptmsrl.com\/#\/schema\/logo\/image\/","url":"https:\/\/ptmsrl.com\/wp-content\/uploads\/2018\/10\/LOGO-PTM.png","contentUrl":"https:\/\/ptmsrl.com\/wp-content\/uploads\/2018\/10\/LOGO-PTM.png","width":1000,"height":500,"caption":"PTM srl"},"image":{"@id":"https:\/\/ptmsrl.com\/#\/schema\/logo\/image\/"},"sameAs":["https:\/\/www.facebook.com\/believingintechnology\/","https:\/\/x.com\/ptm","https:\/\/www.linkedin.com\/company\/ptm-s-r-l\/","https:\/\/www.youtube.com\/channel\/UCPSOS0MaR-4jDkAD3HkAC7A"]}]}},"_links":{"self":[{"href":"https:\/\/ptmsrl.com\/pt-pt\/wp-json\/wp\/v2\/pages\/16094","targetHints":{"allow":["GET"]}}],"collection":[{"href":"https:\/\/ptmsrl.com\/pt-pt\/wp-json\/wp\/v2\/pages"}],"about":[{"href":"https:\/\/ptmsrl.com\/pt-pt\/wp-json\/wp\/v2\/types\/page"}],"author":[{"embeddable":true,"href":"https:\/\/ptmsrl.com\/pt-pt\/wp-json\/wp\/v2\/users\/1"}],"replies":[{"embeddable":true,"href":"https:\/\/ptmsrl.com\/pt-pt\/wp-json\/wp\/v2\/comments?post=16094"}],"version-history":[{"count":0,"href":"https:\/\/ptmsrl.com\/pt-pt\/wp-json\/wp\/v2\/pages\/16094\/revisions"}],"up":[{"embeddable":true,"href":"https:\/\/ptmsrl.com\/pt-pt\/wp-json\/wp\/v2\/pages\/16074"}],"wp:attachment":[{"href":"https:\/\/ptmsrl.com\/pt-pt\/wp-json\/wp\/v2\/media?parent=16094"}],"curies":[{"name":"wp","href":"https:\/\/api.w.org\/{rel}","templated":true}]}}