{"id":21710,"date":"2023-04-11T15:40:33","date_gmt":"2023-04-11T14:24:03","guid":{"rendered":"https:\/\/ptmsrl.com\/?post_type=product&#038;p=21710"},"modified":"2023-04-11T16:39:52","modified_gmt":"2023-04-11T14:39:52","slug":"wifi-silo-hub","status":"publish","type":"product","link":"https:\/\/ptmsrl.com\/pt-pt\/prodotto\/wifi-silo-hub\/","title":{"rendered":"WiFi Silo-Hub"},"content":{"rendered":"<p>4 canais de transmiss\u00e3o dispon\u00edveis. Protec\u00e7\u00e3o contra o ru\u00eddo de radiofrequ\u00eancia. Supress\u00e3o do ru\u00eddo de alimenta\u00e7\u00e3o de energia sobreposta. M\u00f3dulo WiFi integrado com antena.<\/p>\n","protected":false},"excerpt":{"rendered":"<h3>Acess\u00f3rio transceptor de dados Wi-Fi para repetidores e acess\u00f3rios.<\/h3>\n","protected":false},"featured_media":21653,"template":"","meta":{"inline_featured_image":false},"product_brand":[],"product_cat":[245,246],"product_tag":[],"class_list":{"0":"post-21710","1":"product","2":"type-product","3":"status-publish","4":"has-post-thumbnail","6":"product_cat-acessorios","7":"product_cat-acessorios-multilink","9":"first","10":"instock","11":"shipping-taxable","12":"product-type-simple"},"yoast_head":"<!-- This site is optimized with the Yoast SEO plugin v25.3 - https:\/\/yoast.com\/wordpress\/plugins\/seo\/ -->\n<title>PTM Srl | WiFi Silo-Hub<\/title>\n<meta name=\"robots\" content=\"index, follow, max-snippet:-1, max-image-preview:large, max-video-preview:-1\" \/>\n<link rel=\"canonical\" href=\"https:\/\/ptmsrl.com\/pt-pt\/prodotto\/wifi-silo-hub\/\" \/>\n<meta property=\"og:locale\" content=\"pt_PT\" \/>\n<meta property=\"og:type\" content=\"article\" \/>\n<meta property=\"og:title\" content=\"PTM Srl | WiFi Silo-Hub\" \/>\n<meta property=\"og:description\" content=\"Acess\u00f3rio transceptor de dados Wi-Fi para repetidores e acess\u00f3rios.\" \/>\n<meta property=\"og:url\" content=\"https:\/\/ptmsrl.com\/pt-pt\/prodotto\/wifi-silo-hub\/\" \/>\n<meta property=\"og:site_name\" content=\"PTM Srl\" \/>\n<meta property=\"article:publisher\" content=\"https:\/\/www.facebook.com\/believingintechnology\/\" \/>\n<meta property=\"article:modified_time\" content=\"2023-04-11T14:39:52+00:00\" \/>\n<meta property=\"og:image\" content=\"https:\/\/ptmsrl.com\/wp-content\/uploads\/2023\/04\/wi-fi-silo-hub-scheda-ricevitore-per-il-controllo-del-dosaggio-automatico-dei-componenti-del-silos-ptm-srl.jpg\" \/>\n\t<meta property=\"og:image:width\" content=\"800\" \/>\n\t<meta property=\"og:image:height\" content=\"800\" \/>\n\t<meta property=\"og:image:type\" content=\"image\/jpeg\" \/>\n<meta name=\"twitter:card\" content=\"summary_large_image\" \/>\n<meta name=\"twitter:site\" content=\"@ptm\" \/>\n<meta name=\"twitter:label1\" content=\"Tempo estimado de leitura\" \/>\n\t<meta name=\"twitter:data1\" content=\"1 minuto\" \/>\n<script type=\"application\/ld+json\" class=\"yoast-schema-graph\">{\"@context\":\"https:\/\/schema.org\",\"@graph\":[{\"@type\":\"WebPage\",\"@id\":\"https:\/\/ptmsrl.com\/pt-pt\/prodotto\/wifi-silo-hub\/\",\"url\":\"https:\/\/ptmsrl.com\/pt-pt\/prodotto\/wifi-silo-hub\/\",\"name\":\"PTM Srl | WiFi Silo-Hub\",\"isPartOf\":{\"@id\":\"https:\/\/ptmsrl.com\/#website\"},\"primaryImageOfPage\":{\"@id\":\"https:\/\/ptmsrl.com\/pt-pt\/prodotto\/wifi-silo-hub\/#primaryimage\"},\"image\":{\"@id\":\"https:\/\/ptmsrl.com\/pt-pt\/prodotto\/wifi-silo-hub\/#primaryimage\"},\"thumbnailUrl\":\"https:\/\/ptmsrl.com\/wp-content\/uploads\/2023\/04\/wi-fi-silo-hub-scheda-ricevitore-per-il-controllo-del-dosaggio-automatico-dei-componenti-del-silos-ptm-srl.jpg\",\"datePublished\":\"2023-04-11T14:24:03+00:00\",\"dateModified\":\"2023-04-11T14:39:52+00:00\",\"breadcrumb\":{\"@id\":\"https:\/\/ptmsrl.com\/pt-pt\/prodotto\/wifi-silo-hub\/#breadcrumb\"},\"inLanguage\":\"pt-PT\",\"potentialAction\":[{\"@type\":\"ReadAction\",\"target\":[\"https:\/\/ptmsrl.com\/pt-pt\/prodotto\/wifi-silo-hub\/\"]}]},{\"@type\":\"ImageObject\",\"inLanguage\":\"pt-PT\",\"@id\":\"https:\/\/ptmsrl.com\/pt-pt\/prodotto\/wifi-silo-hub\/#primaryimage\",\"url\":\"https:\/\/ptmsrl.com\/wp-content\/uploads\/2023\/04\/wi-fi-silo-hub-scheda-ricevitore-per-il-controllo-del-dosaggio-automatico-dei-componenti-del-silos-ptm-srl.jpg\",\"contentUrl\":\"https:\/\/ptmsrl.com\/wp-content\/uploads\/2023\/04\/wi-fi-silo-hub-scheda-ricevitore-per-il-controllo-del-dosaggio-automatico-dei-componenti-del-silos-ptm-srl.jpg\",\"width\":800,\"height\":800,\"caption\":\"wi-fi-silo-hub-scheda-ricevitore-per-il-controllo-del-dosaggio-automatico-dei-componenti-del-silos-ptm-srl\"},{\"@type\":\"BreadcrumbList\",\"@id\":\"https:\/\/ptmsrl.com\/pt-pt\/prodotto\/wifi-silo-hub\/#breadcrumb\",\"itemListElement\":[{\"@type\":\"ListItem\",\"position\":1,\"name\":\"Home\",\"item\":\"https:\/\/ptmsrl.com\/pt-pt\/\"},{\"@type\":\"ListItem\",\"position\":2,\"name\":\"Shop\",\"item\":\"https:\/\/ptmsrl.com\/shop\/\"},{\"@type\":\"ListItem\",\"position\":3,\"name\":\"WiFi Silo-Hub\"}]},{\"@type\":\"WebSite\",\"@id\":\"https:\/\/ptmsrl.com\/#website\",\"url\":\"https:\/\/ptmsrl.com\/\",\"name\":\"PTM Srl\",\"description\":\"\u041c\u042b \u041f\u0420\u041e\u0418\u0417\u0412\u041e\u0414\u0418\u041c \u041a\u0410\u0427\u0415\u0421\u0422\u0412\u041e, \u041a\u041e\u0422\u041e\u0420\u041e\u0415 \u0418\u041c\u0415\u0415\u0422 \u041e\u0421\u041e\u0411\u042b\u0419 \u0412\u0415\u0421\",\"publisher\":{\"@id\":\"https:\/\/ptmsrl.com\/#organization\"},\"potentialAction\":[{\"@type\":\"SearchAction\",\"target\":{\"@type\":\"EntryPoint\",\"urlTemplate\":\"https:\/\/ptmsrl.com\/?s={search_term_string}\"},\"query-input\":{\"@type\":\"PropertyValueSpecification\",\"valueRequired\":true,\"valueName\":\"search_term_string\"}}],\"inLanguage\":\"pt-PT\"},{\"@type\":\"Organization\",\"@id\":\"https:\/\/ptmsrl.com\/#organization\",\"name\":\"PTM srl\",\"url\":\"https:\/\/ptmsrl.com\/\",\"logo\":{\"@type\":\"ImageObject\",\"inLanguage\":\"pt-PT\",\"@id\":\"https:\/\/ptmsrl.com\/#\/schema\/logo\/image\/\",\"url\":\"https:\/\/ptmsrl.com\/wp-content\/uploads\/2018\/10\/LOGO-PTM.png\",\"contentUrl\":\"https:\/\/ptmsrl.com\/wp-content\/uploads\/2018\/10\/LOGO-PTM.png\",\"width\":1000,\"height\":500,\"caption\":\"PTM srl\"},\"image\":{\"@id\":\"https:\/\/ptmsrl.com\/#\/schema\/logo\/image\/\"},\"sameAs\":[\"https:\/\/www.facebook.com\/believingintechnology\/\",\"https:\/\/x.com\/ptm\",\"https:\/\/www.linkedin.com\/company\/ptm-s-r-l\/\",\"https:\/\/www.youtube.com\/channel\/UCPSOS0MaR-4jDkAD3HkAC7A\"]}]}<\/script>\n<!-- \/ Yoast SEO plugin. -->","yoast_head_json":{"title":"PTM Srl | WiFi Silo-Hub","robots":{"index":"index","follow":"follow","max-snippet":"max-snippet:-1","max-image-preview":"max-image-preview:large","max-video-preview":"max-video-preview:-1"},"canonical":"https:\/\/ptmsrl.com\/pt-pt\/prodotto\/wifi-silo-hub\/","og_locale":"pt_PT","og_type":"article","og_title":"PTM Srl | WiFi Silo-Hub","og_description":"Acess\u00f3rio transceptor de dados Wi-Fi para repetidores e acess\u00f3rios.","og_url":"https:\/\/ptmsrl.com\/pt-pt\/prodotto\/wifi-silo-hub\/","og_site_name":"PTM Srl","article_publisher":"https:\/\/www.facebook.com\/believingintechnology\/","article_modified_time":"2023-04-11T14:39:52+00:00","og_image":[{"width":800,"height":800,"url":"https:\/\/ptmsrl.com\/wp-content\/uploads\/2023\/04\/wi-fi-silo-hub-scheda-ricevitore-per-il-controllo-del-dosaggio-automatico-dei-componenti-del-silos-ptm-srl.jpg","type":"image\/jpeg"}],"twitter_card":"summary_large_image","twitter_site":"@ptm","twitter_misc":{"Tempo estimado de leitura":"1 minuto"},"schema":{"@context":"https:\/\/schema.org","@graph":[{"@type":"WebPage","@id":"https:\/\/ptmsrl.com\/pt-pt\/prodotto\/wifi-silo-hub\/","url":"https:\/\/ptmsrl.com\/pt-pt\/prodotto\/wifi-silo-hub\/","name":"PTM Srl | WiFi Silo-Hub","isPartOf":{"@id":"https:\/\/ptmsrl.com\/#website"},"primaryImageOfPage":{"@id":"https:\/\/ptmsrl.com\/pt-pt\/prodotto\/wifi-silo-hub\/#primaryimage"},"image":{"@id":"https:\/\/ptmsrl.com\/pt-pt\/prodotto\/wifi-silo-hub\/#primaryimage"},"thumbnailUrl":"https:\/\/ptmsrl.com\/wp-content\/uploads\/2023\/04\/wi-fi-silo-hub-scheda-ricevitore-per-il-controllo-del-dosaggio-automatico-dei-componenti-del-silos-ptm-srl.jpg","datePublished":"2023-04-11T14:24:03+00:00","dateModified":"2023-04-11T14:39:52+00:00","breadcrumb":{"@id":"https:\/\/ptmsrl.com\/pt-pt\/prodotto\/wifi-silo-hub\/#breadcrumb"},"inLanguage":"pt-PT","potentialAction":[{"@type":"ReadAction","target":["https:\/\/ptmsrl.com\/pt-pt\/prodotto\/wifi-silo-hub\/"]}]},{"@type":"ImageObject","inLanguage":"pt-PT","@id":"https:\/\/ptmsrl.com\/pt-pt\/prodotto\/wifi-silo-hub\/#primaryimage","url":"https:\/\/ptmsrl.com\/wp-content\/uploads\/2023\/04\/wi-fi-silo-hub-scheda-ricevitore-per-il-controllo-del-dosaggio-automatico-dei-componenti-del-silos-ptm-srl.jpg","contentUrl":"https:\/\/ptmsrl.com\/wp-content\/uploads\/2023\/04\/wi-fi-silo-hub-scheda-ricevitore-per-il-controllo-del-dosaggio-automatico-dei-componenti-del-silos-ptm-srl.jpg","width":800,"height":800,"caption":"wi-fi-silo-hub-scheda-ricevitore-per-il-controllo-del-dosaggio-automatico-dei-componenti-del-silos-ptm-srl"},{"@type":"BreadcrumbList","@id":"https:\/\/ptmsrl.com\/pt-pt\/prodotto\/wifi-silo-hub\/#breadcrumb","itemListElement":[{"@type":"ListItem","position":1,"name":"Home","item":"https:\/\/ptmsrl.com\/pt-pt\/"},{"@type":"ListItem","position":2,"name":"Shop","item":"https:\/\/ptmsrl.com\/shop\/"},{"@type":"ListItem","position":3,"name":"WiFi Silo-Hub"}]},{"@type":"WebSite","@id":"https:\/\/ptmsrl.com\/#website","url":"https:\/\/ptmsrl.com\/","name":"PTM Srl","description":"\u041c\u042b \u041f\u0420\u041e\u0418\u0417\u0412\u041e\u0414\u0418\u041c \u041a\u0410\u0427\u0415\u0421\u0422\u0412\u041e, \u041a\u041e\u0422\u041e\u0420\u041e\u0415 \u0418\u041c\u0415\u0415\u0422 \u041e\u0421\u041e\u0411\u042b\u0419 \u0412\u0415\u0421","publisher":{"@id":"https:\/\/ptmsrl.com\/#organization"},"potentialAction":[{"@type":"SearchAction","target":{"@type":"EntryPoint","urlTemplate":"https:\/\/ptmsrl.com\/?s={search_term_string}"},"query-input":{"@type":"PropertyValueSpecification","valueRequired":true,"valueName":"search_term_string"}}],"inLanguage":"pt-PT"},{"@type":"Organization","@id":"https:\/\/ptmsrl.com\/#organization","name":"PTM srl","url":"https:\/\/ptmsrl.com\/","logo":{"@type":"ImageObject","inLanguage":"pt-PT","@id":"https:\/\/ptmsrl.com\/#\/schema\/logo\/image\/","url":"https:\/\/ptmsrl.com\/wp-content\/uploads\/2018\/10\/LOGO-PTM.png","contentUrl":"https:\/\/ptmsrl.com\/wp-content\/uploads\/2018\/10\/LOGO-PTM.png","width":1000,"height":500,"caption":"PTM srl"},"image":{"@id":"https:\/\/ptmsrl.com\/#\/schema\/logo\/image\/"},"sameAs":["https:\/\/www.facebook.com\/believingintechnology\/","https:\/\/x.com\/ptm","https:\/\/www.linkedin.com\/company\/ptm-s-r-l\/","https:\/\/www.youtube.com\/channel\/UCPSOS0MaR-4jDkAD3HkAC7A"]}]}},"_links":{"self":[{"href":"https:\/\/ptmsrl.com\/pt-pt\/wp-json\/wp\/v2\/product\/21710","targetHints":{"allow":["GET"]}}],"collection":[{"href":"https:\/\/ptmsrl.com\/pt-pt\/wp-json\/wp\/v2\/product"}],"about":[{"href":"https:\/\/ptmsrl.com\/pt-pt\/wp-json\/wp\/v2\/types\/product"}],"wp:featuredmedia":[{"embeddable":true,"href":"https:\/\/ptmsrl.com\/pt-pt\/wp-json\/wp\/v2\/media\/21653"}],"wp:attachment":[{"href":"https:\/\/ptmsrl.com\/pt-pt\/wp-json\/wp\/v2\/media?parent=21710"}],"wp:term":[{"taxonomy":"product_brand","embeddable":true,"href":"https:\/\/ptmsrl.com\/pt-pt\/wp-json\/wp\/v2\/product_brand?post=21710"},{"taxonomy":"product_cat","embeddable":true,"href":"https:\/\/ptmsrl.com\/pt-pt\/wp-json\/wp\/v2\/product_cat?post=21710"},{"taxonomy":"product_tag","embeddable":true,"href":"https:\/\/ptmsrl.com\/pt-pt\/wp-json\/wp\/v2\/product_tag?post=21710"}],"curies":[{"name":"wp","href":"https:\/\/api.w.org\/{rel}","templated":true}]}}