{"id":22410,"date":"2023-07-12T15:29:20","date_gmt":"2023-07-12T13:29:22","guid":{"rendered":"https:\/\/ptmsrl.com\/?post_type=product&#038;p=22410"},"modified":"2025-03-31T17:57:47","modified_gmt":"2025-03-31T15:57:47","slug":"hl-30-series","status":"publish","type":"product","link":"https:\/\/ptmsrl.com\/pt-pt\/prodotto\/hl-30-series\/","title":{"rendered":"HL 30 SERIES"},"content":{"rendered":"<ul>\n<li>Display LCD gr\u00e1fico com brilho da tela autom\u00e1tico<\/li>\n<li>Facilidade de uso com \u00edcones das fun\u00e7\u00f5es<\/li>\n<li>Caixa robusta em alum\u00ednio pintado<\/li>\n<li>Conector padr\u00e3o de s\u00e9rie em todos os modelos<\/li>\n<li>Personaliz\u00e1vel com o logotipo do cliente na central<\/li>\n<li>Sistema opcional &#8220;PTM Multilink&#8221;<\/li>\n<\/ul>\n","protected":false},"excerpt":{"rendered":"<h3><strong>Central eletr\u00f4nica para pesagem e dosagem<\/strong><\/h3>\n<p align=\"justify\">As Centrais eletr\u00f4nicas da HL Series representam a evolu\u00e7\u00e3o da linha HL que caracterizaram a PTM no mercado h\u00e1 anos: Display gr\u00e1fico grande, simplicidade e praticidade nas opera\u00e7\u00f5es s\u00e3o as principais caracter\u00edsticas dessas novas centrais eletr\u00f4nicas.<\/p>\n<p align=\"justify\">Programa\u00e7\u00e3o de at\u00e9 50 receitas, com um m\u00e1ximo de 30 componentes e 30 descargas por receita. As centrais das HL Series est\u00e3o equipadas com um grande display gr\u00e1fico retroiluminado, que garante a m\u00e1xima visibilidade tanto no sol como no escuro, mesmo com o ajuste autom\u00e1tico de brilho.<\/p>\n<p align=\"justify\">Com um menu de navega\u00e7\u00e3o intuitivo e v\u00e1rios \u00edcones funcionais para cada opera\u00e7\u00e3o, a programa\u00e7\u00e3o e a execu\u00e7\u00e3o das receitas tornam-se opera\u00e7\u00f5es simples e imediatas.<\/p>\n<p align=\"justify\">O sistema de conex\u00e3o &#8220;PTM Multilink&#8221; possibilita atrav\u00e9s do conector de s\u00e9rie, instalar e adicionar automaticamente todos os acess\u00f3rios suportados pela central eletr\u00f4nica, n\u00e3o havendo a necessidade de instala\u00e7\u00e3o ou configura\u00e7\u00e3o pois o sistema funciona plug &amp; play.<\/p>\n","protected":false},"featured_media":8371,"template":"","meta":{"inline_featured_image":false},"product_brand":[],"product_cat":[480],"product_tag":[],"class_list":{"0":"post-22410","1":"product","2":"type-product","3":"status-publish","4":"has-post-thumbnail","6":"product_cat-hl-20-50-series-pt-pt","8":"first","9":"instock","10":"downloadable","11":"shipping-taxable","12":"product-type-simple"},"yoast_head":"<!-- This site is optimized with the Yoast SEO plugin v25.3 - https:\/\/yoast.com\/wordpress\/plugins\/seo\/ -->\n<title>PTM Srl | HL 30 SERIES<\/title>\n<meta name=\"robots\" content=\"index, follow, max-snippet:-1, max-image-preview:large, max-video-preview:-1\" \/>\n<link rel=\"canonical\" href=\"https:\/\/ptmsrl.com\/pt-pt\/prodotto\/hl-30-series\/\" \/>\n<meta property=\"og:locale\" content=\"pt_PT\" \/>\n<meta property=\"og:type\" content=\"article\" \/>\n<meta property=\"og:title\" content=\"PTM Srl | HL 30 SERIES\" \/>\n<meta property=\"og:description\" content=\"Central eletr\u00f4nica para pesagem e dosagem As Centrais eletr\u00f4nicas da HL Series representam a evolu\u00e7\u00e3o da linha HL que caracterizaram a PTM no mercado h\u00e1 anos: Display gr\u00e1fico grande, simplicidade e praticidade nas opera\u00e7\u00f5es s\u00e3o as principais caracter\u00edsticas dessas novas centrais eletr\u00f4nicas. Programa\u00e7\u00e3o de at\u00e9 50 receitas, com um m\u00e1ximo de 30 componentes e 30 descargas por receita. As centrais das HL Series est\u00e3o equipadas com um grande display gr\u00e1fico retroiluminado, que garante a m\u00e1xima visibilidade tanto no sol como no escuro, mesmo com o ajuste autom\u00e1tico de brilho. Com um menu de navega\u00e7\u00e3o intuitivo e v\u00e1rios \u00edcones funcionais para cada opera\u00e7\u00e3o, a programa\u00e7\u00e3o e a execu\u00e7\u00e3o das receitas tornam-se opera\u00e7\u00f5es simples e imediatas. O sistema de conex\u00e3o &quot;PTM Multilink&quot; possibilita atrav\u00e9s do conector de s\u00e9rie, instalar e adicionar automaticamente todos os acess\u00f3rios suportados pela central eletr\u00f4nica, n\u00e3o havendo a necessidade de instala\u00e7\u00e3o ou configura\u00e7\u00e3o pois o sistema funciona plug &amp; play.\" \/>\n<meta property=\"og:url\" content=\"https:\/\/ptmsrl.com\/pt-pt\/prodotto\/hl-30-series\/\" \/>\n<meta property=\"og:site_name\" content=\"PTM Srl\" \/>\n<meta property=\"article:publisher\" content=\"https:\/\/www.facebook.com\/believingintechnology\/\" \/>\n<meta property=\"article:modified_time\" content=\"2025-03-31T15:57:47+00:00\" \/>\n<meta property=\"og:image\" content=\"https:\/\/ptmsrl.com\/wp-content\/uploads\/2018\/10\/3_rev1-2.jpg\" \/>\n\t<meta property=\"og:image:width\" content=\"617\" \/>\n\t<meta property=\"og:image:height\" content=\"600\" \/>\n\t<meta property=\"og:image:type\" content=\"image\/jpeg\" \/>\n<meta name=\"twitter:card\" content=\"summary_large_image\" \/>\n<meta name=\"twitter:site\" content=\"@ptm\" \/>\n<meta name=\"twitter:label1\" content=\"Tempo estimado de leitura\" \/>\n\t<meta name=\"twitter:data1\" content=\"1 minuto\" \/>\n<script type=\"application\/ld+json\" class=\"yoast-schema-graph\">{\"@context\":\"https:\/\/schema.org\",\"@graph\":[{\"@type\":\"WebPage\",\"@id\":\"https:\/\/ptmsrl.com\/pt-pt\/prodotto\/hl-30-series\/\",\"url\":\"https:\/\/ptmsrl.com\/pt-pt\/prodotto\/hl-30-series\/\",\"name\":\"PTM Srl | HL 30 SERIES\",\"isPartOf\":{\"@id\":\"https:\/\/ptmsrl.com\/#website\"},\"primaryImageOfPage\":{\"@id\":\"https:\/\/ptmsrl.com\/pt-pt\/prodotto\/hl-30-series\/#primaryimage\"},\"image\":{\"@id\":\"https:\/\/ptmsrl.com\/pt-pt\/prodotto\/hl-30-series\/#primaryimage\"},\"thumbnailUrl\":\"https:\/\/ptmsrl.com\/wp-content\/uploads\/2018\/10\/3_rev1-2.jpg\",\"datePublished\":\"2023-07-12T13:29:22+00:00\",\"dateModified\":\"2025-03-31T15:57:47+00:00\",\"breadcrumb\":{\"@id\":\"https:\/\/ptmsrl.com\/pt-pt\/prodotto\/hl-30-series\/#breadcrumb\"},\"inLanguage\":\"pt-PT\",\"potentialAction\":[{\"@type\":\"ReadAction\",\"target\":[\"https:\/\/ptmsrl.com\/pt-pt\/prodotto\/hl-30-series\/\"]}]},{\"@type\":\"ImageObject\",\"inLanguage\":\"pt-PT\",\"@id\":\"https:\/\/ptmsrl.com\/pt-pt\/prodotto\/hl-30-series\/#primaryimage\",\"url\":\"https:\/\/ptmsrl.com\/wp-content\/uploads\/2018\/10\/3_rev1-2.jpg\",\"contentUrl\":\"https:\/\/ptmsrl.com\/wp-content\/uploads\/2018\/10\/3_rev1-2.jpg\",\"width\":617,\"height\":600,\"caption\":\"3_rev1\"},{\"@type\":\"BreadcrumbList\",\"@id\":\"https:\/\/ptmsrl.com\/pt-pt\/prodotto\/hl-30-series\/#breadcrumb\",\"itemListElement\":[{\"@type\":\"ListItem\",\"position\":1,\"name\":\"Home\",\"item\":\"https:\/\/ptmsrl.com\/pt-pt\/\"},{\"@type\":\"ListItem\",\"position\":2,\"name\":\"Shop\",\"item\":\"https:\/\/ptmsrl.com\/shop\/\"},{\"@type\":\"ListItem\",\"position\":3,\"name\":\"HL 30 SERIES\"}]},{\"@type\":\"WebSite\",\"@id\":\"https:\/\/ptmsrl.com\/#website\",\"url\":\"https:\/\/ptmsrl.com\/\",\"name\":\"PTM Srl\",\"description\":\"\u041c\u042b \u041f\u0420\u041e\u0418\u0417\u0412\u041e\u0414\u0418\u041c \u041a\u0410\u0427\u0415\u0421\u0422\u0412\u041e, \u041a\u041e\u0422\u041e\u0420\u041e\u0415 \u0418\u041c\u0415\u0415\u0422 \u041e\u0421\u041e\u0411\u042b\u0419 \u0412\u0415\u0421\",\"publisher\":{\"@id\":\"https:\/\/ptmsrl.com\/#organization\"},\"potentialAction\":[{\"@type\":\"SearchAction\",\"target\":{\"@type\":\"EntryPoint\",\"urlTemplate\":\"https:\/\/ptmsrl.com\/?s={search_term_string}\"},\"query-input\":{\"@type\":\"PropertyValueSpecification\",\"valueRequired\":true,\"valueName\":\"search_term_string\"}}],\"inLanguage\":\"pt-PT\"},{\"@type\":\"Organization\",\"@id\":\"https:\/\/ptmsrl.com\/#organization\",\"name\":\"PTM srl\",\"url\":\"https:\/\/ptmsrl.com\/\",\"logo\":{\"@type\":\"ImageObject\",\"inLanguage\":\"pt-PT\",\"@id\":\"https:\/\/ptmsrl.com\/#\/schema\/logo\/image\/\",\"url\":\"https:\/\/ptmsrl.com\/wp-content\/uploads\/2018\/10\/LOGO-PTM.png\",\"contentUrl\":\"https:\/\/ptmsrl.com\/wp-content\/uploads\/2018\/10\/LOGO-PTM.png\",\"width\":1000,\"height\":500,\"caption\":\"PTM srl\"},\"image\":{\"@id\":\"https:\/\/ptmsrl.com\/#\/schema\/logo\/image\/\"},\"sameAs\":[\"https:\/\/www.facebook.com\/believingintechnology\/\",\"https:\/\/x.com\/ptm\",\"https:\/\/www.linkedin.com\/company\/ptm-s-r-l\/\",\"https:\/\/www.youtube.com\/channel\/UCPSOS0MaR-4jDkAD3HkAC7A\"]}]}<\/script>\n<!-- \/ Yoast SEO plugin. -->","yoast_head_json":{"title":"PTM Srl | HL 30 SERIES","robots":{"index":"index","follow":"follow","max-snippet":"max-snippet:-1","max-image-preview":"max-image-preview:large","max-video-preview":"max-video-preview:-1"},"canonical":"https:\/\/ptmsrl.com\/pt-pt\/prodotto\/hl-30-series\/","og_locale":"pt_PT","og_type":"article","og_title":"PTM Srl | HL 30 SERIES","og_description":"Central eletr\u00f4nica para pesagem e dosagem As Centrais eletr\u00f4nicas da HL Series representam a evolu\u00e7\u00e3o da linha HL que caracterizaram a PTM no mercado h\u00e1 anos: Display gr\u00e1fico grande, simplicidade e praticidade nas opera\u00e7\u00f5es s\u00e3o as principais caracter\u00edsticas dessas novas centrais eletr\u00f4nicas. Programa\u00e7\u00e3o de at\u00e9 50 receitas, com um m\u00e1ximo de 30 componentes e 30 descargas por receita. As centrais das HL Series est\u00e3o equipadas com um grande display gr\u00e1fico retroiluminado, que garante a m\u00e1xima visibilidade tanto no sol como no escuro, mesmo com o ajuste autom\u00e1tico de brilho. Com um menu de navega\u00e7\u00e3o intuitivo e v\u00e1rios \u00edcones funcionais para cada opera\u00e7\u00e3o, a programa\u00e7\u00e3o e a execu\u00e7\u00e3o das receitas tornam-se opera\u00e7\u00f5es simples e imediatas. O sistema de conex\u00e3o \"PTM Multilink\" possibilita atrav\u00e9s do conector de s\u00e9rie, instalar e adicionar automaticamente todos os acess\u00f3rios suportados pela central eletr\u00f4nica, n\u00e3o havendo a necessidade de instala\u00e7\u00e3o ou configura\u00e7\u00e3o pois o sistema funciona plug &amp; play.","og_url":"https:\/\/ptmsrl.com\/pt-pt\/prodotto\/hl-30-series\/","og_site_name":"PTM Srl","article_publisher":"https:\/\/www.facebook.com\/believingintechnology\/","article_modified_time":"2025-03-31T15:57:47+00:00","og_image":[{"width":617,"height":600,"url":"https:\/\/ptmsrl.com\/wp-content\/uploads\/2018\/10\/3_rev1-2.jpg","type":"image\/jpeg"}],"twitter_card":"summary_large_image","twitter_site":"@ptm","twitter_misc":{"Tempo estimado de leitura":"1 minuto"},"schema":{"@context":"https:\/\/schema.org","@graph":[{"@type":"WebPage","@id":"https:\/\/ptmsrl.com\/pt-pt\/prodotto\/hl-30-series\/","url":"https:\/\/ptmsrl.com\/pt-pt\/prodotto\/hl-30-series\/","name":"PTM Srl | HL 30 SERIES","isPartOf":{"@id":"https:\/\/ptmsrl.com\/#website"},"primaryImageOfPage":{"@id":"https:\/\/ptmsrl.com\/pt-pt\/prodotto\/hl-30-series\/#primaryimage"},"image":{"@id":"https:\/\/ptmsrl.com\/pt-pt\/prodotto\/hl-30-series\/#primaryimage"},"thumbnailUrl":"https:\/\/ptmsrl.com\/wp-content\/uploads\/2018\/10\/3_rev1-2.jpg","datePublished":"2023-07-12T13:29:22+00:00","dateModified":"2025-03-31T15:57:47+00:00","breadcrumb":{"@id":"https:\/\/ptmsrl.com\/pt-pt\/prodotto\/hl-30-series\/#breadcrumb"},"inLanguage":"pt-PT","potentialAction":[{"@type":"ReadAction","target":["https:\/\/ptmsrl.com\/pt-pt\/prodotto\/hl-30-series\/"]}]},{"@type":"ImageObject","inLanguage":"pt-PT","@id":"https:\/\/ptmsrl.com\/pt-pt\/prodotto\/hl-30-series\/#primaryimage","url":"https:\/\/ptmsrl.com\/wp-content\/uploads\/2018\/10\/3_rev1-2.jpg","contentUrl":"https:\/\/ptmsrl.com\/wp-content\/uploads\/2018\/10\/3_rev1-2.jpg","width":617,"height":600,"caption":"3_rev1"},{"@type":"BreadcrumbList","@id":"https:\/\/ptmsrl.com\/pt-pt\/prodotto\/hl-30-series\/#breadcrumb","itemListElement":[{"@type":"ListItem","position":1,"name":"Home","item":"https:\/\/ptmsrl.com\/pt-pt\/"},{"@type":"ListItem","position":2,"name":"Shop","item":"https:\/\/ptmsrl.com\/shop\/"},{"@type":"ListItem","position":3,"name":"HL 30 SERIES"}]},{"@type":"WebSite","@id":"https:\/\/ptmsrl.com\/#website","url":"https:\/\/ptmsrl.com\/","name":"PTM Srl","description":"\u041c\u042b \u041f\u0420\u041e\u0418\u0417\u0412\u041e\u0414\u0418\u041c \u041a\u0410\u0427\u0415\u0421\u0422\u0412\u041e, \u041a\u041e\u0422\u041e\u0420\u041e\u0415 \u0418\u041c\u0415\u0415\u0422 \u041e\u0421\u041e\u0411\u042b\u0419 \u0412\u0415\u0421","publisher":{"@id":"https:\/\/ptmsrl.com\/#organization"},"potentialAction":[{"@type":"SearchAction","target":{"@type":"EntryPoint","urlTemplate":"https:\/\/ptmsrl.com\/?s={search_term_string}"},"query-input":{"@type":"PropertyValueSpecification","valueRequired":true,"valueName":"search_term_string"}}],"inLanguage":"pt-PT"},{"@type":"Organization","@id":"https:\/\/ptmsrl.com\/#organization","name":"PTM srl","url":"https:\/\/ptmsrl.com\/","logo":{"@type":"ImageObject","inLanguage":"pt-PT","@id":"https:\/\/ptmsrl.com\/#\/schema\/logo\/image\/","url":"https:\/\/ptmsrl.com\/wp-content\/uploads\/2018\/10\/LOGO-PTM.png","contentUrl":"https:\/\/ptmsrl.com\/wp-content\/uploads\/2018\/10\/LOGO-PTM.png","width":1000,"height":500,"caption":"PTM srl"},"image":{"@id":"https:\/\/ptmsrl.com\/#\/schema\/logo\/image\/"},"sameAs":["https:\/\/www.facebook.com\/believingintechnology\/","https:\/\/x.com\/ptm","https:\/\/www.linkedin.com\/company\/ptm-s-r-l\/","https:\/\/www.youtube.com\/channel\/UCPSOS0MaR-4jDkAD3HkAC7A"]}]}},"_links":{"self":[{"href":"https:\/\/ptmsrl.com\/pt-pt\/wp-json\/wp\/v2\/product\/22410","targetHints":{"allow":["GET"]}}],"collection":[{"href":"https:\/\/ptmsrl.com\/pt-pt\/wp-json\/wp\/v2\/product"}],"about":[{"href":"https:\/\/ptmsrl.com\/pt-pt\/wp-json\/wp\/v2\/types\/product"}],"wp:featuredmedia":[{"embeddable":true,"href":"https:\/\/ptmsrl.com\/pt-pt\/wp-json\/wp\/v2\/media\/8371"}],"wp:attachment":[{"href":"https:\/\/ptmsrl.com\/pt-pt\/wp-json\/wp\/v2\/media?parent=22410"}],"wp:term":[{"taxonomy":"product_brand","embeddable":true,"href":"https:\/\/ptmsrl.com\/pt-pt\/wp-json\/wp\/v2\/product_brand?post=22410"},{"taxonomy":"product_cat","embeddable":true,"href":"https:\/\/ptmsrl.com\/pt-pt\/wp-json\/wp\/v2\/product_cat?post=22410"},{"taxonomy":"product_tag","embeddable":true,"href":"https:\/\/ptmsrl.com\/pt-pt\/wp-json\/wp\/v2\/product_tag?post=22410"}],"curies":[{"name":"wp","href":"https:\/\/api.w.org\/{rel}","templated":true}]}}