{"id":4347,"date":"2018-09-05T14:45:07","date_gmt":"2018-09-05T12:45:07","guid":{"rendered":"https:\/\/ptmsrl.com\/prodotto\/advance\/"},"modified":"2020-02-27T17:14:56","modified_gmt":"2020-02-27T16:14:56","slug":"advance","status":"publish","type":"product","link":"https:\/\/ptmsrl.com\/pt-pt\/prodotto\/advance\/","title":{"rendered":"Advance"},"content":{"rendered":"<ul>\n<li>\u00d3tima visibilidade mesmo em condi\u00e7\u00f5es de pouca ilumina\u00e7\u00e3o ou de luz intensa<\/li>\n<li>Gr\u00e1fica intuitiva<\/li>\n<li>Teclado alfanum\u00e9rico de f\u00e1cil utiliza\u00e7\u00e3o<\/li>\n<li>Preparado para sistema multilink<\/li>\n<\/ul>\n","protected":false},"excerpt":{"rendered":"<h3 align=\"justify\"><strong>Os indicadores de peso da s\u00e9rie ADVANCE &#8211; linha Unifeed s\u00e3o espec\u00edficos para a gest\u00e3o das opera\u00e7\u00f5es de carga e descarga dos vag\u00f5es misturadores Unifeed.<\/strong><\/h3>\n<p align=\"justify\">Seu sistema eletr\u00f4nico permite programar e gerenciar at\u00e9 150 receitas, com um m\u00e1ximo de 99 componentes, dos quais 30 para cada receita. Possuem um amplo display gr\u00e1fico de 5,7 polegadas e um teclado de f\u00e1cil utiliza\u00e7\u00e3o.<\/p>\n<p align=\"justify\">Gra\u00e7as a um menu de navega\u00e7\u00e3o intuitivo, a programa\u00e7\u00e3o e execu\u00e7\u00e3o de receitas tornam-se opera\u00e7\u00f5es simples e imediatas. Os indicadores de peso desta s\u00e9rie sao intercabiaveis com os softwares Superdatamix 5, DataMixCard 3.50 e o Ptm Management.<\/p>\n<p align=\"justify\">Mediante o sistema de liga\u00e7\u00e3o de perif\u00e9ricos \u201cPTM Multilink\u201d \u00e9 poss\u00edvel conectar simultaneamente v\u00e1rios dispositivos opcionais (por exemplo: impressora, display repetidor, controle remoto, rel\u00e9s adicionais para a gest\u00e3o de topcut, mixer, etc.). Todos os indicadores de peso da s\u00e9rie Advance possuem contatos dourados, conector para a liga\u00e7\u00e3o de acess\u00f3rios opcionais, caixa de alum\u00ednio, prote\u00e7\u00e3o contra invers\u00f5es de alimenta\u00e7\u00e3o e sobrecorrentes garantida por fus\u00edveis de rearme autom\u00e1tico.<\/p>\n","protected":false},"featured_media":8451,"template":"","meta":{"inline_featured_image":false},"product_brand":[],"product_cat":[215],"product_tag":[],"class_list":{"0":"post-4347","1":"product","2":"type-product","3":"status-publish","4":"has-post-thumbnail","6":"product_cat-serie-advance-pt-pt","8":"first","9":"instock","10":"downloadable","11":"shipping-taxable","12":"product-type-simple"},"yoast_head":"<!-- This site is optimized with the Yoast SEO plugin v25.3 - https:\/\/yoast.com\/wordpress\/plugins\/seo\/ -->\n<title>PTM Srl | Advance<\/title>\n<meta name=\"robots\" content=\"index, follow, max-snippet:-1, max-image-preview:large, max-video-preview:-1\" \/>\n<link rel=\"canonical\" href=\"https:\/\/ptmsrl.com\/pt-pt\/prodotto\/advance\/\" \/>\n<meta property=\"og:locale\" content=\"pt_PT\" \/>\n<meta property=\"og:type\" content=\"article\" \/>\n<meta property=\"og:title\" content=\"PTM Srl | Advance\" \/>\n<meta property=\"og:description\" content=\"Os indicadores de peso da s\u00e9rie ADVANCE - linha Unifeed s\u00e3o espec\u00edficos para a gest\u00e3o das opera\u00e7\u00f5es de carga e descarga dos vag\u00f5es misturadores Unifeed. Seu sistema eletr\u00f4nico permite programar e gerenciar at\u00e9 150 receitas, com um m\u00e1ximo de 99 componentes, dos quais 30 para cada receita. Possuem um amplo display gr\u00e1fico de 5,7 polegadas e um teclado de f\u00e1cil utiliza\u00e7\u00e3o. Gra\u00e7as a um menu de navega\u00e7\u00e3o intuitivo, a programa\u00e7\u00e3o e execu\u00e7\u00e3o de receitas tornam-se opera\u00e7\u00f5es simples e imediatas. Os indicadores de peso desta s\u00e9rie sao intercabiaveis com os softwares Superdatamix 5, DataMixCard 3.50 e o Ptm Management. Mediante o sistema de liga\u00e7\u00e3o de perif\u00e9ricos \u201cPTM Multilink\u201d \u00e9 poss\u00edvel conectar simultaneamente v\u00e1rios dispositivos opcionais (por exemplo: impressora, display repetidor, controle remoto, rel\u00e9s adicionais para a gest\u00e3o de topcut, mixer, etc.). Todos os indicadores de peso da s\u00e9rie Advance possuem contatos dourados, conector para a liga\u00e7\u00e3o de acess\u00f3rios opcionais, caixa de alum\u00ednio, prote\u00e7\u00e3o contra invers\u00f5es de alimenta\u00e7\u00e3o e sobrecorrentes garantida por fus\u00edveis de rearme autom\u00e1tico.\" \/>\n<meta property=\"og:url\" content=\"https:\/\/ptmsrl.com\/pt-pt\/prodotto\/advance\/\" \/>\n<meta property=\"og:site_name\" content=\"PTM Srl\" \/>\n<meta property=\"article:publisher\" content=\"https:\/\/www.facebook.com\/believingintechnology\/\" \/>\n<meta property=\"article:modified_time\" content=\"2020-02-27T16:14:56+00:00\" \/>\n<meta property=\"og:image\" content=\"https:\/\/ptmsrl.com\/wp-content\/uploads\/2018\/09\/ADVANCE.jpg\" \/>\n\t<meta property=\"og:image:width\" content=\"800\" \/>\n\t<meta property=\"og:image:height\" content=\"572\" \/>\n\t<meta property=\"og:image:type\" content=\"image\/jpeg\" \/>\n<meta name=\"twitter:card\" content=\"summary_large_image\" \/>\n<meta name=\"twitter:site\" content=\"@ptm\" \/>\n<script type=\"application\/ld+json\" class=\"yoast-schema-graph\">{\"@context\":\"https:\/\/schema.org\",\"@graph\":[{\"@type\":\"WebPage\",\"@id\":\"https:\/\/ptmsrl.com\/pt-pt\/prodotto\/advance\/\",\"url\":\"https:\/\/ptmsrl.com\/pt-pt\/prodotto\/advance\/\",\"name\":\"PTM Srl | Advance\",\"isPartOf\":{\"@id\":\"https:\/\/ptmsrl.com\/#website\"},\"primaryImageOfPage\":{\"@id\":\"https:\/\/ptmsrl.com\/pt-pt\/prodotto\/advance\/#primaryimage\"},\"image\":{\"@id\":\"https:\/\/ptmsrl.com\/pt-pt\/prodotto\/advance\/#primaryimage\"},\"thumbnailUrl\":\"https:\/\/ptmsrl.com\/wp-content\/uploads\/2018\/09\/ADVANCE.jpg\",\"datePublished\":\"2018-09-05T12:45:07+00:00\",\"dateModified\":\"2020-02-27T16:14:56+00:00\",\"breadcrumb\":{\"@id\":\"https:\/\/ptmsrl.com\/pt-pt\/prodotto\/advance\/#breadcrumb\"},\"inLanguage\":\"pt-PT\",\"potentialAction\":[{\"@type\":\"ReadAction\",\"target\":[\"https:\/\/ptmsrl.com\/pt-pt\/prodotto\/advance\/\"]}]},{\"@type\":\"ImageObject\",\"inLanguage\":\"pt-PT\",\"@id\":\"https:\/\/ptmsrl.com\/pt-pt\/prodotto\/advance\/#primaryimage\",\"url\":\"https:\/\/ptmsrl.com\/wp-content\/uploads\/2018\/09\/ADVANCE.jpg\",\"contentUrl\":\"https:\/\/ptmsrl.com\/wp-content\/uploads\/2018\/09\/ADVANCE.jpg\",\"width\":800,\"height\":572,\"caption\":\"advance\"},{\"@type\":\"BreadcrumbList\",\"@id\":\"https:\/\/ptmsrl.com\/pt-pt\/prodotto\/advance\/#breadcrumb\",\"itemListElement\":[{\"@type\":\"ListItem\",\"position\":1,\"name\":\"Home\",\"item\":\"https:\/\/ptmsrl.com\/pt-pt\/\"},{\"@type\":\"ListItem\",\"position\":2,\"name\":\"Shop\",\"item\":\"https:\/\/ptmsrl.com\/shop\/\"},{\"@type\":\"ListItem\",\"position\":3,\"name\":\"Advance\"}]},{\"@type\":\"WebSite\",\"@id\":\"https:\/\/ptmsrl.com\/#website\",\"url\":\"https:\/\/ptmsrl.com\/\",\"name\":\"PTM Srl\",\"description\":\"\u041c\u042b \u041f\u0420\u041e\u0418\u0417\u0412\u041e\u0414\u0418\u041c \u041a\u0410\u0427\u0415\u0421\u0422\u0412\u041e, \u041a\u041e\u0422\u041e\u0420\u041e\u0415 \u0418\u041c\u0415\u0415\u0422 \u041e\u0421\u041e\u0411\u042b\u0419 \u0412\u0415\u0421\",\"publisher\":{\"@id\":\"https:\/\/ptmsrl.com\/#organization\"},\"potentialAction\":[{\"@type\":\"SearchAction\",\"target\":{\"@type\":\"EntryPoint\",\"urlTemplate\":\"https:\/\/ptmsrl.com\/?s={search_term_string}\"},\"query-input\":{\"@type\":\"PropertyValueSpecification\",\"valueRequired\":true,\"valueName\":\"search_term_string\"}}],\"inLanguage\":\"pt-PT\"},{\"@type\":\"Organization\",\"@id\":\"https:\/\/ptmsrl.com\/#organization\",\"name\":\"PTM srl\",\"url\":\"https:\/\/ptmsrl.com\/\",\"logo\":{\"@type\":\"ImageObject\",\"inLanguage\":\"pt-PT\",\"@id\":\"https:\/\/ptmsrl.com\/#\/schema\/logo\/image\/\",\"url\":\"https:\/\/ptmsrl.com\/wp-content\/uploads\/2018\/10\/LOGO-PTM.png\",\"contentUrl\":\"https:\/\/ptmsrl.com\/wp-content\/uploads\/2018\/10\/LOGO-PTM.png\",\"width\":1000,\"height\":500,\"caption\":\"PTM srl\"},\"image\":{\"@id\":\"https:\/\/ptmsrl.com\/#\/schema\/logo\/image\/\"},\"sameAs\":[\"https:\/\/www.facebook.com\/believingintechnology\/\",\"https:\/\/x.com\/ptm\",\"https:\/\/www.linkedin.com\/company\/ptm-s-r-l\/\",\"https:\/\/www.youtube.com\/channel\/UCPSOS0MaR-4jDkAD3HkAC7A\"]}]}<\/script>\n<!-- \/ Yoast SEO plugin. -->","yoast_head_json":{"title":"PTM Srl | Advance","robots":{"index":"index","follow":"follow","max-snippet":"max-snippet:-1","max-image-preview":"max-image-preview:large","max-video-preview":"max-video-preview:-1"},"canonical":"https:\/\/ptmsrl.com\/pt-pt\/prodotto\/advance\/","og_locale":"pt_PT","og_type":"article","og_title":"PTM Srl | Advance","og_description":"Os indicadores de peso da s\u00e9rie ADVANCE - linha Unifeed s\u00e3o espec\u00edficos para a gest\u00e3o das opera\u00e7\u00f5es de carga e descarga dos vag\u00f5es misturadores Unifeed. Seu sistema eletr\u00f4nico permite programar e gerenciar at\u00e9 150 receitas, com um m\u00e1ximo de 99 componentes, dos quais 30 para cada receita. Possuem um amplo display gr\u00e1fico de 5,7 polegadas e um teclado de f\u00e1cil utiliza\u00e7\u00e3o. Gra\u00e7as a um menu de navega\u00e7\u00e3o intuitivo, a programa\u00e7\u00e3o e execu\u00e7\u00e3o de receitas tornam-se opera\u00e7\u00f5es simples e imediatas. Os indicadores de peso desta s\u00e9rie sao intercabiaveis com os softwares Superdatamix 5, DataMixCard 3.50 e o Ptm Management. Mediante o sistema de liga\u00e7\u00e3o de perif\u00e9ricos \u201cPTM Multilink\u201d \u00e9 poss\u00edvel conectar simultaneamente v\u00e1rios dispositivos opcionais (por exemplo: impressora, display repetidor, controle remoto, rel\u00e9s adicionais para a gest\u00e3o de topcut, mixer, etc.). Todos os indicadores de peso da s\u00e9rie Advance possuem contatos dourados, conector para a liga\u00e7\u00e3o de acess\u00f3rios opcionais, caixa de alum\u00ednio, prote\u00e7\u00e3o contra invers\u00f5es de alimenta\u00e7\u00e3o e sobrecorrentes garantida por fus\u00edveis de rearme autom\u00e1tico.","og_url":"https:\/\/ptmsrl.com\/pt-pt\/prodotto\/advance\/","og_site_name":"PTM Srl","article_publisher":"https:\/\/www.facebook.com\/believingintechnology\/","article_modified_time":"2020-02-27T16:14:56+00:00","og_image":[{"width":800,"height":572,"url":"https:\/\/ptmsrl.com\/wp-content\/uploads\/2018\/09\/ADVANCE.jpg","type":"image\/jpeg"}],"twitter_card":"summary_large_image","twitter_site":"@ptm","schema":{"@context":"https:\/\/schema.org","@graph":[{"@type":"WebPage","@id":"https:\/\/ptmsrl.com\/pt-pt\/prodotto\/advance\/","url":"https:\/\/ptmsrl.com\/pt-pt\/prodotto\/advance\/","name":"PTM Srl | Advance","isPartOf":{"@id":"https:\/\/ptmsrl.com\/#website"},"primaryImageOfPage":{"@id":"https:\/\/ptmsrl.com\/pt-pt\/prodotto\/advance\/#primaryimage"},"image":{"@id":"https:\/\/ptmsrl.com\/pt-pt\/prodotto\/advance\/#primaryimage"},"thumbnailUrl":"https:\/\/ptmsrl.com\/wp-content\/uploads\/2018\/09\/ADVANCE.jpg","datePublished":"2018-09-05T12:45:07+00:00","dateModified":"2020-02-27T16:14:56+00:00","breadcrumb":{"@id":"https:\/\/ptmsrl.com\/pt-pt\/prodotto\/advance\/#breadcrumb"},"inLanguage":"pt-PT","potentialAction":[{"@type":"ReadAction","target":["https:\/\/ptmsrl.com\/pt-pt\/prodotto\/advance\/"]}]},{"@type":"ImageObject","inLanguage":"pt-PT","@id":"https:\/\/ptmsrl.com\/pt-pt\/prodotto\/advance\/#primaryimage","url":"https:\/\/ptmsrl.com\/wp-content\/uploads\/2018\/09\/ADVANCE.jpg","contentUrl":"https:\/\/ptmsrl.com\/wp-content\/uploads\/2018\/09\/ADVANCE.jpg","width":800,"height":572,"caption":"advance"},{"@type":"BreadcrumbList","@id":"https:\/\/ptmsrl.com\/pt-pt\/prodotto\/advance\/#breadcrumb","itemListElement":[{"@type":"ListItem","position":1,"name":"Home","item":"https:\/\/ptmsrl.com\/pt-pt\/"},{"@type":"ListItem","position":2,"name":"Shop","item":"https:\/\/ptmsrl.com\/shop\/"},{"@type":"ListItem","position":3,"name":"Advance"}]},{"@type":"WebSite","@id":"https:\/\/ptmsrl.com\/#website","url":"https:\/\/ptmsrl.com\/","name":"PTM Srl","description":"\u041c\u042b \u041f\u0420\u041e\u0418\u0417\u0412\u041e\u0414\u0418\u041c \u041a\u0410\u0427\u0415\u0421\u0422\u0412\u041e, \u041a\u041e\u0422\u041e\u0420\u041e\u0415 \u0418\u041c\u0415\u0415\u0422 \u041e\u0421\u041e\u0411\u042b\u0419 \u0412\u0415\u0421","publisher":{"@id":"https:\/\/ptmsrl.com\/#organization"},"potentialAction":[{"@type":"SearchAction","target":{"@type":"EntryPoint","urlTemplate":"https:\/\/ptmsrl.com\/?s={search_term_string}"},"query-input":{"@type":"PropertyValueSpecification","valueRequired":true,"valueName":"search_term_string"}}],"inLanguage":"pt-PT"},{"@type":"Organization","@id":"https:\/\/ptmsrl.com\/#organization","name":"PTM srl","url":"https:\/\/ptmsrl.com\/","logo":{"@type":"ImageObject","inLanguage":"pt-PT","@id":"https:\/\/ptmsrl.com\/#\/schema\/logo\/image\/","url":"https:\/\/ptmsrl.com\/wp-content\/uploads\/2018\/10\/LOGO-PTM.png","contentUrl":"https:\/\/ptmsrl.com\/wp-content\/uploads\/2018\/10\/LOGO-PTM.png","width":1000,"height":500,"caption":"PTM srl"},"image":{"@id":"https:\/\/ptmsrl.com\/#\/schema\/logo\/image\/"},"sameAs":["https:\/\/www.facebook.com\/believingintechnology\/","https:\/\/x.com\/ptm","https:\/\/www.linkedin.com\/company\/ptm-s-r-l\/","https:\/\/www.youtube.com\/channel\/UCPSOS0MaR-4jDkAD3HkAC7A"]}]}},"_links":{"self":[{"href":"https:\/\/ptmsrl.com\/pt-pt\/wp-json\/wp\/v2\/product\/4347","targetHints":{"allow":["GET"]}}],"collection":[{"href":"https:\/\/ptmsrl.com\/pt-pt\/wp-json\/wp\/v2\/product"}],"about":[{"href":"https:\/\/ptmsrl.com\/pt-pt\/wp-json\/wp\/v2\/types\/product"}],"wp:featuredmedia":[{"embeddable":true,"href":"https:\/\/ptmsrl.com\/pt-pt\/wp-json\/wp\/v2\/media\/8451"}],"wp:attachment":[{"href":"https:\/\/ptmsrl.com\/pt-pt\/wp-json\/wp\/v2\/media?parent=4347"}],"wp:term":[{"taxonomy":"product_brand","embeddable":true,"href":"https:\/\/ptmsrl.com\/pt-pt\/wp-json\/wp\/v2\/product_brand?post=4347"},{"taxonomy":"product_cat","embeddable":true,"href":"https:\/\/ptmsrl.com\/pt-pt\/wp-json\/wp\/v2\/product_cat?post=4347"},{"taxonomy":"product_tag","embeddable":true,"href":"https:\/\/ptmsrl.com\/pt-pt\/wp-json\/wp\/v2\/product_tag?post=4347"}],"curies":[{"name":"wp","href":"https:\/\/api.w.org\/{rel}","templated":true}]}}