{"id":4453,"date":"2018-09-05T16:16:20","date_gmt":"2018-09-05T14:16:20","guid":{"rendered":"https:\/\/ptmsrl.com\/prodotto\/advance-420-420-twin\/"},"modified":"2019-07-17T09:32:29","modified_gmt":"2019-07-17T07:32:29","slug":"advance-420-420-twin","status":"publish","type":"product","link":"https:\/\/ptmsrl.com\/pt-pt\/prodotto\/advance-420-420-twin\/","title":{"rendered":"Advance 420 &#8211; 420 Twin"},"content":{"rendered":"","protected":false},"excerpt":{"rendered":"<ul>\n<li>Central eletr\u00f4nica de pesagem para utiliza\u00e7\u00e3o em usinas de Bio G\u00e1s e industrias, com convers\u00e3o do peso em uma sa\u00edda 4-20mA.<\/li>\n<li>Conex\u00e3o de sa\u00edda para m\u00f3dulo opcional, permitindo transferir os dados atrav\u00e9s de protocolo de comunica\u00e7\u00e3o PROFIBUS.<\/li>\n<li>M\u00f3dulo adicional Multilink que possibilita controlar todas as fun\u00e7\u00f5es de entrada e sa\u00edda dispon\u00edveis.<\/li>\n<li>O sistema Multilink possibilita visualizar o valor do peso a dist\u00e2ncia, atrav\u00e9s do display repetidor conectado via cabo ou RF.<\/li>\n<li>Possibilidade de efetuar uma a tr\u00eas descargas autom\u00e1ticas atrav\u00e9s das entradas e sa\u00eddas do cart\u00e3o DRIVE 7.6.<\/li>\n<li>A vers\u00e3o TWIN possui dois canais de entrada que mostram o peso de dois grupos de sensores; estes valores s\u00e3o posteriormente somados, resultando no peso total que \u00e9 visualizado. Os dois valores s\u00e3o tamb\u00e9m convertidos e disponibilizados em duas sa\u00eddas de 4 a 20mA e\/ou PROFIBUS.<\/li>\n<\/ul>\n<p>&nbsp;<\/p>\n","protected":false},"featured_media":9326,"template":"","meta":{"inline_featured_image":false},"product_brand":[],"product_cat":[220],"product_tag":[],"class_list":{"0":"post-4453","1":"product","2":"type-product","3":"status-publish","4":"has-post-thumbnail","6":"product_cat-serie-advance-bio-pt-pt","8":"first","9":"instock","10":"downloadable","11":"shipping-taxable","12":"product-type-simple"},"yoast_head":"<!-- This site is optimized with the Yoast SEO plugin v25.3 - https:\/\/yoast.com\/wordpress\/plugins\/seo\/ -->\n<title>PTM Srl | Advance 420 - 420 Twin<\/title>\n<meta name=\"robots\" content=\"index, follow, max-snippet:-1, max-image-preview:large, max-video-preview:-1\" \/>\n<link rel=\"canonical\" href=\"https:\/\/ptmsrl.com\/pt-pt\/prodotto\/advance-420-420-twin\/\" \/>\n<meta property=\"og:locale\" content=\"pt_PT\" \/>\n<meta property=\"og:type\" content=\"article\" \/>\n<meta property=\"og:title\" content=\"PTM Srl | Advance 420 - 420 Twin\" \/>\n<meta property=\"og:description\" content=\"Central eletr\u00f4nica de pesagem para utiliza\u00e7\u00e3o em usinas de Bio G\u00e1s e industrias, com convers\u00e3o do peso em uma sa\u00edda 4-20mA.  Conex\u00e3o de sa\u00edda para m\u00f3dulo opcional, permitindo transferir os dados atrav\u00e9s de protocolo de comunica\u00e7\u00e3o PROFIBUS.  M\u00f3dulo adicional Multilink que possibilita controlar todas as fun\u00e7\u00f5es de entrada e sa\u00edda dispon\u00edveis.  O sistema Multilink possibilita visualizar o valor do peso a dist\u00e2ncia, atrav\u00e9s do display repetidor conectado via cabo ou RF.  Possibilidade de efetuar uma a tr\u00eas descargas autom\u00e1ticas atrav\u00e9s das entradas e sa\u00eddas do cart\u00e3o DRIVE 7.6.  A vers\u00e3o TWIN possui dois canais de entrada que mostram o peso de dois grupos de sensores; estes valores s\u00e3o posteriormente somados, resultando no peso total que \u00e9 visualizado. Os dois valores s\u00e3o tamb\u00e9m convertidos e disponibilizados em duas sa\u00eddas de 4 a 20mA e\/ou PROFIBUS.  &nbsp;\" \/>\n<meta property=\"og:url\" content=\"https:\/\/ptmsrl.com\/pt-pt\/prodotto\/advance-420-420-twin\/\" \/>\n<meta property=\"og:site_name\" content=\"PTM Srl\" \/>\n<meta property=\"article:publisher\" content=\"https:\/\/www.facebook.com\/believingintechnology\/\" \/>\n<meta property=\"article:modified_time\" content=\"2019-07-17T07:32:29+00:00\" \/>\n<meta property=\"og:image\" content=\"https:\/\/ptmsrl.com\/wp-content\/uploads\/2018\/09\/ADVANCE-420-1.jpg\" \/>\n\t<meta property=\"og:image:width\" content=\"1024\" \/>\n\t<meta property=\"og:image:height\" content=\"1024\" \/>\n\t<meta property=\"og:image:type\" content=\"image\/jpeg\" \/>\n<meta name=\"twitter:card\" content=\"summary_large_image\" \/>\n<meta name=\"twitter:site\" content=\"@ptm\" \/>\n<script type=\"application\/ld+json\" class=\"yoast-schema-graph\">{\"@context\":\"https:\/\/schema.org\",\"@graph\":[{\"@type\":\"WebPage\",\"@id\":\"https:\/\/ptmsrl.com\/pt-pt\/prodotto\/advance-420-420-twin\/\",\"url\":\"https:\/\/ptmsrl.com\/pt-pt\/prodotto\/advance-420-420-twin\/\",\"name\":\"PTM Srl | Advance 420 - 420 Twin\",\"isPartOf\":{\"@id\":\"https:\/\/ptmsrl.com\/#website\"},\"primaryImageOfPage\":{\"@id\":\"https:\/\/ptmsrl.com\/pt-pt\/prodotto\/advance-420-420-twin\/#primaryimage\"},\"image\":{\"@id\":\"https:\/\/ptmsrl.com\/pt-pt\/prodotto\/advance-420-420-twin\/#primaryimage\"},\"thumbnailUrl\":\"https:\/\/ptmsrl.com\/wp-content\/uploads\/2018\/09\/ADVANCE-420-1.jpg\",\"datePublished\":\"2018-09-05T14:16:20+00:00\",\"dateModified\":\"2019-07-17T07:32:29+00:00\",\"breadcrumb\":{\"@id\":\"https:\/\/ptmsrl.com\/pt-pt\/prodotto\/advance-420-420-twin\/#breadcrumb\"},\"inLanguage\":\"pt-PT\",\"potentialAction\":[{\"@type\":\"ReadAction\",\"target\":[\"https:\/\/ptmsrl.com\/pt-pt\/prodotto\/advance-420-420-twin\/\"]}]},{\"@type\":\"ImageObject\",\"inLanguage\":\"pt-PT\",\"@id\":\"https:\/\/ptmsrl.com\/pt-pt\/prodotto\/advance-420-420-twin\/#primaryimage\",\"url\":\"https:\/\/ptmsrl.com\/wp-content\/uploads\/2018\/09\/ADVANCE-420-1.jpg\",\"contentUrl\":\"https:\/\/ptmsrl.com\/wp-content\/uploads\/2018\/09\/ADVANCE-420-1.jpg\",\"width\":1024,\"height\":1024,\"caption\":\"advance-420\"},{\"@type\":\"BreadcrumbList\",\"@id\":\"https:\/\/ptmsrl.com\/pt-pt\/prodotto\/advance-420-420-twin\/#breadcrumb\",\"itemListElement\":[{\"@type\":\"ListItem\",\"position\":1,\"name\":\"Home\",\"item\":\"https:\/\/ptmsrl.com\/pt-pt\/\"},{\"@type\":\"ListItem\",\"position\":2,\"name\":\"Shop\",\"item\":\"https:\/\/ptmsrl.com\/shop\/\"},{\"@type\":\"ListItem\",\"position\":3,\"name\":\"Advance 420 &#8211; 420 Twin\"}]},{\"@type\":\"WebSite\",\"@id\":\"https:\/\/ptmsrl.com\/#website\",\"url\":\"https:\/\/ptmsrl.com\/\",\"name\":\"PTM Srl\",\"description\":\"\u041c\u042b \u041f\u0420\u041e\u0418\u0417\u0412\u041e\u0414\u0418\u041c \u041a\u0410\u0427\u0415\u0421\u0422\u0412\u041e, \u041a\u041e\u0422\u041e\u0420\u041e\u0415 \u0418\u041c\u0415\u0415\u0422 \u041e\u0421\u041e\u0411\u042b\u0419 \u0412\u0415\u0421\",\"publisher\":{\"@id\":\"https:\/\/ptmsrl.com\/#organization\"},\"potentialAction\":[{\"@type\":\"SearchAction\",\"target\":{\"@type\":\"EntryPoint\",\"urlTemplate\":\"https:\/\/ptmsrl.com\/?s={search_term_string}\"},\"query-input\":{\"@type\":\"PropertyValueSpecification\",\"valueRequired\":true,\"valueName\":\"search_term_string\"}}],\"inLanguage\":\"pt-PT\"},{\"@type\":\"Organization\",\"@id\":\"https:\/\/ptmsrl.com\/#organization\",\"name\":\"PTM srl\",\"url\":\"https:\/\/ptmsrl.com\/\",\"logo\":{\"@type\":\"ImageObject\",\"inLanguage\":\"pt-PT\",\"@id\":\"https:\/\/ptmsrl.com\/#\/schema\/logo\/image\/\",\"url\":\"https:\/\/ptmsrl.com\/wp-content\/uploads\/2018\/10\/LOGO-PTM.png\",\"contentUrl\":\"https:\/\/ptmsrl.com\/wp-content\/uploads\/2018\/10\/LOGO-PTM.png\",\"width\":1000,\"height\":500,\"caption\":\"PTM srl\"},\"image\":{\"@id\":\"https:\/\/ptmsrl.com\/#\/schema\/logo\/image\/\"},\"sameAs\":[\"https:\/\/www.facebook.com\/believingintechnology\/\",\"https:\/\/x.com\/ptm\",\"https:\/\/www.linkedin.com\/company\/ptm-s-r-l\/\",\"https:\/\/www.youtube.com\/channel\/UCPSOS0MaR-4jDkAD3HkAC7A\"]}]}<\/script>\n<!-- \/ Yoast SEO plugin. -->","yoast_head_json":{"title":"PTM Srl | Advance 420 - 420 Twin","robots":{"index":"index","follow":"follow","max-snippet":"max-snippet:-1","max-image-preview":"max-image-preview:large","max-video-preview":"max-video-preview:-1"},"canonical":"https:\/\/ptmsrl.com\/pt-pt\/prodotto\/advance-420-420-twin\/","og_locale":"pt_PT","og_type":"article","og_title":"PTM Srl | Advance 420 - 420 Twin","og_description":"Central eletr\u00f4nica de pesagem para utiliza\u00e7\u00e3o em usinas de Bio G\u00e1s e industrias, com convers\u00e3o do peso em uma sa\u00edda 4-20mA.  Conex\u00e3o de sa\u00edda para m\u00f3dulo opcional, permitindo transferir os dados atrav\u00e9s de protocolo de comunica\u00e7\u00e3o PROFIBUS.  M\u00f3dulo adicional Multilink que possibilita controlar todas as fun\u00e7\u00f5es de entrada e sa\u00edda dispon\u00edveis.  O sistema Multilink possibilita visualizar o valor do peso a dist\u00e2ncia, atrav\u00e9s do display repetidor conectado via cabo ou RF.  Possibilidade de efetuar uma a tr\u00eas descargas autom\u00e1ticas atrav\u00e9s das entradas e sa\u00eddas do cart\u00e3o DRIVE 7.6.  A vers\u00e3o TWIN possui dois canais de entrada que mostram o peso de dois grupos de sensores; estes valores s\u00e3o posteriormente somados, resultando no peso total que \u00e9 visualizado. Os dois valores s\u00e3o tamb\u00e9m convertidos e disponibilizados em duas sa\u00eddas de 4 a 20mA e\/ou PROFIBUS.  &nbsp;","og_url":"https:\/\/ptmsrl.com\/pt-pt\/prodotto\/advance-420-420-twin\/","og_site_name":"PTM Srl","article_publisher":"https:\/\/www.facebook.com\/believingintechnology\/","article_modified_time":"2019-07-17T07:32:29+00:00","og_image":[{"width":1024,"height":1024,"url":"https:\/\/ptmsrl.com\/wp-content\/uploads\/2018\/09\/ADVANCE-420-1.jpg","type":"image\/jpeg"}],"twitter_card":"summary_large_image","twitter_site":"@ptm","schema":{"@context":"https:\/\/schema.org","@graph":[{"@type":"WebPage","@id":"https:\/\/ptmsrl.com\/pt-pt\/prodotto\/advance-420-420-twin\/","url":"https:\/\/ptmsrl.com\/pt-pt\/prodotto\/advance-420-420-twin\/","name":"PTM Srl | Advance 420 - 420 Twin","isPartOf":{"@id":"https:\/\/ptmsrl.com\/#website"},"primaryImageOfPage":{"@id":"https:\/\/ptmsrl.com\/pt-pt\/prodotto\/advance-420-420-twin\/#primaryimage"},"image":{"@id":"https:\/\/ptmsrl.com\/pt-pt\/prodotto\/advance-420-420-twin\/#primaryimage"},"thumbnailUrl":"https:\/\/ptmsrl.com\/wp-content\/uploads\/2018\/09\/ADVANCE-420-1.jpg","datePublished":"2018-09-05T14:16:20+00:00","dateModified":"2019-07-17T07:32:29+00:00","breadcrumb":{"@id":"https:\/\/ptmsrl.com\/pt-pt\/prodotto\/advance-420-420-twin\/#breadcrumb"},"inLanguage":"pt-PT","potentialAction":[{"@type":"ReadAction","target":["https:\/\/ptmsrl.com\/pt-pt\/prodotto\/advance-420-420-twin\/"]}]},{"@type":"ImageObject","inLanguage":"pt-PT","@id":"https:\/\/ptmsrl.com\/pt-pt\/prodotto\/advance-420-420-twin\/#primaryimage","url":"https:\/\/ptmsrl.com\/wp-content\/uploads\/2018\/09\/ADVANCE-420-1.jpg","contentUrl":"https:\/\/ptmsrl.com\/wp-content\/uploads\/2018\/09\/ADVANCE-420-1.jpg","width":1024,"height":1024,"caption":"advance-420"},{"@type":"BreadcrumbList","@id":"https:\/\/ptmsrl.com\/pt-pt\/prodotto\/advance-420-420-twin\/#breadcrumb","itemListElement":[{"@type":"ListItem","position":1,"name":"Home","item":"https:\/\/ptmsrl.com\/pt-pt\/"},{"@type":"ListItem","position":2,"name":"Shop","item":"https:\/\/ptmsrl.com\/shop\/"},{"@type":"ListItem","position":3,"name":"Advance 420 &#8211; 420 Twin"}]},{"@type":"WebSite","@id":"https:\/\/ptmsrl.com\/#website","url":"https:\/\/ptmsrl.com\/","name":"PTM Srl","description":"\u041c\u042b \u041f\u0420\u041e\u0418\u0417\u0412\u041e\u0414\u0418\u041c \u041a\u0410\u0427\u0415\u0421\u0422\u0412\u041e, \u041a\u041e\u0422\u041e\u0420\u041e\u0415 \u0418\u041c\u0415\u0415\u0422 \u041e\u0421\u041e\u0411\u042b\u0419 \u0412\u0415\u0421","publisher":{"@id":"https:\/\/ptmsrl.com\/#organization"},"potentialAction":[{"@type":"SearchAction","target":{"@type":"EntryPoint","urlTemplate":"https:\/\/ptmsrl.com\/?s={search_term_string}"},"query-input":{"@type":"PropertyValueSpecification","valueRequired":true,"valueName":"search_term_string"}}],"inLanguage":"pt-PT"},{"@type":"Organization","@id":"https:\/\/ptmsrl.com\/#organization","name":"PTM srl","url":"https:\/\/ptmsrl.com\/","logo":{"@type":"ImageObject","inLanguage":"pt-PT","@id":"https:\/\/ptmsrl.com\/#\/schema\/logo\/image\/","url":"https:\/\/ptmsrl.com\/wp-content\/uploads\/2018\/10\/LOGO-PTM.png","contentUrl":"https:\/\/ptmsrl.com\/wp-content\/uploads\/2018\/10\/LOGO-PTM.png","width":1000,"height":500,"caption":"PTM srl"},"image":{"@id":"https:\/\/ptmsrl.com\/#\/schema\/logo\/image\/"},"sameAs":["https:\/\/www.facebook.com\/believingintechnology\/","https:\/\/x.com\/ptm","https:\/\/www.linkedin.com\/company\/ptm-s-r-l\/","https:\/\/www.youtube.com\/channel\/UCPSOS0MaR-4jDkAD3HkAC7A"]}]}},"_links":{"self":[{"href":"https:\/\/ptmsrl.com\/pt-pt\/wp-json\/wp\/v2\/product\/4453","targetHints":{"allow":["GET"]}}],"collection":[{"href":"https:\/\/ptmsrl.com\/pt-pt\/wp-json\/wp\/v2\/product"}],"about":[{"href":"https:\/\/ptmsrl.com\/pt-pt\/wp-json\/wp\/v2\/types\/product"}],"wp:featuredmedia":[{"embeddable":true,"href":"https:\/\/ptmsrl.com\/pt-pt\/wp-json\/wp\/v2\/media\/9326"}],"wp:attachment":[{"href":"https:\/\/ptmsrl.com\/pt-pt\/wp-json\/wp\/v2\/media?parent=4453"}],"wp:term":[{"taxonomy":"product_brand","embeddable":true,"href":"https:\/\/ptmsrl.com\/pt-pt\/wp-json\/wp\/v2\/product_brand?post=4453"},{"taxonomy":"product_cat","embeddable":true,"href":"https:\/\/ptmsrl.com\/pt-pt\/wp-json\/wp\/v2\/product_cat?post=4453"},{"taxonomy":"product_tag","embeddable":true,"href":"https:\/\/ptmsrl.com\/pt-pt\/wp-json\/wp\/v2\/product_tag?post=4453"}],"curies":[{"name":"wp","href":"https:\/\/api.w.org\/{rel}","templated":true}]}}