{"id":4509,"date":"2018-09-06T09:28:53","date_gmt":"2018-09-06T07:28:53","guid":{"rendered":"https:\/\/ptmsrl.com\/prodotto\/hl-20-50\/"},"modified":"2023-07-18T11:49:12","modified_gmt":"2023-07-18T09:49:12","slug":"hl-20-hl-50","status":"publish","type":"product","link":"https:\/\/ptmsrl.com\/pt-pt\/prodotto\/hl-20-hl-50\/","title":{"rendered":"HL 20 &#8211; HL 50"},"content":{"rendered":"","protected":false},"excerpt":{"rendered":"<h3><strong>Indicadores de peso para opera\u00e7\u00f5es de carga e descarga<\/strong><\/h3>\n<p align=\"justify\">Os indicadores de peso da s\u00e9rie HL20-50 foram idealizados especificamente para automatizar as opera\u00e7\u00f5es de carga e descarga, tornando-as simples e r\u00e1pidas. A s\u00e9rie HL20-50 inclui 5 modelos de indicadores de peso, do mais simples HL20 ao mais completo HL50 TopCut. Todos eles possuem conectores com contatos dourados, conector para a liga\u00e7\u00e3o de acess\u00f3rios opcionais, caixa de alum\u00ednio, prote\u00e7\u00e3o contra invers\u00f5es de alimenta\u00e7\u00e3o e sobrecorrentes gra\u00e7as aos fus\u00edveis de rearme autom\u00e1tico. Os indicadores de peso possuem dois displays, um LCD retroiluminado para exibir as informa\u00e7\u00f5es referentes \u00e0s v\u00e1rias opera\u00e7\u00f5es e o outro de LEDs com 5 d\u00edgitos de alta luminesc\u00eancia e elevada visibilidade tamb\u00e9m \u00e0 dist\u00e2ncia, para a visualiza\u00e7\u00e3o dos pesos.<\/p>\n<p align=\"justify\">Todos os indicadores de peso da s\u00e9rie HL20-50 permitem conectar diferentes modelos de pain\u00e9is repetidores, controles remotos, impressora ou outros acess\u00f3rios.<br \/>\nToda a gama tem as fun\u00e7\u00f5es de peso total, peso parcial e bloqueio do peso. Os modelos HL30, HL50 e HL50 TopCut permitem tamb\u00e9m a programa\u00e7\u00e3o de receitas nos modos por animais, por totais ou por percentuais, com a\u00a0possibilidade de modificar o nome da receita e dos componentes, executar varia\u00e7\u00f5es percentuais na quantidade total a ser carregada, memorizar ac\u00famulos das quantidades de material carregado e recalcular os componentes a serem carregados. O indicador de peso HL50 TopCut permite ainda a gest\u00e3o das contrafacas para o corte do material presente dentro do vag\u00e3o misturador.<\/p>\n<p align=\"justify\">Todos os indicadores de peso est\u00e3o providos de sistema multi-idioma, controle da garantia e registro de data e hora de poss\u00edveis sobrecargas.<\/p>\n<p>O artigo est\u00e1 fora de produ\u00e7\u00e3o.<br \/>\nNo link abaixo, indicamos o produto de produ\u00e7\u00e3o mais atualizado com as mesmas fun\u00e7\u00f5es.<\/p>\n<a href=\"https:\/\/ptmsrl.com\/pt-pt\/prodotti\/centraline\/hl-20-50-series\/\" target=\"Blank\" class=\"button primary is-primary is-medium\"  >\n\t\t<span>HL 20-50 SERIES<\/span>\n\t<\/a>\n\n","protected":false},"featured_media":4510,"template":"","meta":{"inline_featured_image":false},"product_brand":[],"product_cat":[214,237],"product_tag":[],"class_list":{"0":"post-4509","1":"product","2":"type-product","3":"status-publish","4":"has-post-thumbnail","6":"product_cat-unidades-de-controle","7":"product_cat-atualize-seu-produto","9":"first","10":"instock","11":"downloadable","12":"shipping-taxable","13":"product-type-simple"},"yoast_head":"<!-- This site is optimized with the Yoast SEO plugin v25.3 - https:\/\/yoast.com\/wordpress\/plugins\/seo\/ -->\n<title>PTM Srl | HL 20 - HL 50<\/title>\n<meta name=\"robots\" content=\"index, follow, max-snippet:-1, max-image-preview:large, max-video-preview:-1\" \/>\n<link rel=\"canonical\" href=\"https:\/\/ptmsrl.com\/pt-pt\/prodotto\/hl-20-hl-50\/\" \/>\n<meta property=\"og:locale\" content=\"pt_PT\" \/>\n<meta property=\"og:type\" content=\"article\" \/>\n<meta property=\"og:title\" content=\"PTM Srl | HL 20 - HL 50\" \/>\n<meta property=\"og:description\" content=\"Indicadores de peso para opera\u00e7\u00f5es de carga e descarga Os indicadores de peso da s\u00e9rie HL20-50 foram idealizados especificamente para automatizar as opera\u00e7\u00f5es de carga e descarga, tornando-as simples e r\u00e1pidas. A s\u00e9rie HL20-50 inclui 5 modelos de indicadores de peso, do mais simples HL20 ao mais completo HL50 TopCut. Todos eles possuem conectores com contatos dourados, conector para a liga\u00e7\u00e3o de acess\u00f3rios opcionais, caixa de alum\u00ednio, prote\u00e7\u00e3o contra invers\u00f5es de alimenta\u00e7\u00e3o e sobrecorrentes gra\u00e7as aos fus\u00edveis de rearme autom\u00e1tico. Os indicadores de peso possuem dois displays, um LCD retroiluminado para exibir as informa\u00e7\u00f5es referentes \u00e0s v\u00e1rias opera\u00e7\u00f5es e o outro de LEDs com 5 d\u00edgitos de alta luminesc\u00eancia e elevada visibilidade tamb\u00e9m \u00e0 dist\u00e2ncia, para a visualiza\u00e7\u00e3o dos pesos. Todos os indicadores de peso da s\u00e9rie HL20-50 permitem conectar diferentes modelos de pain\u00e9is repetidores, controles remotos, impressora ou outros acess\u00f3rios. Toda a gama tem as fun\u00e7\u00f5es de peso total, peso parcial e bloqueio do peso. Os modelos HL30, HL50 e HL50 TopCut permitem tamb\u00e9m a programa\u00e7\u00e3o de receitas nos modos por animais, por totais ou por percentuais, com a\u00a0possibilidade de modificar o nome da receita e dos componentes, executar varia\u00e7\u00f5es percentuais na quantidade total a ser carregada, memorizar ac\u00famulos das quantidades de material carregado e recalcular os componentes a serem carregados. O indicador de peso HL50 TopCut permite ainda a gest\u00e3o das contrafacas para o corte do material presente dentro do vag\u00e3o misturador. Todos os indicadores de peso est\u00e3o providos de sistema multi-idioma, controle da garantia e registro de data e hora de poss\u00edveis sobrecargas. O artigo est\u00e1 fora de produ\u00e7\u00e3o. No link abaixo, indicamos o produto de produ\u00e7\u00e3o mais atualizado com as mesmas fun\u00e7\u00f5es.\" \/>\n<meta property=\"og:url\" content=\"https:\/\/ptmsrl.com\/pt-pt\/prodotto\/hl-20-hl-50\/\" \/>\n<meta property=\"og:site_name\" content=\"PTM Srl\" \/>\n<meta property=\"article:publisher\" content=\"https:\/\/www.facebook.com\/believingintechnology\/\" \/>\n<meta property=\"article:modified_time\" content=\"2023-07-18T09:49:12+00:00\" \/>\n<meta property=\"og:image\" content=\"https:\/\/ptmsrl.com\/wp-content\/uploads\/2018\/09\/HL-20-FGCEHL200001.jpg\" \/>\n\t<meta property=\"og:image:width\" content=\"1024\" \/>\n\t<meta property=\"og:image:height\" content=\"1024\" \/>\n\t<meta property=\"og:image:type\" content=\"image\/jpeg\" \/>\n<meta name=\"twitter:card\" content=\"summary_large_image\" \/>\n<meta name=\"twitter:site\" content=\"@ptm\" \/>\n<script type=\"application\/ld+json\" class=\"yoast-schema-graph\">{\"@context\":\"https:\/\/schema.org\",\"@graph\":[{\"@type\":\"WebPage\",\"@id\":\"https:\/\/ptmsrl.com\/pt-pt\/prodotto\/hl-20-hl-50\/\",\"url\":\"https:\/\/ptmsrl.com\/pt-pt\/prodotto\/hl-20-hl-50\/\",\"name\":\"PTM Srl | HL 20 - HL 50\",\"isPartOf\":{\"@id\":\"https:\/\/ptmsrl.com\/#website\"},\"primaryImageOfPage\":{\"@id\":\"https:\/\/ptmsrl.com\/pt-pt\/prodotto\/hl-20-hl-50\/#primaryimage\"},\"image\":{\"@id\":\"https:\/\/ptmsrl.com\/pt-pt\/prodotto\/hl-20-hl-50\/#primaryimage\"},\"thumbnailUrl\":\"https:\/\/ptmsrl.com\/wp-content\/uploads\/2018\/09\/HL-20-FGCEHL200001.jpg\",\"datePublished\":\"2018-09-06T07:28:53+00:00\",\"dateModified\":\"2023-07-18T09:49:12+00:00\",\"breadcrumb\":{\"@id\":\"https:\/\/ptmsrl.com\/pt-pt\/prodotto\/hl-20-hl-50\/#breadcrumb\"},\"inLanguage\":\"pt-PT\",\"potentialAction\":[{\"@type\":\"ReadAction\",\"target\":[\"https:\/\/ptmsrl.com\/pt-pt\/prodotto\/hl-20-hl-50\/\"]}]},{\"@type\":\"ImageObject\",\"inLanguage\":\"pt-PT\",\"@id\":\"https:\/\/ptmsrl.com\/pt-pt\/prodotto\/hl-20-hl-50\/#primaryimage\",\"url\":\"https:\/\/ptmsrl.com\/wp-content\/uploads\/2018\/09\/HL-20-FGCEHL200001.jpg\",\"contentUrl\":\"https:\/\/ptmsrl.com\/wp-content\/uploads\/2018\/09\/HL-20-FGCEHL200001.jpg\",\"width\":1024,\"height\":1024,\"caption\":\"hl-20-fgcehl200001\"},{\"@type\":\"BreadcrumbList\",\"@id\":\"https:\/\/ptmsrl.com\/pt-pt\/prodotto\/hl-20-hl-50\/#breadcrumb\",\"itemListElement\":[{\"@type\":\"ListItem\",\"position\":1,\"name\":\"Home\",\"item\":\"https:\/\/ptmsrl.com\/pt-pt\/\"},{\"@type\":\"ListItem\",\"position\":2,\"name\":\"Shop\",\"item\":\"https:\/\/ptmsrl.com\/shop\/\"},{\"@type\":\"ListItem\",\"position\":3,\"name\":\"HL 20 &#8211; HL 50\"}]},{\"@type\":\"WebSite\",\"@id\":\"https:\/\/ptmsrl.com\/#website\",\"url\":\"https:\/\/ptmsrl.com\/\",\"name\":\"PTM Srl\",\"description\":\"\u041c\u042b \u041f\u0420\u041e\u0418\u0417\u0412\u041e\u0414\u0418\u041c \u041a\u0410\u0427\u0415\u0421\u0422\u0412\u041e, \u041a\u041e\u0422\u041e\u0420\u041e\u0415 \u0418\u041c\u0415\u0415\u0422 \u041e\u0421\u041e\u0411\u042b\u0419 \u0412\u0415\u0421\",\"publisher\":{\"@id\":\"https:\/\/ptmsrl.com\/#organization\"},\"potentialAction\":[{\"@type\":\"SearchAction\",\"target\":{\"@type\":\"EntryPoint\",\"urlTemplate\":\"https:\/\/ptmsrl.com\/?s={search_term_string}\"},\"query-input\":{\"@type\":\"PropertyValueSpecification\",\"valueRequired\":true,\"valueName\":\"search_term_string\"}}],\"inLanguage\":\"pt-PT\"},{\"@type\":\"Organization\",\"@id\":\"https:\/\/ptmsrl.com\/#organization\",\"name\":\"PTM srl\",\"url\":\"https:\/\/ptmsrl.com\/\",\"logo\":{\"@type\":\"ImageObject\",\"inLanguage\":\"pt-PT\",\"@id\":\"https:\/\/ptmsrl.com\/#\/schema\/logo\/image\/\",\"url\":\"https:\/\/ptmsrl.com\/wp-content\/uploads\/2018\/10\/LOGO-PTM.png\",\"contentUrl\":\"https:\/\/ptmsrl.com\/wp-content\/uploads\/2018\/10\/LOGO-PTM.png\",\"width\":1000,\"height\":500,\"caption\":\"PTM srl\"},\"image\":{\"@id\":\"https:\/\/ptmsrl.com\/#\/schema\/logo\/image\/\"},\"sameAs\":[\"https:\/\/www.facebook.com\/believingintechnology\/\",\"https:\/\/x.com\/ptm\",\"https:\/\/www.linkedin.com\/company\/ptm-s-r-l\/\",\"https:\/\/www.youtube.com\/channel\/UCPSOS0MaR-4jDkAD3HkAC7A\"]}]}<\/script>\n<!-- \/ Yoast SEO plugin. -->","yoast_head_json":{"title":"PTM Srl | HL 20 - HL 50","robots":{"index":"index","follow":"follow","max-snippet":"max-snippet:-1","max-image-preview":"max-image-preview:large","max-video-preview":"max-video-preview:-1"},"canonical":"https:\/\/ptmsrl.com\/pt-pt\/prodotto\/hl-20-hl-50\/","og_locale":"pt_PT","og_type":"article","og_title":"PTM Srl | HL 20 - HL 50","og_description":"Indicadores de peso para opera\u00e7\u00f5es de carga e descarga Os indicadores de peso da s\u00e9rie HL20-50 foram idealizados especificamente para automatizar as opera\u00e7\u00f5es de carga e descarga, tornando-as simples e r\u00e1pidas. A s\u00e9rie HL20-50 inclui 5 modelos de indicadores de peso, do mais simples HL20 ao mais completo HL50 TopCut. Todos eles possuem conectores com contatos dourados, conector para a liga\u00e7\u00e3o de acess\u00f3rios opcionais, caixa de alum\u00ednio, prote\u00e7\u00e3o contra invers\u00f5es de alimenta\u00e7\u00e3o e sobrecorrentes gra\u00e7as aos fus\u00edveis de rearme autom\u00e1tico. Os indicadores de peso possuem dois displays, um LCD retroiluminado para exibir as informa\u00e7\u00f5es referentes \u00e0s v\u00e1rias opera\u00e7\u00f5es e o outro de LEDs com 5 d\u00edgitos de alta luminesc\u00eancia e elevada visibilidade tamb\u00e9m \u00e0 dist\u00e2ncia, para a visualiza\u00e7\u00e3o dos pesos. Todos os indicadores de peso da s\u00e9rie HL20-50 permitem conectar diferentes modelos de pain\u00e9is repetidores, controles remotos, impressora ou outros acess\u00f3rios. Toda a gama tem as fun\u00e7\u00f5es de peso total, peso parcial e bloqueio do peso. Os modelos HL30, HL50 e HL50 TopCut permitem tamb\u00e9m a programa\u00e7\u00e3o de receitas nos modos por animais, por totais ou por percentuais, com a\u00a0possibilidade de modificar o nome da receita e dos componentes, executar varia\u00e7\u00f5es percentuais na quantidade total a ser carregada, memorizar ac\u00famulos das quantidades de material carregado e recalcular os componentes a serem carregados. O indicador de peso HL50 TopCut permite ainda a gest\u00e3o das contrafacas para o corte do material presente dentro do vag\u00e3o misturador. Todos os indicadores de peso est\u00e3o providos de sistema multi-idioma, controle da garantia e registro de data e hora de poss\u00edveis sobrecargas. O artigo est\u00e1 fora de produ\u00e7\u00e3o. No link abaixo, indicamos o produto de produ\u00e7\u00e3o mais atualizado com as mesmas fun\u00e7\u00f5es.","og_url":"https:\/\/ptmsrl.com\/pt-pt\/prodotto\/hl-20-hl-50\/","og_site_name":"PTM Srl","article_publisher":"https:\/\/www.facebook.com\/believingintechnology\/","article_modified_time":"2023-07-18T09:49:12+00:00","og_image":[{"width":1024,"height":1024,"url":"https:\/\/ptmsrl.com\/wp-content\/uploads\/2018\/09\/HL-20-FGCEHL200001.jpg","type":"image\/jpeg"}],"twitter_card":"summary_large_image","twitter_site":"@ptm","schema":{"@context":"https:\/\/schema.org","@graph":[{"@type":"WebPage","@id":"https:\/\/ptmsrl.com\/pt-pt\/prodotto\/hl-20-hl-50\/","url":"https:\/\/ptmsrl.com\/pt-pt\/prodotto\/hl-20-hl-50\/","name":"PTM Srl | HL 20 - HL 50","isPartOf":{"@id":"https:\/\/ptmsrl.com\/#website"},"primaryImageOfPage":{"@id":"https:\/\/ptmsrl.com\/pt-pt\/prodotto\/hl-20-hl-50\/#primaryimage"},"image":{"@id":"https:\/\/ptmsrl.com\/pt-pt\/prodotto\/hl-20-hl-50\/#primaryimage"},"thumbnailUrl":"https:\/\/ptmsrl.com\/wp-content\/uploads\/2018\/09\/HL-20-FGCEHL200001.jpg","datePublished":"2018-09-06T07:28:53+00:00","dateModified":"2023-07-18T09:49:12+00:00","breadcrumb":{"@id":"https:\/\/ptmsrl.com\/pt-pt\/prodotto\/hl-20-hl-50\/#breadcrumb"},"inLanguage":"pt-PT","potentialAction":[{"@type":"ReadAction","target":["https:\/\/ptmsrl.com\/pt-pt\/prodotto\/hl-20-hl-50\/"]}]},{"@type":"ImageObject","inLanguage":"pt-PT","@id":"https:\/\/ptmsrl.com\/pt-pt\/prodotto\/hl-20-hl-50\/#primaryimage","url":"https:\/\/ptmsrl.com\/wp-content\/uploads\/2018\/09\/HL-20-FGCEHL200001.jpg","contentUrl":"https:\/\/ptmsrl.com\/wp-content\/uploads\/2018\/09\/HL-20-FGCEHL200001.jpg","width":1024,"height":1024,"caption":"hl-20-fgcehl200001"},{"@type":"BreadcrumbList","@id":"https:\/\/ptmsrl.com\/pt-pt\/prodotto\/hl-20-hl-50\/#breadcrumb","itemListElement":[{"@type":"ListItem","position":1,"name":"Home","item":"https:\/\/ptmsrl.com\/pt-pt\/"},{"@type":"ListItem","position":2,"name":"Shop","item":"https:\/\/ptmsrl.com\/shop\/"},{"@type":"ListItem","position":3,"name":"HL 20 &#8211; HL 50"}]},{"@type":"WebSite","@id":"https:\/\/ptmsrl.com\/#website","url":"https:\/\/ptmsrl.com\/","name":"PTM Srl","description":"\u041c\u042b \u041f\u0420\u041e\u0418\u0417\u0412\u041e\u0414\u0418\u041c \u041a\u0410\u0427\u0415\u0421\u0422\u0412\u041e, \u041a\u041e\u0422\u041e\u0420\u041e\u0415 \u0418\u041c\u0415\u0415\u0422 \u041e\u0421\u041e\u0411\u042b\u0419 \u0412\u0415\u0421","publisher":{"@id":"https:\/\/ptmsrl.com\/#organization"},"potentialAction":[{"@type":"SearchAction","target":{"@type":"EntryPoint","urlTemplate":"https:\/\/ptmsrl.com\/?s={search_term_string}"},"query-input":{"@type":"PropertyValueSpecification","valueRequired":true,"valueName":"search_term_string"}}],"inLanguage":"pt-PT"},{"@type":"Organization","@id":"https:\/\/ptmsrl.com\/#organization","name":"PTM srl","url":"https:\/\/ptmsrl.com\/","logo":{"@type":"ImageObject","inLanguage":"pt-PT","@id":"https:\/\/ptmsrl.com\/#\/schema\/logo\/image\/","url":"https:\/\/ptmsrl.com\/wp-content\/uploads\/2018\/10\/LOGO-PTM.png","contentUrl":"https:\/\/ptmsrl.com\/wp-content\/uploads\/2018\/10\/LOGO-PTM.png","width":1000,"height":500,"caption":"PTM srl"},"image":{"@id":"https:\/\/ptmsrl.com\/#\/schema\/logo\/image\/"},"sameAs":["https:\/\/www.facebook.com\/believingintechnology\/","https:\/\/x.com\/ptm","https:\/\/www.linkedin.com\/company\/ptm-s-r-l\/","https:\/\/www.youtube.com\/channel\/UCPSOS0MaR-4jDkAD3HkAC7A"]}]}},"_links":{"self":[{"href":"https:\/\/ptmsrl.com\/pt-pt\/wp-json\/wp\/v2\/product\/4509","targetHints":{"allow":["GET"]}}],"collection":[{"href":"https:\/\/ptmsrl.com\/pt-pt\/wp-json\/wp\/v2\/product"}],"about":[{"href":"https:\/\/ptmsrl.com\/pt-pt\/wp-json\/wp\/v2\/types\/product"}],"wp:featuredmedia":[{"embeddable":true,"href":"https:\/\/ptmsrl.com\/pt-pt\/wp-json\/wp\/v2\/media\/4510"}],"wp:attachment":[{"href":"https:\/\/ptmsrl.com\/pt-pt\/wp-json\/wp\/v2\/media?parent=4509"}],"wp:term":[{"taxonomy":"product_brand","embeddable":true,"href":"https:\/\/ptmsrl.com\/pt-pt\/wp-json\/wp\/v2\/product_brand?post=4509"},{"taxonomy":"product_cat","embeddable":true,"href":"https:\/\/ptmsrl.com\/pt-pt\/wp-json\/wp\/v2\/product_cat?post=4509"},{"taxonomy":"product_tag","embeddable":true,"href":"https:\/\/ptmsrl.com\/pt-pt\/wp-json\/wp\/v2\/product_tag?post=4509"}],"curies":[{"name":"wp","href":"https:\/\/api.w.org\/{rel}","templated":true}]}}