{"id":4629,"date":"2018-09-06T12:10:40","date_gmt":"2018-10-12T07:19:49","guid":{"rendered":"https:\/\/ptmsrl.com\/prodotto\/as-410\/"},"modified":"2024-06-27T11:46:11","modified_gmt":"2024-06-27T09:46:11","slug":"as-410","status":"publish","type":"product","link":"https:\/\/ptmsrl.com\/pt-pt\/prodotto\/as-410\/","title":{"rendered":"AS410"},"content":{"rendered":"<ul>\n<li>Power supply: through 230V power grid or through 24Vd.c. connection<\/li>\n<li>Dynamic weighing of object with different size<\/li>\n<li>Static weighing of object with a different size<\/li>\n<li>Programmable selection parameters<\/li>\n<li>Weighing cycle times freely adjustable<\/li>\n<li>Format programming with weight value LOW and TOO HIGH<\/li>\n<li>Possibility to program and select 50 different sizes<\/li>\n<li>Possibility of automatic zeroing of the weighing indicator at the beginning of the start cycle<\/li>\n<li>Calculation of numbers of OK weighings (Correct weighings)<\/li>\n<li>Calculation of numbers of LOW weighings (Weighings under the selected value)<\/li>\n<li>Calculation of numbers of TOO HIGH weighings (Weighings over the selected value)<\/li>\n<li>Calculation of the average value of OK weighings (correct weighings)<\/li>\n<li>Reset of the weighings cycle counter<\/li>\n<li>Storage of 10 cycles in the weighings archive<\/li>\n<li>Storage of up to 5000 weighing cycles through USB (Optional)<\/li>\n<li>Available divisions 1-2-5-10<\/li>\n<li>Calibration through load cells values plate<\/li>\n<li>Calibration through load cells chart<\/li>\n<li>Calibration by means of sample weight<\/li>\n<li>Warranty internal control<\/li>\n<li>Overloads control system<\/li>\n<li>Multilingual<\/li>\n<\/ul>\n","protected":false},"excerpt":{"rendered":"<p>O artigo est\u00e1 fora de produ\u00e7\u00e3o.<br \/>\nNo link abaixo, indicamos o produto de produ\u00e7\u00e3o mais atualizado com as mesmas fun\u00e7\u00f5es.<\/p>\n<a href=\"https:\/\/ptmsrl.com\/pt-pt\/prodotto\/as-410-series\/\" target=\"Blank\" class=\"button primary is-primary is-medium\"  >\n\t\t<span>AS 410 SERIES<\/span>\n\t<\/a>\n\n<hr>\n<h3><strong>The weighing computer AS410 has been designed for weighing on bands and to check the objects size.<\/strong><\/h3>\n<p align=\"justify\">According to the preselected, some outputs are activated and they identify if the weight value is right or LOW \/ TOO HIGH.<br \/>\nThe data relevant to the weighing cycles are stored to make the following checks.<br \/>\nThis weighing indicator can also work in 2 ways: either dynamic weighing or static weighing.<br \/>\nIt is possible buy an optional module that stores the weighing cycles values in order to transfer them to USB pendrive (.csv in format) for a following revision on PC.<\/p>\n","protected":false},"featured_media":4630,"template":"","meta":{"inline_featured_image":false},"product_brand":[],"product_cat":[237],"product_tag":[],"class_list":{"0":"post-4629","1":"product","2":"type-product","3":"status-publish","4":"has-post-thumbnail","6":"product_cat-atualize-seu-produto","8":"first","9":"instock","10":"downloadable","11":"shipping-taxable","12":"product-type-simple"},"yoast_head":"<!-- This site is optimized with the Yoast SEO plugin v25.3 - https:\/\/yoast.com\/wordpress\/plugins\/seo\/ -->\n<title>PTM Srl | AS410<\/title>\n<meta name=\"robots\" content=\"index, follow, max-snippet:-1, max-image-preview:large, max-video-preview:-1\" \/>\n<link rel=\"canonical\" href=\"https:\/\/ptmsrl.com\/pt-pt\/prodotto\/as-410\/\" \/>\n<meta property=\"og:locale\" content=\"pt_PT\" \/>\n<meta property=\"og:type\" content=\"article\" \/>\n<meta property=\"og:title\" content=\"PTM Srl | AS410\" \/>\n<meta property=\"og:description\" content=\"O artigo est\u00e1 fora de produ\u00e7\u00e3o. No link abaixo, indicamos o produto de produ\u00e7\u00e3o mais atualizado com as mesmas fun\u00e7\u00f5es.      The weighing computer AS410 has been designed for weighing on bands and to check the objects size. According to the preselected, some outputs are activated and they identify if the weight value is right or LOW \/ TOO HIGH. The data relevant to the weighing cycles are stored to make the following checks. This weighing indicator can also work in 2 ways: either dynamic weighing or static weighing. It is possible buy an optional module that stores the weighing cycles values in order to transfer them to USB pendrive (.csv in format) for a following revision on PC.\" \/>\n<meta property=\"og:url\" content=\"https:\/\/ptmsrl.com\/pt-pt\/prodotto\/as-410\/\" \/>\n<meta property=\"og:site_name\" content=\"PTM Srl\" \/>\n<meta property=\"article:publisher\" content=\"https:\/\/www.facebook.com\/believingintechnology\/\" \/>\n<meta property=\"article:modified_time\" content=\"2024-06-27T09:46:11+00:00\" \/>\n<meta property=\"og:image\" content=\"https:\/\/ptmsrl.com\/wp-content\/uploads\/2018\/09\/AS-410.jpg\" \/>\n\t<meta property=\"og:image:width\" content=\"1024\" \/>\n\t<meta property=\"og:image:height\" content=\"1024\" \/>\n\t<meta property=\"og:image:type\" content=\"image\/jpeg\" \/>\n<meta name=\"twitter:card\" content=\"summary_large_image\" \/>\n<meta name=\"twitter:site\" content=\"@ptm\" \/>\n<meta name=\"twitter:label1\" content=\"Tempo estimado de leitura\" \/>\n\t<meta name=\"twitter:data1\" content=\"2 minutos\" \/>\n<script type=\"application\/ld+json\" class=\"yoast-schema-graph\">{\"@context\":\"https:\/\/schema.org\",\"@graph\":[{\"@type\":\"WebPage\",\"@id\":\"https:\/\/ptmsrl.com\/pt-pt\/prodotto\/as-410\/\",\"url\":\"https:\/\/ptmsrl.com\/pt-pt\/prodotto\/as-410\/\",\"name\":\"PTM Srl | AS410\",\"isPartOf\":{\"@id\":\"https:\/\/ptmsrl.com\/#website\"},\"primaryImageOfPage\":{\"@id\":\"https:\/\/ptmsrl.com\/pt-pt\/prodotto\/as-410\/#primaryimage\"},\"image\":{\"@id\":\"https:\/\/ptmsrl.com\/pt-pt\/prodotto\/as-410\/#primaryimage\"},\"thumbnailUrl\":\"https:\/\/ptmsrl.com\/wp-content\/uploads\/2018\/09\/AS-410.jpg\",\"datePublished\":\"2018-10-12T07:19:49+00:00\",\"dateModified\":\"2024-06-27T09:46:11+00:00\",\"breadcrumb\":{\"@id\":\"https:\/\/ptmsrl.com\/pt-pt\/prodotto\/as-410\/#breadcrumb\"},\"inLanguage\":\"pt-PT\",\"potentialAction\":[{\"@type\":\"ReadAction\",\"target\":[\"https:\/\/ptmsrl.com\/pt-pt\/prodotto\/as-410\/\"]}]},{\"@type\":\"ImageObject\",\"inLanguage\":\"pt-PT\",\"@id\":\"https:\/\/ptmsrl.com\/pt-pt\/prodotto\/as-410\/#primaryimage\",\"url\":\"https:\/\/ptmsrl.com\/wp-content\/uploads\/2018\/09\/AS-410.jpg\",\"contentUrl\":\"https:\/\/ptmsrl.com\/wp-content\/uploads\/2018\/09\/AS-410.jpg\",\"width\":1024,\"height\":1024,\"caption\":\"as-410\"},{\"@type\":\"BreadcrumbList\",\"@id\":\"https:\/\/ptmsrl.com\/pt-pt\/prodotto\/as-410\/#breadcrumb\",\"itemListElement\":[{\"@type\":\"ListItem\",\"position\":1,\"name\":\"Home\",\"item\":\"https:\/\/ptmsrl.com\/pt-pt\/\"},{\"@type\":\"ListItem\",\"position\":2,\"name\":\"Shop\",\"item\":\"https:\/\/ptmsrl.com\/shop\/\"},{\"@type\":\"ListItem\",\"position\":3,\"name\":\"AS410\"}]},{\"@type\":\"WebSite\",\"@id\":\"https:\/\/ptmsrl.com\/#website\",\"url\":\"https:\/\/ptmsrl.com\/\",\"name\":\"PTM Srl\",\"description\":\"\u041c\u042b \u041f\u0420\u041e\u0418\u0417\u0412\u041e\u0414\u0418\u041c \u041a\u0410\u0427\u0415\u0421\u0422\u0412\u041e, \u041a\u041e\u0422\u041e\u0420\u041e\u0415 \u0418\u041c\u0415\u0415\u0422 \u041e\u0421\u041e\u0411\u042b\u0419 \u0412\u0415\u0421\",\"publisher\":{\"@id\":\"https:\/\/ptmsrl.com\/#organization\"},\"potentialAction\":[{\"@type\":\"SearchAction\",\"target\":{\"@type\":\"EntryPoint\",\"urlTemplate\":\"https:\/\/ptmsrl.com\/?s={search_term_string}\"},\"query-input\":{\"@type\":\"PropertyValueSpecification\",\"valueRequired\":true,\"valueName\":\"search_term_string\"}}],\"inLanguage\":\"pt-PT\"},{\"@type\":\"Organization\",\"@id\":\"https:\/\/ptmsrl.com\/#organization\",\"name\":\"PTM srl\",\"url\":\"https:\/\/ptmsrl.com\/\",\"logo\":{\"@type\":\"ImageObject\",\"inLanguage\":\"pt-PT\",\"@id\":\"https:\/\/ptmsrl.com\/#\/schema\/logo\/image\/\",\"url\":\"https:\/\/ptmsrl.com\/wp-content\/uploads\/2018\/10\/LOGO-PTM.png\",\"contentUrl\":\"https:\/\/ptmsrl.com\/wp-content\/uploads\/2018\/10\/LOGO-PTM.png\",\"width\":1000,\"height\":500,\"caption\":\"PTM srl\"},\"image\":{\"@id\":\"https:\/\/ptmsrl.com\/#\/schema\/logo\/image\/\"},\"sameAs\":[\"https:\/\/www.facebook.com\/believingintechnology\/\",\"https:\/\/x.com\/ptm\",\"https:\/\/www.linkedin.com\/company\/ptm-s-r-l\/\",\"https:\/\/www.youtube.com\/channel\/UCPSOS0MaR-4jDkAD3HkAC7A\"]}]}<\/script>\n<!-- \/ Yoast SEO plugin. -->","yoast_head_json":{"title":"PTM Srl | AS410","robots":{"index":"index","follow":"follow","max-snippet":"max-snippet:-1","max-image-preview":"max-image-preview:large","max-video-preview":"max-video-preview:-1"},"canonical":"https:\/\/ptmsrl.com\/pt-pt\/prodotto\/as-410\/","og_locale":"pt_PT","og_type":"article","og_title":"PTM Srl | AS410","og_description":"O artigo est\u00e1 fora de produ\u00e7\u00e3o. No link abaixo, indicamos o produto de produ\u00e7\u00e3o mais atualizado com as mesmas fun\u00e7\u00f5es.      The weighing computer AS410 has been designed for weighing on bands and to check the objects size. According to the preselected, some outputs are activated and they identify if the weight value is right or LOW \/ TOO HIGH. The data relevant to the weighing cycles are stored to make the following checks. This weighing indicator can also work in 2 ways: either dynamic weighing or static weighing. It is possible buy an optional module that stores the weighing cycles values in order to transfer them to USB pendrive (.csv in format) for a following revision on PC.","og_url":"https:\/\/ptmsrl.com\/pt-pt\/prodotto\/as-410\/","og_site_name":"PTM Srl","article_publisher":"https:\/\/www.facebook.com\/believingintechnology\/","article_modified_time":"2024-06-27T09:46:11+00:00","og_image":[{"width":1024,"height":1024,"url":"https:\/\/ptmsrl.com\/wp-content\/uploads\/2018\/09\/AS-410.jpg","type":"image\/jpeg"}],"twitter_card":"summary_large_image","twitter_site":"@ptm","twitter_misc":{"Tempo estimado de leitura":"2 minutos"},"schema":{"@context":"https:\/\/schema.org","@graph":[{"@type":"WebPage","@id":"https:\/\/ptmsrl.com\/pt-pt\/prodotto\/as-410\/","url":"https:\/\/ptmsrl.com\/pt-pt\/prodotto\/as-410\/","name":"PTM Srl | AS410","isPartOf":{"@id":"https:\/\/ptmsrl.com\/#website"},"primaryImageOfPage":{"@id":"https:\/\/ptmsrl.com\/pt-pt\/prodotto\/as-410\/#primaryimage"},"image":{"@id":"https:\/\/ptmsrl.com\/pt-pt\/prodotto\/as-410\/#primaryimage"},"thumbnailUrl":"https:\/\/ptmsrl.com\/wp-content\/uploads\/2018\/09\/AS-410.jpg","datePublished":"2018-10-12T07:19:49+00:00","dateModified":"2024-06-27T09:46:11+00:00","breadcrumb":{"@id":"https:\/\/ptmsrl.com\/pt-pt\/prodotto\/as-410\/#breadcrumb"},"inLanguage":"pt-PT","potentialAction":[{"@type":"ReadAction","target":["https:\/\/ptmsrl.com\/pt-pt\/prodotto\/as-410\/"]}]},{"@type":"ImageObject","inLanguage":"pt-PT","@id":"https:\/\/ptmsrl.com\/pt-pt\/prodotto\/as-410\/#primaryimage","url":"https:\/\/ptmsrl.com\/wp-content\/uploads\/2018\/09\/AS-410.jpg","contentUrl":"https:\/\/ptmsrl.com\/wp-content\/uploads\/2018\/09\/AS-410.jpg","width":1024,"height":1024,"caption":"as-410"},{"@type":"BreadcrumbList","@id":"https:\/\/ptmsrl.com\/pt-pt\/prodotto\/as-410\/#breadcrumb","itemListElement":[{"@type":"ListItem","position":1,"name":"Home","item":"https:\/\/ptmsrl.com\/pt-pt\/"},{"@type":"ListItem","position":2,"name":"Shop","item":"https:\/\/ptmsrl.com\/shop\/"},{"@type":"ListItem","position":3,"name":"AS410"}]},{"@type":"WebSite","@id":"https:\/\/ptmsrl.com\/#website","url":"https:\/\/ptmsrl.com\/","name":"PTM Srl","description":"\u041c\u042b \u041f\u0420\u041e\u0418\u0417\u0412\u041e\u0414\u0418\u041c \u041a\u0410\u0427\u0415\u0421\u0422\u0412\u041e, \u041a\u041e\u0422\u041e\u0420\u041e\u0415 \u0418\u041c\u0415\u0415\u0422 \u041e\u0421\u041e\u0411\u042b\u0419 \u0412\u0415\u0421","publisher":{"@id":"https:\/\/ptmsrl.com\/#organization"},"potentialAction":[{"@type":"SearchAction","target":{"@type":"EntryPoint","urlTemplate":"https:\/\/ptmsrl.com\/?s={search_term_string}"},"query-input":{"@type":"PropertyValueSpecification","valueRequired":true,"valueName":"search_term_string"}}],"inLanguage":"pt-PT"},{"@type":"Organization","@id":"https:\/\/ptmsrl.com\/#organization","name":"PTM srl","url":"https:\/\/ptmsrl.com\/","logo":{"@type":"ImageObject","inLanguage":"pt-PT","@id":"https:\/\/ptmsrl.com\/#\/schema\/logo\/image\/","url":"https:\/\/ptmsrl.com\/wp-content\/uploads\/2018\/10\/LOGO-PTM.png","contentUrl":"https:\/\/ptmsrl.com\/wp-content\/uploads\/2018\/10\/LOGO-PTM.png","width":1000,"height":500,"caption":"PTM srl"},"image":{"@id":"https:\/\/ptmsrl.com\/#\/schema\/logo\/image\/"},"sameAs":["https:\/\/www.facebook.com\/believingintechnology\/","https:\/\/x.com\/ptm","https:\/\/www.linkedin.com\/company\/ptm-s-r-l\/","https:\/\/www.youtube.com\/channel\/UCPSOS0MaR-4jDkAD3HkAC7A"]}]}},"_links":{"self":[{"href":"https:\/\/ptmsrl.com\/pt-pt\/wp-json\/wp\/v2\/product\/4629","targetHints":{"allow":["GET"]}}],"collection":[{"href":"https:\/\/ptmsrl.com\/pt-pt\/wp-json\/wp\/v2\/product"}],"about":[{"href":"https:\/\/ptmsrl.com\/pt-pt\/wp-json\/wp\/v2\/types\/product"}],"wp:featuredmedia":[{"embeddable":true,"href":"https:\/\/ptmsrl.com\/pt-pt\/wp-json\/wp\/v2\/media\/4630"}],"wp:attachment":[{"href":"https:\/\/ptmsrl.com\/pt-pt\/wp-json\/wp\/v2\/media?parent=4629"}],"wp:term":[{"taxonomy":"product_brand","embeddable":true,"href":"https:\/\/ptmsrl.com\/pt-pt\/wp-json\/wp\/v2\/product_brand?post=4629"},{"taxonomy":"product_cat","embeddable":true,"href":"https:\/\/ptmsrl.com\/pt-pt\/wp-json\/wp\/v2\/product_cat?post=4629"},{"taxonomy":"product_tag","embeddable":true,"href":"https:\/\/ptmsrl.com\/pt-pt\/wp-json\/wp\/v2\/product_tag?post=4629"}],"curies":[{"name":"wp","href":"https:\/\/api.w.org\/{rel}","templated":true}]}}