{"id":4915,"date":"2018-09-07T09:35:57","date_gmt":"2018-10-25T07:58:57","guid":{"rendered":"https:\/\/ptmsrl.com\/prodotto\/npk2\/"},"modified":"2025-05-26T15:11:29","modified_gmt":"2025-05-26T13:11:29","slug":"npk2","status":"publish","type":"product","link":"https:\/\/ptmsrl.com\/pt-pt\/prodotto\/npk2\/","title":{"rendered":"NPK2"},"content":{"rendered":"<ul>\n<li>Nourishing contents concentration in kg\/m3<\/li>\n<li>Acquisitions print<\/li>\n<li>Configuration and reading through FertiData program<\/li>\n<\/ul>\n","protected":false},"excerpt":{"rendered":"<p>O artigo est\u00e1 fora de produ\u00e7\u00e3o.<br \/>\nNo link abaixo, indicamos o produto de produ\u00e7\u00e3o mais atualizado com as mesmas fun\u00e7\u00f5es.<\/p>\n<a href=\"https:\/\/ptmsrl.com\/pt-pt\/prodotto\/npk3\/\" target=\"Blank\" class=\"button primary is-primary is-medium\"  >\n\t\t<span>NPK3<\/span>\n\t<\/a>\n\n<hr>\n<h3><strong>Electronic System for the concentration measurement of the nourishing contents of slurry<\/strong><\/h3>\n<p aling=\"justify\">This scale is used to measure the concentration of nourishing contents of slurry. This measurement is done by means of one probe that, in contact with the slurry to be measured, allows to calculate the concentration of total nitrogen (TKN), Ammonium Nitrogen (N-NH4), Phosphorus (P2O5) and Potassium (K2O).<\/p>\n<p aling=\"justify\">For each kind of slurry shall be known 4 correlation curves, this means 4 graphics which describe the connection between slurry electrical conductivity and the 4 nourishing contents concentration.<br \/>\nThe scale measures through the probe the electrical conductivity of slurry and by means of the correlation curves it obtains the nourishing contents concentration. Two versions available: the portable one (with batteries) and the stationary one. For this scale there are 3 different types of probes available: manual, for slurry tanks and with little probes for laboratory containers.<\/p>\n","protected":false},"featured_media":4916,"template":"","meta":{"inline_featured_image":false},"product_brand":[],"product_cat":[513],"product_tag":[],"class_list":{"0":"post-4915","1":"product","2":"type-product","3":"status-publish","4":"has-post-thumbnail","6":"product_cat-atualize-seu-produto-pt-pt-analise","8":"first","9":"instock","10":"downloadable","11":"shipping-taxable","12":"product-type-simple"},"yoast_head":"<!-- This site is optimized with the Yoast SEO plugin v25.3 - https:\/\/yoast.com\/wordpress\/plugins\/seo\/ -->\n<title>PTM Srl | NPK2<\/title>\n<meta name=\"robots\" content=\"index, follow, max-snippet:-1, max-image-preview:large, max-video-preview:-1\" \/>\n<link rel=\"canonical\" href=\"https:\/\/ptmsrl.com\/pt-pt\/prodotto\/npk2\/\" \/>\n<meta property=\"og:locale\" content=\"pt_PT\" \/>\n<meta property=\"og:type\" content=\"article\" \/>\n<meta property=\"og:title\" content=\"PTM Srl | NPK2\" \/>\n<meta property=\"og:description\" content=\"O artigo est\u00e1 fora de produ\u00e7\u00e3o. No link abaixo, indicamos o produto de produ\u00e7\u00e3o mais atualizado com as mesmas fun\u00e7\u00f5es.     Electronic System for the concentration measurement of the nourishing contents of slurry This scale is used to measure the concentration of nourishing contents of slurry. This measurement is done by means of one probe that, in contact with the slurry to be measured, allows to calculate the concentration of total nitrogen (TKN), Ammonium Nitrogen (N-NH4), Phosphorus (P2O5) and Potassium (K2O).  For each kind of slurry shall be known 4 correlation curves, this means 4 graphics which describe the connection between slurry electrical conductivity and the 4 nourishing contents concentration. The scale measures through the probe the electrical conductivity of slurry and by means of the correlation curves it obtains the nourishing contents concentration. Two versions available: the portable one (with batteries) and the stationary one. For this scale there are 3 different types of probes available: manual, for slurry tanks and with little probes for laboratory containers.\" \/>\n<meta property=\"og:url\" content=\"https:\/\/ptmsrl.com\/pt-pt\/prodotto\/npk2\/\" \/>\n<meta property=\"og:site_name\" content=\"PTM Srl\" \/>\n<meta property=\"article:publisher\" content=\"https:\/\/www.facebook.com\/believingintechnology\/\" \/>\n<meta property=\"article:modified_time\" content=\"2025-05-26T13:11:29+00:00\" \/>\n<meta property=\"og:image\" content=\"https:\/\/ptmsrl.com\/wp-content\/uploads\/2018\/09\/NPK2.jpg\" \/>\n\t<meta property=\"og:image:width\" content=\"1024\" \/>\n\t<meta property=\"og:image:height\" content=\"1024\" \/>\n\t<meta property=\"og:image:type\" content=\"image\/jpeg\" \/>\n<meta name=\"twitter:card\" content=\"summary_large_image\" \/>\n<meta name=\"twitter:site\" content=\"@ptm\" \/>\n<meta name=\"twitter:label1\" content=\"Tempo estimado de leitura\" \/>\n\t<meta name=\"twitter:data1\" content=\"1 minuto\" \/>\n<script type=\"application\/ld+json\" class=\"yoast-schema-graph\">{\"@context\":\"https:\/\/schema.org\",\"@graph\":[{\"@type\":\"WebPage\",\"@id\":\"https:\/\/ptmsrl.com\/pt-pt\/prodotto\/npk2\/\",\"url\":\"https:\/\/ptmsrl.com\/pt-pt\/prodotto\/npk2\/\",\"name\":\"PTM Srl | NPK2\",\"isPartOf\":{\"@id\":\"https:\/\/ptmsrl.com\/#website\"},\"primaryImageOfPage\":{\"@id\":\"https:\/\/ptmsrl.com\/pt-pt\/prodotto\/npk2\/#primaryimage\"},\"image\":{\"@id\":\"https:\/\/ptmsrl.com\/pt-pt\/prodotto\/npk2\/#primaryimage\"},\"thumbnailUrl\":\"https:\/\/ptmsrl.com\/wp-content\/uploads\/2018\/09\/NPK2.jpg\",\"datePublished\":\"2018-10-25T07:58:57+00:00\",\"dateModified\":\"2025-05-26T13:11:29+00:00\",\"breadcrumb\":{\"@id\":\"https:\/\/ptmsrl.com\/pt-pt\/prodotto\/npk2\/#breadcrumb\"},\"inLanguage\":\"pt-PT\",\"potentialAction\":[{\"@type\":\"ReadAction\",\"target\":[\"https:\/\/ptmsrl.com\/pt-pt\/prodotto\/npk2\/\"]}]},{\"@type\":\"ImageObject\",\"inLanguage\":\"pt-PT\",\"@id\":\"https:\/\/ptmsrl.com\/pt-pt\/prodotto\/npk2\/#primaryimage\",\"url\":\"https:\/\/ptmsrl.com\/wp-content\/uploads\/2018\/09\/NPK2.jpg\",\"contentUrl\":\"https:\/\/ptmsrl.com\/wp-content\/uploads\/2018\/09\/NPK2.jpg\",\"width\":1024,\"height\":1024,\"caption\":\"npk2\"},{\"@type\":\"BreadcrumbList\",\"@id\":\"https:\/\/ptmsrl.com\/pt-pt\/prodotto\/npk2\/#breadcrumb\",\"itemListElement\":[{\"@type\":\"ListItem\",\"position\":1,\"name\":\"Home\",\"item\":\"https:\/\/ptmsrl.com\/pt-pt\/\"},{\"@type\":\"ListItem\",\"position\":2,\"name\":\"Shop\",\"item\":\"https:\/\/ptmsrl.com\/shop\/\"},{\"@type\":\"ListItem\",\"position\":3,\"name\":\"NPK2\"}]},{\"@type\":\"WebSite\",\"@id\":\"https:\/\/ptmsrl.com\/#website\",\"url\":\"https:\/\/ptmsrl.com\/\",\"name\":\"PTM Srl\",\"description\":\"\u041c\u042b \u041f\u0420\u041e\u0418\u0417\u0412\u041e\u0414\u0418\u041c \u041a\u0410\u0427\u0415\u0421\u0422\u0412\u041e, \u041a\u041e\u0422\u041e\u0420\u041e\u0415 \u0418\u041c\u0415\u0415\u0422 \u041e\u0421\u041e\u0411\u042b\u0419 \u0412\u0415\u0421\",\"publisher\":{\"@id\":\"https:\/\/ptmsrl.com\/#organization\"},\"potentialAction\":[{\"@type\":\"SearchAction\",\"target\":{\"@type\":\"EntryPoint\",\"urlTemplate\":\"https:\/\/ptmsrl.com\/?s={search_term_string}\"},\"query-input\":{\"@type\":\"PropertyValueSpecification\",\"valueRequired\":true,\"valueName\":\"search_term_string\"}}],\"inLanguage\":\"pt-PT\"},{\"@type\":\"Organization\",\"@id\":\"https:\/\/ptmsrl.com\/#organization\",\"name\":\"PTM srl\",\"url\":\"https:\/\/ptmsrl.com\/\",\"logo\":{\"@type\":\"ImageObject\",\"inLanguage\":\"pt-PT\",\"@id\":\"https:\/\/ptmsrl.com\/#\/schema\/logo\/image\/\",\"url\":\"https:\/\/ptmsrl.com\/wp-content\/uploads\/2018\/10\/LOGO-PTM.png\",\"contentUrl\":\"https:\/\/ptmsrl.com\/wp-content\/uploads\/2018\/10\/LOGO-PTM.png\",\"width\":1000,\"height\":500,\"caption\":\"PTM srl\"},\"image\":{\"@id\":\"https:\/\/ptmsrl.com\/#\/schema\/logo\/image\/\"},\"sameAs\":[\"https:\/\/www.facebook.com\/believingintechnology\/\",\"https:\/\/x.com\/ptm\",\"https:\/\/www.linkedin.com\/company\/ptm-s-r-l\/\",\"https:\/\/www.youtube.com\/channel\/UCPSOS0MaR-4jDkAD3HkAC7A\"]}]}<\/script>\n<!-- \/ Yoast SEO plugin. -->","yoast_head_json":{"title":"PTM Srl | NPK2","robots":{"index":"index","follow":"follow","max-snippet":"max-snippet:-1","max-image-preview":"max-image-preview:large","max-video-preview":"max-video-preview:-1"},"canonical":"https:\/\/ptmsrl.com\/pt-pt\/prodotto\/npk2\/","og_locale":"pt_PT","og_type":"article","og_title":"PTM Srl | NPK2","og_description":"O artigo est\u00e1 fora de produ\u00e7\u00e3o. No link abaixo, indicamos o produto de produ\u00e7\u00e3o mais atualizado com as mesmas fun\u00e7\u00f5es.     Electronic System for the concentration measurement of the nourishing contents of slurry This scale is used to measure the concentration of nourishing contents of slurry. This measurement is done by means of one probe that, in contact with the slurry to be measured, allows to calculate the concentration of total nitrogen (TKN), Ammonium Nitrogen (N-NH4), Phosphorus (P2O5) and Potassium (K2O).  For each kind of slurry shall be known 4 correlation curves, this means 4 graphics which describe the connection between slurry electrical conductivity and the 4 nourishing contents concentration. The scale measures through the probe the electrical conductivity of slurry and by means of the correlation curves it obtains the nourishing contents concentration. Two versions available: the portable one (with batteries) and the stationary one. For this scale there are 3 different types of probes available: manual, for slurry tanks and with little probes for laboratory containers.","og_url":"https:\/\/ptmsrl.com\/pt-pt\/prodotto\/npk2\/","og_site_name":"PTM Srl","article_publisher":"https:\/\/www.facebook.com\/believingintechnology\/","article_modified_time":"2025-05-26T13:11:29+00:00","og_image":[{"width":1024,"height":1024,"url":"https:\/\/ptmsrl.com\/wp-content\/uploads\/2018\/09\/NPK2.jpg","type":"image\/jpeg"}],"twitter_card":"summary_large_image","twitter_site":"@ptm","twitter_misc":{"Tempo estimado de leitura":"1 minuto"},"schema":{"@context":"https:\/\/schema.org","@graph":[{"@type":"WebPage","@id":"https:\/\/ptmsrl.com\/pt-pt\/prodotto\/npk2\/","url":"https:\/\/ptmsrl.com\/pt-pt\/prodotto\/npk2\/","name":"PTM Srl | NPK2","isPartOf":{"@id":"https:\/\/ptmsrl.com\/#website"},"primaryImageOfPage":{"@id":"https:\/\/ptmsrl.com\/pt-pt\/prodotto\/npk2\/#primaryimage"},"image":{"@id":"https:\/\/ptmsrl.com\/pt-pt\/prodotto\/npk2\/#primaryimage"},"thumbnailUrl":"https:\/\/ptmsrl.com\/wp-content\/uploads\/2018\/09\/NPK2.jpg","datePublished":"2018-10-25T07:58:57+00:00","dateModified":"2025-05-26T13:11:29+00:00","breadcrumb":{"@id":"https:\/\/ptmsrl.com\/pt-pt\/prodotto\/npk2\/#breadcrumb"},"inLanguage":"pt-PT","potentialAction":[{"@type":"ReadAction","target":["https:\/\/ptmsrl.com\/pt-pt\/prodotto\/npk2\/"]}]},{"@type":"ImageObject","inLanguage":"pt-PT","@id":"https:\/\/ptmsrl.com\/pt-pt\/prodotto\/npk2\/#primaryimage","url":"https:\/\/ptmsrl.com\/wp-content\/uploads\/2018\/09\/NPK2.jpg","contentUrl":"https:\/\/ptmsrl.com\/wp-content\/uploads\/2018\/09\/NPK2.jpg","width":1024,"height":1024,"caption":"npk2"},{"@type":"BreadcrumbList","@id":"https:\/\/ptmsrl.com\/pt-pt\/prodotto\/npk2\/#breadcrumb","itemListElement":[{"@type":"ListItem","position":1,"name":"Home","item":"https:\/\/ptmsrl.com\/pt-pt\/"},{"@type":"ListItem","position":2,"name":"Shop","item":"https:\/\/ptmsrl.com\/shop\/"},{"@type":"ListItem","position":3,"name":"NPK2"}]},{"@type":"WebSite","@id":"https:\/\/ptmsrl.com\/#website","url":"https:\/\/ptmsrl.com\/","name":"PTM Srl","description":"\u041c\u042b \u041f\u0420\u041e\u0418\u0417\u0412\u041e\u0414\u0418\u041c \u041a\u0410\u0427\u0415\u0421\u0422\u0412\u041e, \u041a\u041e\u0422\u041e\u0420\u041e\u0415 \u0418\u041c\u0415\u0415\u0422 \u041e\u0421\u041e\u0411\u042b\u0419 \u0412\u0415\u0421","publisher":{"@id":"https:\/\/ptmsrl.com\/#organization"},"potentialAction":[{"@type":"SearchAction","target":{"@type":"EntryPoint","urlTemplate":"https:\/\/ptmsrl.com\/?s={search_term_string}"},"query-input":{"@type":"PropertyValueSpecification","valueRequired":true,"valueName":"search_term_string"}}],"inLanguage":"pt-PT"},{"@type":"Organization","@id":"https:\/\/ptmsrl.com\/#organization","name":"PTM srl","url":"https:\/\/ptmsrl.com\/","logo":{"@type":"ImageObject","inLanguage":"pt-PT","@id":"https:\/\/ptmsrl.com\/#\/schema\/logo\/image\/","url":"https:\/\/ptmsrl.com\/wp-content\/uploads\/2018\/10\/LOGO-PTM.png","contentUrl":"https:\/\/ptmsrl.com\/wp-content\/uploads\/2018\/10\/LOGO-PTM.png","width":1000,"height":500,"caption":"PTM srl"},"image":{"@id":"https:\/\/ptmsrl.com\/#\/schema\/logo\/image\/"},"sameAs":["https:\/\/www.facebook.com\/believingintechnology\/","https:\/\/x.com\/ptm","https:\/\/www.linkedin.com\/company\/ptm-s-r-l\/","https:\/\/www.youtube.com\/channel\/UCPSOS0MaR-4jDkAD3HkAC7A"]}]}},"_links":{"self":[{"href":"https:\/\/ptmsrl.com\/pt-pt\/wp-json\/wp\/v2\/product\/4915","targetHints":{"allow":["GET"]}}],"collection":[{"href":"https:\/\/ptmsrl.com\/pt-pt\/wp-json\/wp\/v2\/product"}],"about":[{"href":"https:\/\/ptmsrl.com\/pt-pt\/wp-json\/wp\/v2\/types\/product"}],"wp:featuredmedia":[{"embeddable":true,"href":"https:\/\/ptmsrl.com\/pt-pt\/wp-json\/wp\/v2\/media\/4916"}],"wp:attachment":[{"href":"https:\/\/ptmsrl.com\/pt-pt\/wp-json\/wp\/v2\/media?parent=4915"}],"wp:term":[{"taxonomy":"product_brand","embeddable":true,"href":"https:\/\/ptmsrl.com\/pt-pt\/wp-json\/wp\/v2\/product_brand?post=4915"},{"taxonomy":"product_cat","embeddable":true,"href":"https:\/\/ptmsrl.com\/pt-pt\/wp-json\/wp\/v2\/product_cat?post=4915"},{"taxonomy":"product_tag","embeddable":true,"href":"https:\/\/ptmsrl.com\/pt-pt\/wp-json\/wp\/v2\/product_tag?post=4915"}],"curies":[{"name":"wp","href":"https:\/\/api.w.org\/{rel}","templated":true}]}}