{"id":5187,"date":"2018-09-07T15:19:11","date_gmt":"2018-09-07T13:19:11","guid":{"rendered":"https:\/\/ptmsrl.com\/prodotto\/telerf\/"},"modified":"2019-07-23T11:27:16","modified_gmt":"2019-07-23T09:27:16","slug":"telerf","status":"publish","type":"product","link":"https:\/\/ptmsrl.com\/pt-pt\/prodotto\/telerf\/","title":{"rendered":"Telerf"},"content":{"rendered":"<ul>\n<li>Possibilidade de definir um modo de trabalho personalizado<\/li>\n<li>Extrema versatilidade para diferentes aplica\u00e7\u00f5es (cortadores ou processsadores de palha, vag\u00f5es misturadores, vag\u00f5es-cisterna, semeadoras, guindastes, plataformas, etc.)<\/li>\n<li>6 entradas, gerenci\u00e1veis por sensores, chaves externas ou micro-switchers<\/li>\n<li>Trabalho via wireless ate a 50m<\/li>\n<li>Teclado intuitivo com s\u00edmbolos personaliz\u00e1veis<\/li>\n<li>Estrutura ergon\u00f4mica<\/li>\n<li>Ha disponibilidade para suporte de fixa\u00e7\u00e3o<\/li>\n<li>Chave de emerg\u00eancia para a parada imediata das opera\u00e7\u00f5es<\/li>\n<li>Prote\u00e7\u00e3o das v\u00e1lvulas contra curto-circuitos<\/li>\n<li>Resistente a vibra\u00e7\u00f5es e esfor\u00e7os mec\u00e2nicas<\/li>\n<li>Usa pilhas normais<\/li>\n<li>Opcional: sensor de presen\u00e7a de pessoas<\/li>\n<\/ul>\n","protected":false},"excerpt":{"rendered":"<h3><strong>Controle remoto para gest\u00e3o de opera\u00e7\u00e3o e automa\u00e7\u00e3o<\/strong><\/h3>\n<p align=\"justify\">O TELERF \u00e9 um terminal remoto desenvolvido para atender as exig\u00eancias de controle remoto e Automa\u00e7\u00e3o no sistema wireless ( sem conexao de cabo) ou ainda usando umcabo de transmiss\u00e3o.<\/p>\n<p align=\"justify\">Com ele \u00e9 poss\u00edvel controlar qualquer tipo de sistema: el\u00e9trico, electro-hidr\u00e1ulico, electro-mec\u00e2nico, etc. Este dispositivo permite controlar as fun\u00e7\u00f5es de diferentes m\u00e1quinas (por exemplo: Fragmentadoras de m\u00e1quinas de corte, preparo de palha, vag\u00f5es misturadores, semeadoras, rodas de prensas, tanques, guindastes, plataformas, etc) e atrua diretamente gerenciando os contatos associados a uma opera\u00e7\u00e3o espec\u00edfica. Para maior clareza das opera\u00e7\u00f5es em andamento, todos os controles ativos s\u00e3o visualizados no display LCD alfanum\u00e9rico.<\/p>\n<p align=\"justify\">Este dispositivo pode gerenciar at\u00e9 28 sa\u00eddas, 4 delas quais do tipo proporcional e 4 rel\u00e9s, permitindo\u00a0usar os dispositivos que demandam regulagem e dispositivos com funcao liga\/desliga. O TELERF \u00e9 um dispositivo particularmente vers\u00e1til, que pode ser usada em aplica\u00e7\u00f5es diferentes, devido ao n\u00famero infinito de combina\u00e7\u00f5es e configura\u00e7\u00f5es dispon\u00edveis. O controle remoto wireless, sem fio, permite controlar m\u00e1quinas a uma dist\u00e2ncia de at\u00e9 50 metros; ja o controle remoto via cabo, \u00e9 aconselh\u00e1vel para todas as situa\u00e7\u00f5es em que existem perigo potencialmente com partes mec\u00e2nicas ou m\u00f3veis.<\/p>\n","protected":false},"featured_media":10497,"template":"","meta":{"inline_featured_image":false},"product_brand":[],"product_cat":[233],"product_tag":[],"class_list":{"0":"post-5187","1":"product","2":"type-product","3":"status-publish","4":"has-post-thumbnail","6":"product_cat-solucoes-personalizadas","8":"first","9":"instock","10":"downloadable","11":"shipping-taxable","12":"product-type-simple"},"yoast_head":"<!-- This site is optimized with the Yoast SEO plugin v25.3 - https:\/\/yoast.com\/wordpress\/plugins\/seo\/ -->\n<title>PTM Srl | Telerf<\/title>\n<meta name=\"robots\" content=\"index, follow, max-snippet:-1, max-image-preview:large, max-video-preview:-1\" \/>\n<link rel=\"canonical\" href=\"https:\/\/ptmsrl.com\/pt-pt\/prodotto\/telerf\/\" \/>\n<meta property=\"og:locale\" content=\"pt_PT\" \/>\n<meta property=\"og:type\" content=\"article\" \/>\n<meta property=\"og:title\" content=\"PTM Srl | Telerf\" \/>\n<meta property=\"og:description\" content=\"Controle remoto para gest\u00e3o de opera\u00e7\u00e3o e automa\u00e7\u00e3o O TELERF \u00e9 um terminal remoto desenvolvido para atender as exig\u00eancias de controle remoto e Automa\u00e7\u00e3o no sistema wireless ( sem conexao de cabo) ou ainda usando umcabo de transmiss\u00e3o.  Com ele \u00e9 poss\u00edvel controlar qualquer tipo de sistema: el\u00e9trico, electro-hidr\u00e1ulico, electro-mec\u00e2nico, etc. Este dispositivo permite controlar as fun\u00e7\u00f5es de diferentes m\u00e1quinas (por exemplo: Fragmentadoras de m\u00e1quinas de corte, preparo de palha, vag\u00f5es misturadores, semeadoras, rodas de prensas, tanques, guindastes, plataformas, etc) e atrua diretamente gerenciando os contatos associados a uma opera\u00e7\u00e3o espec\u00edfica. Para maior clareza das opera\u00e7\u00f5es em andamento, todos os controles ativos s\u00e3o visualizados no display LCD alfanum\u00e9rico.  Este dispositivo pode gerenciar at\u00e9 28 sa\u00eddas, 4 delas quais do tipo proporcional e 4 rel\u00e9s, permitindo\u00a0usar os dispositivos que demandam regulagem e dispositivos com funcao liga\/desliga. O TELERF \u00e9 um dispositivo particularmente vers\u00e1til, que pode ser usada em aplica\u00e7\u00f5es diferentes, devido ao n\u00famero infinito de combina\u00e7\u00f5es e configura\u00e7\u00f5es dispon\u00edveis. O controle remoto wireless, sem fio, permite controlar m\u00e1quinas a uma dist\u00e2ncia de at\u00e9 50 metros; ja o controle remoto via cabo, \u00e9 aconselh\u00e1vel para todas as situa\u00e7\u00f5es em que existem perigo potencialmente com partes mec\u00e2nicas ou m\u00f3veis.\" \/>\n<meta property=\"og:url\" content=\"https:\/\/ptmsrl.com\/pt-pt\/prodotto\/telerf\/\" \/>\n<meta property=\"og:site_name\" content=\"PTM Srl\" \/>\n<meta property=\"article:publisher\" content=\"https:\/\/www.facebook.com\/believingintechnology\/\" \/>\n<meta property=\"article:modified_time\" content=\"2019-07-23T09:27:16+00:00\" \/>\n<meta property=\"og:image\" content=\"https:\/\/ptmsrl.com\/wp-content\/uploads\/2018\/09\/Telerf2_image.jpg\" \/>\n\t<meta property=\"og:image:width\" content=\"1024\" \/>\n\t<meta property=\"og:image:height\" content=\"1024\" \/>\n\t<meta property=\"og:image:type\" content=\"image\/jpeg\" \/>\n<meta name=\"twitter:card\" content=\"summary_large_image\" \/>\n<meta name=\"twitter:site\" content=\"@ptm\" \/>\n<script type=\"application\/ld+json\" class=\"yoast-schema-graph\">{\"@context\":\"https:\/\/schema.org\",\"@graph\":[{\"@type\":\"WebPage\",\"@id\":\"https:\/\/ptmsrl.com\/pt-pt\/prodotto\/telerf\/\",\"url\":\"https:\/\/ptmsrl.com\/pt-pt\/prodotto\/telerf\/\",\"name\":\"PTM Srl | Telerf\",\"isPartOf\":{\"@id\":\"https:\/\/ptmsrl.com\/#website\"},\"primaryImageOfPage\":{\"@id\":\"https:\/\/ptmsrl.com\/pt-pt\/prodotto\/telerf\/#primaryimage\"},\"image\":{\"@id\":\"https:\/\/ptmsrl.com\/pt-pt\/prodotto\/telerf\/#primaryimage\"},\"thumbnailUrl\":\"https:\/\/ptmsrl.com\/wp-content\/uploads\/2018\/09\/Telerf2_image.jpg\",\"datePublished\":\"2018-09-07T13:19:11+00:00\",\"dateModified\":\"2019-07-23T09:27:16+00:00\",\"breadcrumb\":{\"@id\":\"https:\/\/ptmsrl.com\/pt-pt\/prodotto\/telerf\/#breadcrumb\"},\"inLanguage\":\"pt-PT\",\"potentialAction\":[{\"@type\":\"ReadAction\",\"target\":[\"https:\/\/ptmsrl.com\/pt-pt\/prodotto\/telerf\/\"]}]},{\"@type\":\"ImageObject\",\"inLanguage\":\"pt-PT\",\"@id\":\"https:\/\/ptmsrl.com\/pt-pt\/prodotto\/telerf\/#primaryimage\",\"url\":\"https:\/\/ptmsrl.com\/wp-content\/uploads\/2018\/09\/Telerf2_image.jpg\",\"contentUrl\":\"https:\/\/ptmsrl.com\/wp-content\/uploads\/2018\/09\/Telerf2_image.jpg\",\"width\":1024,\"height\":1024,\"caption\":\"telerf2_image\"},{\"@type\":\"BreadcrumbList\",\"@id\":\"https:\/\/ptmsrl.com\/pt-pt\/prodotto\/telerf\/#breadcrumb\",\"itemListElement\":[{\"@type\":\"ListItem\",\"position\":1,\"name\":\"Home\",\"item\":\"https:\/\/ptmsrl.com\/pt-pt\/\"},{\"@type\":\"ListItem\",\"position\":2,\"name\":\"Shop\",\"item\":\"https:\/\/ptmsrl.com\/shop\/\"},{\"@type\":\"ListItem\",\"position\":3,\"name\":\"Telerf\"}]},{\"@type\":\"WebSite\",\"@id\":\"https:\/\/ptmsrl.com\/#website\",\"url\":\"https:\/\/ptmsrl.com\/\",\"name\":\"PTM Srl\",\"description\":\"\u041c\u042b \u041f\u0420\u041e\u0418\u0417\u0412\u041e\u0414\u0418\u041c \u041a\u0410\u0427\u0415\u0421\u0422\u0412\u041e, \u041a\u041e\u0422\u041e\u0420\u041e\u0415 \u0418\u041c\u0415\u0415\u0422 \u041e\u0421\u041e\u0411\u042b\u0419 \u0412\u0415\u0421\",\"publisher\":{\"@id\":\"https:\/\/ptmsrl.com\/#organization\"},\"potentialAction\":[{\"@type\":\"SearchAction\",\"target\":{\"@type\":\"EntryPoint\",\"urlTemplate\":\"https:\/\/ptmsrl.com\/?s={search_term_string}\"},\"query-input\":{\"@type\":\"PropertyValueSpecification\",\"valueRequired\":true,\"valueName\":\"search_term_string\"}}],\"inLanguage\":\"pt-PT\"},{\"@type\":\"Organization\",\"@id\":\"https:\/\/ptmsrl.com\/#organization\",\"name\":\"PTM srl\",\"url\":\"https:\/\/ptmsrl.com\/\",\"logo\":{\"@type\":\"ImageObject\",\"inLanguage\":\"pt-PT\",\"@id\":\"https:\/\/ptmsrl.com\/#\/schema\/logo\/image\/\",\"url\":\"https:\/\/ptmsrl.com\/wp-content\/uploads\/2018\/10\/LOGO-PTM.png\",\"contentUrl\":\"https:\/\/ptmsrl.com\/wp-content\/uploads\/2018\/10\/LOGO-PTM.png\",\"width\":1000,\"height\":500,\"caption\":\"PTM srl\"},\"image\":{\"@id\":\"https:\/\/ptmsrl.com\/#\/schema\/logo\/image\/\"},\"sameAs\":[\"https:\/\/www.facebook.com\/believingintechnology\/\",\"https:\/\/x.com\/ptm\",\"https:\/\/www.linkedin.com\/company\/ptm-s-r-l\/\",\"https:\/\/www.youtube.com\/channel\/UCPSOS0MaR-4jDkAD3HkAC7A\"]}]}<\/script>\n<!-- \/ Yoast SEO plugin. -->","yoast_head_json":{"title":"PTM Srl | Telerf","robots":{"index":"index","follow":"follow","max-snippet":"max-snippet:-1","max-image-preview":"max-image-preview:large","max-video-preview":"max-video-preview:-1"},"canonical":"https:\/\/ptmsrl.com\/pt-pt\/prodotto\/telerf\/","og_locale":"pt_PT","og_type":"article","og_title":"PTM Srl | Telerf","og_description":"Controle remoto para gest\u00e3o de opera\u00e7\u00e3o e automa\u00e7\u00e3o O TELERF \u00e9 um terminal remoto desenvolvido para atender as exig\u00eancias de controle remoto e Automa\u00e7\u00e3o no sistema wireless ( sem conexao de cabo) ou ainda usando umcabo de transmiss\u00e3o.  Com ele \u00e9 poss\u00edvel controlar qualquer tipo de sistema: el\u00e9trico, electro-hidr\u00e1ulico, electro-mec\u00e2nico, etc. Este dispositivo permite controlar as fun\u00e7\u00f5es de diferentes m\u00e1quinas (por exemplo: Fragmentadoras de m\u00e1quinas de corte, preparo de palha, vag\u00f5es misturadores, semeadoras, rodas de prensas, tanques, guindastes, plataformas, etc) e atrua diretamente gerenciando os contatos associados a uma opera\u00e7\u00e3o espec\u00edfica. Para maior clareza das opera\u00e7\u00f5es em andamento, todos os controles ativos s\u00e3o visualizados no display LCD alfanum\u00e9rico.  Este dispositivo pode gerenciar at\u00e9 28 sa\u00eddas, 4 delas quais do tipo proporcional e 4 rel\u00e9s, permitindo\u00a0usar os dispositivos que demandam regulagem e dispositivos com funcao liga\/desliga. O TELERF \u00e9 um dispositivo particularmente vers\u00e1til, que pode ser usada em aplica\u00e7\u00f5es diferentes, devido ao n\u00famero infinito de combina\u00e7\u00f5es e configura\u00e7\u00f5es dispon\u00edveis. O controle remoto wireless, sem fio, permite controlar m\u00e1quinas a uma dist\u00e2ncia de at\u00e9 50 metros; ja o controle remoto via cabo, \u00e9 aconselh\u00e1vel para todas as situa\u00e7\u00f5es em que existem perigo potencialmente com partes mec\u00e2nicas ou m\u00f3veis.","og_url":"https:\/\/ptmsrl.com\/pt-pt\/prodotto\/telerf\/","og_site_name":"PTM Srl","article_publisher":"https:\/\/www.facebook.com\/believingintechnology\/","article_modified_time":"2019-07-23T09:27:16+00:00","og_image":[{"width":1024,"height":1024,"url":"https:\/\/ptmsrl.com\/wp-content\/uploads\/2018\/09\/Telerf2_image.jpg","type":"image\/jpeg"}],"twitter_card":"summary_large_image","twitter_site":"@ptm","schema":{"@context":"https:\/\/schema.org","@graph":[{"@type":"WebPage","@id":"https:\/\/ptmsrl.com\/pt-pt\/prodotto\/telerf\/","url":"https:\/\/ptmsrl.com\/pt-pt\/prodotto\/telerf\/","name":"PTM Srl | Telerf","isPartOf":{"@id":"https:\/\/ptmsrl.com\/#website"},"primaryImageOfPage":{"@id":"https:\/\/ptmsrl.com\/pt-pt\/prodotto\/telerf\/#primaryimage"},"image":{"@id":"https:\/\/ptmsrl.com\/pt-pt\/prodotto\/telerf\/#primaryimage"},"thumbnailUrl":"https:\/\/ptmsrl.com\/wp-content\/uploads\/2018\/09\/Telerf2_image.jpg","datePublished":"2018-09-07T13:19:11+00:00","dateModified":"2019-07-23T09:27:16+00:00","breadcrumb":{"@id":"https:\/\/ptmsrl.com\/pt-pt\/prodotto\/telerf\/#breadcrumb"},"inLanguage":"pt-PT","potentialAction":[{"@type":"ReadAction","target":["https:\/\/ptmsrl.com\/pt-pt\/prodotto\/telerf\/"]}]},{"@type":"ImageObject","inLanguage":"pt-PT","@id":"https:\/\/ptmsrl.com\/pt-pt\/prodotto\/telerf\/#primaryimage","url":"https:\/\/ptmsrl.com\/wp-content\/uploads\/2018\/09\/Telerf2_image.jpg","contentUrl":"https:\/\/ptmsrl.com\/wp-content\/uploads\/2018\/09\/Telerf2_image.jpg","width":1024,"height":1024,"caption":"telerf2_image"},{"@type":"BreadcrumbList","@id":"https:\/\/ptmsrl.com\/pt-pt\/prodotto\/telerf\/#breadcrumb","itemListElement":[{"@type":"ListItem","position":1,"name":"Home","item":"https:\/\/ptmsrl.com\/pt-pt\/"},{"@type":"ListItem","position":2,"name":"Shop","item":"https:\/\/ptmsrl.com\/shop\/"},{"@type":"ListItem","position":3,"name":"Telerf"}]},{"@type":"WebSite","@id":"https:\/\/ptmsrl.com\/#website","url":"https:\/\/ptmsrl.com\/","name":"PTM Srl","description":"\u041c\u042b \u041f\u0420\u041e\u0418\u0417\u0412\u041e\u0414\u0418\u041c \u041a\u0410\u0427\u0415\u0421\u0422\u0412\u041e, \u041a\u041e\u0422\u041e\u0420\u041e\u0415 \u0418\u041c\u0415\u0415\u0422 \u041e\u0421\u041e\u0411\u042b\u0419 \u0412\u0415\u0421","publisher":{"@id":"https:\/\/ptmsrl.com\/#organization"},"potentialAction":[{"@type":"SearchAction","target":{"@type":"EntryPoint","urlTemplate":"https:\/\/ptmsrl.com\/?s={search_term_string}"},"query-input":{"@type":"PropertyValueSpecification","valueRequired":true,"valueName":"search_term_string"}}],"inLanguage":"pt-PT"},{"@type":"Organization","@id":"https:\/\/ptmsrl.com\/#organization","name":"PTM srl","url":"https:\/\/ptmsrl.com\/","logo":{"@type":"ImageObject","inLanguage":"pt-PT","@id":"https:\/\/ptmsrl.com\/#\/schema\/logo\/image\/","url":"https:\/\/ptmsrl.com\/wp-content\/uploads\/2018\/10\/LOGO-PTM.png","contentUrl":"https:\/\/ptmsrl.com\/wp-content\/uploads\/2018\/10\/LOGO-PTM.png","width":1000,"height":500,"caption":"PTM srl"},"image":{"@id":"https:\/\/ptmsrl.com\/#\/schema\/logo\/image\/"},"sameAs":["https:\/\/www.facebook.com\/believingintechnology\/","https:\/\/x.com\/ptm","https:\/\/www.linkedin.com\/company\/ptm-s-r-l\/","https:\/\/www.youtube.com\/channel\/UCPSOS0MaR-4jDkAD3HkAC7A"]}]}},"_links":{"self":[{"href":"https:\/\/ptmsrl.com\/pt-pt\/wp-json\/wp\/v2\/product\/5187","targetHints":{"allow":["GET"]}}],"collection":[{"href":"https:\/\/ptmsrl.com\/pt-pt\/wp-json\/wp\/v2\/product"}],"about":[{"href":"https:\/\/ptmsrl.com\/pt-pt\/wp-json\/wp\/v2\/types\/product"}],"wp:featuredmedia":[{"embeddable":true,"href":"https:\/\/ptmsrl.com\/pt-pt\/wp-json\/wp\/v2\/media\/10497"}],"wp:attachment":[{"href":"https:\/\/ptmsrl.com\/pt-pt\/wp-json\/wp\/v2\/media?parent=5187"}],"wp:term":[{"taxonomy":"product_brand","embeddable":true,"href":"https:\/\/ptmsrl.com\/pt-pt\/wp-json\/wp\/v2\/product_brand?post=5187"},{"taxonomy":"product_cat","embeddable":true,"href":"https:\/\/ptmsrl.com\/pt-pt\/wp-json\/wp\/v2\/product_cat?post=5187"},{"taxonomy":"product_tag","embeddable":true,"href":"https:\/\/ptmsrl.com\/pt-pt\/wp-json\/wp\/v2\/product_tag?post=5187"}],"curies":[{"name":"wp","href":"https:\/\/api.w.org\/{rel}","templated":true}]}}