{"id":5456,"date":"2018-09-07T17:37:22","date_gmt":"2018-09-07T15:37:22","guid":{"rendered":"https:\/\/ptmsrl.com\/prodotto\/ptm-management\/"},"modified":"2022-07-25T11:29:38","modified_gmt":"2022-07-25T09:29:38","slug":"ptm-management","status":"publish","type":"product","link":"https:\/\/ptmsrl.com\/pt-pt\/prodotto\/ptm-management\/","title":{"rendered":"PTM Management"},"content":{"rendered":"<ul>\n<li>SOFTWARE SEMPRE ATUALIZADO: atualiza\u00e7\u00f5es e melhorias no programa ser\u00e3o implementadas automaticamente, n\u00e3o sendo mais necess\u00e1rio solicitar os CDs de atualiza\u00e7\u00e3o de software.<\/li>\n<li>SERVI\u00c7O DE ASSIST\u00caNCIA MAIS R\u00c1PIDO: a PTM pode intervir diretamente na conta do cliente para resolver qualquer problema.<\/li>\n<li>REDU\u00c7\u00c3O NAS INTERRUP\u00c7\u00d5ES E IMUNIDADE DE V\u00cdRUS: o sistema em nuvem, CLOUD elimina todos os problemas de incompatibilidade do software instalado no PC. As quebras de hardware e at\u00e9 mesmo os v\u00edrus, n\u00e3o causam mais interrup\u00e7\u00f5es nos processos de trabalho.<\/li>\n<li>SEGURAN\u00c7A E PROTE\u00c7\u00c3O DOS DADOS: a seguran\u00e7a dos dados \u00e9 garantida porque residem em um sistema protegido, monitorado 24 horas por dia, com realiza\u00e7\u00e3o de backup di\u00e1rio.<\/li>\n<\/ul>\n","protected":false},"excerpt":{"rendered":"<h3><strong>Software na nuvem<\/strong><\/h3>\n<p><strong>Software dedicado \u00e0 Alimenta\u00e7\u00e3o Precisa<\/strong>: gerenciamento avan\u00e7ado com <strong>programa\u00e7\u00e3o de receitas<\/strong> para a cria\u00e7\u00e3o e alimenta\u00e7\u00e3o animal. Os recursos e aplicativos deste software est\u00e3o disponibilizados em um servidor atrav\u00e9s da rede internet, <strong>na plataforma em nuvem, Cloud<\/strong>.<\/p>\n<ul>\n<li><span class=\"VIiyi\" lang=\"pt\"><span class=\"JLqJ4b ChMk0b C1N51c\" data-language-for-alternatives=\"pt\" data-language-to-translate-into=\"it\" data-phrase-index=\"0\">Tela responsiva<\/span><\/span><\/li>\n<li><span class=\"VIiyi\" lang=\"pt\"><span class=\"JLqJ4b ChMk0b\" data-language-for-alternatives=\"pt\" data-language-to-translate-into=\"it\" data-phrase-index=\"2\">Relat\u00f3rios atualizados para facilitar a leitura<\/span><\/span><\/li>\n<li><span class=\"VIiyi\" lang=\"pt\"><span class=\"JLqJ4b ChMk0b\" data-language-for-alternatives=\"pt\" data-language-to-translate-into=\"it\" data-phrase-index=\"4\">Novos gr\u00e1ficos para receitas, simples e intuitivos<\/span><\/span><\/li>\n<li>DRY: <span class=\"VIiyi\" lang=\"pt\"><span class=\"JLqJ4b ChMk0b\" data-language-for-alternatives=\"pt\" data-language-to-translate-into=\"it\" data-phrase-index=\"6\">Manejo de mat\u00e9ria seca<\/span><\/span><\/li>\n<li>IOFC: <span class=\"VIiyi\" lang=\"pt\"><span class=\"JLqJ4b ChMk0b\" data-language-for-alternatives=\"pt\" data-language-to-translate-into=\"it\" data-phrase-index=\"8\">Receita l\u00edquida de custos de alimentos<\/span><\/span><\/li>\n<li>API: <span class=\"VIiyi\" lang=\"pt\"><span class=\"JLqJ4b ChMk0b\" data-language-for-alternatives=\"pt\" data-language-to-translate-into=\"it\" data-phrase-index=\"10\">para software de terceiros<\/span><\/span><\/li>\n<li>Live Chat <span class=\"VIiyi\" lang=\"pt\"><span class=\"JLqJ4b ChMk0b\" data-language-for-alternatives=\"pt\" data-language-to-translate-into=\"it\" data-phrase-index=\"12\">para solicitar suporte online diretamente aos nossos t\u00e9cnicos<\/span><\/span><\/li>\n<\/ul>\n<p>O Software est\u00e1 dispon\u00edvel nas seguintes vers\u00f5es:<\/p>\n<ul>\n<li><strong>STANDARD<\/strong> Gerenciamento de componentes padr\u00e3o, gerenciamento de receitas, programa\u00e7\u00e3o de centrais e armazenamento de dados.<\/li>\n<li><strong>PROFESSIONAL<\/strong> Gerenciamento avan\u00e7ado de receitas, com c\u00e1lculo adicional de mat\u00e9ria seca, quantidade de estoque, custos e produ\u00e7\u00e3o.<\/li>\n<li><strong>PREMIUM<\/strong> Pacote completo incluindo a vers\u00e3o Standard, Professional al\u00e9m de uma lista de clientes e gerenciamento de suprimentos.<\/li>\n<\/ul>\n","protected":false},"featured_media":20595,"template":"","meta":{"inline_featured_image":false},"product_brand":[],"product_cat":[259],"product_tag":[],"class_list":{"0":"post-5456","1":"product","2":"type-product","3":"status-publish","4":"has-post-thumbnail","6":"product_cat-software-de-gestao-pt-pt","8":"first","9":"instock","10":"downloadable","11":"shipping-taxable","12":"product-type-simple"},"yoast_head":"<!-- This site is optimized with the Yoast SEO plugin v25.3 - https:\/\/yoast.com\/wordpress\/plugins\/seo\/ -->\n<title>PTM Srl | PTM Management<\/title>\n<meta name=\"robots\" content=\"index, follow, max-snippet:-1, max-image-preview:large, max-video-preview:-1\" \/>\n<link rel=\"canonical\" href=\"https:\/\/ptmsrl.com\/pt-pt\/prodotto\/ptm-management\/\" \/>\n<meta property=\"og:locale\" content=\"pt_PT\" \/>\n<meta property=\"og:type\" content=\"article\" \/>\n<meta property=\"og:title\" content=\"PTM Srl | PTM Management\" \/>\n<meta property=\"og:description\" content=\"Software na nuvem Software dedicado \u00e0 Alimenta\u00e7\u00e3o Precisa: gerenciamento avan\u00e7ado com programa\u00e7\u00e3o de receitas para a cria\u00e7\u00e3o e alimenta\u00e7\u00e3o animal. Os recursos e aplicativos deste software est\u00e3o disponibilizados em um servidor atrav\u00e9s da rede internet, na plataforma em nuvem, Cloud.   Tela responsiva  Relat\u00f3rios atualizados para facilitar a leitura  Novos gr\u00e1ficos para receitas, simples e intuitivos  DRY: Manejo de mat\u00e9ria seca  IOFC: Receita l\u00edquida de custos de alimentos  API: para software de terceiros  Live Chat para solicitar suporte online diretamente aos nossos t\u00e9cnicos  O Software est\u00e1 dispon\u00edvel nas seguintes vers\u00f5es:   STANDARD Gerenciamento de componentes padr\u00e3o, gerenciamento de receitas, programa\u00e7\u00e3o de centrais e armazenamento de dados.  PROFESSIONAL Gerenciamento avan\u00e7ado de receitas, com c\u00e1lculo adicional de mat\u00e9ria seca, quantidade de estoque, custos e produ\u00e7\u00e3o.  PREMIUM Pacote completo incluindo a vers\u00e3o Standard, Professional al\u00e9m de uma lista de clientes e gerenciamento de suprimentos.\" \/>\n<meta property=\"og:url\" content=\"https:\/\/ptmsrl.com\/pt-pt\/prodotto\/ptm-management\/\" \/>\n<meta property=\"og:site_name\" content=\"PTM Srl\" \/>\n<meta property=\"article:publisher\" content=\"https:\/\/www.facebook.com\/believingintechnology\/\" \/>\n<meta property=\"article:modified_time\" content=\"2022-07-25T09:29:38+00:00\" \/>\n<meta property=\"og:image\" content=\"https:\/\/ptmsrl.com\/wp-content\/uploads\/2018\/09\/ptm-management-software-cloud-dedicato-al-precision-feeding.jpg\" \/>\n\t<meta property=\"og:image:width\" content=\"1200\" \/>\n\t<meta property=\"og:image:height\" content=\"1200\" \/>\n\t<meta property=\"og:image:type\" content=\"image\/jpeg\" \/>\n<meta name=\"twitter:card\" content=\"summary_large_image\" \/>\n<meta name=\"twitter:site\" content=\"@ptm\" \/>\n<meta name=\"twitter:label1\" content=\"Tempo estimado de leitura\" \/>\n\t<meta name=\"twitter:data1\" content=\"1 minuto\" \/>\n<script type=\"application\/ld+json\" class=\"yoast-schema-graph\">{\"@context\":\"https:\/\/schema.org\",\"@graph\":[{\"@type\":\"WebPage\",\"@id\":\"https:\/\/ptmsrl.com\/pt-pt\/prodotto\/ptm-management\/\",\"url\":\"https:\/\/ptmsrl.com\/pt-pt\/prodotto\/ptm-management\/\",\"name\":\"PTM Srl | PTM Management\",\"isPartOf\":{\"@id\":\"https:\/\/ptmsrl.com\/#website\"},\"primaryImageOfPage\":{\"@id\":\"https:\/\/ptmsrl.com\/pt-pt\/prodotto\/ptm-management\/#primaryimage\"},\"image\":{\"@id\":\"https:\/\/ptmsrl.com\/pt-pt\/prodotto\/ptm-management\/#primaryimage\"},\"thumbnailUrl\":\"https:\/\/ptmsrl.com\/wp-content\/uploads\/2018\/09\/ptm-management-software-cloud-dedicato-al-precision-feeding.jpg\",\"datePublished\":\"2018-09-07T15:37:22+00:00\",\"dateModified\":\"2022-07-25T09:29:38+00:00\",\"breadcrumb\":{\"@id\":\"https:\/\/ptmsrl.com\/pt-pt\/prodotto\/ptm-management\/#breadcrumb\"},\"inLanguage\":\"pt-PT\",\"potentialAction\":[{\"@type\":\"ReadAction\",\"target\":[\"https:\/\/ptmsrl.com\/pt-pt\/prodotto\/ptm-management\/\"]}]},{\"@type\":\"ImageObject\",\"inLanguage\":\"pt-PT\",\"@id\":\"https:\/\/ptmsrl.com\/pt-pt\/prodotto\/ptm-management\/#primaryimage\",\"url\":\"https:\/\/ptmsrl.com\/wp-content\/uploads\/2018\/09\/ptm-management-software-cloud-dedicato-al-precision-feeding.jpg\",\"contentUrl\":\"https:\/\/ptmsrl.com\/wp-content\/uploads\/2018\/09\/ptm-management-software-cloud-dedicato-al-precision-feeding.jpg\",\"width\":1200,\"height\":1200,\"caption\":\"ptm-management-software-cloud-dedicato-al-precision-feeding\"},{\"@type\":\"BreadcrumbList\",\"@id\":\"https:\/\/ptmsrl.com\/pt-pt\/prodotto\/ptm-management\/#breadcrumb\",\"itemListElement\":[{\"@type\":\"ListItem\",\"position\":1,\"name\":\"Home\",\"item\":\"https:\/\/ptmsrl.com\/pt-pt\/\"},{\"@type\":\"ListItem\",\"position\":2,\"name\":\"Shop\",\"item\":\"https:\/\/ptmsrl.com\/shop\/\"},{\"@type\":\"ListItem\",\"position\":3,\"name\":\"PTM Management\"}]},{\"@type\":\"WebSite\",\"@id\":\"https:\/\/ptmsrl.com\/#website\",\"url\":\"https:\/\/ptmsrl.com\/\",\"name\":\"PTM Srl\",\"description\":\"\u041c\u042b \u041f\u0420\u041e\u0418\u0417\u0412\u041e\u0414\u0418\u041c \u041a\u0410\u0427\u0415\u0421\u0422\u0412\u041e, \u041a\u041e\u0422\u041e\u0420\u041e\u0415 \u0418\u041c\u0415\u0415\u0422 \u041e\u0421\u041e\u0411\u042b\u0419 \u0412\u0415\u0421\",\"publisher\":{\"@id\":\"https:\/\/ptmsrl.com\/#organization\"},\"potentialAction\":[{\"@type\":\"SearchAction\",\"target\":{\"@type\":\"EntryPoint\",\"urlTemplate\":\"https:\/\/ptmsrl.com\/?s={search_term_string}\"},\"query-input\":{\"@type\":\"PropertyValueSpecification\",\"valueRequired\":true,\"valueName\":\"search_term_string\"}}],\"inLanguage\":\"pt-PT\"},{\"@type\":\"Organization\",\"@id\":\"https:\/\/ptmsrl.com\/#organization\",\"name\":\"PTM srl\",\"url\":\"https:\/\/ptmsrl.com\/\",\"logo\":{\"@type\":\"ImageObject\",\"inLanguage\":\"pt-PT\",\"@id\":\"https:\/\/ptmsrl.com\/#\/schema\/logo\/image\/\",\"url\":\"https:\/\/ptmsrl.com\/wp-content\/uploads\/2018\/10\/LOGO-PTM.png\",\"contentUrl\":\"https:\/\/ptmsrl.com\/wp-content\/uploads\/2018\/10\/LOGO-PTM.png\",\"width\":1000,\"height\":500,\"caption\":\"PTM srl\"},\"image\":{\"@id\":\"https:\/\/ptmsrl.com\/#\/schema\/logo\/image\/\"},\"sameAs\":[\"https:\/\/www.facebook.com\/believingintechnology\/\",\"https:\/\/x.com\/ptm\",\"https:\/\/www.linkedin.com\/company\/ptm-s-r-l\/\",\"https:\/\/www.youtube.com\/channel\/UCPSOS0MaR-4jDkAD3HkAC7A\"]}]}<\/script>\n<!-- \/ Yoast SEO plugin. -->","yoast_head_json":{"title":"PTM Srl | PTM Management","robots":{"index":"index","follow":"follow","max-snippet":"max-snippet:-1","max-image-preview":"max-image-preview:large","max-video-preview":"max-video-preview:-1"},"canonical":"https:\/\/ptmsrl.com\/pt-pt\/prodotto\/ptm-management\/","og_locale":"pt_PT","og_type":"article","og_title":"PTM Srl | PTM Management","og_description":"Software na nuvem Software dedicado \u00e0 Alimenta\u00e7\u00e3o Precisa: gerenciamento avan\u00e7ado com programa\u00e7\u00e3o de receitas para a cria\u00e7\u00e3o e alimenta\u00e7\u00e3o animal. Os recursos e aplicativos deste software est\u00e3o disponibilizados em um servidor atrav\u00e9s da rede internet, na plataforma em nuvem, Cloud.   Tela responsiva  Relat\u00f3rios atualizados para facilitar a leitura  Novos gr\u00e1ficos para receitas, simples e intuitivos  DRY: Manejo de mat\u00e9ria seca  IOFC: Receita l\u00edquida de custos de alimentos  API: para software de terceiros  Live Chat para solicitar suporte online diretamente aos nossos t\u00e9cnicos  O Software est\u00e1 dispon\u00edvel nas seguintes vers\u00f5es:   STANDARD Gerenciamento de componentes padr\u00e3o, gerenciamento de receitas, programa\u00e7\u00e3o de centrais e armazenamento de dados.  PROFESSIONAL Gerenciamento avan\u00e7ado de receitas, com c\u00e1lculo adicional de mat\u00e9ria seca, quantidade de estoque, custos e produ\u00e7\u00e3o.  PREMIUM Pacote completo incluindo a vers\u00e3o Standard, Professional al\u00e9m de uma lista de clientes e gerenciamento de suprimentos.","og_url":"https:\/\/ptmsrl.com\/pt-pt\/prodotto\/ptm-management\/","og_site_name":"PTM Srl","article_publisher":"https:\/\/www.facebook.com\/believingintechnology\/","article_modified_time":"2022-07-25T09:29:38+00:00","og_image":[{"width":1200,"height":1200,"url":"https:\/\/ptmsrl.com\/wp-content\/uploads\/2018\/09\/ptm-management-software-cloud-dedicato-al-precision-feeding.jpg","type":"image\/jpeg"}],"twitter_card":"summary_large_image","twitter_site":"@ptm","twitter_misc":{"Tempo estimado de leitura":"1 minuto"},"schema":{"@context":"https:\/\/schema.org","@graph":[{"@type":"WebPage","@id":"https:\/\/ptmsrl.com\/pt-pt\/prodotto\/ptm-management\/","url":"https:\/\/ptmsrl.com\/pt-pt\/prodotto\/ptm-management\/","name":"PTM Srl | PTM Management","isPartOf":{"@id":"https:\/\/ptmsrl.com\/#website"},"primaryImageOfPage":{"@id":"https:\/\/ptmsrl.com\/pt-pt\/prodotto\/ptm-management\/#primaryimage"},"image":{"@id":"https:\/\/ptmsrl.com\/pt-pt\/prodotto\/ptm-management\/#primaryimage"},"thumbnailUrl":"https:\/\/ptmsrl.com\/wp-content\/uploads\/2018\/09\/ptm-management-software-cloud-dedicato-al-precision-feeding.jpg","datePublished":"2018-09-07T15:37:22+00:00","dateModified":"2022-07-25T09:29:38+00:00","breadcrumb":{"@id":"https:\/\/ptmsrl.com\/pt-pt\/prodotto\/ptm-management\/#breadcrumb"},"inLanguage":"pt-PT","potentialAction":[{"@type":"ReadAction","target":["https:\/\/ptmsrl.com\/pt-pt\/prodotto\/ptm-management\/"]}]},{"@type":"ImageObject","inLanguage":"pt-PT","@id":"https:\/\/ptmsrl.com\/pt-pt\/prodotto\/ptm-management\/#primaryimage","url":"https:\/\/ptmsrl.com\/wp-content\/uploads\/2018\/09\/ptm-management-software-cloud-dedicato-al-precision-feeding.jpg","contentUrl":"https:\/\/ptmsrl.com\/wp-content\/uploads\/2018\/09\/ptm-management-software-cloud-dedicato-al-precision-feeding.jpg","width":1200,"height":1200,"caption":"ptm-management-software-cloud-dedicato-al-precision-feeding"},{"@type":"BreadcrumbList","@id":"https:\/\/ptmsrl.com\/pt-pt\/prodotto\/ptm-management\/#breadcrumb","itemListElement":[{"@type":"ListItem","position":1,"name":"Home","item":"https:\/\/ptmsrl.com\/pt-pt\/"},{"@type":"ListItem","position":2,"name":"Shop","item":"https:\/\/ptmsrl.com\/shop\/"},{"@type":"ListItem","position":3,"name":"PTM Management"}]},{"@type":"WebSite","@id":"https:\/\/ptmsrl.com\/#website","url":"https:\/\/ptmsrl.com\/","name":"PTM Srl","description":"\u041c\u042b \u041f\u0420\u041e\u0418\u0417\u0412\u041e\u0414\u0418\u041c \u041a\u0410\u0427\u0415\u0421\u0422\u0412\u041e, \u041a\u041e\u0422\u041e\u0420\u041e\u0415 \u0418\u041c\u0415\u0415\u0422 \u041e\u0421\u041e\u0411\u042b\u0419 \u0412\u0415\u0421","publisher":{"@id":"https:\/\/ptmsrl.com\/#organization"},"potentialAction":[{"@type":"SearchAction","target":{"@type":"EntryPoint","urlTemplate":"https:\/\/ptmsrl.com\/?s={search_term_string}"},"query-input":{"@type":"PropertyValueSpecification","valueRequired":true,"valueName":"search_term_string"}}],"inLanguage":"pt-PT"},{"@type":"Organization","@id":"https:\/\/ptmsrl.com\/#organization","name":"PTM srl","url":"https:\/\/ptmsrl.com\/","logo":{"@type":"ImageObject","inLanguage":"pt-PT","@id":"https:\/\/ptmsrl.com\/#\/schema\/logo\/image\/","url":"https:\/\/ptmsrl.com\/wp-content\/uploads\/2018\/10\/LOGO-PTM.png","contentUrl":"https:\/\/ptmsrl.com\/wp-content\/uploads\/2018\/10\/LOGO-PTM.png","width":1000,"height":500,"caption":"PTM srl"},"image":{"@id":"https:\/\/ptmsrl.com\/#\/schema\/logo\/image\/"},"sameAs":["https:\/\/www.facebook.com\/believingintechnology\/","https:\/\/x.com\/ptm","https:\/\/www.linkedin.com\/company\/ptm-s-r-l\/","https:\/\/www.youtube.com\/channel\/UCPSOS0MaR-4jDkAD3HkAC7A"]}]}},"_links":{"self":[{"href":"https:\/\/ptmsrl.com\/pt-pt\/wp-json\/wp\/v2\/product\/5456","targetHints":{"allow":["GET"]}}],"collection":[{"href":"https:\/\/ptmsrl.com\/pt-pt\/wp-json\/wp\/v2\/product"}],"about":[{"href":"https:\/\/ptmsrl.com\/pt-pt\/wp-json\/wp\/v2\/types\/product"}],"wp:featuredmedia":[{"embeddable":true,"href":"https:\/\/ptmsrl.com\/pt-pt\/wp-json\/wp\/v2\/media\/20595"}],"wp:attachment":[{"href":"https:\/\/ptmsrl.com\/pt-pt\/wp-json\/wp\/v2\/media?parent=5456"}],"wp:term":[{"taxonomy":"product_brand","embeddable":true,"href":"https:\/\/ptmsrl.com\/pt-pt\/wp-json\/wp\/v2\/product_brand?post=5456"},{"taxonomy":"product_cat","embeddable":true,"href":"https:\/\/ptmsrl.com\/pt-pt\/wp-json\/wp\/v2\/product_cat?post=5456"},{"taxonomy":"product_tag","embeddable":true,"href":"https:\/\/ptmsrl.com\/pt-pt\/wp-json\/wp\/v2\/product_tag?post=5456"}],"curies":[{"name":"wp","href":"https:\/\/api.w.org\/{rel}","templated":true}]}}