{"id":6130,"date":"2018-09-11T14:46:47","date_gmt":"2018-09-11T12:46:47","guid":{"rendered":"https:\/\/ptmsrl.com\/prodotto\/sb8-k20m\/"},"modified":"2019-07-29T17:03:02","modified_gmt":"2019-07-29T15:03:02","slug":"sb8-k20m","status":"publish","type":"product","link":"https:\/\/ptmsrl.com\/pt-pt\/prodotto\/sb8-k20m\/","title":{"rendered":"SB8 K20M"},"content":{"rendered":"<ul>\n<li>\u00d3tima qualidade do a\u00e7o inox<\/li>\n<li>Sinal preciso e est\u00e1vel ao longo do tempo<\/li>\n<li>IP67-68<\/li>\n<li>Produto personaliz\u00e1vel<\/li>\n<li>Conector com contatos dourados<\/li>\n<li>Possibilidade de prato soldado contra as infiltra\u00e7\u00f5es<\/li>\n<\/ul>\n","protected":false},"excerpt":{"rendered":"<h3><strong>C\u00e9lula de carga em a\u00e7o com capacidade de 20.000 kg<\/strong><\/h3>\n<p>A\u00e7o \/ a\u00e7o inoxid\u00e1vel<\/p>\n","protected":false},"featured_media":18579,"template":"","meta":{"inline_featured_image":false},"product_brand":[],"product_cat":[289],"product_tag":[],"class_list":{"0":"post-6130","1":"product","2":"type-product","3":"status-publish","4":"has-post-thumbnail","6":"product_cat-celulas-de-dupla-flexao","8":"first","9":"instock","10":"downloadable","11":"shipping-taxable","12":"product-type-simple"},"yoast_head":"<!-- This site is optimized with the Yoast SEO plugin v25.3 - https:\/\/yoast.com\/wordpress\/plugins\/seo\/ -->\n<title>PTM Srl | SB8 K20M<\/title>\n<meta name=\"robots\" content=\"index, follow, max-snippet:-1, max-image-preview:large, max-video-preview:-1\" \/>\n<link rel=\"canonical\" href=\"https:\/\/ptmsrl.com\/pt-pt\/prodotto\/sb8-k20m\/\" \/>\n<meta property=\"og:locale\" content=\"pt_PT\" \/>\n<meta property=\"og:type\" content=\"article\" \/>\n<meta property=\"og:title\" content=\"PTM Srl | SB8 K20M\" \/>\n<meta property=\"og:description\" content=\"C\u00e9lula de carga em a\u00e7o com capacidade de 20.000 kg A\u00e7o \/ a\u00e7o inoxid\u00e1vel\" \/>\n<meta property=\"og:url\" content=\"https:\/\/ptmsrl.com\/pt-pt\/prodotto\/sb8-k20m\/\" \/>\n<meta property=\"og:site_name\" content=\"PTM Srl\" \/>\n<meta property=\"article:publisher\" content=\"https:\/\/www.facebook.com\/believingintechnology\/\" \/>\n<meta property=\"article:modified_time\" content=\"2019-07-29T15:03:02+00:00\" \/>\n<meta property=\"og:image\" content=\"https:\/\/ptmsrl.com\/wp-content\/uploads\/2018\/09\/ptm-celle-al-taglio-sb8-k20m.jpg\" \/>\n\t<meta property=\"og:image:width\" content=\"1024\" \/>\n\t<meta property=\"og:image:height\" content=\"1024\" \/>\n\t<meta property=\"og:image:type\" content=\"image\/jpeg\" \/>\n<meta name=\"twitter:card\" content=\"summary_large_image\" \/>\n<meta name=\"twitter:site\" content=\"@ptm\" \/>\n<script type=\"application\/ld+json\" class=\"yoast-schema-graph\">{\"@context\":\"https:\/\/schema.org\",\"@graph\":[{\"@type\":\"WebPage\",\"@id\":\"https:\/\/ptmsrl.com\/pt-pt\/prodotto\/sb8-k20m\/\",\"url\":\"https:\/\/ptmsrl.com\/pt-pt\/prodotto\/sb8-k20m\/\",\"name\":\"PTM Srl | SB8 K20M\",\"isPartOf\":{\"@id\":\"https:\/\/ptmsrl.com\/#website\"},\"primaryImageOfPage\":{\"@id\":\"https:\/\/ptmsrl.com\/pt-pt\/prodotto\/sb8-k20m\/#primaryimage\"},\"image\":{\"@id\":\"https:\/\/ptmsrl.com\/pt-pt\/prodotto\/sb8-k20m\/#primaryimage\"},\"thumbnailUrl\":\"https:\/\/ptmsrl.com\/wp-content\/uploads\/2018\/09\/ptm-celle-al-taglio-sb8-k20m.jpg\",\"datePublished\":\"2018-09-11T12:46:47+00:00\",\"dateModified\":\"2019-07-29T15:03:02+00:00\",\"breadcrumb\":{\"@id\":\"https:\/\/ptmsrl.com\/pt-pt\/prodotto\/sb8-k20m\/#breadcrumb\"},\"inLanguage\":\"pt-PT\",\"potentialAction\":[{\"@type\":\"ReadAction\",\"target\":[\"https:\/\/ptmsrl.com\/pt-pt\/prodotto\/sb8-k20m\/\"]}]},{\"@type\":\"ImageObject\",\"inLanguage\":\"pt-PT\",\"@id\":\"https:\/\/ptmsrl.com\/pt-pt\/prodotto\/sb8-k20m\/#primaryimage\",\"url\":\"https:\/\/ptmsrl.com\/wp-content\/uploads\/2018\/09\/ptm-celle-al-taglio-sb8-k20m.jpg\",\"contentUrl\":\"https:\/\/ptmsrl.com\/wp-content\/uploads\/2018\/09\/ptm-celle-al-taglio-sb8-k20m.jpg\",\"width\":1024,\"height\":1024,\"caption\":\"ptm-celle-al-taglio-sb8-k20m\"},{\"@type\":\"BreadcrumbList\",\"@id\":\"https:\/\/ptmsrl.com\/pt-pt\/prodotto\/sb8-k20m\/#breadcrumb\",\"itemListElement\":[{\"@type\":\"ListItem\",\"position\":1,\"name\":\"Home\",\"item\":\"https:\/\/ptmsrl.com\/pt-pt\/\"},{\"@type\":\"ListItem\",\"position\":2,\"name\":\"Shop\",\"item\":\"https:\/\/ptmsrl.com\/shop\/\"},{\"@type\":\"ListItem\",\"position\":3,\"name\":\"SB8 K20M\"}]},{\"@type\":\"WebSite\",\"@id\":\"https:\/\/ptmsrl.com\/#website\",\"url\":\"https:\/\/ptmsrl.com\/\",\"name\":\"PTM Srl\",\"description\":\"\u041c\u042b \u041f\u0420\u041e\u0418\u0417\u0412\u041e\u0414\u0418\u041c \u041a\u0410\u0427\u0415\u0421\u0422\u0412\u041e, \u041a\u041e\u0422\u041e\u0420\u041e\u0415 \u0418\u041c\u0415\u0415\u0422 \u041e\u0421\u041e\u0411\u042b\u0419 \u0412\u0415\u0421\",\"publisher\":{\"@id\":\"https:\/\/ptmsrl.com\/#organization\"},\"potentialAction\":[{\"@type\":\"SearchAction\",\"target\":{\"@type\":\"EntryPoint\",\"urlTemplate\":\"https:\/\/ptmsrl.com\/?s={search_term_string}\"},\"query-input\":{\"@type\":\"PropertyValueSpecification\",\"valueRequired\":true,\"valueName\":\"search_term_string\"}}],\"inLanguage\":\"pt-PT\"},{\"@type\":\"Organization\",\"@id\":\"https:\/\/ptmsrl.com\/#organization\",\"name\":\"PTM srl\",\"url\":\"https:\/\/ptmsrl.com\/\",\"logo\":{\"@type\":\"ImageObject\",\"inLanguage\":\"pt-PT\",\"@id\":\"https:\/\/ptmsrl.com\/#\/schema\/logo\/image\/\",\"url\":\"https:\/\/ptmsrl.com\/wp-content\/uploads\/2018\/10\/LOGO-PTM.png\",\"contentUrl\":\"https:\/\/ptmsrl.com\/wp-content\/uploads\/2018\/10\/LOGO-PTM.png\",\"width\":1000,\"height\":500,\"caption\":\"PTM srl\"},\"image\":{\"@id\":\"https:\/\/ptmsrl.com\/#\/schema\/logo\/image\/\"},\"sameAs\":[\"https:\/\/www.facebook.com\/believingintechnology\/\",\"https:\/\/x.com\/ptm\",\"https:\/\/www.linkedin.com\/company\/ptm-s-r-l\/\",\"https:\/\/www.youtube.com\/channel\/UCPSOS0MaR-4jDkAD3HkAC7A\"]}]}<\/script>\n<!-- \/ Yoast SEO plugin. -->","yoast_head_json":{"title":"PTM Srl | SB8 K20M","robots":{"index":"index","follow":"follow","max-snippet":"max-snippet:-1","max-image-preview":"max-image-preview:large","max-video-preview":"max-video-preview:-1"},"canonical":"https:\/\/ptmsrl.com\/pt-pt\/prodotto\/sb8-k20m\/","og_locale":"pt_PT","og_type":"article","og_title":"PTM Srl | SB8 K20M","og_description":"C\u00e9lula de carga em a\u00e7o com capacidade de 20.000 kg A\u00e7o \/ a\u00e7o inoxid\u00e1vel","og_url":"https:\/\/ptmsrl.com\/pt-pt\/prodotto\/sb8-k20m\/","og_site_name":"PTM Srl","article_publisher":"https:\/\/www.facebook.com\/believingintechnology\/","article_modified_time":"2019-07-29T15:03:02+00:00","og_image":[{"width":1024,"height":1024,"url":"https:\/\/ptmsrl.com\/wp-content\/uploads\/2018\/09\/ptm-celle-al-taglio-sb8-k20m.jpg","type":"image\/jpeg"}],"twitter_card":"summary_large_image","twitter_site":"@ptm","schema":{"@context":"https:\/\/schema.org","@graph":[{"@type":"WebPage","@id":"https:\/\/ptmsrl.com\/pt-pt\/prodotto\/sb8-k20m\/","url":"https:\/\/ptmsrl.com\/pt-pt\/prodotto\/sb8-k20m\/","name":"PTM Srl | SB8 K20M","isPartOf":{"@id":"https:\/\/ptmsrl.com\/#website"},"primaryImageOfPage":{"@id":"https:\/\/ptmsrl.com\/pt-pt\/prodotto\/sb8-k20m\/#primaryimage"},"image":{"@id":"https:\/\/ptmsrl.com\/pt-pt\/prodotto\/sb8-k20m\/#primaryimage"},"thumbnailUrl":"https:\/\/ptmsrl.com\/wp-content\/uploads\/2018\/09\/ptm-celle-al-taglio-sb8-k20m.jpg","datePublished":"2018-09-11T12:46:47+00:00","dateModified":"2019-07-29T15:03:02+00:00","breadcrumb":{"@id":"https:\/\/ptmsrl.com\/pt-pt\/prodotto\/sb8-k20m\/#breadcrumb"},"inLanguage":"pt-PT","potentialAction":[{"@type":"ReadAction","target":["https:\/\/ptmsrl.com\/pt-pt\/prodotto\/sb8-k20m\/"]}]},{"@type":"ImageObject","inLanguage":"pt-PT","@id":"https:\/\/ptmsrl.com\/pt-pt\/prodotto\/sb8-k20m\/#primaryimage","url":"https:\/\/ptmsrl.com\/wp-content\/uploads\/2018\/09\/ptm-celle-al-taglio-sb8-k20m.jpg","contentUrl":"https:\/\/ptmsrl.com\/wp-content\/uploads\/2018\/09\/ptm-celle-al-taglio-sb8-k20m.jpg","width":1024,"height":1024,"caption":"ptm-celle-al-taglio-sb8-k20m"},{"@type":"BreadcrumbList","@id":"https:\/\/ptmsrl.com\/pt-pt\/prodotto\/sb8-k20m\/#breadcrumb","itemListElement":[{"@type":"ListItem","position":1,"name":"Home","item":"https:\/\/ptmsrl.com\/pt-pt\/"},{"@type":"ListItem","position":2,"name":"Shop","item":"https:\/\/ptmsrl.com\/shop\/"},{"@type":"ListItem","position":3,"name":"SB8 K20M"}]},{"@type":"WebSite","@id":"https:\/\/ptmsrl.com\/#website","url":"https:\/\/ptmsrl.com\/","name":"PTM Srl","description":"\u041c\u042b \u041f\u0420\u041e\u0418\u0417\u0412\u041e\u0414\u0418\u041c \u041a\u0410\u0427\u0415\u0421\u0422\u0412\u041e, \u041a\u041e\u0422\u041e\u0420\u041e\u0415 \u0418\u041c\u0415\u0415\u0422 \u041e\u0421\u041e\u0411\u042b\u0419 \u0412\u0415\u0421","publisher":{"@id":"https:\/\/ptmsrl.com\/#organization"},"potentialAction":[{"@type":"SearchAction","target":{"@type":"EntryPoint","urlTemplate":"https:\/\/ptmsrl.com\/?s={search_term_string}"},"query-input":{"@type":"PropertyValueSpecification","valueRequired":true,"valueName":"search_term_string"}}],"inLanguage":"pt-PT"},{"@type":"Organization","@id":"https:\/\/ptmsrl.com\/#organization","name":"PTM srl","url":"https:\/\/ptmsrl.com\/","logo":{"@type":"ImageObject","inLanguage":"pt-PT","@id":"https:\/\/ptmsrl.com\/#\/schema\/logo\/image\/","url":"https:\/\/ptmsrl.com\/wp-content\/uploads\/2018\/10\/LOGO-PTM.png","contentUrl":"https:\/\/ptmsrl.com\/wp-content\/uploads\/2018\/10\/LOGO-PTM.png","width":1000,"height":500,"caption":"PTM srl"},"image":{"@id":"https:\/\/ptmsrl.com\/#\/schema\/logo\/image\/"},"sameAs":["https:\/\/www.facebook.com\/believingintechnology\/","https:\/\/x.com\/ptm","https:\/\/www.linkedin.com\/company\/ptm-s-r-l\/","https:\/\/www.youtube.com\/channel\/UCPSOS0MaR-4jDkAD3HkAC7A"]}]}},"_links":{"self":[{"href":"https:\/\/ptmsrl.com\/pt-pt\/wp-json\/wp\/v2\/product\/6130","targetHints":{"allow":["GET"]}}],"collection":[{"href":"https:\/\/ptmsrl.com\/pt-pt\/wp-json\/wp\/v2\/product"}],"about":[{"href":"https:\/\/ptmsrl.com\/pt-pt\/wp-json\/wp\/v2\/types\/product"}],"wp:featuredmedia":[{"embeddable":true,"href":"https:\/\/ptmsrl.com\/pt-pt\/wp-json\/wp\/v2\/media\/18579"}],"wp:attachment":[{"href":"https:\/\/ptmsrl.com\/pt-pt\/wp-json\/wp\/v2\/media?parent=6130"}],"wp:term":[{"taxonomy":"product_brand","embeddable":true,"href":"https:\/\/ptmsrl.com\/pt-pt\/wp-json\/wp\/v2\/product_brand?post=6130"},{"taxonomy":"product_cat","embeddable":true,"href":"https:\/\/ptmsrl.com\/pt-pt\/wp-json\/wp\/v2\/product_cat?post=6130"},{"taxonomy":"product_tag","embeddable":true,"href":"https:\/\/ptmsrl.com\/pt-pt\/wp-json\/wp\/v2\/product_tag?post=6130"}],"curies":[{"name":"wp","href":"https:\/\/api.w.org\/{rel}","templated":true}]}}